{"id":756,"date":"2023-02-14T11:24:31","date_gmt":"2023-02-14T10:24:31","guid":{"rendered":"https:\/\/www.kontinenzzentrum.ch\/?page_id=756"},"modified":"2023-02-14T11:24:31","modified_gmt":"2023-02-14T10:24:31","slug":"urethradruckprofil","status":"publish","type":"page","link":"https:\/\/www.kontinenzzentrum.ch\/de\/fachpersonen\/urodynamische-techniken\/urethradruckprofil.html","title":{"rendered":"Urethradruckprofil"},"content":{"rendered":"<div id=\"pl-756\"  class=\"panel-layout\" ><div id=\"pg-756-0\"  class=\"panel-grid panel-no-style\" ><div id=\"pgc-756-0-0\"  class=\"panel-grid-cell\" ><div id=\"panel-756-0-0-0\" class=\"so-panel widget widget_sow-editor panel-first-child panel-last-child\" data-index=\"0\" ><div\n\t\t\t\n\t\t\tclass=\"so-widget-sow-editor so-widget-sow-editor-base\"\n\t\t\t\n\t\t>\n<div class=\"siteorigin-widget-tinymce textwidget\">\n\t<h1>Urethradruckprofil<\/h1>\n<h2>Urodynamische Beurteilung des Verschlussapparates der Harnblase<\/h2>\n<p>Als eine m\u00f6gliche\u00a0<a title=\"Inkontinenz - Ursachen, Formen, Diagnose und Therapie\" href=\"https:\/\/www.kontinenzzentrum.ch\/de\/kompetenzen\/inkontinenz.html\">Ursache f\u00fcr eine Urininkontinenz<\/a>\u00a0gilt die in ihrer Verschlussfunktion beeintr\u00e4chtigte Urethra. Mit einer Urethradruckprofilmessung kann die Verschlussfunktion der Harnr\u00f6hre urodynamisch bestimmt werden. Messparameter sind die funktionelle Harnr\u00f6hrenl\u00e4nge, der maximale Harnr\u00f6hrenverschlussdruck und die Drucktransmission. Die Messung mit Fl\u00fcssigkeit perfundierten Kathetern gilt aktuell als Methode der Wahl. Zur Reduzierung der Bewegungsarktefakte ist eine liegende Position des Patienten bei der Untersuchung zu empfehlen. Das Urethradruckprofil soll bei einer Blasenf\u00fcllung von ca. einem Drittel der Blasenkapazit\u00e4t durchgef\u00fchrt werden.<\/p>\n<p>Aus dem Ruheprofil lassen sich die funktionelle Harnr\u00f6hrenl\u00e4nge und der maximale Harnr\u00f6hrenverschlussdruck in Ruhe bestimmen. Die funktionelle Harnr\u00f6hrenlange entspricht dem Abschnitt der Harnr\u00f6hre, in dem der intraurethrale Ruhedruck \u00fcber dem intravesikalen Ruhedruck liegt. Als unterer Normwert der funktionellen Harnr\u00f6hrenlange gilt bei der Frau ein Wert von 25 mm. Der maximale Urethraverschlussdruck ist altersabh\u00e4ngig. Als Faustregel kann eine Normwertberechnung wie folgt gelten: Bei Frauen bis zum 50. Lebensjahr: 50 cm H<sub>\u00b2<\/sub>O, \u00fcber 50 Jahre: 100 minus Alter (in Jahren) cm H<sub>\u00b2<\/sub>O.<\/p>\n<p>Im durch regelm\u00e4\u00dfige Hustenst\u00f6\u00dfe ausgel\u00f6sten Stressprofil (Belastungsprofil) kann graphisch abgesch\u00e4tzt werden, in welchem Ausma\u00df sich eine extrinsische Druckerh\u00f6hung auf die Urethra \u00fcbertr\u00e4gt. Kann unter Belastung (Hustenst\u00f6\u00dfe) ein positiver Verschlussdruck aufrechterhalten werden, ist der Stresstest negativ. Ist unter Stressbedingungen kein positiver Verschlussdruck \u00fcber die gesamte funktionelle Harnr\u00f6hrenlange nachweisbar, gilt dieser Befund als Hinweis f\u00fcr eine in ihrer Verschlussfunktion inkompetente Harnr\u00f6hre.<\/p>\n<\/div>\n<\/div><\/div><\/div><\/div><\/div>","protected":false},"excerpt":{"rendered":"<p>Urethradruckprofil Urodynamische Beurteilung des Verschlussapparates der Harnblase Als eine m\u00f6gliche\u00a0Ursache f\u00fcr eine Urininkontinenz\u00a0gilt die in ihrer Verschlussfunktion beeintr\u00e4chtigte Urethra. Mit einer Urethradruckprofilmessung kann die Verschlussfunktion der Harnr\u00f6hre urodynamisch bestimmt werden. Messparameter sind die funktionelle Harnr\u00f6hrenl\u00e4nge, der maximale Harnr\u00f6hrenverschlussdruck und die Drucktransmission. Die Messung mit Fl\u00fcssigkeit perfundierten Kathetern gilt aktuell als Methode der Wahl. Zur Reduzierung [&hellip;]<\/p>\n","protected":false},"author":1,"featured_media":722,"parent":720,"menu_order":0,"comment_status":"closed","ping_status":"closed","template":"","meta":{"_acf_changed":false,"footnotes":""},"class_list":["post-756","page","type-page","status-publish","has-post-thumbnail","hentry"],"acf":[],"yoast_head":"<!-- This site is optimized with the Yoast SEO plugin v26.9 - https:\/\/yoast.com\/product\/yoast-seo-wordpress\/ -->\n<title>Urethradruckprofil<\/title>\n<meta name=\"robots\" content=\"index, follow, max-snippet:-1, max-image-preview:large, max-video-preview:-1\" \/>\n<link rel=\"canonical\" href=\"https:\/\/www.kontinenzzentrum.ch\/de\/fachpersonen\/urodynamische-techniken\/urethradruckprofil.html\" \/>\n<meta property=\"og:locale\" content=\"de_DE\" \/>\n<meta property=\"og:type\" content=\"article\" \/>\n<meta property=\"og:title\" content=\"Urethradruckprofil\" \/>\n<meta property=\"og:description\" content=\"Urethradruckprofil Urodynamische Beurteilung des Verschlussapparates der Harnblase Als eine m\u00f6gliche\u00a0Ursache f\u00fcr eine Urininkontinenz\u00a0gilt die in ihrer Verschlussfunktion beeintr\u00e4chtigte Urethra. Mit einer Urethradruckprofilmessung kann die Verschlussfunktion der Harnr\u00f6hre urodynamisch bestimmt werden. Messparameter sind die funktionelle Harnr\u00f6hrenl\u00e4nge, der maximale Harnr\u00f6hrenverschlussdruck und die Drucktransmission. Die Messung mit Fl\u00fcssigkeit perfundierten Kathetern gilt aktuell als Methode der Wahl. Zur Reduzierung [&hellip;]\" \/>\n<meta property=\"og:url\" content=\"https:\/\/www.kontinenzzentrum.ch\/de\/fachpersonen\/urodynamische-techniken\/urethradruckprofil.html\" \/>\n<meta property=\"og:site_name\" content=\"KontinenzZentrum\" \/>\n<meta property=\"og:image\" content=\"https:\/\/www.kontinenzzentrum.ch\/wp-content\/uploads\/fachpersonen-untersuchungsverfahren-urodynamische-213030.jpeg\" \/>\n\t<meta property=\"og:image:width\" content=\"1920\" \/>\n\t<meta property=\"og:image:height\" content=\"450\" \/>\n\t<meta property=\"og:image:type\" content=\"image\/jpeg\" \/>\n<meta name=\"twitter:card\" content=\"summary_large_image\" \/>\n<script type=\"application\/ld+json\" class=\"yoast-schema-graph\">{\"@context\":\"https:\/\/schema.org\",\"@graph\":[{\"@type\":\"WebPage\",\"@id\":\"https:\/\/www.kontinenzzentrum.ch\/de\/fachpersonen\/urodynamische-techniken\/urethradruckprofil.html\",\"url\":\"https:\/\/www.kontinenzzentrum.ch\/de\/fachpersonen\/urodynamische-techniken\/urethradruckprofil.html\",\"name\":\"Urethradruckprofil\",\"isPartOf\":{\"@id\":\"https:\/\/www.kontinenzzentrum.ch\/de\/#website\"},\"primaryImageOfPage\":{\"@id\":\"https:\/\/www.kontinenzzentrum.ch\/de\/fachpersonen\/urodynamische-techniken\/urethradruckprofil.html#primaryimage\"},\"image\":{\"@id\":\"https:\/\/www.kontinenzzentrum.ch\/de\/fachpersonen\/urodynamische-techniken\/urethradruckprofil.html#primaryimage\"},\"thumbnailUrl\":\"https:\/\/www.kontinenzzentrum.ch\/wp-content\/uploads\/fachpersonen-untersuchungsverfahren-urodynamische-213030.jpeg\",\"datePublished\":\"2023-02-14T10:24:31+00:00\",\"breadcrumb\":{\"@id\":\"https:\/\/www.kontinenzzentrum.ch\/de\/fachpersonen\/urodynamische-techniken\/urethradruckprofil.html#breadcrumb\"},\"inLanguage\":\"de\",\"potentialAction\":[{\"@type\":\"ReadAction\",\"target\":[\"https:\/\/www.kontinenzzentrum.ch\/de\/fachpersonen\/urodynamische-techniken\/urethradruckprofil.html\"]}]},{\"@type\":\"ImageObject\",\"inLanguage\":\"de\",\"@id\":\"https:\/\/www.kontinenzzentrum.ch\/de\/fachpersonen\/urodynamische-techniken\/urethradruckprofil.html#primaryimage\",\"url\":\"https:\/\/www.kontinenzzentrum.ch\/wp-content\/uploads\/fachpersonen-untersuchungsverfahren-urodynamische-213030.jpeg\",\"contentUrl\":\"https:\/\/www.kontinenzzentrum.ch\/wp-content\/uploads\/fachpersonen-untersuchungsverfahren-urodynamische-213030.jpeg\",\"width\":1920,\"height\":450},{\"@type\":\"BreadcrumbList\",\"@id\":\"https:\/\/www.kontinenzzentrum.ch\/de\/fachpersonen\/urodynamische-techniken\/urethradruckprofil.html#breadcrumb\",\"itemListElement\":[{\"@type\":\"ListItem\",\"position\":1,\"name\":\"Startseite\",\"item\":\"https:\/\/www.kontinenzzentrum.ch\/de\"},{\"@type\":\"ListItem\",\"position\":2,\"name\":\"Fachpersonen\",\"item\":\"https:\/\/www.kontinenzzentrum.ch\/de\/fachpersonen.html\"},{\"@type\":\"ListItem\",\"position\":3,\"name\":\"Urodynamische Techniken\",\"item\":\"https:\/\/www.kontinenzzentrum.ch\/de\/fachpersonen\/urodynamische-techniken.html\"},{\"@type\":\"ListItem\",\"position\":4,\"name\":\"Urethradruckprofil\"}]},{\"@type\":\"WebSite\",\"@id\":\"https:\/\/www.kontinenzzentrum.ch\/de\/#website\",\"url\":\"https:\/\/www.kontinenzzentrum.ch\/de\/\",\"name\":\"KontinenzZentrum Hirslanden Z\u00fcrich\",\"description\":\"KontinenzZentrum Hirslanden Z\u00fcrich: Blasenst\u00f6rungen & Inkontinenz\",\"publisher\":{\"@id\":\"https:\/\/www.kontinenzzentrum.ch\/de\/#organization\"},\"potentialAction\":[{\"@type\":\"SearchAction\",\"target\":{\"@type\":\"EntryPoint\",\"urlTemplate\":\"https:\/\/www.kontinenzzentrum.ch\/de\/?s={search_term_string}\"},\"query-input\":{\"@type\":\"PropertyValueSpecification\",\"valueRequired\":true,\"valueName\":\"search_term_string\"}}],\"inLanguage\":\"de\"},{\"@type\":\"Organization\",\"@id\":\"https:\/\/www.kontinenzzentrum.ch\/de\/#organization\",\"name\":\"KontinenzZentrum Hirslanden Z\u00fcrich\",\"url\":\"https:\/\/www.kontinenzzentrum.ch\/de\/\",\"logo\":{\"@type\":\"ImageObject\",\"inLanguage\":\"de\",\"@id\":\"https:\/\/www.kontinenzzentrum.ch\/de\/#\/schema\/logo\/image\/\",\"url\":\"https:\/\/www.kontinenzzentrum.ch\/wp-content\/uploads\/Logo_KontinenzZentrum.png\",\"contentUrl\":\"https:\/\/www.kontinenzzentrum.ch\/wp-content\/uploads\/Logo_KontinenzZentrum.png\",\"width\":800,\"height\":142,\"caption\":\"KontinenzZentrum Hirslanden Z\u00fcrich\"},\"image\":{\"@id\":\"https:\/\/www.kontinenzzentrum.ch\/de\/#\/schema\/logo\/image\/\"}}]}<\/script>\n<!-- \/ Yoast SEO plugin. -->","yoast_head_json":{"title":"Urethradruckprofil","robots":{"index":"index","follow":"follow","max-snippet":"max-snippet:-1","max-image-preview":"max-image-preview:large","max-video-preview":"max-video-preview:-1"},"canonical":"https:\/\/www.kontinenzzentrum.ch\/de\/fachpersonen\/urodynamische-techniken\/urethradruckprofil.html","og_locale":"de_DE","og_type":"article","og_title":"Urethradruckprofil","og_description":"Urethradruckprofil Urodynamische Beurteilung des Verschlussapparates der Harnblase Als eine m\u00f6gliche\u00a0Ursache f\u00fcr eine Urininkontinenz\u00a0gilt die in ihrer Verschlussfunktion beeintr\u00e4chtigte Urethra. Mit einer Urethradruckprofilmessung kann die Verschlussfunktion der Harnr\u00f6hre urodynamisch bestimmt werden. Messparameter sind die funktionelle Harnr\u00f6hrenl\u00e4nge, der maximale Harnr\u00f6hrenverschlussdruck und die Drucktransmission. Die Messung mit Fl\u00fcssigkeit perfundierten Kathetern gilt aktuell als Methode der Wahl. Zur Reduzierung [&hellip;]","og_url":"https:\/\/www.kontinenzzentrum.ch\/de\/fachpersonen\/urodynamische-techniken\/urethradruckprofil.html","og_site_name":"KontinenzZentrum","og_image":[{"width":1920,"height":450,"url":"https:\/\/www.kontinenzzentrum.ch\/wp-content\/uploads\/fachpersonen-untersuchungsverfahren-urodynamische-213030.jpeg","type":"image\/jpeg"}],"twitter_card":"summary_large_image","schema":{"@context":"https:\/\/schema.org","@graph":[{"@type":"WebPage","@id":"https:\/\/www.kontinenzzentrum.ch\/de\/fachpersonen\/urodynamische-techniken\/urethradruckprofil.html","url":"https:\/\/www.kontinenzzentrum.ch\/de\/fachpersonen\/urodynamische-techniken\/urethradruckprofil.html","name":"Urethradruckprofil","isPartOf":{"@id":"https:\/\/www.kontinenzzentrum.ch\/de\/#website"},"primaryImageOfPage":{"@id":"https:\/\/www.kontinenzzentrum.ch\/de\/fachpersonen\/urodynamische-techniken\/urethradruckprofil.html#primaryimage"},"image":{"@id":"https:\/\/www.kontinenzzentrum.ch\/de\/fachpersonen\/urodynamische-techniken\/urethradruckprofil.html#primaryimage"},"thumbnailUrl":"https:\/\/www.kontinenzzentrum.ch\/wp-content\/uploads\/fachpersonen-untersuchungsverfahren-urodynamische-213030.jpeg","datePublished":"2023-02-14T10:24:31+00:00","breadcrumb":{"@id":"https:\/\/www.kontinenzzentrum.ch\/de\/fachpersonen\/urodynamische-techniken\/urethradruckprofil.html#breadcrumb"},"inLanguage":"de","potentialAction":[{"@type":"ReadAction","target":["https:\/\/www.kontinenzzentrum.ch\/de\/fachpersonen\/urodynamische-techniken\/urethradruckprofil.html"]}]},{"@type":"ImageObject","inLanguage":"de","@id":"https:\/\/www.kontinenzzentrum.ch\/de\/fachpersonen\/urodynamische-techniken\/urethradruckprofil.html#primaryimage","url":"https:\/\/www.kontinenzzentrum.ch\/wp-content\/uploads\/fachpersonen-untersuchungsverfahren-urodynamische-213030.jpeg","contentUrl":"https:\/\/www.kontinenzzentrum.ch\/wp-content\/uploads\/fachpersonen-untersuchungsverfahren-urodynamische-213030.jpeg","width":1920,"height":450},{"@type":"BreadcrumbList","@id":"https:\/\/www.kontinenzzentrum.ch\/de\/fachpersonen\/urodynamische-techniken\/urethradruckprofil.html#breadcrumb","itemListElement":[{"@type":"ListItem","position":1,"name":"Startseite","item":"https:\/\/www.kontinenzzentrum.ch\/de"},{"@type":"ListItem","position":2,"name":"Fachpersonen","item":"https:\/\/www.kontinenzzentrum.ch\/de\/fachpersonen.html"},{"@type":"ListItem","position":3,"name":"Urodynamische Techniken","item":"https:\/\/www.kontinenzzentrum.ch\/de\/fachpersonen\/urodynamische-techniken.html"},{"@type":"ListItem","position":4,"name":"Urethradruckprofil"}]},{"@type":"WebSite","@id":"https:\/\/www.kontinenzzentrum.ch\/de\/#website","url":"https:\/\/www.kontinenzzentrum.ch\/de\/","name":"KontinenzZentrum Hirslanden Z\u00fcrich","description":"KontinenzZentrum Hirslanden Z\u00fcrich: Blasenst\u00f6rungen & Inkontinenz","publisher":{"@id":"https:\/\/www.kontinenzzentrum.ch\/de\/#organization"},"potentialAction":[{"@type":"SearchAction","target":{"@type":"EntryPoint","urlTemplate":"https:\/\/www.kontinenzzentrum.ch\/de\/?s={search_term_string}"},"query-input":{"@type":"PropertyValueSpecification","valueRequired":true,"valueName":"search_term_string"}}],"inLanguage":"de"},{"@type":"Organization","@id":"https:\/\/www.kontinenzzentrum.ch\/de\/#organization","name":"KontinenzZentrum Hirslanden Z\u00fcrich","url":"https:\/\/www.kontinenzzentrum.ch\/de\/","logo":{"@type":"ImageObject","inLanguage":"de","@id":"https:\/\/www.kontinenzzentrum.ch\/de\/#\/schema\/logo\/image\/","url":"https:\/\/www.kontinenzzentrum.ch\/wp-content\/uploads\/Logo_KontinenzZentrum.png","contentUrl":"https:\/\/www.kontinenzzentrum.ch\/wp-content\/uploads\/Logo_KontinenzZentrum.png","width":800,"height":142,"caption":"KontinenzZentrum Hirslanden Z\u00fcrich"},"image":{"@id":"https:\/\/www.kontinenzzentrum.ch\/de\/#\/schema\/logo\/image\/"}}]}},"_links":{"self":[{"href":"https:\/\/www.kontinenzzentrum.ch\/de\/wp-json\/wp\/v2\/pages\/756","targetHints":{"allow":["GET"]}}],"collection":[{"href":"https:\/\/www.kontinenzzentrum.ch\/de\/wp-json\/wp\/v2\/pages"}],"about":[{"href":"https:\/\/www.kontinenzzentrum.ch\/de\/wp-json\/wp\/v2\/types\/page"}],"author":[{"embeddable":true,"href":"https:\/\/www.kontinenzzentrum.ch\/de\/wp-json\/wp\/v2\/users\/1"}],"replies":[{"embeddable":true,"href":"https:\/\/www.kontinenzzentrum.ch\/de\/wp-json\/wp\/v2\/comments?post=756"}],"version-history":[{"count":2,"href":"https:\/\/www.kontinenzzentrum.ch\/de\/wp-json\/wp\/v2\/pages\/756\/revisions"}],"predecessor-version":[{"id":758,"href":"https:\/\/www.kontinenzzentrum.ch\/de\/wp-json\/wp\/v2\/pages\/756\/revisions\/758"}],"up":[{"embeddable":true,"href":"https:\/\/www.kontinenzzentrum.ch\/de\/wp-json\/wp\/v2\/pages\/720"}],"wp:featuredmedia":[{"embeddable":true,"href":"https:\/\/www.kontinenzzentrum.ch\/de\/wp-json\/wp\/v2\/media\/722"}],"wp:attachment":[{"href":"https:\/\/www.kontinenzzentrum.ch\/de\/wp-json\/wp\/v2\/media?parent=756"}],"curies":[{"name":"wp","href":"https:\/\/api.w.org\/{rel}","templated":true}]}}