{"id":759,"date":"2023-02-14T11:28:44","date_gmt":"2023-02-14T10:28:44","guid":{"rendered":"https:\/\/www.kontinenzzentrum.ch\/?page_id=759"},"modified":"2023-04-27T13:52:52","modified_gmt":"2023-04-27T11:52:52","slug":"druck-fluss-messung","status":"publish","type":"page","link":"https:\/\/www.kontinenzzentrum.ch\/de\/fachpersonen\/urodynamische-techniken\/druck-fluss-messung.html","title":{"rendered":"Druck-Fluss-Messung"},"content":{"rendered":"<div id=\"pl-759\"  class=\"panel-layout\" ><div id=\"pg-759-0\"  class=\"panel-grid panel-no-style\" ><div id=\"pgc-759-0-0\"  class=\"panel-grid-cell\" ><div id=\"panel-759-0-0-0\" class=\"so-panel widget widget_sow-editor panel-first-child panel-last-child\" data-index=\"0\" ><div\n\t\t\t\n\t\t\tclass=\"so-widget-sow-editor so-widget-sow-editor-base\"\n\t\t\t\n\t\t>\n<div class=\"siteorigin-widget-tinymce textwidget\">\n\t<h1>Druck-Fluss-Messung<\/h1>\n<h2>Urodynamische Beurteilung der Blasenentleerung<\/h2>\n<p class=\"SpStandard\">Bei der Druckflussmessung werden simultan der Detrusordruck als Differenz aus Blasen- und Abdominaldruck sowie der Harnfluss pro Zeiteinheit aufgezeichnet. Wie die Zystometrie wird die Messung in der Regel mit der Ableitung eines Elektromyogramms am Beckenboden kombiniert. Die \u00fcbliche Art der Kurvendarstellung ist die parallele Aufzeichnung von Detrusordruck und Uroflow auf einer Zeitachse. Aus der simultanen Darstellung von Druck und Fluss sind korrespondierende Druck- und Flusswerte ablesbar, die f\u00fcr die weitere Beurteilung wichtig sind. F\u00fcr eine exakte Quantifizierung des Obstruktionsgrades ist die visuelle Beurteilung des Kurvenbildes nicht ausreichend. Soll zwischen unterschiedlichen Obstruktionsgraden bzw. zwischen Hypo- oder Hyperkontraktilit\u00e4t unterschieden werden, ist eine Druckflussanalyse erforderlich. Voraussetzung f\u00fcr diese genaue Diagnostik ist die Darstellung von Druck und Fluss in einem Diagramm (Druckflussrelation).<\/p>\n<\/div>\n<\/div><\/div><\/div><\/div><div id=\"pg-759-1\"  class=\"panel-grid panel-no-style\" ><div id=\"pgc-759-1-0\"  class=\"panel-grid-cell\" ><div id=\"panel-759-1-0-0\" class=\"so-panel widget widget_sow-image panel-first-child panel-last-child\" data-index=\"1\" ><div\n\t\t\t\n\t\t\tclass=\"so-widget-sow-image so-widget-sow-image-default-8b5b6f678277-759\"\n\t\t\t\n\t\t>\n<div class=\"sow-image-container\">\n\t\t<img \n\tsrc=\"https:\/\/www.kontinenzzentrum.ch\/wp-content\/uploads\/dfs_obstruktivwz.png\" width=\"640\" height=\"384\" srcset=\"https:\/\/www.kontinenzzentrum.ch\/wp-content\/uploads\/dfs_obstruktivwz.png 640w, https:\/\/www.kontinenzzentrum.ch\/wp-content\/uploads\/dfs_obstruktivwz-300x180.png 300w\" sizes=\"(max-width: 640px) 100vw, 640px\" alt=\"\" \t\tclass=\"so-widget-image\"\/>\n\t<\/div>\n\n<\/div><\/div><\/div><div id=\"pgc-759-1-1\"  class=\"panel-grid-cell\" ><div id=\"panel-759-1-1-0\" class=\"so-panel widget widget_sow-editor panel-first-child panel-last-child\" data-index=\"2\" ><div\n\t\t\t\n\t\t\tclass=\"so-widget-sow-editor so-widget-sow-editor-base\"\n\t\t\t\n\t\t>\n<div class=\"siteorigin-widget-tinymce textwidget\">\n\t<p><strong>Druck-Fluss-Messung bei Blasenauslassobstruktion<\/strong><\/p>\n<\/div>\n<\/div><\/div><\/div><\/div><div id=\"pg-759-2\"  class=\"panel-grid panel-no-style\" ><div id=\"pgc-759-2-0\"  class=\"panel-grid-cell\" ><div id=\"panel-759-2-0-0\" class=\"so-panel widget widget_sow-image panel-first-child panel-last-child\" data-index=\"3\" ><div\n\t\t\t\n\t\t\tclass=\"so-widget-sow-image so-widget-sow-image-default-8b5b6f678277-759\"\n\t\t\t\n\t\t>\n<div class=\"sow-image-container\">\n\t\t<img \n\tsrc=\"https:\/\/www.kontinenzzentrum.ch\/wp-content\/uploads\/dfs_ics_nomo_wz.png\" width=\"640\" height=\"412\" srcset=\"https:\/\/www.kontinenzzentrum.ch\/wp-content\/uploads\/dfs_ics_nomo_wz.png 640w, https:\/\/www.kontinenzzentrum.ch\/wp-content\/uploads\/dfs_ics_nomo_wz-300x193.png 300w\" sizes=\"(max-width: 640px) 100vw, 640px\" alt=\"\" \t\tclass=\"so-widget-image\"\/>\n\t<\/div>\n\n<\/div><\/div><\/div><div id=\"pgc-759-2-1\"  class=\"panel-grid-cell\" ><div id=\"panel-759-2-1-0\" class=\"so-panel widget widget_sow-editor panel-first-child panel-last-child\" data-index=\"4\" ><div\n\t\t\t\n\t\t\tclass=\"so-widget-sow-editor so-widget-sow-editor-base\"\n\t\t\t\n\t\t>\n<div class=\"siteorigin-widget-tinymce textwidget\">\n\t<p><strong>Detrusor\/Flow Kurve nach ICS<\/strong><\/p>\n<\/div>\n<\/div><\/div><\/div><\/div><div id=\"pg-759-3\"  class=\"panel-grid panel-no-style\" ><div id=\"pgc-759-3-0\"  class=\"panel-grid-cell\" ><div id=\"panel-759-3-0-0\" class=\"so-panel widget widget_sow-image panel-first-child panel-last-child\" data-index=\"5\" ><div\n\t\t\t\n\t\t\tclass=\"so-widget-sow-image so-widget-sow-image-default-8b5b6f678277-759\"\n\t\t\t\n\t\t>\n<div class=\"sow-image-container\">\n\t\t<img \n\tsrc=\"https:\/\/www.kontinenzzentrum.ch\/wp-content\/uploads\/dfs_schaefer_nomo_wz.png\" width=\"640\" height=\"412\" srcset=\"https:\/\/www.kontinenzzentrum.ch\/wp-content\/uploads\/dfs_schaefer_nomo_wz.png 640w, https:\/\/www.kontinenzzentrum.ch\/wp-content\/uploads\/dfs_schaefer_nomo_wz-300x193.png 300w\" sizes=\"(max-width: 640px) 100vw, 640px\" alt=\"\" \t\tclass=\"so-widget-image\"\/>\n\t<\/div>\n\n<\/div><\/div><\/div><div id=\"pgc-759-3-1\"  class=\"panel-grid-cell\" ><div id=\"panel-759-3-1-0\" class=\"so-panel widget widget_sow-editor panel-first-child panel-last-child\" data-index=\"6\" ><div\n\t\t\t\n\t\t\tclass=\"so-widget-sow-editor so-widget-sow-editor-base\"\n\t\t\t\n\t\t>\n<div class=\"siteorigin-widget-tinymce textwidget\">\n\t<p><strong>Detrusor\/Flow Kurve nach Sch\u00e4fer\u00a0<\/strong><\/p>\n<\/div>\n<\/div><\/div><\/div><\/div><\/div>","protected":false},"excerpt":{"rendered":"<p>Druck-Fluss-Messung Urodynamische Beurteilung der Blasenentleerung Bei der Druckflussmessung werden simultan der Detrusordruck als Differenz aus Blasen- und Abdominaldruck sowie der Harnfluss pro Zeiteinheit aufgezeichnet. Wie die Zystometrie wird die Messung in der Regel mit der Ableitung eines Elektromyogramms am Beckenboden kombiniert. Die \u00fcbliche Art der Kurvendarstellung ist die parallele Aufzeichnung von Detrusordruck und Uroflow auf [&hellip;]<\/p>\n","protected":false},"author":1,"featured_media":722,"parent":720,"menu_order":0,"comment_status":"closed","ping_status":"closed","template":"","meta":{"_acf_changed":false,"footnotes":""},"class_list":["post-759","page","type-page","status-publish","has-post-thumbnail","hentry"],"acf":[],"yoast_head":"<!-- This site is optimized with the Yoast SEO plugin v26.9 - https:\/\/yoast.com\/product\/yoast-seo-wordpress\/ -->\n<title>Druck-Fluss-Messung<\/title>\n<meta name=\"robots\" content=\"index, follow, max-snippet:-1, max-image-preview:large, max-video-preview:-1\" \/>\n<link rel=\"canonical\" href=\"https:\/\/www.kontinenzzentrum.ch\/de\/fachpersonen\/urodynamische-techniken\/druck-fluss-messung.html\" \/>\n<meta property=\"og:locale\" content=\"de_DE\" \/>\n<meta property=\"og:type\" content=\"article\" \/>\n<meta property=\"og:title\" content=\"Druck-Fluss-Messung\" \/>\n<meta property=\"og:description\" content=\"Druck-Fluss-Messung Urodynamische Beurteilung der Blasenentleerung Bei der Druckflussmessung werden simultan der Detrusordruck als Differenz aus Blasen- und Abdominaldruck sowie der Harnfluss pro Zeiteinheit aufgezeichnet. Wie die Zystometrie wird die Messung in der Regel mit der Ableitung eines Elektromyogramms am Beckenboden kombiniert. Die \u00fcbliche Art der Kurvendarstellung ist die parallele Aufzeichnung von Detrusordruck und Uroflow auf [&hellip;]\" \/>\n<meta property=\"og:url\" content=\"https:\/\/www.kontinenzzentrum.ch\/de\/fachpersonen\/urodynamische-techniken\/druck-fluss-messung.html\" \/>\n<meta property=\"og:site_name\" content=\"KontinenzZentrum\" \/>\n<meta property=\"article:modified_time\" content=\"2023-04-27T11:52:52+00:00\" \/>\n<meta property=\"og:image\" content=\"https:\/\/www.kontinenzzentrum.ch\/wp-content\/uploads\/fachpersonen-untersuchungsverfahren-urodynamische-213030.jpeg\" \/>\n\t<meta property=\"og:image:width\" content=\"1920\" \/>\n\t<meta property=\"og:image:height\" content=\"450\" \/>\n\t<meta property=\"og:image:type\" content=\"image\/jpeg\" \/>\n<meta name=\"twitter:card\" content=\"summary_large_image\" \/>\n<meta name=\"twitter:label1\" content=\"Gesch\u00e4tzte Lesezeit\" \/>\n\t<meta name=\"twitter:data1\" content=\"1\u00a0Minute\" \/>\n<script type=\"application\/ld+json\" class=\"yoast-schema-graph\">{\"@context\":\"https:\/\/schema.org\",\"@graph\":[{\"@type\":\"WebPage\",\"@id\":\"https:\/\/www.kontinenzzentrum.ch\/de\/fachpersonen\/urodynamische-techniken\/druck-fluss-messung.html\",\"url\":\"https:\/\/www.kontinenzzentrum.ch\/de\/fachpersonen\/urodynamische-techniken\/druck-fluss-messung.html\",\"name\":\"Druck-Fluss-Messung\",\"isPartOf\":{\"@id\":\"https:\/\/www.kontinenzzentrum.ch\/de\/#website\"},\"primaryImageOfPage\":{\"@id\":\"https:\/\/www.kontinenzzentrum.ch\/de\/fachpersonen\/urodynamische-techniken\/druck-fluss-messung.html#primaryimage\"},\"image\":{\"@id\":\"https:\/\/www.kontinenzzentrum.ch\/de\/fachpersonen\/urodynamische-techniken\/druck-fluss-messung.html#primaryimage\"},\"thumbnailUrl\":\"https:\/\/www.kontinenzzentrum.ch\/wp-content\/uploads\/fachpersonen-untersuchungsverfahren-urodynamische-213030.jpeg\",\"datePublished\":\"2023-02-14T10:28:44+00:00\",\"dateModified\":\"2023-04-27T11:52:52+00:00\",\"breadcrumb\":{\"@id\":\"https:\/\/www.kontinenzzentrum.ch\/de\/fachpersonen\/urodynamische-techniken\/druck-fluss-messung.html#breadcrumb\"},\"inLanguage\":\"de\",\"potentialAction\":[{\"@type\":\"ReadAction\",\"target\":[\"https:\/\/www.kontinenzzentrum.ch\/de\/fachpersonen\/urodynamische-techniken\/druck-fluss-messung.html\"]}]},{\"@type\":\"ImageObject\",\"inLanguage\":\"de\",\"@id\":\"https:\/\/www.kontinenzzentrum.ch\/de\/fachpersonen\/urodynamische-techniken\/druck-fluss-messung.html#primaryimage\",\"url\":\"https:\/\/www.kontinenzzentrum.ch\/wp-content\/uploads\/fachpersonen-untersuchungsverfahren-urodynamische-213030.jpeg\",\"contentUrl\":\"https:\/\/www.kontinenzzentrum.ch\/wp-content\/uploads\/fachpersonen-untersuchungsverfahren-urodynamische-213030.jpeg\",\"width\":1920,\"height\":450},{\"@type\":\"BreadcrumbList\",\"@id\":\"https:\/\/www.kontinenzzentrum.ch\/de\/fachpersonen\/urodynamische-techniken\/druck-fluss-messung.html#breadcrumb\",\"itemListElement\":[{\"@type\":\"ListItem\",\"position\":1,\"name\":\"Startseite\",\"item\":\"https:\/\/www.kontinenzzentrum.ch\/de\"},{\"@type\":\"ListItem\",\"position\":2,\"name\":\"Fachpersonen\",\"item\":\"https:\/\/www.kontinenzzentrum.ch\/de\/fachpersonen.html\"},{\"@type\":\"ListItem\",\"position\":3,\"name\":\"Urodynamische Techniken\",\"item\":\"https:\/\/www.kontinenzzentrum.ch\/de\/fachpersonen\/urodynamische-techniken.html\"},{\"@type\":\"ListItem\",\"position\":4,\"name\":\"Druck-Fluss-Messung\"}]},{\"@type\":\"WebSite\",\"@id\":\"https:\/\/www.kontinenzzentrum.ch\/de\/#website\",\"url\":\"https:\/\/www.kontinenzzentrum.ch\/de\/\",\"name\":\"KontinenzZentrum Hirslanden Z\u00fcrich\",\"description\":\"KontinenzZentrum Hirslanden Z\u00fcrich: Blasenst\u00f6rungen & Inkontinenz\",\"publisher\":{\"@id\":\"https:\/\/www.kontinenzzentrum.ch\/de\/#organization\"},\"potentialAction\":[{\"@type\":\"SearchAction\",\"target\":{\"@type\":\"EntryPoint\",\"urlTemplate\":\"https:\/\/www.kontinenzzentrum.ch\/de\/?s={search_term_string}\"},\"query-input\":{\"@type\":\"PropertyValueSpecification\",\"valueRequired\":true,\"valueName\":\"search_term_string\"}}],\"inLanguage\":\"de\"},{\"@type\":\"Organization\",\"@id\":\"https:\/\/www.kontinenzzentrum.ch\/de\/#organization\",\"name\":\"KontinenzZentrum Hirslanden Z\u00fcrich\",\"url\":\"https:\/\/www.kontinenzzentrum.ch\/de\/\",\"logo\":{\"@type\":\"ImageObject\",\"inLanguage\":\"de\",\"@id\":\"https:\/\/www.kontinenzzentrum.ch\/de\/#\/schema\/logo\/image\/\",\"url\":\"https:\/\/www.kontinenzzentrum.ch\/wp-content\/uploads\/Logo_KontinenzZentrum.png\",\"contentUrl\":\"https:\/\/www.kontinenzzentrum.ch\/wp-content\/uploads\/Logo_KontinenzZentrum.png\",\"width\":800,\"height\":142,\"caption\":\"KontinenzZentrum Hirslanden Z\u00fcrich\"},\"image\":{\"@id\":\"https:\/\/www.kontinenzzentrum.ch\/de\/#\/schema\/logo\/image\/\"}}]}<\/script>\n<!-- \/ Yoast SEO plugin. -->","yoast_head_json":{"title":"Druck-Fluss-Messung","robots":{"index":"index","follow":"follow","max-snippet":"max-snippet:-1","max-image-preview":"max-image-preview:large","max-video-preview":"max-video-preview:-1"},"canonical":"https:\/\/www.kontinenzzentrum.ch\/de\/fachpersonen\/urodynamische-techniken\/druck-fluss-messung.html","og_locale":"de_DE","og_type":"article","og_title":"Druck-Fluss-Messung","og_description":"Druck-Fluss-Messung Urodynamische Beurteilung der Blasenentleerung Bei der Druckflussmessung werden simultan der Detrusordruck als Differenz aus Blasen- und Abdominaldruck sowie der Harnfluss pro Zeiteinheit aufgezeichnet. Wie die Zystometrie wird die Messung in der Regel mit der Ableitung eines Elektromyogramms am Beckenboden kombiniert. Die \u00fcbliche Art der Kurvendarstellung ist die parallele Aufzeichnung von Detrusordruck und Uroflow auf [&hellip;]","og_url":"https:\/\/www.kontinenzzentrum.ch\/de\/fachpersonen\/urodynamische-techniken\/druck-fluss-messung.html","og_site_name":"KontinenzZentrum","article_modified_time":"2023-04-27T11:52:52+00:00","og_image":[{"width":1920,"height":450,"url":"https:\/\/www.kontinenzzentrum.ch\/wp-content\/uploads\/fachpersonen-untersuchungsverfahren-urodynamische-213030.jpeg","type":"image\/jpeg"}],"twitter_card":"summary_large_image","twitter_misc":{"Gesch\u00e4tzte Lesezeit":"1\u00a0Minute"},"schema":{"@context":"https:\/\/schema.org","@graph":[{"@type":"WebPage","@id":"https:\/\/www.kontinenzzentrum.ch\/de\/fachpersonen\/urodynamische-techniken\/druck-fluss-messung.html","url":"https:\/\/www.kontinenzzentrum.ch\/de\/fachpersonen\/urodynamische-techniken\/druck-fluss-messung.html","name":"Druck-Fluss-Messung","isPartOf":{"@id":"https:\/\/www.kontinenzzentrum.ch\/de\/#website"},"primaryImageOfPage":{"@id":"https:\/\/www.kontinenzzentrum.ch\/de\/fachpersonen\/urodynamische-techniken\/druck-fluss-messung.html#primaryimage"},"image":{"@id":"https:\/\/www.kontinenzzentrum.ch\/de\/fachpersonen\/urodynamische-techniken\/druck-fluss-messung.html#primaryimage"},"thumbnailUrl":"https:\/\/www.kontinenzzentrum.ch\/wp-content\/uploads\/fachpersonen-untersuchungsverfahren-urodynamische-213030.jpeg","datePublished":"2023-02-14T10:28:44+00:00","dateModified":"2023-04-27T11:52:52+00:00","breadcrumb":{"@id":"https:\/\/www.kontinenzzentrum.ch\/de\/fachpersonen\/urodynamische-techniken\/druck-fluss-messung.html#breadcrumb"},"inLanguage":"de","potentialAction":[{"@type":"ReadAction","target":["https:\/\/www.kontinenzzentrum.ch\/de\/fachpersonen\/urodynamische-techniken\/druck-fluss-messung.html"]}]},{"@type":"ImageObject","inLanguage":"de","@id":"https:\/\/www.kontinenzzentrum.ch\/de\/fachpersonen\/urodynamische-techniken\/druck-fluss-messung.html#primaryimage","url":"https:\/\/www.kontinenzzentrum.ch\/wp-content\/uploads\/fachpersonen-untersuchungsverfahren-urodynamische-213030.jpeg","contentUrl":"https:\/\/www.kontinenzzentrum.ch\/wp-content\/uploads\/fachpersonen-untersuchungsverfahren-urodynamische-213030.jpeg","width":1920,"height":450},{"@type":"BreadcrumbList","@id":"https:\/\/www.kontinenzzentrum.ch\/de\/fachpersonen\/urodynamische-techniken\/druck-fluss-messung.html#breadcrumb","itemListElement":[{"@type":"ListItem","position":1,"name":"Startseite","item":"https:\/\/www.kontinenzzentrum.ch\/de"},{"@type":"ListItem","position":2,"name":"Fachpersonen","item":"https:\/\/www.kontinenzzentrum.ch\/de\/fachpersonen.html"},{"@type":"ListItem","position":3,"name":"Urodynamische Techniken","item":"https:\/\/www.kontinenzzentrum.ch\/de\/fachpersonen\/urodynamische-techniken.html"},{"@type":"ListItem","position":4,"name":"Druck-Fluss-Messung"}]},{"@type":"WebSite","@id":"https:\/\/www.kontinenzzentrum.ch\/de\/#website","url":"https:\/\/www.kontinenzzentrum.ch\/de\/","name":"KontinenzZentrum Hirslanden Z\u00fcrich","description":"KontinenzZentrum Hirslanden Z\u00fcrich: Blasenst\u00f6rungen & Inkontinenz","publisher":{"@id":"https:\/\/www.kontinenzzentrum.ch\/de\/#organization"},"potentialAction":[{"@type":"SearchAction","target":{"@type":"EntryPoint","urlTemplate":"https:\/\/www.kontinenzzentrum.ch\/de\/?s={search_term_string}"},"query-input":{"@type":"PropertyValueSpecification","valueRequired":true,"valueName":"search_term_string"}}],"inLanguage":"de"},{"@type":"Organization","@id":"https:\/\/www.kontinenzzentrum.ch\/de\/#organization","name":"KontinenzZentrum Hirslanden Z\u00fcrich","url":"https:\/\/www.kontinenzzentrum.ch\/de\/","logo":{"@type":"ImageObject","inLanguage":"de","@id":"https:\/\/www.kontinenzzentrum.ch\/de\/#\/schema\/logo\/image\/","url":"https:\/\/www.kontinenzzentrum.ch\/wp-content\/uploads\/Logo_KontinenzZentrum.png","contentUrl":"https:\/\/www.kontinenzzentrum.ch\/wp-content\/uploads\/Logo_KontinenzZentrum.png","width":800,"height":142,"caption":"KontinenzZentrum Hirslanden Z\u00fcrich"},"image":{"@id":"https:\/\/www.kontinenzzentrum.ch\/de\/#\/schema\/logo\/image\/"}}]}},"_links":{"self":[{"href":"https:\/\/www.kontinenzzentrum.ch\/de\/wp-json\/wp\/v2\/pages\/759","targetHints":{"allow":["GET"]}}],"collection":[{"href":"https:\/\/www.kontinenzzentrum.ch\/de\/wp-json\/wp\/v2\/pages"}],"about":[{"href":"https:\/\/www.kontinenzzentrum.ch\/de\/wp-json\/wp\/v2\/types\/page"}],"author":[{"embeddable":true,"href":"https:\/\/www.kontinenzzentrum.ch\/de\/wp-json\/wp\/v2\/users\/1"}],"replies":[{"embeddable":true,"href":"https:\/\/www.kontinenzzentrum.ch\/de\/wp-json\/wp\/v2\/comments?post=759"}],"version-history":[{"count":4,"href":"https:\/\/www.kontinenzzentrum.ch\/de\/wp-json\/wp\/v2\/pages\/759\/revisions"}],"predecessor-version":[{"id":2999,"href":"https:\/\/www.kontinenzzentrum.ch\/de\/wp-json\/wp\/v2\/pages\/759\/revisions\/2999"}],"up":[{"embeddable":true,"href":"https:\/\/www.kontinenzzentrum.ch\/de\/wp-json\/wp\/v2\/pages\/720"}],"wp:featuredmedia":[{"embeddable":true,"href":"https:\/\/www.kontinenzzentrum.ch\/de\/wp-json\/wp\/v2\/media\/722"}],"wp:attachment":[{"href":"https:\/\/www.kontinenzzentrum.ch\/de\/wp-json\/wp\/v2\/media?parent=759"}],"curies":[{"name":"wp","href":"https:\/\/api.w.org\/{rel}","templated":true}]}}