{"id":765,"date":"2023-02-14T11:32:05","date_gmt":"2023-02-14T10:32:05","guid":{"rendered":"https:\/\/www.kontinenzzentrum.ch\/?page_id=765"},"modified":"2023-02-14T11:32:05","modified_gmt":"2023-02-14T10:32:05","slug":"nomogramme","status":"publish","type":"page","link":"https:\/\/www.kontinenzzentrum.ch\/de\/fachpersonen\/urodynamische-techniken\/nomogramme.html","title":{"rendered":"Nomogramme"},"content":{"rendered":"<div id=\"pl-765\"  class=\"panel-layout\" ><div id=\"pg-765-0\"  class=\"panel-grid panel-no-style\" ><div id=\"pgc-765-0-0\"  class=\"panel-grid-cell\" ><div id=\"panel-765-0-0-0\" class=\"so-panel widget widget_sow-editor panel-first-child panel-last-child\" data-index=\"0\" ><div\n\t\t\t\n\t\t\tclass=\"so-widget-sow-editor so-widget-sow-editor-base\"\n\t\t\t\n\t\t>\n<div class=\"siteorigin-widget-tinymce textwidget\">\n\t<h1>Nomogramme zur Beurteilung des Obstruktionsgrades<\/h1>\n<h2>Nomogramme nach ICS und Sch\u00e4fer<\/h2>\n<p>Zur Beurteilung des Obstruktionsgrades dienen in der Praxis Nomogramme, in die der Detrusordruck zum Zeitpunkt des maximalen Harnstrahls projiziert wird. In den Nomogrammen werden Bereiche f\u00fcr Normal, Grauzone und Obstruktion (ICS-Nomogramm oder detaillierte Zahlenfelder (Sch\u00e4fer-Nomogramm) definiert. Das Sch\u00e4fer-Nomogramm enth\u00e4lt sieben Grade (0 bis VI). Im Vergleich zum ICS-Nomogramm werden die Felder 0 bis I als nichtobstruktiv, das Feld II als Grauzone und die Felder III bis VI als Obstruktion mit unterschiedlichen Graden bezeichnet. Das Sch\u00e4fer-Nomogramm enth\u00e4lt \u00fcber die Klassifikation der Obstruktion hinaus Felder zur Klassifikation der Kontraktilit\u00e4t des Detrusors (stark \u2013 normal \u2013 schwach).<\/p>\n<\/div>\n<\/div><\/div><\/div><\/div><div id=\"pg-765-1\"  class=\"panel-grid panel-no-style\" ><div id=\"pgc-765-1-0\"  class=\"panel-grid-cell\" ><div id=\"panel-765-1-0-0\" class=\"so-panel widget widget_sow-image panel-first-child panel-last-child\" data-index=\"1\" ><div\n\t\t\t\n\t\t\tclass=\"so-widget-sow-image so-widget-sow-image-default-8b5b6f678277-765\"\n\t\t\t\n\t\t>\n<div class=\"sow-image-container\">\n\t\t<img \n\tsrc=\"https:\/\/www.kontinenzzentrum.ch\/wp-content\/uploads\/ics_nomogramm.png\" width=\"640\" height=\"406\" srcset=\"https:\/\/www.kontinenzzentrum.ch\/wp-content\/uploads\/ics_nomogramm.png 640w, https:\/\/www.kontinenzzentrum.ch\/wp-content\/uploads\/ics_nomogramm-300x190.png 300w\" sizes=\"(max-width: 640px) 100vw, 640px\" alt=\"\" \t\tclass=\"so-widget-image\"\/>\n\t<\/div>\n\n<\/div><\/div><\/div><div id=\"pgc-765-1-1\"  class=\"panel-grid-cell\" ><div id=\"panel-765-1-1-0\" class=\"so-panel widget widget_sow-editor panel-first-child panel-last-child\" data-index=\"2\" ><div\n\t\t\t\n\t\t\tclass=\"so-widget-sow-editor so-widget-sow-editor-base\"\n\t\t\t\n\t\t>\n<div class=\"siteorigin-widget-tinymce textwidget\">\n\t<p>ICS-Nomogramm<\/p>\n<\/div>\n<\/div><\/div><\/div><\/div><div id=\"pg-765-2\"  class=\"panel-grid panel-no-style\" ><div id=\"pgc-765-2-0\"  class=\"panel-grid-cell\" ><div id=\"panel-765-2-0-0\" class=\"so-panel widget widget_sow-image panel-first-child panel-last-child\" data-index=\"3\" ><div\n\t\t\t\n\t\t\tclass=\"so-widget-sow-image so-widget-sow-image-default-8b5b6f678277-765\"\n\t\t\t\n\t\t>\n<div class=\"sow-image-container\">\n\t\t<img \n\tsrc=\"https:\/\/www.kontinenzzentrum.ch\/wp-content\/uploads\/schaefer_nomogramm.png\" width=\"640\" height=\"409\" srcset=\"https:\/\/www.kontinenzzentrum.ch\/wp-content\/uploads\/schaefer_nomogramm.png 640w, https:\/\/www.kontinenzzentrum.ch\/wp-content\/uploads\/schaefer_nomogramm-300x192.png 300w\" sizes=\"(max-width: 640px) 100vw, 640px\" alt=\"\" \t\tclass=\"so-widget-image\"\/>\n\t<\/div>\n\n<\/div><\/div><\/div><div id=\"pgc-765-2-1\"  class=\"panel-grid-cell\" ><div id=\"panel-765-2-1-0\" class=\"so-panel widget widget_sow-editor panel-first-child panel-last-child\" data-index=\"4\" ><div\n\t\t\t\n\t\t\tclass=\"so-widget-sow-editor so-widget-sow-editor-base\"\n\t\t\t\n\t\t>\n<div class=\"siteorigin-widget-tinymce textwidget\">\n\t<p>Sch\u00e4fer-Nomogramm<\/p>\n<\/div>\n<\/div><\/div><\/div><\/div><\/div>","protected":false},"excerpt":{"rendered":"<p>Nomogramme zur Beurteilung des Obstruktionsgrades Nomogramme nach ICS und Sch\u00e4fer Zur Beurteilung des Obstruktionsgrades dienen in der Praxis Nomogramme, in die der Detrusordruck zum Zeitpunkt des maximalen Harnstrahls projiziert wird. In den Nomogrammen werden Bereiche f\u00fcr Normal, Grauzone und Obstruktion (ICS-Nomogramm oder detaillierte Zahlenfelder (Sch\u00e4fer-Nomogramm) definiert. Das Sch\u00e4fer-Nomogramm enth\u00e4lt sieben Grade (0 bis VI). Im [&hellip;]<\/p>\n","protected":false},"author":1,"featured_media":722,"parent":720,"menu_order":0,"comment_status":"closed","ping_status":"closed","template":"","meta":{"_acf_changed":false,"footnotes":""},"class_list":["post-765","page","type-page","status-publish","has-post-thumbnail","hentry"],"acf":[],"yoast_head":"<!-- This site is optimized with the Yoast SEO plugin v26.9 - https:\/\/yoast.com\/product\/yoast-seo-wordpress\/ -->\n<title>Nomogramme<\/title>\n<meta name=\"robots\" content=\"index, follow, max-snippet:-1, max-image-preview:large, max-video-preview:-1\" \/>\n<link rel=\"canonical\" href=\"https:\/\/www.kontinenzzentrum.ch\/de\/fachpersonen\/urodynamische-techniken\/nomogramme.html\" \/>\n<meta property=\"og:locale\" content=\"de_DE\" \/>\n<meta property=\"og:type\" content=\"article\" \/>\n<meta property=\"og:title\" content=\"Nomogramme\" \/>\n<meta property=\"og:description\" content=\"Nomogramme zur Beurteilung des Obstruktionsgrades Nomogramme nach ICS und Sch\u00e4fer Zur Beurteilung des Obstruktionsgrades dienen in der Praxis Nomogramme, in die der Detrusordruck zum Zeitpunkt des maximalen Harnstrahls projiziert wird. In den Nomogrammen werden Bereiche f\u00fcr Normal, Grauzone und Obstruktion (ICS-Nomogramm oder detaillierte Zahlenfelder (Sch\u00e4fer-Nomogramm) definiert. Das Sch\u00e4fer-Nomogramm enth\u00e4lt sieben Grade (0 bis VI). Im [&hellip;]\" \/>\n<meta property=\"og:url\" content=\"https:\/\/www.kontinenzzentrum.ch\/de\/fachpersonen\/urodynamische-techniken\/nomogramme.html\" \/>\n<meta property=\"og:site_name\" content=\"KontinenzZentrum\" \/>\n<meta property=\"og:image\" content=\"https:\/\/www.kontinenzzentrum.ch\/wp-content\/uploads\/fachpersonen-untersuchungsverfahren-urodynamische-213030.jpeg\" \/>\n\t<meta property=\"og:image:width\" content=\"1920\" \/>\n\t<meta property=\"og:image:height\" content=\"450\" \/>\n\t<meta property=\"og:image:type\" content=\"image\/jpeg\" \/>\n<meta name=\"twitter:card\" content=\"summary_large_image\" \/>\n<meta name=\"twitter:label1\" content=\"Gesch\u00e4tzte Lesezeit\" \/>\n\t<meta name=\"twitter:data1\" content=\"1\u00a0Minute\" \/>\n<script type=\"application\/ld+json\" class=\"yoast-schema-graph\">{\"@context\":\"https:\/\/schema.org\",\"@graph\":[{\"@type\":\"WebPage\",\"@id\":\"https:\/\/www.kontinenzzentrum.ch\/de\/fachpersonen\/urodynamische-techniken\/nomogramme.html\",\"url\":\"https:\/\/www.kontinenzzentrum.ch\/de\/fachpersonen\/urodynamische-techniken\/nomogramme.html\",\"name\":\"Nomogramme\",\"isPartOf\":{\"@id\":\"https:\/\/www.kontinenzzentrum.ch\/de\/#website\"},\"primaryImageOfPage\":{\"@id\":\"https:\/\/www.kontinenzzentrum.ch\/de\/fachpersonen\/urodynamische-techniken\/nomogramme.html#primaryimage\"},\"image\":{\"@id\":\"https:\/\/www.kontinenzzentrum.ch\/de\/fachpersonen\/urodynamische-techniken\/nomogramme.html#primaryimage\"},\"thumbnailUrl\":\"https:\/\/www.kontinenzzentrum.ch\/wp-content\/uploads\/fachpersonen-untersuchungsverfahren-urodynamische-213030.jpeg\",\"datePublished\":\"2023-02-14T10:32:05+00:00\",\"breadcrumb\":{\"@id\":\"https:\/\/www.kontinenzzentrum.ch\/de\/fachpersonen\/urodynamische-techniken\/nomogramme.html#breadcrumb\"},\"inLanguage\":\"de\",\"potentialAction\":[{\"@type\":\"ReadAction\",\"target\":[\"https:\/\/www.kontinenzzentrum.ch\/de\/fachpersonen\/urodynamische-techniken\/nomogramme.html\"]}]},{\"@type\":\"ImageObject\",\"inLanguage\":\"de\",\"@id\":\"https:\/\/www.kontinenzzentrum.ch\/de\/fachpersonen\/urodynamische-techniken\/nomogramme.html#primaryimage\",\"url\":\"https:\/\/www.kontinenzzentrum.ch\/wp-content\/uploads\/fachpersonen-untersuchungsverfahren-urodynamische-213030.jpeg\",\"contentUrl\":\"https:\/\/www.kontinenzzentrum.ch\/wp-content\/uploads\/fachpersonen-untersuchungsverfahren-urodynamische-213030.jpeg\",\"width\":1920,\"height\":450},{\"@type\":\"BreadcrumbList\",\"@id\":\"https:\/\/www.kontinenzzentrum.ch\/de\/fachpersonen\/urodynamische-techniken\/nomogramme.html#breadcrumb\",\"itemListElement\":[{\"@type\":\"ListItem\",\"position\":1,\"name\":\"Startseite\",\"item\":\"https:\/\/www.kontinenzzentrum.ch\/de\"},{\"@type\":\"ListItem\",\"position\":2,\"name\":\"Fachpersonen\",\"item\":\"https:\/\/www.kontinenzzentrum.ch\/de\/fachpersonen.html\"},{\"@type\":\"ListItem\",\"position\":3,\"name\":\"Urodynamische Techniken\",\"item\":\"https:\/\/www.kontinenzzentrum.ch\/de\/fachpersonen\/urodynamische-techniken.html\"},{\"@type\":\"ListItem\",\"position\":4,\"name\":\"Nomogramme\"}]},{\"@type\":\"WebSite\",\"@id\":\"https:\/\/www.kontinenzzentrum.ch\/de\/#website\",\"url\":\"https:\/\/www.kontinenzzentrum.ch\/de\/\",\"name\":\"KontinenzZentrum Hirslanden Z\u00fcrich\",\"description\":\"KontinenzZentrum Hirslanden Z\u00fcrich: Blasenst\u00f6rungen & Inkontinenz\",\"publisher\":{\"@id\":\"https:\/\/www.kontinenzzentrum.ch\/de\/#organization\"},\"potentialAction\":[{\"@type\":\"SearchAction\",\"target\":{\"@type\":\"EntryPoint\",\"urlTemplate\":\"https:\/\/www.kontinenzzentrum.ch\/de\/?s={search_term_string}\"},\"query-input\":{\"@type\":\"PropertyValueSpecification\",\"valueRequired\":true,\"valueName\":\"search_term_string\"}}],\"inLanguage\":\"de\"},{\"@type\":\"Organization\",\"@id\":\"https:\/\/www.kontinenzzentrum.ch\/de\/#organization\",\"name\":\"KontinenzZentrum Hirslanden Z\u00fcrich\",\"url\":\"https:\/\/www.kontinenzzentrum.ch\/de\/\",\"logo\":{\"@type\":\"ImageObject\",\"inLanguage\":\"de\",\"@id\":\"https:\/\/www.kontinenzzentrum.ch\/de\/#\/schema\/logo\/image\/\",\"url\":\"https:\/\/www.kontinenzzentrum.ch\/wp-content\/uploads\/Logo_KontinenzZentrum.png\",\"contentUrl\":\"https:\/\/www.kontinenzzentrum.ch\/wp-content\/uploads\/Logo_KontinenzZentrum.png\",\"width\":800,\"height\":142,\"caption\":\"KontinenzZentrum Hirslanden Z\u00fcrich\"},\"image\":{\"@id\":\"https:\/\/www.kontinenzzentrum.ch\/de\/#\/schema\/logo\/image\/\"}}]}<\/script>\n<!-- \/ Yoast SEO plugin. -->","yoast_head_json":{"title":"Nomogramme","robots":{"index":"index","follow":"follow","max-snippet":"max-snippet:-1","max-image-preview":"max-image-preview:large","max-video-preview":"max-video-preview:-1"},"canonical":"https:\/\/www.kontinenzzentrum.ch\/de\/fachpersonen\/urodynamische-techniken\/nomogramme.html","og_locale":"de_DE","og_type":"article","og_title":"Nomogramme","og_description":"Nomogramme zur Beurteilung des Obstruktionsgrades Nomogramme nach ICS und Sch\u00e4fer Zur Beurteilung des Obstruktionsgrades dienen in der Praxis Nomogramme, in die der Detrusordruck zum Zeitpunkt des maximalen Harnstrahls projiziert wird. In den Nomogrammen werden Bereiche f\u00fcr Normal, Grauzone und Obstruktion (ICS-Nomogramm oder detaillierte Zahlenfelder (Sch\u00e4fer-Nomogramm) definiert. Das Sch\u00e4fer-Nomogramm enth\u00e4lt sieben Grade (0 bis VI). Im [&hellip;]","og_url":"https:\/\/www.kontinenzzentrum.ch\/de\/fachpersonen\/urodynamische-techniken\/nomogramme.html","og_site_name":"KontinenzZentrum","og_image":[{"width":1920,"height":450,"url":"https:\/\/www.kontinenzzentrum.ch\/wp-content\/uploads\/fachpersonen-untersuchungsverfahren-urodynamische-213030.jpeg","type":"image\/jpeg"}],"twitter_card":"summary_large_image","twitter_misc":{"Gesch\u00e4tzte Lesezeit":"1\u00a0Minute"},"schema":{"@context":"https:\/\/schema.org","@graph":[{"@type":"WebPage","@id":"https:\/\/www.kontinenzzentrum.ch\/de\/fachpersonen\/urodynamische-techniken\/nomogramme.html","url":"https:\/\/www.kontinenzzentrum.ch\/de\/fachpersonen\/urodynamische-techniken\/nomogramme.html","name":"Nomogramme","isPartOf":{"@id":"https:\/\/www.kontinenzzentrum.ch\/de\/#website"},"primaryImageOfPage":{"@id":"https:\/\/www.kontinenzzentrum.ch\/de\/fachpersonen\/urodynamische-techniken\/nomogramme.html#primaryimage"},"image":{"@id":"https:\/\/www.kontinenzzentrum.ch\/de\/fachpersonen\/urodynamische-techniken\/nomogramme.html#primaryimage"},"thumbnailUrl":"https:\/\/www.kontinenzzentrum.ch\/wp-content\/uploads\/fachpersonen-untersuchungsverfahren-urodynamische-213030.jpeg","datePublished":"2023-02-14T10:32:05+00:00","breadcrumb":{"@id":"https:\/\/www.kontinenzzentrum.ch\/de\/fachpersonen\/urodynamische-techniken\/nomogramme.html#breadcrumb"},"inLanguage":"de","potentialAction":[{"@type":"ReadAction","target":["https:\/\/www.kontinenzzentrum.ch\/de\/fachpersonen\/urodynamische-techniken\/nomogramme.html"]}]},{"@type":"ImageObject","inLanguage":"de","@id":"https:\/\/www.kontinenzzentrum.ch\/de\/fachpersonen\/urodynamische-techniken\/nomogramme.html#primaryimage","url":"https:\/\/www.kontinenzzentrum.ch\/wp-content\/uploads\/fachpersonen-untersuchungsverfahren-urodynamische-213030.jpeg","contentUrl":"https:\/\/www.kontinenzzentrum.ch\/wp-content\/uploads\/fachpersonen-untersuchungsverfahren-urodynamische-213030.jpeg","width":1920,"height":450},{"@type":"BreadcrumbList","@id":"https:\/\/www.kontinenzzentrum.ch\/de\/fachpersonen\/urodynamische-techniken\/nomogramme.html#breadcrumb","itemListElement":[{"@type":"ListItem","position":1,"name":"Startseite","item":"https:\/\/www.kontinenzzentrum.ch\/de"},{"@type":"ListItem","position":2,"name":"Fachpersonen","item":"https:\/\/www.kontinenzzentrum.ch\/de\/fachpersonen.html"},{"@type":"ListItem","position":3,"name":"Urodynamische Techniken","item":"https:\/\/www.kontinenzzentrum.ch\/de\/fachpersonen\/urodynamische-techniken.html"},{"@type":"ListItem","position":4,"name":"Nomogramme"}]},{"@type":"WebSite","@id":"https:\/\/www.kontinenzzentrum.ch\/de\/#website","url":"https:\/\/www.kontinenzzentrum.ch\/de\/","name":"KontinenzZentrum Hirslanden Z\u00fcrich","description":"KontinenzZentrum Hirslanden Z\u00fcrich: Blasenst\u00f6rungen & Inkontinenz","publisher":{"@id":"https:\/\/www.kontinenzzentrum.ch\/de\/#organization"},"potentialAction":[{"@type":"SearchAction","target":{"@type":"EntryPoint","urlTemplate":"https:\/\/www.kontinenzzentrum.ch\/de\/?s={search_term_string}"},"query-input":{"@type":"PropertyValueSpecification","valueRequired":true,"valueName":"search_term_string"}}],"inLanguage":"de"},{"@type":"Organization","@id":"https:\/\/www.kontinenzzentrum.ch\/de\/#organization","name":"KontinenzZentrum Hirslanden Z\u00fcrich","url":"https:\/\/www.kontinenzzentrum.ch\/de\/","logo":{"@type":"ImageObject","inLanguage":"de","@id":"https:\/\/www.kontinenzzentrum.ch\/de\/#\/schema\/logo\/image\/","url":"https:\/\/www.kontinenzzentrum.ch\/wp-content\/uploads\/Logo_KontinenzZentrum.png","contentUrl":"https:\/\/www.kontinenzzentrum.ch\/wp-content\/uploads\/Logo_KontinenzZentrum.png","width":800,"height":142,"caption":"KontinenzZentrum Hirslanden Z\u00fcrich"},"image":{"@id":"https:\/\/www.kontinenzzentrum.ch\/de\/#\/schema\/logo\/image\/"}}]}},"_links":{"self":[{"href":"https:\/\/www.kontinenzzentrum.ch\/de\/wp-json\/wp\/v2\/pages\/765","targetHints":{"allow":["GET"]}}],"collection":[{"href":"https:\/\/www.kontinenzzentrum.ch\/de\/wp-json\/wp\/v2\/pages"}],"about":[{"href":"https:\/\/www.kontinenzzentrum.ch\/de\/wp-json\/wp\/v2\/types\/page"}],"author":[{"embeddable":true,"href":"https:\/\/www.kontinenzzentrum.ch\/de\/wp-json\/wp\/v2\/users\/1"}],"replies":[{"embeddable":true,"href":"https:\/\/www.kontinenzzentrum.ch\/de\/wp-json\/wp\/v2\/comments?post=765"}],"version-history":[{"count":2,"href":"https:\/\/www.kontinenzzentrum.ch\/de\/wp-json\/wp\/v2\/pages\/765\/revisions"}],"predecessor-version":[{"id":769,"href":"https:\/\/www.kontinenzzentrum.ch\/de\/wp-json\/wp\/v2\/pages\/765\/revisions\/769"}],"up":[{"embeddable":true,"href":"https:\/\/www.kontinenzzentrum.ch\/de\/wp-json\/wp\/v2\/pages\/720"}],"wp:featuredmedia":[{"embeddable":true,"href":"https:\/\/www.kontinenzzentrum.ch\/de\/wp-json\/wp\/v2\/media\/722"}],"wp:attachment":[{"href":"https:\/\/www.kontinenzzentrum.ch\/de\/wp-json\/wp\/v2\/media?parent=765"}],"curies":[{"name":"wp","href":"https:\/\/api.w.org\/{rel}","templated":true}]}}