{"id":827,"date":"2023-02-14T13:05:15","date_gmt":"2023-02-14T12:05:15","guid":{"rendered":"https:\/\/www.kontinenzzentrum.ch\/?page_id=827"},"modified":"2023-02-14T13:05:35","modified_gmt":"2023-02-14T12:05:35","slug":"elektromyographie-des-beckenbodens","status":"publish","type":"page","link":"https:\/\/www.kontinenzzentrum.ch\/de\/fachpersonen\/neurophysiologische-tests\/elektromyographie-des-beckenbodens.html","title":{"rendered":"Elektromyographie des Beckenbodens"},"content":{"rendered":"<div id=\"pl-827\"  class=\"panel-layout\" ><div id=\"pg-827-0\"  class=\"panel-grid panel-no-style\" ><div id=\"pgc-827-0-0\"  class=\"panel-grid-cell\" ><div id=\"panel-827-0-0-0\" class=\"so-panel widget widget_sow-editor panel-first-child panel-last-child\" data-index=\"0\" ><div\n\t\t\t\n\t\t\tclass=\"so-widget-sow-editor so-widget-sow-editor-base\"\n\t\t\t\n\t\t>\n<div class=\"siteorigin-widget-tinymce textwidget\">\n\t<h1>Elektromyographie des Beckenbodens<\/h1>\n<h2>Untersuchung der Muskelfunktionen im Becken<\/h2>\n<\/div>\n<\/div><\/div><\/div><\/div><div id=\"pg-827-1\"  class=\"panel-grid panel-no-style\" ><div id=\"pgc-827-1-0\"  class=\"panel-grid-cell\" ><div id=\"panel-827-1-0-0\" class=\"so-panel widget widget_sow-editor panel-first-child panel-last-child\" data-index=\"1\" ><div\n\t\t\t\n\t\t\tclass=\"so-widget-sow-editor so-widget-sow-editor-base\"\n\t\t\t\n\t\t>\n<div class=\"siteorigin-widget-tinymce textwidget\">\n\t<p>Die Elektromyographie (EMG) zeigt die Aktivit\u00e4t von Muskelzellen. Da alle Muskelzellen durch Nerven versorgt werden, sind damit nicht nur Aussagen \u00fcber die Funktion der Muskeln sondern auch R\u00fcckschl\u00fcsse auf die zugeh\u00f6rigen Nerven m\u00f6glich. Die Untersuchung wird mit einer d\u00fcnnen Nadelelektrode durchgef\u00fchrt, da die Ableitung in unmittelbarer N\u00e4he der Muskelzelle erfolgen muss. Mit Hilfe des EMG k\u00f6nnen Sch\u00e4digungen der Nerven ausserhalb von Gehirn und R\u00fcckenmark sowie Erkrankungen der Muskelzellen selbst diagnostiziert werden.<\/p>\n<\/div>\n<\/div><\/div><\/div><div id=\"pgc-827-1-1\"  class=\"panel-grid-cell\" ><div id=\"panel-827-1-1-0\" class=\"so-panel widget widget_sow-image panel-first-child panel-last-child\" data-index=\"2\" ><div\n\t\t\t\n\t\t\tclass=\"so-widget-sow-image so-widget-sow-image-default-8b5b6f678277-827\"\n\t\t\t\n\t\t>\n<div class=\"sow-image-container\">\n\t\t<img \n\tsrc=\"https:\/\/www.kontinenzzentrum.ch\/wp-content\/uploads\/emg_web.jpg\" width=\"500\" height=\"671\" srcset=\"https:\/\/www.kontinenzzentrum.ch\/wp-content\/uploads\/emg_web.jpg 500w, https:\/\/www.kontinenzzentrum.ch\/wp-content\/uploads\/emg_web-224x300.jpg 224w\" sizes=\"(max-width: 500px) 100vw, 500px\" alt=\"\" \t\tclass=\"so-widget-image\"\/>\n\t<\/div>\n\n<\/div><\/div><\/div><\/div><\/div>","protected":false},"excerpt":{"rendered":"<p>Elektromyographie des Beckenbodens Untersuchung der Muskelfunktionen im Becken Die Elektromyographie (EMG) zeigt die Aktivit\u00e4t von Muskelzellen. Da alle Muskelzellen durch Nerven versorgt werden, sind damit nicht nur Aussagen \u00fcber die Funktion der Muskeln sondern auch R\u00fcckschl\u00fcsse auf die zugeh\u00f6rigen Nerven m\u00f6glich. Die Untersuchung wird mit einer d\u00fcnnen Nadelelektrode durchgef\u00fchrt, da die Ableitung in unmittelbarer N\u00e4he [&hellip;]<\/p>\n","protected":false},"author":1,"featured_media":515,"parent":817,"menu_order":0,"comment_status":"closed","ping_status":"closed","template":"","meta":{"_acf_changed":false,"footnotes":""},"class_list":["post-827","page","type-page","status-publish","has-post-thumbnail","hentry"],"acf":[],"yoast_head":"<!-- This site is optimized with the Yoast SEO plugin v26.9 - https:\/\/yoast.com\/product\/yoast-seo-wordpress\/ -->\n<title>Elektromyogramm des Beckenbodens<\/title>\n<meta name=\"robots\" content=\"index, follow, max-snippet:-1, max-image-preview:large, max-video-preview:-1\" \/>\n<link rel=\"canonical\" href=\"https:\/\/www.kontinenzzentrum.ch\/de\/fachpersonen\/neurophysiologische-tests\/elektromyographie-des-beckenbodens.html\" \/>\n<meta property=\"og:locale\" content=\"de_DE\" \/>\n<meta property=\"og:type\" content=\"article\" \/>\n<meta property=\"og:title\" content=\"Elektromyogramm des Beckenbodens\" \/>\n<meta property=\"og:description\" content=\"Elektromyographie des Beckenbodens Untersuchung der Muskelfunktionen im Becken Die Elektromyographie (EMG) zeigt die Aktivit\u00e4t von Muskelzellen. Da alle Muskelzellen durch Nerven versorgt werden, sind damit nicht nur Aussagen \u00fcber die Funktion der Muskeln sondern auch R\u00fcckschl\u00fcsse auf die zugeh\u00f6rigen Nerven m\u00f6glich. Die Untersuchung wird mit einer d\u00fcnnen Nadelelektrode durchgef\u00fchrt, da die Ableitung in unmittelbarer N\u00e4he [&hellip;]\" \/>\n<meta property=\"og:url\" content=\"https:\/\/www.kontinenzzentrum.ch\/de\/fachpersonen\/neurophysiologische-tests\/elektromyographie-des-beckenbodens.html\" \/>\n<meta property=\"og:site_name\" content=\"KontinenzZentrum\" \/>\n<meta property=\"article:modified_time\" content=\"2023-02-14T12:05:35+00:00\" \/>\n<meta property=\"og:image\" content=\"https:\/\/www.kontinenzzentrum.ch\/wp-content\/uploads\/untersuchung-neurologisch-stock131540239.jpeg\" \/>\n\t<meta property=\"og:image:width\" content=\"1920\" \/>\n\t<meta property=\"og:image:height\" content=\"450\" \/>\n\t<meta property=\"og:image:type\" content=\"image\/jpeg\" \/>\n<meta name=\"twitter:card\" content=\"summary_large_image\" \/>\n<meta name=\"twitter:label1\" content=\"Gesch\u00e4tzte Lesezeit\" \/>\n\t<meta name=\"twitter:data1\" content=\"1\u00a0Minute\" \/>\n<script type=\"application\/ld+json\" class=\"yoast-schema-graph\">{\"@context\":\"https:\/\/schema.org\",\"@graph\":[{\"@type\":\"WebPage\",\"@id\":\"https:\/\/www.kontinenzzentrum.ch\/de\/fachpersonen\/neurophysiologische-tests\/elektromyographie-des-beckenbodens.html\",\"url\":\"https:\/\/www.kontinenzzentrum.ch\/de\/fachpersonen\/neurophysiologische-tests\/elektromyographie-des-beckenbodens.html\",\"name\":\"Elektromyogramm des Beckenbodens\",\"isPartOf\":{\"@id\":\"https:\/\/www.kontinenzzentrum.ch\/de\/#website\"},\"primaryImageOfPage\":{\"@id\":\"https:\/\/www.kontinenzzentrum.ch\/de\/fachpersonen\/neurophysiologische-tests\/elektromyographie-des-beckenbodens.html#primaryimage\"},\"image\":{\"@id\":\"https:\/\/www.kontinenzzentrum.ch\/de\/fachpersonen\/neurophysiologische-tests\/elektromyographie-des-beckenbodens.html#primaryimage\"},\"thumbnailUrl\":\"https:\/\/www.kontinenzzentrum.ch\/wp-content\/uploads\/untersuchung-neurologisch-stock131540239.jpeg\",\"datePublished\":\"2023-02-14T12:05:15+00:00\",\"dateModified\":\"2023-02-14T12:05:35+00:00\",\"breadcrumb\":{\"@id\":\"https:\/\/www.kontinenzzentrum.ch\/de\/fachpersonen\/neurophysiologische-tests\/elektromyographie-des-beckenbodens.html#breadcrumb\"},\"inLanguage\":\"de\",\"potentialAction\":[{\"@type\":\"ReadAction\",\"target\":[\"https:\/\/www.kontinenzzentrum.ch\/de\/fachpersonen\/neurophysiologische-tests\/elektromyographie-des-beckenbodens.html\"]}]},{\"@type\":\"ImageObject\",\"inLanguage\":\"de\",\"@id\":\"https:\/\/www.kontinenzzentrum.ch\/de\/fachpersonen\/neurophysiologische-tests\/elektromyographie-des-beckenbodens.html#primaryimage\",\"url\":\"https:\/\/www.kontinenzzentrum.ch\/wp-content\/uploads\/untersuchung-neurologisch-stock131540239.jpeg\",\"contentUrl\":\"https:\/\/www.kontinenzzentrum.ch\/wp-content\/uploads\/untersuchung-neurologisch-stock131540239.jpeg\",\"width\":1920,\"height\":450},{\"@type\":\"BreadcrumbList\",\"@id\":\"https:\/\/www.kontinenzzentrum.ch\/de\/fachpersonen\/neurophysiologische-tests\/elektromyographie-des-beckenbodens.html#breadcrumb\",\"itemListElement\":[{\"@type\":\"ListItem\",\"position\":1,\"name\":\"Startseite\",\"item\":\"https:\/\/www.kontinenzzentrum.ch\/de\"},{\"@type\":\"ListItem\",\"position\":2,\"name\":\"Fachpersonen\",\"item\":\"https:\/\/www.kontinenzzentrum.ch\/de\/fachpersonen.html\"},{\"@type\":\"ListItem\",\"position\":3,\"name\":\"Neurophysiologische Tests\",\"item\":\"https:\/\/www.kontinenzzentrum.ch\/de\/fachpersonen\/neurophysiologische-tests.html\"},{\"@type\":\"ListItem\",\"position\":4,\"name\":\"Elektromyographie des Beckenbodens\"}]},{\"@type\":\"WebSite\",\"@id\":\"https:\/\/www.kontinenzzentrum.ch\/de\/#website\",\"url\":\"https:\/\/www.kontinenzzentrum.ch\/de\/\",\"name\":\"KontinenzZentrum Hirslanden Z\u00fcrich\",\"description\":\"KontinenzZentrum Hirslanden Z\u00fcrich: Blasenst\u00f6rungen & Inkontinenz\",\"publisher\":{\"@id\":\"https:\/\/www.kontinenzzentrum.ch\/de\/#organization\"},\"potentialAction\":[{\"@type\":\"SearchAction\",\"target\":{\"@type\":\"EntryPoint\",\"urlTemplate\":\"https:\/\/www.kontinenzzentrum.ch\/de\/?s={search_term_string}\"},\"query-input\":{\"@type\":\"PropertyValueSpecification\",\"valueRequired\":true,\"valueName\":\"search_term_string\"}}],\"inLanguage\":\"de\"},{\"@type\":\"Organization\",\"@id\":\"https:\/\/www.kontinenzzentrum.ch\/de\/#organization\",\"name\":\"KontinenzZentrum Hirslanden Z\u00fcrich\",\"url\":\"https:\/\/www.kontinenzzentrum.ch\/de\/\",\"logo\":{\"@type\":\"ImageObject\",\"inLanguage\":\"de\",\"@id\":\"https:\/\/www.kontinenzzentrum.ch\/de\/#\/schema\/logo\/image\/\",\"url\":\"https:\/\/www.kontinenzzentrum.ch\/wp-content\/uploads\/Logo_KontinenzZentrum.png\",\"contentUrl\":\"https:\/\/www.kontinenzzentrum.ch\/wp-content\/uploads\/Logo_KontinenzZentrum.png\",\"width\":800,\"height\":142,\"caption\":\"KontinenzZentrum Hirslanden Z\u00fcrich\"},\"image\":{\"@id\":\"https:\/\/www.kontinenzzentrum.ch\/de\/#\/schema\/logo\/image\/\"}}]}<\/script>\n<!-- \/ Yoast SEO plugin. -->","yoast_head_json":{"title":"Elektromyogramm des Beckenbodens","robots":{"index":"index","follow":"follow","max-snippet":"max-snippet:-1","max-image-preview":"max-image-preview:large","max-video-preview":"max-video-preview:-1"},"canonical":"https:\/\/www.kontinenzzentrum.ch\/de\/fachpersonen\/neurophysiologische-tests\/elektromyographie-des-beckenbodens.html","og_locale":"de_DE","og_type":"article","og_title":"Elektromyogramm des Beckenbodens","og_description":"Elektromyographie des Beckenbodens Untersuchung der Muskelfunktionen im Becken Die Elektromyographie (EMG) zeigt die Aktivit\u00e4t von Muskelzellen. Da alle Muskelzellen durch Nerven versorgt werden, sind damit nicht nur Aussagen \u00fcber die Funktion der Muskeln sondern auch R\u00fcckschl\u00fcsse auf die zugeh\u00f6rigen Nerven m\u00f6glich. Die Untersuchung wird mit einer d\u00fcnnen Nadelelektrode durchgef\u00fchrt, da die Ableitung in unmittelbarer N\u00e4he [&hellip;]","og_url":"https:\/\/www.kontinenzzentrum.ch\/de\/fachpersonen\/neurophysiologische-tests\/elektromyographie-des-beckenbodens.html","og_site_name":"KontinenzZentrum","article_modified_time":"2023-02-14T12:05:35+00:00","og_image":[{"width":1920,"height":450,"url":"https:\/\/www.kontinenzzentrum.ch\/wp-content\/uploads\/untersuchung-neurologisch-stock131540239.jpeg","type":"image\/jpeg"}],"twitter_card":"summary_large_image","twitter_misc":{"Gesch\u00e4tzte Lesezeit":"1\u00a0Minute"},"schema":{"@context":"https:\/\/schema.org","@graph":[{"@type":"WebPage","@id":"https:\/\/www.kontinenzzentrum.ch\/de\/fachpersonen\/neurophysiologische-tests\/elektromyographie-des-beckenbodens.html","url":"https:\/\/www.kontinenzzentrum.ch\/de\/fachpersonen\/neurophysiologische-tests\/elektromyographie-des-beckenbodens.html","name":"Elektromyogramm des Beckenbodens","isPartOf":{"@id":"https:\/\/www.kontinenzzentrum.ch\/de\/#website"},"primaryImageOfPage":{"@id":"https:\/\/www.kontinenzzentrum.ch\/de\/fachpersonen\/neurophysiologische-tests\/elektromyographie-des-beckenbodens.html#primaryimage"},"image":{"@id":"https:\/\/www.kontinenzzentrum.ch\/de\/fachpersonen\/neurophysiologische-tests\/elektromyographie-des-beckenbodens.html#primaryimage"},"thumbnailUrl":"https:\/\/www.kontinenzzentrum.ch\/wp-content\/uploads\/untersuchung-neurologisch-stock131540239.jpeg","datePublished":"2023-02-14T12:05:15+00:00","dateModified":"2023-02-14T12:05:35+00:00","breadcrumb":{"@id":"https:\/\/www.kontinenzzentrum.ch\/de\/fachpersonen\/neurophysiologische-tests\/elektromyographie-des-beckenbodens.html#breadcrumb"},"inLanguage":"de","potentialAction":[{"@type":"ReadAction","target":["https:\/\/www.kontinenzzentrum.ch\/de\/fachpersonen\/neurophysiologische-tests\/elektromyographie-des-beckenbodens.html"]}]},{"@type":"ImageObject","inLanguage":"de","@id":"https:\/\/www.kontinenzzentrum.ch\/de\/fachpersonen\/neurophysiologische-tests\/elektromyographie-des-beckenbodens.html#primaryimage","url":"https:\/\/www.kontinenzzentrum.ch\/wp-content\/uploads\/untersuchung-neurologisch-stock131540239.jpeg","contentUrl":"https:\/\/www.kontinenzzentrum.ch\/wp-content\/uploads\/untersuchung-neurologisch-stock131540239.jpeg","width":1920,"height":450},{"@type":"BreadcrumbList","@id":"https:\/\/www.kontinenzzentrum.ch\/de\/fachpersonen\/neurophysiologische-tests\/elektromyographie-des-beckenbodens.html#breadcrumb","itemListElement":[{"@type":"ListItem","position":1,"name":"Startseite","item":"https:\/\/www.kontinenzzentrum.ch\/de"},{"@type":"ListItem","position":2,"name":"Fachpersonen","item":"https:\/\/www.kontinenzzentrum.ch\/de\/fachpersonen.html"},{"@type":"ListItem","position":3,"name":"Neurophysiologische Tests","item":"https:\/\/www.kontinenzzentrum.ch\/de\/fachpersonen\/neurophysiologische-tests.html"},{"@type":"ListItem","position":4,"name":"Elektromyographie des Beckenbodens"}]},{"@type":"WebSite","@id":"https:\/\/www.kontinenzzentrum.ch\/de\/#website","url":"https:\/\/www.kontinenzzentrum.ch\/de\/","name":"KontinenzZentrum Hirslanden Z\u00fcrich","description":"KontinenzZentrum Hirslanden Z\u00fcrich: Blasenst\u00f6rungen & Inkontinenz","publisher":{"@id":"https:\/\/www.kontinenzzentrum.ch\/de\/#organization"},"potentialAction":[{"@type":"SearchAction","target":{"@type":"EntryPoint","urlTemplate":"https:\/\/www.kontinenzzentrum.ch\/de\/?s={search_term_string}"},"query-input":{"@type":"PropertyValueSpecification","valueRequired":true,"valueName":"search_term_string"}}],"inLanguage":"de"},{"@type":"Organization","@id":"https:\/\/www.kontinenzzentrum.ch\/de\/#organization","name":"KontinenzZentrum Hirslanden Z\u00fcrich","url":"https:\/\/www.kontinenzzentrum.ch\/de\/","logo":{"@type":"ImageObject","inLanguage":"de","@id":"https:\/\/www.kontinenzzentrum.ch\/de\/#\/schema\/logo\/image\/","url":"https:\/\/www.kontinenzzentrum.ch\/wp-content\/uploads\/Logo_KontinenzZentrum.png","contentUrl":"https:\/\/www.kontinenzzentrum.ch\/wp-content\/uploads\/Logo_KontinenzZentrum.png","width":800,"height":142,"caption":"KontinenzZentrum Hirslanden Z\u00fcrich"},"image":{"@id":"https:\/\/www.kontinenzzentrum.ch\/de\/#\/schema\/logo\/image\/"}}]}},"_links":{"self":[{"href":"https:\/\/www.kontinenzzentrum.ch\/de\/wp-json\/wp\/v2\/pages\/827","targetHints":{"allow":["GET"]}}],"collection":[{"href":"https:\/\/www.kontinenzzentrum.ch\/de\/wp-json\/wp\/v2\/pages"}],"about":[{"href":"https:\/\/www.kontinenzzentrum.ch\/de\/wp-json\/wp\/v2\/types\/page"}],"author":[{"embeddable":true,"href":"https:\/\/www.kontinenzzentrum.ch\/de\/wp-json\/wp\/v2\/users\/1"}],"replies":[{"embeddable":true,"href":"https:\/\/www.kontinenzzentrum.ch\/de\/wp-json\/wp\/v2\/comments?post=827"}],"version-history":[{"count":4,"href":"https:\/\/www.kontinenzzentrum.ch\/de\/wp-json\/wp\/v2\/pages\/827\/revisions"}],"predecessor-version":[{"id":832,"href":"https:\/\/www.kontinenzzentrum.ch\/de\/wp-json\/wp\/v2\/pages\/827\/revisions\/832"}],"up":[{"embeddable":true,"href":"https:\/\/www.kontinenzzentrum.ch\/de\/wp-json\/wp\/v2\/pages\/817"}],"wp:featuredmedia":[{"embeddable":true,"href":"https:\/\/www.kontinenzzentrum.ch\/de\/wp-json\/wp\/v2\/media\/515"}],"wp:attachment":[{"href":"https:\/\/www.kontinenzzentrum.ch\/de\/wp-json\/wp\/v2\/media?parent=827"}],"curies":[{"name":"wp","href":"https:\/\/api.w.org\/{rel}","templated":true}]}}