{"id":833,"date":"2023-02-14T13:07:47","date_gmt":"2023-02-14T12:07:47","guid":{"rendered":"https:\/\/www.kontinenzzentrum.ch\/?page_id=833"},"modified":"2023-02-14T13:07:47","modified_gmt":"2023-02-14T12:07:47","slug":"elektroneurographie","status":"publish","type":"page","link":"https:\/\/www.kontinenzzentrum.ch\/de\/fachpersonen\/neurophysiologische-tests\/elektroneurographie.html","title":{"rendered":"Elektroneurographie"},"content":{"rendered":"<div id=\"pl-833\"  class=\"panel-layout\" ><div id=\"pg-833-0\"  class=\"panel-grid panel-no-style\" ><div id=\"pgc-833-0-0\"  class=\"panel-grid-cell\" ><div id=\"panel-833-0-0-0\" class=\"so-panel widget widget_sow-editor panel-first-child panel-last-child\" data-index=\"0\" ><div\n\t\t\t\n\t\t\tclass=\"so-widget-sow-editor so-widget-sow-editor-base\"\n\t\t\t\n\t\t>\n<div class=\"siteorigin-widget-tinymce textwidget\">\n\t<h1>Elektroneurographie<\/h1>\n<h2>Messung der Nervenleitung<\/h2>\n<p>Bei der Elektroneurographie (ENG) wird die Aktivierung eines Muskels nach elektrischer Stimulation des zugeh\u00f6rigen Nervs mittels Oberfl\u00e4chenelektroden aufgezeichnet. Durch Reizung des Nervs an verschiedenen Orten in seinem Verlauf, kann seine Nervenleitgeschwindigkeit (NLG) berechnet werden.\u00a0Zus\u00e4tzlich wird die H\u00f6he der Muskelantwort (Muskelaktionspotential MAP) beurteilt. Das ENG ist die wichtigste Untersuchung bei der Diagnostik von Erkrankungen der Arm-oder Beinnerven oder einer Polyneuropathie.<\/p>\n<\/div>\n<\/div><\/div><\/div><\/div><\/div>","protected":false},"excerpt":{"rendered":"<p>Elektroneurographie Messung der Nervenleitung Bei der Elektroneurographie (ENG) wird die Aktivierung eines Muskels nach elektrischer Stimulation des zugeh\u00f6rigen Nervs mittels Oberfl\u00e4chenelektroden aufgezeichnet. Durch Reizung des Nervs an verschiedenen Orten in seinem Verlauf, kann seine Nervenleitgeschwindigkeit (NLG) berechnet werden.\u00a0Zus\u00e4tzlich wird die H\u00f6he der Muskelantwort (Muskelaktionspotential MAP) beurteilt. Das ENG ist die wichtigste Untersuchung bei der Diagnostik [&hellip;]<\/p>\n","protected":false},"author":1,"featured_media":515,"parent":817,"menu_order":0,"comment_status":"closed","ping_status":"closed","template":"","meta":{"_acf_changed":false,"footnotes":""},"class_list":["post-833","page","type-page","status-publish","has-post-thumbnail","hentry"],"acf":[],"yoast_head":"<!-- This site is optimized with the Yoast SEO plugin v26.9 - https:\/\/yoast.com\/product\/yoast-seo-wordpress\/ -->\n<title>Elektroneurographie<\/title>\n<meta name=\"robots\" content=\"index, follow, max-snippet:-1, max-image-preview:large, max-video-preview:-1\" \/>\n<link rel=\"canonical\" href=\"https:\/\/www.kontinenzzentrum.ch\/de\/fachpersonen\/neurophysiologische-tests\/elektroneurographie.html\" \/>\n<meta property=\"og:locale\" content=\"de_DE\" \/>\n<meta property=\"og:type\" content=\"article\" \/>\n<meta property=\"og:title\" content=\"Elektroneurographie\" \/>\n<meta property=\"og:description\" content=\"Elektroneurographie Messung der Nervenleitung Bei der Elektroneurographie (ENG) wird die Aktivierung eines Muskels nach elektrischer Stimulation des zugeh\u00f6rigen Nervs mittels Oberfl\u00e4chenelektroden aufgezeichnet. Durch Reizung des Nervs an verschiedenen Orten in seinem Verlauf, kann seine Nervenleitgeschwindigkeit (NLG) berechnet werden.\u00a0Zus\u00e4tzlich wird die H\u00f6he der Muskelantwort (Muskelaktionspotential MAP) beurteilt. Das ENG ist die wichtigste Untersuchung bei der Diagnostik [&hellip;]\" \/>\n<meta property=\"og:url\" content=\"https:\/\/www.kontinenzzentrum.ch\/de\/fachpersonen\/neurophysiologische-tests\/elektroneurographie.html\" \/>\n<meta property=\"og:site_name\" content=\"KontinenzZentrum\" \/>\n<meta property=\"og:image\" content=\"https:\/\/www.kontinenzzentrum.ch\/wp-content\/uploads\/untersuchung-neurologisch-stock131540239.jpeg\" \/>\n\t<meta property=\"og:image:width\" content=\"1920\" \/>\n\t<meta property=\"og:image:height\" content=\"450\" \/>\n\t<meta property=\"og:image:type\" content=\"image\/jpeg\" \/>\n<meta name=\"twitter:card\" content=\"summary_large_image\" \/>\n<meta name=\"twitter:label1\" content=\"Gesch\u00e4tzte Lesezeit\" \/>\n\t<meta name=\"twitter:data1\" content=\"1\u00a0Minute\" \/>\n<script type=\"application\/ld+json\" class=\"yoast-schema-graph\">{\"@context\":\"https:\/\/schema.org\",\"@graph\":[{\"@type\":\"WebPage\",\"@id\":\"https:\/\/www.kontinenzzentrum.ch\/de\/fachpersonen\/neurophysiologische-tests\/elektroneurographie.html\",\"url\":\"https:\/\/www.kontinenzzentrum.ch\/de\/fachpersonen\/neurophysiologische-tests\/elektroneurographie.html\",\"name\":\"Elektroneurographie\",\"isPartOf\":{\"@id\":\"https:\/\/www.kontinenzzentrum.ch\/de\/#website\"},\"primaryImageOfPage\":{\"@id\":\"https:\/\/www.kontinenzzentrum.ch\/de\/fachpersonen\/neurophysiologische-tests\/elektroneurographie.html#primaryimage\"},\"image\":{\"@id\":\"https:\/\/www.kontinenzzentrum.ch\/de\/fachpersonen\/neurophysiologische-tests\/elektroneurographie.html#primaryimage\"},\"thumbnailUrl\":\"https:\/\/www.kontinenzzentrum.ch\/wp-content\/uploads\/untersuchung-neurologisch-stock131540239.jpeg\",\"datePublished\":\"2023-02-14T12:07:47+00:00\",\"breadcrumb\":{\"@id\":\"https:\/\/www.kontinenzzentrum.ch\/de\/fachpersonen\/neurophysiologische-tests\/elektroneurographie.html#breadcrumb\"},\"inLanguage\":\"de\",\"potentialAction\":[{\"@type\":\"ReadAction\",\"target\":[\"https:\/\/www.kontinenzzentrum.ch\/de\/fachpersonen\/neurophysiologische-tests\/elektroneurographie.html\"]}]},{\"@type\":\"ImageObject\",\"inLanguage\":\"de\",\"@id\":\"https:\/\/www.kontinenzzentrum.ch\/de\/fachpersonen\/neurophysiologische-tests\/elektroneurographie.html#primaryimage\",\"url\":\"https:\/\/www.kontinenzzentrum.ch\/wp-content\/uploads\/untersuchung-neurologisch-stock131540239.jpeg\",\"contentUrl\":\"https:\/\/www.kontinenzzentrum.ch\/wp-content\/uploads\/untersuchung-neurologisch-stock131540239.jpeg\",\"width\":1920,\"height\":450},{\"@type\":\"BreadcrumbList\",\"@id\":\"https:\/\/www.kontinenzzentrum.ch\/de\/fachpersonen\/neurophysiologische-tests\/elektroneurographie.html#breadcrumb\",\"itemListElement\":[{\"@type\":\"ListItem\",\"position\":1,\"name\":\"Startseite\",\"item\":\"https:\/\/www.kontinenzzentrum.ch\/de\"},{\"@type\":\"ListItem\",\"position\":2,\"name\":\"Fachpersonen\",\"item\":\"https:\/\/www.kontinenzzentrum.ch\/de\/fachpersonen.html\"},{\"@type\":\"ListItem\",\"position\":3,\"name\":\"Neurophysiologische Tests\",\"item\":\"https:\/\/www.kontinenzzentrum.ch\/de\/fachpersonen\/neurophysiologische-tests.html\"},{\"@type\":\"ListItem\",\"position\":4,\"name\":\"Elektroneurographie\"}]},{\"@type\":\"WebSite\",\"@id\":\"https:\/\/www.kontinenzzentrum.ch\/de\/#website\",\"url\":\"https:\/\/www.kontinenzzentrum.ch\/de\/\",\"name\":\"KontinenzZentrum Hirslanden Z\u00fcrich\",\"description\":\"KontinenzZentrum Hirslanden Z\u00fcrich: Blasenst\u00f6rungen & Inkontinenz\",\"publisher\":{\"@id\":\"https:\/\/www.kontinenzzentrum.ch\/de\/#organization\"},\"potentialAction\":[{\"@type\":\"SearchAction\",\"target\":{\"@type\":\"EntryPoint\",\"urlTemplate\":\"https:\/\/www.kontinenzzentrum.ch\/de\/?s={search_term_string}\"},\"query-input\":{\"@type\":\"PropertyValueSpecification\",\"valueRequired\":true,\"valueName\":\"search_term_string\"}}],\"inLanguage\":\"de\"},{\"@type\":\"Organization\",\"@id\":\"https:\/\/www.kontinenzzentrum.ch\/de\/#organization\",\"name\":\"KontinenzZentrum Hirslanden Z\u00fcrich\",\"url\":\"https:\/\/www.kontinenzzentrum.ch\/de\/\",\"logo\":{\"@type\":\"ImageObject\",\"inLanguage\":\"de\",\"@id\":\"https:\/\/www.kontinenzzentrum.ch\/de\/#\/schema\/logo\/image\/\",\"url\":\"https:\/\/www.kontinenzzentrum.ch\/wp-content\/uploads\/Logo_KontinenzZentrum.png\",\"contentUrl\":\"https:\/\/www.kontinenzzentrum.ch\/wp-content\/uploads\/Logo_KontinenzZentrum.png\",\"width\":800,\"height\":142,\"caption\":\"KontinenzZentrum Hirslanden Z\u00fcrich\"},\"image\":{\"@id\":\"https:\/\/www.kontinenzzentrum.ch\/de\/#\/schema\/logo\/image\/\"}}]}<\/script>\n<!-- \/ Yoast SEO plugin. -->","yoast_head_json":{"title":"Elektroneurographie","robots":{"index":"index","follow":"follow","max-snippet":"max-snippet:-1","max-image-preview":"max-image-preview:large","max-video-preview":"max-video-preview:-1"},"canonical":"https:\/\/www.kontinenzzentrum.ch\/de\/fachpersonen\/neurophysiologische-tests\/elektroneurographie.html","og_locale":"de_DE","og_type":"article","og_title":"Elektroneurographie","og_description":"Elektroneurographie Messung der Nervenleitung Bei der Elektroneurographie (ENG) wird die Aktivierung eines Muskels nach elektrischer Stimulation des zugeh\u00f6rigen Nervs mittels Oberfl\u00e4chenelektroden aufgezeichnet. Durch Reizung des Nervs an verschiedenen Orten in seinem Verlauf, kann seine Nervenleitgeschwindigkeit (NLG) berechnet werden.\u00a0Zus\u00e4tzlich wird die H\u00f6he der Muskelantwort (Muskelaktionspotential MAP) beurteilt. Das ENG ist die wichtigste Untersuchung bei der Diagnostik [&hellip;]","og_url":"https:\/\/www.kontinenzzentrum.ch\/de\/fachpersonen\/neurophysiologische-tests\/elektroneurographie.html","og_site_name":"KontinenzZentrum","og_image":[{"width":1920,"height":450,"url":"https:\/\/www.kontinenzzentrum.ch\/wp-content\/uploads\/untersuchung-neurologisch-stock131540239.jpeg","type":"image\/jpeg"}],"twitter_card":"summary_large_image","twitter_misc":{"Gesch\u00e4tzte Lesezeit":"1\u00a0Minute"},"schema":{"@context":"https:\/\/schema.org","@graph":[{"@type":"WebPage","@id":"https:\/\/www.kontinenzzentrum.ch\/de\/fachpersonen\/neurophysiologische-tests\/elektroneurographie.html","url":"https:\/\/www.kontinenzzentrum.ch\/de\/fachpersonen\/neurophysiologische-tests\/elektroneurographie.html","name":"Elektroneurographie","isPartOf":{"@id":"https:\/\/www.kontinenzzentrum.ch\/de\/#website"},"primaryImageOfPage":{"@id":"https:\/\/www.kontinenzzentrum.ch\/de\/fachpersonen\/neurophysiologische-tests\/elektroneurographie.html#primaryimage"},"image":{"@id":"https:\/\/www.kontinenzzentrum.ch\/de\/fachpersonen\/neurophysiologische-tests\/elektroneurographie.html#primaryimage"},"thumbnailUrl":"https:\/\/www.kontinenzzentrum.ch\/wp-content\/uploads\/untersuchung-neurologisch-stock131540239.jpeg","datePublished":"2023-02-14T12:07:47+00:00","breadcrumb":{"@id":"https:\/\/www.kontinenzzentrum.ch\/de\/fachpersonen\/neurophysiologische-tests\/elektroneurographie.html#breadcrumb"},"inLanguage":"de","potentialAction":[{"@type":"ReadAction","target":["https:\/\/www.kontinenzzentrum.ch\/de\/fachpersonen\/neurophysiologische-tests\/elektroneurographie.html"]}]},{"@type":"ImageObject","inLanguage":"de","@id":"https:\/\/www.kontinenzzentrum.ch\/de\/fachpersonen\/neurophysiologische-tests\/elektroneurographie.html#primaryimage","url":"https:\/\/www.kontinenzzentrum.ch\/wp-content\/uploads\/untersuchung-neurologisch-stock131540239.jpeg","contentUrl":"https:\/\/www.kontinenzzentrum.ch\/wp-content\/uploads\/untersuchung-neurologisch-stock131540239.jpeg","width":1920,"height":450},{"@type":"BreadcrumbList","@id":"https:\/\/www.kontinenzzentrum.ch\/de\/fachpersonen\/neurophysiologische-tests\/elektroneurographie.html#breadcrumb","itemListElement":[{"@type":"ListItem","position":1,"name":"Startseite","item":"https:\/\/www.kontinenzzentrum.ch\/de"},{"@type":"ListItem","position":2,"name":"Fachpersonen","item":"https:\/\/www.kontinenzzentrum.ch\/de\/fachpersonen.html"},{"@type":"ListItem","position":3,"name":"Neurophysiologische Tests","item":"https:\/\/www.kontinenzzentrum.ch\/de\/fachpersonen\/neurophysiologische-tests.html"},{"@type":"ListItem","position":4,"name":"Elektroneurographie"}]},{"@type":"WebSite","@id":"https:\/\/www.kontinenzzentrum.ch\/de\/#website","url":"https:\/\/www.kontinenzzentrum.ch\/de\/","name":"KontinenzZentrum Hirslanden Z\u00fcrich","description":"KontinenzZentrum Hirslanden Z\u00fcrich: Blasenst\u00f6rungen & Inkontinenz","publisher":{"@id":"https:\/\/www.kontinenzzentrum.ch\/de\/#organization"},"potentialAction":[{"@type":"SearchAction","target":{"@type":"EntryPoint","urlTemplate":"https:\/\/www.kontinenzzentrum.ch\/de\/?s={search_term_string}"},"query-input":{"@type":"PropertyValueSpecification","valueRequired":true,"valueName":"search_term_string"}}],"inLanguage":"de"},{"@type":"Organization","@id":"https:\/\/www.kontinenzzentrum.ch\/de\/#organization","name":"KontinenzZentrum Hirslanden Z\u00fcrich","url":"https:\/\/www.kontinenzzentrum.ch\/de\/","logo":{"@type":"ImageObject","inLanguage":"de","@id":"https:\/\/www.kontinenzzentrum.ch\/de\/#\/schema\/logo\/image\/","url":"https:\/\/www.kontinenzzentrum.ch\/wp-content\/uploads\/Logo_KontinenzZentrum.png","contentUrl":"https:\/\/www.kontinenzzentrum.ch\/wp-content\/uploads\/Logo_KontinenzZentrum.png","width":800,"height":142,"caption":"KontinenzZentrum Hirslanden Z\u00fcrich"},"image":{"@id":"https:\/\/www.kontinenzzentrum.ch\/de\/#\/schema\/logo\/image\/"}}]}},"_links":{"self":[{"href":"https:\/\/www.kontinenzzentrum.ch\/de\/wp-json\/wp\/v2\/pages\/833","targetHints":{"allow":["GET"]}}],"collection":[{"href":"https:\/\/www.kontinenzzentrum.ch\/de\/wp-json\/wp\/v2\/pages"}],"about":[{"href":"https:\/\/www.kontinenzzentrum.ch\/de\/wp-json\/wp\/v2\/types\/page"}],"author":[{"embeddable":true,"href":"https:\/\/www.kontinenzzentrum.ch\/de\/wp-json\/wp\/v2\/users\/1"}],"replies":[{"embeddable":true,"href":"https:\/\/www.kontinenzzentrum.ch\/de\/wp-json\/wp\/v2\/comments?post=833"}],"version-history":[{"count":2,"href":"https:\/\/www.kontinenzzentrum.ch\/de\/wp-json\/wp\/v2\/pages\/833\/revisions"}],"predecessor-version":[{"id":835,"href":"https:\/\/www.kontinenzzentrum.ch\/de\/wp-json\/wp\/v2\/pages\/833\/revisions\/835"}],"up":[{"embeddable":true,"href":"https:\/\/www.kontinenzzentrum.ch\/de\/wp-json\/wp\/v2\/pages\/817"}],"wp:featuredmedia":[{"embeddable":true,"href":"https:\/\/www.kontinenzzentrum.ch\/de\/wp-json\/wp\/v2\/media\/515"}],"wp:attachment":[{"href":"https:\/\/www.kontinenzzentrum.ch\/de\/wp-json\/wp\/v2\/media?parent=833"}],"curies":[{"name":"wp","href":"https:\/\/api.w.org\/{rel}","templated":true}]}}