{"id":836,"date":"2023-02-14T13:10:12","date_gmt":"2023-02-14T12:10:12","guid":{"rendered":"https:\/\/www.kontinenzzentrum.ch\/?page_id=836"},"modified":"2023-02-14T13:10:12","modified_gmt":"2023-02-14T12:10:12","slug":"forschung","status":"publish","type":"page","link":"https:\/\/www.kontinenzzentrum.ch\/de\/fachpersonen\/forschung.html","title":{"rendered":"Forschung"},"content":{"rendered":"<div id=\"pl-836\"  class=\"panel-layout\" ><div id=\"pg-836-0\"  class=\"panel-grid panel-no-style\" ><div id=\"pgc-836-0-0\"  class=\"panel-grid-cell\" ><div id=\"panel-836-0-0-0\" class=\"so-panel widget widget_sow-editor panel-first-child panel-last-child\" data-index=\"0\" ><div\n\t\t\t\n\t\t\tclass=\"so-widget-sow-editor so-widget-sow-editor-base\"\n\t\t\t\n\t\t>\n<div class=\"siteorigin-widget-tinymce textwidget\">\n\t<h1>Forschung<\/h1>\n<h2>Neue Horizonte f\u00fcr bislang ungel\u00f6ste Probleme<\/h2>\n<p>Vor dem Hintergrund unserer langj\u00e4hrigen klinischen und wissenschaftlichen Erfahrungen erhalten Sie von uns Therapieempfehlungen, f\u00fcr die es eine ausreichende wissenschaftliche Evidenz gibt bzw. die in Leitlinien der internationalen Fachgesellschaften aufgef\u00fchrt sind. Immer wieder jedoch ergeben sich in unserer t\u00e4glichen Arbeit mit Betroffenen neue Herausforderungen in der Diagnostik und der Therapie von komplizierten Blasen- und Schliessmuskelfunktionsst\u00f6rungen. Wir stellen uns diesen Herausforderungen, entwickeln neue Diagnosemethoden und Therapieverfahren und \u00fcberpr\u00fcfen ihre Wirksamkeit in klinischen Studien.<\/p>\n<p>Die Mitarbeit in Forschungsgremien, Arbeitskreisen von Fachgesellschaften und Arbeitsgruppen zur Erstellung von Leitlinien und Handlungsempfehlungen erm\u00f6glicht es uns, jederzeit den aktuellen Stand der medizinischen Forschung in unsere t\u00e4gliche Arbeit mit Betroffenen einzubringen.<\/p>\n<p>Wir \u00fcberpr\u00fcfen st\u00e4ndig die Qualit\u00e4t unserer Arbeit und pr\u00e4sentieren die Ergebnisse unserer Therapieempfehlungen auf wissenschaftlichen Kongressen.<\/p>\n<p>Als Mitglied des Lehrk\u00f6rpers der Universit\u00e4t Z\u00fcrich beteiligen wir uns an der Ausbildung von Medizinstudenten der Universit\u00e4t Z\u00fcrich und betreuen Medizinische Dissertationen und Masterarbeiten.<\/p>\n<\/div>\n<\/div><\/div><\/div><\/div><\/div>","protected":false},"excerpt":{"rendered":"<p>Forschung Neue Horizonte f\u00fcr bislang ungel\u00f6ste Probleme Vor dem Hintergrund unserer langj\u00e4hrigen klinischen und wissenschaftlichen Erfahrungen erhalten Sie von uns Therapieempfehlungen, f\u00fcr die es eine ausreichende wissenschaftliche Evidenz gibt bzw. die in Leitlinien der internationalen Fachgesellschaften aufgef\u00fchrt sind. Immer wieder jedoch ergeben sich in unserer t\u00e4glichen Arbeit mit Betroffenen neue Herausforderungen in der Diagnostik und [&hellip;]<\/p>\n","protected":false},"author":1,"featured_media":837,"parent":710,"menu_order":0,"comment_status":"closed","ping_status":"closed","template":"","meta":{"_acf_changed":false,"footnotes":""},"class_list":["post-836","page","type-page","status-publish","has-post-thumbnail","hentry"],"acf":[],"yoast_head":"<!-- This site is optimized with the Yoast SEO plugin v26.9 - https:\/\/yoast.com\/product\/yoast-seo-wordpress\/ -->\n<title>Forschung<\/title>\n<meta name=\"robots\" content=\"index, follow, max-snippet:-1, max-image-preview:large, max-video-preview:-1\" \/>\n<link rel=\"canonical\" href=\"https:\/\/www.kontinenzzentrum.ch\/de\/fachpersonen\/forschung.html\" \/>\n<meta property=\"og:locale\" content=\"de_DE\" \/>\n<meta property=\"og:type\" content=\"article\" \/>\n<meta property=\"og:title\" content=\"Forschung\" \/>\n<meta property=\"og:description\" content=\"Forschung Neue Horizonte f\u00fcr bislang ungel\u00f6ste Probleme Vor dem Hintergrund unserer langj\u00e4hrigen klinischen und wissenschaftlichen Erfahrungen erhalten Sie von uns Therapieempfehlungen, f\u00fcr die es eine ausreichende wissenschaftliche Evidenz gibt bzw. die in Leitlinien der internationalen Fachgesellschaften aufgef\u00fchrt sind. Immer wieder jedoch ergeben sich in unserer t\u00e4glichen Arbeit mit Betroffenen neue Herausforderungen in der Diagnostik und [&hellip;]\" \/>\n<meta property=\"og:url\" content=\"https:\/\/www.kontinenzzentrum.ch\/de\/fachpersonen\/forschung.html\" \/>\n<meta property=\"og:site_name\" content=\"KontinenzZentrum\" \/>\n<meta property=\"og:image\" content=\"https:\/\/www.kontinenzzentrum.ch\/wp-content\/uploads\/ueber-uns-forschung-9908.jpeg\" \/>\n\t<meta property=\"og:image:width\" content=\"1920\" \/>\n\t<meta property=\"og:image:height\" content=\"450\" \/>\n\t<meta property=\"og:image:type\" content=\"image\/jpeg\" \/>\n<meta name=\"twitter:card\" content=\"summary_large_image\" \/>\n<meta name=\"twitter:label1\" content=\"Gesch\u00e4tzte Lesezeit\" \/>\n\t<meta name=\"twitter:data1\" content=\"1\u00a0Minute\" \/>\n<script type=\"application\/ld+json\" class=\"yoast-schema-graph\">{\"@context\":\"https:\/\/schema.org\",\"@graph\":[{\"@type\":\"WebPage\",\"@id\":\"https:\/\/www.kontinenzzentrum.ch\/de\/fachpersonen\/forschung.html\",\"url\":\"https:\/\/www.kontinenzzentrum.ch\/de\/fachpersonen\/forschung.html\",\"name\":\"Forschung\",\"isPartOf\":{\"@id\":\"https:\/\/www.kontinenzzentrum.ch\/de\/#website\"},\"primaryImageOfPage\":{\"@id\":\"https:\/\/www.kontinenzzentrum.ch\/de\/fachpersonen\/forschung.html#primaryimage\"},\"image\":{\"@id\":\"https:\/\/www.kontinenzzentrum.ch\/de\/fachpersonen\/forschung.html#primaryimage\"},\"thumbnailUrl\":\"https:\/\/www.kontinenzzentrum.ch\/wp-content\/uploads\/ueber-uns-forschung-9908.jpeg\",\"datePublished\":\"2023-02-14T12:10:12+00:00\",\"breadcrumb\":{\"@id\":\"https:\/\/www.kontinenzzentrum.ch\/de\/fachpersonen\/forschung.html#breadcrumb\"},\"inLanguage\":\"de\",\"potentialAction\":[{\"@type\":\"ReadAction\",\"target\":[\"https:\/\/www.kontinenzzentrum.ch\/de\/fachpersonen\/forschung.html\"]}]},{\"@type\":\"ImageObject\",\"inLanguage\":\"de\",\"@id\":\"https:\/\/www.kontinenzzentrum.ch\/de\/fachpersonen\/forschung.html#primaryimage\",\"url\":\"https:\/\/www.kontinenzzentrum.ch\/wp-content\/uploads\/ueber-uns-forschung-9908.jpeg\",\"contentUrl\":\"https:\/\/www.kontinenzzentrum.ch\/wp-content\/uploads\/ueber-uns-forschung-9908.jpeg\",\"width\":1920,\"height\":450},{\"@type\":\"BreadcrumbList\",\"@id\":\"https:\/\/www.kontinenzzentrum.ch\/de\/fachpersonen\/forschung.html#breadcrumb\",\"itemListElement\":[{\"@type\":\"ListItem\",\"position\":1,\"name\":\"Startseite\",\"item\":\"https:\/\/www.kontinenzzentrum.ch\/de\"},{\"@type\":\"ListItem\",\"position\":2,\"name\":\"Fachpersonen\",\"item\":\"https:\/\/www.kontinenzzentrum.ch\/de\/fachpersonen.html\"},{\"@type\":\"ListItem\",\"position\":3,\"name\":\"Forschung\"}]},{\"@type\":\"WebSite\",\"@id\":\"https:\/\/www.kontinenzzentrum.ch\/de\/#website\",\"url\":\"https:\/\/www.kontinenzzentrum.ch\/de\/\",\"name\":\"KontinenzZentrum Hirslanden Z\u00fcrich\",\"description\":\"KontinenzZentrum Hirslanden Z\u00fcrich: Blasenst\u00f6rungen & Inkontinenz\",\"publisher\":{\"@id\":\"https:\/\/www.kontinenzzentrum.ch\/de\/#organization\"},\"potentialAction\":[{\"@type\":\"SearchAction\",\"target\":{\"@type\":\"EntryPoint\",\"urlTemplate\":\"https:\/\/www.kontinenzzentrum.ch\/de\/?s={search_term_string}\"},\"query-input\":{\"@type\":\"PropertyValueSpecification\",\"valueRequired\":true,\"valueName\":\"search_term_string\"}}],\"inLanguage\":\"de\"},{\"@type\":\"Organization\",\"@id\":\"https:\/\/www.kontinenzzentrum.ch\/de\/#organization\",\"name\":\"KontinenzZentrum Hirslanden Z\u00fcrich\",\"url\":\"https:\/\/www.kontinenzzentrum.ch\/de\/\",\"logo\":{\"@type\":\"ImageObject\",\"inLanguage\":\"de\",\"@id\":\"https:\/\/www.kontinenzzentrum.ch\/de\/#\/schema\/logo\/image\/\",\"url\":\"https:\/\/www.kontinenzzentrum.ch\/wp-content\/uploads\/Logo_KontinenzZentrum.png\",\"contentUrl\":\"https:\/\/www.kontinenzzentrum.ch\/wp-content\/uploads\/Logo_KontinenzZentrum.png\",\"width\":800,\"height\":142,\"caption\":\"KontinenzZentrum Hirslanden Z\u00fcrich\"},\"image\":{\"@id\":\"https:\/\/www.kontinenzzentrum.ch\/de\/#\/schema\/logo\/image\/\"}}]}<\/script>\n<!-- \/ Yoast SEO plugin. -->","yoast_head_json":{"title":"Forschung","robots":{"index":"index","follow":"follow","max-snippet":"max-snippet:-1","max-image-preview":"max-image-preview:large","max-video-preview":"max-video-preview:-1"},"canonical":"https:\/\/www.kontinenzzentrum.ch\/de\/fachpersonen\/forschung.html","og_locale":"de_DE","og_type":"article","og_title":"Forschung","og_description":"Forschung Neue Horizonte f\u00fcr bislang ungel\u00f6ste Probleme Vor dem Hintergrund unserer langj\u00e4hrigen klinischen und wissenschaftlichen Erfahrungen erhalten Sie von uns Therapieempfehlungen, f\u00fcr die es eine ausreichende wissenschaftliche Evidenz gibt bzw. die in Leitlinien der internationalen Fachgesellschaften aufgef\u00fchrt sind. Immer wieder jedoch ergeben sich in unserer t\u00e4glichen Arbeit mit Betroffenen neue Herausforderungen in der Diagnostik und [&hellip;]","og_url":"https:\/\/www.kontinenzzentrum.ch\/de\/fachpersonen\/forschung.html","og_site_name":"KontinenzZentrum","og_image":[{"width":1920,"height":450,"url":"https:\/\/www.kontinenzzentrum.ch\/wp-content\/uploads\/ueber-uns-forschung-9908.jpeg","type":"image\/jpeg"}],"twitter_card":"summary_large_image","twitter_misc":{"Gesch\u00e4tzte Lesezeit":"1\u00a0Minute"},"schema":{"@context":"https:\/\/schema.org","@graph":[{"@type":"WebPage","@id":"https:\/\/www.kontinenzzentrum.ch\/de\/fachpersonen\/forschung.html","url":"https:\/\/www.kontinenzzentrum.ch\/de\/fachpersonen\/forschung.html","name":"Forschung","isPartOf":{"@id":"https:\/\/www.kontinenzzentrum.ch\/de\/#website"},"primaryImageOfPage":{"@id":"https:\/\/www.kontinenzzentrum.ch\/de\/fachpersonen\/forschung.html#primaryimage"},"image":{"@id":"https:\/\/www.kontinenzzentrum.ch\/de\/fachpersonen\/forschung.html#primaryimage"},"thumbnailUrl":"https:\/\/www.kontinenzzentrum.ch\/wp-content\/uploads\/ueber-uns-forschung-9908.jpeg","datePublished":"2023-02-14T12:10:12+00:00","breadcrumb":{"@id":"https:\/\/www.kontinenzzentrum.ch\/de\/fachpersonen\/forschung.html#breadcrumb"},"inLanguage":"de","potentialAction":[{"@type":"ReadAction","target":["https:\/\/www.kontinenzzentrum.ch\/de\/fachpersonen\/forschung.html"]}]},{"@type":"ImageObject","inLanguage":"de","@id":"https:\/\/www.kontinenzzentrum.ch\/de\/fachpersonen\/forschung.html#primaryimage","url":"https:\/\/www.kontinenzzentrum.ch\/wp-content\/uploads\/ueber-uns-forschung-9908.jpeg","contentUrl":"https:\/\/www.kontinenzzentrum.ch\/wp-content\/uploads\/ueber-uns-forschung-9908.jpeg","width":1920,"height":450},{"@type":"BreadcrumbList","@id":"https:\/\/www.kontinenzzentrum.ch\/de\/fachpersonen\/forschung.html#breadcrumb","itemListElement":[{"@type":"ListItem","position":1,"name":"Startseite","item":"https:\/\/www.kontinenzzentrum.ch\/de"},{"@type":"ListItem","position":2,"name":"Fachpersonen","item":"https:\/\/www.kontinenzzentrum.ch\/de\/fachpersonen.html"},{"@type":"ListItem","position":3,"name":"Forschung"}]},{"@type":"WebSite","@id":"https:\/\/www.kontinenzzentrum.ch\/de\/#website","url":"https:\/\/www.kontinenzzentrum.ch\/de\/","name":"KontinenzZentrum Hirslanden Z\u00fcrich","description":"KontinenzZentrum Hirslanden Z\u00fcrich: Blasenst\u00f6rungen & Inkontinenz","publisher":{"@id":"https:\/\/www.kontinenzzentrum.ch\/de\/#organization"},"potentialAction":[{"@type":"SearchAction","target":{"@type":"EntryPoint","urlTemplate":"https:\/\/www.kontinenzzentrum.ch\/de\/?s={search_term_string}"},"query-input":{"@type":"PropertyValueSpecification","valueRequired":true,"valueName":"search_term_string"}}],"inLanguage":"de"},{"@type":"Organization","@id":"https:\/\/www.kontinenzzentrum.ch\/de\/#organization","name":"KontinenzZentrum Hirslanden Z\u00fcrich","url":"https:\/\/www.kontinenzzentrum.ch\/de\/","logo":{"@type":"ImageObject","inLanguage":"de","@id":"https:\/\/www.kontinenzzentrum.ch\/de\/#\/schema\/logo\/image\/","url":"https:\/\/www.kontinenzzentrum.ch\/wp-content\/uploads\/Logo_KontinenzZentrum.png","contentUrl":"https:\/\/www.kontinenzzentrum.ch\/wp-content\/uploads\/Logo_KontinenzZentrum.png","width":800,"height":142,"caption":"KontinenzZentrum Hirslanden Z\u00fcrich"},"image":{"@id":"https:\/\/www.kontinenzzentrum.ch\/de\/#\/schema\/logo\/image\/"}}]}},"_links":{"self":[{"href":"https:\/\/www.kontinenzzentrum.ch\/de\/wp-json\/wp\/v2\/pages\/836","targetHints":{"allow":["GET"]}}],"collection":[{"href":"https:\/\/www.kontinenzzentrum.ch\/de\/wp-json\/wp\/v2\/pages"}],"about":[{"href":"https:\/\/www.kontinenzzentrum.ch\/de\/wp-json\/wp\/v2\/types\/page"}],"author":[{"embeddable":true,"href":"https:\/\/www.kontinenzzentrum.ch\/de\/wp-json\/wp\/v2\/users\/1"}],"replies":[{"embeddable":true,"href":"https:\/\/www.kontinenzzentrum.ch\/de\/wp-json\/wp\/v2\/comments?post=836"}],"version-history":[{"count":2,"href":"https:\/\/www.kontinenzzentrum.ch\/de\/wp-json\/wp\/v2\/pages\/836\/revisions"}],"predecessor-version":[{"id":839,"href":"https:\/\/www.kontinenzzentrum.ch\/de\/wp-json\/wp\/v2\/pages\/836\/revisions\/839"}],"up":[{"embeddable":true,"href":"https:\/\/www.kontinenzzentrum.ch\/de\/wp-json\/wp\/v2\/pages\/710"}],"wp:featuredmedia":[{"embeddable":true,"href":"https:\/\/www.kontinenzzentrum.ch\/de\/wp-json\/wp\/v2\/media\/837"}],"wp:attachment":[{"href":"https:\/\/www.kontinenzzentrum.ch\/de\/wp-json\/wp\/v2\/media?parent=836"}],"curies":[{"name":"wp","href":"https:\/\/api.w.org\/{rel}","templated":true}]}}