{"id":845,"date":"2023-02-14T13:17:01","date_gmt":"2023-02-14T12:17:01","guid":{"rendered":"https:\/\/www.kontinenzzentrum.ch\/?page_id=845"},"modified":"2025-06-25T11:19:29","modified_gmt":"2025-06-25T09:19:29","slug":"zuweisung","status":"publish","type":"page","link":"https:\/\/www.kontinenzzentrum.ch\/de\/fachpersonen\/zuweisung.html","title":{"rendered":"Zuweisung"},"content":{"rendered":"<div id=\"pl-845\"  class=\"panel-layout\" ><div id=\"pg-845-0\"  class=\"panel-grid panel-no-style\" ><div id=\"pgc-845-0-0\"  class=\"panel-grid-cell\" ><div id=\"panel-845-0-0-0\" class=\"so-panel widget widget_sow-editor panel-first-child panel-last-child\" data-index=\"0\" ><div\n\t\t\t\n\t\t\tclass=\"so-widget-sow-editor so-widget-sow-editor-base\"\n\t\t\t\n\t\t>\n<div class=\"siteorigin-widget-tinymce textwidget\">\n\t<h1>Zuweisung<\/h1>\n<h2>Informationen und Kontakt f\u00fcr zuweisende \u00c4rzte<\/h2>\n<p>Eine\u00a0<strong>vertrauensvolle Zusammenarbeit<\/strong>\u00a0mit Haus\u00e4rzten und Spezialisten ist f\u00fcr uns selbstverst\u00e4ndlich.\u00a0Wir behandeln in unserem Zentrum Patienten\u00a0<strong>aller Versicherungsklassen<\/strong>. Operative Eingriffe bei allgemein, halbprivat und privat versicherte Patienten werden in der Klinik Hirslanden angeboten.<\/p>\n<p>Wir bieten unseren Zuweisern eine\u00a0<strong>zeitnahe und effiziente Betreuung<\/strong>\u00a0ihrer Patienten. Wir arbeiten an der kontinuierlichen Verbesserung effizienter Prozesse, die sich an den Bed\u00fcrfnissen unserer Patienten und Partner orientieren.<\/p>\n<p>F\u00fcr telefonische Zuweisungen erreichen Sie uns von Montag bis Freitag von 8:00 bis 17:00 unter\u00a0<strong>Tel: <a class=\"\" href=\"tel:+41443872910\">+41 44 387 29 10<\/a>.\u00a0<\/strong><\/p>\n<p>Schriftliche Anfragen nehmen wir gerne per\u00a0<strong>E-Mail:<\/strong> <a class=\"\" href=\"mailto:&#107;o&#110;&#116;&#105;&#110;en&#122;z&#101;&#110;&#116;r&#117;m&#46;hir&#115;&#108;a&#110;den&#64;h&#105;&#114;sland&#101;&#110;&#46;&#99;&#104;\">kon&#116;&#105;&#110;e&#110;zze&#110;&#116;r&#117;m.&#104;&#105;&#114;&#115;land&#101;n&#64;hirs&#108;a&#110;&#100;&#101;n&#46;&#99;h<\/a><strong>\u00a0 <\/strong>oder per <strong>Fax<\/strong>\u00a0<strong><span class=\"\">+41 44 387 29 11<\/span><\/strong>\u00a0entgegen.<\/p>\n<\/div>\n<\/div><\/div><\/div><\/div><div id=\"pg-845-1\"  class=\"panel-grid panel-has-style\" ><div class=\"fn-lines panel-row-style panel-row-style-for-845-1\" ><div id=\"pgc-845-1-0\"  class=\"panel-grid-cell\" ><div id=\"panel-845-1-0-0\" class=\"so-panel widget widget_sow-editor panel-first-child panel-last-child\" data-index=\"1\" ><div\n\t\t\t\n\t\t\tclass=\"so-widget-sow-editor so-widget-sow-editor-base\"\n\t\t\t\n\t\t>\n<div class=\"siteorigin-widget-tinymce textwidget\">\n\t<h3>Anmeldung zur Untersuchung<\/h3>\n<p><a href=\"https:\/\/www.kontinenzzentrum.ch\/wp-content\/uploads\/Konsil_KontinenzZentrum_Anmeldung_intern_2025-1.pdf\">Download Zuweisungsformular<\/a><\/p>\n<\/div>\n<\/div><\/div><\/div><\/div><\/div><\/div>","protected":false},"excerpt":{"rendered":"<p>Zuweisung Informationen und Kontakt f\u00fcr zuweisende \u00c4rzte Eine\u00a0vertrauensvolle Zusammenarbeit\u00a0mit Haus\u00e4rzten und Spezialisten ist f\u00fcr uns selbstverst\u00e4ndlich.\u00a0Wir behandeln in unserem Zentrum Patienten\u00a0aller Versicherungsklassen. Operative Eingriffe bei allgemein, halbprivat und privat versicherte Patienten werden in der Klinik Hirslanden angeboten. Wir bieten unseren Zuweisern eine\u00a0zeitnahe und effiziente Betreuung\u00a0ihrer Patienten. Wir arbeiten an der kontinuierlichen Verbesserung effizienter Prozesse, die [&hellip;]<\/p>\n","protected":false},"author":1,"featured_media":847,"parent":710,"menu_order":0,"comment_status":"closed","ping_status":"closed","template":"","meta":{"_acf_changed":false,"footnotes":""},"class_list":["post-845","page","type-page","status-publish","has-post-thumbnail","hentry"],"acf":[],"yoast_head":"<!-- This site is optimized with the Yoast SEO plugin v26.9 - https:\/\/yoast.com\/product\/yoast-seo-wordpress\/ -->\n<title>Zuweisung<\/title>\n<meta name=\"robots\" content=\"index, follow, max-snippet:-1, max-image-preview:large, max-video-preview:-1\" \/>\n<link rel=\"canonical\" href=\"https:\/\/www.kontinenzzentrum.ch\/de\/fachpersonen\/zuweisung.html\" \/>\n<meta property=\"og:locale\" content=\"de_DE\" \/>\n<meta property=\"og:type\" content=\"article\" \/>\n<meta property=\"og:title\" content=\"Zuweisung\" \/>\n<meta property=\"og:description\" content=\"Zuweisung Informationen und Kontakt f\u00fcr zuweisende \u00c4rzte Eine\u00a0vertrauensvolle Zusammenarbeit\u00a0mit Haus\u00e4rzten und Spezialisten ist f\u00fcr uns selbstverst\u00e4ndlich.\u00a0Wir behandeln in unserem Zentrum Patienten\u00a0aller Versicherungsklassen. Operative Eingriffe bei allgemein, halbprivat und privat versicherte Patienten werden in der Klinik Hirslanden angeboten. Wir bieten unseren Zuweisern eine\u00a0zeitnahe und effiziente Betreuung\u00a0ihrer Patienten. Wir arbeiten an der kontinuierlichen Verbesserung effizienter Prozesse, die [&hellip;]\" \/>\n<meta property=\"og:url\" content=\"https:\/\/www.kontinenzzentrum.ch\/de\/fachpersonen\/zuweisung.html\" \/>\n<meta property=\"og:site_name\" content=\"KontinenzZentrum\" \/>\n<meta property=\"article:modified_time\" content=\"2025-06-25T09:19:29+00:00\" \/>\n<meta property=\"og:image\" content=\"https:\/\/www.kontinenzzentrum.ch\/wp-content\/uploads\/fachpersonen-forschung-11926.jpeg\" \/>\n\t<meta property=\"og:image:width\" content=\"1920\" \/>\n\t<meta property=\"og:image:height\" content=\"400\" \/>\n\t<meta property=\"og:image:type\" content=\"image\/jpeg\" \/>\n<meta name=\"twitter:card\" content=\"summary_large_image\" \/>\n<meta name=\"twitter:label1\" content=\"Gesch\u00e4tzte Lesezeit\" \/>\n\t<meta name=\"twitter:data1\" content=\"1\u00a0Minute\" \/>\n<script type=\"application\/ld+json\" class=\"yoast-schema-graph\">{\"@context\":\"https:\/\/schema.org\",\"@graph\":[{\"@type\":\"WebPage\",\"@id\":\"https:\/\/www.kontinenzzentrum.ch\/de\/fachpersonen\/zuweisung.html\",\"url\":\"https:\/\/www.kontinenzzentrum.ch\/de\/fachpersonen\/zuweisung.html\",\"name\":\"Zuweisung\",\"isPartOf\":{\"@id\":\"https:\/\/www.kontinenzzentrum.ch\/de\/#website\"},\"primaryImageOfPage\":{\"@id\":\"https:\/\/www.kontinenzzentrum.ch\/de\/fachpersonen\/zuweisung.html#primaryimage\"},\"image\":{\"@id\":\"https:\/\/www.kontinenzzentrum.ch\/de\/fachpersonen\/zuweisung.html#primaryimage\"},\"thumbnailUrl\":\"https:\/\/www.kontinenzzentrum.ch\/wp-content\/uploads\/fachpersonen-forschung-11926.jpeg\",\"datePublished\":\"2023-02-14T12:17:01+00:00\",\"dateModified\":\"2025-06-25T09:19:29+00:00\",\"breadcrumb\":{\"@id\":\"https:\/\/www.kontinenzzentrum.ch\/de\/fachpersonen\/zuweisung.html#breadcrumb\"},\"inLanguage\":\"de\",\"potentialAction\":[{\"@type\":\"ReadAction\",\"target\":[\"https:\/\/www.kontinenzzentrum.ch\/de\/fachpersonen\/zuweisung.html\"]}]},{\"@type\":\"ImageObject\",\"inLanguage\":\"de\",\"@id\":\"https:\/\/www.kontinenzzentrum.ch\/de\/fachpersonen\/zuweisung.html#primaryimage\",\"url\":\"https:\/\/www.kontinenzzentrum.ch\/wp-content\/uploads\/fachpersonen-forschung-11926.jpeg\",\"contentUrl\":\"https:\/\/www.kontinenzzentrum.ch\/wp-content\/uploads\/fachpersonen-forschung-11926.jpeg\",\"width\":1920,\"height\":400},{\"@type\":\"BreadcrumbList\",\"@id\":\"https:\/\/www.kontinenzzentrum.ch\/de\/fachpersonen\/zuweisung.html#breadcrumb\",\"itemListElement\":[{\"@type\":\"ListItem\",\"position\":1,\"name\":\"Startseite\",\"item\":\"https:\/\/www.kontinenzzentrum.ch\/de\"},{\"@type\":\"ListItem\",\"position\":2,\"name\":\"Fachpersonen\",\"item\":\"https:\/\/www.kontinenzzentrum.ch\/de\/fachpersonen.html\"},{\"@type\":\"ListItem\",\"position\":3,\"name\":\"Zuweisung\"}]},{\"@type\":\"WebSite\",\"@id\":\"https:\/\/www.kontinenzzentrum.ch\/de\/#website\",\"url\":\"https:\/\/www.kontinenzzentrum.ch\/de\/\",\"name\":\"KontinenzZentrum Hirslanden Z\u00fcrich\",\"description\":\"KontinenzZentrum Hirslanden Z\u00fcrich: Blasenst\u00f6rungen & Inkontinenz\",\"publisher\":{\"@id\":\"https:\/\/www.kontinenzzentrum.ch\/de\/#organization\"},\"potentialAction\":[{\"@type\":\"SearchAction\",\"target\":{\"@type\":\"EntryPoint\",\"urlTemplate\":\"https:\/\/www.kontinenzzentrum.ch\/de\/?s={search_term_string}\"},\"query-input\":{\"@type\":\"PropertyValueSpecification\",\"valueRequired\":true,\"valueName\":\"search_term_string\"}}],\"inLanguage\":\"de\"},{\"@type\":\"Organization\",\"@id\":\"https:\/\/www.kontinenzzentrum.ch\/de\/#organization\",\"name\":\"KontinenzZentrum Hirslanden Z\u00fcrich\",\"url\":\"https:\/\/www.kontinenzzentrum.ch\/de\/\",\"logo\":{\"@type\":\"ImageObject\",\"inLanguage\":\"de\",\"@id\":\"https:\/\/www.kontinenzzentrum.ch\/de\/#\/schema\/logo\/image\/\",\"url\":\"https:\/\/www.kontinenzzentrum.ch\/wp-content\/uploads\/Logo_KontinenzZentrum.png\",\"contentUrl\":\"https:\/\/www.kontinenzzentrum.ch\/wp-content\/uploads\/Logo_KontinenzZentrum.png\",\"width\":800,\"height\":142,\"caption\":\"KontinenzZentrum Hirslanden Z\u00fcrich\"},\"image\":{\"@id\":\"https:\/\/www.kontinenzzentrum.ch\/de\/#\/schema\/logo\/image\/\"}}]}<\/script>\n<!-- \/ Yoast SEO plugin. -->","yoast_head_json":{"title":"Zuweisung","robots":{"index":"index","follow":"follow","max-snippet":"max-snippet:-1","max-image-preview":"max-image-preview:large","max-video-preview":"max-video-preview:-1"},"canonical":"https:\/\/www.kontinenzzentrum.ch\/de\/fachpersonen\/zuweisung.html","og_locale":"de_DE","og_type":"article","og_title":"Zuweisung","og_description":"Zuweisung Informationen und Kontakt f\u00fcr zuweisende \u00c4rzte Eine\u00a0vertrauensvolle Zusammenarbeit\u00a0mit Haus\u00e4rzten und Spezialisten ist f\u00fcr uns selbstverst\u00e4ndlich.\u00a0Wir behandeln in unserem Zentrum Patienten\u00a0aller Versicherungsklassen. Operative Eingriffe bei allgemein, halbprivat und privat versicherte Patienten werden in der Klinik Hirslanden angeboten. Wir bieten unseren Zuweisern eine\u00a0zeitnahe und effiziente Betreuung\u00a0ihrer Patienten. Wir arbeiten an der kontinuierlichen Verbesserung effizienter Prozesse, die [&hellip;]","og_url":"https:\/\/www.kontinenzzentrum.ch\/de\/fachpersonen\/zuweisung.html","og_site_name":"KontinenzZentrum","article_modified_time":"2025-06-25T09:19:29+00:00","og_image":[{"width":1920,"height":400,"url":"https:\/\/www.kontinenzzentrum.ch\/wp-content\/uploads\/fachpersonen-forschung-11926.jpeg","type":"image\/jpeg"}],"twitter_card":"summary_large_image","twitter_misc":{"Gesch\u00e4tzte Lesezeit":"1\u00a0Minute"},"schema":{"@context":"https:\/\/schema.org","@graph":[{"@type":"WebPage","@id":"https:\/\/www.kontinenzzentrum.ch\/de\/fachpersonen\/zuweisung.html","url":"https:\/\/www.kontinenzzentrum.ch\/de\/fachpersonen\/zuweisung.html","name":"Zuweisung","isPartOf":{"@id":"https:\/\/www.kontinenzzentrum.ch\/de\/#website"},"primaryImageOfPage":{"@id":"https:\/\/www.kontinenzzentrum.ch\/de\/fachpersonen\/zuweisung.html#primaryimage"},"image":{"@id":"https:\/\/www.kontinenzzentrum.ch\/de\/fachpersonen\/zuweisung.html#primaryimage"},"thumbnailUrl":"https:\/\/www.kontinenzzentrum.ch\/wp-content\/uploads\/fachpersonen-forschung-11926.jpeg","datePublished":"2023-02-14T12:17:01+00:00","dateModified":"2025-06-25T09:19:29+00:00","breadcrumb":{"@id":"https:\/\/www.kontinenzzentrum.ch\/de\/fachpersonen\/zuweisung.html#breadcrumb"},"inLanguage":"de","potentialAction":[{"@type":"ReadAction","target":["https:\/\/www.kontinenzzentrum.ch\/de\/fachpersonen\/zuweisung.html"]}]},{"@type":"ImageObject","inLanguage":"de","@id":"https:\/\/www.kontinenzzentrum.ch\/de\/fachpersonen\/zuweisung.html#primaryimage","url":"https:\/\/www.kontinenzzentrum.ch\/wp-content\/uploads\/fachpersonen-forschung-11926.jpeg","contentUrl":"https:\/\/www.kontinenzzentrum.ch\/wp-content\/uploads\/fachpersonen-forschung-11926.jpeg","width":1920,"height":400},{"@type":"BreadcrumbList","@id":"https:\/\/www.kontinenzzentrum.ch\/de\/fachpersonen\/zuweisung.html#breadcrumb","itemListElement":[{"@type":"ListItem","position":1,"name":"Startseite","item":"https:\/\/www.kontinenzzentrum.ch\/de"},{"@type":"ListItem","position":2,"name":"Fachpersonen","item":"https:\/\/www.kontinenzzentrum.ch\/de\/fachpersonen.html"},{"@type":"ListItem","position":3,"name":"Zuweisung"}]},{"@type":"WebSite","@id":"https:\/\/www.kontinenzzentrum.ch\/de\/#website","url":"https:\/\/www.kontinenzzentrum.ch\/de\/","name":"KontinenzZentrum Hirslanden Z\u00fcrich","description":"KontinenzZentrum Hirslanden Z\u00fcrich: Blasenst\u00f6rungen & Inkontinenz","publisher":{"@id":"https:\/\/www.kontinenzzentrum.ch\/de\/#organization"},"potentialAction":[{"@type":"SearchAction","target":{"@type":"EntryPoint","urlTemplate":"https:\/\/www.kontinenzzentrum.ch\/de\/?s={search_term_string}"},"query-input":{"@type":"PropertyValueSpecification","valueRequired":true,"valueName":"search_term_string"}}],"inLanguage":"de"},{"@type":"Organization","@id":"https:\/\/www.kontinenzzentrum.ch\/de\/#organization","name":"KontinenzZentrum Hirslanden Z\u00fcrich","url":"https:\/\/www.kontinenzzentrum.ch\/de\/","logo":{"@type":"ImageObject","inLanguage":"de","@id":"https:\/\/www.kontinenzzentrum.ch\/de\/#\/schema\/logo\/image\/","url":"https:\/\/www.kontinenzzentrum.ch\/wp-content\/uploads\/Logo_KontinenzZentrum.png","contentUrl":"https:\/\/www.kontinenzzentrum.ch\/wp-content\/uploads\/Logo_KontinenzZentrum.png","width":800,"height":142,"caption":"KontinenzZentrum Hirslanden Z\u00fcrich"},"image":{"@id":"https:\/\/www.kontinenzzentrum.ch\/de\/#\/schema\/logo\/image\/"}}]}},"_links":{"self":[{"href":"https:\/\/www.kontinenzzentrum.ch\/de\/wp-json\/wp\/v2\/pages\/845","targetHints":{"allow":["GET"]}}],"collection":[{"href":"https:\/\/www.kontinenzzentrum.ch\/de\/wp-json\/wp\/v2\/pages"}],"about":[{"href":"https:\/\/www.kontinenzzentrum.ch\/de\/wp-json\/wp\/v2\/types\/page"}],"author":[{"embeddable":true,"href":"https:\/\/www.kontinenzzentrum.ch\/de\/wp-json\/wp\/v2\/users\/1"}],"replies":[{"embeddable":true,"href":"https:\/\/www.kontinenzzentrum.ch\/de\/wp-json\/wp\/v2\/comments?post=845"}],"version-history":[{"count":7,"href":"https:\/\/www.kontinenzzentrum.ch\/de\/wp-json\/wp\/v2\/pages\/845\/revisions"}],"predecessor-version":[{"id":4378,"href":"https:\/\/www.kontinenzzentrum.ch\/de\/wp-json\/wp\/v2\/pages\/845\/revisions\/4378"}],"up":[{"embeddable":true,"href":"https:\/\/www.kontinenzzentrum.ch\/de\/wp-json\/wp\/v2\/pages\/710"}],"wp:featuredmedia":[{"embeddable":true,"href":"https:\/\/www.kontinenzzentrum.ch\/de\/wp-json\/wp\/v2\/media\/847"}],"wp:attachment":[{"href":"https:\/\/www.kontinenzzentrum.ch\/de\/wp-json\/wp\/v2\/media?parent=845"}],"curies":[{"name":"wp","href":"https:\/\/api.w.org\/{rel}","templated":true}]}}