{"id":987,"date":"2023-02-27T10:12:15","date_gmt":"2023-02-27T09:12:15","guid":{"rendered":"https:\/\/www.kontinenzzentrum.ch\/?page_id=987"},"modified":"2025-09-29T10:24:29","modified_gmt":"2025-09-29T08:24:29","slug":"ueber-uns","status":"publish","type":"page","link":"https:\/\/www.kontinenzzentrum.ch\/de\/ueber-uns.html","title":{"rendered":"\u00dcber uns"},"content":{"rendered":"<div id=\"pl-987\"  class=\"panel-layout\" ><div id=\"pg-987-0\"  class=\"panel-grid panel-no-style\" ><div id=\"pgc-987-0-0\"  class=\"panel-grid-cell\" ><div id=\"panel-987-0-0-0\" class=\"so-panel widget widget_sow-editor panel-first-child panel-last-child\" data-index=\"0\" ><div\n\t\t\t\n\t\t\tclass=\"so-widget-sow-editor so-widget-sow-editor-base\"\n\t\t\t\n\t\t>\n<div class=\"siteorigin-widget-tinymce textwidget\">\n\t<h1>Willkommen<\/h1>\n<h2>Lernen Sie uns und unsere Kompetenzen kennen<\/h2>\n<p><img decoding=\"async\" class=\"alignright\" title=\"Willkommen im KontinenzZentrum Hirslanden\" src=\"https:\/\/www.kontinenzzentrum.ch\/wp-content\/uploads\/ueber-uns-213393-txt.jpeg\" alt=\"Willkommen im KontinenzZentrum Hirslanden\" width=\"448\" height=\"348\" \/><br \/>\n<strong>Im KontinenzZentrum werden Patienten mit St\u00f6rungen der Harnblasenfunktion, Harninkontinenz, Organsenkungen und Schmerzen im Becken\u00a0interdisziplin\u00e4r abgekl\u00e4rt und behandelt. Die enge Zusammenarbeit von Spezialisten aus verschiedensten Fachdisziplinen erm\u00f6glicht eine rasche und umfassende Beurteilung der Beschwerden und eine effektive und individuell ausgerichtete Behandlung.<\/strong><\/p>\n<p>Eine Harninkontinenz oder eine St\u00f6rung der Harnblasenfunktion kann jeden treffen. Ob jung oder alt, Frau oder Mann, ein unfreiwilliger Harnverlust oder andere Funktionsst\u00f6rungen des Harntraktes beeintr\u00e4chtigen empfindlich das t\u00e4gliche Leben.<\/p>\n<p>Dank enormer medizinischer Fortschritte durch Forschung und modernster Technologie ist heute eine effektive Behandlung von Blasenst\u00f6rungen und Inkontinenz m\u00f6glich, Komplikationen k\u00f6nnen vermieden und die Lebensqualit\u00e4t wiederhergestellt werden. Unsere langj\u00e4hrigen fach\u00e4rztlichen Erfahrungen erm\u00f6glichen eine umfassende und individuelle Beurteilung der Beschwerden und St\u00f6rungen und damit deren erfolgversprechende Behandlung.<\/p>\n<p>Eine umfassende Abkl\u00e4rung mit einer zeitnahen und effizienten Beurteilung und ganz individuellen Behandlung der Beschwerden nach den pers\u00f6nlichen Bed\u00fcrfnissen des Patienten ist unsere besondere St\u00e4rke.<\/p>\n<p>Sprechen Sie mit uns \u00fcber ihre Beschwerden \u2013 wir helfen Ihnen gerne weiter.<\/p>\n<\/div>\n<\/div><\/div><\/div><\/div><div id=\"pg-987-1\"  class=\"panel-grid panel-has-style\" ><div class=\"img-correction panel-row-style panel-row-style-for-987-1\" ><div id=\"pgc-987-1-0\"  class=\"panel-grid-cell\" ><div id=\"panel-987-1-0-0\" class=\"so-panel widget widget_fn-info-box-widget panel-first-child panel-last-child\" data-index=\"1\" ><div\n\t\t\t\n\t\t\tclass=\"so-widget-fn-info-box-widget so-widget-fn-info-box-widget-base\"\n\t\t\t\n\t\t><div class=\"uk-child-width-1-1 uk-grid-match\" uk-grid><div>\n        <div class=\"fn-info-box-title\">\n          <div class=\"uk-grid-small\" uk-grid>            <div class=\"uk-width-auto\"><img decoding=\"async\" src=\"https:\/\/www.kontinenzzentrum.ch\/wp-content\/uploads\/ICON_kontakt.svg\" class=\"attachment-small size-small\" alt=\"\" \/>            <\/div>            <div class=\"uk-width-expand\">\n              <h4 class=\"uk-h3\">Nehmen Sie Kontakt zu uns auf<\/h4>\n            <\/div>\n          <\/div>\n        <\/div>\n        <div class=\"fn-info-box-content\">\n              <p data-start=\"386\" data-end=\"663\">Wir legen gro\u00dfen Wert auf eine pers\u00f6nliche Betreuung und entwickeln individuelle Therapiekonzepte f\u00fcr jede Patientin und jeden Patienten.<\/p>\n<p data-start=\"665\" data-end=\"850\">Sie m\u00f6chten mehr \u00fcber unser Zentrum, unsere Fach\u00e4rzte und unsere Behandlungsschwerpunkte erfahren? Kontaktieren Sie uns gerne f\u00fcr weitere Informationen oder ein pers\u00f6nliches Gespr\u00e4ch.<\/p>\n<p data-start=\"665\" data-end=\"850\"><div class=\"uk-flex uk-child-width-auto uk-grid-small\" uk-grid><div><a class=\"uk-button uk-button-primary\" href=\"tel:+41443872910\"><i class=\"fas fa-phone-alt uk-margin-small-right\"><\/i>+41 44 387 29 10<\/a><\/div><div><a class=\"uk-button uk-button-primary\" href=\"https:\/\/www.kontinenzzentrum.ch\/de\/ueber-uns\/termin.html\"><i class=\"fas fa-comments uk-margin-small-right\"><\/i>Online Terminvereinbarung<\/a><\/div><\/div><\/p>\n        <\/div>\n      <\/div><\/div><\/div><\/div><\/div><\/div><\/div><div id=\"pg-987-2\"  class=\"panel-grid panel-has-style\" ><div class=\"fn-lines panel-row-style panel-row-style-for-987-2\" ><div id=\"pgc-987-2-0\"  class=\"panel-grid-cell\" ><div id=\"panel-987-2-0-0\" class=\"so-panel widget widget_sow-editor panel-first-child panel-last-child\" data-index=\"2\" ><div\n\t\t\t\n\t\t\tclass=\"so-widget-sow-editor so-widget-sow-editor-base\"\n\t\t\t\n\t\t>\n<div class=\"siteorigin-widget-tinymce textwidget\">\n\t<h4>Lesen Sie mehr \u00fcber uns<\/h4>\n<ul class=\"rex-navi1 rex-navi-depth-1 rex-navi-has-8-elements\">\n<li class=\"rex-article-14 rex-normal\"><a class=\"\" href=\"https:\/\/www.kontinenzzentrum.ch\/de\/ueber-uns\/fachspezialisten-urologie-neuro-urologie-uro-gynaekologie-neurologie.html\">Wer wir sind<\/a><\/li>\n<li class=\"rex-article-13 rex-normal\"><a class=\"\" href=\"https:\/\/www.kontinenzzentrum.ch\/de\/patientenvorteile-vertrauensvolle-individuelle-betreuung.html\">Das haben Sie davon<\/a><\/li>\n<li class=\"rex-article-171 rex-normal\"><a>Das zeichnet uns aus<\/a><\/li>\n<li class=\"rex-article-141 rex-normal\"><a class=\"\" href=\"https:\/\/www.kontinenzzentrum.ch\/de\/ueber-uns\/zentrumsbroschuere.html\">Zentrumsbrosch\u00fcre<\/a><\/li>\n<li class=\"rex-article-18 rex-normal\"><a class=\"\" href=\"https:\/\/www.kontinenzzentrum.ch\/de\/ueber-uns\/veranstaltungen.html\">Veranstaltungen<\/a><\/li>\n<li class=\"rex-article-15 rex-normal\"><a class=\"\" href=\"https:\/\/www.kontinenzzentrum.ch\/de\/ueber-uns\/forschung-und-lehre.html\">Forschung &amp; Lehre<\/a><\/li>\n<li class=\"rex-article-20 rex-normal\"><a class=\"\" href=\"https:\/\/www.kontinenzzentrum.ch\/de\/ueber-uns\/kontakt.html\">Kontakt<\/a><\/li>\n<li class=\"rex-article-166 rex-normal\"><a class=\"\" href=\"https:\/\/www.kontinenzzentrum.ch\/de\/ueber-uns\/termin.html\">Termin<\/a><\/li>\n<\/ul>\n<\/div>\n<\/div><\/div><\/div><\/div><\/div><\/div>","protected":false},"excerpt":{"rendered":"<p>Willkommen Lernen Sie uns und unsere Kompetenzen kennen Im KontinenzZentrum werden Patienten mit St\u00f6rungen der Harnblasenfunktion, Harninkontinenz, Organsenkungen und Schmerzen im Becken\u00a0interdisziplin\u00e4r abgekl\u00e4rt und behandelt. Die enge Zusammenarbeit von Spezialisten aus verschiedensten Fachdisziplinen erm\u00f6glicht eine rasche und umfassende Beurteilung der Beschwerden und eine effektive und individuell ausgerichtete Behandlung. Eine Harninkontinenz oder eine St\u00f6rung der Harnblasenfunktion [&hellip;]<\/p>\n","protected":false},"author":1,"featured_media":2574,"parent":0,"menu_order":0,"comment_status":"closed","ping_status":"closed","template":"","meta":{"_acf_changed":false,"footnotes":""},"class_list":["post-987","page","type-page","status-publish","has-post-thumbnail","hentry"],"acf":[],"yoast_head":"<!-- This site is optimized with the Yoast SEO plugin v26.9 - https:\/\/yoast.com\/product\/yoast-seo-wordpress\/ -->\n<title>Inkontinenz, Blasenst\u00f6rung, Organsenkung &amp; Beckenschmerz: Ihre \u00c4rzte<\/title>\n<meta name=\"description\" content=\"Im KontinenzZentrum Z\u00fcrich werden Patienten mit Blasenst\u00f6rungen, Inkontinenz, Organsenkungen sowie Schmerzen im Becken interdisziplin\u00e4r abgekl\u00e4rt &amp; behandelt.\" \/>\n<meta name=\"robots\" content=\"index, follow, max-snippet:-1, max-image-preview:large, max-video-preview:-1\" \/>\n<link rel=\"canonical\" href=\"https:\/\/www.kontinenzzentrum.ch\/de\/ueber-uns.html\" \/>\n<meta property=\"og:locale\" content=\"de_DE\" \/>\n<meta property=\"og:type\" content=\"article\" \/>\n<meta property=\"og:title\" content=\"Inkontinenz, Blasenst\u00f6rung, Organsenkung &amp; Beckenschmerz: Ihre \u00c4rzte\" \/>\n<meta property=\"og:description\" content=\"Im KontinenzZentrum Z\u00fcrich werden Patienten mit Blasenst\u00f6rungen, Inkontinenz, Organsenkungen sowie Schmerzen im Becken interdisziplin\u00e4r abgekl\u00e4rt &amp; behandelt.\" \/>\n<meta property=\"og:url\" content=\"https:\/\/www.kontinenzzentrum.ch\/de\/ueber-uns.html\" \/>\n<meta property=\"og:site_name\" content=\"KontinenzZentrum\" \/>\n<meta property=\"article:modified_time\" content=\"2025-09-29T08:24:29+00:00\" \/>\n<meta property=\"og:image\" content=\"https:\/\/www.kontinenzzentrum.ch\/wp-content\/uploads\/ueber-uns-10606.jpeg\" \/>\n\t<meta property=\"og:image:width\" content=\"1920\" \/>\n\t<meta property=\"og:image:height\" content=\"450\" \/>\n\t<meta property=\"og:image:type\" content=\"image\/jpeg\" \/>\n<meta name=\"twitter:card\" content=\"summary_large_image\" \/>\n<meta name=\"twitter:label1\" content=\"Gesch\u00e4tzte Lesezeit\" \/>\n\t<meta name=\"twitter:data1\" content=\"2\u00a0Minuten\" \/>\n<script type=\"application\/ld+json\" class=\"yoast-schema-graph\">{\"@context\":\"https:\/\/schema.org\",\"@graph\":[{\"@type\":\"WebPage\",\"@id\":\"https:\/\/www.kontinenzzentrum.ch\/de\/ueber-uns.html\",\"url\":\"https:\/\/www.kontinenzzentrum.ch\/de\/ueber-uns.html\",\"name\":\"Inkontinenz, Blasenst\u00f6rung, Organsenkung & Beckenschmerz: Ihre \u00c4rzte\",\"isPartOf\":{\"@id\":\"https:\/\/www.kontinenzzentrum.ch\/de\/#website\"},\"primaryImageOfPage\":{\"@id\":\"https:\/\/www.kontinenzzentrum.ch\/de\/ueber-uns.html#primaryimage\"},\"image\":{\"@id\":\"https:\/\/www.kontinenzzentrum.ch\/de\/ueber-uns.html#primaryimage\"},\"thumbnailUrl\":\"https:\/\/www.kontinenzzentrum.ch\/wp-content\/uploads\/ueber-uns-10606.jpeg\",\"datePublished\":\"2023-02-27T09:12:15+00:00\",\"dateModified\":\"2025-09-29T08:24:29+00:00\",\"description\":\"Im KontinenzZentrum Z\u00fcrich werden Patienten mit Blasenst\u00f6rungen, Inkontinenz, Organsenkungen sowie Schmerzen im Becken interdisziplin\u00e4r abgekl\u00e4rt & behandelt.\",\"breadcrumb\":{\"@id\":\"https:\/\/www.kontinenzzentrum.ch\/de\/ueber-uns.html#breadcrumb\"},\"inLanguage\":\"de\",\"potentialAction\":[{\"@type\":\"ReadAction\",\"target\":[\"https:\/\/www.kontinenzzentrum.ch\/de\/ueber-uns.html\"]}]},{\"@type\":\"ImageObject\",\"inLanguage\":\"de\",\"@id\":\"https:\/\/www.kontinenzzentrum.ch\/de\/ueber-uns.html#primaryimage\",\"url\":\"https:\/\/www.kontinenzzentrum.ch\/wp-content\/uploads\/ueber-uns-10606.jpeg\",\"contentUrl\":\"https:\/\/www.kontinenzzentrum.ch\/wp-content\/uploads\/ueber-uns-10606.jpeg\",\"width\":1920,\"height\":450},{\"@type\":\"BreadcrumbList\",\"@id\":\"https:\/\/www.kontinenzzentrum.ch\/de\/ueber-uns.html#breadcrumb\",\"itemListElement\":[{\"@type\":\"ListItem\",\"position\":1,\"name\":\"Startseite\",\"item\":\"https:\/\/www.kontinenzzentrum.ch\/de\"},{\"@type\":\"ListItem\",\"position\":2,\"name\":\"\u00dcber uns\"}]},{\"@type\":\"WebSite\",\"@id\":\"https:\/\/www.kontinenzzentrum.ch\/de\/#website\",\"url\":\"https:\/\/www.kontinenzzentrum.ch\/de\/\",\"name\":\"KontinenzZentrum Hirslanden Z\u00fcrich\",\"description\":\"KontinenzZentrum Hirslanden Z\u00fcrich: Blasenst\u00f6rungen & Inkontinenz\",\"publisher\":{\"@id\":\"https:\/\/www.kontinenzzentrum.ch\/de\/#organization\"},\"potentialAction\":[{\"@type\":\"SearchAction\",\"target\":{\"@type\":\"EntryPoint\",\"urlTemplate\":\"https:\/\/www.kontinenzzentrum.ch\/de\/?s={search_term_string}\"},\"query-input\":{\"@type\":\"PropertyValueSpecification\",\"valueRequired\":true,\"valueName\":\"search_term_string\"}}],\"inLanguage\":\"de\"},{\"@type\":\"Organization\",\"@id\":\"https:\/\/www.kontinenzzentrum.ch\/de\/#organization\",\"name\":\"KontinenzZentrum Hirslanden Z\u00fcrich\",\"url\":\"https:\/\/www.kontinenzzentrum.ch\/de\/\",\"logo\":{\"@type\":\"ImageObject\",\"inLanguage\":\"de\",\"@id\":\"https:\/\/www.kontinenzzentrum.ch\/de\/#\/schema\/logo\/image\/\",\"url\":\"https:\/\/www.kontinenzzentrum.ch\/wp-content\/uploads\/Logo_KontinenzZentrum.png\",\"contentUrl\":\"https:\/\/www.kontinenzzentrum.ch\/wp-content\/uploads\/Logo_KontinenzZentrum.png\",\"width\":800,\"height\":142,\"caption\":\"KontinenzZentrum Hirslanden Z\u00fcrich\"},\"image\":{\"@id\":\"https:\/\/www.kontinenzzentrum.ch\/de\/#\/schema\/logo\/image\/\"}}]}<\/script>\n<!-- \/ Yoast SEO plugin. -->","yoast_head_json":{"title":"Inkontinenz, Blasenst\u00f6rung, Organsenkung & Beckenschmerz: Ihre \u00c4rzte","description":"Im KontinenzZentrum Z\u00fcrich werden Patienten mit Blasenst\u00f6rungen, Inkontinenz, Organsenkungen sowie Schmerzen im Becken interdisziplin\u00e4r abgekl\u00e4rt & behandelt.","robots":{"index":"index","follow":"follow","max-snippet":"max-snippet:-1","max-image-preview":"max-image-preview:large","max-video-preview":"max-video-preview:-1"},"canonical":"https:\/\/www.kontinenzzentrum.ch\/de\/ueber-uns.html","og_locale":"de_DE","og_type":"article","og_title":"Inkontinenz, Blasenst\u00f6rung, Organsenkung & Beckenschmerz: Ihre \u00c4rzte","og_description":"Im KontinenzZentrum Z\u00fcrich werden Patienten mit Blasenst\u00f6rungen, Inkontinenz, Organsenkungen sowie Schmerzen im Becken interdisziplin\u00e4r abgekl\u00e4rt & behandelt.","og_url":"https:\/\/www.kontinenzzentrum.ch\/de\/ueber-uns.html","og_site_name":"KontinenzZentrum","article_modified_time":"2025-09-29T08:24:29+00:00","og_image":[{"width":1920,"height":450,"url":"https:\/\/www.kontinenzzentrum.ch\/wp-content\/uploads\/ueber-uns-10606.jpeg","type":"image\/jpeg"}],"twitter_card":"summary_large_image","twitter_misc":{"Gesch\u00e4tzte Lesezeit":"2\u00a0Minuten"},"schema":{"@context":"https:\/\/schema.org","@graph":[{"@type":"WebPage","@id":"https:\/\/www.kontinenzzentrum.ch\/de\/ueber-uns.html","url":"https:\/\/www.kontinenzzentrum.ch\/de\/ueber-uns.html","name":"Inkontinenz, Blasenst\u00f6rung, Organsenkung & Beckenschmerz: Ihre \u00c4rzte","isPartOf":{"@id":"https:\/\/www.kontinenzzentrum.ch\/de\/#website"},"primaryImageOfPage":{"@id":"https:\/\/www.kontinenzzentrum.ch\/de\/ueber-uns.html#primaryimage"},"image":{"@id":"https:\/\/www.kontinenzzentrum.ch\/de\/ueber-uns.html#primaryimage"},"thumbnailUrl":"https:\/\/www.kontinenzzentrum.ch\/wp-content\/uploads\/ueber-uns-10606.jpeg","datePublished":"2023-02-27T09:12:15+00:00","dateModified":"2025-09-29T08:24:29+00:00","description":"Im KontinenzZentrum Z\u00fcrich werden Patienten mit Blasenst\u00f6rungen, Inkontinenz, Organsenkungen sowie Schmerzen im Becken interdisziplin\u00e4r abgekl\u00e4rt & behandelt.","breadcrumb":{"@id":"https:\/\/www.kontinenzzentrum.ch\/de\/ueber-uns.html#breadcrumb"},"inLanguage":"de","potentialAction":[{"@type":"ReadAction","target":["https:\/\/www.kontinenzzentrum.ch\/de\/ueber-uns.html"]}]},{"@type":"ImageObject","inLanguage":"de","@id":"https:\/\/www.kontinenzzentrum.ch\/de\/ueber-uns.html#primaryimage","url":"https:\/\/www.kontinenzzentrum.ch\/wp-content\/uploads\/ueber-uns-10606.jpeg","contentUrl":"https:\/\/www.kontinenzzentrum.ch\/wp-content\/uploads\/ueber-uns-10606.jpeg","width":1920,"height":450},{"@type":"BreadcrumbList","@id":"https:\/\/www.kontinenzzentrum.ch\/de\/ueber-uns.html#breadcrumb","itemListElement":[{"@type":"ListItem","position":1,"name":"Startseite","item":"https:\/\/www.kontinenzzentrum.ch\/de"},{"@type":"ListItem","position":2,"name":"\u00dcber uns"}]},{"@type":"WebSite","@id":"https:\/\/www.kontinenzzentrum.ch\/de\/#website","url":"https:\/\/www.kontinenzzentrum.ch\/de\/","name":"KontinenzZentrum Hirslanden Z\u00fcrich","description":"KontinenzZentrum Hirslanden Z\u00fcrich: Blasenst\u00f6rungen & Inkontinenz","publisher":{"@id":"https:\/\/www.kontinenzzentrum.ch\/de\/#organization"},"potentialAction":[{"@type":"SearchAction","target":{"@type":"EntryPoint","urlTemplate":"https:\/\/www.kontinenzzentrum.ch\/de\/?s={search_term_string}"},"query-input":{"@type":"PropertyValueSpecification","valueRequired":true,"valueName":"search_term_string"}}],"inLanguage":"de"},{"@type":"Organization","@id":"https:\/\/www.kontinenzzentrum.ch\/de\/#organization","name":"KontinenzZentrum Hirslanden Z\u00fcrich","url":"https:\/\/www.kontinenzzentrum.ch\/de\/","logo":{"@type":"ImageObject","inLanguage":"de","@id":"https:\/\/www.kontinenzzentrum.ch\/de\/#\/schema\/logo\/image\/","url":"https:\/\/www.kontinenzzentrum.ch\/wp-content\/uploads\/Logo_KontinenzZentrum.png","contentUrl":"https:\/\/www.kontinenzzentrum.ch\/wp-content\/uploads\/Logo_KontinenzZentrum.png","width":800,"height":142,"caption":"KontinenzZentrum Hirslanden Z\u00fcrich"},"image":{"@id":"https:\/\/www.kontinenzzentrum.ch\/de\/#\/schema\/logo\/image\/"}}]}},"_links":{"self":[{"href":"https:\/\/www.kontinenzzentrum.ch\/de\/wp-json\/wp\/v2\/pages\/987","targetHints":{"allow":["GET"]}}],"collection":[{"href":"https:\/\/www.kontinenzzentrum.ch\/de\/wp-json\/wp\/v2\/pages"}],"about":[{"href":"https:\/\/www.kontinenzzentrum.ch\/de\/wp-json\/wp\/v2\/types\/page"}],"author":[{"embeddable":true,"href":"https:\/\/www.kontinenzzentrum.ch\/de\/wp-json\/wp\/v2\/users\/1"}],"replies":[{"embeddable":true,"href":"https:\/\/www.kontinenzzentrum.ch\/de\/wp-json\/wp\/v2\/comments?post=987"}],"version-history":[{"count":9,"href":"https:\/\/www.kontinenzzentrum.ch\/de\/wp-json\/wp\/v2\/pages\/987\/revisions"}],"predecessor-version":[{"id":4574,"href":"https:\/\/www.kontinenzzentrum.ch\/de\/wp-json\/wp\/v2\/pages\/987\/revisions\/4574"}],"wp:featuredmedia":[{"embeddable":true,"href":"https:\/\/www.kontinenzzentrum.ch\/de\/wp-json\/wp\/v2\/media\/2574"}],"wp:attachment":[{"href":"https:\/\/www.kontinenzzentrum.ch\/de\/wp-json\/wp\/v2\/media?parent=987"}],"curies":[{"name":"wp","href":"https:\/\/api.w.org\/{rel}","templated":true}]}}