{"id":2122,"date":"2023-03-01T16:10:53","date_gmt":"2023-03-01T15:10:53","guid":{"rendered":"https:\/\/www.kontinenzzentrum.ch\/diagnosis-und-treatment\/konservative-therapieverfahren\/"},"modified":"2023-03-13T10:30:07","modified_gmt":"2023-03-13T09:30:07","slug":"non-invasive-therapy","status":"publish","type":"page","link":"https:\/\/www.kontinenzzentrum.ch\/en\/diagnosis-und-treatment\/non-invasive-therapy.html","title":{"rendered":"Non-invasive Therapy"},"content":{"rendered":"<div id=\"pl-2122\"  class=\"panel-layout\" ><div id=\"pg-2122-0\"  class=\"panel-grid panel-no-style\" ><div id=\"pgc-2122-0-0\"  class=\"panel-grid-cell\" ><div id=\"panel-2122-0-0-0\" class=\"so-panel widget widget_sow-editor panel-first-child\" data-index=\"0\" ><div\n\t\t\t\n\t\t\tclass=\"so-widget-sow-editor so-widget-sow-editor-base\"\n\t\t\t\n\t\t>\n<div class=\"siteorigin-widget-tinymce textwidget\">\n\t<h1>Non-invasive therapy<\/h1>\n<h3>Non-surgical therapy offers help for many patients<\/h3>\n<ul>\n<li>Pelvic floor therapy in children and adults<\/li>\n<li>Bio-feedback therapy in children and adults<\/li>\n<li>Functional stimulation of the pelvic floor muscles<\/li>\n<li>Functional stimulation of the tibial and of the pudendal nerves<\/li>\n<li>Elektro Motive Drug Administration in the treatment of interstitial cystitis<\/li>\n<li>Intravesical electrostimulation<\/li>\n<li>Video- and endoscopic-supported training of the urethral sphincter<\/li>\n<li>Alternative medicine approaches (Hypnotherapy, Mind-Body medicine)<\/li>\n<li>Teaching the use of catheters and other tools<\/li>\n<\/ul>\n<\/div>\n<\/div><\/div><div id=\"panel-2122-0-0-1\" class=\"so-panel widget widget_sow-editor panel-last-child\" data-index=\"1\" ><div class=\"fn-lines panel-widget-style panel-widget-style-for-2122-0-0-1\" ><div\n\t\t\t\n\t\t\tclass=\"so-widget-sow-editor so-widget-sow-editor-base\"\n\t\t\t\n\t\t>\n<div class=\"siteorigin-widget-tinymce textwidget\">\n\t<ul>\n<li class=\"rex-article-50 rex-normal\"><a class=\"\" href=\"https:\/\/www.kontinenzzentrum.ch\/en\/diagnosis-und-treatment\/non-invasive-therapy\/drug-therapy.html\">Drug therapy<\/a><\/li>\n<li class=\"rex-article-52 rex-normal\"><a class=\"\" href=\"https:\/\/www.kontinenzzentrum.ch\/en\/diagnosis-und-treatment\/non-invasive-therapy\/pelvic-floor-training.html\">Pelvic floor training<\/a><\/li>\n<li class=\"rex-article-94 rex-normal\"><a class=\"\" href=\"https:\/\/www.kontinenzzentrum.ch\/en\/diagnosis-und-treatment\/non-invasive-therapy\/supportive-therapy.html\">Supportive therapy<\/a><\/li>\n<\/ul>\n<\/div>\n<\/div><\/div><\/div><\/div><\/div><\/div>","protected":false},"excerpt":{"rendered":"<p>Non-invasive therapy Non-surgical therapy offers help for many patients Pelvic floor therapy in children and adults Bio-feedback therapy in children and adults Functional stimulation of the pelvic floor muscles Functional stimulation of the tibial and of the pudendal nerves Elektro Motive Drug Administration in the treatment of interstitial cystitis Intravesical electrostimulation Video- and endoscopic-supported training [&hellip;]<\/p>\n","protected":false},"author":1,"featured_media":1196,"parent":2106,"menu_order":0,"comment_status":"closed","ping_status":"closed","template":"","meta":{"_acf_changed":false,"footnotes":""},"class_list":["post-2122","page","type-page","status-publish","has-post-thumbnail","hentry"],"acf":[],"yoast_head":"<!-- This site is optimized with the Yoast SEO plugin v26.9 - https:\/\/yoast.com\/product\/yoast-seo-wordpress\/ -->\n<title>Non-invasive therapy<\/title>\n<meta name=\"robots\" content=\"index, follow, max-snippet:-1, max-image-preview:large, max-video-preview:-1\" \/>\n<link rel=\"canonical\" href=\"https:\/\/www.kontinenzzentrum.ch\/en\/diagnosis-und-treatment\/non-invasive-therapy.html\" \/>\n<meta property=\"og:locale\" content=\"en_GB\" \/>\n<meta property=\"og:type\" content=\"article\" \/>\n<meta property=\"og:title\" content=\"Non-invasive therapy\" \/>\n<meta property=\"og:description\" content=\"Non-invasive therapy Non-surgical therapy offers help for many patients Pelvic floor therapy in children and adults Bio-feedback therapy in children and adults Functional stimulation of the pelvic floor muscles Functional stimulation of the tibial and of the pudendal nerves Elektro Motive Drug Administration in the treatment of interstitial cystitis Intravesical electrostimulation Video- and endoscopic-supported training [&hellip;]\" \/>\n<meta property=\"og:url\" content=\"https:\/\/www.kontinenzzentrum.ch\/en\/diagnosis-und-treatment\/non-invasive-therapy.html\" \/>\n<meta property=\"og:site_name\" content=\"KontinenzZentrum\" \/>\n<meta property=\"article:modified_time\" content=\"2023-03-13T09:30:07+00:00\" \/>\n<meta property=\"og:image\" content=\"https:\/\/www.kontinenzzentrum.ch\/wp-content\/uploads\/erkrankung-blasenentzuendung-212813.jpeg\" \/>\n\t<meta property=\"og:image:width\" content=\"1920\" \/>\n\t<meta property=\"og:image:height\" content=\"450\" \/>\n\t<meta property=\"og:image:type\" content=\"image\/jpeg\" \/>\n<meta name=\"twitter:card\" content=\"summary_large_image\" \/>\n<meta name=\"twitter:label1\" content=\"Estimated reading time\" \/>\n\t<meta name=\"twitter:data1\" content=\"2 minutes\" \/>\n<script type=\"application\/ld+json\" class=\"yoast-schema-graph\">{\"@context\":\"https:\/\/schema.org\",\"@graph\":[{\"@type\":\"WebPage\",\"@id\":\"https:\/\/www.kontinenzzentrum.ch\/en\/diagnosis-und-treatment\/non-invasive-therapy.html\",\"url\":\"https:\/\/www.kontinenzzentrum.ch\/en\/diagnosis-und-treatment\/non-invasive-therapy.html\",\"name\":\"Non-invasive therapy\",\"isPartOf\":{\"@id\":\"https:\/\/www.kontinenzzentrum.ch\/de\/#website\"},\"primaryImageOfPage\":{\"@id\":\"https:\/\/www.kontinenzzentrum.ch\/en\/diagnosis-und-treatment\/non-invasive-therapy.html#primaryimage\"},\"image\":{\"@id\":\"https:\/\/www.kontinenzzentrum.ch\/en\/diagnosis-und-treatment\/non-invasive-therapy.html#primaryimage\"},\"thumbnailUrl\":\"https:\/\/www.kontinenzzentrum.ch\/wp-content\/uploads\/erkrankung-blasenentzuendung-212813.jpeg\",\"datePublished\":\"2023-03-01T15:10:53+00:00\",\"dateModified\":\"2023-03-13T09:30:07+00:00\",\"breadcrumb\":{\"@id\":\"https:\/\/www.kontinenzzentrum.ch\/en\/diagnosis-und-treatment\/non-invasive-therapy.html#breadcrumb\"},\"inLanguage\":\"en-GB\",\"potentialAction\":[{\"@type\":\"ReadAction\",\"target\":[\"https:\/\/www.kontinenzzentrum.ch\/en\/diagnosis-und-treatment\/non-invasive-therapy.html\"]}]},{\"@type\":\"ImageObject\",\"inLanguage\":\"en-GB\",\"@id\":\"https:\/\/www.kontinenzzentrum.ch\/en\/diagnosis-und-treatment\/non-invasive-therapy.html#primaryimage\",\"url\":\"https:\/\/www.kontinenzzentrum.ch\/wp-content\/uploads\/erkrankung-blasenentzuendung-212813.jpeg\",\"contentUrl\":\"https:\/\/www.kontinenzzentrum.ch\/wp-content\/uploads\/erkrankung-blasenentzuendung-212813.jpeg\",\"width\":1920,\"height\":450},{\"@type\":\"BreadcrumbList\",\"@id\":\"https:\/\/www.kontinenzzentrum.ch\/en\/diagnosis-und-treatment\/non-invasive-therapy.html#breadcrumb\",\"itemListElement\":[{\"@type\":\"ListItem\",\"position\":1,\"name\":\"Startseite\",\"item\":\"https:\/\/www.kontinenzzentrum.ch\/en\"},{\"@type\":\"ListItem\",\"position\":2,\"name\":\"Diagnosis &#038; Treatment\",\"item\":\"https:\/\/www.kontinenzzentrum.ch\/en\/diagnosis-und-treatment.html\"},{\"@type\":\"ListItem\",\"position\":3,\"name\":\"Non-invasive Therapy\"}]},{\"@type\":\"WebSite\",\"@id\":\"https:\/\/www.kontinenzzentrum.ch\/de\/#website\",\"url\":\"https:\/\/www.kontinenzzentrum.ch\/de\/\",\"name\":\"KontinenzZentrum Hirslanden Z\u00fcrich\",\"description\":\"KontinenzZentrum Hirslanden Z\u00fcrich: Blasenst\u00f6rungen & Inkontinenz\",\"publisher\":{\"@id\":\"https:\/\/www.kontinenzzentrum.ch\/de\/#organization\"},\"potentialAction\":[{\"@type\":\"SearchAction\",\"target\":{\"@type\":\"EntryPoint\",\"urlTemplate\":\"https:\/\/www.kontinenzzentrum.ch\/de\/?s={search_term_string}\"},\"query-input\":{\"@type\":\"PropertyValueSpecification\",\"valueRequired\":true,\"valueName\":\"search_term_string\"}}],\"inLanguage\":\"en-GB\"},{\"@type\":\"Organization\",\"@id\":\"https:\/\/www.kontinenzzentrum.ch\/de\/#organization\",\"name\":\"KontinenzZentrum Hirslanden Z\u00fcrich\",\"url\":\"https:\/\/www.kontinenzzentrum.ch\/de\/\",\"logo\":{\"@type\":\"ImageObject\",\"inLanguage\":\"en-GB\",\"@id\":\"https:\/\/www.kontinenzzentrum.ch\/de\/#\/schema\/logo\/image\/\",\"url\":\"https:\/\/www.kontinenzzentrum.ch\/wp-content\/uploads\/Logo_KontinenzZentrum.png\",\"contentUrl\":\"https:\/\/www.kontinenzzentrum.ch\/wp-content\/uploads\/Logo_KontinenzZentrum.png\",\"width\":800,\"height\":142,\"caption\":\"KontinenzZentrum Hirslanden Z\u00fcrich\"},\"image\":{\"@id\":\"https:\/\/www.kontinenzzentrum.ch\/de\/#\/schema\/logo\/image\/\"}}]}<\/script>\n<!-- \/ Yoast SEO plugin. -->","yoast_head_json":{"title":"Non-invasive therapy","robots":{"index":"index","follow":"follow","max-snippet":"max-snippet:-1","max-image-preview":"max-image-preview:large","max-video-preview":"max-video-preview:-1"},"canonical":"https:\/\/www.kontinenzzentrum.ch\/en\/diagnosis-und-treatment\/non-invasive-therapy.html","og_locale":"en_GB","og_type":"article","og_title":"Non-invasive therapy","og_description":"Non-invasive therapy Non-surgical therapy offers help for many patients Pelvic floor therapy in children and adults Bio-feedback therapy in children and adults Functional stimulation of the pelvic floor muscles Functional stimulation of the tibial and of the pudendal nerves Elektro Motive Drug Administration in the treatment of interstitial cystitis Intravesical electrostimulation Video- and endoscopic-supported training [&hellip;]","og_url":"https:\/\/www.kontinenzzentrum.ch\/en\/diagnosis-und-treatment\/non-invasive-therapy.html","og_site_name":"KontinenzZentrum","article_modified_time":"2023-03-13T09:30:07+00:00","og_image":[{"width":1920,"height":450,"url":"https:\/\/www.kontinenzzentrum.ch\/wp-content\/uploads\/erkrankung-blasenentzuendung-212813.jpeg","type":"image\/jpeg"}],"twitter_card":"summary_large_image","twitter_misc":{"Estimated reading time":"2 minutes"},"schema":{"@context":"https:\/\/schema.org","@graph":[{"@type":"WebPage","@id":"https:\/\/www.kontinenzzentrum.ch\/en\/diagnosis-und-treatment\/non-invasive-therapy.html","url":"https:\/\/www.kontinenzzentrum.ch\/en\/diagnosis-und-treatment\/non-invasive-therapy.html","name":"Non-invasive therapy","isPartOf":{"@id":"https:\/\/www.kontinenzzentrum.ch\/de\/#website"},"primaryImageOfPage":{"@id":"https:\/\/www.kontinenzzentrum.ch\/en\/diagnosis-und-treatment\/non-invasive-therapy.html#primaryimage"},"image":{"@id":"https:\/\/www.kontinenzzentrum.ch\/en\/diagnosis-und-treatment\/non-invasive-therapy.html#primaryimage"},"thumbnailUrl":"https:\/\/www.kontinenzzentrum.ch\/wp-content\/uploads\/erkrankung-blasenentzuendung-212813.jpeg","datePublished":"2023-03-01T15:10:53+00:00","dateModified":"2023-03-13T09:30:07+00:00","breadcrumb":{"@id":"https:\/\/www.kontinenzzentrum.ch\/en\/diagnosis-und-treatment\/non-invasive-therapy.html#breadcrumb"},"inLanguage":"en-GB","potentialAction":[{"@type":"ReadAction","target":["https:\/\/www.kontinenzzentrum.ch\/en\/diagnosis-und-treatment\/non-invasive-therapy.html"]}]},{"@type":"ImageObject","inLanguage":"en-GB","@id":"https:\/\/www.kontinenzzentrum.ch\/en\/diagnosis-und-treatment\/non-invasive-therapy.html#primaryimage","url":"https:\/\/www.kontinenzzentrum.ch\/wp-content\/uploads\/erkrankung-blasenentzuendung-212813.jpeg","contentUrl":"https:\/\/www.kontinenzzentrum.ch\/wp-content\/uploads\/erkrankung-blasenentzuendung-212813.jpeg","width":1920,"height":450},{"@type":"BreadcrumbList","@id":"https:\/\/www.kontinenzzentrum.ch\/en\/diagnosis-und-treatment\/non-invasive-therapy.html#breadcrumb","itemListElement":[{"@type":"ListItem","position":1,"name":"Startseite","item":"https:\/\/www.kontinenzzentrum.ch\/en"},{"@type":"ListItem","position":2,"name":"Diagnosis &#038; Treatment","item":"https:\/\/www.kontinenzzentrum.ch\/en\/diagnosis-und-treatment.html"},{"@type":"ListItem","position":3,"name":"Non-invasive Therapy"}]},{"@type":"WebSite","@id":"https:\/\/www.kontinenzzentrum.ch\/de\/#website","url":"https:\/\/www.kontinenzzentrum.ch\/de\/","name":"KontinenzZentrum Hirslanden Z\u00fcrich","description":"KontinenzZentrum Hirslanden Z\u00fcrich: Blasenst\u00f6rungen & Inkontinenz","publisher":{"@id":"https:\/\/www.kontinenzzentrum.ch\/de\/#organization"},"potentialAction":[{"@type":"SearchAction","target":{"@type":"EntryPoint","urlTemplate":"https:\/\/www.kontinenzzentrum.ch\/de\/?s={search_term_string}"},"query-input":{"@type":"PropertyValueSpecification","valueRequired":true,"valueName":"search_term_string"}}],"inLanguage":"en-GB"},{"@type":"Organization","@id":"https:\/\/www.kontinenzzentrum.ch\/de\/#organization","name":"KontinenzZentrum Hirslanden Z\u00fcrich","url":"https:\/\/www.kontinenzzentrum.ch\/de\/","logo":{"@type":"ImageObject","inLanguage":"en-GB","@id":"https:\/\/www.kontinenzzentrum.ch\/de\/#\/schema\/logo\/image\/","url":"https:\/\/www.kontinenzzentrum.ch\/wp-content\/uploads\/Logo_KontinenzZentrum.png","contentUrl":"https:\/\/www.kontinenzzentrum.ch\/wp-content\/uploads\/Logo_KontinenzZentrum.png","width":800,"height":142,"caption":"KontinenzZentrum Hirslanden Z\u00fcrich"},"image":{"@id":"https:\/\/www.kontinenzzentrum.ch\/de\/#\/schema\/logo\/image\/"}}]}},"_links":{"self":[{"href":"https:\/\/www.kontinenzzentrum.ch\/en\/wp-json\/wp\/v2\/pages\/2122","targetHints":{"allow":["GET"]}}],"collection":[{"href":"https:\/\/www.kontinenzzentrum.ch\/en\/wp-json\/wp\/v2\/pages"}],"about":[{"href":"https:\/\/www.kontinenzzentrum.ch\/en\/wp-json\/wp\/v2\/types\/page"}],"author":[{"embeddable":true,"href":"https:\/\/www.kontinenzzentrum.ch\/en\/wp-json\/wp\/v2\/users\/1"}],"replies":[{"embeddable":true,"href":"https:\/\/www.kontinenzzentrum.ch\/en\/wp-json\/wp\/v2\/comments?post=2122"}],"version-history":[{"count":4,"href":"https:\/\/www.kontinenzzentrum.ch\/en\/wp-json\/wp\/v2\/pages\/2122\/revisions"}],"predecessor-version":[{"id":2126,"href":"https:\/\/www.kontinenzzentrum.ch\/en\/wp-json\/wp\/v2\/pages\/2122\/revisions\/2126"}],"up":[{"embeddable":true,"href":"https:\/\/www.kontinenzzentrum.ch\/en\/wp-json\/wp\/v2\/pages\/2106"}],"wp:featuredmedia":[{"embeddable":true,"href":"https:\/\/www.kontinenzzentrum.ch\/en\/wp-json\/wp\/v2\/media\/1196"}],"wp:attachment":[{"href":"https:\/\/www.kontinenzzentrum.ch\/en\/wp-json\/wp\/v2\/media?parent=2122"}],"curies":[{"name":"wp","href":"https:\/\/api.w.org\/{rel}","templated":true}]}}