{"id":2127,"date":"2023-03-02T10:47:34","date_gmt":"2023-03-02T09:47:34","guid":{"rendered":"https:\/\/www.kontinenzzentrum.ch\/diagnosis-und-treatment\/non-invasive-therapy\/medikamente\/"},"modified":"2023-03-13T10:35:58","modified_gmt":"2023-03-13T09:35:58","slug":"drug-therapy","status":"publish","type":"page","link":"https:\/\/www.kontinenzzentrum.ch\/en\/diagnosis-und-treatment\/non-invasive-therapy\/drug-therapy.html","title":{"rendered":"Drug therapy"},"content":{"rendered":"<div id=\"pl-2127\"  class=\"panel-layout\" ><div id=\"pg-2127-0\"  class=\"panel-grid panel-no-style\" ><div id=\"pgc-2127-0-0\"  class=\"panel-grid-cell\" ><div id=\"panel-2127-0-0-0\" class=\"so-panel widget widget_sow-editor panel-first-child panel-last-child\" data-index=\"0\" ><div\n\t\t\t\n\t\t\tclass=\"so-widget-sow-editor so-widget-sow-editor-base\"\n\t\t\t\n\t\t>\n<div class=\"siteorigin-widget-tinymce textwidget\">\n\t<h1>Medication treatment<\/h1>\n<p>Bladder problems and involuntary leakage of urine can be treated effectively with medication. The correct selection and dosage of the agents together with an assessment of their risks and limits for each individual concerned are the prerequisite for successful, treatment without side-effects. This requires neurourological experience.<\/p>\n<\/div>\n<\/div><\/div><\/div><\/div><\/div>","protected":false},"excerpt":{"rendered":"<p>Medication treatment Bladder problems and involuntary leakage of urine can be treated effectively with medication. The correct selection and dosage of the agents together with an assessment of their risks and limits for each individual concerned are the prerequisite for successful, treatment without side-effects. This requires neurourological experience.<\/p>\n","protected":false},"author":1,"featured_media":1184,"parent":2122,"menu_order":0,"comment_status":"closed","ping_status":"closed","template":"","meta":{"_acf_changed":false,"footnotes":""},"class_list":["post-2127","page","type-page","status-publish","has-post-thumbnail","hentry"],"acf":[],"yoast_head":"<!-- This site is optimized with the Yoast SEO plugin v26.9 - https:\/\/yoast.com\/product\/yoast-seo-wordpress\/ -->\n<title>Drug therapy<\/title>\n<meta name=\"robots\" content=\"index, follow, max-snippet:-1, max-image-preview:large, max-video-preview:-1\" \/>\n<link rel=\"canonical\" href=\"https:\/\/www.kontinenzzentrum.ch\/en\/diagnosis-und-treatment\/non-invasive-therapy\/drug-therapy.html\" \/>\n<meta property=\"og:locale\" content=\"en_GB\" \/>\n<meta property=\"og:type\" content=\"article\" \/>\n<meta property=\"og:title\" content=\"Drug therapy\" \/>\n<meta property=\"og:description\" content=\"Medication treatment Bladder problems and involuntary leakage of urine can be treated effectively with medication. The correct selection and dosage of the agents together with an assessment of their risks and limits for each individual concerned are the prerequisite for successful, treatment without side-effects. This requires neurourological experience.\" \/>\n<meta property=\"og:url\" content=\"https:\/\/www.kontinenzzentrum.ch\/en\/diagnosis-und-treatment\/non-invasive-therapy\/drug-therapy.html\" \/>\n<meta property=\"og:site_name\" content=\"KontinenzZentrum\" \/>\n<meta property=\"article:modified_time\" content=\"2023-03-13T09:35:58+00:00\" \/>\n<meta property=\"og:image\" content=\"https:\/\/www.kontinenzzentrum.ch\/wp-content\/uploads\/kompetenz-inkontinenz-212980.jpeg\" \/>\n\t<meta property=\"og:image:width\" content=\"1920\" \/>\n\t<meta property=\"og:image:height\" content=\"450\" \/>\n\t<meta property=\"og:image:type\" content=\"image\/jpeg\" \/>\n<meta name=\"twitter:card\" content=\"summary_large_image\" \/>\n<meta name=\"twitter:label1\" content=\"Estimated reading time\" \/>\n\t<meta name=\"twitter:data1\" content=\"1 minute\" \/>\n<script type=\"application\/ld+json\" class=\"yoast-schema-graph\">{\"@context\":\"https:\/\/schema.org\",\"@graph\":[{\"@type\":\"WebPage\",\"@id\":\"https:\/\/www.kontinenzzentrum.ch\/en\/diagnosis-und-treatment\/non-invasive-therapy\/drug-therapy.html\",\"url\":\"https:\/\/www.kontinenzzentrum.ch\/en\/diagnosis-und-treatment\/non-invasive-therapy\/drug-therapy.html\",\"name\":\"Drug therapy\",\"isPartOf\":{\"@id\":\"https:\/\/www.kontinenzzentrum.ch\/de\/#website\"},\"primaryImageOfPage\":{\"@id\":\"https:\/\/www.kontinenzzentrum.ch\/en\/diagnosis-und-treatment\/non-invasive-therapy\/drug-therapy.html#primaryimage\"},\"image\":{\"@id\":\"https:\/\/www.kontinenzzentrum.ch\/en\/diagnosis-und-treatment\/non-invasive-therapy\/drug-therapy.html#primaryimage\"},\"thumbnailUrl\":\"https:\/\/www.kontinenzzentrum.ch\/wp-content\/uploads\/kompetenz-inkontinenz-212980.jpeg\",\"datePublished\":\"2023-03-02T09:47:34+00:00\",\"dateModified\":\"2023-03-13T09:35:58+00:00\",\"breadcrumb\":{\"@id\":\"https:\/\/www.kontinenzzentrum.ch\/en\/diagnosis-und-treatment\/non-invasive-therapy\/drug-therapy.html#breadcrumb\"},\"inLanguage\":\"en-GB\",\"potentialAction\":[{\"@type\":\"ReadAction\",\"target\":[\"https:\/\/www.kontinenzzentrum.ch\/en\/diagnosis-und-treatment\/non-invasive-therapy\/drug-therapy.html\"]}]},{\"@type\":\"ImageObject\",\"inLanguage\":\"en-GB\",\"@id\":\"https:\/\/www.kontinenzzentrum.ch\/en\/diagnosis-und-treatment\/non-invasive-therapy\/drug-therapy.html#primaryimage\",\"url\":\"https:\/\/www.kontinenzzentrum.ch\/wp-content\/uploads\/kompetenz-inkontinenz-212980.jpeg\",\"contentUrl\":\"https:\/\/www.kontinenzzentrum.ch\/wp-content\/uploads\/kompetenz-inkontinenz-212980.jpeg\",\"width\":1920,\"height\":450},{\"@type\":\"BreadcrumbList\",\"@id\":\"https:\/\/www.kontinenzzentrum.ch\/en\/diagnosis-und-treatment\/non-invasive-therapy\/drug-therapy.html#breadcrumb\",\"itemListElement\":[{\"@type\":\"ListItem\",\"position\":1,\"name\":\"Startseite\",\"item\":\"https:\/\/www.kontinenzzentrum.ch\/en\"},{\"@type\":\"ListItem\",\"position\":2,\"name\":\"Diagnosis &#038; Treatment\",\"item\":\"https:\/\/www.kontinenzzentrum.ch\/en\/diagnosis-und-treatment.html\"},{\"@type\":\"ListItem\",\"position\":3,\"name\":\"Non-invasive Therapy\",\"item\":\"https:\/\/www.kontinenzzentrum.ch\/en\/diagnosis-und-treatment\/non-invasive-therapy.html\"},{\"@type\":\"ListItem\",\"position\":4,\"name\":\"Drug therapy\"}]},{\"@type\":\"WebSite\",\"@id\":\"https:\/\/www.kontinenzzentrum.ch\/de\/#website\",\"url\":\"https:\/\/www.kontinenzzentrum.ch\/de\/\",\"name\":\"KontinenzZentrum Hirslanden Z\u00fcrich\",\"description\":\"KontinenzZentrum Hirslanden Z\u00fcrich: Blasenst\u00f6rungen & Inkontinenz\",\"publisher\":{\"@id\":\"https:\/\/www.kontinenzzentrum.ch\/de\/#organization\"},\"potentialAction\":[{\"@type\":\"SearchAction\",\"target\":{\"@type\":\"EntryPoint\",\"urlTemplate\":\"https:\/\/www.kontinenzzentrum.ch\/de\/?s={search_term_string}\"},\"query-input\":{\"@type\":\"PropertyValueSpecification\",\"valueRequired\":true,\"valueName\":\"search_term_string\"}}],\"inLanguage\":\"en-GB\"},{\"@type\":\"Organization\",\"@id\":\"https:\/\/www.kontinenzzentrum.ch\/de\/#organization\",\"name\":\"KontinenzZentrum Hirslanden Z\u00fcrich\",\"url\":\"https:\/\/www.kontinenzzentrum.ch\/de\/\",\"logo\":{\"@type\":\"ImageObject\",\"inLanguage\":\"en-GB\",\"@id\":\"https:\/\/www.kontinenzzentrum.ch\/de\/#\/schema\/logo\/image\/\",\"url\":\"https:\/\/www.kontinenzzentrum.ch\/wp-content\/uploads\/Logo_KontinenzZentrum.png\",\"contentUrl\":\"https:\/\/www.kontinenzzentrum.ch\/wp-content\/uploads\/Logo_KontinenzZentrum.png\",\"width\":800,\"height\":142,\"caption\":\"KontinenzZentrum Hirslanden Z\u00fcrich\"},\"image\":{\"@id\":\"https:\/\/www.kontinenzzentrum.ch\/de\/#\/schema\/logo\/image\/\"}}]}<\/script>\n<!-- \/ Yoast SEO plugin. -->","yoast_head_json":{"title":"Drug therapy","robots":{"index":"index","follow":"follow","max-snippet":"max-snippet:-1","max-image-preview":"max-image-preview:large","max-video-preview":"max-video-preview:-1"},"canonical":"https:\/\/www.kontinenzzentrum.ch\/en\/diagnosis-und-treatment\/non-invasive-therapy\/drug-therapy.html","og_locale":"en_GB","og_type":"article","og_title":"Drug therapy","og_description":"Medication treatment Bladder problems and involuntary leakage of urine can be treated effectively with medication. The correct selection and dosage of the agents together with an assessment of their risks and limits for each individual concerned are the prerequisite for successful, treatment without side-effects. This requires neurourological experience.","og_url":"https:\/\/www.kontinenzzentrum.ch\/en\/diagnosis-und-treatment\/non-invasive-therapy\/drug-therapy.html","og_site_name":"KontinenzZentrum","article_modified_time":"2023-03-13T09:35:58+00:00","og_image":[{"width":1920,"height":450,"url":"https:\/\/www.kontinenzzentrum.ch\/wp-content\/uploads\/kompetenz-inkontinenz-212980.jpeg","type":"image\/jpeg"}],"twitter_card":"summary_large_image","twitter_misc":{"Estimated reading time":"1 minute"},"schema":{"@context":"https:\/\/schema.org","@graph":[{"@type":"WebPage","@id":"https:\/\/www.kontinenzzentrum.ch\/en\/diagnosis-und-treatment\/non-invasive-therapy\/drug-therapy.html","url":"https:\/\/www.kontinenzzentrum.ch\/en\/diagnosis-und-treatment\/non-invasive-therapy\/drug-therapy.html","name":"Drug therapy","isPartOf":{"@id":"https:\/\/www.kontinenzzentrum.ch\/de\/#website"},"primaryImageOfPage":{"@id":"https:\/\/www.kontinenzzentrum.ch\/en\/diagnosis-und-treatment\/non-invasive-therapy\/drug-therapy.html#primaryimage"},"image":{"@id":"https:\/\/www.kontinenzzentrum.ch\/en\/diagnosis-und-treatment\/non-invasive-therapy\/drug-therapy.html#primaryimage"},"thumbnailUrl":"https:\/\/www.kontinenzzentrum.ch\/wp-content\/uploads\/kompetenz-inkontinenz-212980.jpeg","datePublished":"2023-03-02T09:47:34+00:00","dateModified":"2023-03-13T09:35:58+00:00","breadcrumb":{"@id":"https:\/\/www.kontinenzzentrum.ch\/en\/diagnosis-und-treatment\/non-invasive-therapy\/drug-therapy.html#breadcrumb"},"inLanguage":"en-GB","potentialAction":[{"@type":"ReadAction","target":["https:\/\/www.kontinenzzentrum.ch\/en\/diagnosis-und-treatment\/non-invasive-therapy\/drug-therapy.html"]}]},{"@type":"ImageObject","inLanguage":"en-GB","@id":"https:\/\/www.kontinenzzentrum.ch\/en\/diagnosis-und-treatment\/non-invasive-therapy\/drug-therapy.html#primaryimage","url":"https:\/\/www.kontinenzzentrum.ch\/wp-content\/uploads\/kompetenz-inkontinenz-212980.jpeg","contentUrl":"https:\/\/www.kontinenzzentrum.ch\/wp-content\/uploads\/kompetenz-inkontinenz-212980.jpeg","width":1920,"height":450},{"@type":"BreadcrumbList","@id":"https:\/\/www.kontinenzzentrum.ch\/en\/diagnosis-und-treatment\/non-invasive-therapy\/drug-therapy.html#breadcrumb","itemListElement":[{"@type":"ListItem","position":1,"name":"Startseite","item":"https:\/\/www.kontinenzzentrum.ch\/en"},{"@type":"ListItem","position":2,"name":"Diagnosis &#038; Treatment","item":"https:\/\/www.kontinenzzentrum.ch\/en\/diagnosis-und-treatment.html"},{"@type":"ListItem","position":3,"name":"Non-invasive Therapy","item":"https:\/\/www.kontinenzzentrum.ch\/en\/diagnosis-und-treatment\/non-invasive-therapy.html"},{"@type":"ListItem","position":4,"name":"Drug therapy"}]},{"@type":"WebSite","@id":"https:\/\/www.kontinenzzentrum.ch\/de\/#website","url":"https:\/\/www.kontinenzzentrum.ch\/de\/","name":"KontinenzZentrum Hirslanden Z\u00fcrich","description":"KontinenzZentrum Hirslanden Z\u00fcrich: Blasenst\u00f6rungen & Inkontinenz","publisher":{"@id":"https:\/\/www.kontinenzzentrum.ch\/de\/#organization"},"potentialAction":[{"@type":"SearchAction","target":{"@type":"EntryPoint","urlTemplate":"https:\/\/www.kontinenzzentrum.ch\/de\/?s={search_term_string}"},"query-input":{"@type":"PropertyValueSpecification","valueRequired":true,"valueName":"search_term_string"}}],"inLanguage":"en-GB"},{"@type":"Organization","@id":"https:\/\/www.kontinenzzentrum.ch\/de\/#organization","name":"KontinenzZentrum Hirslanden Z\u00fcrich","url":"https:\/\/www.kontinenzzentrum.ch\/de\/","logo":{"@type":"ImageObject","inLanguage":"en-GB","@id":"https:\/\/www.kontinenzzentrum.ch\/de\/#\/schema\/logo\/image\/","url":"https:\/\/www.kontinenzzentrum.ch\/wp-content\/uploads\/Logo_KontinenzZentrum.png","contentUrl":"https:\/\/www.kontinenzzentrum.ch\/wp-content\/uploads\/Logo_KontinenzZentrum.png","width":800,"height":142,"caption":"KontinenzZentrum Hirslanden Z\u00fcrich"},"image":{"@id":"https:\/\/www.kontinenzzentrum.ch\/de\/#\/schema\/logo\/image\/"}}]}},"_links":{"self":[{"href":"https:\/\/www.kontinenzzentrum.ch\/en\/wp-json\/wp\/v2\/pages\/2127","targetHints":{"allow":["GET"]}}],"collection":[{"href":"https:\/\/www.kontinenzzentrum.ch\/en\/wp-json\/wp\/v2\/pages"}],"about":[{"href":"https:\/\/www.kontinenzzentrum.ch\/en\/wp-json\/wp\/v2\/types\/page"}],"author":[{"embeddable":true,"href":"https:\/\/www.kontinenzzentrum.ch\/en\/wp-json\/wp\/v2\/users\/1"}],"replies":[{"embeddable":true,"href":"https:\/\/www.kontinenzzentrum.ch\/en\/wp-json\/wp\/v2\/comments?post=2127"}],"version-history":[{"count":3,"href":"https:\/\/www.kontinenzzentrum.ch\/en\/wp-json\/wp\/v2\/pages\/2127\/revisions"}],"predecessor-version":[{"id":2130,"href":"https:\/\/www.kontinenzzentrum.ch\/en\/wp-json\/wp\/v2\/pages\/2127\/revisions\/2130"}],"up":[{"embeddable":true,"href":"https:\/\/www.kontinenzzentrum.ch\/en\/wp-json\/wp\/v2\/pages\/2122"}],"wp:featuredmedia":[{"embeddable":true,"href":"https:\/\/www.kontinenzzentrum.ch\/en\/wp-json\/wp\/v2\/media\/1184"}],"wp:attachment":[{"href":"https:\/\/www.kontinenzzentrum.ch\/en\/wp-json\/wp\/v2\/media?parent=2127"}],"curies":[{"name":"wp","href":"https:\/\/api.w.org\/{rel}","templated":true}]}}