{"id":2139,"date":"2023-03-06T13:14:50","date_gmt":"2023-03-06T12:14:50","guid":{"rendered":"https:\/\/www.kontinenzzentrum.ch\/diagnosis-und-treatment\/zweitmeinung\/"},"modified":"2023-03-13T10:55:08","modified_gmt":"2023-03-13T09:55:08","slug":"second-opinion","status":"publish","type":"page","link":"https:\/\/www.kontinenzzentrum.ch\/en\/diagnosis-und-treatment\/second-opinion.html","title":{"rendered":"Second opinion"},"content":{"rendered":"<div id=\"pl-2139\"  class=\"panel-layout\" ><div id=\"pg-2139-0\"  class=\"panel-grid panel-no-style\" ><div id=\"pgc-2139-0-0\"  class=\"panel-grid-cell\" ><div id=\"panel-2139-0-0-0\" class=\"so-panel widget widget_sow-editor panel-first-child panel-last-child\" data-index=\"0\" ><div\n\t\t\t\n\t\t\tclass=\"so-widget-sow-editor so-widget-sow-editor-base\"\n\t\t\t\n\t\t>\n<div class=\"siteorigin-widget-tinymce textwidget\">\n\t<h1>Second Opinion<\/h1>\n<h3>Trusting and individual advice. For you.<\/h3>\n<p>Our second opinion consultations offer you access to our extensive medical expertise in the field of neurourology, functional bladder dysfunctions, neurogenic bladder and urinary incontinence. You receive a medical expert opinion on your disease, an advice on possible treatment and a detailed consultation.\u00a0The variety of possible treatments, which are becoming increasingly complex, can often confuse patients. At times, therapy recommendations may not be based on much scientific evidence. Against this background, a re-evaluation of the suggested treatment and a survey of alternative treatments \u2013 in the form of a second opinion \u2013 may optimize the quality of the therapy. A second opinion may thus support you in the decision-making process involving complex issues concerning diagnostics and treatment.<\/p>\n<p>The rapid development of the information media during the past decade \u2013 particularly the spread of the Internet \u2013 has had severe consequences for the health sector as well. However, a second opinion consultation may foster your patient competence and enable you to positively influence your illness and treatment situation.<\/p>\n<\/div>\n<\/div><\/div><\/div><\/div><\/div>","protected":false},"excerpt":{"rendered":"<p>Second Opinion Trusting and individual advice. For you. Our second opinion consultations offer you access to our extensive medical expertise in the field of neurourology, functional bladder dysfunctions, neurogenic bladder and urinary incontinence. You receive a medical expert opinion on your disease, an advice on possible treatment and a detailed consultation.\u00a0The variety of possible treatments, [&hellip;]<\/p>\n","protected":false},"author":1,"featured_media":1184,"parent":2106,"menu_order":0,"comment_status":"closed","ping_status":"closed","template":"","meta":{"_acf_changed":false,"footnotes":""},"class_list":["post-2139","page","type-page","status-publish","has-post-thumbnail","hentry"],"acf":[],"yoast_head":"<!-- This site is optimized with the Yoast SEO plugin v26.9 - https:\/\/yoast.com\/product\/yoast-seo-wordpress\/ -->\n<title>Second opinion<\/title>\n<meta name=\"robots\" content=\"index, follow, max-snippet:-1, max-image-preview:large, max-video-preview:-1\" \/>\n<link rel=\"canonical\" href=\"https:\/\/www.kontinenzzentrum.ch\/en\/diagnosis-und-treatment\/second-opinion.html\" \/>\n<meta property=\"og:locale\" content=\"en_GB\" \/>\n<meta property=\"og:type\" content=\"article\" \/>\n<meta property=\"og:title\" content=\"Second opinion\" \/>\n<meta property=\"og:description\" content=\"Second Opinion Trusting and individual advice. For you. Our second opinion consultations offer you access to our extensive medical expertise in the field of neurourology, functional bladder dysfunctions, neurogenic bladder and urinary incontinence. You receive a medical expert opinion on your disease, an advice on possible treatment and a detailed consultation.\u00a0The variety of possible treatments, [&hellip;]\" \/>\n<meta property=\"og:url\" content=\"https:\/\/www.kontinenzzentrum.ch\/en\/diagnosis-und-treatment\/second-opinion.html\" \/>\n<meta property=\"og:site_name\" content=\"KontinenzZentrum\" \/>\n<meta property=\"article:modified_time\" content=\"2023-03-13T09:55:08+00:00\" \/>\n<meta property=\"og:image\" content=\"https:\/\/www.kontinenzzentrum.ch\/wp-content\/uploads\/kompetenz-inkontinenz-212980.jpeg\" \/>\n\t<meta property=\"og:image:width\" content=\"1920\" \/>\n\t<meta property=\"og:image:height\" content=\"450\" \/>\n\t<meta property=\"og:image:type\" content=\"image\/jpeg\" \/>\n<meta name=\"twitter:card\" content=\"summary_large_image\" \/>\n<meta name=\"twitter:label1\" content=\"Estimated reading time\" \/>\n\t<meta name=\"twitter:data1\" content=\"2 minutes\" \/>\n<script type=\"application\/ld+json\" class=\"yoast-schema-graph\">{\"@context\":\"https:\/\/schema.org\",\"@graph\":[{\"@type\":\"WebPage\",\"@id\":\"https:\/\/www.kontinenzzentrum.ch\/en\/diagnosis-und-treatment\/second-opinion.html\",\"url\":\"https:\/\/www.kontinenzzentrum.ch\/en\/diagnosis-und-treatment\/second-opinion.html\",\"name\":\"Second opinion\",\"isPartOf\":{\"@id\":\"https:\/\/www.kontinenzzentrum.ch\/de\/#website\"},\"primaryImageOfPage\":{\"@id\":\"https:\/\/www.kontinenzzentrum.ch\/en\/diagnosis-und-treatment\/second-opinion.html#primaryimage\"},\"image\":{\"@id\":\"https:\/\/www.kontinenzzentrum.ch\/en\/diagnosis-und-treatment\/second-opinion.html#primaryimage\"},\"thumbnailUrl\":\"https:\/\/www.kontinenzzentrum.ch\/wp-content\/uploads\/kompetenz-inkontinenz-212980.jpeg\",\"datePublished\":\"2023-03-06T12:14:50+00:00\",\"dateModified\":\"2023-03-13T09:55:08+00:00\",\"breadcrumb\":{\"@id\":\"https:\/\/www.kontinenzzentrum.ch\/en\/diagnosis-und-treatment\/second-opinion.html#breadcrumb\"},\"inLanguage\":\"en-GB\",\"potentialAction\":[{\"@type\":\"ReadAction\",\"target\":[\"https:\/\/www.kontinenzzentrum.ch\/en\/diagnosis-und-treatment\/second-opinion.html\"]}]},{\"@type\":\"ImageObject\",\"inLanguage\":\"en-GB\",\"@id\":\"https:\/\/www.kontinenzzentrum.ch\/en\/diagnosis-und-treatment\/second-opinion.html#primaryimage\",\"url\":\"https:\/\/www.kontinenzzentrum.ch\/wp-content\/uploads\/kompetenz-inkontinenz-212980.jpeg\",\"contentUrl\":\"https:\/\/www.kontinenzzentrum.ch\/wp-content\/uploads\/kompetenz-inkontinenz-212980.jpeg\",\"width\":1920,\"height\":450},{\"@type\":\"BreadcrumbList\",\"@id\":\"https:\/\/www.kontinenzzentrum.ch\/en\/diagnosis-und-treatment\/second-opinion.html#breadcrumb\",\"itemListElement\":[{\"@type\":\"ListItem\",\"position\":1,\"name\":\"Startseite\",\"item\":\"https:\/\/www.kontinenzzentrum.ch\/en\"},{\"@type\":\"ListItem\",\"position\":2,\"name\":\"Diagnosis &#038; Treatment\",\"item\":\"https:\/\/www.kontinenzzentrum.ch\/en\/diagnosis-und-treatment.html\"},{\"@type\":\"ListItem\",\"position\":3,\"name\":\"Second opinion\"}]},{\"@type\":\"WebSite\",\"@id\":\"https:\/\/www.kontinenzzentrum.ch\/de\/#website\",\"url\":\"https:\/\/www.kontinenzzentrum.ch\/de\/\",\"name\":\"KontinenzZentrum Hirslanden Z\u00fcrich\",\"description\":\"KontinenzZentrum Hirslanden Z\u00fcrich: Blasenst\u00f6rungen & Inkontinenz\",\"publisher\":{\"@id\":\"https:\/\/www.kontinenzzentrum.ch\/de\/#organization\"},\"potentialAction\":[{\"@type\":\"SearchAction\",\"target\":{\"@type\":\"EntryPoint\",\"urlTemplate\":\"https:\/\/www.kontinenzzentrum.ch\/de\/?s={search_term_string}\"},\"query-input\":{\"@type\":\"PropertyValueSpecification\",\"valueRequired\":true,\"valueName\":\"search_term_string\"}}],\"inLanguage\":\"en-GB\"},{\"@type\":\"Organization\",\"@id\":\"https:\/\/www.kontinenzzentrum.ch\/de\/#organization\",\"name\":\"KontinenzZentrum Hirslanden Z\u00fcrich\",\"url\":\"https:\/\/www.kontinenzzentrum.ch\/de\/\",\"logo\":{\"@type\":\"ImageObject\",\"inLanguage\":\"en-GB\",\"@id\":\"https:\/\/www.kontinenzzentrum.ch\/de\/#\/schema\/logo\/image\/\",\"url\":\"https:\/\/www.kontinenzzentrum.ch\/wp-content\/uploads\/Logo_KontinenzZentrum.png\",\"contentUrl\":\"https:\/\/www.kontinenzzentrum.ch\/wp-content\/uploads\/Logo_KontinenzZentrum.png\",\"width\":800,\"height\":142,\"caption\":\"KontinenzZentrum Hirslanden Z\u00fcrich\"},\"image\":{\"@id\":\"https:\/\/www.kontinenzzentrum.ch\/de\/#\/schema\/logo\/image\/\"}}]}<\/script>\n<!-- \/ Yoast SEO plugin. -->","yoast_head_json":{"title":"Second opinion","robots":{"index":"index","follow":"follow","max-snippet":"max-snippet:-1","max-image-preview":"max-image-preview:large","max-video-preview":"max-video-preview:-1"},"canonical":"https:\/\/www.kontinenzzentrum.ch\/en\/diagnosis-und-treatment\/second-opinion.html","og_locale":"en_GB","og_type":"article","og_title":"Second opinion","og_description":"Second Opinion Trusting and individual advice. For you. Our second opinion consultations offer you access to our extensive medical expertise in the field of neurourology, functional bladder dysfunctions, neurogenic bladder and urinary incontinence. You receive a medical expert opinion on your disease, an advice on possible treatment and a detailed consultation.\u00a0The variety of possible treatments, [&hellip;]","og_url":"https:\/\/www.kontinenzzentrum.ch\/en\/diagnosis-und-treatment\/second-opinion.html","og_site_name":"KontinenzZentrum","article_modified_time":"2023-03-13T09:55:08+00:00","og_image":[{"width":1920,"height":450,"url":"https:\/\/www.kontinenzzentrum.ch\/wp-content\/uploads\/kompetenz-inkontinenz-212980.jpeg","type":"image\/jpeg"}],"twitter_card":"summary_large_image","twitter_misc":{"Estimated reading time":"2 minutes"},"schema":{"@context":"https:\/\/schema.org","@graph":[{"@type":"WebPage","@id":"https:\/\/www.kontinenzzentrum.ch\/en\/diagnosis-und-treatment\/second-opinion.html","url":"https:\/\/www.kontinenzzentrum.ch\/en\/diagnosis-und-treatment\/second-opinion.html","name":"Second opinion","isPartOf":{"@id":"https:\/\/www.kontinenzzentrum.ch\/de\/#website"},"primaryImageOfPage":{"@id":"https:\/\/www.kontinenzzentrum.ch\/en\/diagnosis-und-treatment\/second-opinion.html#primaryimage"},"image":{"@id":"https:\/\/www.kontinenzzentrum.ch\/en\/diagnosis-und-treatment\/second-opinion.html#primaryimage"},"thumbnailUrl":"https:\/\/www.kontinenzzentrum.ch\/wp-content\/uploads\/kompetenz-inkontinenz-212980.jpeg","datePublished":"2023-03-06T12:14:50+00:00","dateModified":"2023-03-13T09:55:08+00:00","breadcrumb":{"@id":"https:\/\/www.kontinenzzentrum.ch\/en\/diagnosis-und-treatment\/second-opinion.html#breadcrumb"},"inLanguage":"en-GB","potentialAction":[{"@type":"ReadAction","target":["https:\/\/www.kontinenzzentrum.ch\/en\/diagnosis-und-treatment\/second-opinion.html"]}]},{"@type":"ImageObject","inLanguage":"en-GB","@id":"https:\/\/www.kontinenzzentrum.ch\/en\/diagnosis-und-treatment\/second-opinion.html#primaryimage","url":"https:\/\/www.kontinenzzentrum.ch\/wp-content\/uploads\/kompetenz-inkontinenz-212980.jpeg","contentUrl":"https:\/\/www.kontinenzzentrum.ch\/wp-content\/uploads\/kompetenz-inkontinenz-212980.jpeg","width":1920,"height":450},{"@type":"BreadcrumbList","@id":"https:\/\/www.kontinenzzentrum.ch\/en\/diagnosis-und-treatment\/second-opinion.html#breadcrumb","itemListElement":[{"@type":"ListItem","position":1,"name":"Startseite","item":"https:\/\/www.kontinenzzentrum.ch\/en"},{"@type":"ListItem","position":2,"name":"Diagnosis &#038; Treatment","item":"https:\/\/www.kontinenzzentrum.ch\/en\/diagnosis-und-treatment.html"},{"@type":"ListItem","position":3,"name":"Second opinion"}]},{"@type":"WebSite","@id":"https:\/\/www.kontinenzzentrum.ch\/de\/#website","url":"https:\/\/www.kontinenzzentrum.ch\/de\/","name":"KontinenzZentrum Hirslanden Z\u00fcrich","description":"KontinenzZentrum Hirslanden Z\u00fcrich: Blasenst\u00f6rungen & Inkontinenz","publisher":{"@id":"https:\/\/www.kontinenzzentrum.ch\/de\/#organization"},"potentialAction":[{"@type":"SearchAction","target":{"@type":"EntryPoint","urlTemplate":"https:\/\/www.kontinenzzentrum.ch\/de\/?s={search_term_string}"},"query-input":{"@type":"PropertyValueSpecification","valueRequired":true,"valueName":"search_term_string"}}],"inLanguage":"en-GB"},{"@type":"Organization","@id":"https:\/\/www.kontinenzzentrum.ch\/de\/#organization","name":"KontinenzZentrum Hirslanden Z\u00fcrich","url":"https:\/\/www.kontinenzzentrum.ch\/de\/","logo":{"@type":"ImageObject","inLanguage":"en-GB","@id":"https:\/\/www.kontinenzzentrum.ch\/de\/#\/schema\/logo\/image\/","url":"https:\/\/www.kontinenzzentrum.ch\/wp-content\/uploads\/Logo_KontinenzZentrum.png","contentUrl":"https:\/\/www.kontinenzzentrum.ch\/wp-content\/uploads\/Logo_KontinenzZentrum.png","width":800,"height":142,"caption":"KontinenzZentrum Hirslanden Z\u00fcrich"},"image":{"@id":"https:\/\/www.kontinenzzentrum.ch\/de\/#\/schema\/logo\/image\/"}}]}},"_links":{"self":[{"href":"https:\/\/www.kontinenzzentrum.ch\/en\/wp-json\/wp\/v2\/pages\/2139","targetHints":{"allow":["GET"]}}],"collection":[{"href":"https:\/\/www.kontinenzzentrum.ch\/en\/wp-json\/wp\/v2\/pages"}],"about":[{"href":"https:\/\/www.kontinenzzentrum.ch\/en\/wp-json\/wp\/v2\/types\/page"}],"author":[{"embeddable":true,"href":"https:\/\/www.kontinenzzentrum.ch\/en\/wp-json\/wp\/v2\/users\/1"}],"replies":[{"embeddable":true,"href":"https:\/\/www.kontinenzzentrum.ch\/en\/wp-json\/wp\/v2\/comments?post=2139"}],"version-history":[{"count":3,"href":"https:\/\/www.kontinenzzentrum.ch\/en\/wp-json\/wp\/v2\/pages\/2139\/revisions"}],"predecessor-version":[{"id":2142,"href":"https:\/\/www.kontinenzzentrum.ch\/en\/wp-json\/wp\/v2\/pages\/2139\/revisions\/2142"}],"up":[{"embeddable":true,"href":"https:\/\/www.kontinenzzentrum.ch\/en\/wp-json\/wp\/v2\/pages\/2106"}],"wp:featuredmedia":[{"embeddable":true,"href":"https:\/\/www.kontinenzzentrum.ch\/en\/wp-json\/wp\/v2\/media\/1184"}],"wp:attachment":[{"href":"https:\/\/www.kontinenzzentrum.ch\/en\/wp-json\/wp\/v2\/media?parent=2139"}],"curies":[{"name":"wp","href":"https:\/\/api.w.org\/{rel}","templated":true}]}}