{"id":2167,"date":"2023-02-10T11:43:58","date_gmt":"2023-02-10T10:43:58","guid":{"rendered":"https:\/\/www.kontinenzzentrum.ch\/diseases\/inkontinenzformen\/"},"modified":"2023-06-30T15:52:21","modified_gmt":"2023-06-30T13:52:21","slug":"incontinence","status":"publish","type":"page","link":"https:\/\/www.kontinenzzentrum.ch\/en\/diseases\/incontinence.html","title":{"rendered":"Incontinence"},"content":{"rendered":"<div id=\"pl-2167\"  class=\"panel-layout\" ><div id=\"pg-2167-0\"  class=\"panel-grid panel-no-style\" ><div id=\"pgc-2167-0-0\"  class=\"panel-grid-cell\" ><div id=\"panel-2167-0-0-0\" class=\"so-panel widget widget_sow-editor panel-first-child panel-last-child\" data-index=\"0\" ><div\n\t\t\t\n\t\t\tclass=\"so-widget-sow-editor so-widget-sow-editor-base\"\n\t\t\t\n\t\t>\n<div class=\"siteorigin-widget-tinymce textwidget\">\n\t<h1>Bladder dysfunction<\/h1>\n<hr \/>\n<ul>\n<li><a class=\"\" href=\"https:\/\/www.kontinenzzentrum.ch\/en\/diseases\/bladder-dysfunction\/urinary-incontinence-in-the-elderly.html\">Urinary incontinence in the elderly<\/a><\/li>\n<li><a class=\"\" href=\"https:\/\/www.kontinenzzentrum.ch\/en\/diseases\/neurogenic-bladder-disorders\/dementia.html\">Dementia<\/a><\/li>\n<li><a class=\"\" href=\"https:\/\/www.kontinenzzentrum.ch\/en\/diseases\/bladder-dysfunction\/benign-prostate-enlargement.html\">Benign prostate enlargement<\/a><\/li>\n<li><a class=\"\" href=\"https:\/\/www.kontinenzzentrum.ch\/en\/diseases\/bladder-dysfunction\/irritable-bladder.html\">Irritable bladder<\/a><\/li>\n<\/ul>\n<hr \/>\n<\/div>\n<\/div><\/div><\/div><\/div><\/div>","protected":false},"excerpt":{"rendered":"<p>Bladder dysfunction Urinary incontinence in the elderly Dementia Benign prostate enlargement Irritable bladder<\/p>\n","protected":false},"author":1,"featured_media":1234,"parent":2152,"menu_order":0,"comment_status":"closed","ping_status":"closed","template":"","meta":{"_acf_changed":false,"footnotes":""},"class_list":["post-2167","page","type-page","status-publish","has-post-thumbnail","hentry"],"acf":[],"yoast_head":"<!-- This site is optimized with the Yoast SEO plugin v26.9 - https:\/\/yoast.com\/product\/yoast-seo-wordpress\/ -->\n<title>Bladder dysfunction<\/title>\n<meta name=\"robots\" content=\"index, follow, max-snippet:-1, max-image-preview:large, max-video-preview:-1\" \/>\n<link rel=\"canonical\" href=\"https:\/\/www.kontinenzzentrum.ch\/en\/diseases\/incontinence.html\" \/>\n<meta property=\"og:locale\" content=\"en_GB\" \/>\n<meta property=\"og:type\" content=\"article\" \/>\n<meta property=\"og:title\" content=\"Bladder dysfunction\" \/>\n<meta property=\"og:description\" content=\"Bladder dysfunction Urinary incontinence in the elderly Dementia Benign prostate enlargement Irritable bladder\" \/>\n<meta property=\"og:url\" content=\"https:\/\/www.kontinenzzentrum.ch\/en\/diseases\/incontinence.html\" \/>\n<meta property=\"og:site_name\" content=\"KontinenzZentrum\" \/>\n<meta property=\"article:modified_time\" content=\"2023-06-30T13:52:21+00:00\" \/>\n<meta property=\"og:image\" content=\"https:\/\/www.kontinenzzentrum.ch\/wp-content\/uploads\/untersuchung-blase-1.jpeg\" \/>\n\t<meta property=\"og:image:width\" content=\"1920\" \/>\n\t<meta property=\"og:image:height\" content=\"450\" \/>\n\t<meta property=\"og:image:type\" content=\"image\/jpeg\" \/>\n<meta name=\"twitter:card\" content=\"summary_large_image\" \/>\n<meta name=\"twitter:label1\" content=\"Estimated reading time\" \/>\n\t<meta name=\"twitter:data1\" content=\"1 minute\" \/>\n<script type=\"application\/ld+json\" class=\"yoast-schema-graph\">{\"@context\":\"https:\/\/schema.org\",\"@graph\":[{\"@type\":\"WebPage\",\"@id\":\"https:\/\/www.kontinenzzentrum.ch\/en\/diseases\/incontinence.html\",\"url\":\"https:\/\/www.kontinenzzentrum.ch\/en\/diseases\/incontinence.html\",\"name\":\"Bladder dysfunction\",\"isPartOf\":{\"@id\":\"https:\/\/www.kontinenzzentrum.ch\/de\/#website\"},\"primaryImageOfPage\":{\"@id\":\"https:\/\/www.kontinenzzentrum.ch\/en\/diseases\/incontinence.html#primaryimage\"},\"image\":{\"@id\":\"https:\/\/www.kontinenzzentrum.ch\/en\/diseases\/incontinence.html#primaryimage\"},\"thumbnailUrl\":\"https:\/\/www.kontinenzzentrum.ch\/wp-content\/uploads\/untersuchung-blase-1.jpeg\",\"datePublished\":\"2023-02-10T10:43:58+00:00\",\"dateModified\":\"2023-06-30T13:52:21+00:00\",\"breadcrumb\":{\"@id\":\"https:\/\/www.kontinenzzentrum.ch\/en\/diseases\/incontinence.html#breadcrumb\"},\"inLanguage\":\"en-GB\",\"potentialAction\":[{\"@type\":\"ReadAction\",\"target\":[\"https:\/\/www.kontinenzzentrum.ch\/en\/diseases\/incontinence.html\"]}]},{\"@type\":\"ImageObject\",\"inLanguage\":\"en-GB\",\"@id\":\"https:\/\/www.kontinenzzentrum.ch\/en\/diseases\/incontinence.html#primaryimage\",\"url\":\"https:\/\/www.kontinenzzentrum.ch\/wp-content\/uploads\/untersuchung-blase-1.jpeg\",\"contentUrl\":\"https:\/\/www.kontinenzzentrum.ch\/wp-content\/uploads\/untersuchung-blase-1.jpeg\",\"width\":1920,\"height\":450},{\"@type\":\"BreadcrumbList\",\"@id\":\"https:\/\/www.kontinenzzentrum.ch\/en\/diseases\/incontinence.html#breadcrumb\",\"itemListElement\":[{\"@type\":\"ListItem\",\"position\":1,\"name\":\"Startseite\",\"item\":\"https:\/\/www.kontinenzzentrum.ch\/en\"},{\"@type\":\"ListItem\",\"position\":2,\"name\":\"Diseases\",\"item\":\"https:\/\/www.kontinenzzentrum.ch\/en\/diseases.html\"},{\"@type\":\"ListItem\",\"position\":3,\"name\":\"Incontinence\"}]},{\"@type\":\"WebSite\",\"@id\":\"https:\/\/www.kontinenzzentrum.ch\/de\/#website\",\"url\":\"https:\/\/www.kontinenzzentrum.ch\/de\/\",\"name\":\"KontinenzZentrum Hirslanden Z\u00fcrich\",\"description\":\"KontinenzZentrum Hirslanden Z\u00fcrich: Blasenst\u00f6rungen & Inkontinenz\",\"publisher\":{\"@id\":\"https:\/\/www.kontinenzzentrum.ch\/de\/#organization\"},\"potentialAction\":[{\"@type\":\"SearchAction\",\"target\":{\"@type\":\"EntryPoint\",\"urlTemplate\":\"https:\/\/www.kontinenzzentrum.ch\/de\/?s={search_term_string}\"},\"query-input\":{\"@type\":\"PropertyValueSpecification\",\"valueRequired\":true,\"valueName\":\"search_term_string\"}}],\"inLanguage\":\"en-GB\"},{\"@type\":\"Organization\",\"@id\":\"https:\/\/www.kontinenzzentrum.ch\/de\/#organization\",\"name\":\"KontinenzZentrum Hirslanden Z\u00fcrich\",\"url\":\"https:\/\/www.kontinenzzentrum.ch\/de\/\",\"logo\":{\"@type\":\"ImageObject\",\"inLanguage\":\"en-GB\",\"@id\":\"https:\/\/www.kontinenzzentrum.ch\/de\/#\/schema\/logo\/image\/\",\"url\":\"https:\/\/www.kontinenzzentrum.ch\/wp-content\/uploads\/Logo_KontinenzZentrum.png\",\"contentUrl\":\"https:\/\/www.kontinenzzentrum.ch\/wp-content\/uploads\/Logo_KontinenzZentrum.png\",\"width\":800,\"height\":142,\"caption\":\"KontinenzZentrum Hirslanden Z\u00fcrich\"},\"image\":{\"@id\":\"https:\/\/www.kontinenzzentrum.ch\/de\/#\/schema\/logo\/image\/\"}}]}<\/script>\n<!-- \/ Yoast SEO plugin. -->","yoast_head_json":{"title":"Bladder dysfunction","robots":{"index":"index","follow":"follow","max-snippet":"max-snippet:-1","max-image-preview":"max-image-preview:large","max-video-preview":"max-video-preview:-1"},"canonical":"https:\/\/www.kontinenzzentrum.ch\/en\/diseases\/incontinence.html","og_locale":"en_GB","og_type":"article","og_title":"Bladder dysfunction","og_description":"Bladder dysfunction Urinary incontinence in the elderly Dementia Benign prostate enlargement Irritable bladder","og_url":"https:\/\/www.kontinenzzentrum.ch\/en\/diseases\/incontinence.html","og_site_name":"KontinenzZentrum","article_modified_time":"2023-06-30T13:52:21+00:00","og_image":[{"width":1920,"height":450,"url":"https:\/\/www.kontinenzzentrum.ch\/wp-content\/uploads\/untersuchung-blase-1.jpeg","type":"image\/jpeg"}],"twitter_card":"summary_large_image","twitter_misc":{"Estimated reading time":"1 minute"},"schema":{"@context":"https:\/\/schema.org","@graph":[{"@type":"WebPage","@id":"https:\/\/www.kontinenzzentrum.ch\/en\/diseases\/incontinence.html","url":"https:\/\/www.kontinenzzentrum.ch\/en\/diseases\/incontinence.html","name":"Bladder dysfunction","isPartOf":{"@id":"https:\/\/www.kontinenzzentrum.ch\/de\/#website"},"primaryImageOfPage":{"@id":"https:\/\/www.kontinenzzentrum.ch\/en\/diseases\/incontinence.html#primaryimage"},"image":{"@id":"https:\/\/www.kontinenzzentrum.ch\/en\/diseases\/incontinence.html#primaryimage"},"thumbnailUrl":"https:\/\/www.kontinenzzentrum.ch\/wp-content\/uploads\/untersuchung-blase-1.jpeg","datePublished":"2023-02-10T10:43:58+00:00","dateModified":"2023-06-30T13:52:21+00:00","breadcrumb":{"@id":"https:\/\/www.kontinenzzentrum.ch\/en\/diseases\/incontinence.html#breadcrumb"},"inLanguage":"en-GB","potentialAction":[{"@type":"ReadAction","target":["https:\/\/www.kontinenzzentrum.ch\/en\/diseases\/incontinence.html"]}]},{"@type":"ImageObject","inLanguage":"en-GB","@id":"https:\/\/www.kontinenzzentrum.ch\/en\/diseases\/incontinence.html#primaryimage","url":"https:\/\/www.kontinenzzentrum.ch\/wp-content\/uploads\/untersuchung-blase-1.jpeg","contentUrl":"https:\/\/www.kontinenzzentrum.ch\/wp-content\/uploads\/untersuchung-blase-1.jpeg","width":1920,"height":450},{"@type":"BreadcrumbList","@id":"https:\/\/www.kontinenzzentrum.ch\/en\/diseases\/incontinence.html#breadcrumb","itemListElement":[{"@type":"ListItem","position":1,"name":"Startseite","item":"https:\/\/www.kontinenzzentrum.ch\/en"},{"@type":"ListItem","position":2,"name":"Diseases","item":"https:\/\/www.kontinenzzentrum.ch\/en\/diseases.html"},{"@type":"ListItem","position":3,"name":"Incontinence"}]},{"@type":"WebSite","@id":"https:\/\/www.kontinenzzentrum.ch\/de\/#website","url":"https:\/\/www.kontinenzzentrum.ch\/de\/","name":"KontinenzZentrum Hirslanden Z\u00fcrich","description":"KontinenzZentrum Hirslanden Z\u00fcrich: Blasenst\u00f6rungen & Inkontinenz","publisher":{"@id":"https:\/\/www.kontinenzzentrum.ch\/de\/#organization"},"potentialAction":[{"@type":"SearchAction","target":{"@type":"EntryPoint","urlTemplate":"https:\/\/www.kontinenzzentrum.ch\/de\/?s={search_term_string}"},"query-input":{"@type":"PropertyValueSpecification","valueRequired":true,"valueName":"search_term_string"}}],"inLanguage":"en-GB"},{"@type":"Organization","@id":"https:\/\/www.kontinenzzentrum.ch\/de\/#organization","name":"KontinenzZentrum Hirslanden Z\u00fcrich","url":"https:\/\/www.kontinenzzentrum.ch\/de\/","logo":{"@type":"ImageObject","inLanguage":"en-GB","@id":"https:\/\/www.kontinenzzentrum.ch\/de\/#\/schema\/logo\/image\/","url":"https:\/\/www.kontinenzzentrum.ch\/wp-content\/uploads\/Logo_KontinenzZentrum.png","contentUrl":"https:\/\/www.kontinenzzentrum.ch\/wp-content\/uploads\/Logo_KontinenzZentrum.png","width":800,"height":142,"caption":"KontinenzZentrum Hirslanden Z\u00fcrich"},"image":{"@id":"https:\/\/www.kontinenzzentrum.ch\/de\/#\/schema\/logo\/image\/"}}]}},"_links":{"self":[{"href":"https:\/\/www.kontinenzzentrum.ch\/en\/wp-json\/wp\/v2\/pages\/2167","targetHints":{"allow":["GET"]}}],"collection":[{"href":"https:\/\/www.kontinenzzentrum.ch\/en\/wp-json\/wp\/v2\/pages"}],"about":[{"href":"https:\/\/www.kontinenzzentrum.ch\/en\/wp-json\/wp\/v2\/types\/page"}],"author":[{"embeddable":true,"href":"https:\/\/www.kontinenzzentrum.ch\/en\/wp-json\/wp\/v2\/users\/1"}],"replies":[{"embeddable":true,"href":"https:\/\/www.kontinenzzentrum.ch\/en\/wp-json\/wp\/v2\/comments?post=2167"}],"version-history":[{"count":6,"href":"https:\/\/www.kontinenzzentrum.ch\/en\/wp-json\/wp\/v2\/pages\/2167\/revisions"}],"predecessor-version":[{"id":3264,"href":"https:\/\/www.kontinenzzentrum.ch\/en\/wp-json\/wp\/v2\/pages\/2167\/revisions\/3264"}],"up":[{"embeddable":true,"href":"https:\/\/www.kontinenzzentrum.ch\/en\/wp-json\/wp\/v2\/pages\/2152"}],"wp:featuredmedia":[{"embeddable":true,"href":"https:\/\/www.kontinenzzentrum.ch\/en\/wp-json\/wp\/v2\/media\/1234"}],"wp:attachment":[{"href":"https:\/\/www.kontinenzzentrum.ch\/en\/wp-json\/wp\/v2\/media?parent=2167"}],"curies":[{"name":"wp","href":"https:\/\/api.w.org\/{rel}","templated":true}]}}