{"id":2173,"date":"2023-02-10T11:51:48","date_gmt":"2023-02-10T10:51:48","guid":{"rendered":"https:\/\/www.kontinenzzentrum.ch\/diseases\/incontinence\/belastungsinkontinenz\/"},"modified":"2023-03-13T12:07:23","modified_gmt":"2023-03-13T11:07:23","slug":"stress-incontincence","status":"publish","type":"page","link":"https:\/\/www.kontinenzzentrum.ch\/en\/diseases\/incontinence\/stress-incontincence.html","title":{"rendered":"Stress incontincence"},"content":{"rendered":"<div id=\"pl-2173\"  class=\"panel-layout\" ><div id=\"pg-2173-0\"  class=\"panel-grid panel-no-style\" ><div id=\"pgc-2173-0-0\"  class=\"panel-grid-cell\" ><div id=\"panel-2173-0-0-0\" class=\"so-panel widget widget_sow-editor panel-first-child panel-last-child\" data-index=\"0\" ><div\n\t\t\t\n\t\t\tclass=\"so-widget-sow-editor so-widget-sow-editor-base\"\n\t\t\t\n\t\t>\n<div class=\"siteorigin-widget-tinymce textwidget\">\n\t<h1>Stress incontincence<\/h1>\n<p>An involuntary leakage of urine that occurs when sneezing, coughing, lifting heavy objects or during physical exertion, but is not accompanied by the urge to urinate, indicates a weakness in the bladder closure mechanism. Under exertion such as coughing, the bladder pressure exceeds the closure pressure of the urethral sphincter, resulting in an involuntary leakage of urine. Known as stress incontinence, this form of involuntary leakage is attributable to a weak urethral sphincter. The risk of stress incontinence increases with age and is far greater among women than men. In women, a weakness of the bladder sphincter and stress incontinence can have two possible causes: a lowering of the bladder and uterus, or a paralysis of the urethral sphincter. In men, a prostate operation is the most frequent cause of stress incontinence.<\/p>\n<\/div>\n<\/div><\/div><\/div><\/div><\/div>","protected":false},"excerpt":{"rendered":"<p>Stress incontincence An involuntary leakage of urine that occurs when sneezing, coughing, lifting heavy objects or during physical exertion, but is not accompanied by the urge to urinate, indicates a weakness in the bladder closure mechanism. Under exertion such as coughing, the bladder pressure exceeds the closure pressure of the urethral sphincter, resulting in an [&hellip;]<\/p>\n","protected":false},"author":1,"featured_media":1170,"parent":2167,"menu_order":0,"comment_status":"closed","ping_status":"closed","template":"","meta":{"_acf_changed":false,"footnotes":""},"class_list":["post-2173","page","type-page","status-publish","has-post-thumbnail","hentry"],"acf":[],"yoast_head":"<!-- This site is optimized with the Yoast SEO plugin v26.9 - https:\/\/yoast.com\/product\/yoast-seo-wordpress\/ -->\n<title>Stress incontincence<\/title>\n<meta name=\"robots\" content=\"index, follow, max-snippet:-1, max-image-preview:large, max-video-preview:-1\" \/>\n<link rel=\"canonical\" href=\"https:\/\/www.kontinenzzentrum.ch\/en\/diseases\/incontinence\/stress-incontincence.html\" \/>\n<meta property=\"og:locale\" content=\"en_GB\" \/>\n<meta property=\"og:type\" content=\"article\" \/>\n<meta property=\"og:title\" content=\"Stress incontincence\" \/>\n<meta property=\"og:description\" content=\"Stress incontincence An involuntary leakage of urine that occurs when sneezing, coughing, lifting heavy objects or during physical exertion, but is not accompanied by the urge to urinate, indicates a weakness in the bladder closure mechanism. Under exertion such as coughing, the bladder pressure exceeds the closure pressure of the urethral sphincter, resulting in an [&hellip;]\" \/>\n<meta property=\"og:url\" content=\"https:\/\/www.kontinenzzentrum.ch\/en\/diseases\/incontinence\/stress-incontincence.html\" \/>\n<meta property=\"og:site_name\" content=\"KontinenzZentrum\" \/>\n<meta property=\"article:modified_time\" content=\"2023-03-13T11:07:23+00:00\" \/>\n<meta property=\"og:image\" content=\"https:\/\/www.kontinenzzentrum.ch\/wp-content\/uploads\/erkrankungen-213393.jpeg\" \/>\n\t<meta property=\"og:image:width\" content=\"1920\" \/>\n\t<meta property=\"og:image:height\" content=\"450\" \/>\n\t<meta property=\"og:image:type\" content=\"image\/jpeg\" \/>\n<meta name=\"twitter:card\" content=\"summary_large_image\" \/>\n<meta name=\"twitter:label1\" content=\"Estimated reading time\" \/>\n\t<meta name=\"twitter:data1\" content=\"8 minutes\" \/>\n<script type=\"application\/ld+json\" class=\"yoast-schema-graph\">{\"@context\":\"https:\/\/schema.org\",\"@graph\":[{\"@type\":\"WebPage\",\"@id\":\"https:\/\/www.kontinenzzentrum.ch\/en\/diseases\/incontinence\/stress-incontincence.html\",\"url\":\"https:\/\/www.kontinenzzentrum.ch\/en\/diseases\/incontinence\/stress-incontincence.html\",\"name\":\"Stress incontincence\",\"isPartOf\":{\"@id\":\"https:\/\/www.kontinenzzentrum.ch\/de\/#website\"},\"primaryImageOfPage\":{\"@id\":\"https:\/\/www.kontinenzzentrum.ch\/en\/diseases\/incontinence\/stress-incontincence.html#primaryimage\"},\"image\":{\"@id\":\"https:\/\/www.kontinenzzentrum.ch\/en\/diseases\/incontinence\/stress-incontincence.html#primaryimage\"},\"thumbnailUrl\":\"https:\/\/www.kontinenzzentrum.ch\/wp-content\/uploads\/erkrankungen-213393.jpeg\",\"datePublished\":\"2023-02-10T10:51:48+00:00\",\"dateModified\":\"2023-03-13T11:07:23+00:00\",\"breadcrumb\":{\"@id\":\"https:\/\/www.kontinenzzentrum.ch\/en\/diseases\/incontinence\/stress-incontincence.html#breadcrumb\"},\"inLanguage\":\"en-GB\",\"potentialAction\":[{\"@type\":\"ReadAction\",\"target\":[\"https:\/\/www.kontinenzzentrum.ch\/en\/diseases\/incontinence\/stress-incontincence.html\"]}]},{\"@type\":\"ImageObject\",\"inLanguage\":\"en-GB\",\"@id\":\"https:\/\/www.kontinenzzentrum.ch\/en\/diseases\/incontinence\/stress-incontincence.html#primaryimage\",\"url\":\"https:\/\/www.kontinenzzentrum.ch\/wp-content\/uploads\/erkrankungen-213393.jpeg\",\"contentUrl\":\"https:\/\/www.kontinenzzentrum.ch\/wp-content\/uploads\/erkrankungen-213393.jpeg\",\"width\":1920,\"height\":450},{\"@type\":\"BreadcrumbList\",\"@id\":\"https:\/\/www.kontinenzzentrum.ch\/en\/diseases\/incontinence\/stress-incontincence.html#breadcrumb\",\"itemListElement\":[{\"@type\":\"ListItem\",\"position\":1,\"name\":\"Startseite\",\"item\":\"https:\/\/www.kontinenzzentrum.ch\/en\"},{\"@type\":\"ListItem\",\"position\":2,\"name\":\"Diseases\",\"item\":\"https:\/\/www.kontinenzzentrum.ch\/en\/diseases.html\"},{\"@type\":\"ListItem\",\"position\":3,\"name\":\"Incontinence\",\"item\":\"https:\/\/www.kontinenzzentrum.ch\/en\/diseases\/incontinence.html\"},{\"@type\":\"ListItem\",\"position\":4,\"name\":\"Stress incontincence\"}]},{\"@type\":\"WebSite\",\"@id\":\"https:\/\/www.kontinenzzentrum.ch\/de\/#website\",\"url\":\"https:\/\/www.kontinenzzentrum.ch\/de\/\",\"name\":\"KontinenzZentrum Hirslanden Z\u00fcrich\",\"description\":\"KontinenzZentrum Hirslanden Z\u00fcrich: Blasenst\u00f6rungen & Inkontinenz\",\"publisher\":{\"@id\":\"https:\/\/www.kontinenzzentrum.ch\/de\/#organization\"},\"potentialAction\":[{\"@type\":\"SearchAction\",\"target\":{\"@type\":\"EntryPoint\",\"urlTemplate\":\"https:\/\/www.kontinenzzentrum.ch\/de\/?s={search_term_string}\"},\"query-input\":{\"@type\":\"PropertyValueSpecification\",\"valueRequired\":true,\"valueName\":\"search_term_string\"}}],\"inLanguage\":\"en-GB\"},{\"@type\":\"Organization\",\"@id\":\"https:\/\/www.kontinenzzentrum.ch\/de\/#organization\",\"name\":\"KontinenzZentrum Hirslanden Z\u00fcrich\",\"url\":\"https:\/\/www.kontinenzzentrum.ch\/de\/\",\"logo\":{\"@type\":\"ImageObject\",\"inLanguage\":\"en-GB\",\"@id\":\"https:\/\/www.kontinenzzentrum.ch\/de\/#\/schema\/logo\/image\/\",\"url\":\"https:\/\/www.kontinenzzentrum.ch\/wp-content\/uploads\/Logo_KontinenzZentrum.png\",\"contentUrl\":\"https:\/\/www.kontinenzzentrum.ch\/wp-content\/uploads\/Logo_KontinenzZentrum.png\",\"width\":800,\"height\":142,\"caption\":\"KontinenzZentrum Hirslanden Z\u00fcrich\"},\"image\":{\"@id\":\"https:\/\/www.kontinenzzentrum.ch\/de\/#\/schema\/logo\/image\/\"}}]}<\/script>\n<!-- \/ Yoast SEO plugin. -->","yoast_head_json":{"title":"Stress incontincence","robots":{"index":"index","follow":"follow","max-snippet":"max-snippet:-1","max-image-preview":"max-image-preview:large","max-video-preview":"max-video-preview:-1"},"canonical":"https:\/\/www.kontinenzzentrum.ch\/en\/diseases\/incontinence\/stress-incontincence.html","og_locale":"en_GB","og_type":"article","og_title":"Stress incontincence","og_description":"Stress incontincence An involuntary leakage of urine that occurs when sneezing, coughing, lifting heavy objects or during physical exertion, but is not accompanied by the urge to urinate, indicates a weakness in the bladder closure mechanism. Under exertion such as coughing, the bladder pressure exceeds the closure pressure of the urethral sphincter, resulting in an [&hellip;]","og_url":"https:\/\/www.kontinenzzentrum.ch\/en\/diseases\/incontinence\/stress-incontincence.html","og_site_name":"KontinenzZentrum","article_modified_time":"2023-03-13T11:07:23+00:00","og_image":[{"width":1920,"height":450,"url":"https:\/\/www.kontinenzzentrum.ch\/wp-content\/uploads\/erkrankungen-213393.jpeg","type":"image\/jpeg"}],"twitter_card":"summary_large_image","twitter_misc":{"Estimated reading time":"8 minutes"},"schema":{"@context":"https:\/\/schema.org","@graph":[{"@type":"WebPage","@id":"https:\/\/www.kontinenzzentrum.ch\/en\/diseases\/incontinence\/stress-incontincence.html","url":"https:\/\/www.kontinenzzentrum.ch\/en\/diseases\/incontinence\/stress-incontincence.html","name":"Stress incontincence","isPartOf":{"@id":"https:\/\/www.kontinenzzentrum.ch\/de\/#website"},"primaryImageOfPage":{"@id":"https:\/\/www.kontinenzzentrum.ch\/en\/diseases\/incontinence\/stress-incontincence.html#primaryimage"},"image":{"@id":"https:\/\/www.kontinenzzentrum.ch\/en\/diseases\/incontinence\/stress-incontincence.html#primaryimage"},"thumbnailUrl":"https:\/\/www.kontinenzzentrum.ch\/wp-content\/uploads\/erkrankungen-213393.jpeg","datePublished":"2023-02-10T10:51:48+00:00","dateModified":"2023-03-13T11:07:23+00:00","breadcrumb":{"@id":"https:\/\/www.kontinenzzentrum.ch\/en\/diseases\/incontinence\/stress-incontincence.html#breadcrumb"},"inLanguage":"en-GB","potentialAction":[{"@type":"ReadAction","target":["https:\/\/www.kontinenzzentrum.ch\/en\/diseases\/incontinence\/stress-incontincence.html"]}]},{"@type":"ImageObject","inLanguage":"en-GB","@id":"https:\/\/www.kontinenzzentrum.ch\/en\/diseases\/incontinence\/stress-incontincence.html#primaryimage","url":"https:\/\/www.kontinenzzentrum.ch\/wp-content\/uploads\/erkrankungen-213393.jpeg","contentUrl":"https:\/\/www.kontinenzzentrum.ch\/wp-content\/uploads\/erkrankungen-213393.jpeg","width":1920,"height":450},{"@type":"BreadcrumbList","@id":"https:\/\/www.kontinenzzentrum.ch\/en\/diseases\/incontinence\/stress-incontincence.html#breadcrumb","itemListElement":[{"@type":"ListItem","position":1,"name":"Startseite","item":"https:\/\/www.kontinenzzentrum.ch\/en"},{"@type":"ListItem","position":2,"name":"Diseases","item":"https:\/\/www.kontinenzzentrum.ch\/en\/diseases.html"},{"@type":"ListItem","position":3,"name":"Incontinence","item":"https:\/\/www.kontinenzzentrum.ch\/en\/diseases\/incontinence.html"},{"@type":"ListItem","position":4,"name":"Stress incontincence"}]},{"@type":"WebSite","@id":"https:\/\/www.kontinenzzentrum.ch\/de\/#website","url":"https:\/\/www.kontinenzzentrum.ch\/de\/","name":"KontinenzZentrum Hirslanden Z\u00fcrich","description":"KontinenzZentrum Hirslanden Z\u00fcrich: Blasenst\u00f6rungen & Inkontinenz","publisher":{"@id":"https:\/\/www.kontinenzzentrum.ch\/de\/#organization"},"potentialAction":[{"@type":"SearchAction","target":{"@type":"EntryPoint","urlTemplate":"https:\/\/www.kontinenzzentrum.ch\/de\/?s={search_term_string}"},"query-input":{"@type":"PropertyValueSpecification","valueRequired":true,"valueName":"search_term_string"}}],"inLanguage":"en-GB"},{"@type":"Organization","@id":"https:\/\/www.kontinenzzentrum.ch\/de\/#organization","name":"KontinenzZentrum Hirslanden Z\u00fcrich","url":"https:\/\/www.kontinenzzentrum.ch\/de\/","logo":{"@type":"ImageObject","inLanguage":"en-GB","@id":"https:\/\/www.kontinenzzentrum.ch\/de\/#\/schema\/logo\/image\/","url":"https:\/\/www.kontinenzzentrum.ch\/wp-content\/uploads\/Logo_KontinenzZentrum.png","contentUrl":"https:\/\/www.kontinenzzentrum.ch\/wp-content\/uploads\/Logo_KontinenzZentrum.png","width":800,"height":142,"caption":"KontinenzZentrum Hirslanden Z\u00fcrich"},"image":{"@id":"https:\/\/www.kontinenzzentrum.ch\/de\/#\/schema\/logo\/image\/"}}]}},"_links":{"self":[{"href":"https:\/\/www.kontinenzzentrum.ch\/en\/wp-json\/wp\/v2\/pages\/2173","targetHints":{"allow":["GET"]}}],"collection":[{"href":"https:\/\/www.kontinenzzentrum.ch\/en\/wp-json\/wp\/v2\/pages"}],"about":[{"href":"https:\/\/www.kontinenzzentrum.ch\/en\/wp-json\/wp\/v2\/types\/page"}],"author":[{"embeddable":true,"href":"https:\/\/www.kontinenzzentrum.ch\/en\/wp-json\/wp\/v2\/users\/1"}],"replies":[{"embeddable":true,"href":"https:\/\/www.kontinenzzentrum.ch\/en\/wp-json\/wp\/v2\/comments?post=2173"}],"version-history":[{"count":3,"href":"https:\/\/www.kontinenzzentrum.ch\/en\/wp-json\/wp\/v2\/pages\/2173\/revisions"}],"predecessor-version":[{"id":2176,"href":"https:\/\/www.kontinenzzentrum.ch\/en\/wp-json\/wp\/v2\/pages\/2173\/revisions\/2176"}],"up":[{"embeddable":true,"href":"https:\/\/www.kontinenzzentrum.ch\/en\/wp-json\/wp\/v2\/pages\/2167"}],"wp:featuredmedia":[{"embeddable":true,"href":"https:\/\/www.kontinenzzentrum.ch\/en\/wp-json\/wp\/v2\/media\/1170"}],"wp:attachment":[{"href":"https:\/\/www.kontinenzzentrum.ch\/en\/wp-json\/wp\/v2\/media?parent=2173"}],"curies":[{"name":"wp","href":"https:\/\/api.w.org\/{rel}","templated":true}]}}