{"id":2179,"date":"2023-02-09T16:58:16","date_gmt":"2023-02-09T15:58:16","guid":{"rendered":"https:\/\/www.kontinenzzentrum.ch\/diseases\/bladder-dysfunction\/gutartige-prostatavergroesserung\/"},"modified":"2023-03-13T13:36:09","modified_gmt":"2023-03-13T12:36:09","slug":"benign-prostate-enlargement","status":"publish","type":"page","link":"https:\/\/www.kontinenzzentrum.ch\/en\/diseases\/bladder-dysfunction\/benign-prostate-enlargement.html","title":{"rendered":"Benign prostate enlargement"},"content":{"rendered":"<div id=\"pl-2179\"  class=\"panel-layout\" ><div id=\"pg-2179-0\"  class=\"panel-grid panel-no-style\" ><div id=\"pgc-2179-0-0\"  class=\"panel-grid-cell\" ><div id=\"panel-2179-0-0-0\" class=\"so-panel widget widget_sow-editor panel-first-child panel-last-child\" data-index=\"0\" ><div\n\t\t\t\n\t\t\tclass=\"so-widget-sow-editor so-widget-sow-editor-base\"\n\t\t\t\n\t\t>\n<div class=\"siteorigin-widget-tinymce textwidget\">\n\t<h1>Benign prostate enlargement<\/h1>\n<h2>Difficulty in voiding the bladder and incontinence in cases of benign prostate enlargement<\/h2>\n<\/div>\n<\/div><\/div><\/div><\/div><div id=\"pg-2179-1\"  class=\"panel-grid panel-no-style\" ><div id=\"pgc-2179-1-0\"  class=\"panel-grid-cell\" ><div id=\"panel-2179-1-0-0\" class=\"so-panel widget widget_sow-editor panel-first-child panel-last-child\" data-index=\"1\" ><div\n\t\t\t\n\t\t\tclass=\"so-widget-sow-editor so-widget-sow-editor-base\"\n\t\t\t\n\t\t>\n<div class=\"siteorigin-widget-tinymce textwidget\">\n\t<p>The prostate is located in the pelvis, below the bladder, encircling the urethra and extending downwards to a position close to the urethral sphincter muscle. It is in the centre of the male urogenital tract, where the urinary and seminal tracts meet. It is made up primarily of glands that form prostate secretions which are the main component in seminal fluid.<\/p>\n<p>The interior of the prostate is divided roughly into an inner zone and an outer zone. The structure of the prostate can be described in visual terms like an orange: the outer zone has a structure like the peel and the inner zone has a structure like the fruit.<\/p>\n<p>As has been mentioned, the inner zone encircles the urethra, and it is also the inner part of the prostate that is affected by\u00a0<strong>benign prostate enlargement,<\/strong>\u00a0which is primarily an age-related condition.<\/p>\n<p><strong>Benign prostate enlargement<\/strong>\u00a0is a typical problem of the older male. The growth of prostate tissue makes it difficult for urine to flow out from the bladder, and this interferes with voiding the bladder. If the urethra is restricted by the growing prostate for a prolonged period, there is also the risk of damage to the bladder itself. If it has to overcome ever greater resistance to expel urine, the bladder wall stretches and small areas of sagging in the wall develop. Over time, the bladder muscle weakens, the bladder no longer empties completely, and the urine remaining in the bladder after urination can cause cystitis.<\/p>\n<p><strong>How do you recognise prostate enlargement?<\/strong>\u00a0In the early stages, an affected man notices very little. He may notice that the urine stream is weaker or that he stays much longer on the toilet than he used to do a few years before.\u00a0<strong>Frequent urge to urinate at night<\/strong>, a\u00a0<strong>more pronounced urge to urinate<\/strong>\u00a0and\u00a0<strong>dribbling of urine<\/strong>\u00a0after voiding the bladder are typical signs of an enlarging prostate.<\/p>\n<p>The symptoms become more severe if the prostate continues to grow. A distinction is drawn between\u00a0<strong>obstructive symptoms<\/strong>, triggered by the\u00a0 obstruction of the outflow tract, and\u00a0<strong>irritative symptoms<\/strong>, triggered by a constriction or irritation of the entire bladder\/prostate system. Irritative symptoms come top of the hitlist of symptoms, which can manifest as\u00a0<strong>frequent nocturnal urination<\/strong>,\u00a0<strong>more frequent and more pronounced urge to urinate during the day<\/strong>\u00a0or\u00a0<strong>a feeling that the bladder has not been completely emptied<\/strong>.<\/p>\n<\/div>\n<\/div><\/div><\/div><div id=\"pgc-2179-1-1\"  class=\"panel-grid-cell\" ><div id=\"panel-2179-1-1-0\" class=\"so-panel widget widget_fn-image-text-widget panel-first-child panel-last-child\" data-index=\"2\" ><div\n\t\t\t\n\t\t\tclass=\"so-widget-fn-image-text-widget so-widget-fn-image-text-widget-base\"\n\t\t\t\n\t\t><div class=\"uk-child-width-1-1 uk-child-width-1-1@s uk-child-width-1-1@m uk-grid-match\" uk-grid><div><div class=\"uk-card-media-top\">\n                <img decoding=\"async\" width=\"500\" height=\"1119\" src=\"https:\/\/www.kontinenzzentrum.ch\/wp-content\/uploads\/prostatavergroesserung.jpeg\" class=\"attachment-full size-full\" alt=\"Bildliche Darstellung von vergroesserter Prostata\" srcset=\"https:\/\/www.kontinenzzentrum.ch\/wp-content\/uploads\/prostatavergroesserung.jpeg 500w, https:\/\/www.kontinenzzentrum.ch\/wp-content\/uploads\/prostatavergroesserung-134x300.jpeg 134w, https:\/\/www.kontinenzzentrum.ch\/wp-content\/uploads\/prostatavergroesserung-458x1024.jpeg 458w\" sizes=\"(max-width: 500px) 100vw, 500px\" \/>            <\/div><div class=\"fn-text-image uk-background-muted\">\n              <p>Normal (a) and enlarged (b) prostate: Constriction of the urethra in connection with prostate enlargement (1) bladder, (2) prostate, (3) urethra, (4) opening of the ureters, (5) opening of the seminal ducts<\/p>\n          <\/div>\n      <\/div><\/div><\/div><\/div><\/div><\/div><div id=\"pg-2179-2\"  class=\"panel-grid panel-no-style\" ><div id=\"pgc-2179-2-0\"  class=\"panel-grid-cell\" ><div id=\"panel-2179-2-0-0\" class=\"so-panel widget widget_sow-editor panel-first-child panel-last-child\" data-index=\"3\" ><div\n\t\t\t\n\t\t\tclass=\"so-widget-sow-editor so-widget-sow-editor-base\"\n\t\t\t\n\t\t>\n<div class=\"siteorigin-widget-tinymce textwidget\">\n\t<hr \/>\n<\/div>\n<\/div><\/div><\/div><\/div><div id=\"pg-2179-3\"  class=\"panel-grid panel-no-style\" ><div id=\"pgc-2179-3-0\"  class=\"panel-grid-cell\" ><div id=\"panel-2179-3-0-0\" class=\"so-panel widget widget_sow-editor panel-first-child panel-last-child\" data-index=\"4\" ><div\n\t\t\t\n\t\t\tclass=\"so-widget-sow-editor so-widget-sow-editor-base\"\n\t\t\t\n\t\t>\n<div class=\"siteorigin-widget-tinymce textwidget\">\n\t<h2>Treatment of benign prostate enlargement<\/h2>\n<p>Surgery for benign prostate enlargement (TURP - TransUrethral Resection of the Prostate) The excess prostate tissue is gradually removed using an electrical loop inserted via the urethra. The outer zone of the prostate remains intact.<\/p>\n<p>In the early stage of\u00a0<strong>prostate enlargement,\u00a0<\/strong>plant-based active ingredients such as pumpkin seeds, saw palm extract, nettle root etc. can be used.<\/p>\n<p>As the symptoms become more severe (weaker urine stream, incomplete bladder voiding, more frequent and more pronounced urge to urinate during the day and at night, typical prostate medication (<strong>alpha-blockers, reductase inhibitors<\/strong>) can offer significant relief of the symptoms and keep the consequences of\u00a0<strong>prostate enlargement<\/strong>\u00a0under control for years.<\/p>\n<p>If medication does not keep the symptoms under adequate control, or if it is not tolerated,\u00a0<strong>surgery to reduce the size of the enlarged prostate<\/strong>\u00a0should be considered.<\/p>\n<p>For decades, the proven standard procedure has been to use an electrical sling inserted via the urethra to scrape away the prostate. This procedure is known as\u00a0<strong>transurethral resection of the prostate (TUR-P)<\/strong>. In the past few years, new procedures have been tested and found successful. They include the use of\u00a0<strong>lasers<\/strong>\u00a0and<strong>\u00a0vaporisation<\/strong>\u00a0of prostate tissue.<\/p>\n<p>In older men, or those with medical conditions that make them less suitable for surgery,\u00a0<strong>embolisation of the prostate blood vessels<\/strong>\u00a0can be considered. This is carried out by sealing the blood vessels in the prostate by a catheter inserted via the blood vessels in the groin. This causes the prostate to shrink, making bladder voiding easier again.<\/p>\n<\/div>\n<\/div><\/div><\/div><div id=\"pgc-2179-3-1\"  class=\"panel-grid-cell\" ><div id=\"panel-2179-3-1-0\" class=\"so-panel widget widget_fn-image-text-widget panel-first-child panel-last-child\" data-index=\"5\" ><div\n\t\t\t\n\t\t\tclass=\"so-widget-fn-image-text-widget so-widget-fn-image-text-widget-base\"\n\t\t\t\n\t\t><div class=\"uk-child-width-1-1 uk-child-width-1-1@s uk-child-width-1-1@m uk-grid-match\" uk-grid><div><div class=\"uk-card-media-top\">\n                <img decoding=\"async\" width=\"400\" height=\"849\" src=\"https:\/\/www.kontinenzzentrum.ch\/wp-content\/uploads\/prostata-op.jpeg\" class=\"attachment-full size-full\" alt=\"\" srcset=\"https:\/\/www.kontinenzzentrum.ch\/wp-content\/uploads\/prostata-op.jpeg 400w, https:\/\/www.kontinenzzentrum.ch\/wp-content\/uploads\/prostata-op-141x300.jpeg 141w\" sizes=\"(max-width: 400px) 100vw, 400px\" \/>            <\/div><div class=\"fn-text-image uk-background-muted\">\n              <p>Surgery for benign prostate enlargement (TURP - TransUrethral Resection of the Prostate) The excess prostate tissue is gradually removed using an electrical loop inserted via the urethra. The outer zone of the prostate remains intact.<\/p>\n          <\/div>\n      <\/div><\/div><\/div><\/div><\/div><\/div><\/div>","protected":false},"excerpt":{"rendered":"<p>Benign prostate enlargement Difficulty in voiding the bladder and incontinence in cases of benign prostate enlargement The prostate is located in the pelvis, below the bladder, encircling the urethra and extending downwards to a position close to the urethral sphincter muscle. It is in the centre of the male urogenital tract, where the urinary and [&hellip;]<\/p>\n","protected":false},"author":1,"featured_media":1179,"parent":2156,"menu_order":0,"comment_status":"closed","ping_status":"closed","template":"","meta":{"_acf_changed":false,"footnotes":""},"class_list":["post-2179","page","type-page","status-publish","has-post-thumbnail","hentry"],"acf":[],"yoast_head":"<!-- This site is optimized with the Yoast SEO plugin v26.9 - https:\/\/yoast.com\/product\/yoast-seo-wordpress\/ -->\n<title>Benign prostate surgery<\/title>\n<meta name=\"robots\" content=\"index, follow, max-snippet:-1, max-image-preview:large, max-video-preview:-1\" \/>\n<link rel=\"canonical\" href=\"https:\/\/www.kontinenzzentrum.ch\/en\/diseases\/bladder-dysfunction\/benign-prostate-enlargement.html\" \/>\n<meta property=\"og:locale\" content=\"en_GB\" \/>\n<meta property=\"og:type\" content=\"article\" \/>\n<meta property=\"og:title\" content=\"Benign prostate surgery\" \/>\n<meta property=\"og:description\" content=\"Benign prostate enlargement Difficulty in voiding the bladder and incontinence in cases of benign prostate enlargement The prostate is located in the pelvis, below the bladder, encircling the urethra and extending downwards to a position close to the urethral sphincter muscle. It is in the centre of the male urogenital tract, where the urinary and [&hellip;]\" \/>\n<meta property=\"og:url\" content=\"https:\/\/www.kontinenzzentrum.ch\/en\/diseases\/bladder-dysfunction\/benign-prostate-enlargement.html\" \/>\n<meta property=\"og:site_name\" content=\"KontinenzZentrum\" \/>\n<meta property=\"article:modified_time\" content=\"2023-03-13T12:36:09+00:00\" \/>\n<meta property=\"og:image\" content=\"https:\/\/www.kontinenzzentrum.ch\/wp-content\/uploads\/kompetenz-maennergesundheit-10220-1.jpeg\" \/>\n\t<meta property=\"og:image:width\" content=\"1920\" \/>\n\t<meta property=\"og:image:height\" content=\"450\" \/>\n\t<meta property=\"og:image:type\" content=\"image\/jpeg\" \/>\n<meta name=\"twitter:card\" content=\"summary_large_image\" \/>\n<meta name=\"twitter:label1\" content=\"Estimated reading time\" \/>\n\t<meta name=\"twitter:data1\" content=\"4 minutes\" \/>\n<script type=\"application\/ld+json\" class=\"yoast-schema-graph\">{\"@context\":\"https:\/\/schema.org\",\"@graph\":[{\"@type\":\"WebPage\",\"@id\":\"https:\/\/www.kontinenzzentrum.ch\/en\/diseases\/bladder-dysfunction\/benign-prostate-enlargement.html\",\"url\":\"https:\/\/www.kontinenzzentrum.ch\/en\/diseases\/bladder-dysfunction\/benign-prostate-enlargement.html\",\"name\":\"Benign prostate surgery\",\"isPartOf\":{\"@id\":\"https:\/\/www.kontinenzzentrum.ch\/de\/#website\"},\"primaryImageOfPage\":{\"@id\":\"https:\/\/www.kontinenzzentrum.ch\/en\/diseases\/bladder-dysfunction\/benign-prostate-enlargement.html#primaryimage\"},\"image\":{\"@id\":\"https:\/\/www.kontinenzzentrum.ch\/en\/diseases\/bladder-dysfunction\/benign-prostate-enlargement.html#primaryimage\"},\"thumbnailUrl\":\"https:\/\/www.kontinenzzentrum.ch\/wp-content\/uploads\/kompetenz-maennergesundheit-10220-1.jpeg\",\"datePublished\":\"2023-02-09T15:58:16+00:00\",\"dateModified\":\"2023-03-13T12:36:09+00:00\",\"breadcrumb\":{\"@id\":\"https:\/\/www.kontinenzzentrum.ch\/en\/diseases\/bladder-dysfunction\/benign-prostate-enlargement.html#breadcrumb\"},\"inLanguage\":\"en-GB\",\"potentialAction\":[{\"@type\":\"ReadAction\",\"target\":[\"https:\/\/www.kontinenzzentrum.ch\/en\/diseases\/bladder-dysfunction\/benign-prostate-enlargement.html\"]}]},{\"@type\":\"ImageObject\",\"inLanguage\":\"en-GB\",\"@id\":\"https:\/\/www.kontinenzzentrum.ch\/en\/diseases\/bladder-dysfunction\/benign-prostate-enlargement.html#primaryimage\",\"url\":\"https:\/\/www.kontinenzzentrum.ch\/wp-content\/uploads\/kompetenz-maennergesundheit-10220-1.jpeg\",\"contentUrl\":\"https:\/\/www.kontinenzzentrum.ch\/wp-content\/uploads\/kompetenz-maennergesundheit-10220-1.jpeg\",\"width\":1920,\"height\":450},{\"@type\":\"BreadcrumbList\",\"@id\":\"https:\/\/www.kontinenzzentrum.ch\/en\/diseases\/bladder-dysfunction\/benign-prostate-enlargement.html#breadcrumb\",\"itemListElement\":[{\"@type\":\"ListItem\",\"position\":1,\"name\":\"Startseite\",\"item\":\"https:\/\/www.kontinenzzentrum.ch\/en\"},{\"@type\":\"ListItem\",\"position\":2,\"name\":\"Diseases\",\"item\":\"https:\/\/www.kontinenzzentrum.ch\/en\/diseases.html\"},{\"@type\":\"ListItem\",\"position\":3,\"name\":\"Bladder dysfunction\",\"item\":\"https:\/\/www.kontinenzzentrum.ch\/en\/diseases\/bladder-dysfunction.html\"},{\"@type\":\"ListItem\",\"position\":4,\"name\":\"Benign prostate enlargement\"}]},{\"@type\":\"WebSite\",\"@id\":\"https:\/\/www.kontinenzzentrum.ch\/de\/#website\",\"url\":\"https:\/\/www.kontinenzzentrum.ch\/de\/\",\"name\":\"KontinenzZentrum Hirslanden Z\u00fcrich\",\"description\":\"KontinenzZentrum Hirslanden Z\u00fcrich: Blasenst\u00f6rungen & Inkontinenz\",\"publisher\":{\"@id\":\"https:\/\/www.kontinenzzentrum.ch\/de\/#organization\"},\"potentialAction\":[{\"@type\":\"SearchAction\",\"target\":{\"@type\":\"EntryPoint\",\"urlTemplate\":\"https:\/\/www.kontinenzzentrum.ch\/de\/?s={search_term_string}\"},\"query-input\":{\"@type\":\"PropertyValueSpecification\",\"valueRequired\":true,\"valueName\":\"search_term_string\"}}],\"inLanguage\":\"en-GB\"},{\"@type\":\"Organization\",\"@id\":\"https:\/\/www.kontinenzzentrum.ch\/de\/#organization\",\"name\":\"KontinenzZentrum Hirslanden Z\u00fcrich\",\"url\":\"https:\/\/www.kontinenzzentrum.ch\/de\/\",\"logo\":{\"@type\":\"ImageObject\",\"inLanguage\":\"en-GB\",\"@id\":\"https:\/\/www.kontinenzzentrum.ch\/de\/#\/schema\/logo\/image\/\",\"url\":\"https:\/\/www.kontinenzzentrum.ch\/wp-content\/uploads\/Logo_KontinenzZentrum.png\",\"contentUrl\":\"https:\/\/www.kontinenzzentrum.ch\/wp-content\/uploads\/Logo_KontinenzZentrum.png\",\"width\":800,\"height\":142,\"caption\":\"KontinenzZentrum Hirslanden Z\u00fcrich\"},\"image\":{\"@id\":\"https:\/\/www.kontinenzzentrum.ch\/de\/#\/schema\/logo\/image\/\"}}]}<\/script>\n<!-- \/ Yoast SEO plugin. -->","yoast_head_json":{"title":"Benign prostate surgery","robots":{"index":"index","follow":"follow","max-snippet":"max-snippet:-1","max-image-preview":"max-image-preview:large","max-video-preview":"max-video-preview:-1"},"canonical":"https:\/\/www.kontinenzzentrum.ch\/en\/diseases\/bladder-dysfunction\/benign-prostate-enlargement.html","og_locale":"en_GB","og_type":"article","og_title":"Benign prostate surgery","og_description":"Benign prostate enlargement Difficulty in voiding the bladder and incontinence in cases of benign prostate enlargement The prostate is located in the pelvis, below the bladder, encircling the urethra and extending downwards to a position close to the urethral sphincter muscle. It is in the centre of the male urogenital tract, where the urinary and [&hellip;]","og_url":"https:\/\/www.kontinenzzentrum.ch\/en\/diseases\/bladder-dysfunction\/benign-prostate-enlargement.html","og_site_name":"KontinenzZentrum","article_modified_time":"2023-03-13T12:36:09+00:00","og_image":[{"width":1920,"height":450,"url":"https:\/\/www.kontinenzzentrum.ch\/wp-content\/uploads\/kompetenz-maennergesundheit-10220-1.jpeg","type":"image\/jpeg"}],"twitter_card":"summary_large_image","twitter_misc":{"Estimated reading time":"4 minutes"},"schema":{"@context":"https:\/\/schema.org","@graph":[{"@type":"WebPage","@id":"https:\/\/www.kontinenzzentrum.ch\/en\/diseases\/bladder-dysfunction\/benign-prostate-enlargement.html","url":"https:\/\/www.kontinenzzentrum.ch\/en\/diseases\/bladder-dysfunction\/benign-prostate-enlargement.html","name":"Benign prostate surgery","isPartOf":{"@id":"https:\/\/www.kontinenzzentrum.ch\/de\/#website"},"primaryImageOfPage":{"@id":"https:\/\/www.kontinenzzentrum.ch\/en\/diseases\/bladder-dysfunction\/benign-prostate-enlargement.html#primaryimage"},"image":{"@id":"https:\/\/www.kontinenzzentrum.ch\/en\/diseases\/bladder-dysfunction\/benign-prostate-enlargement.html#primaryimage"},"thumbnailUrl":"https:\/\/www.kontinenzzentrum.ch\/wp-content\/uploads\/kompetenz-maennergesundheit-10220-1.jpeg","datePublished":"2023-02-09T15:58:16+00:00","dateModified":"2023-03-13T12:36:09+00:00","breadcrumb":{"@id":"https:\/\/www.kontinenzzentrum.ch\/en\/diseases\/bladder-dysfunction\/benign-prostate-enlargement.html#breadcrumb"},"inLanguage":"en-GB","potentialAction":[{"@type":"ReadAction","target":["https:\/\/www.kontinenzzentrum.ch\/en\/diseases\/bladder-dysfunction\/benign-prostate-enlargement.html"]}]},{"@type":"ImageObject","inLanguage":"en-GB","@id":"https:\/\/www.kontinenzzentrum.ch\/en\/diseases\/bladder-dysfunction\/benign-prostate-enlargement.html#primaryimage","url":"https:\/\/www.kontinenzzentrum.ch\/wp-content\/uploads\/kompetenz-maennergesundheit-10220-1.jpeg","contentUrl":"https:\/\/www.kontinenzzentrum.ch\/wp-content\/uploads\/kompetenz-maennergesundheit-10220-1.jpeg","width":1920,"height":450},{"@type":"BreadcrumbList","@id":"https:\/\/www.kontinenzzentrum.ch\/en\/diseases\/bladder-dysfunction\/benign-prostate-enlargement.html#breadcrumb","itemListElement":[{"@type":"ListItem","position":1,"name":"Startseite","item":"https:\/\/www.kontinenzzentrum.ch\/en"},{"@type":"ListItem","position":2,"name":"Diseases","item":"https:\/\/www.kontinenzzentrum.ch\/en\/diseases.html"},{"@type":"ListItem","position":3,"name":"Bladder dysfunction","item":"https:\/\/www.kontinenzzentrum.ch\/en\/diseases\/bladder-dysfunction.html"},{"@type":"ListItem","position":4,"name":"Benign prostate enlargement"}]},{"@type":"WebSite","@id":"https:\/\/www.kontinenzzentrum.ch\/de\/#website","url":"https:\/\/www.kontinenzzentrum.ch\/de\/","name":"KontinenzZentrum Hirslanden Z\u00fcrich","description":"KontinenzZentrum Hirslanden Z\u00fcrich: Blasenst\u00f6rungen & Inkontinenz","publisher":{"@id":"https:\/\/www.kontinenzzentrum.ch\/de\/#organization"},"potentialAction":[{"@type":"SearchAction","target":{"@type":"EntryPoint","urlTemplate":"https:\/\/www.kontinenzzentrum.ch\/de\/?s={search_term_string}"},"query-input":{"@type":"PropertyValueSpecification","valueRequired":true,"valueName":"search_term_string"}}],"inLanguage":"en-GB"},{"@type":"Organization","@id":"https:\/\/www.kontinenzzentrum.ch\/de\/#organization","name":"KontinenzZentrum Hirslanden Z\u00fcrich","url":"https:\/\/www.kontinenzzentrum.ch\/de\/","logo":{"@type":"ImageObject","inLanguage":"en-GB","@id":"https:\/\/www.kontinenzzentrum.ch\/de\/#\/schema\/logo\/image\/","url":"https:\/\/www.kontinenzzentrum.ch\/wp-content\/uploads\/Logo_KontinenzZentrum.png","contentUrl":"https:\/\/www.kontinenzzentrum.ch\/wp-content\/uploads\/Logo_KontinenzZentrum.png","width":800,"height":142,"caption":"KontinenzZentrum Hirslanden Z\u00fcrich"},"image":{"@id":"https:\/\/www.kontinenzzentrum.ch\/de\/#\/schema\/logo\/image\/"}}]}},"_links":{"self":[{"href":"https:\/\/www.kontinenzzentrum.ch\/en\/wp-json\/wp\/v2\/pages\/2179","targetHints":{"allow":["GET"]}}],"collection":[{"href":"https:\/\/www.kontinenzzentrum.ch\/en\/wp-json\/wp\/v2\/pages"}],"about":[{"href":"https:\/\/www.kontinenzzentrum.ch\/en\/wp-json\/wp\/v2\/types\/page"}],"author":[{"embeddable":true,"href":"https:\/\/www.kontinenzzentrum.ch\/en\/wp-json\/wp\/v2\/users\/1"}],"replies":[{"embeddable":true,"href":"https:\/\/www.kontinenzzentrum.ch\/en\/wp-json\/wp\/v2\/comments?post=2179"}],"version-history":[{"count":5,"href":"https:\/\/www.kontinenzzentrum.ch\/en\/wp-json\/wp\/v2\/pages\/2179\/revisions"}],"predecessor-version":[{"id":2184,"href":"https:\/\/www.kontinenzzentrum.ch\/en\/wp-json\/wp\/v2\/pages\/2179\/revisions\/2184"}],"up":[{"embeddable":true,"href":"https:\/\/www.kontinenzzentrum.ch\/en\/wp-json\/wp\/v2\/pages\/2156"}],"wp:featuredmedia":[{"embeddable":true,"href":"https:\/\/www.kontinenzzentrum.ch\/en\/wp-json\/wp\/v2\/media\/1179"}],"wp:attachment":[{"href":"https:\/\/www.kontinenzzentrum.ch\/en\/wp-json\/wp\/v2\/media?parent=2179"}],"curies":[{"name":"wp","href":"https:\/\/api.w.org\/{rel}","templated":true}]}}