{"id":2189,"date":"2023-02-09T17:15:32","date_gmt":"2023-02-09T16:15:32","guid":{"rendered":"https:\/\/www.kontinenzzentrum.ch\/diseases\/bladder-dysfunction\/reizblase\/"},"modified":"2023-03-13T13:48:00","modified_gmt":"2023-03-13T12:48:00","slug":"irritable-bladder","status":"publish","type":"page","link":"https:\/\/www.kontinenzzentrum.ch\/en\/diseases\/bladder-dysfunction\/irritable-bladder.html","title":{"rendered":"Irritable bladder"},"content":{"rendered":"<div id=\"pl-2189\"  class=\"panel-layout\" ><div id=\"pg-2189-0\"  class=\"panel-grid panel-no-style\" ><div id=\"pgc-2189-0-0\"  class=\"panel-grid-cell\" ><div id=\"panel-2189-0-0-0\" class=\"so-panel widget widget_sow-editor panel-first-child\" data-index=\"0\" ><div\n\t\t\t\n\t\t\tclass=\"so-widget-sow-editor so-widget-sow-editor-base\"\n\t\t\t\n\t\t>\n<div class=\"siteorigin-widget-tinymce textwidget\">\n\t<h1>Irritable bladder<\/h1>\n<h2>Bladder function<\/h2>\n<p>The bladder stores urine produced by the kidneys. Under normal circumstances, the bladder sends signals several times a day that it is almost full and needs to be emptied soon. The capacity of the male bladder is 400 to 600ml, compared to 400 to 500ml for women. A healthy person empties his or her bladder every few hours, generally between four and six times a day.<br \/>\n<img decoding=\"async\" class=\"alignleft\" title=\"\" src=\"https:\/\/www.kontinenzzentrum.ch\/wp-content\/uploads\/adobestock_92322197.jpeg\" alt=\"\" width=\"519\" height=\"346\" \/><\/p>\n<h3>Development of irritable bladder symptoms<\/h3>\n<p>Studies show that from the age of 50 one in eight men and one in seven women suffer from irritable bladder symptoms. The signs of an irritable bladder are\u00a0<strong>frequent, pronounced urge to urinate<\/strong>,\u00a0<strong>frequent urination during the day<\/strong>\u00a0and\u00a0<strong>waking up several times at night<\/strong>\u00a0because of an urge to urinate. The urge to urinate is so strong that the individual is compelled to empty his or her bladder quickly. Women and men who are affected also complain that once they feel the urge they only have a short time before they have to empty their bladder. If this short\u00a0<strong>warning time<\/strong>\u00a0is not sufficient to allow them to reach a toilet,\u00a0<strong>urge incontinence<\/strong>\u00a0may occur.<\/p>\n<p>Frequent urination develops gradually. If the gap between two episodes of bladder voiding is much less than two hours, frequent urination starts to have a negative effect on professional and private life. The person affected starts to adapt to the situation, initially largely unconsciously: the amount of liquid consumed is restricted, and the person starts to look around where he or she is to see whether a toilet is present and can be reached easily. Once\u00a0<strong>bladder voiding takes place every hour<\/strong>, frequent trips to the toilet become a real problem for many people that can no longer be easily integrated into the normal daily routine. At this point frequent urination becomes the symptom of a possible bladder disorder. Individuals affected react very differently to this problem: some seek medical advice straightaway and try to have the problem cleared up, but the vast majority try to cope for years.<\/p>\n<h3>Causes of irritable bladder<\/h3>\n<p>Irritable bladder can develop without any identifiable cause, or can be the symptom of another disease, such as many neurological diseases, diabetes, benign prostate enlargement, bladder and uterus prolapse in women or as the result of cystitis.<\/p>\n<h3>Investigation of irritable bladder symptoms<\/h3>\n<p>The first step in the investigation is to rule out\u00a0<a href=\"https:\/\/www.kontinenzzentrum.ch\/en\/diseases\/pain-und-urethritis\/cystitis.html\">cystitis<\/a>\u00a0as a cause. The purpose of further tests is to distinguish between the two main forms of irritable bladder:<\/p>\n<ul>\n<li>Firstly the\u00a0<strong>motor<\/strong>\u00a0form, based on\u00a0<strong>spasms of the bladder wall muscles<\/strong>, and<\/li>\n<li>Secondly the\u00a0<strong>sensory<\/strong>\u00a0form, caused by a\u00a0<strong>hypersensitive bladder mucous membrane<\/strong>.<\/li>\n<\/ul>\n<h3>Treatment options in cases of irritable bladder<\/h3>\n<p>It is important to distinguish between the two forms as the approaches to treatment may also be different. The treatment options considered in the first instance are changes to lifestyle and diet, the use of medication to control irritable bladder, or pelvic floor therapy. If these simple measures do not lead to significant relief of the symptoms, instillation of medication into the bladder, the injection of botulin toxin below the bladder wall or sacral neuromodulation can be considered.<\/p>\n<\/div>\n<\/div><\/div><div id=\"panel-2189-0-0-1\" class=\"so-panel widget widget_fn-info-box-widget panel-last-child\" data-index=\"1\" ><div\n\t\t\t\n\t\t\tclass=\"so-widget-fn-info-box-widget so-widget-fn-info-box-widget-base\"\n\t\t\t\n\t\t><div class=\"uk-child-width-1-1 uk-grid-match\" uk-grid><div>\n        <div class=\"fn-info-box-title\">\n          <div class=\"uk-grid-small\" uk-grid>            <div class=\"uk-width-auto\"><img decoding=\"async\" src=\"https:\/\/www.kontinenzzentrum.ch\/wp-content\/uploads\/ICON_info.svg\" class=\"attachment-small size-small\" alt=\"\" \/>            <\/div>            <div class=\"uk-width-expand\">\n              <h4 class=\"uk-h3\">Reizblase &amp; Dranginkontinenz<\/h4>\n            <\/div>\n          <\/div>\n        <\/div>\n        <div class=\"fn-info-box-content\">\n              <p>Wenn Sie zwei oder mehr dieser Fragen mit JA beantworten, dann k\u00f6nnte bei Ihnen eine \u00fcberaktive Blase mit oder ohne begleitende Harninkontinenz vorliegen. Eine Abkl\u00e4rung kann diesen Verdacht kl\u00e4ren, f\u00fcr die Behandlung stehen sehr effektive Methoden zur Verf\u00fcgung.<\/p>\n<ul>\n<li>Bemerken sie h\u00e4ufigen, pl\u00f6tzlich auftretenden und dann kaum unterdr\u00fcckbaren Harndrang?<\/li>\n<li>M\u00fcssen sie bei Harndrang sofort gehen und k\u00f6nnen nicht oder nur kurz warten?<\/li>\n<li>M\u00fcssen Sie h\u00e4ufiger als die Menschen in ihrer Umgebung die Blase entleeren?<\/li>\n<li>M\u00fcssen sie nachts mehr als 1x Wasser lassen?<\/li>\n<li>Verlieren Sie auf den Weg zur Toilette Urin?<\/li>\n<li>Versp\u00fcren Sie pl\u00f6tzlichen Harndrang und verlieren kurz darauf Urin, ohne es verhindern zu k\u00f6nnen?<\/li>\n<li>Verlieren sie \u00fcblicherweise mehr als nur ein paar Spritzer Harn?<\/li>\n<\/ul>\n        <\/div>\n      <\/div><\/div><\/div><\/div><\/div><\/div><\/div>","protected":false},"excerpt":{"rendered":"<p>Irritable bladder Bladder function The bladder stores urine produced by the kidneys. Under normal circumstances, the bladder sends signals several times a day that it is almost full and needs to be emptied soon. The capacity of the male bladder is 400 to 600ml, compared to 400 to 500ml for women. A healthy person empties [&hellip;]<\/p>\n","protected":false},"author":1,"featured_media":1234,"parent":2156,"menu_order":0,"comment_status":"closed","ping_status":"closed","template":"","meta":{"_acf_changed":false,"footnotes":""},"class_list":["post-2189","page","type-page","status-publish","has-post-thumbnail","hentry"],"acf":[],"yoast_head":"<!-- This site is optimized with the Yoast SEO plugin v26.9 - https:\/\/yoast.com\/product\/yoast-seo-wordpress\/ -->\n<title>Irritable bladder<\/title>\n<meta name=\"robots\" content=\"index, follow, max-snippet:-1, max-image-preview:large, max-video-preview:-1\" \/>\n<link rel=\"canonical\" href=\"https:\/\/www.kontinenzzentrum.ch\/en\/diseases\/bladder-dysfunction\/irritable-bladder.html\" \/>\n<meta property=\"og:locale\" content=\"en_GB\" \/>\n<meta property=\"og:type\" content=\"article\" \/>\n<meta property=\"og:title\" content=\"Irritable bladder\" \/>\n<meta property=\"og:description\" content=\"Irritable bladder Bladder function The bladder stores urine produced by the kidneys. Under normal circumstances, the bladder sends signals several times a day that it is almost full and needs to be emptied soon. The capacity of the male bladder is 400 to 600ml, compared to 400 to 500ml for women. A healthy person empties [&hellip;]\" \/>\n<meta property=\"og:url\" content=\"https:\/\/www.kontinenzzentrum.ch\/en\/diseases\/bladder-dysfunction\/irritable-bladder.html\" \/>\n<meta property=\"og:site_name\" content=\"KontinenzZentrum\" \/>\n<meta property=\"article:modified_time\" content=\"2023-03-13T12:48:00+00:00\" \/>\n<meta property=\"og:image\" content=\"https:\/\/www.kontinenzzentrum.ch\/wp-content\/uploads\/untersuchung-blase-1.jpeg\" \/>\n\t<meta property=\"og:image:width\" content=\"1920\" \/>\n\t<meta property=\"og:image:height\" content=\"450\" \/>\n\t<meta property=\"og:image:type\" content=\"image\/jpeg\" \/>\n<meta name=\"twitter:card\" content=\"summary_large_image\" \/>\n<meta name=\"twitter:label1\" content=\"Estimated reading time\" \/>\n\t<meta name=\"twitter:data1\" content=\"7 minutes\" \/>\n<script type=\"application\/ld+json\" class=\"yoast-schema-graph\">{\"@context\":\"https:\/\/schema.org\",\"@graph\":[{\"@type\":\"WebPage\",\"@id\":\"https:\/\/www.kontinenzzentrum.ch\/en\/diseases\/bladder-dysfunction\/irritable-bladder.html\",\"url\":\"https:\/\/www.kontinenzzentrum.ch\/en\/diseases\/bladder-dysfunction\/irritable-bladder.html\",\"name\":\"Irritable bladder\",\"isPartOf\":{\"@id\":\"https:\/\/www.kontinenzzentrum.ch\/de\/#website\"},\"primaryImageOfPage\":{\"@id\":\"https:\/\/www.kontinenzzentrum.ch\/en\/diseases\/bladder-dysfunction\/irritable-bladder.html#primaryimage\"},\"image\":{\"@id\":\"https:\/\/www.kontinenzzentrum.ch\/en\/diseases\/bladder-dysfunction\/irritable-bladder.html#primaryimage\"},\"thumbnailUrl\":\"https:\/\/www.kontinenzzentrum.ch\/wp-content\/uploads\/untersuchung-blase-1.jpeg\",\"datePublished\":\"2023-02-09T16:15:32+00:00\",\"dateModified\":\"2023-03-13T12:48:00+00:00\",\"breadcrumb\":{\"@id\":\"https:\/\/www.kontinenzzentrum.ch\/en\/diseases\/bladder-dysfunction\/irritable-bladder.html#breadcrumb\"},\"inLanguage\":\"en-GB\",\"potentialAction\":[{\"@type\":\"ReadAction\",\"target\":[\"https:\/\/www.kontinenzzentrum.ch\/en\/diseases\/bladder-dysfunction\/irritable-bladder.html\"]}]},{\"@type\":\"ImageObject\",\"inLanguage\":\"en-GB\",\"@id\":\"https:\/\/www.kontinenzzentrum.ch\/en\/diseases\/bladder-dysfunction\/irritable-bladder.html#primaryimage\",\"url\":\"https:\/\/www.kontinenzzentrum.ch\/wp-content\/uploads\/untersuchung-blase-1.jpeg\",\"contentUrl\":\"https:\/\/www.kontinenzzentrum.ch\/wp-content\/uploads\/untersuchung-blase-1.jpeg\",\"width\":1920,\"height\":450},{\"@type\":\"BreadcrumbList\",\"@id\":\"https:\/\/www.kontinenzzentrum.ch\/en\/diseases\/bladder-dysfunction\/irritable-bladder.html#breadcrumb\",\"itemListElement\":[{\"@type\":\"ListItem\",\"position\":1,\"name\":\"Startseite\",\"item\":\"https:\/\/www.kontinenzzentrum.ch\/en\"},{\"@type\":\"ListItem\",\"position\":2,\"name\":\"Diseases\",\"item\":\"https:\/\/www.kontinenzzentrum.ch\/en\/diseases.html\"},{\"@type\":\"ListItem\",\"position\":3,\"name\":\"Bladder dysfunction\",\"item\":\"https:\/\/www.kontinenzzentrum.ch\/en\/diseases\/bladder-dysfunction.html\"},{\"@type\":\"ListItem\",\"position\":4,\"name\":\"Irritable bladder\"}]},{\"@type\":\"WebSite\",\"@id\":\"https:\/\/www.kontinenzzentrum.ch\/de\/#website\",\"url\":\"https:\/\/www.kontinenzzentrum.ch\/de\/\",\"name\":\"KontinenzZentrum Hirslanden Z\u00fcrich\",\"description\":\"KontinenzZentrum Hirslanden Z\u00fcrich: Blasenst\u00f6rungen & Inkontinenz\",\"publisher\":{\"@id\":\"https:\/\/www.kontinenzzentrum.ch\/de\/#organization\"},\"potentialAction\":[{\"@type\":\"SearchAction\",\"target\":{\"@type\":\"EntryPoint\",\"urlTemplate\":\"https:\/\/www.kontinenzzentrum.ch\/de\/?s={search_term_string}\"},\"query-input\":{\"@type\":\"PropertyValueSpecification\",\"valueRequired\":true,\"valueName\":\"search_term_string\"}}],\"inLanguage\":\"en-GB\"},{\"@type\":\"Organization\",\"@id\":\"https:\/\/www.kontinenzzentrum.ch\/de\/#organization\",\"name\":\"KontinenzZentrum Hirslanden Z\u00fcrich\",\"url\":\"https:\/\/www.kontinenzzentrum.ch\/de\/\",\"logo\":{\"@type\":\"ImageObject\",\"inLanguage\":\"en-GB\",\"@id\":\"https:\/\/www.kontinenzzentrum.ch\/de\/#\/schema\/logo\/image\/\",\"url\":\"https:\/\/www.kontinenzzentrum.ch\/wp-content\/uploads\/Logo_KontinenzZentrum.png\",\"contentUrl\":\"https:\/\/www.kontinenzzentrum.ch\/wp-content\/uploads\/Logo_KontinenzZentrum.png\",\"width\":800,\"height\":142,\"caption\":\"KontinenzZentrum Hirslanden Z\u00fcrich\"},\"image\":{\"@id\":\"https:\/\/www.kontinenzzentrum.ch\/de\/#\/schema\/logo\/image\/\"}}]}<\/script>\n<!-- \/ Yoast SEO plugin. -->","yoast_head_json":{"title":"Irritable bladder","robots":{"index":"index","follow":"follow","max-snippet":"max-snippet:-1","max-image-preview":"max-image-preview:large","max-video-preview":"max-video-preview:-1"},"canonical":"https:\/\/www.kontinenzzentrum.ch\/en\/diseases\/bladder-dysfunction\/irritable-bladder.html","og_locale":"en_GB","og_type":"article","og_title":"Irritable bladder","og_description":"Irritable bladder Bladder function The bladder stores urine produced by the kidneys. Under normal circumstances, the bladder sends signals several times a day that it is almost full and needs to be emptied soon. The capacity of the male bladder is 400 to 600ml, compared to 400 to 500ml for women. A healthy person empties [&hellip;]","og_url":"https:\/\/www.kontinenzzentrum.ch\/en\/diseases\/bladder-dysfunction\/irritable-bladder.html","og_site_name":"KontinenzZentrum","article_modified_time":"2023-03-13T12:48:00+00:00","og_image":[{"width":1920,"height":450,"url":"https:\/\/www.kontinenzzentrum.ch\/wp-content\/uploads\/untersuchung-blase-1.jpeg","type":"image\/jpeg"}],"twitter_card":"summary_large_image","twitter_misc":{"Estimated reading time":"7 minutes"},"schema":{"@context":"https:\/\/schema.org","@graph":[{"@type":"WebPage","@id":"https:\/\/www.kontinenzzentrum.ch\/en\/diseases\/bladder-dysfunction\/irritable-bladder.html","url":"https:\/\/www.kontinenzzentrum.ch\/en\/diseases\/bladder-dysfunction\/irritable-bladder.html","name":"Irritable bladder","isPartOf":{"@id":"https:\/\/www.kontinenzzentrum.ch\/de\/#website"},"primaryImageOfPage":{"@id":"https:\/\/www.kontinenzzentrum.ch\/en\/diseases\/bladder-dysfunction\/irritable-bladder.html#primaryimage"},"image":{"@id":"https:\/\/www.kontinenzzentrum.ch\/en\/diseases\/bladder-dysfunction\/irritable-bladder.html#primaryimage"},"thumbnailUrl":"https:\/\/www.kontinenzzentrum.ch\/wp-content\/uploads\/untersuchung-blase-1.jpeg","datePublished":"2023-02-09T16:15:32+00:00","dateModified":"2023-03-13T12:48:00+00:00","breadcrumb":{"@id":"https:\/\/www.kontinenzzentrum.ch\/en\/diseases\/bladder-dysfunction\/irritable-bladder.html#breadcrumb"},"inLanguage":"en-GB","potentialAction":[{"@type":"ReadAction","target":["https:\/\/www.kontinenzzentrum.ch\/en\/diseases\/bladder-dysfunction\/irritable-bladder.html"]}]},{"@type":"ImageObject","inLanguage":"en-GB","@id":"https:\/\/www.kontinenzzentrum.ch\/en\/diseases\/bladder-dysfunction\/irritable-bladder.html#primaryimage","url":"https:\/\/www.kontinenzzentrum.ch\/wp-content\/uploads\/untersuchung-blase-1.jpeg","contentUrl":"https:\/\/www.kontinenzzentrum.ch\/wp-content\/uploads\/untersuchung-blase-1.jpeg","width":1920,"height":450},{"@type":"BreadcrumbList","@id":"https:\/\/www.kontinenzzentrum.ch\/en\/diseases\/bladder-dysfunction\/irritable-bladder.html#breadcrumb","itemListElement":[{"@type":"ListItem","position":1,"name":"Startseite","item":"https:\/\/www.kontinenzzentrum.ch\/en"},{"@type":"ListItem","position":2,"name":"Diseases","item":"https:\/\/www.kontinenzzentrum.ch\/en\/diseases.html"},{"@type":"ListItem","position":3,"name":"Bladder dysfunction","item":"https:\/\/www.kontinenzzentrum.ch\/en\/diseases\/bladder-dysfunction.html"},{"@type":"ListItem","position":4,"name":"Irritable bladder"}]},{"@type":"WebSite","@id":"https:\/\/www.kontinenzzentrum.ch\/de\/#website","url":"https:\/\/www.kontinenzzentrum.ch\/de\/","name":"KontinenzZentrum Hirslanden Z\u00fcrich","description":"KontinenzZentrum Hirslanden Z\u00fcrich: Blasenst\u00f6rungen & Inkontinenz","publisher":{"@id":"https:\/\/www.kontinenzzentrum.ch\/de\/#organization"},"potentialAction":[{"@type":"SearchAction","target":{"@type":"EntryPoint","urlTemplate":"https:\/\/www.kontinenzzentrum.ch\/de\/?s={search_term_string}"},"query-input":{"@type":"PropertyValueSpecification","valueRequired":true,"valueName":"search_term_string"}}],"inLanguage":"en-GB"},{"@type":"Organization","@id":"https:\/\/www.kontinenzzentrum.ch\/de\/#organization","name":"KontinenzZentrum Hirslanden Z\u00fcrich","url":"https:\/\/www.kontinenzzentrum.ch\/de\/","logo":{"@type":"ImageObject","inLanguage":"en-GB","@id":"https:\/\/www.kontinenzzentrum.ch\/de\/#\/schema\/logo\/image\/","url":"https:\/\/www.kontinenzzentrum.ch\/wp-content\/uploads\/Logo_KontinenzZentrum.png","contentUrl":"https:\/\/www.kontinenzzentrum.ch\/wp-content\/uploads\/Logo_KontinenzZentrum.png","width":800,"height":142,"caption":"KontinenzZentrum Hirslanden Z\u00fcrich"},"image":{"@id":"https:\/\/www.kontinenzzentrum.ch\/de\/#\/schema\/logo\/image\/"}}]}},"_links":{"self":[{"href":"https:\/\/www.kontinenzzentrum.ch\/en\/wp-json\/wp\/v2\/pages\/2189","targetHints":{"allow":["GET"]}}],"collection":[{"href":"https:\/\/www.kontinenzzentrum.ch\/en\/wp-json\/wp\/v2\/pages"}],"about":[{"href":"https:\/\/www.kontinenzzentrum.ch\/en\/wp-json\/wp\/v2\/types\/page"}],"author":[{"embeddable":true,"href":"https:\/\/www.kontinenzzentrum.ch\/en\/wp-json\/wp\/v2\/users\/1"}],"replies":[{"embeddable":true,"href":"https:\/\/www.kontinenzzentrum.ch\/en\/wp-json\/wp\/v2\/comments?post=2189"}],"version-history":[{"count":5,"href":"https:\/\/www.kontinenzzentrum.ch\/en\/wp-json\/wp\/v2\/pages\/2189\/revisions"}],"predecessor-version":[{"id":2194,"href":"https:\/\/www.kontinenzzentrum.ch\/en\/wp-json\/wp\/v2\/pages\/2189\/revisions\/2194"}],"up":[{"embeddable":true,"href":"https:\/\/www.kontinenzzentrum.ch\/en\/wp-json\/wp\/v2\/pages\/2156"}],"wp:featuredmedia":[{"embeddable":true,"href":"https:\/\/www.kontinenzzentrum.ch\/en\/wp-json\/wp\/v2\/media\/1234"}],"wp:attachment":[{"href":"https:\/\/www.kontinenzzentrum.ch\/en\/wp-json\/wp\/v2\/media?parent=2189"}],"curies":[{"name":"wp","href":"https:\/\/api.w.org\/{rel}","templated":true}]}}