{"id":2195,"date":"2023-02-09T16:13:34","date_gmt":"2023-02-09T15:13:34","guid":{"rendered":"https:\/\/www.kontinenzzentrum.ch\/diseases\/bladder-dysfunction\/altersblase\/"},"modified":"2023-03-13T13:54:01","modified_gmt":"2023-03-13T12:54:01","slug":"urinary-incontinence-in-the-elderly","status":"publish","type":"page","link":"https:\/\/www.kontinenzzentrum.ch\/en\/diseases\/bladder-dysfunction\/urinary-incontinence-in-the-elderly.html","title":{"rendered":"Urinary incontinence in the elderly"},"content":{"rendered":"<div id=\"pl-2195\"  class=\"panel-layout\" ><div id=\"pg-2195-0\"  class=\"panel-grid panel-no-style\" ><div id=\"pgc-2195-0-0\"  class=\"panel-grid-cell\" ><div id=\"panel-2195-0-0-0\" class=\"so-panel widget widget_sow-editor panel-first-child panel-last-child\" data-index=\"0\" ><div\n\t\t\t\n\t\t\tclass=\"so-widget-sow-editor so-widget-sow-editor-base\"\n\t\t\t\n\t\t>\n<div class=\"siteorigin-widget-tinymce textwidget\">\n\t<h1>The aged bladder - urinary incontinence in old age<\/h1>\n<p>A functional disorder of the urinary bladder and related urinary incontinence is a frequent and serious problem among older people. Up to one third of all older people living at home are affected; in many cases, this figure rises to more than half among residents of nursing homes. It is often the case that a new incidence of urinary incontinence results in people entering a nursing home.<\/p>\n<p>At first, sufferers attempt to cover up the problem out of fear and shame, or to deal with the situation on their own with all sorts of remedies. It is often months or even years before the sufferer goes to a practitioner or doctor to talk about incontinence and ask about possible treatment. And yet the prospects for success of incontinence treatment are good, even for patients over the age of 80; control of the bladder can normally be restored by means of simple measures and treatments, or at least the involuntary leakage of urine kept under control.<\/p>\n<p>The occurrence of urinary incontinence is wrongly considered a normal part of growing old; involuntary leakage of urine at any age is something that requires assessment and treatment.<\/p>\n<\/div>\n<\/div><\/div><\/div><\/div><\/div>","protected":false},"excerpt":{"rendered":"<p>The aged bladder - urinary incontinence in old age A functional disorder of the urinary bladder and related urinary incontinence is a frequent and serious problem among older people. Up to one third of all older people living at home are affected; in many cases, this figure rises to more than half among residents of [&hellip;]<\/p>\n","protected":false},"author":1,"featured_media":1174,"parent":2156,"menu_order":0,"comment_status":"closed","ping_status":"closed","template":"","meta":{"_acf_changed":false,"footnotes":""},"class_list":["post-2195","page","type-page","status-publish","has-post-thumbnail","hentry"],"acf":[],"yoast_head":"<!-- This site is optimized with the Yoast SEO plugin v26.9 - https:\/\/yoast.com\/product\/yoast-seo-wordpress\/ -->\n<title>Urinary incontinence in the elderly<\/title>\n<meta name=\"robots\" content=\"index, follow, max-snippet:-1, max-image-preview:large, max-video-preview:-1\" \/>\n<link rel=\"canonical\" href=\"https:\/\/www.kontinenzzentrum.ch\/en\/diseases\/bladder-dysfunction\/urinary-incontinence-in-the-elderly.html\" \/>\n<meta property=\"og:locale\" content=\"en_GB\" \/>\n<meta property=\"og:type\" content=\"article\" \/>\n<meta property=\"og:title\" content=\"Urinary incontinence in the elderly\" \/>\n<meta property=\"og:description\" content=\"The aged bladder - urinary incontinence in old age A functional disorder of the urinary bladder and related urinary incontinence is a frequent and serious problem among older people. Up to one third of all older people living at home are affected; in many cases, this figure rises to more than half among residents of [&hellip;]\" \/>\n<meta property=\"og:url\" content=\"https:\/\/www.kontinenzzentrum.ch\/en\/diseases\/bladder-dysfunction\/urinary-incontinence-in-the-elderly.html\" \/>\n<meta property=\"og:site_name\" content=\"KontinenzZentrum\" \/>\n<meta property=\"article:modified_time\" content=\"2023-03-13T12:54:01+00:00\" \/>\n<meta property=\"og:image\" content=\"https:\/\/www.kontinenzzentrum.ch\/wp-content\/uploads\/kompetenz-maennergesundheit-10220.jpeg\" \/>\n\t<meta property=\"og:image:width\" content=\"1920\" \/>\n\t<meta property=\"og:image:height\" content=\"450\" \/>\n\t<meta property=\"og:image:type\" content=\"image\/jpeg\" \/>\n<meta name=\"twitter:card\" content=\"summary_large_image\" \/>\n<meta name=\"twitter:label1\" content=\"Estimated reading time\" \/>\n\t<meta name=\"twitter:data1\" content=\"1 minute\" \/>\n<script type=\"application\/ld+json\" class=\"yoast-schema-graph\">{\"@context\":\"https:\/\/schema.org\",\"@graph\":[{\"@type\":\"WebPage\",\"@id\":\"https:\/\/www.kontinenzzentrum.ch\/en\/diseases\/bladder-dysfunction\/urinary-incontinence-in-the-elderly.html\",\"url\":\"https:\/\/www.kontinenzzentrum.ch\/en\/diseases\/bladder-dysfunction\/urinary-incontinence-in-the-elderly.html\",\"name\":\"Urinary incontinence in the elderly\",\"isPartOf\":{\"@id\":\"https:\/\/www.kontinenzzentrum.ch\/de\/#website\"},\"primaryImageOfPage\":{\"@id\":\"https:\/\/www.kontinenzzentrum.ch\/en\/diseases\/bladder-dysfunction\/urinary-incontinence-in-the-elderly.html#primaryimage\"},\"image\":{\"@id\":\"https:\/\/www.kontinenzzentrum.ch\/en\/diseases\/bladder-dysfunction\/urinary-incontinence-in-the-elderly.html#primaryimage\"},\"thumbnailUrl\":\"https:\/\/www.kontinenzzentrum.ch\/wp-content\/uploads\/kompetenz-maennergesundheit-10220.jpeg\",\"datePublished\":\"2023-02-09T15:13:34+00:00\",\"dateModified\":\"2023-03-13T12:54:01+00:00\",\"breadcrumb\":{\"@id\":\"https:\/\/www.kontinenzzentrum.ch\/en\/diseases\/bladder-dysfunction\/urinary-incontinence-in-the-elderly.html#breadcrumb\"},\"inLanguage\":\"en-GB\",\"potentialAction\":[{\"@type\":\"ReadAction\",\"target\":[\"https:\/\/www.kontinenzzentrum.ch\/en\/diseases\/bladder-dysfunction\/urinary-incontinence-in-the-elderly.html\"]}]},{\"@type\":\"ImageObject\",\"inLanguage\":\"en-GB\",\"@id\":\"https:\/\/www.kontinenzzentrum.ch\/en\/diseases\/bladder-dysfunction\/urinary-incontinence-in-the-elderly.html#primaryimage\",\"url\":\"https:\/\/www.kontinenzzentrum.ch\/wp-content\/uploads\/kompetenz-maennergesundheit-10220.jpeg\",\"contentUrl\":\"https:\/\/www.kontinenzzentrum.ch\/wp-content\/uploads\/kompetenz-maennergesundheit-10220.jpeg\",\"width\":1920,\"height\":450},{\"@type\":\"BreadcrumbList\",\"@id\":\"https:\/\/www.kontinenzzentrum.ch\/en\/diseases\/bladder-dysfunction\/urinary-incontinence-in-the-elderly.html#breadcrumb\",\"itemListElement\":[{\"@type\":\"ListItem\",\"position\":1,\"name\":\"Startseite\",\"item\":\"https:\/\/www.kontinenzzentrum.ch\/en\"},{\"@type\":\"ListItem\",\"position\":2,\"name\":\"Diseases\",\"item\":\"https:\/\/www.kontinenzzentrum.ch\/en\/diseases.html\"},{\"@type\":\"ListItem\",\"position\":3,\"name\":\"Bladder dysfunction\",\"item\":\"https:\/\/www.kontinenzzentrum.ch\/en\/diseases\/bladder-dysfunction.html\"},{\"@type\":\"ListItem\",\"position\":4,\"name\":\"Urinary incontinence in the elderly\"}]},{\"@type\":\"WebSite\",\"@id\":\"https:\/\/www.kontinenzzentrum.ch\/de\/#website\",\"url\":\"https:\/\/www.kontinenzzentrum.ch\/de\/\",\"name\":\"KontinenzZentrum Hirslanden Z\u00fcrich\",\"description\":\"KontinenzZentrum Hirslanden Z\u00fcrich: Blasenst\u00f6rungen & Inkontinenz\",\"publisher\":{\"@id\":\"https:\/\/www.kontinenzzentrum.ch\/de\/#organization\"},\"potentialAction\":[{\"@type\":\"SearchAction\",\"target\":{\"@type\":\"EntryPoint\",\"urlTemplate\":\"https:\/\/www.kontinenzzentrum.ch\/de\/?s={search_term_string}\"},\"query-input\":{\"@type\":\"PropertyValueSpecification\",\"valueRequired\":true,\"valueName\":\"search_term_string\"}}],\"inLanguage\":\"en-GB\"},{\"@type\":\"Organization\",\"@id\":\"https:\/\/www.kontinenzzentrum.ch\/de\/#organization\",\"name\":\"KontinenzZentrum Hirslanden Z\u00fcrich\",\"url\":\"https:\/\/www.kontinenzzentrum.ch\/de\/\",\"logo\":{\"@type\":\"ImageObject\",\"inLanguage\":\"en-GB\",\"@id\":\"https:\/\/www.kontinenzzentrum.ch\/de\/#\/schema\/logo\/image\/\",\"url\":\"https:\/\/www.kontinenzzentrum.ch\/wp-content\/uploads\/Logo_KontinenzZentrum.png\",\"contentUrl\":\"https:\/\/www.kontinenzzentrum.ch\/wp-content\/uploads\/Logo_KontinenzZentrum.png\",\"width\":800,\"height\":142,\"caption\":\"KontinenzZentrum Hirslanden Z\u00fcrich\"},\"image\":{\"@id\":\"https:\/\/www.kontinenzzentrum.ch\/de\/#\/schema\/logo\/image\/\"}}]}<\/script>\n<!-- \/ Yoast SEO plugin. -->","yoast_head_json":{"title":"Urinary incontinence in the elderly","robots":{"index":"index","follow":"follow","max-snippet":"max-snippet:-1","max-image-preview":"max-image-preview:large","max-video-preview":"max-video-preview:-1"},"canonical":"https:\/\/www.kontinenzzentrum.ch\/en\/diseases\/bladder-dysfunction\/urinary-incontinence-in-the-elderly.html","og_locale":"en_GB","og_type":"article","og_title":"Urinary incontinence in the elderly","og_description":"The aged bladder - urinary incontinence in old age A functional disorder of the urinary bladder and related urinary incontinence is a frequent and serious problem among older people. Up to one third of all older people living at home are affected; in many cases, this figure rises to more than half among residents of [&hellip;]","og_url":"https:\/\/www.kontinenzzentrum.ch\/en\/diseases\/bladder-dysfunction\/urinary-incontinence-in-the-elderly.html","og_site_name":"KontinenzZentrum","article_modified_time":"2023-03-13T12:54:01+00:00","og_image":[{"width":1920,"height":450,"url":"https:\/\/www.kontinenzzentrum.ch\/wp-content\/uploads\/kompetenz-maennergesundheit-10220.jpeg","type":"image\/jpeg"}],"twitter_card":"summary_large_image","twitter_misc":{"Estimated reading time":"1 minute"},"schema":{"@context":"https:\/\/schema.org","@graph":[{"@type":"WebPage","@id":"https:\/\/www.kontinenzzentrum.ch\/en\/diseases\/bladder-dysfunction\/urinary-incontinence-in-the-elderly.html","url":"https:\/\/www.kontinenzzentrum.ch\/en\/diseases\/bladder-dysfunction\/urinary-incontinence-in-the-elderly.html","name":"Urinary incontinence in the elderly","isPartOf":{"@id":"https:\/\/www.kontinenzzentrum.ch\/de\/#website"},"primaryImageOfPage":{"@id":"https:\/\/www.kontinenzzentrum.ch\/en\/diseases\/bladder-dysfunction\/urinary-incontinence-in-the-elderly.html#primaryimage"},"image":{"@id":"https:\/\/www.kontinenzzentrum.ch\/en\/diseases\/bladder-dysfunction\/urinary-incontinence-in-the-elderly.html#primaryimage"},"thumbnailUrl":"https:\/\/www.kontinenzzentrum.ch\/wp-content\/uploads\/kompetenz-maennergesundheit-10220.jpeg","datePublished":"2023-02-09T15:13:34+00:00","dateModified":"2023-03-13T12:54:01+00:00","breadcrumb":{"@id":"https:\/\/www.kontinenzzentrum.ch\/en\/diseases\/bladder-dysfunction\/urinary-incontinence-in-the-elderly.html#breadcrumb"},"inLanguage":"en-GB","potentialAction":[{"@type":"ReadAction","target":["https:\/\/www.kontinenzzentrum.ch\/en\/diseases\/bladder-dysfunction\/urinary-incontinence-in-the-elderly.html"]}]},{"@type":"ImageObject","inLanguage":"en-GB","@id":"https:\/\/www.kontinenzzentrum.ch\/en\/diseases\/bladder-dysfunction\/urinary-incontinence-in-the-elderly.html#primaryimage","url":"https:\/\/www.kontinenzzentrum.ch\/wp-content\/uploads\/kompetenz-maennergesundheit-10220.jpeg","contentUrl":"https:\/\/www.kontinenzzentrum.ch\/wp-content\/uploads\/kompetenz-maennergesundheit-10220.jpeg","width":1920,"height":450},{"@type":"BreadcrumbList","@id":"https:\/\/www.kontinenzzentrum.ch\/en\/diseases\/bladder-dysfunction\/urinary-incontinence-in-the-elderly.html#breadcrumb","itemListElement":[{"@type":"ListItem","position":1,"name":"Startseite","item":"https:\/\/www.kontinenzzentrum.ch\/en"},{"@type":"ListItem","position":2,"name":"Diseases","item":"https:\/\/www.kontinenzzentrum.ch\/en\/diseases.html"},{"@type":"ListItem","position":3,"name":"Bladder dysfunction","item":"https:\/\/www.kontinenzzentrum.ch\/en\/diseases\/bladder-dysfunction.html"},{"@type":"ListItem","position":4,"name":"Urinary incontinence in the elderly"}]},{"@type":"WebSite","@id":"https:\/\/www.kontinenzzentrum.ch\/de\/#website","url":"https:\/\/www.kontinenzzentrum.ch\/de\/","name":"KontinenzZentrum Hirslanden Z\u00fcrich","description":"KontinenzZentrum Hirslanden Z\u00fcrich: Blasenst\u00f6rungen & Inkontinenz","publisher":{"@id":"https:\/\/www.kontinenzzentrum.ch\/de\/#organization"},"potentialAction":[{"@type":"SearchAction","target":{"@type":"EntryPoint","urlTemplate":"https:\/\/www.kontinenzzentrum.ch\/de\/?s={search_term_string}"},"query-input":{"@type":"PropertyValueSpecification","valueRequired":true,"valueName":"search_term_string"}}],"inLanguage":"en-GB"},{"@type":"Organization","@id":"https:\/\/www.kontinenzzentrum.ch\/de\/#organization","name":"KontinenzZentrum Hirslanden Z\u00fcrich","url":"https:\/\/www.kontinenzzentrum.ch\/de\/","logo":{"@type":"ImageObject","inLanguage":"en-GB","@id":"https:\/\/www.kontinenzzentrum.ch\/de\/#\/schema\/logo\/image\/","url":"https:\/\/www.kontinenzzentrum.ch\/wp-content\/uploads\/Logo_KontinenzZentrum.png","contentUrl":"https:\/\/www.kontinenzzentrum.ch\/wp-content\/uploads\/Logo_KontinenzZentrum.png","width":800,"height":142,"caption":"KontinenzZentrum Hirslanden Z\u00fcrich"},"image":{"@id":"https:\/\/www.kontinenzzentrum.ch\/de\/#\/schema\/logo\/image\/"}}]}},"_links":{"self":[{"href":"https:\/\/www.kontinenzzentrum.ch\/en\/wp-json\/wp\/v2\/pages\/2195","targetHints":{"allow":["GET"]}}],"collection":[{"href":"https:\/\/www.kontinenzzentrum.ch\/en\/wp-json\/wp\/v2\/pages"}],"about":[{"href":"https:\/\/www.kontinenzzentrum.ch\/en\/wp-json\/wp\/v2\/types\/page"}],"author":[{"embeddable":true,"href":"https:\/\/www.kontinenzzentrum.ch\/en\/wp-json\/wp\/v2\/users\/1"}],"replies":[{"embeddable":true,"href":"https:\/\/www.kontinenzzentrum.ch\/en\/wp-json\/wp\/v2\/comments?post=2195"}],"version-history":[{"count":3,"href":"https:\/\/www.kontinenzzentrum.ch\/en\/wp-json\/wp\/v2\/pages\/2195\/revisions"}],"predecessor-version":[{"id":2198,"href":"https:\/\/www.kontinenzzentrum.ch\/en\/wp-json\/wp\/v2\/pages\/2195\/revisions\/2198"}],"up":[{"embeddable":true,"href":"https:\/\/www.kontinenzzentrum.ch\/en\/wp-json\/wp\/v2\/pages\/2156"}],"wp:featuredmedia":[{"embeddable":true,"href":"https:\/\/www.kontinenzzentrum.ch\/en\/wp-json\/wp\/v2\/media\/1174"}],"wp:attachment":[{"href":"https:\/\/www.kontinenzzentrum.ch\/en\/wp-json\/wp\/v2\/media?parent=2195"}],"curies":[{"name":"wp","href":"https:\/\/api.w.org\/{rel}","templated":true}]}}