{"id":2207,"date":"2023-02-27T10:12:15","date_gmt":"2023-02-27T09:12:15","guid":{"rendered":"https:\/\/www.kontinenzzentrum.ch\/ueber-uns\/"},"modified":"2023-06-30T15:43:02","modified_gmt":"2023-06-30T13:43:02","slug":"about-us","status":"publish","type":"page","link":"https:\/\/www.kontinenzzentrum.ch\/en\/about-us.html","title":{"rendered":"About us"},"content":{"rendered":"<div id=\"pl-2207\"  class=\"panel-layout\" ><div id=\"pg-2207-0\"  class=\"panel-grid panel-no-style\" ><div id=\"pgc-2207-0-0\"  class=\"panel-grid-cell\" ><div id=\"panel-2207-0-0-0\" class=\"so-panel widget widget_sow-editor panel-first-child panel-last-child\" data-index=\"0\" ><div\n\t\t\t\n\t\t\tclass=\"so-widget-sow-editor so-widget-sow-editor-base\"\n\t\t\t\n\t\t>\n<div class=\"siteorigin-widget-tinymce textwidget\">\n\t<h1>Welcome<\/h1>\n<h2>Get to know us and our specialisms<\/h2>\n<p><img decoding=\"async\" class=\"alignright\" title=\"\" src=\"https:\/\/www.kontinenzzentrum.ch\/wp-content\/uploads\/ueber-uns-213393-txt.jpeg\" alt=\"\" width=\"522\" height=\"405\" \/><br \/>\n<strong>Kontinenzzentrum.ch is the information portal of the KontinenzZentrum Hirslanden Zurich for doctors, medical professionals, patients and relatives. We welcome you to our website and invite you to get to know us, our specialisms and our services.<\/strong><\/p>\n<p>Don\u2019t hesitate to contact us. We would be delighted to answer your questions, as urinary incontinence or bladder malfunction can affect anyone. Involuntary loss of urine or other urinary tract malfunctions have a profound impact on daily life irrespective of whether the person affected is young or old, female or male.<\/p>\n<p>Huge strides in medical progress thanks to research and the latest technology mean that effective treatment is now available for bladder disorders and incontinence, avoiding complications and restoring quality of life. We have many years of specialist medical experience, enabling us to provide a comprehensive, individual assessment of the symptoms and disorders and then provide the treatment which is most likely to succeed.<\/p>\n<p>A comprehensive investigation with rapid and efficient assessment and tailor-made treatment of the symptoms, taking the patient's personal needs into account, is our particular strength.<\/p>\n<p>Talk to us about your symptoms - we would love to help you.<\/p>\n<p>Your KontinenzZentrum Hirslanden<\/p>\n<\/div>\n<\/div><\/div><\/div><\/div><div id=\"pg-2207-1\"  class=\"panel-grid panel-has-style\" ><div class=\"fn-lines panel-row-style panel-row-style-for-2207-1\" ><div id=\"pgc-2207-1-0\"  class=\"panel-grid-cell\" ><div id=\"panel-2207-1-0-0\" class=\"so-panel widget widget_sow-editor panel-first-child panel-last-child\" data-index=\"1\" ><div\n\t\t\t\n\t\t\tclass=\"so-widget-sow-editor so-widget-sow-editor-base\"\n\t\t\t\n\t\t>\n<div class=\"siteorigin-widget-tinymce textwidget\">\n\t<h4>Find out more about us<\/h4>\n<ul>\n<li><a class=\"\" href=\"https:\/\/www.kontinenzzentrum.ch\/en\/about-us\/who-we-are.html\">Who we are<\/a><\/li>\n<li><a class=\"\" href=\"https:\/\/www.kontinenzzentrum.ch\/en\/how-you-benefit.html\">How you benefit<\/a><\/li>\n<li><a class=\"\" href=\"https:\/\/www.kontinenzzentrum.ch\/en\/what-makes-us-different.html\">What makes us different<\/a><\/li>\n<li><a class=\"\" href=\"https:\/\/www.kontinenzzentrum.ch\/en\/about-us\/corporate-brochure.html\">Corporate brochure<\/a><\/li>\n<li><a class=\"\" href=\"https:\/\/www.kontinenzzentrum.ch\/en\/about-us\/contact.html\">Contact<\/a><\/li>\n<li><a class=\"\" href=\"https:\/\/www.kontinenzzentrum.ch\/en\/about-us\/appointment.html\">Appointment<\/a><\/li>\n<\/ul>\n<\/div>\n<\/div><\/div><\/div><\/div><\/div><\/div>","protected":false},"excerpt":{"rendered":"<p>Welcome Get to know us and our specialisms Kontinenzzentrum.ch is the information portal of the KontinenzZentrum Hirslanden Zurich for doctors, medical professionals, patients and relatives. We welcome you to our website and invite you to get to know us, our specialisms and our services. Don\u2019t hesitate to contact us. We would be delighted to answer [&hellip;]<\/p>\n","protected":false},"author":1,"featured_media":2575,"parent":0,"menu_order":0,"comment_status":"closed","ping_status":"closed","template":"","meta":{"_acf_changed":false,"footnotes":""},"class_list":["post-2207","page","type-page","status-publish","has-post-thumbnail","hentry"],"acf":[],"yoast_head":"<!-- This site is optimized with the Yoast SEO plugin v26.9 - https:\/\/yoast.com\/product\/yoast-seo-wordpress\/ -->\n<title>About us<\/title>\n<meta name=\"robots\" content=\"index, follow, max-snippet:-1, max-image-preview:large, max-video-preview:-1\" \/>\n<link rel=\"canonical\" href=\"https:\/\/www.kontinenzzentrum.ch\/en\/about-us.html\" \/>\n<meta property=\"og:locale\" content=\"en_GB\" \/>\n<meta property=\"og:type\" content=\"article\" \/>\n<meta property=\"og:title\" content=\"About us\" \/>\n<meta property=\"og:description\" content=\"Welcome Get to know us and our specialisms Kontinenzzentrum.ch is the information portal of the KontinenzZentrum Hirslanden Zurich for doctors, medical professionals, patients and relatives. We welcome you to our website and invite you to get to know us, our specialisms and our services. Don\u2019t hesitate to contact us. We would be delighted to answer [&hellip;]\" \/>\n<meta property=\"og:url\" content=\"https:\/\/www.kontinenzzentrum.ch\/en\/about-us.html\" \/>\n<meta property=\"og:site_name\" content=\"KontinenzZentrum\" \/>\n<meta property=\"article:modified_time\" content=\"2023-06-30T13:43:02+00:00\" \/>\n<meta property=\"og:image\" content=\"https:\/\/www.kontinenzzentrum.ch\/wp-content\/uploads\/ueber-uns-10606.jpeg\" \/>\n\t<meta property=\"og:image:width\" content=\"1920\" \/>\n\t<meta property=\"og:image:height\" content=\"450\" \/>\n\t<meta property=\"og:image:type\" content=\"image\/jpeg\" \/>\n<meta name=\"twitter:card\" content=\"summary_large_image\" \/>\n<meta name=\"twitter:label1\" content=\"Estimated reading time\" \/>\n\t<meta name=\"twitter:data1\" content=\"2 minutes\" \/>\n<script type=\"application\/ld+json\" class=\"yoast-schema-graph\">{\"@context\":\"https:\/\/schema.org\",\"@graph\":[{\"@type\":\"WebPage\",\"@id\":\"https:\/\/www.kontinenzzentrum.ch\/en\/about-us.html\",\"url\":\"https:\/\/www.kontinenzzentrum.ch\/en\/about-us.html\",\"name\":\"About us\",\"isPartOf\":{\"@id\":\"https:\/\/www.kontinenzzentrum.ch\/de\/#website\"},\"primaryImageOfPage\":{\"@id\":\"https:\/\/www.kontinenzzentrum.ch\/en\/about-us.html#primaryimage\"},\"image\":{\"@id\":\"https:\/\/www.kontinenzzentrum.ch\/en\/about-us.html#primaryimage\"},\"thumbnailUrl\":\"https:\/\/www.kontinenzzentrum.ch\/wp-content\/uploads\/ueber-uns-10606.jpeg\",\"datePublished\":\"2023-02-27T09:12:15+00:00\",\"dateModified\":\"2023-06-30T13:43:02+00:00\",\"breadcrumb\":{\"@id\":\"https:\/\/www.kontinenzzentrum.ch\/en\/about-us.html#breadcrumb\"},\"inLanguage\":\"en-GB\",\"potentialAction\":[{\"@type\":\"ReadAction\",\"target\":[\"https:\/\/www.kontinenzzentrum.ch\/en\/about-us.html\"]}]},{\"@type\":\"ImageObject\",\"inLanguage\":\"en-GB\",\"@id\":\"https:\/\/www.kontinenzzentrum.ch\/en\/about-us.html#primaryimage\",\"url\":\"https:\/\/www.kontinenzzentrum.ch\/wp-content\/uploads\/ueber-uns-10606.jpeg\",\"contentUrl\":\"https:\/\/www.kontinenzzentrum.ch\/wp-content\/uploads\/ueber-uns-10606.jpeg\",\"width\":1920,\"height\":450},{\"@type\":\"BreadcrumbList\",\"@id\":\"https:\/\/www.kontinenzzentrum.ch\/en\/about-us.html#breadcrumb\",\"itemListElement\":[{\"@type\":\"ListItem\",\"position\":1,\"name\":\"Startseite\",\"item\":\"https:\/\/www.kontinenzzentrum.ch\/en\"},{\"@type\":\"ListItem\",\"position\":2,\"name\":\"About us\"}]},{\"@type\":\"WebSite\",\"@id\":\"https:\/\/www.kontinenzzentrum.ch\/de\/#website\",\"url\":\"https:\/\/www.kontinenzzentrum.ch\/de\/\",\"name\":\"KontinenzZentrum Hirslanden Z\u00fcrich\",\"description\":\"KontinenzZentrum Hirslanden Z\u00fcrich: Blasenst\u00f6rungen & Inkontinenz\",\"publisher\":{\"@id\":\"https:\/\/www.kontinenzzentrum.ch\/de\/#organization\"},\"potentialAction\":[{\"@type\":\"SearchAction\",\"target\":{\"@type\":\"EntryPoint\",\"urlTemplate\":\"https:\/\/www.kontinenzzentrum.ch\/de\/?s={search_term_string}\"},\"query-input\":{\"@type\":\"PropertyValueSpecification\",\"valueRequired\":true,\"valueName\":\"search_term_string\"}}],\"inLanguage\":\"en-GB\"},{\"@type\":\"Organization\",\"@id\":\"https:\/\/www.kontinenzzentrum.ch\/de\/#organization\",\"name\":\"KontinenzZentrum Hirslanden Z\u00fcrich\",\"url\":\"https:\/\/www.kontinenzzentrum.ch\/de\/\",\"logo\":{\"@type\":\"ImageObject\",\"inLanguage\":\"en-GB\",\"@id\":\"https:\/\/www.kontinenzzentrum.ch\/de\/#\/schema\/logo\/image\/\",\"url\":\"https:\/\/www.kontinenzzentrum.ch\/wp-content\/uploads\/Logo_KontinenzZentrum.png\",\"contentUrl\":\"https:\/\/www.kontinenzzentrum.ch\/wp-content\/uploads\/Logo_KontinenzZentrum.png\",\"width\":800,\"height\":142,\"caption\":\"KontinenzZentrum Hirslanden Z\u00fcrich\"},\"image\":{\"@id\":\"https:\/\/www.kontinenzzentrum.ch\/de\/#\/schema\/logo\/image\/\"}}]}<\/script>\n<!-- \/ Yoast SEO plugin. -->","yoast_head_json":{"title":"About us","robots":{"index":"index","follow":"follow","max-snippet":"max-snippet:-1","max-image-preview":"max-image-preview:large","max-video-preview":"max-video-preview:-1"},"canonical":"https:\/\/www.kontinenzzentrum.ch\/en\/about-us.html","og_locale":"en_GB","og_type":"article","og_title":"About us","og_description":"Welcome Get to know us and our specialisms Kontinenzzentrum.ch is the information portal of the KontinenzZentrum Hirslanden Zurich for doctors, medical professionals, patients and relatives. We welcome you to our website and invite you to get to know us, our specialisms and our services. Don\u2019t hesitate to contact us. We would be delighted to answer [&hellip;]","og_url":"https:\/\/www.kontinenzzentrum.ch\/en\/about-us.html","og_site_name":"KontinenzZentrum","article_modified_time":"2023-06-30T13:43:02+00:00","og_image":[{"width":1920,"height":450,"url":"https:\/\/www.kontinenzzentrum.ch\/wp-content\/uploads\/ueber-uns-10606.jpeg","type":"image\/jpeg"}],"twitter_card":"summary_large_image","twitter_misc":{"Estimated reading time":"2 minutes"},"schema":{"@context":"https:\/\/schema.org","@graph":[{"@type":"WebPage","@id":"https:\/\/www.kontinenzzentrum.ch\/en\/about-us.html","url":"https:\/\/www.kontinenzzentrum.ch\/en\/about-us.html","name":"About us","isPartOf":{"@id":"https:\/\/www.kontinenzzentrum.ch\/de\/#website"},"primaryImageOfPage":{"@id":"https:\/\/www.kontinenzzentrum.ch\/en\/about-us.html#primaryimage"},"image":{"@id":"https:\/\/www.kontinenzzentrum.ch\/en\/about-us.html#primaryimage"},"thumbnailUrl":"https:\/\/www.kontinenzzentrum.ch\/wp-content\/uploads\/ueber-uns-10606.jpeg","datePublished":"2023-02-27T09:12:15+00:00","dateModified":"2023-06-30T13:43:02+00:00","breadcrumb":{"@id":"https:\/\/www.kontinenzzentrum.ch\/en\/about-us.html#breadcrumb"},"inLanguage":"en-GB","potentialAction":[{"@type":"ReadAction","target":["https:\/\/www.kontinenzzentrum.ch\/en\/about-us.html"]}]},{"@type":"ImageObject","inLanguage":"en-GB","@id":"https:\/\/www.kontinenzzentrum.ch\/en\/about-us.html#primaryimage","url":"https:\/\/www.kontinenzzentrum.ch\/wp-content\/uploads\/ueber-uns-10606.jpeg","contentUrl":"https:\/\/www.kontinenzzentrum.ch\/wp-content\/uploads\/ueber-uns-10606.jpeg","width":1920,"height":450},{"@type":"BreadcrumbList","@id":"https:\/\/www.kontinenzzentrum.ch\/en\/about-us.html#breadcrumb","itemListElement":[{"@type":"ListItem","position":1,"name":"Startseite","item":"https:\/\/www.kontinenzzentrum.ch\/en"},{"@type":"ListItem","position":2,"name":"About us"}]},{"@type":"WebSite","@id":"https:\/\/www.kontinenzzentrum.ch\/de\/#website","url":"https:\/\/www.kontinenzzentrum.ch\/de\/","name":"KontinenzZentrum Hirslanden Z\u00fcrich","description":"KontinenzZentrum Hirslanden Z\u00fcrich: Blasenst\u00f6rungen & Inkontinenz","publisher":{"@id":"https:\/\/www.kontinenzzentrum.ch\/de\/#organization"},"potentialAction":[{"@type":"SearchAction","target":{"@type":"EntryPoint","urlTemplate":"https:\/\/www.kontinenzzentrum.ch\/de\/?s={search_term_string}"},"query-input":{"@type":"PropertyValueSpecification","valueRequired":true,"valueName":"search_term_string"}}],"inLanguage":"en-GB"},{"@type":"Organization","@id":"https:\/\/www.kontinenzzentrum.ch\/de\/#organization","name":"KontinenzZentrum Hirslanden Z\u00fcrich","url":"https:\/\/www.kontinenzzentrum.ch\/de\/","logo":{"@type":"ImageObject","inLanguage":"en-GB","@id":"https:\/\/www.kontinenzzentrum.ch\/de\/#\/schema\/logo\/image\/","url":"https:\/\/www.kontinenzzentrum.ch\/wp-content\/uploads\/Logo_KontinenzZentrum.png","contentUrl":"https:\/\/www.kontinenzzentrum.ch\/wp-content\/uploads\/Logo_KontinenzZentrum.png","width":800,"height":142,"caption":"KontinenzZentrum Hirslanden Z\u00fcrich"},"image":{"@id":"https:\/\/www.kontinenzzentrum.ch\/de\/#\/schema\/logo\/image\/"}}]}},"_links":{"self":[{"href":"https:\/\/www.kontinenzzentrum.ch\/en\/wp-json\/wp\/v2\/pages\/2207","targetHints":{"allow":["GET"]}}],"collection":[{"href":"https:\/\/www.kontinenzzentrum.ch\/en\/wp-json\/wp\/v2\/pages"}],"about":[{"href":"https:\/\/www.kontinenzzentrum.ch\/en\/wp-json\/wp\/v2\/types\/page"}],"author":[{"embeddable":true,"href":"https:\/\/www.kontinenzzentrum.ch\/en\/wp-json\/wp\/v2\/users\/1"}],"replies":[{"embeddable":true,"href":"https:\/\/www.kontinenzzentrum.ch\/en\/wp-json\/wp\/v2\/comments?post=2207"}],"version-history":[{"count":5,"href":"https:\/\/www.kontinenzzentrum.ch\/en\/wp-json\/wp\/v2\/pages\/2207\/revisions"}],"predecessor-version":[{"id":3262,"href":"https:\/\/www.kontinenzzentrum.ch\/en\/wp-json\/wp\/v2\/pages\/2207\/revisions\/3262"}],"wp:featuredmedia":[{"embeddable":true,"href":"https:\/\/www.kontinenzzentrum.ch\/en\/wp-json\/wp\/v2\/media\/2575"}],"wp:attachment":[{"href":"https:\/\/www.kontinenzzentrum.ch\/en\/wp-json\/wp\/v2\/media?parent=2207"}],"curies":[{"name":"wp","href":"https:\/\/api.w.org\/{rel}","templated":true}]}}