{"id":2226,"date":"2023-02-27T11:55:45","date_gmt":"2023-02-27T10:55:45","guid":{"rendered":"https:\/\/www.kontinenzzentrum.ch\/das-zeichnet-und-aus_kompetenz-erfahrung_technologie\/"},"modified":"2023-03-27T16:47:41","modified_gmt":"2023-03-27T14:47:41","slug":"what-makes-us-different","status":"publish","type":"page","link":"https:\/\/www.kontinenzzentrum.ch\/en\/what-makes-us-different.html","title":{"rendered":"What makes us different"},"content":{"rendered":"<div id=\"pl-2226\"  class=\"panel-layout\" ><div id=\"pg-2226-0\"  class=\"panel-grid panel-no-style\" ><div id=\"pgc-2226-0-0\"  class=\"panel-grid-cell\" ><div id=\"panel-2226-0-0-0\" class=\"so-panel widget widget_sow-editor panel-first-child panel-last-child\" data-index=\"0\" ><div\n\t\t\t\n\t\t\tclass=\"so-widget-sow-editor so-widget-sow-editor-base\"\n\t\t\t\n\t\t>\n<div class=\"siteorigin-widget-tinymce textwidget\">\n\t<h1>What makes us different<\/h1>\n<h2>Experience - expertise - technology<\/h2>\n<p><img decoding=\"async\" class=\"alignright\" title=\"\" src=\"https:\/\/www.kontinenzzentrum.ch\/wp-content\/uploads\/ueber-uns-das-zeichnet-uns-aus-213006-txt.jpeg\" alt=\"\" width=\"498\" height=\"387\" \/><\/p>\n<h3>Advanced medicine at the highest level<\/h3>\n<ul>\n<li>We have access to\u00a0<strong>the latest<\/strong>, innovative diagnostic and therapeutic\u00a0<strong>technologies<\/strong>\u00a0and medical\u00a0<strong>techniques.<\/strong><\/li>\n<li>The KontinenzZentrum Hirslanden offers the\u00a0<strong>whole range<\/strong>\u00a0of conservative and surgical treatments for\u00a0<a href=\"https:\/\/www.kontinenzzentrum.ch\/en\/competence\/incontinence.html\">incontinence<\/a>, bladder malfunction,\u00a0<a href=\"https:\/\/www.kontinenzzentrum.ch\/en\/competence\/pelvic-pain.html\">pelvic pain<\/a>,\u00a0<a href=\"https:\/\/www.kontinenzzentrum.ch\/en\/competence\/pelvic-floor.html\">pelvic floor weakness<\/a>\u00a0and pelvic organ prolapse conditions.<\/li>\n<li>Our approach is\u00a0<strong>interdisciplinary<\/strong>\u00a0and includes comprehensive investigation.<\/li>\n<li><strong>Prompt and efficient\u00a0<\/strong>assessment and\u00a0<strong>competent<\/strong>\u00a0treatment of symptoms are our particular strengths.<\/li>\n<li>Our\u00a0<strong>many years of experience<\/strong>\u00a0enable in-depth and individual assessment and a high likelihood of success in the treatment of many symptoms and disorders.<\/li>\n<li>We are a certified medical advice provider with the German Continence Society.<\/li>\n<li>We are a certified centre for pelvic pain and interstitial cystitis.<\/li>\n<li>Our recommendations are based on the\u00a0<strong>latest scientific findings<\/strong>.<\/li>\n<li>In addition, we also use\u00a0<strong>alternative therapies<\/strong>.<\/li>\n<\/ul>\n<\/div>\n<\/div><\/div><\/div><\/div><\/div>","protected":false},"excerpt":{"rendered":"<p>What makes us different Experience - expertise - technology Advanced medicine at the highest level We have access to\u00a0the latest, innovative diagnostic and therapeutic\u00a0technologies\u00a0and medical\u00a0techniques. The KontinenzZentrum Hirslanden offers the\u00a0whole range\u00a0of conservative and surgical treatments for\u00a0incontinence, bladder malfunction,\u00a0pelvic pain,\u00a0pelvic floor weakness\u00a0and pelvic organ prolapse conditions. Our approach is\u00a0interdisciplinary\u00a0and includes comprehensive investigation. Prompt and efficient\u00a0assessment and\u00a0competent\u00a0treatment [&hellip;]<\/p>\n","protected":false},"author":1,"featured_media":1290,"parent":0,"menu_order":0,"comment_status":"closed","ping_status":"closed","template":"","meta":{"_acf_changed":false,"footnotes":""},"class_list":["post-2226","page","type-page","status-publish","has-post-thumbnail","hentry"],"acf":[],"yoast_head":"<!-- This site is optimized with the Yoast SEO plugin v26.9 - https:\/\/yoast.com\/product\/yoast-seo-wordpress\/ -->\n<title>What makes us different<\/title>\n<meta name=\"robots\" content=\"index, follow, max-snippet:-1, max-image-preview:large, max-video-preview:-1\" \/>\n<link rel=\"canonical\" href=\"https:\/\/www.kontinenzzentrum.ch\/en\/what-makes-us-different.html\" \/>\n<meta property=\"og:locale\" content=\"en_GB\" \/>\n<meta property=\"og:type\" content=\"article\" \/>\n<meta property=\"og:title\" content=\"What makes us different\" \/>\n<meta property=\"og:description\" content=\"What makes us different Experience - expertise - technology Advanced medicine at the highest level We have access to\u00a0the latest, innovative diagnostic and therapeutic\u00a0technologies\u00a0and medical\u00a0techniques. The KontinenzZentrum Hirslanden offers the\u00a0whole range\u00a0of conservative and surgical treatments for\u00a0incontinence, bladder malfunction,\u00a0pelvic pain,\u00a0pelvic floor weakness\u00a0and pelvic organ prolapse conditions. Our approach is\u00a0interdisciplinary\u00a0and includes comprehensive investigation. Prompt and efficient\u00a0assessment and\u00a0competent\u00a0treatment [&hellip;]\" \/>\n<meta property=\"og:url\" content=\"https:\/\/www.kontinenzzentrum.ch\/en\/what-makes-us-different.html\" \/>\n<meta property=\"og:site_name\" content=\"KontinenzZentrum\" \/>\n<meta property=\"article:modified_time\" content=\"2023-03-27T14:47:41+00:00\" \/>\n<meta property=\"og:image\" content=\"https:\/\/www.kontinenzzentrum.ch\/wp-content\/uploads\/ueber-uns-das-zeichnet-uns-aus-213126.jpeg\" \/>\n\t<meta property=\"og:image:width\" content=\"1920\" \/>\n\t<meta property=\"og:image:height\" content=\"450\" \/>\n\t<meta property=\"og:image:type\" content=\"image\/jpeg\" \/>\n<meta name=\"twitter:card\" content=\"summary_large_image\" \/>\n<meta name=\"twitter:label1\" content=\"Estimated reading time\" \/>\n\t<meta name=\"twitter:data1\" content=\"1 minute\" \/>\n<script type=\"application\/ld+json\" class=\"yoast-schema-graph\">{\"@context\":\"https:\/\/schema.org\",\"@graph\":[{\"@type\":\"WebPage\",\"@id\":\"https:\/\/www.kontinenzzentrum.ch\/en\/what-makes-us-different.html\",\"url\":\"https:\/\/www.kontinenzzentrum.ch\/en\/what-makes-us-different.html\",\"name\":\"What makes us different\",\"isPartOf\":{\"@id\":\"https:\/\/www.kontinenzzentrum.ch\/de\/#website\"},\"primaryImageOfPage\":{\"@id\":\"https:\/\/www.kontinenzzentrum.ch\/en\/what-makes-us-different.html#primaryimage\"},\"image\":{\"@id\":\"https:\/\/www.kontinenzzentrum.ch\/en\/what-makes-us-different.html#primaryimage\"},\"thumbnailUrl\":\"https:\/\/www.kontinenzzentrum.ch\/wp-content\/uploads\/ueber-uns-das-zeichnet-uns-aus-213126.jpeg\",\"datePublished\":\"2023-02-27T10:55:45+00:00\",\"dateModified\":\"2023-03-27T14:47:41+00:00\",\"breadcrumb\":{\"@id\":\"https:\/\/www.kontinenzzentrum.ch\/en\/what-makes-us-different.html#breadcrumb\"},\"inLanguage\":\"en-GB\",\"potentialAction\":[{\"@type\":\"ReadAction\",\"target\":[\"https:\/\/www.kontinenzzentrum.ch\/en\/what-makes-us-different.html\"]}]},{\"@type\":\"ImageObject\",\"inLanguage\":\"en-GB\",\"@id\":\"https:\/\/www.kontinenzzentrum.ch\/en\/what-makes-us-different.html#primaryimage\",\"url\":\"https:\/\/www.kontinenzzentrum.ch\/wp-content\/uploads\/ueber-uns-das-zeichnet-uns-aus-213126.jpeg\",\"contentUrl\":\"https:\/\/www.kontinenzzentrum.ch\/wp-content\/uploads\/ueber-uns-das-zeichnet-uns-aus-213126.jpeg\",\"width\":1920,\"height\":450},{\"@type\":\"BreadcrumbList\",\"@id\":\"https:\/\/www.kontinenzzentrum.ch\/en\/what-makes-us-different.html#breadcrumb\",\"itemListElement\":[{\"@type\":\"ListItem\",\"position\":1,\"name\":\"Startseite\",\"item\":\"https:\/\/www.kontinenzzentrum.ch\/en\"},{\"@type\":\"ListItem\",\"position\":2,\"name\":\"What makes us different\"}]},{\"@type\":\"WebSite\",\"@id\":\"https:\/\/www.kontinenzzentrum.ch\/de\/#website\",\"url\":\"https:\/\/www.kontinenzzentrum.ch\/de\/\",\"name\":\"KontinenzZentrum Hirslanden Z\u00fcrich\",\"description\":\"KontinenzZentrum Hirslanden Z\u00fcrich: Blasenst\u00f6rungen & Inkontinenz\",\"publisher\":{\"@id\":\"https:\/\/www.kontinenzzentrum.ch\/de\/#organization\"},\"potentialAction\":[{\"@type\":\"SearchAction\",\"target\":{\"@type\":\"EntryPoint\",\"urlTemplate\":\"https:\/\/www.kontinenzzentrum.ch\/de\/?s={search_term_string}\"},\"query-input\":{\"@type\":\"PropertyValueSpecification\",\"valueRequired\":true,\"valueName\":\"search_term_string\"}}],\"inLanguage\":\"en-GB\"},{\"@type\":\"Organization\",\"@id\":\"https:\/\/www.kontinenzzentrum.ch\/de\/#organization\",\"name\":\"KontinenzZentrum Hirslanden Z\u00fcrich\",\"url\":\"https:\/\/www.kontinenzzentrum.ch\/de\/\",\"logo\":{\"@type\":\"ImageObject\",\"inLanguage\":\"en-GB\",\"@id\":\"https:\/\/www.kontinenzzentrum.ch\/de\/#\/schema\/logo\/image\/\",\"url\":\"https:\/\/www.kontinenzzentrum.ch\/wp-content\/uploads\/Logo_KontinenzZentrum.png\",\"contentUrl\":\"https:\/\/www.kontinenzzentrum.ch\/wp-content\/uploads\/Logo_KontinenzZentrum.png\",\"width\":800,\"height\":142,\"caption\":\"KontinenzZentrum Hirslanden Z\u00fcrich\"},\"image\":{\"@id\":\"https:\/\/www.kontinenzzentrum.ch\/de\/#\/schema\/logo\/image\/\"}}]}<\/script>\n<!-- \/ Yoast SEO plugin. -->","yoast_head_json":{"title":"What makes us different","robots":{"index":"index","follow":"follow","max-snippet":"max-snippet:-1","max-image-preview":"max-image-preview:large","max-video-preview":"max-video-preview:-1"},"canonical":"https:\/\/www.kontinenzzentrum.ch\/en\/what-makes-us-different.html","og_locale":"en_GB","og_type":"article","og_title":"What makes us different","og_description":"What makes us different Experience - expertise - technology Advanced medicine at the highest level We have access to\u00a0the latest, innovative diagnostic and therapeutic\u00a0technologies\u00a0and medical\u00a0techniques. The KontinenzZentrum Hirslanden offers the\u00a0whole range\u00a0of conservative and surgical treatments for\u00a0incontinence, bladder malfunction,\u00a0pelvic pain,\u00a0pelvic floor weakness\u00a0and pelvic organ prolapse conditions. Our approach is\u00a0interdisciplinary\u00a0and includes comprehensive investigation. Prompt and efficient\u00a0assessment and\u00a0competent\u00a0treatment [&hellip;]","og_url":"https:\/\/www.kontinenzzentrum.ch\/en\/what-makes-us-different.html","og_site_name":"KontinenzZentrum","article_modified_time":"2023-03-27T14:47:41+00:00","og_image":[{"width":1920,"height":450,"url":"https:\/\/www.kontinenzzentrum.ch\/wp-content\/uploads\/ueber-uns-das-zeichnet-uns-aus-213126.jpeg","type":"image\/jpeg"}],"twitter_card":"summary_large_image","twitter_misc":{"Estimated reading time":"1 minute"},"schema":{"@context":"https:\/\/schema.org","@graph":[{"@type":"WebPage","@id":"https:\/\/www.kontinenzzentrum.ch\/en\/what-makes-us-different.html","url":"https:\/\/www.kontinenzzentrum.ch\/en\/what-makes-us-different.html","name":"What makes us different","isPartOf":{"@id":"https:\/\/www.kontinenzzentrum.ch\/de\/#website"},"primaryImageOfPage":{"@id":"https:\/\/www.kontinenzzentrum.ch\/en\/what-makes-us-different.html#primaryimage"},"image":{"@id":"https:\/\/www.kontinenzzentrum.ch\/en\/what-makes-us-different.html#primaryimage"},"thumbnailUrl":"https:\/\/www.kontinenzzentrum.ch\/wp-content\/uploads\/ueber-uns-das-zeichnet-uns-aus-213126.jpeg","datePublished":"2023-02-27T10:55:45+00:00","dateModified":"2023-03-27T14:47:41+00:00","breadcrumb":{"@id":"https:\/\/www.kontinenzzentrum.ch\/en\/what-makes-us-different.html#breadcrumb"},"inLanguage":"en-GB","potentialAction":[{"@type":"ReadAction","target":["https:\/\/www.kontinenzzentrum.ch\/en\/what-makes-us-different.html"]}]},{"@type":"ImageObject","inLanguage":"en-GB","@id":"https:\/\/www.kontinenzzentrum.ch\/en\/what-makes-us-different.html#primaryimage","url":"https:\/\/www.kontinenzzentrum.ch\/wp-content\/uploads\/ueber-uns-das-zeichnet-uns-aus-213126.jpeg","contentUrl":"https:\/\/www.kontinenzzentrum.ch\/wp-content\/uploads\/ueber-uns-das-zeichnet-uns-aus-213126.jpeg","width":1920,"height":450},{"@type":"BreadcrumbList","@id":"https:\/\/www.kontinenzzentrum.ch\/en\/what-makes-us-different.html#breadcrumb","itemListElement":[{"@type":"ListItem","position":1,"name":"Startseite","item":"https:\/\/www.kontinenzzentrum.ch\/en"},{"@type":"ListItem","position":2,"name":"What makes us different"}]},{"@type":"WebSite","@id":"https:\/\/www.kontinenzzentrum.ch\/de\/#website","url":"https:\/\/www.kontinenzzentrum.ch\/de\/","name":"KontinenzZentrum Hirslanden Z\u00fcrich","description":"KontinenzZentrum Hirslanden Z\u00fcrich: Blasenst\u00f6rungen & Inkontinenz","publisher":{"@id":"https:\/\/www.kontinenzzentrum.ch\/de\/#organization"},"potentialAction":[{"@type":"SearchAction","target":{"@type":"EntryPoint","urlTemplate":"https:\/\/www.kontinenzzentrum.ch\/de\/?s={search_term_string}"},"query-input":{"@type":"PropertyValueSpecification","valueRequired":true,"valueName":"search_term_string"}}],"inLanguage":"en-GB"},{"@type":"Organization","@id":"https:\/\/www.kontinenzzentrum.ch\/de\/#organization","name":"KontinenzZentrum Hirslanden Z\u00fcrich","url":"https:\/\/www.kontinenzzentrum.ch\/de\/","logo":{"@type":"ImageObject","inLanguage":"en-GB","@id":"https:\/\/www.kontinenzzentrum.ch\/de\/#\/schema\/logo\/image\/","url":"https:\/\/www.kontinenzzentrum.ch\/wp-content\/uploads\/Logo_KontinenzZentrum.png","contentUrl":"https:\/\/www.kontinenzzentrum.ch\/wp-content\/uploads\/Logo_KontinenzZentrum.png","width":800,"height":142,"caption":"KontinenzZentrum Hirslanden Z\u00fcrich"},"image":{"@id":"https:\/\/www.kontinenzzentrum.ch\/de\/#\/schema\/logo\/image\/"}}]}},"_links":{"self":[{"href":"https:\/\/www.kontinenzzentrum.ch\/en\/wp-json\/wp\/v2\/pages\/2226","targetHints":{"allow":["GET"]}}],"collection":[{"href":"https:\/\/www.kontinenzzentrum.ch\/en\/wp-json\/wp\/v2\/pages"}],"about":[{"href":"https:\/\/www.kontinenzzentrum.ch\/en\/wp-json\/wp\/v2\/types\/page"}],"author":[{"embeddable":true,"href":"https:\/\/www.kontinenzzentrum.ch\/en\/wp-json\/wp\/v2\/users\/1"}],"replies":[{"embeddable":true,"href":"https:\/\/www.kontinenzzentrum.ch\/en\/wp-json\/wp\/v2\/comments?post=2226"}],"version-history":[{"count":6,"href":"https:\/\/www.kontinenzzentrum.ch\/en\/wp-json\/wp\/v2\/pages\/2226\/revisions"}],"predecessor-version":[{"id":2832,"href":"https:\/\/www.kontinenzzentrum.ch\/en\/wp-json\/wp\/v2\/pages\/2226\/revisions\/2832"}],"wp:featuredmedia":[{"embeddable":true,"href":"https:\/\/www.kontinenzzentrum.ch\/en\/wp-json\/wp\/v2\/media\/1290"}],"wp:attachment":[{"href":"https:\/\/www.kontinenzzentrum.ch\/en\/wp-json\/wp\/v2\/media?parent=2226"}],"curies":[{"name":"wp","href":"https:\/\/api.w.org\/{rel}","templated":true}]}}