{"id":2251,"date":"2023-02-27T12:57:58","date_gmt":"2023-02-27T11:57:58","guid":{"rendered":"https:\/\/www.kontinenzzentrum.ch\/prof-dr-med-andre-reitz\/"},"modified":"2023-03-14T10:38:15","modified_gmt":"2023-03-14T09:38:15","slug":"prof-dr-med-andre-reitz","status":"publish","type":"page","link":"https:\/\/www.kontinenzzentrum.ch\/en\/about-us\/who-we-are\/prof-dr-med-andre-reitz.html","title":{"rendered":"Prof. Dr. med. Andr\u00e9 Reitz"},"content":{"rendered":"<div id=\"pl-2251\"  class=\"panel-layout\" ><div id=\"pg-2251-0\"  class=\"panel-grid panel-no-style\" ><div id=\"pgc-2251-0-0\"  class=\"panel-grid-cell\" ><div id=\"panel-2251-0-0-0\" class=\"so-panel widget widget_fn-team-widget panel-first-child\" data-index=\"0\" ><div\n\t\t\t\n\t\t\tclass=\"so-widget-fn-team-widget so-widget-fn-team-widget-base\"\n\t\t\t\n\t\t><div class=\"uk-margin-medium-bottom\">        <div class=\"uk-grid-medium\" uk-grid><div class=\"uk-width-1-5@m uk-width-1-1\">\n            <div class='fn-team-image uk-background-cover uk-position-relative' data-src=\"https:\/\/www.kontinenzzentrum.ch\/wp-content\/uploads\/portrait-reitz-klein.jpeg\" data-srcset=\"https:\/\/www.kontinenzzentrum.ch\/wp-content\/uploads\/portrait-reitz-klein.jpeg\" uk-img>\n            <\/div>\n          <\/div>          <div class=\"uk-width-expand@m uk-width-1-1 fn-team-container uk-margin-top\">\n            <h1>PD DR. MED. ANDR\u00c9 REITZ<\/h1>\n<h3>Specialist in Urology, specialising in Neurourology, Fellow of the European Board of Urology<\/h3>\n          <\/div>\n        <\/div>\n    <\/div><\/div><\/div><div id=\"panel-2251-0-0-1\" class=\"so-panel widget widget_fn-accordion-widget panel-last-child\" data-index=\"1\" ><div\n\t\t\t\n\t\t\tclass=\"so-widget-fn-accordion-widget so-widget-fn-accordion-widget-base\"\n\t\t\t\n\t\t><ul class=\"uk-list\" uk-accordion><li>\n        <a class=\"uk-accordion-title\" href=\"#\">Core competence<\/a>\n        <div class=\"uk-accordion-content\"><ul>\n<li>Urinary incontinence in males, females and children<\/li>\n<li>Lower urinary tract dysfunction in neurologic disease like multiple sclerosis, parkinsonism, demencias, stroke, traumatic brain injuries, spinal cord injuries and diabetes<\/li>\n<li>Lower urinary tract function after pelvic surgery, with overactive bladder, chronic urinary retention or pelvic pain<\/li>\n<li>Minimal-invasive therapy of urinary incontinence<\/li>\n<li>Surgical therapy of urinary incontinence<\/li>\n<li>Procedures of neurostimulation and neuromodulation<\/li>\n<li>Assessment and treatment of erectile dysfunction<\/li>\n<\/ul>\n<\/div>\n      <\/li><li>\n        <a class=\"uk-accordion-title\" href=\"#\">Professional experience<\/a>\n        <div class=\"uk-accordion-content\"><ul>\n<li>2010 Head, KontinenzZentrum Hirslanden, Z\u00fcrich<\/li>\n<li>2007-2009 Head, Dept. of Neurourology, Neurologische Rehabilitationsklinik Godesh\u00f6he Bonn, Germany<\/li>\n<li>2007-2009 Professor of Neurourology, University of Bonn, Germany<\/li>\n<li>2007 Fellow of the European Board of Urology<\/li>\n<li>2006-2007 Head, Dept. of Neurourology, Spinal Cord Injury Center, Orthopedics University Hospital, Heidelberg, Germany<\/li>\n<li>2006 Postdoctural qualification in Neurourology, University of Zurich, Switzerland<\/li>\n<li>2006 Specialisation in Urology, Heidelberg, Germany<\/li>\n<li>1999-2006 Training in Urology in Heidelberg, Zurich and Paris<\/li>\n<li>2001 Medical Doctor \u201ccum laude\u201d Faculty of Medicine, University of M\u00fcnster, Germany<\/li>\n<li>1998 Graduation in Medicine, University of M\u00fcnster, Germany<\/li>\n<\/ul>\n<\/div>\n      <\/li><li>\n        <a class=\"uk-accordion-title\" href=\"#\">Memberships<\/a>\n        <div class=\"uk-accordion-content\"><ul>\n<li>European Association of Urology<\/li>\n<li>Deutsche Gesellschaft f\u00fcr Urologie<\/li>\n<li>Arbeitskreis \u201cUrologische Funktionsdiagnostik und Urologie der Frau\u201d der Deutschen Gesellschaft f\u00fcr Urologie<\/li>\n<li>Forum Urodynamicum e. V. (Vorstandsmitglied, Schatzmeister)<\/li>\n<li>Deutscher Urologischer Arbeitskreis f\u00fcr Querschnittl\u00e4hmung<\/li>\n<li>Schweizer Gesellschaft f\u00fcr Urologie<\/li>\n<\/ul>\n<\/div>\n      <\/li><li>\n        <a class=\"uk-accordion-title\" href=\"#\">Scientific awards<\/a>\n        <div class=\"uk-accordion-content\"><ul>\n<li>2001 Heidelberger Preis f\u00fcr Neurourologie<\/li>\n<li>2002 Annual Meeting, International Continence Society, Best Clinical Presentation<\/li>\n<li>2002 National Congress of the Italian Urodynamics Society<\/li>\n<li>2003 Congress of the European Association of Urology, Best Poster Neurourology<\/li>\n<li>2003 Eugen-Rehfisch-Preis des Forum Urodynamicum e.V.<\/li>\n<li>2004 Pfizer-Forschungspreis f\u00fcr klinische Forschung im Bereich Urologie und Nephrologie<\/li>\n<\/ul>\n<\/div>\n      <\/li><li>\n        <a class=\"uk-accordion-title\" href=\"#\">Scientific publications<\/a>\n        <div class=\"uk-accordion-content\"><ul>\n<li><a href=\"https:\/\/www.researchgate.net\/profile\/Andre_Reitz\/publications\" target=\"_blank\" rel=\"noopener\">Scientific publications<\/a>\u00a0on RESEARCH GATE<\/li>\n<\/ul>\n<\/div>\n      <\/li><li>\n        <a class=\"uk-accordion-title\" href=\"#\">Languages<\/a>\n        <div class=\"uk-accordion-content\"><ul>\n<li>German<\/li>\n<li>English<\/li>\n<li>French<\/li>\n<\/ul>\n<\/div>\n      <\/li><\/ul><\/div><\/div><\/div><\/div><\/div>","protected":false},"excerpt":{"rendered":"<p>PD DR. MED. ANDR\u00c9 REITZ Specialist in Urology, specialising in Neurourology, Fellow of the European Board of Urology Core competence Urinary incontinence in males, females and children Lower urinary tract dysfunction in neurologic disease like multiple sclerosis, parkinsonism, demencias, stroke, traumatic brain injuries, spinal cord injuries and diabetes Lower urinary tract function after pelvic surgery, [&hellip;]<\/p>\n","protected":false},"author":1,"featured_media":1274,"parent":2235,"menu_order":0,"comment_status":"closed","ping_status":"closed","template":"","meta":{"_acf_changed":false,"footnotes":""},"class_list":["post-2251","page","type-page","status-publish","has-post-thumbnail","hentry"],"acf":[],"yoast_head":"<!-- This site is optimized with the Yoast SEO plugin v26.9 - https:\/\/yoast.com\/product\/yoast-seo-wordpress\/ -->\n<title>Prof. Dr. med. Andr\u00e8 Reitz<\/title>\n<meta name=\"robots\" content=\"index, follow, max-snippet:-1, max-image-preview:large, max-video-preview:-1\" \/>\n<link rel=\"canonical\" href=\"https:\/\/www.kontinenzzentrum.ch\/en\/about-us\/who-we-are\/prof-dr-med-andre-reitz.html\" \/>\n<meta property=\"og:locale\" content=\"en_GB\" \/>\n<meta property=\"og:type\" content=\"article\" \/>\n<meta property=\"og:title\" content=\"Prof. Dr. med. Andr\u00e8 Reitz\" \/>\n<meta property=\"og:description\" content=\"PD DR. MED. ANDR\u00c9 REITZ Specialist in Urology, specialising in Neurourology, Fellow of the European Board of Urology Core competence Urinary incontinence in males, females and children Lower urinary tract dysfunction in neurologic disease like multiple sclerosis, parkinsonism, demencias, stroke, traumatic brain injuries, spinal cord injuries and diabetes Lower urinary tract function after pelvic surgery, [&hellip;]\" \/>\n<meta property=\"og:url\" content=\"https:\/\/www.kontinenzzentrum.ch\/en\/about-us\/who-we-are\/prof-dr-med-andre-reitz.html\" \/>\n<meta property=\"og:site_name\" content=\"KontinenzZentrum\" \/>\n<meta property=\"article:modified_time\" content=\"2023-03-14T09:38:15+00:00\" \/>\n<meta property=\"og:image\" content=\"https:\/\/www.kontinenzzentrum.ch\/wp-content\/uploads\/ueber-uns-wer-wir-sind-10502-2.jpeg\" \/>\n\t<meta property=\"og:image:width\" content=\"1920\" \/>\n\t<meta property=\"og:image:height\" content=\"450\" \/>\n\t<meta property=\"og:image:type\" content=\"image\/jpeg\" \/>\n<meta name=\"twitter:card\" content=\"summary_large_image\" \/>\n<meta name=\"twitter:label1\" content=\"Estimated reading time\" \/>\n\t<meta name=\"twitter:data1\" content=\"1 minute\" \/>\n<script type=\"application\/ld+json\" class=\"yoast-schema-graph\">{\"@context\":\"https:\/\/schema.org\",\"@graph\":[{\"@type\":\"WebPage\",\"@id\":\"https:\/\/www.kontinenzzentrum.ch\/en\/about-us\/who-we-are\/prof-dr-med-andre-reitz.html\",\"url\":\"https:\/\/www.kontinenzzentrum.ch\/en\/about-us\/who-we-are\/prof-dr-med-andre-reitz.html\",\"name\":\"Prof. Dr. med. Andr\u00e8 Reitz\",\"isPartOf\":{\"@id\":\"https:\/\/www.kontinenzzentrum.ch\/de\/#website\"},\"primaryImageOfPage\":{\"@id\":\"https:\/\/www.kontinenzzentrum.ch\/en\/about-us\/who-we-are\/prof-dr-med-andre-reitz.html#primaryimage\"},\"image\":{\"@id\":\"https:\/\/www.kontinenzzentrum.ch\/en\/about-us\/who-we-are\/prof-dr-med-andre-reitz.html#primaryimage\"},\"thumbnailUrl\":\"https:\/\/www.kontinenzzentrum.ch\/wp-content\/uploads\/ueber-uns-wer-wir-sind-10502-2.jpeg\",\"datePublished\":\"2023-02-27T11:57:58+00:00\",\"dateModified\":\"2023-03-14T09:38:15+00:00\",\"breadcrumb\":{\"@id\":\"https:\/\/www.kontinenzzentrum.ch\/en\/about-us\/who-we-are\/prof-dr-med-andre-reitz.html#breadcrumb\"},\"inLanguage\":\"en-GB\",\"potentialAction\":[{\"@type\":\"ReadAction\",\"target\":[\"https:\/\/www.kontinenzzentrum.ch\/en\/about-us\/who-we-are\/prof-dr-med-andre-reitz.html\"]}]},{\"@type\":\"ImageObject\",\"inLanguage\":\"en-GB\",\"@id\":\"https:\/\/www.kontinenzzentrum.ch\/en\/about-us\/who-we-are\/prof-dr-med-andre-reitz.html#primaryimage\",\"url\":\"https:\/\/www.kontinenzzentrum.ch\/wp-content\/uploads\/ueber-uns-wer-wir-sind-10502-2.jpeg\",\"contentUrl\":\"https:\/\/www.kontinenzzentrum.ch\/wp-content\/uploads\/ueber-uns-wer-wir-sind-10502-2.jpeg\",\"width\":1920,\"height\":450},{\"@type\":\"BreadcrumbList\",\"@id\":\"https:\/\/www.kontinenzzentrum.ch\/en\/about-us\/who-we-are\/prof-dr-med-andre-reitz.html#breadcrumb\",\"itemListElement\":[{\"@type\":\"ListItem\",\"position\":1,\"name\":\"Startseite\",\"item\":\"https:\/\/www.kontinenzzentrum.ch\/en\"},{\"@type\":\"ListItem\",\"position\":2,\"name\":\"About us\",\"item\":\"https:\/\/www.kontinenzzentrum.ch\/en\/about-us.html\"},{\"@type\":\"ListItem\",\"position\":3,\"name\":\"Who we are\",\"item\":\"https:\/\/www.kontinenzzentrum.ch\/en\/about-us\/who-we-are.html\"},{\"@type\":\"ListItem\",\"position\":4,\"name\":\"Prof. Dr. med. Andr\u00e9 Reitz\"}]},{\"@type\":\"WebSite\",\"@id\":\"https:\/\/www.kontinenzzentrum.ch\/de\/#website\",\"url\":\"https:\/\/www.kontinenzzentrum.ch\/de\/\",\"name\":\"KontinenzZentrum Hirslanden Z\u00fcrich\",\"description\":\"KontinenzZentrum Hirslanden Z\u00fcrich: Blasenst\u00f6rungen & Inkontinenz\",\"publisher\":{\"@id\":\"https:\/\/www.kontinenzzentrum.ch\/de\/#organization\"},\"potentialAction\":[{\"@type\":\"SearchAction\",\"target\":{\"@type\":\"EntryPoint\",\"urlTemplate\":\"https:\/\/www.kontinenzzentrum.ch\/de\/?s={search_term_string}\"},\"query-input\":{\"@type\":\"PropertyValueSpecification\",\"valueRequired\":true,\"valueName\":\"search_term_string\"}}],\"inLanguage\":\"en-GB\"},{\"@type\":\"Organization\",\"@id\":\"https:\/\/www.kontinenzzentrum.ch\/de\/#organization\",\"name\":\"KontinenzZentrum Hirslanden Z\u00fcrich\",\"url\":\"https:\/\/www.kontinenzzentrum.ch\/de\/\",\"logo\":{\"@type\":\"ImageObject\",\"inLanguage\":\"en-GB\",\"@id\":\"https:\/\/www.kontinenzzentrum.ch\/de\/#\/schema\/logo\/image\/\",\"url\":\"https:\/\/www.kontinenzzentrum.ch\/wp-content\/uploads\/Logo_KontinenzZentrum.png\",\"contentUrl\":\"https:\/\/www.kontinenzzentrum.ch\/wp-content\/uploads\/Logo_KontinenzZentrum.png\",\"width\":800,\"height\":142,\"caption\":\"KontinenzZentrum Hirslanden Z\u00fcrich\"},\"image\":{\"@id\":\"https:\/\/www.kontinenzzentrum.ch\/de\/#\/schema\/logo\/image\/\"}}]}<\/script>\n<!-- \/ Yoast SEO plugin. -->","yoast_head_json":{"title":"Prof. Dr. med. Andr\u00e8 Reitz","robots":{"index":"index","follow":"follow","max-snippet":"max-snippet:-1","max-image-preview":"max-image-preview:large","max-video-preview":"max-video-preview:-1"},"canonical":"https:\/\/www.kontinenzzentrum.ch\/en\/about-us\/who-we-are\/prof-dr-med-andre-reitz.html","og_locale":"en_GB","og_type":"article","og_title":"Prof. Dr. med. Andr\u00e8 Reitz","og_description":"PD DR. MED. ANDR\u00c9 REITZ Specialist in Urology, specialising in Neurourology, Fellow of the European Board of Urology Core competence Urinary incontinence in males, females and children Lower urinary tract dysfunction in neurologic disease like multiple sclerosis, parkinsonism, demencias, stroke, traumatic brain injuries, spinal cord injuries and diabetes Lower urinary tract function after pelvic surgery, [&hellip;]","og_url":"https:\/\/www.kontinenzzentrum.ch\/en\/about-us\/who-we-are\/prof-dr-med-andre-reitz.html","og_site_name":"KontinenzZentrum","article_modified_time":"2023-03-14T09:38:15+00:00","og_image":[{"width":1920,"height":450,"url":"https:\/\/www.kontinenzzentrum.ch\/wp-content\/uploads\/ueber-uns-wer-wir-sind-10502-2.jpeg","type":"image\/jpeg"}],"twitter_card":"summary_large_image","twitter_misc":{"Estimated reading time":"1 minute"},"schema":{"@context":"https:\/\/schema.org","@graph":[{"@type":"WebPage","@id":"https:\/\/www.kontinenzzentrum.ch\/en\/about-us\/who-we-are\/prof-dr-med-andre-reitz.html","url":"https:\/\/www.kontinenzzentrum.ch\/en\/about-us\/who-we-are\/prof-dr-med-andre-reitz.html","name":"Prof. Dr. med. Andr\u00e8 Reitz","isPartOf":{"@id":"https:\/\/www.kontinenzzentrum.ch\/de\/#website"},"primaryImageOfPage":{"@id":"https:\/\/www.kontinenzzentrum.ch\/en\/about-us\/who-we-are\/prof-dr-med-andre-reitz.html#primaryimage"},"image":{"@id":"https:\/\/www.kontinenzzentrum.ch\/en\/about-us\/who-we-are\/prof-dr-med-andre-reitz.html#primaryimage"},"thumbnailUrl":"https:\/\/www.kontinenzzentrum.ch\/wp-content\/uploads\/ueber-uns-wer-wir-sind-10502-2.jpeg","datePublished":"2023-02-27T11:57:58+00:00","dateModified":"2023-03-14T09:38:15+00:00","breadcrumb":{"@id":"https:\/\/www.kontinenzzentrum.ch\/en\/about-us\/who-we-are\/prof-dr-med-andre-reitz.html#breadcrumb"},"inLanguage":"en-GB","potentialAction":[{"@type":"ReadAction","target":["https:\/\/www.kontinenzzentrum.ch\/en\/about-us\/who-we-are\/prof-dr-med-andre-reitz.html"]}]},{"@type":"ImageObject","inLanguage":"en-GB","@id":"https:\/\/www.kontinenzzentrum.ch\/en\/about-us\/who-we-are\/prof-dr-med-andre-reitz.html#primaryimage","url":"https:\/\/www.kontinenzzentrum.ch\/wp-content\/uploads\/ueber-uns-wer-wir-sind-10502-2.jpeg","contentUrl":"https:\/\/www.kontinenzzentrum.ch\/wp-content\/uploads\/ueber-uns-wer-wir-sind-10502-2.jpeg","width":1920,"height":450},{"@type":"BreadcrumbList","@id":"https:\/\/www.kontinenzzentrum.ch\/en\/about-us\/who-we-are\/prof-dr-med-andre-reitz.html#breadcrumb","itemListElement":[{"@type":"ListItem","position":1,"name":"Startseite","item":"https:\/\/www.kontinenzzentrum.ch\/en"},{"@type":"ListItem","position":2,"name":"About us","item":"https:\/\/www.kontinenzzentrum.ch\/en\/about-us.html"},{"@type":"ListItem","position":3,"name":"Who we are","item":"https:\/\/www.kontinenzzentrum.ch\/en\/about-us\/who-we-are.html"},{"@type":"ListItem","position":4,"name":"Prof. Dr. med. Andr\u00e9 Reitz"}]},{"@type":"WebSite","@id":"https:\/\/www.kontinenzzentrum.ch\/de\/#website","url":"https:\/\/www.kontinenzzentrum.ch\/de\/","name":"KontinenzZentrum Hirslanden Z\u00fcrich","description":"KontinenzZentrum Hirslanden Z\u00fcrich: Blasenst\u00f6rungen & Inkontinenz","publisher":{"@id":"https:\/\/www.kontinenzzentrum.ch\/de\/#organization"},"potentialAction":[{"@type":"SearchAction","target":{"@type":"EntryPoint","urlTemplate":"https:\/\/www.kontinenzzentrum.ch\/de\/?s={search_term_string}"},"query-input":{"@type":"PropertyValueSpecification","valueRequired":true,"valueName":"search_term_string"}}],"inLanguage":"en-GB"},{"@type":"Organization","@id":"https:\/\/www.kontinenzzentrum.ch\/de\/#organization","name":"KontinenzZentrum Hirslanden Z\u00fcrich","url":"https:\/\/www.kontinenzzentrum.ch\/de\/","logo":{"@type":"ImageObject","inLanguage":"en-GB","@id":"https:\/\/www.kontinenzzentrum.ch\/de\/#\/schema\/logo\/image\/","url":"https:\/\/www.kontinenzzentrum.ch\/wp-content\/uploads\/Logo_KontinenzZentrum.png","contentUrl":"https:\/\/www.kontinenzzentrum.ch\/wp-content\/uploads\/Logo_KontinenzZentrum.png","width":800,"height":142,"caption":"KontinenzZentrum Hirslanden Z\u00fcrich"},"image":{"@id":"https:\/\/www.kontinenzzentrum.ch\/de\/#\/schema\/logo\/image\/"}}]}},"_links":{"self":[{"href":"https:\/\/www.kontinenzzentrum.ch\/en\/wp-json\/wp\/v2\/pages\/2251","targetHints":{"allow":["GET"]}}],"collection":[{"href":"https:\/\/www.kontinenzzentrum.ch\/en\/wp-json\/wp\/v2\/pages"}],"about":[{"href":"https:\/\/www.kontinenzzentrum.ch\/en\/wp-json\/wp\/v2\/types\/page"}],"author":[{"embeddable":true,"href":"https:\/\/www.kontinenzzentrum.ch\/en\/wp-json\/wp\/v2\/users\/1"}],"replies":[{"embeddable":true,"href":"https:\/\/www.kontinenzzentrum.ch\/en\/wp-json\/wp\/v2\/comments?post=2251"}],"version-history":[{"count":3,"href":"https:\/\/www.kontinenzzentrum.ch\/en\/wp-json\/wp\/v2\/pages\/2251\/revisions"}],"predecessor-version":[{"id":2254,"href":"https:\/\/www.kontinenzzentrum.ch\/en\/wp-json\/wp\/v2\/pages\/2251\/revisions\/2254"}],"up":[{"embeddable":true,"href":"https:\/\/www.kontinenzzentrum.ch\/en\/wp-json\/wp\/v2\/pages\/2235"}],"wp:featuredmedia":[{"embeddable":true,"href":"https:\/\/www.kontinenzzentrum.ch\/en\/wp-json\/wp\/v2\/media\/1274"}],"wp:attachment":[{"href":"https:\/\/www.kontinenzzentrum.ch\/en\/wp-json\/wp\/v2\/media?parent=2251"}],"curies":[{"name":"wp","href":"https:\/\/api.w.org\/{rel}","templated":true}]}}