{"id":2259,"date":"2025-01-01T13:39:46","date_gmt":"2025-01-01T12:39:46","guid":{"rendered":"https:\/\/www.kontinenzzentrum.ch\/prof-dr-med-regula-doggweiler\/"},"modified":"2025-11-05T17:54:20","modified_gmt":"2025-11-05T16:54:20","slug":"dr-med-nassim-tawanaie-pour-sedehi","status":"publish","type":"page","link":"https:\/\/www.kontinenzzentrum.ch\/en\/about-us\/who-we-are\/dr-med-nassim-tawanaie-pour-sedehi.html","title":{"rendered":"Dr. med. Nassim Tawanaie Pour Sedehi"},"content":{"rendered":"<div id=\"pl-2259\"  class=\"panel-layout\" ><div id=\"pg-2259-0\"  class=\"panel-grid panel-no-style\" ><div id=\"pgc-2259-0-0\"  class=\"panel-grid-cell\" ><div id=\"panel-2259-0-0-0\" class=\"so-panel widget widget_fn-team-widget panel-first-child\" data-index=\"0\" ><div\n\t\t\t\n\t\t\tclass=\"so-widget-fn-team-widget so-widget-fn-team-widget-base\"\n\t\t\t\n\t\t>      <div class=\"fn-team uk-margin-medium-bottom\">        <div class=\"uk-grid-medium\" uk-grid><div class=\"uk-width-1-5@m uk-width-1-1\">\n            <div class='fn-team-image uk-background-cover uk-position-relative' data-src=\"https:\/\/www.kontinenzzentrum.ch\/wp-content\/uploads\/IMG_0957.jpg\" data-srcset=\"https:\/\/www.kontinenzzentrum.ch\/wp-content\/uploads\/IMG_0957.jpg\" uk-img>\n            <\/div>\n          <\/div>          <div class=\"uk-width-expand@m uk-width-1-1 fn-team-container uk-margin-top\">\n            <h1>Dr. med. Nassim Tawanaie Pour Sedehi<\/h1>\n<h2>Urology Specialist<\/h2>\n          <\/div>\n        <\/div>\n    <\/div><\/div><\/div><div id=\"panel-2259-0-0-1\" class=\"so-panel widget widget_fn-accordion-widget panel-last-child\" data-index=\"1\" ><div\n\t\t\t\n\t\t\tclass=\"so-widget-fn-accordion-widget so-widget-fn-accordion-widget-base\"\n\t\t\t\n\t\t><ul class=\"uk-list\" uk-accordion><li>\n        <a class=\"uk-accordion-title\" href=\"#\">Areas of Expertise<\/a>\n        <div class=\"uk-accordion-content\"><ul>\n<li>Assessment and diagnosis of bladder and pelvic floor dysfunction<\/li>\n<li>Neuro-Urology<\/li>\n<li>Female Urology and Urogynecology<\/li>\n<li>Urinary incontinence<\/li>\n<\/ul>\n<\/div>\n      <\/li><li>\n        <a class=\"uk-accordion-title\" href=\"#\">Professional Experience<\/a>\n        <div class=\"uk-accordion-content\"><p>Oct 2021 - Dec 2024 PhD I.G.B.M.C. - Institut de G\u00e9n\u00e9tique et de Biologie Mol\u00e9culaire et Cellulaire, Strasbourg DFG, scholarship holder<\/p>\n<p>Oct 2020 - Sep 2021 Postdoctoral researcher, University of Fribourg\/HFR, Department of Radiology<\/p>\n<p>Nov 2015 - Sep 2020 Urologist (assistant and specialist physician), Heidelberg University Hospital<\/p>\n<p>Sep 2017 - Mar 2018 Uro-Oncology, National Center for Tumor Diseases (NCT), Heidelberg<\/p>\n<p>Mar 2015 - Oct 2015 Assistant Physician, Urology, Hochtaunuskliniken Bad Homburg<\/p>\n<\/div>\n      <\/li><li>\n        <a class=\"uk-accordion-title\" href=\"#\">Memberships<\/a>\n        <div class=\"uk-accordion-content\"><ul>\n<li>European Association of Urology<\/li>\n<li>Metastases Research Society<\/li>\n<\/ul>\n<\/div>\n      <\/li><li>\n        <a class=\"uk-accordion-title\" href=\"#\">Languages<\/a>\n        <div class=\"uk-accordion-content\"><ul>\n<li>German<\/li>\n<li>English<\/li>\n<li>Persian<\/li>\n<\/ul>\n<\/div>\n      <\/li><\/ul><\/div><\/div><\/div><\/div><\/div>","protected":false},"excerpt":{"rendered":"<p>Dr. med. Nassim Tawanaie Pour Sedehi Urology Specialist Areas of Expertise Assessment and diagnosis of bladder and pelvic floor dysfunction Neuro-Urology Female Urology and Urogynecology Urinary incontinence Professional Experience Oct 2021 - Dec 2024 PhD I.G.B.M.C. - Institut de G\u00e9n\u00e9tique et de Biologie Mol\u00e9culaire et Cellulaire, Strasbourg DFG, scholarship holder Oct 2020 - Sep 2021 [&hellip;]<\/p>\n","protected":false},"author":1,"featured_media":1274,"parent":2235,"menu_order":0,"comment_status":"closed","ping_status":"closed","template":"","meta":{"_acf_changed":false,"footnotes":""},"class_list":["post-2259","page","type-page","status-publish","has-post-thumbnail","hentry"],"acf":[],"yoast_head":"<!-- This site is optimized with the Yoast SEO plugin v26.9 - https:\/\/yoast.com\/product\/yoast-seo-wordpress\/ -->\n<title>Dr. med. Nassim Tawanaie Pour Sedeh<\/title>\n<meta name=\"description\" content=\"Urology Specialist: Dr. med. Nassim Tawanaie Pour Sedeh\" \/>\n<meta name=\"robots\" content=\"index, follow, max-snippet:-1, max-image-preview:large, max-video-preview:-1\" \/>\n<link rel=\"canonical\" href=\"https:\/\/www.kontinenzzentrum.ch\/en\/about-us\/who-we-are\/dr-med-nassim-tawanaie-pour-sedehi.html\" \/>\n<meta property=\"og:locale\" content=\"en_GB\" \/>\n<meta property=\"og:type\" content=\"article\" \/>\n<meta property=\"og:title\" content=\"Dr. med. Nassim Tawanaie Pour Sedeh\" \/>\n<meta property=\"og:description\" content=\"Urology Specialist: Dr. med. Nassim Tawanaie Pour Sedeh\" \/>\n<meta property=\"og:url\" content=\"https:\/\/www.kontinenzzentrum.ch\/en\/about-us\/who-we-are\/dr-med-nassim-tawanaie-pour-sedehi.html\" \/>\n<meta property=\"og:site_name\" content=\"KontinenzZentrum\" \/>\n<meta property=\"article:modified_time\" content=\"2025-11-05T16:54:20+00:00\" \/>\n<meta property=\"og:image\" content=\"https:\/\/www.kontinenzzentrum.ch\/wp-content\/uploads\/ueber-uns-wer-wir-sind-10502-2.jpeg\" \/>\n\t<meta property=\"og:image:width\" content=\"1920\" \/>\n\t<meta property=\"og:image:height\" content=\"450\" \/>\n\t<meta property=\"og:image:type\" content=\"image\/jpeg\" \/>\n<meta name=\"twitter:card\" content=\"summary_large_image\" \/>\n<meta name=\"twitter:label1\" content=\"Estimated reading time\" \/>\n\t<meta name=\"twitter:data1\" content=\"1 minute\" \/>\n<script type=\"application\/ld+json\" class=\"yoast-schema-graph\">{\"@context\":\"https:\/\/schema.org\",\"@graph\":[{\"@type\":\"WebPage\",\"@id\":\"https:\/\/www.kontinenzzentrum.ch\/en\/about-us\/who-we-are\/dr-med-nassim-tawanaie-pour-sedehi.html\",\"url\":\"https:\/\/www.kontinenzzentrum.ch\/en\/about-us\/who-we-are\/dr-med-nassim-tawanaie-pour-sedehi.html\",\"name\":\"Dr. med. Nassim Tawanaie Pour Sedeh\",\"isPartOf\":{\"@id\":\"https:\/\/www.kontinenzzentrum.ch\/de\/#website\"},\"primaryImageOfPage\":{\"@id\":\"https:\/\/www.kontinenzzentrum.ch\/en\/about-us\/who-we-are\/dr-med-nassim-tawanaie-pour-sedehi.html#primaryimage\"},\"image\":{\"@id\":\"https:\/\/www.kontinenzzentrum.ch\/en\/about-us\/who-we-are\/dr-med-nassim-tawanaie-pour-sedehi.html#primaryimage\"},\"thumbnailUrl\":\"https:\/\/www.kontinenzzentrum.ch\/wp-content\/uploads\/ueber-uns-wer-wir-sind-10502-2.jpeg\",\"datePublished\":\"2025-01-01T12:39:46+00:00\",\"dateModified\":\"2025-11-05T16:54:20+00:00\",\"description\":\"Urology Specialist: Dr. med. Nassim Tawanaie Pour Sedeh\",\"breadcrumb\":{\"@id\":\"https:\/\/www.kontinenzzentrum.ch\/en\/about-us\/who-we-are\/dr-med-nassim-tawanaie-pour-sedehi.html#breadcrumb\"},\"inLanguage\":\"en-GB\",\"potentialAction\":[{\"@type\":\"ReadAction\",\"target\":[\"https:\/\/www.kontinenzzentrum.ch\/en\/about-us\/who-we-are\/dr-med-nassim-tawanaie-pour-sedehi.html\"]}]},{\"@type\":\"ImageObject\",\"inLanguage\":\"en-GB\",\"@id\":\"https:\/\/www.kontinenzzentrum.ch\/en\/about-us\/who-we-are\/dr-med-nassim-tawanaie-pour-sedehi.html#primaryimage\",\"url\":\"https:\/\/www.kontinenzzentrum.ch\/wp-content\/uploads\/ueber-uns-wer-wir-sind-10502-2.jpeg\",\"contentUrl\":\"https:\/\/www.kontinenzzentrum.ch\/wp-content\/uploads\/ueber-uns-wer-wir-sind-10502-2.jpeg\",\"width\":1920,\"height\":450},{\"@type\":\"BreadcrumbList\",\"@id\":\"https:\/\/www.kontinenzzentrum.ch\/en\/about-us\/who-we-are\/dr-med-nassim-tawanaie-pour-sedehi.html#breadcrumb\",\"itemListElement\":[{\"@type\":\"ListItem\",\"position\":1,\"name\":\"Startseite\",\"item\":\"https:\/\/www.kontinenzzentrum.ch\/en\"},{\"@type\":\"ListItem\",\"position\":2,\"name\":\"About us\",\"item\":\"https:\/\/www.kontinenzzentrum.ch\/en\/about-us.html\"},{\"@type\":\"ListItem\",\"position\":3,\"name\":\"Who we are\",\"item\":\"https:\/\/www.kontinenzzentrum.ch\/en\/about-us\/who-we-are.html\"},{\"@type\":\"ListItem\",\"position\":4,\"name\":\"Dr. med. Nassim Tawanaie Pour Sedehi\"}]},{\"@type\":\"WebSite\",\"@id\":\"https:\/\/www.kontinenzzentrum.ch\/de\/#website\",\"url\":\"https:\/\/www.kontinenzzentrum.ch\/de\/\",\"name\":\"KontinenzZentrum Hirslanden Z\u00fcrich\",\"description\":\"KontinenzZentrum Hirslanden Z\u00fcrich: Blasenst\u00f6rungen & Inkontinenz\",\"publisher\":{\"@id\":\"https:\/\/www.kontinenzzentrum.ch\/de\/#organization\"},\"potentialAction\":[{\"@type\":\"SearchAction\",\"target\":{\"@type\":\"EntryPoint\",\"urlTemplate\":\"https:\/\/www.kontinenzzentrum.ch\/de\/?s={search_term_string}\"},\"query-input\":{\"@type\":\"PropertyValueSpecification\",\"valueRequired\":true,\"valueName\":\"search_term_string\"}}],\"inLanguage\":\"en-GB\"},{\"@type\":\"Organization\",\"@id\":\"https:\/\/www.kontinenzzentrum.ch\/de\/#organization\",\"name\":\"KontinenzZentrum Hirslanden Z\u00fcrich\",\"url\":\"https:\/\/www.kontinenzzentrum.ch\/de\/\",\"logo\":{\"@type\":\"ImageObject\",\"inLanguage\":\"en-GB\",\"@id\":\"https:\/\/www.kontinenzzentrum.ch\/de\/#\/schema\/logo\/image\/\",\"url\":\"https:\/\/www.kontinenzzentrum.ch\/wp-content\/uploads\/Logo_KontinenzZentrum.png\",\"contentUrl\":\"https:\/\/www.kontinenzzentrum.ch\/wp-content\/uploads\/Logo_KontinenzZentrum.png\",\"width\":800,\"height\":142,\"caption\":\"KontinenzZentrum Hirslanden Z\u00fcrich\"},\"image\":{\"@id\":\"https:\/\/www.kontinenzzentrum.ch\/de\/#\/schema\/logo\/image\/\"}}]}<\/script>\n<!-- \/ Yoast SEO plugin. -->","yoast_head_json":{"title":"Dr. med. Nassim Tawanaie Pour Sedeh","description":"Urology Specialist: Dr. med. Nassim Tawanaie Pour Sedeh","robots":{"index":"index","follow":"follow","max-snippet":"max-snippet:-1","max-image-preview":"max-image-preview:large","max-video-preview":"max-video-preview:-1"},"canonical":"https:\/\/www.kontinenzzentrum.ch\/en\/about-us\/who-we-are\/dr-med-nassim-tawanaie-pour-sedehi.html","og_locale":"en_GB","og_type":"article","og_title":"Dr. med. Nassim Tawanaie Pour Sedeh","og_description":"Urology Specialist: Dr. med. Nassim Tawanaie Pour Sedeh","og_url":"https:\/\/www.kontinenzzentrum.ch\/en\/about-us\/who-we-are\/dr-med-nassim-tawanaie-pour-sedehi.html","og_site_name":"KontinenzZentrum","article_modified_time":"2025-11-05T16:54:20+00:00","og_image":[{"width":1920,"height":450,"url":"https:\/\/www.kontinenzzentrum.ch\/wp-content\/uploads\/ueber-uns-wer-wir-sind-10502-2.jpeg","type":"image\/jpeg"}],"twitter_card":"summary_large_image","twitter_misc":{"Estimated reading time":"1 minute"},"schema":{"@context":"https:\/\/schema.org","@graph":[{"@type":"WebPage","@id":"https:\/\/www.kontinenzzentrum.ch\/en\/about-us\/who-we-are\/dr-med-nassim-tawanaie-pour-sedehi.html","url":"https:\/\/www.kontinenzzentrum.ch\/en\/about-us\/who-we-are\/dr-med-nassim-tawanaie-pour-sedehi.html","name":"Dr. med. Nassim Tawanaie Pour Sedeh","isPartOf":{"@id":"https:\/\/www.kontinenzzentrum.ch\/de\/#website"},"primaryImageOfPage":{"@id":"https:\/\/www.kontinenzzentrum.ch\/en\/about-us\/who-we-are\/dr-med-nassim-tawanaie-pour-sedehi.html#primaryimage"},"image":{"@id":"https:\/\/www.kontinenzzentrum.ch\/en\/about-us\/who-we-are\/dr-med-nassim-tawanaie-pour-sedehi.html#primaryimage"},"thumbnailUrl":"https:\/\/www.kontinenzzentrum.ch\/wp-content\/uploads\/ueber-uns-wer-wir-sind-10502-2.jpeg","datePublished":"2025-01-01T12:39:46+00:00","dateModified":"2025-11-05T16:54:20+00:00","description":"Urology Specialist: Dr. med. Nassim Tawanaie Pour Sedeh","breadcrumb":{"@id":"https:\/\/www.kontinenzzentrum.ch\/en\/about-us\/who-we-are\/dr-med-nassim-tawanaie-pour-sedehi.html#breadcrumb"},"inLanguage":"en-GB","potentialAction":[{"@type":"ReadAction","target":["https:\/\/www.kontinenzzentrum.ch\/en\/about-us\/who-we-are\/dr-med-nassim-tawanaie-pour-sedehi.html"]}]},{"@type":"ImageObject","inLanguage":"en-GB","@id":"https:\/\/www.kontinenzzentrum.ch\/en\/about-us\/who-we-are\/dr-med-nassim-tawanaie-pour-sedehi.html#primaryimage","url":"https:\/\/www.kontinenzzentrum.ch\/wp-content\/uploads\/ueber-uns-wer-wir-sind-10502-2.jpeg","contentUrl":"https:\/\/www.kontinenzzentrum.ch\/wp-content\/uploads\/ueber-uns-wer-wir-sind-10502-2.jpeg","width":1920,"height":450},{"@type":"BreadcrumbList","@id":"https:\/\/www.kontinenzzentrum.ch\/en\/about-us\/who-we-are\/dr-med-nassim-tawanaie-pour-sedehi.html#breadcrumb","itemListElement":[{"@type":"ListItem","position":1,"name":"Startseite","item":"https:\/\/www.kontinenzzentrum.ch\/en"},{"@type":"ListItem","position":2,"name":"About us","item":"https:\/\/www.kontinenzzentrum.ch\/en\/about-us.html"},{"@type":"ListItem","position":3,"name":"Who we are","item":"https:\/\/www.kontinenzzentrum.ch\/en\/about-us\/who-we-are.html"},{"@type":"ListItem","position":4,"name":"Dr. med. Nassim Tawanaie Pour Sedehi"}]},{"@type":"WebSite","@id":"https:\/\/www.kontinenzzentrum.ch\/de\/#website","url":"https:\/\/www.kontinenzzentrum.ch\/de\/","name":"KontinenzZentrum Hirslanden Z\u00fcrich","description":"KontinenzZentrum Hirslanden Z\u00fcrich: Blasenst\u00f6rungen & Inkontinenz","publisher":{"@id":"https:\/\/www.kontinenzzentrum.ch\/de\/#organization"},"potentialAction":[{"@type":"SearchAction","target":{"@type":"EntryPoint","urlTemplate":"https:\/\/www.kontinenzzentrum.ch\/de\/?s={search_term_string}"},"query-input":{"@type":"PropertyValueSpecification","valueRequired":true,"valueName":"search_term_string"}}],"inLanguage":"en-GB"},{"@type":"Organization","@id":"https:\/\/www.kontinenzzentrum.ch\/de\/#organization","name":"KontinenzZentrum Hirslanden Z\u00fcrich","url":"https:\/\/www.kontinenzzentrum.ch\/de\/","logo":{"@type":"ImageObject","inLanguage":"en-GB","@id":"https:\/\/www.kontinenzzentrum.ch\/de\/#\/schema\/logo\/image\/","url":"https:\/\/www.kontinenzzentrum.ch\/wp-content\/uploads\/Logo_KontinenzZentrum.png","contentUrl":"https:\/\/www.kontinenzzentrum.ch\/wp-content\/uploads\/Logo_KontinenzZentrum.png","width":800,"height":142,"caption":"KontinenzZentrum Hirslanden Z\u00fcrich"},"image":{"@id":"https:\/\/www.kontinenzzentrum.ch\/de\/#\/schema\/logo\/image\/"}}]}},"_links":{"self":[{"href":"https:\/\/www.kontinenzzentrum.ch\/en\/wp-json\/wp\/v2\/pages\/2259","targetHints":{"allow":["GET"]}}],"collection":[{"href":"https:\/\/www.kontinenzzentrum.ch\/en\/wp-json\/wp\/v2\/pages"}],"about":[{"href":"https:\/\/www.kontinenzzentrum.ch\/en\/wp-json\/wp\/v2\/types\/page"}],"author":[{"embeddable":true,"href":"https:\/\/www.kontinenzzentrum.ch\/en\/wp-json\/wp\/v2\/users\/1"}],"replies":[{"embeddable":true,"href":"https:\/\/www.kontinenzzentrum.ch\/en\/wp-json\/wp\/v2\/comments?post=2259"}],"version-history":[{"count":7,"href":"https:\/\/www.kontinenzzentrum.ch\/en\/wp-json\/wp\/v2\/pages\/2259\/revisions"}],"predecessor-version":[{"id":4702,"href":"https:\/\/www.kontinenzzentrum.ch\/en\/wp-json\/wp\/v2\/pages\/2259\/revisions\/4702"}],"up":[{"embeddable":true,"href":"https:\/\/www.kontinenzzentrum.ch\/en\/wp-json\/wp\/v2\/pages\/2235"}],"wp:featuredmedia":[{"embeddable":true,"href":"https:\/\/www.kontinenzzentrum.ch\/en\/wp-json\/wp\/v2\/media\/1274"}],"wp:attachment":[{"href":"https:\/\/www.kontinenzzentrum.ch\/en\/wp-json\/wp\/v2\/media?parent=2259"}],"curies":[{"name":"wp","href":"https:\/\/api.w.org\/{rel}","templated":true}]}}