{"id":2262,"date":"2023-03-03T13:27:04","date_gmt":"2023-03-03T12:27:04","guid":{"rendered":"https:\/\/www.kontinenzzentrum.ch\/kompetenzen\/"},"modified":"2023-03-14T10:46:20","modified_gmt":"2023-03-14T09:46:20","slug":"competence","status":"publish","type":"page","link":"https:\/\/www.kontinenzzentrum.ch\/en\/competence.html","title":{"rendered":"Competence"},"content":{"rendered":"<div id=\"pl-2262\"  class=\"panel-layout\" ><div id=\"pg-2262-0\"  class=\"panel-grid panel-no-style\" ><div id=\"pgc-2262-0-0\"  class=\"panel-grid-cell\" ><div id=\"panel-2262-0-0-0\" class=\"so-panel widget widget_sow-editor panel-first-child panel-last-child\" data-index=\"0\" ><div\n\t\t\t\n\t\t\tclass=\"so-widget-sow-editor so-widget-sow-editor-base\"\n\t\t\t\n\t\t>\n<div class=\"siteorigin-widget-tinymce textwidget\">\n\t<h1>Areas of expertise<\/h1>\n<h2><a href=\"https:\/\/www.kontinenzzentrum.ch\/en\/competence\/incontinence.html\">Incontinence<\/a><\/h2>\n<ul>\n<li>Bladder weakness<\/li>\n<li>Stress incontinence<\/li>\n<li>Urge incontinence<\/li>\n<li>Mixed incontinence<\/li>\n<li>Overflow incontinence<\/li>\n<\/ul>\n<h2><a href=\"https:\/\/www.kontinenzzentrum.ch\/en\/competence\/neurourology.html\">Neurourology<\/a><\/h2>\n<ul>\n<li>Disorders of the urinary bladder and sphincter muscle functions with and without nervous system disease<\/li>\n<li>Urinary incontinence, especially associated with nervous system disease or injury<\/li>\n<li>Impaired sexual function in cases of neurological disease<\/li>\n<\/ul>\n<h2><a href=\"https:\/\/www.kontinenzzentrum.ch\/en\/competence\/female-urology.html\">Female urology - urogynaecology<\/a><\/h2>\n<ul>\n<li>Urinary tract infections<\/li>\n<li>Bladder and pelvic floor malfunction<\/li>\n<li>Prolapse of the urogenital organs<\/li>\n<li>Pelvic organ pain<\/li>\n<\/ul>\n<h2><a href=\"https:\/\/www.kontinenzzentrum.ch\/en\/competence\/paediatric-urology.html\">Paediatric urology<\/a><\/h2>\n<ul>\n<li>Bed-wetting (enuresis nocturna)<\/li>\n<li>Urinary tract infections in childhood<\/li>\n<li>Paediatric urinary incontinence<\/li>\n<li>Bladder voiding disorder in childhood<\/li>\n<\/ul>\n<h2><a href=\"https:\/\/www.kontinenzzentrum.ch\/en\/competence\/pelvic-pain.html\">Pelvic pain<\/a><\/h2>\n<ul>\n<li>Chronic prostatitis<\/li>\n<li>Interstitial cystitis \/ bladder pain<\/li>\n<li>Urethral pain<\/li>\n<li>Testicular pain<\/li>\n<li>Endometriosis<\/li>\n<li>Vulvodynia \/ vaginal pain<\/li>\n<li>Dyspareunia \/ pain during intercourse<\/li>\n<\/ul>\n<h2><a href=\"https:\/\/www.kontinenzzentrum.ch\/en\/competence\/pelvic-floor.html\">Pelvic floor<\/a><\/h2>\n<ul>\n<li>Pelvic floor training for men, women and children<\/li>\n<li>Biofeedback therapy<\/li>\n<li>Functional pelvic floor stimulation<\/li>\n<\/ul>\n<h2><a href=\"https:\/\/www.kontinenzzentrum.ch\/en\/competence\/men-s-health.html\">Men\u2019s health<\/a><\/h2>\n<ul>\n<li>Bladder malfunction<\/li>\n<li>Prostate screening<\/li>\n<li>Erectile disorders, pelvic and prostate pain<\/li>\n<li>Consultation for boys<\/li>\n<li>Health promotion activities aimed specifically at men<\/li>\n<\/ul>\n<h2><a href=\"https:\/\/www.kontinenzzentrum.ch\/en\/competence\/psychosomatic-urology.html\">Psychosomatic urology<\/a><\/h2>\n<ul>\n<li>Chronic pelvic pain in men<\/li>\n<li>Chronic pelvic pain in women<\/li>\n<li>Painful urethral spasms (urethral syndrome)<\/li>\n<li>Psychosomatic bladder voiding disorders<\/li>\n<li>Particular forms of bed-wetting in children<\/li>\n<li>Psychogenic urinary incontinence<\/li>\n<li>Psychogenic urine retention<\/li>\n<li>Irritable bladder symptoms<\/li>\n<li>Particular forms of recurrent bladder infection<\/li>\n<li>Interstitial cystitis<\/li>\n<\/ul>\n<\/div>\n<\/div><\/div><\/div><\/div><\/div>","protected":false},"excerpt":{"rendered":"<p>Areas of expertise Incontinence Bladder weakness Stress incontinence Urge incontinence Mixed incontinence Overflow incontinence Neurourology Disorders of the urinary bladder and sphincter muscle functions with and without nervous system disease Urinary incontinence, especially associated with nervous system disease or injury Impaired sexual function in cases of neurological disease Female urology - urogynaecology Urinary tract infections [&hellip;]<\/p>\n","protected":false},"author":1,"featured_media":1184,"parent":0,"menu_order":0,"comment_status":"closed","ping_status":"closed","template":"","meta":{"_acf_changed":false,"footnotes":""},"class_list":["post-2262","page","type-page","status-publish","has-post-thumbnail","hentry"],"acf":[],"yoast_head":"<!-- This site is optimized with the Yoast SEO plugin v26.9 - https:\/\/yoast.com\/product\/yoast-seo-wordpress\/ -->\n<title>Competence<\/title>\n<meta name=\"robots\" content=\"index, follow, max-snippet:-1, max-image-preview:large, max-video-preview:-1\" \/>\n<link rel=\"canonical\" href=\"https:\/\/www.kontinenzzentrum.ch\/en\/competence.html\" \/>\n<meta property=\"og:locale\" content=\"en_GB\" \/>\n<meta property=\"og:type\" content=\"article\" \/>\n<meta property=\"og:title\" content=\"Competence\" \/>\n<meta property=\"og:description\" content=\"Areas of expertise Incontinence Bladder weakness Stress incontinence Urge incontinence Mixed incontinence Overflow incontinence Neurourology Disorders of the urinary bladder and sphincter muscle functions with and without nervous system disease Urinary incontinence, especially associated with nervous system disease or injury Impaired sexual function in cases of neurological disease Female urology - urogynaecology Urinary tract infections [&hellip;]\" \/>\n<meta property=\"og:url\" content=\"https:\/\/www.kontinenzzentrum.ch\/en\/competence.html\" \/>\n<meta property=\"og:site_name\" content=\"KontinenzZentrum\" \/>\n<meta property=\"article:modified_time\" content=\"2023-03-14T09:46:20+00:00\" \/>\n<meta property=\"og:image\" content=\"https:\/\/www.kontinenzzentrum.ch\/wp-content\/uploads\/kompetenz-inkontinenz-212980.jpeg\" \/>\n\t<meta property=\"og:image:width\" content=\"1920\" \/>\n\t<meta property=\"og:image:height\" content=\"450\" \/>\n\t<meta property=\"og:image:type\" content=\"image\/jpeg\" \/>\n<meta name=\"twitter:card\" content=\"summary_large_image\" \/>\n<meta name=\"twitter:label1\" content=\"Estimated reading time\" \/>\n\t<meta name=\"twitter:data1\" content=\"1 minute\" \/>\n<script type=\"application\/ld+json\" class=\"yoast-schema-graph\">{\"@context\":\"https:\/\/schema.org\",\"@graph\":[{\"@type\":\"WebPage\",\"@id\":\"https:\/\/www.kontinenzzentrum.ch\/en\/competence.html\",\"url\":\"https:\/\/www.kontinenzzentrum.ch\/en\/competence.html\",\"name\":\"Competence\",\"isPartOf\":{\"@id\":\"https:\/\/www.kontinenzzentrum.ch\/de\/#website\"},\"primaryImageOfPage\":{\"@id\":\"https:\/\/www.kontinenzzentrum.ch\/en\/competence.html#primaryimage\"},\"image\":{\"@id\":\"https:\/\/www.kontinenzzentrum.ch\/en\/competence.html#primaryimage\"},\"thumbnailUrl\":\"https:\/\/www.kontinenzzentrum.ch\/wp-content\/uploads\/kompetenz-inkontinenz-212980.jpeg\",\"datePublished\":\"2023-03-03T12:27:04+00:00\",\"dateModified\":\"2023-03-14T09:46:20+00:00\",\"breadcrumb\":{\"@id\":\"https:\/\/www.kontinenzzentrum.ch\/en\/competence.html#breadcrumb\"},\"inLanguage\":\"en-GB\",\"potentialAction\":[{\"@type\":\"ReadAction\",\"target\":[\"https:\/\/www.kontinenzzentrum.ch\/en\/competence.html\"]}]},{\"@type\":\"ImageObject\",\"inLanguage\":\"en-GB\",\"@id\":\"https:\/\/www.kontinenzzentrum.ch\/en\/competence.html#primaryimage\",\"url\":\"https:\/\/www.kontinenzzentrum.ch\/wp-content\/uploads\/kompetenz-inkontinenz-212980.jpeg\",\"contentUrl\":\"https:\/\/www.kontinenzzentrum.ch\/wp-content\/uploads\/kompetenz-inkontinenz-212980.jpeg\",\"width\":1920,\"height\":450},{\"@type\":\"BreadcrumbList\",\"@id\":\"https:\/\/www.kontinenzzentrum.ch\/en\/competence.html#breadcrumb\",\"itemListElement\":[{\"@type\":\"ListItem\",\"position\":1,\"name\":\"Startseite\",\"item\":\"https:\/\/www.kontinenzzentrum.ch\/en\"},{\"@type\":\"ListItem\",\"position\":2,\"name\":\"Competence\"}]},{\"@type\":\"WebSite\",\"@id\":\"https:\/\/www.kontinenzzentrum.ch\/de\/#website\",\"url\":\"https:\/\/www.kontinenzzentrum.ch\/de\/\",\"name\":\"KontinenzZentrum Hirslanden Z\u00fcrich\",\"description\":\"KontinenzZentrum Hirslanden Z\u00fcrich: Blasenst\u00f6rungen & Inkontinenz\",\"publisher\":{\"@id\":\"https:\/\/www.kontinenzzentrum.ch\/de\/#organization\"},\"potentialAction\":[{\"@type\":\"SearchAction\",\"target\":{\"@type\":\"EntryPoint\",\"urlTemplate\":\"https:\/\/www.kontinenzzentrum.ch\/de\/?s={search_term_string}\"},\"query-input\":{\"@type\":\"PropertyValueSpecification\",\"valueRequired\":true,\"valueName\":\"search_term_string\"}}],\"inLanguage\":\"en-GB\"},{\"@type\":\"Organization\",\"@id\":\"https:\/\/www.kontinenzzentrum.ch\/de\/#organization\",\"name\":\"KontinenzZentrum Hirslanden Z\u00fcrich\",\"url\":\"https:\/\/www.kontinenzzentrum.ch\/de\/\",\"logo\":{\"@type\":\"ImageObject\",\"inLanguage\":\"en-GB\",\"@id\":\"https:\/\/www.kontinenzzentrum.ch\/de\/#\/schema\/logo\/image\/\",\"url\":\"https:\/\/www.kontinenzzentrum.ch\/wp-content\/uploads\/Logo_KontinenzZentrum.png\",\"contentUrl\":\"https:\/\/www.kontinenzzentrum.ch\/wp-content\/uploads\/Logo_KontinenzZentrum.png\",\"width\":800,\"height\":142,\"caption\":\"KontinenzZentrum Hirslanden Z\u00fcrich\"},\"image\":{\"@id\":\"https:\/\/www.kontinenzzentrum.ch\/de\/#\/schema\/logo\/image\/\"}}]}<\/script>\n<!-- \/ Yoast SEO plugin. -->","yoast_head_json":{"title":"Competence","robots":{"index":"index","follow":"follow","max-snippet":"max-snippet:-1","max-image-preview":"max-image-preview:large","max-video-preview":"max-video-preview:-1"},"canonical":"https:\/\/www.kontinenzzentrum.ch\/en\/competence.html","og_locale":"en_GB","og_type":"article","og_title":"Competence","og_description":"Areas of expertise Incontinence Bladder weakness Stress incontinence Urge incontinence Mixed incontinence Overflow incontinence Neurourology Disorders of the urinary bladder and sphincter muscle functions with and without nervous system disease Urinary incontinence, especially associated with nervous system disease or injury Impaired sexual function in cases of neurological disease Female urology - urogynaecology Urinary tract infections [&hellip;]","og_url":"https:\/\/www.kontinenzzentrum.ch\/en\/competence.html","og_site_name":"KontinenzZentrum","article_modified_time":"2023-03-14T09:46:20+00:00","og_image":[{"width":1920,"height":450,"url":"https:\/\/www.kontinenzzentrum.ch\/wp-content\/uploads\/kompetenz-inkontinenz-212980.jpeg","type":"image\/jpeg"}],"twitter_card":"summary_large_image","twitter_misc":{"Estimated reading time":"1 minute"},"schema":{"@context":"https:\/\/schema.org","@graph":[{"@type":"WebPage","@id":"https:\/\/www.kontinenzzentrum.ch\/en\/competence.html","url":"https:\/\/www.kontinenzzentrum.ch\/en\/competence.html","name":"Competence","isPartOf":{"@id":"https:\/\/www.kontinenzzentrum.ch\/de\/#website"},"primaryImageOfPage":{"@id":"https:\/\/www.kontinenzzentrum.ch\/en\/competence.html#primaryimage"},"image":{"@id":"https:\/\/www.kontinenzzentrum.ch\/en\/competence.html#primaryimage"},"thumbnailUrl":"https:\/\/www.kontinenzzentrum.ch\/wp-content\/uploads\/kompetenz-inkontinenz-212980.jpeg","datePublished":"2023-03-03T12:27:04+00:00","dateModified":"2023-03-14T09:46:20+00:00","breadcrumb":{"@id":"https:\/\/www.kontinenzzentrum.ch\/en\/competence.html#breadcrumb"},"inLanguage":"en-GB","potentialAction":[{"@type":"ReadAction","target":["https:\/\/www.kontinenzzentrum.ch\/en\/competence.html"]}]},{"@type":"ImageObject","inLanguage":"en-GB","@id":"https:\/\/www.kontinenzzentrum.ch\/en\/competence.html#primaryimage","url":"https:\/\/www.kontinenzzentrum.ch\/wp-content\/uploads\/kompetenz-inkontinenz-212980.jpeg","contentUrl":"https:\/\/www.kontinenzzentrum.ch\/wp-content\/uploads\/kompetenz-inkontinenz-212980.jpeg","width":1920,"height":450},{"@type":"BreadcrumbList","@id":"https:\/\/www.kontinenzzentrum.ch\/en\/competence.html#breadcrumb","itemListElement":[{"@type":"ListItem","position":1,"name":"Startseite","item":"https:\/\/www.kontinenzzentrum.ch\/en"},{"@type":"ListItem","position":2,"name":"Competence"}]},{"@type":"WebSite","@id":"https:\/\/www.kontinenzzentrum.ch\/de\/#website","url":"https:\/\/www.kontinenzzentrum.ch\/de\/","name":"KontinenzZentrum Hirslanden Z\u00fcrich","description":"KontinenzZentrum Hirslanden Z\u00fcrich: Blasenst\u00f6rungen & Inkontinenz","publisher":{"@id":"https:\/\/www.kontinenzzentrum.ch\/de\/#organization"},"potentialAction":[{"@type":"SearchAction","target":{"@type":"EntryPoint","urlTemplate":"https:\/\/www.kontinenzzentrum.ch\/de\/?s={search_term_string}"},"query-input":{"@type":"PropertyValueSpecification","valueRequired":true,"valueName":"search_term_string"}}],"inLanguage":"en-GB"},{"@type":"Organization","@id":"https:\/\/www.kontinenzzentrum.ch\/de\/#organization","name":"KontinenzZentrum Hirslanden Z\u00fcrich","url":"https:\/\/www.kontinenzzentrum.ch\/de\/","logo":{"@type":"ImageObject","inLanguage":"en-GB","@id":"https:\/\/www.kontinenzzentrum.ch\/de\/#\/schema\/logo\/image\/","url":"https:\/\/www.kontinenzzentrum.ch\/wp-content\/uploads\/Logo_KontinenzZentrum.png","contentUrl":"https:\/\/www.kontinenzzentrum.ch\/wp-content\/uploads\/Logo_KontinenzZentrum.png","width":800,"height":142,"caption":"KontinenzZentrum Hirslanden Z\u00fcrich"},"image":{"@id":"https:\/\/www.kontinenzzentrum.ch\/de\/#\/schema\/logo\/image\/"}}]}},"_links":{"self":[{"href":"https:\/\/www.kontinenzzentrum.ch\/en\/wp-json\/wp\/v2\/pages\/2262","targetHints":{"allow":["GET"]}}],"collection":[{"href":"https:\/\/www.kontinenzzentrum.ch\/en\/wp-json\/wp\/v2\/pages"}],"about":[{"href":"https:\/\/www.kontinenzzentrum.ch\/en\/wp-json\/wp\/v2\/types\/page"}],"author":[{"embeddable":true,"href":"https:\/\/www.kontinenzzentrum.ch\/en\/wp-json\/wp\/v2\/users\/1"}],"replies":[{"embeddable":true,"href":"https:\/\/www.kontinenzzentrum.ch\/en\/wp-json\/wp\/v2\/comments?post=2262"}],"version-history":[{"count":3,"href":"https:\/\/www.kontinenzzentrum.ch\/en\/wp-json\/wp\/v2\/pages\/2262\/revisions"}],"predecessor-version":[{"id":2265,"href":"https:\/\/www.kontinenzzentrum.ch\/en\/wp-json\/wp\/v2\/pages\/2262\/revisions\/2265"}],"wp:featuredmedia":[{"embeddable":true,"href":"https:\/\/www.kontinenzzentrum.ch\/en\/wp-json\/wp\/v2\/media\/1184"}],"wp:attachment":[{"href":"https:\/\/www.kontinenzzentrum.ch\/en\/wp-json\/wp\/v2\/media?parent=2262"}],"curies":[{"name":"wp","href":"https:\/\/api.w.org\/{rel}","templated":true}]}}