{"id":2288,"date":"2023-03-03T14:28:17","date_gmt":"2023-03-03T13:28:17","guid":{"rendered":"https:\/\/www.kontinenzzentrum.ch\/competence\/neurourologie\/"},"modified":"2023-03-14T11:15:32","modified_gmt":"2023-03-14T10:15:32","slug":"neurourology","status":"publish","type":"page","link":"https:\/\/www.kontinenzzentrum.ch\/en\/competence\/neurourology.html","title":{"rendered":"Neurourology"},"content":{"rendered":"<div id=\"pl-2288\"  class=\"panel-layout\" ><div id=\"pg-2288-0\"  class=\"panel-grid panel-no-style\" ><div id=\"pgc-2288-0-0\"  class=\"panel-grid-cell\" ><div id=\"panel-2288-0-0-0\" class=\"so-panel widget widget_sow-editor panel-first-child\" data-index=\"0\" ><div\n\t\t\t\n\t\t\tclass=\"so-widget-sow-editor so-widget-sow-editor-base\"\n\t\t\t\n\t\t>\n<div class=\"siteorigin-widget-tinymce textwidget\">\n\t<h1>Neurourology<\/h1>\n<h3>Neurogenic incontinence and bladder disorders<\/h3>\n<p><b>Neurourology<\/b>\u00a0is a specialism that stands at the interface of urology, neurology and gynaecology, dealing with the investigation and treatment of disorders of bladder and sphincter muscle function as well as the treatment of involuntary urine loss (incontinence).<\/p>\n<p>Neurourology focuses on women, men and children suffering from a\u00a0<b>disease of the nervous system<\/b>, such as:<\/p>\n<ul>\n<li><b>Multiple sclerosis<\/b><\/li>\n<li><b>Parkinson\u2019s disease<\/b><\/li>\n<li><b>Dementia<\/b><\/li>\n<li><b>Stroke<\/b><\/li>\n<li><b>Craniocerebral injury<\/b><\/li>\n<li><b>Paraplegia<\/b><\/li>\n<li><b>Spina bifida<\/b><\/li>\n<li><b>Diabetes<\/b><\/li>\n<li><b>After pelvic surgery<\/b><\/li>\n<li><b>Hyperactive bladder<\/b><\/li>\n<li><b>Chronic urine retention<\/b><\/li>\n<li><b>Pelvic pain.\u00a0<\/b><\/li>\n<\/ul>\n<p>Many people with other bladder disorders, with or without accompanying urinary incontinence, can also benefit from targeted neurourological investigation and treatment. Neurourology is a new medical discipline that has developed rapidly in the past few years. The growth in knowledge has been enormous, and modern treatment methods are now producing impressive outcomes. Nowadays, practically all people suffering from bladder malfunction or urinary incontinence can be successfully treated.\u00a0<a href=\"http:\/\/kontinenzzentrum.blogspot.ch\/\" target=\"_blank\" rel=\"noopener\">Learn more about milestones in neurourology.<\/a><\/p>\n<h2>Diagnosing and treating neurogenic bladder disorders and incontinence<\/h2>\n<p><img decoding=\"async\" class=\"alignleft\" title=\"\" src=\"https:\/\/www.kontinenzzentrum.ch\/wp-content\/uploads\/neurouroloie.jpeg\" alt=\"\" width=\"446\" height=\"297\" \/><br \/>\nIn order to treat bladder and sphincter malfunctions successfully, the patient\u2019s symptoms must be thoroughly investigated. This involves function tests of the urinary tract, pelvic floor and pelvic nerves, including X-ray examination, ultrasound and endoscopy.<\/p>\n<p>We have many years of experience, enabling us to provide a comprehensive, individual assessment of a wide range of symptoms and disorders and then provide the treatment which is most likely to succeed.<\/p>\n<\/div>\n<\/div><\/div><div id=\"panel-2288-0-0-1\" class=\"so-panel widget widget_sow-editor\" data-index=\"1\" ><div\n\t\t\t\n\t\t\tclass=\"so-widget-sow-editor so-widget-sow-editor-base\"\n\t\t\t\n\t\t>\n<div class=\"siteorigin-widget-tinymce textwidget\">\n\t<p><img decoding=\"async\" class=\"alignright\" title=\"\" src=\"https:\/\/www.kontinenzzentrum.ch\/wp-content\/uploads\/neuromodulation_implant_2.jpeg\" alt=\"\" width=\"206\" height=\"210\" \/><br \/>\nBased on our clinical and scientific expertise, we will provide you only with treatment recommendations for which there is sufficient scientific evidence or that are listed in the guidelines of international professional bodies.<\/p>\n<p>At our centre we offer the whole spectrum of\u00a0<strong>conservative, minimally invasive treatment options<\/strong>\u00a0and\u00a0<strong>surgery for incontinence and bladder disorders<\/strong>.<\/p>\n<p>Benefit from our many years of specialist experience and our internationally recognised scientific expertise in\u00a0<strong>neurourology<\/strong>.<\/p>\n<\/div>\n<\/div><\/div><div id=\"panel-2288-0-0-2\" class=\"so-panel widget widget_fn-info-box-widget panel-last-child\" data-index=\"2\" ><div\n\t\t\t\n\t\t\tclass=\"so-widget-fn-info-box-widget so-widget-fn-info-box-widget-base\"\n\t\t\t\n\t\t><div class=\"uk-child-width-1-1 uk-grid-match\" uk-grid><div>\n        <div class=\"fn-info-box-title\">\n          <div class=\"uk-grid-small\" uk-grid>            <div class=\"uk-width-auto\"><img decoding=\"async\" src=\"https:\/\/www.kontinenzzentrum.ch\/wp-content\/uploads\/ICON_kontakt.svg\" class=\"attachment-small size-small\" alt=\"\" \/>            <\/div>            <div class=\"uk-width-expand\">\n              <h4 class=\"uk-h3\">Find out now<\/h4>\n            <\/div>\n          <\/div>\n        <\/div>\n        <div class=\"fn-info-box-content\">\n              <p><strong>Contact us<\/strong>\u00a0to arrange an appointment so that we can advise you on your personal treatment options.<\/p>\n<p>Tel. \u00a0<a class=\"\" href=\"tel:+41443872910\">+41 44 387 29 10<\/a><\/p>\n<p><a href=\"https:\/\/www.kontinenzzentrum.ch\/en\/about-us\/appointment.html\">To make an appointment online \u00bb<\/a><\/p>\n        <\/div>\n      <\/div><\/div><\/div><\/div><\/div><\/div><div id=\"pg-2288-1\"  class=\"panel-grid panel-no-style\" ><div id=\"pgc-2288-1-0\"  class=\"panel-grid-cell\" ><div id=\"panel-2288-1-0-0\" class=\"so-panel widget widget_sow-editor panel-first-child panel-last-child\" data-index=\"3\" ><div\n\t\t\t\n\t\t\tclass=\"so-widget-sow-editor so-widget-sow-editor-base\"\n\t\t\t\n\t\t>\n<div class=\"siteorigin-widget-tinymce textwidget\">\n\t<h2>Milestones of neurourology in our blog<\/h2>\n<ul>\n<li><a href=\"http:\/\/kontinenzzentrum.blogspot.ch\/2014\/03\/meilensteine-der-neurourologie.html\" target=\"_blank\" rel=\"noopener\">Restoration of urinary tract function after paraplegia<\/a><\/li>\n<li><a href=\"http:\/\/kontinenzzentrum.blogspot.ch\/2013\/11\/meilensteine-der-neurourologie-die.html\" target=\"_blank\" rel=\"noopener\">Urodynamic examination<\/a><\/li>\n<li><a href=\"http:\/\/kontinenzzentrum.blogspot.ch\/2014\/01\/meilensteine-der-neurourologie-der.html\" target=\"_blank\" rel=\"noopener\">Self-catheterisation<\/a><\/li>\n<li><a href=\"http:\/\/kontinenzzentrum.blogspot.ch\/2014\/07\/meilensteine-der-neurourologie.html\" target=\"_blank\" rel=\"noopener\">Neurophysiological examination of the pelvic nerves<\/a><\/li>\n<li><a href=\"http:\/\/kontinenzzentrum.blogspot.ch\/2014\/04\/meilensteine-der-neurourologie-die.html\" target=\"_blank\" rel=\"noopener\">Sacral neuromodulation<\/a><\/li>\n<li><a href=\"http:\/\/kontinenzzentrum.blogspot.ch\/2014\/02\/meilensteine-der-neurourologie-der.html\" target=\"_blank\" rel=\"noopener\">The Brindley bladder pacemaker<\/a><\/li>\n<li><a href=\"http:\/\/kontinenzzentrum.blogspot.ch\/2015\/04\/langzeiturodynamik-eine-wertvolle.html\" target=\"_blank\" rel=\"noopener\">Long-term urodynamics<\/a><\/li>\n<\/ul>\n<\/div>\n<\/div><\/div><\/div><div id=\"pgc-2288-1-1\"  class=\"panel-grid-cell\" ><div id=\"panel-2288-1-1-0\" class=\"so-panel widget widget_sow-image panel-first-child panel-last-child\" data-index=\"4\" ><div\n\t\t\t\n\t\t\tclass=\"so-widget-sow-image so-widget-sow-image-default-8b5b6f678277-2288\"\n\t\t\t\n\t\t>\n<div class=\"sow-image-container\">\n\t\t<img \n\tsrc=\"https:\/\/www.kontinenzzentrum.ch\/wp-content\/uploads\/patienten_urodynamisch-untersuchung1-700-1.jpeg\" width=\"640\" height=\"359\" srcset=\"https:\/\/www.kontinenzzentrum.ch\/wp-content\/uploads\/patienten_urodynamisch-untersuchung1-700-1.jpeg 640w, https:\/\/www.kontinenzzentrum.ch\/wp-content\/uploads\/patienten_urodynamisch-untersuchung1-700-1-300x168.jpeg 300w, https:\/\/www.kontinenzzentrum.ch\/wp-content\/uploads\/patienten_urodynamisch-untersuchung1-700-1-480x270.jpeg 480w\" sizes=\"(max-width: 640px) 100vw, 640px\" title=\"patienten_urodynamisch-untersuchung1-700\" alt=\"\" \t\tclass=\"so-widget-image\"\/>\n\t<\/div>\n\n<\/div><\/div><\/div><\/div><\/div>","protected":false},"excerpt":{"rendered":"<p>Neurourology Neurogenic incontinence and bladder disorders Neurourology\u00a0is a specialism that stands at the interface of urology, neurology and gynaecology, dealing with the investigation and treatment of disorders of bladder and sphincter muscle function as well as the treatment of involuntary urine loss (incontinence). Neurourology focuses on women, men and children suffering from a\u00a0disease of the [&hellip;]<\/p>\n","protected":false},"author":1,"featured_media":1561,"parent":2262,"menu_order":0,"comment_status":"closed","ping_status":"closed","template":"","meta":{"_acf_changed":false,"footnotes":""},"class_list":["post-2288","page","type-page","status-publish","has-post-thumbnail","hentry"],"acf":[],"yoast_head":"<!-- This site is optimized with the Yoast SEO plugin v26.9 - https:\/\/yoast.com\/product\/yoast-seo-wordpress\/ -->\n<title>Neurourology<\/title>\n<meta name=\"robots\" content=\"index, follow, max-snippet:-1, max-image-preview:large, max-video-preview:-1\" \/>\n<link rel=\"canonical\" href=\"https:\/\/www.kontinenzzentrum.ch\/en\/competence\/neurourology.html\" \/>\n<meta property=\"og:locale\" content=\"en_GB\" \/>\n<meta property=\"og:type\" content=\"article\" \/>\n<meta property=\"og:title\" content=\"Neurourology\" \/>\n<meta property=\"og:description\" content=\"Neurourology Neurogenic incontinence and bladder disorders Neurourology\u00a0is a specialism that stands at the interface of urology, neurology and gynaecology, dealing with the investigation and treatment of disorders of bladder and sphincter muscle function as well as the treatment of involuntary urine loss (incontinence). Neurourology focuses on women, men and children suffering from a\u00a0disease of the [&hellip;]\" \/>\n<meta property=\"og:url\" content=\"https:\/\/www.kontinenzzentrum.ch\/en\/competence\/neurourology.html\" \/>\n<meta property=\"og:site_name\" content=\"KontinenzZentrum\" \/>\n<meta property=\"article:modified_time\" content=\"2023-03-14T10:15:32+00:00\" \/>\n<meta property=\"og:image\" content=\"https:\/\/www.kontinenzzentrum.ch\/wp-content\/uploads\/kompetenz-neurourologie-212996-2.jpeg\" \/>\n\t<meta property=\"og:image:width\" content=\"1920\" \/>\n\t<meta property=\"og:image:height\" content=\"450\" \/>\n\t<meta property=\"og:image:type\" content=\"image\/jpeg\" \/>\n<meta name=\"twitter:card\" content=\"summary_large_image\" \/>\n<meta name=\"twitter:label1\" content=\"Estimated reading time\" \/>\n\t<meta name=\"twitter:data1\" content=\"3 minutes\" \/>\n<script type=\"application\/ld+json\" class=\"yoast-schema-graph\">{\"@context\":\"https:\/\/schema.org\",\"@graph\":[{\"@type\":\"WebPage\",\"@id\":\"https:\/\/www.kontinenzzentrum.ch\/en\/competence\/neurourology.html\",\"url\":\"https:\/\/www.kontinenzzentrum.ch\/en\/competence\/neurourology.html\",\"name\":\"Neurourology\",\"isPartOf\":{\"@id\":\"https:\/\/www.kontinenzzentrum.ch\/de\/#website\"},\"primaryImageOfPage\":{\"@id\":\"https:\/\/www.kontinenzzentrum.ch\/en\/competence\/neurourology.html#primaryimage\"},\"image\":{\"@id\":\"https:\/\/www.kontinenzzentrum.ch\/en\/competence\/neurourology.html#primaryimage\"},\"thumbnailUrl\":\"https:\/\/www.kontinenzzentrum.ch\/wp-content\/uploads\/kompetenz-neurourologie-212996-2.jpeg\",\"datePublished\":\"2023-03-03T13:28:17+00:00\",\"dateModified\":\"2023-03-14T10:15:32+00:00\",\"breadcrumb\":{\"@id\":\"https:\/\/www.kontinenzzentrum.ch\/en\/competence\/neurourology.html#breadcrumb\"},\"inLanguage\":\"en-GB\",\"potentialAction\":[{\"@type\":\"ReadAction\",\"target\":[\"https:\/\/www.kontinenzzentrum.ch\/en\/competence\/neurourology.html\"]}]},{\"@type\":\"ImageObject\",\"inLanguage\":\"en-GB\",\"@id\":\"https:\/\/www.kontinenzzentrum.ch\/en\/competence\/neurourology.html#primaryimage\",\"url\":\"https:\/\/www.kontinenzzentrum.ch\/wp-content\/uploads\/kompetenz-neurourologie-212996-2.jpeg\",\"contentUrl\":\"https:\/\/www.kontinenzzentrum.ch\/wp-content\/uploads\/kompetenz-neurourologie-212996-2.jpeg\",\"width\":1920,\"height\":450},{\"@type\":\"BreadcrumbList\",\"@id\":\"https:\/\/www.kontinenzzentrum.ch\/en\/competence\/neurourology.html#breadcrumb\",\"itemListElement\":[{\"@type\":\"ListItem\",\"position\":1,\"name\":\"Startseite\",\"item\":\"https:\/\/www.kontinenzzentrum.ch\/en\"},{\"@type\":\"ListItem\",\"position\":2,\"name\":\"Competence\",\"item\":\"https:\/\/www.kontinenzzentrum.ch\/en\/competence.html\"},{\"@type\":\"ListItem\",\"position\":3,\"name\":\"Neurourology\"}]},{\"@type\":\"WebSite\",\"@id\":\"https:\/\/www.kontinenzzentrum.ch\/de\/#website\",\"url\":\"https:\/\/www.kontinenzzentrum.ch\/de\/\",\"name\":\"KontinenzZentrum Hirslanden Z\u00fcrich\",\"description\":\"KontinenzZentrum Hirslanden Z\u00fcrich: Blasenst\u00f6rungen & Inkontinenz\",\"publisher\":{\"@id\":\"https:\/\/www.kontinenzzentrum.ch\/de\/#organization\"},\"potentialAction\":[{\"@type\":\"SearchAction\",\"target\":{\"@type\":\"EntryPoint\",\"urlTemplate\":\"https:\/\/www.kontinenzzentrum.ch\/de\/?s={search_term_string}\"},\"query-input\":{\"@type\":\"PropertyValueSpecification\",\"valueRequired\":true,\"valueName\":\"search_term_string\"}}],\"inLanguage\":\"en-GB\"},{\"@type\":\"Organization\",\"@id\":\"https:\/\/www.kontinenzzentrum.ch\/de\/#organization\",\"name\":\"KontinenzZentrum Hirslanden Z\u00fcrich\",\"url\":\"https:\/\/www.kontinenzzentrum.ch\/de\/\",\"logo\":{\"@type\":\"ImageObject\",\"inLanguage\":\"en-GB\",\"@id\":\"https:\/\/www.kontinenzzentrum.ch\/de\/#\/schema\/logo\/image\/\",\"url\":\"https:\/\/www.kontinenzzentrum.ch\/wp-content\/uploads\/Logo_KontinenzZentrum.png\",\"contentUrl\":\"https:\/\/www.kontinenzzentrum.ch\/wp-content\/uploads\/Logo_KontinenzZentrum.png\",\"width\":800,\"height\":142,\"caption\":\"KontinenzZentrum Hirslanden Z\u00fcrich\"},\"image\":{\"@id\":\"https:\/\/www.kontinenzzentrum.ch\/de\/#\/schema\/logo\/image\/\"}}]}<\/script>\n<!-- \/ Yoast SEO plugin. -->","yoast_head_json":{"title":"Neurourology","robots":{"index":"index","follow":"follow","max-snippet":"max-snippet:-1","max-image-preview":"max-image-preview:large","max-video-preview":"max-video-preview:-1"},"canonical":"https:\/\/www.kontinenzzentrum.ch\/en\/competence\/neurourology.html","og_locale":"en_GB","og_type":"article","og_title":"Neurourology","og_description":"Neurourology Neurogenic incontinence and bladder disorders Neurourology\u00a0is a specialism that stands at the interface of urology, neurology and gynaecology, dealing with the investigation and treatment of disorders of bladder and sphincter muscle function as well as the treatment of involuntary urine loss (incontinence). Neurourology focuses on women, men and children suffering from a\u00a0disease of the [&hellip;]","og_url":"https:\/\/www.kontinenzzentrum.ch\/en\/competence\/neurourology.html","og_site_name":"KontinenzZentrum","article_modified_time":"2023-03-14T10:15:32+00:00","og_image":[{"width":1920,"height":450,"url":"https:\/\/www.kontinenzzentrum.ch\/wp-content\/uploads\/kompetenz-neurourologie-212996-2.jpeg","type":"image\/jpeg"}],"twitter_card":"summary_large_image","twitter_misc":{"Estimated reading time":"3 minutes"},"schema":{"@context":"https:\/\/schema.org","@graph":[{"@type":"WebPage","@id":"https:\/\/www.kontinenzzentrum.ch\/en\/competence\/neurourology.html","url":"https:\/\/www.kontinenzzentrum.ch\/en\/competence\/neurourology.html","name":"Neurourology","isPartOf":{"@id":"https:\/\/www.kontinenzzentrum.ch\/de\/#website"},"primaryImageOfPage":{"@id":"https:\/\/www.kontinenzzentrum.ch\/en\/competence\/neurourology.html#primaryimage"},"image":{"@id":"https:\/\/www.kontinenzzentrum.ch\/en\/competence\/neurourology.html#primaryimage"},"thumbnailUrl":"https:\/\/www.kontinenzzentrum.ch\/wp-content\/uploads\/kompetenz-neurourologie-212996-2.jpeg","datePublished":"2023-03-03T13:28:17+00:00","dateModified":"2023-03-14T10:15:32+00:00","breadcrumb":{"@id":"https:\/\/www.kontinenzzentrum.ch\/en\/competence\/neurourology.html#breadcrumb"},"inLanguage":"en-GB","potentialAction":[{"@type":"ReadAction","target":["https:\/\/www.kontinenzzentrum.ch\/en\/competence\/neurourology.html"]}]},{"@type":"ImageObject","inLanguage":"en-GB","@id":"https:\/\/www.kontinenzzentrum.ch\/en\/competence\/neurourology.html#primaryimage","url":"https:\/\/www.kontinenzzentrum.ch\/wp-content\/uploads\/kompetenz-neurourologie-212996-2.jpeg","contentUrl":"https:\/\/www.kontinenzzentrum.ch\/wp-content\/uploads\/kompetenz-neurourologie-212996-2.jpeg","width":1920,"height":450},{"@type":"BreadcrumbList","@id":"https:\/\/www.kontinenzzentrum.ch\/en\/competence\/neurourology.html#breadcrumb","itemListElement":[{"@type":"ListItem","position":1,"name":"Startseite","item":"https:\/\/www.kontinenzzentrum.ch\/en"},{"@type":"ListItem","position":2,"name":"Competence","item":"https:\/\/www.kontinenzzentrum.ch\/en\/competence.html"},{"@type":"ListItem","position":3,"name":"Neurourology"}]},{"@type":"WebSite","@id":"https:\/\/www.kontinenzzentrum.ch\/de\/#website","url":"https:\/\/www.kontinenzzentrum.ch\/de\/","name":"KontinenzZentrum Hirslanden Z\u00fcrich","description":"KontinenzZentrum Hirslanden Z\u00fcrich: Blasenst\u00f6rungen & Inkontinenz","publisher":{"@id":"https:\/\/www.kontinenzzentrum.ch\/de\/#organization"},"potentialAction":[{"@type":"SearchAction","target":{"@type":"EntryPoint","urlTemplate":"https:\/\/www.kontinenzzentrum.ch\/de\/?s={search_term_string}"},"query-input":{"@type":"PropertyValueSpecification","valueRequired":true,"valueName":"search_term_string"}}],"inLanguage":"en-GB"},{"@type":"Organization","@id":"https:\/\/www.kontinenzzentrum.ch\/de\/#organization","name":"KontinenzZentrum Hirslanden Z\u00fcrich","url":"https:\/\/www.kontinenzzentrum.ch\/de\/","logo":{"@type":"ImageObject","inLanguage":"en-GB","@id":"https:\/\/www.kontinenzzentrum.ch\/de\/#\/schema\/logo\/image\/","url":"https:\/\/www.kontinenzzentrum.ch\/wp-content\/uploads\/Logo_KontinenzZentrum.png","contentUrl":"https:\/\/www.kontinenzzentrum.ch\/wp-content\/uploads\/Logo_KontinenzZentrum.png","width":800,"height":142,"caption":"KontinenzZentrum Hirslanden Z\u00fcrich"},"image":{"@id":"https:\/\/www.kontinenzzentrum.ch\/de\/#\/schema\/logo\/image\/"}}]}},"_links":{"self":[{"href":"https:\/\/www.kontinenzzentrum.ch\/en\/wp-json\/wp\/v2\/pages\/2288","targetHints":{"allow":["GET"]}}],"collection":[{"href":"https:\/\/www.kontinenzzentrum.ch\/en\/wp-json\/wp\/v2\/pages"}],"about":[{"href":"https:\/\/www.kontinenzzentrum.ch\/en\/wp-json\/wp\/v2\/types\/page"}],"author":[{"embeddable":true,"href":"https:\/\/www.kontinenzzentrum.ch\/en\/wp-json\/wp\/v2\/users\/1"}],"replies":[{"embeddable":true,"href":"https:\/\/www.kontinenzzentrum.ch\/en\/wp-json\/wp\/v2\/comments?post=2288"}],"version-history":[{"count":9,"href":"https:\/\/www.kontinenzzentrum.ch\/en\/wp-json\/wp\/v2\/pages\/2288\/revisions"}],"predecessor-version":[{"id":2297,"href":"https:\/\/www.kontinenzzentrum.ch\/en\/wp-json\/wp\/v2\/pages\/2288\/revisions\/2297"}],"up":[{"embeddable":true,"href":"https:\/\/www.kontinenzzentrum.ch\/en\/wp-json\/wp\/v2\/pages\/2262"}],"wp:featuredmedia":[{"embeddable":true,"href":"https:\/\/www.kontinenzzentrum.ch\/en\/wp-json\/wp\/v2\/media\/1561"}],"wp:attachment":[{"href":"https:\/\/www.kontinenzzentrum.ch\/en\/wp-json\/wp\/v2\/media?parent=2288"}],"curies":[{"name":"wp","href":"https:\/\/api.w.org\/{rel}","templated":true}]}}