{"id":2316,"date":"2023-03-03T16:03:58","date_gmt":"2023-03-03T15:03:58","guid":{"rendered":"https:\/\/www.kontinenzzentrum.ch\/competence\/psychosomatische-urologie\/"},"modified":"2023-03-14T11:36:59","modified_gmt":"2023-03-14T10:36:59","slug":"psychosomatic-urology","status":"publish","type":"page","link":"https:\/\/www.kontinenzzentrum.ch\/en\/competence\/psychosomatic-urology.html","title":{"rendered":"Psychosomatic urology"},"content":{"rendered":"<div id=\"pl-2316\"  class=\"panel-layout\" ><div id=\"pg-2316-0\"  class=\"panel-grid panel-no-style\" ><div id=\"pgc-2316-0-0\"  class=\"panel-grid-cell\" ><div id=\"panel-2316-0-0-0\" class=\"so-panel widget widget_sow-editor panel-first-child\" data-index=\"0\" ><div\n\t\t\t\n\t\t\tclass=\"so-widget-sow-editor so-widget-sow-editor-base\"\n\t\t\t\n\t\t>\n<div class=\"siteorigin-widget-tinymce textwidget\">\n\t<h1>Psychosomatic urology<\/h1>\n<p>In\u00a0<strong>psychosomatic urology,<\/strong>\u00a0the interactions between body and soul in the functioning of the pelvic organs and the pelvic floor are investigated. The bladder, rectum, pelvic floor and sex organs are highly vulnerable to psychosomatic events. In addition to physical causes, malfunctions of these organs are often connected with incidents in the mind, certain types of reactions to everyday events and social living conditions. However, these connections are often overlooked or not given enough attention.<\/p>\n<p>The discipline of\u00a0<strong>psychosomatic urology<\/strong>\u00a0looks at certain symptoms from the point of view of the body\u00a0 and soul as a whole. On the one hand, physical problems and symptoms of the pelvic organs and pelvic floor can cause mental problems, while on the other hand certain\u00a0 disorders in the mind can trigger physically perceptible problems or malfunctions of the pelvic organs and pelvic floor.<\/p>\n<p>In\u00a0<strong>psychosomatic urology,<\/strong>\u00a0pelvic symptoms are investigated both objectively and psychodynamically at the same time. Instrument-based tests are used sparingly and only when judged necessary.<\/p>\n<h2>Syndromes in psychosomatic urology<\/h2>\n<ul type=\"disc\">\n<li>Chronic pelvic pain in men<\/li>\n<li>Chronic pelvic pain in women<\/li>\n<li>Painful urethral spasms (urethral syndrome)<\/li>\n<li>Psychosomatic bladder voiding disorders<\/li>\n<li>Particular forms of bed-wetting in children<\/li>\n<li>Psychogenic urinary incontinence<\/li>\n<li>Psychogenic urine retention<\/li>\n<li>Irritable bladder symptoms<\/li>\n<li>Particular forms of recurrent bladder infection<\/li>\n<li>Interstitial cystitis<\/li>\n<\/ul>\n<\/div>\n<\/div><\/div><div id=\"panel-2316-0-0-1\" class=\"so-panel widget widget_fn-info-box-widget panel-last-child\" data-index=\"1\" ><div\n\t\t\t\n\t\t\tclass=\"so-widget-fn-info-box-widget so-widget-fn-info-box-widget-base\"\n\t\t\t\n\t\t><div class=\"uk-child-width-1-1 uk-grid-match\" uk-grid><div>\n        <div class=\"fn-info-box-title\">\n          <div class=\"uk-grid-small\" uk-grid>            <div class=\"uk-width-auto\"><img decoding=\"async\" src=\"https:\/\/www.kontinenzzentrum.ch\/wp-content\/uploads\/ICON_kontakt.svg\" class=\"attachment-small size-small\" alt=\"\" \/>            <\/div>            <div class=\"uk-width-expand\">\n              <h4 class=\"uk-h3\">Find out now<\/h4>\n            <\/div>\n          <\/div>\n        <\/div>\n        <div class=\"fn-info-box-content\">\n              <p><strong>Contact us<\/strong>\u00a0to arrange an appointment so that we can advise you on your personal treatment options.<\/p>\n<p>Tel. \u00a0<a class=\"\" href=\"tel:+41443872910\">+41 44 387 29 10<\/a><br \/>\n<a href=\"https:\/\/www.kontinenzzentrum.ch\/en\/about-us\/appointment.html\">To make an appointment online \u00bb<\/a><\/p>\n        <\/div>\n      <\/div><\/div><\/div><\/div><\/div><\/div><\/div>","protected":false},"excerpt":{"rendered":"<p>Psychosomatic urology In\u00a0psychosomatic urology,\u00a0the interactions between body and soul in the functioning of the pelvic organs and the pelvic floor are investigated. The bladder, rectum, pelvic floor and sex organs are highly vulnerable to psychosomatic events. In addition to physical causes, malfunctions of these organs are often connected with incidents in the mind, certain types [&hellip;]<\/p>\n","protected":false},"author":1,"featured_media":1646,"parent":2262,"menu_order":0,"comment_status":"closed","ping_status":"closed","template":"","meta":{"_acf_changed":false,"footnotes":""},"class_list":["post-2316","page","type-page","status-publish","has-post-thumbnail","hentry"],"acf":[],"yoast_head":"<!-- This site is optimized with the Yoast SEO plugin v26.9 - https:\/\/yoast.com\/product\/yoast-seo-wordpress\/ -->\n<title>Psychosomatic urology<\/title>\n<meta name=\"robots\" content=\"index, follow, max-snippet:-1, max-image-preview:large, max-video-preview:-1\" \/>\n<link rel=\"canonical\" href=\"https:\/\/www.kontinenzzentrum.ch\/en\/competence\/psychosomatic-urology.html\" \/>\n<meta property=\"og:locale\" content=\"en_GB\" \/>\n<meta property=\"og:type\" content=\"article\" \/>\n<meta property=\"og:title\" content=\"Psychosomatic urology\" \/>\n<meta property=\"og:description\" content=\"Psychosomatic urology In\u00a0psychosomatic urology,\u00a0the interactions between body and soul in the functioning of the pelvic organs and the pelvic floor are investigated. The bladder, rectum, pelvic floor and sex organs are highly vulnerable to psychosomatic events. In addition to physical causes, malfunctions of these organs are often connected with incidents in the mind, certain types [&hellip;]\" \/>\n<meta property=\"og:url\" content=\"https:\/\/www.kontinenzzentrum.ch\/en\/competence\/psychosomatic-urology.html\" \/>\n<meta property=\"og:site_name\" content=\"KontinenzZentrum\" \/>\n<meta property=\"article:modified_time\" content=\"2023-03-14T10:36:59+00:00\" \/>\n<meta property=\"og:image\" content=\"https:\/\/www.kontinenzzentrum.ch\/wp-content\/uploads\/kompetenz-psychosomatische-urologie-212871.jpeg\" \/>\n\t<meta property=\"og:image:width\" content=\"1920\" \/>\n\t<meta property=\"og:image:height\" content=\"450\" \/>\n\t<meta property=\"og:image:type\" content=\"image\/jpeg\" \/>\n<meta name=\"twitter:card\" content=\"summary_large_image\" \/>\n<meta name=\"twitter:label1\" content=\"Estimated reading time\" \/>\n\t<meta name=\"twitter:data1\" content=\"2 minutes\" \/>\n<script type=\"application\/ld+json\" class=\"yoast-schema-graph\">{\"@context\":\"https:\/\/schema.org\",\"@graph\":[{\"@type\":\"WebPage\",\"@id\":\"https:\/\/www.kontinenzzentrum.ch\/en\/competence\/psychosomatic-urology.html\",\"url\":\"https:\/\/www.kontinenzzentrum.ch\/en\/competence\/psychosomatic-urology.html\",\"name\":\"Psychosomatic urology\",\"isPartOf\":{\"@id\":\"https:\/\/www.kontinenzzentrum.ch\/de\/#website\"},\"primaryImageOfPage\":{\"@id\":\"https:\/\/www.kontinenzzentrum.ch\/en\/competence\/psychosomatic-urology.html#primaryimage\"},\"image\":{\"@id\":\"https:\/\/www.kontinenzzentrum.ch\/en\/competence\/psychosomatic-urology.html#primaryimage\"},\"thumbnailUrl\":\"https:\/\/www.kontinenzzentrum.ch\/wp-content\/uploads\/kompetenz-psychosomatische-urologie-212871.jpeg\",\"datePublished\":\"2023-03-03T15:03:58+00:00\",\"dateModified\":\"2023-03-14T10:36:59+00:00\",\"breadcrumb\":{\"@id\":\"https:\/\/www.kontinenzzentrum.ch\/en\/competence\/psychosomatic-urology.html#breadcrumb\"},\"inLanguage\":\"en-GB\",\"potentialAction\":[{\"@type\":\"ReadAction\",\"target\":[\"https:\/\/www.kontinenzzentrum.ch\/en\/competence\/psychosomatic-urology.html\"]}]},{\"@type\":\"ImageObject\",\"inLanguage\":\"en-GB\",\"@id\":\"https:\/\/www.kontinenzzentrum.ch\/en\/competence\/psychosomatic-urology.html#primaryimage\",\"url\":\"https:\/\/www.kontinenzzentrum.ch\/wp-content\/uploads\/kompetenz-psychosomatische-urologie-212871.jpeg\",\"contentUrl\":\"https:\/\/www.kontinenzzentrum.ch\/wp-content\/uploads\/kompetenz-psychosomatische-urologie-212871.jpeg\",\"width\":1920,\"height\":450},{\"@type\":\"BreadcrumbList\",\"@id\":\"https:\/\/www.kontinenzzentrum.ch\/en\/competence\/psychosomatic-urology.html#breadcrumb\",\"itemListElement\":[{\"@type\":\"ListItem\",\"position\":1,\"name\":\"Startseite\",\"item\":\"https:\/\/www.kontinenzzentrum.ch\/en\"},{\"@type\":\"ListItem\",\"position\":2,\"name\":\"Competence\",\"item\":\"https:\/\/www.kontinenzzentrum.ch\/en\/competence.html\"},{\"@type\":\"ListItem\",\"position\":3,\"name\":\"Psychosomatic urology\"}]},{\"@type\":\"WebSite\",\"@id\":\"https:\/\/www.kontinenzzentrum.ch\/de\/#website\",\"url\":\"https:\/\/www.kontinenzzentrum.ch\/de\/\",\"name\":\"KontinenzZentrum Hirslanden Z\u00fcrich\",\"description\":\"KontinenzZentrum Hirslanden Z\u00fcrich: Blasenst\u00f6rungen & Inkontinenz\",\"publisher\":{\"@id\":\"https:\/\/www.kontinenzzentrum.ch\/de\/#organization\"},\"potentialAction\":[{\"@type\":\"SearchAction\",\"target\":{\"@type\":\"EntryPoint\",\"urlTemplate\":\"https:\/\/www.kontinenzzentrum.ch\/de\/?s={search_term_string}\"},\"query-input\":{\"@type\":\"PropertyValueSpecification\",\"valueRequired\":true,\"valueName\":\"search_term_string\"}}],\"inLanguage\":\"en-GB\"},{\"@type\":\"Organization\",\"@id\":\"https:\/\/www.kontinenzzentrum.ch\/de\/#organization\",\"name\":\"KontinenzZentrum Hirslanden Z\u00fcrich\",\"url\":\"https:\/\/www.kontinenzzentrum.ch\/de\/\",\"logo\":{\"@type\":\"ImageObject\",\"inLanguage\":\"en-GB\",\"@id\":\"https:\/\/www.kontinenzzentrum.ch\/de\/#\/schema\/logo\/image\/\",\"url\":\"https:\/\/www.kontinenzzentrum.ch\/wp-content\/uploads\/Logo_KontinenzZentrum.png\",\"contentUrl\":\"https:\/\/www.kontinenzzentrum.ch\/wp-content\/uploads\/Logo_KontinenzZentrum.png\",\"width\":800,\"height\":142,\"caption\":\"KontinenzZentrum Hirslanden Z\u00fcrich\"},\"image\":{\"@id\":\"https:\/\/www.kontinenzzentrum.ch\/de\/#\/schema\/logo\/image\/\"}}]}<\/script>\n<!-- \/ Yoast SEO plugin. -->","yoast_head_json":{"title":"Psychosomatic urology","robots":{"index":"index","follow":"follow","max-snippet":"max-snippet:-1","max-image-preview":"max-image-preview:large","max-video-preview":"max-video-preview:-1"},"canonical":"https:\/\/www.kontinenzzentrum.ch\/en\/competence\/psychosomatic-urology.html","og_locale":"en_GB","og_type":"article","og_title":"Psychosomatic urology","og_description":"Psychosomatic urology In\u00a0psychosomatic urology,\u00a0the interactions between body and soul in the functioning of the pelvic organs and the pelvic floor are investigated. The bladder, rectum, pelvic floor and sex organs are highly vulnerable to psychosomatic events. In addition to physical causes, malfunctions of these organs are often connected with incidents in the mind, certain types [&hellip;]","og_url":"https:\/\/www.kontinenzzentrum.ch\/en\/competence\/psychosomatic-urology.html","og_site_name":"KontinenzZentrum","article_modified_time":"2023-03-14T10:36:59+00:00","og_image":[{"width":1920,"height":450,"url":"https:\/\/www.kontinenzzentrum.ch\/wp-content\/uploads\/kompetenz-psychosomatische-urologie-212871.jpeg","type":"image\/jpeg"}],"twitter_card":"summary_large_image","twitter_misc":{"Estimated reading time":"2 minutes"},"schema":{"@context":"https:\/\/schema.org","@graph":[{"@type":"WebPage","@id":"https:\/\/www.kontinenzzentrum.ch\/en\/competence\/psychosomatic-urology.html","url":"https:\/\/www.kontinenzzentrum.ch\/en\/competence\/psychosomatic-urology.html","name":"Psychosomatic urology","isPartOf":{"@id":"https:\/\/www.kontinenzzentrum.ch\/de\/#website"},"primaryImageOfPage":{"@id":"https:\/\/www.kontinenzzentrum.ch\/en\/competence\/psychosomatic-urology.html#primaryimage"},"image":{"@id":"https:\/\/www.kontinenzzentrum.ch\/en\/competence\/psychosomatic-urology.html#primaryimage"},"thumbnailUrl":"https:\/\/www.kontinenzzentrum.ch\/wp-content\/uploads\/kompetenz-psychosomatische-urologie-212871.jpeg","datePublished":"2023-03-03T15:03:58+00:00","dateModified":"2023-03-14T10:36:59+00:00","breadcrumb":{"@id":"https:\/\/www.kontinenzzentrum.ch\/en\/competence\/psychosomatic-urology.html#breadcrumb"},"inLanguage":"en-GB","potentialAction":[{"@type":"ReadAction","target":["https:\/\/www.kontinenzzentrum.ch\/en\/competence\/psychosomatic-urology.html"]}]},{"@type":"ImageObject","inLanguage":"en-GB","@id":"https:\/\/www.kontinenzzentrum.ch\/en\/competence\/psychosomatic-urology.html#primaryimage","url":"https:\/\/www.kontinenzzentrum.ch\/wp-content\/uploads\/kompetenz-psychosomatische-urologie-212871.jpeg","contentUrl":"https:\/\/www.kontinenzzentrum.ch\/wp-content\/uploads\/kompetenz-psychosomatische-urologie-212871.jpeg","width":1920,"height":450},{"@type":"BreadcrumbList","@id":"https:\/\/www.kontinenzzentrum.ch\/en\/competence\/psychosomatic-urology.html#breadcrumb","itemListElement":[{"@type":"ListItem","position":1,"name":"Startseite","item":"https:\/\/www.kontinenzzentrum.ch\/en"},{"@type":"ListItem","position":2,"name":"Competence","item":"https:\/\/www.kontinenzzentrum.ch\/en\/competence.html"},{"@type":"ListItem","position":3,"name":"Psychosomatic urology"}]},{"@type":"WebSite","@id":"https:\/\/www.kontinenzzentrum.ch\/de\/#website","url":"https:\/\/www.kontinenzzentrum.ch\/de\/","name":"KontinenzZentrum Hirslanden Z\u00fcrich","description":"KontinenzZentrum Hirslanden Z\u00fcrich: Blasenst\u00f6rungen & Inkontinenz","publisher":{"@id":"https:\/\/www.kontinenzzentrum.ch\/de\/#organization"},"potentialAction":[{"@type":"SearchAction","target":{"@type":"EntryPoint","urlTemplate":"https:\/\/www.kontinenzzentrum.ch\/de\/?s={search_term_string}"},"query-input":{"@type":"PropertyValueSpecification","valueRequired":true,"valueName":"search_term_string"}}],"inLanguage":"en-GB"},{"@type":"Organization","@id":"https:\/\/www.kontinenzzentrum.ch\/de\/#organization","name":"KontinenzZentrum Hirslanden Z\u00fcrich","url":"https:\/\/www.kontinenzzentrum.ch\/de\/","logo":{"@type":"ImageObject","inLanguage":"en-GB","@id":"https:\/\/www.kontinenzzentrum.ch\/de\/#\/schema\/logo\/image\/","url":"https:\/\/www.kontinenzzentrum.ch\/wp-content\/uploads\/Logo_KontinenzZentrum.png","contentUrl":"https:\/\/www.kontinenzzentrum.ch\/wp-content\/uploads\/Logo_KontinenzZentrum.png","width":800,"height":142,"caption":"KontinenzZentrum Hirslanden Z\u00fcrich"},"image":{"@id":"https:\/\/www.kontinenzzentrum.ch\/de\/#\/schema\/logo\/image\/"}}]}},"_links":{"self":[{"href":"https:\/\/www.kontinenzzentrum.ch\/en\/wp-json\/wp\/v2\/pages\/2316","targetHints":{"allow":["GET"]}}],"collection":[{"href":"https:\/\/www.kontinenzzentrum.ch\/en\/wp-json\/wp\/v2\/pages"}],"about":[{"href":"https:\/\/www.kontinenzzentrum.ch\/en\/wp-json\/wp\/v2\/types\/page"}],"author":[{"embeddable":true,"href":"https:\/\/www.kontinenzzentrum.ch\/en\/wp-json\/wp\/v2\/users\/1"}],"replies":[{"embeddable":true,"href":"https:\/\/www.kontinenzzentrum.ch\/en\/wp-json\/wp\/v2\/comments?post=2316"}],"version-history":[{"count":3,"href":"https:\/\/www.kontinenzzentrum.ch\/en\/wp-json\/wp\/v2\/pages\/2316\/revisions"}],"predecessor-version":[{"id":2319,"href":"https:\/\/www.kontinenzzentrum.ch\/en\/wp-json\/wp\/v2\/pages\/2316\/revisions\/2319"}],"up":[{"embeddable":true,"href":"https:\/\/www.kontinenzzentrum.ch\/en\/wp-json\/wp\/v2\/pages\/2262"}],"wp:featuredmedia":[{"embeddable":true,"href":"https:\/\/www.kontinenzzentrum.ch\/en\/wp-json\/wp\/v2\/media\/1646"}],"wp:attachment":[{"href":"https:\/\/www.kontinenzzentrum.ch\/en\/wp-json\/wp\/v2\/media?parent=2316"}],"curies":[{"name":"wp","href":"https:\/\/api.w.org\/{rel}","templated":true}]}}