{"id":2325,"date":"2023-02-27T15:21:15","date_gmt":"2023-02-27T14:21:15","guid":{"rendered":"https:\/\/www.kontinenzzentrum.ch\/about-us\/kontakt\/"},"modified":"2025-09-17T09:23:39","modified_gmt":"2025-09-17T07:23:39","slug":"contact","status":"publish","type":"page","link":"https:\/\/www.kontinenzzentrum.ch\/en\/about-us\/contact.html","title":{"rendered":"Contact"},"content":{"rendered":"<div id=\"pl-2325\"  class=\"panel-layout\" ><div id=\"pg-2325-0\"  class=\"panel-grid panel-no-style\" ><div id=\"pgc-2325-0-0\"  class=\"panel-grid-cell\" ><div id=\"panel-2325-0-0-0\" class=\"so-panel widget widget_sow-editor panel-first-child panel-last-child\" data-index=\"0\" ><div\n\t\t\t\n\t\t\tclass=\"so-widget-sow-editor so-widget-sow-editor-base\"\n\t\t\t\n\t\t>\n<div class=\"siteorigin-widget-tinymce textwidget\">\n\t<h1>Contact<\/h1>\n<p><strong>KontinenzZentrum AG<\/strong><br \/>\nWitellikerstrasse 40<br \/>\n8032 Z\u00fcrich<br \/>\nSwitzerland<\/p>\n<a class=\"uk-button uk-button-primary\" href=\"tel:+41443872910\"><i class=\"fas fa-phone-alt uk-margin-small-right\"><\/i>+41 44 387 29 10<\/a>\n<p><i class=\"fas fa-globe-europe uk-margin-small-right\"><\/i><a title=\"Kontinenzzentrum Hirslanden\" href=\"\/en\">www.kontinenzzentrum.ch<\/a><br \/>\n<i class=\"fas fa-envelope uk-margin-small-right\"><\/i><a class=\"\" href=\"mailto:konti&#110;&#101;nzz&#101;ntru&#109;.&#104;&#105;rsla&#110;de&#110;&#64;&#104;&#105;rs&#108;&#97;nd&#101;n.c&#104;\">kon&#116;in&#101;n&#122;zentr&#117;&#109;&#46;&#104;ir&#115;&#108;&#97;&#110;&#100;e&#110;&#64;&#104;i&#114;&#115;l&#97;&#110;d&#101;n&#46;c&#104;<\/a><\/p>\n<p>Opening hours:<br \/>\nMonday to Friday 8 am to 5 pm<\/p>\n<\/div>\n<\/div><\/div><\/div><\/div><div id=\"pg-2325-1\"  class=\"panel-grid panel-no-style\" ><div id=\"pgc-2325-1-0\"  class=\"panel-grid-cell\" ><div class=\"uk-padding panel-cell-style panel-cell-style-for-2325-1-0\" ><div id=\"panel-2325-1-0-0\" class=\"so-panel widget widget_sow-editor panel-first-child panel-last-child\" data-index=\"1\" ><div\n\t\t\t\n\t\t\tclass=\"so-widget-sow-editor so-widget-sow-editor-base\"\n\t\t\t\n\t\t>\n<div class=\"siteorigin-widget-tinymce textwidget\">\n\t<div class=\"container\">\n<div class=\"row\">\n<div class=\"col-xl-12\">\n<h2><strong>For Patients<\/strong><\/h2>\n<p>Please use our contact form to arrange an appointment at the Hirslanden Continence Centre in Zurich.<\/p>\n<p><a class=\"uk-button uk-button-primary\" href=\"https:\/\/www.kontinenzzentrum.ch\/en\/about-us\/appointment.html\"><i class=\"fas fa-calendar-alt uk-margin-small-right\"><\/i>Make an Appointment Online<\/a><\/p>\n<\/div>\n<\/div>\n<\/div>\n<\/div>\n<\/div><\/div><\/div><\/div><div id=\"pgc-2325-1-1\"  class=\"panel-grid-cell\" ><div class=\"uk-padding panel-cell-style panel-cell-style-for-2325-1-1\" ><div id=\"panel-2325-1-1-0\" class=\"so-panel widget widget_sow-editor panel-first-child panel-last-child\" data-index=\"2\" ><div\n\t\t\t\n\t\t\tclass=\"so-widget-sow-editor so-widget-sow-editor-base\"\n\t\t\t\n\t\t>\n<div class=\"siteorigin-widget-tinymce textwidget\">\n\t<div class=\"container\">\n<div class=\"row\">\n<div class=\"col-xl-12\">\n<h2><strong>For Referring Physicians<\/strong><\/h2>\n<p>Referring physicians can find information and contact details on the following page.<\/p>\n<p><a class=\"uk-button uk-button-primary\" href=\"https:\/\/www.kontinenzzentrum.ch\/en\/referral-of-patients.html\"><i class=\"fas fa-clinic-medical uk-margin-small-right\"><\/i>Referrer Information and Patient Registration<\/a><\/p>\n<\/div>\n<\/div>\n<\/div>\n<\/div>\n<\/div><\/div><\/div><\/div><\/div><div id=\"pg-2325-2\"  class=\"panel-grid panel-no-style\" ><div id=\"pgc-2325-2-0\"  class=\"panel-grid-cell\" ><div id=\"panel-2325-2-0-0\" class=\"so-panel widget widget_sow-editor panel-first-child panel-last-child\" data-index=\"3\" ><div\n\t\t\t\n\t\t\tclass=\"so-widget-sow-editor so-widget-sow-editor-base\"\n\t\t\t\n\t\t>\n<div class=\"siteorigin-widget-tinymce textwidget\">\n\t<div class=\"container\">\n<div class=\"row\">\n<div class=\"col-xl-12\">\n<h2><strong>How to Get Here<\/strong><\/h2>\n<p><strong>Arriving by Public Transport<\/strong><\/p>\n<ul>\n<li>Take tram no. 11 from Zurich Main Station or Zurich Stadelhofen towards Rehalp to the Balgrist stop, or<\/li>\n<li>take the Forchbahn (S 18) from Stadelhofen Station to the Balgrist stop.<\/li>\n<\/ul>\n<p>You can find the SBB timetable at\u00a0<a href=\"https:\/\/www.sbb.ch\/en\" target=\"_blank\" rel=\"noopener noreferrer\" data-auth=\"NotApplicable\">www.sbb.ch\/en<\/a><\/p>\n<p><strong>Arriving by Car<\/strong><br \/>\nThe Continence Centre is located in the Hirslanden Clinic, which is on the right side of Lake Zurich between Zurich and Zollikon.<\/p>\n<p><strong><a href=\"https:\/\/www.google.com\/maps\/place\/Witellikerstrasse+40,+8032+Z%C3%BCrich,+Schweiz\/@47.3510401,8.5735203,17z\/data=!3m1!4b1!4m5!3m4!1s0x479aa7245223ea5f:0xa149c78c2f82ffa1!8m2!3d47.3510401!4d8.575709\" target=\"_blank\" rel=\"noopener\">Directions via Google Maps<\/a><\/strong><\/p>\n<p><strong>Parking<\/strong><br \/>\nPaid parking spaces are available for patients in the underground car park. The underground car park is open daily from 6 a.m. to 9 p.m.<\/p>\n<\/div>\n<\/div>\n<\/div>\n<\/div>\n<\/div><\/div><\/div><\/div><div id=\"pg-2325-3\"  class=\"panel-grid panel-no-style\" ><div id=\"pgc-2325-3-0\"  class=\"panel-grid-cell\" ><div id=\"panel-2325-3-0-0\" class=\"so-panel widget widget_sow-editor panel-first-child\" data-index=\"4\" ><div\n\t\t\t\n\t\t\tclass=\"so-widget-sow-editor so-widget-sow-editor-base\"\n\t\t\t\n\t\t>\n<div class=\"siteorigin-widget-tinymce textwidget\">\n\t<h3 class=\"uk-h1\">How to Find Us<\/h3>\n<\/div>\n<\/div><\/div><div id=\"panel-2325-3-0-1\" class=\"so-panel widget widget_sow-google-map panel-last-child\" data-index=\"5\" ><div\n\t\t\t\n\t\t\tclass=\"so-widget-sow-google-map so-widget-sow-google-map-default-6cf0154baf9c-2325\"\n\t\t\t\n\t\t>\n<div class=\"sow-google-map-canvas\"\n\tstyle=\"\"\n\tid=\"map-canvas-b988c4c52139bff5769142c3d85abdce\"\n\tdata-options=\"{&quot;address&quot;:&quot;Witellikerstrasse 40, 8032 Z\\u00fcrich, Schweiz&quot;,&quot;zoom&quot;:12,&quot;mobileZoom&quot;:12,&quot;gestureHandling&quot;:&quot;greedy&quot;,&quot;disableUi&quot;:&quot;&quot;,&quot;markerIcon&quot;:&quot;https:\\\/\\\/www.kontinenzzentrum.ch\\\/wp-content\\\/uploads\\\/icons8-google-maps-48.png&quot;,&quot;markersDraggable&quot;:false,&quot;markerAtCenter&quot;:true,&quot;markerInfoDisplay&quot;:&quot;click&quot;,&quot;markerInfoMultiple&quot;:true,&quot;markerPositions&quot;:false,&quot;mapName&quot;:&quot;Grey&quot;,&quot;mapStyles&quot;:[{&quot;featureType&quot;:&quot;all&quot;,&quot;elementType&quot;:&quot;all&quot;,&quot;stylers&quot;:[{&quot;saturation&quot;:-100},{&quot;gamma&quot;:0.90000000000000002220446049250313080847263336181640625}]}],&quot;directions&quot;:&quot;&quot;,&quot;apiKey&quot;:&quot;AIzaSyC9UlefCzYnFbZOMjQhGETbTVzM1emRnj8&quot;,&quot;breakpoint&quot;:959}\"\n\tdata-fallback-image=\"{&quot;img&quot;:&quot;&quot;}\"><\/div>\n<\/div><\/div><\/div><\/div><\/div>","protected":false},"excerpt":{"rendered":"<p>Contact KontinenzZentrum AG Switzerland www.kontinenzzentrum.ch Opening hours: Monday to Friday 8 am to 5 pm For Patients Please use our contact form to arrange an appointment at the Hirslanden Continence Centre in Zurich. Make an Appointment Online For Referring Physicians Referring physicians can find information and contact details on the following page. Referrer Information and [&hellip;]<\/p>\n","protected":false},"author":1,"featured_media":1299,"parent":2207,"menu_order":0,"comment_status":"closed","ping_status":"closed","template":"template-legacy.php","meta":{"_acf_changed":false,"footnotes":""},"class_list":["post-2325","page","type-page","status-publish","has-post-thumbnail","hentry"],"acf":[],"yoast_head":"<!-- This site is optimized with the Yoast SEO plugin v26.9 - https:\/\/yoast.com\/product\/yoast-seo-wordpress\/ -->\n<title>Contact Us | Continence Center Hirslanden, Zurich (CH)<\/title>\n<meta name=\"robots\" content=\"index, follow, max-snippet:-1, max-image-preview:large, max-video-preview:-1\" \/>\n<link rel=\"canonical\" href=\"https:\/\/www.kontinenzzentrum.ch\/en\/about-us\/contact.html\" \/>\n<meta property=\"og:locale\" content=\"en_GB\" \/>\n<meta property=\"og:type\" content=\"article\" \/>\n<meta property=\"og:title\" content=\"Contact Us | Continence Center Hirslanden, Zurich (CH)\" \/>\n<meta property=\"og:description\" content=\"Contact KontinenzZentrum AG Switzerland www.kontinenzzentrum.ch Opening hours: Monday to Friday 8 am to 5 pm For Patients Please use our contact form to arrange an appointment at the Hirslanden Continence Centre in Zurich. Make an Appointment Online For Referring Physicians Referring physicians can find information and contact details on the following page. Referrer Information and [&hellip;]\" \/>\n<meta property=\"og:url\" content=\"https:\/\/www.kontinenzzentrum.ch\/en\/about-us\/contact.html\" \/>\n<meta property=\"og:site_name\" content=\"KontinenzZentrum\" \/>\n<meta property=\"article:modified_time\" content=\"2025-09-17T07:23:39+00:00\" \/>\n<meta property=\"og:image\" content=\"https:\/\/www.kontinenzzentrum.ch\/wp-content\/uploads\/ueber-uns-kontakt-1176.jpeg\" \/>\n\t<meta property=\"og:image:width\" content=\"1920\" \/>\n\t<meta property=\"og:image:height\" content=\"450\" \/>\n\t<meta property=\"og:image:type\" content=\"image\/jpeg\" \/>\n<meta name=\"twitter:card\" content=\"summary_large_image\" \/>\n<meta name=\"twitter:label1\" content=\"Estimated reading time\" \/>\n\t<meta name=\"twitter:data1\" content=\"2 minutes\" \/>\n<script type=\"application\/ld+json\" class=\"yoast-schema-graph\">{\"@context\":\"https:\/\/schema.org\",\"@graph\":[{\"@type\":\"WebPage\",\"@id\":\"https:\/\/www.kontinenzzentrum.ch\/en\/about-us\/contact.html\",\"url\":\"https:\/\/www.kontinenzzentrum.ch\/en\/about-us\/contact.html\",\"name\":\"Contact Us | Continence Center Hirslanden, Zurich (CH)\",\"isPartOf\":{\"@id\":\"https:\/\/www.kontinenzzentrum.ch\/de\/#website\"},\"primaryImageOfPage\":{\"@id\":\"https:\/\/www.kontinenzzentrum.ch\/en\/about-us\/contact.html#primaryimage\"},\"image\":{\"@id\":\"https:\/\/www.kontinenzzentrum.ch\/en\/about-us\/contact.html#primaryimage\"},\"thumbnailUrl\":\"https:\/\/www.kontinenzzentrum.ch\/wp-content\/uploads\/ueber-uns-kontakt-1176.jpeg\",\"datePublished\":\"2023-02-27T14:21:15+00:00\",\"dateModified\":\"2025-09-17T07:23:39+00:00\",\"breadcrumb\":{\"@id\":\"https:\/\/www.kontinenzzentrum.ch\/en\/about-us\/contact.html#breadcrumb\"},\"inLanguage\":\"en-GB\",\"potentialAction\":[{\"@type\":\"ReadAction\",\"target\":[\"https:\/\/www.kontinenzzentrum.ch\/en\/about-us\/contact.html\"]}]},{\"@type\":\"ImageObject\",\"inLanguage\":\"en-GB\",\"@id\":\"https:\/\/www.kontinenzzentrum.ch\/en\/about-us\/contact.html#primaryimage\",\"url\":\"https:\/\/www.kontinenzzentrum.ch\/wp-content\/uploads\/ueber-uns-kontakt-1176.jpeg\",\"contentUrl\":\"https:\/\/www.kontinenzzentrum.ch\/wp-content\/uploads\/ueber-uns-kontakt-1176.jpeg\",\"width\":1920,\"height\":450},{\"@type\":\"BreadcrumbList\",\"@id\":\"https:\/\/www.kontinenzzentrum.ch\/en\/about-us\/contact.html#breadcrumb\",\"itemListElement\":[{\"@type\":\"ListItem\",\"position\":1,\"name\":\"Startseite\",\"item\":\"https:\/\/www.kontinenzzentrum.ch\/en\"},{\"@type\":\"ListItem\",\"position\":2,\"name\":\"About us\",\"item\":\"https:\/\/www.kontinenzzentrum.ch\/en\/about-us.html\"},{\"@type\":\"ListItem\",\"position\":3,\"name\":\"Contact\"}]},{\"@type\":\"WebSite\",\"@id\":\"https:\/\/www.kontinenzzentrum.ch\/de\/#website\",\"url\":\"https:\/\/www.kontinenzzentrum.ch\/de\/\",\"name\":\"KontinenzZentrum Hirslanden Z\u00fcrich\",\"description\":\"KontinenzZentrum Hirslanden Z\u00fcrich: Blasenst\u00f6rungen & Inkontinenz\",\"publisher\":{\"@id\":\"https:\/\/www.kontinenzzentrum.ch\/de\/#organization\"},\"potentialAction\":[{\"@type\":\"SearchAction\",\"target\":{\"@type\":\"EntryPoint\",\"urlTemplate\":\"https:\/\/www.kontinenzzentrum.ch\/de\/?s={search_term_string}\"},\"query-input\":{\"@type\":\"PropertyValueSpecification\",\"valueRequired\":true,\"valueName\":\"search_term_string\"}}],\"inLanguage\":\"en-GB\"},{\"@type\":\"Organization\",\"@id\":\"https:\/\/www.kontinenzzentrum.ch\/de\/#organization\",\"name\":\"KontinenzZentrum Hirslanden Z\u00fcrich\",\"url\":\"https:\/\/www.kontinenzzentrum.ch\/de\/\",\"logo\":{\"@type\":\"ImageObject\",\"inLanguage\":\"en-GB\",\"@id\":\"https:\/\/www.kontinenzzentrum.ch\/de\/#\/schema\/logo\/image\/\",\"url\":\"https:\/\/www.kontinenzzentrum.ch\/wp-content\/uploads\/Logo_KontinenzZentrum.png\",\"contentUrl\":\"https:\/\/www.kontinenzzentrum.ch\/wp-content\/uploads\/Logo_KontinenzZentrum.png\",\"width\":800,\"height\":142,\"caption\":\"KontinenzZentrum Hirslanden Z\u00fcrich\"},\"image\":{\"@id\":\"https:\/\/www.kontinenzzentrum.ch\/de\/#\/schema\/logo\/image\/\"}}]}<\/script>\n<!-- \/ Yoast SEO plugin. -->","yoast_head_json":{"title":"Contact Us | Continence Center Hirslanden, Zurich (CH)","robots":{"index":"index","follow":"follow","max-snippet":"max-snippet:-1","max-image-preview":"max-image-preview:large","max-video-preview":"max-video-preview:-1"},"canonical":"https:\/\/www.kontinenzzentrum.ch\/en\/about-us\/contact.html","og_locale":"en_GB","og_type":"article","og_title":"Contact Us | Continence Center Hirslanden, Zurich (CH)","og_description":"Contact KontinenzZentrum AG Switzerland www.kontinenzzentrum.ch Opening hours: Monday to Friday 8 am to 5 pm For Patients Please use our contact form to arrange an appointment at the Hirslanden Continence Centre in Zurich. Make an Appointment Online For Referring Physicians Referring physicians can find information and contact details on the following page. Referrer Information and [&hellip;]","og_url":"https:\/\/www.kontinenzzentrum.ch\/en\/about-us\/contact.html","og_site_name":"KontinenzZentrum","article_modified_time":"2025-09-17T07:23:39+00:00","og_image":[{"width":1920,"height":450,"url":"https:\/\/www.kontinenzzentrum.ch\/wp-content\/uploads\/ueber-uns-kontakt-1176.jpeg","type":"image\/jpeg"}],"twitter_card":"summary_large_image","twitter_misc":{"Estimated reading time":"2 minutes"},"schema":{"@context":"https:\/\/schema.org","@graph":[{"@type":"WebPage","@id":"https:\/\/www.kontinenzzentrum.ch\/en\/about-us\/contact.html","url":"https:\/\/www.kontinenzzentrum.ch\/en\/about-us\/contact.html","name":"Contact Us | Continence Center Hirslanden, Zurich (CH)","isPartOf":{"@id":"https:\/\/www.kontinenzzentrum.ch\/de\/#website"},"primaryImageOfPage":{"@id":"https:\/\/www.kontinenzzentrum.ch\/en\/about-us\/contact.html#primaryimage"},"image":{"@id":"https:\/\/www.kontinenzzentrum.ch\/en\/about-us\/contact.html#primaryimage"},"thumbnailUrl":"https:\/\/www.kontinenzzentrum.ch\/wp-content\/uploads\/ueber-uns-kontakt-1176.jpeg","datePublished":"2023-02-27T14:21:15+00:00","dateModified":"2025-09-17T07:23:39+00:00","breadcrumb":{"@id":"https:\/\/www.kontinenzzentrum.ch\/en\/about-us\/contact.html#breadcrumb"},"inLanguage":"en-GB","potentialAction":[{"@type":"ReadAction","target":["https:\/\/www.kontinenzzentrum.ch\/en\/about-us\/contact.html"]}]},{"@type":"ImageObject","inLanguage":"en-GB","@id":"https:\/\/www.kontinenzzentrum.ch\/en\/about-us\/contact.html#primaryimage","url":"https:\/\/www.kontinenzzentrum.ch\/wp-content\/uploads\/ueber-uns-kontakt-1176.jpeg","contentUrl":"https:\/\/www.kontinenzzentrum.ch\/wp-content\/uploads\/ueber-uns-kontakt-1176.jpeg","width":1920,"height":450},{"@type":"BreadcrumbList","@id":"https:\/\/www.kontinenzzentrum.ch\/en\/about-us\/contact.html#breadcrumb","itemListElement":[{"@type":"ListItem","position":1,"name":"Startseite","item":"https:\/\/www.kontinenzzentrum.ch\/en"},{"@type":"ListItem","position":2,"name":"About us","item":"https:\/\/www.kontinenzzentrum.ch\/en\/about-us.html"},{"@type":"ListItem","position":3,"name":"Contact"}]},{"@type":"WebSite","@id":"https:\/\/www.kontinenzzentrum.ch\/de\/#website","url":"https:\/\/www.kontinenzzentrum.ch\/de\/","name":"KontinenzZentrum Hirslanden Z\u00fcrich","description":"KontinenzZentrum Hirslanden Z\u00fcrich: Blasenst\u00f6rungen & Inkontinenz","publisher":{"@id":"https:\/\/www.kontinenzzentrum.ch\/de\/#organization"},"potentialAction":[{"@type":"SearchAction","target":{"@type":"EntryPoint","urlTemplate":"https:\/\/www.kontinenzzentrum.ch\/de\/?s={search_term_string}"},"query-input":{"@type":"PropertyValueSpecification","valueRequired":true,"valueName":"search_term_string"}}],"inLanguage":"en-GB"},{"@type":"Organization","@id":"https:\/\/www.kontinenzzentrum.ch\/de\/#organization","name":"KontinenzZentrum Hirslanden Z\u00fcrich","url":"https:\/\/www.kontinenzzentrum.ch\/de\/","logo":{"@type":"ImageObject","inLanguage":"en-GB","@id":"https:\/\/www.kontinenzzentrum.ch\/de\/#\/schema\/logo\/image\/","url":"https:\/\/www.kontinenzzentrum.ch\/wp-content\/uploads\/Logo_KontinenzZentrum.png","contentUrl":"https:\/\/www.kontinenzzentrum.ch\/wp-content\/uploads\/Logo_KontinenzZentrum.png","width":800,"height":142,"caption":"KontinenzZentrum Hirslanden Z\u00fcrich"},"image":{"@id":"https:\/\/www.kontinenzzentrum.ch\/de\/#\/schema\/logo\/image\/"}}]}},"_links":{"self":[{"href":"https:\/\/www.kontinenzzentrum.ch\/en\/wp-json\/wp\/v2\/pages\/2325","targetHints":{"allow":["GET"]}}],"collection":[{"href":"https:\/\/www.kontinenzzentrum.ch\/en\/wp-json\/wp\/v2\/pages"}],"about":[{"href":"https:\/\/www.kontinenzzentrum.ch\/en\/wp-json\/wp\/v2\/types\/page"}],"author":[{"embeddable":true,"href":"https:\/\/www.kontinenzzentrum.ch\/en\/wp-json\/wp\/v2\/users\/1"}],"replies":[{"embeddable":true,"href":"https:\/\/www.kontinenzzentrum.ch\/en\/wp-json\/wp\/v2\/comments?post=2325"}],"version-history":[{"count":10,"href":"https:\/\/www.kontinenzzentrum.ch\/en\/wp-json\/wp\/v2\/pages\/2325\/revisions"}],"predecessor-version":[{"id":4572,"href":"https:\/\/www.kontinenzzentrum.ch\/en\/wp-json\/wp\/v2\/pages\/2325\/revisions\/4572"}],"up":[{"embeddable":true,"href":"https:\/\/www.kontinenzzentrum.ch\/en\/wp-json\/wp\/v2\/pages\/2207"}],"wp:featuredmedia":[{"embeddable":true,"href":"https:\/\/www.kontinenzzentrum.ch\/en\/wp-json\/wp\/v2\/media\/1299"}],"wp:attachment":[{"href":"https:\/\/www.kontinenzzentrum.ch\/en\/wp-json\/wp\/v2\/media?parent=2325"}],"curies":[{"name":"wp","href":"https:\/\/api.w.org\/{rel}","templated":true}]}}