{"id":2340,"date":"2023-02-10T13:38:45","date_gmt":"2023-02-10T12:38:45","guid":{"rendered":"https:\/\/www.kontinenzzentrum.ch\/diseases\/neurogenic-bladder-disorders\/hirnverletzung\/"},"modified":"2023-03-15T15:56:01","modified_gmt":"2023-03-15T14:56:01","slug":"brain-injury","status":"publish","type":"page","link":"https:\/\/www.kontinenzzentrum.ch\/en\/diseases\/neurogenic-bladder-disorders\/brain-injury.html","title":{"rendered":"Brain injury"},"content":{"rendered":"<div id=\"pl-2340\"  class=\"panel-layout\" ><div id=\"pg-2340-0\"  class=\"panel-grid panel-no-style\" ><div id=\"pgc-2340-0-0\"  class=\"panel-grid-cell\" ><div id=\"panel-2340-0-0-0\" class=\"so-panel widget widget_sow-editor panel-first-child panel-last-child\" data-index=\"0\" ><div\n\t\t\t\n\t\t\tclass=\"so-widget-sow-editor so-widget-sow-editor-base\"\n\t\t\t\n\t\t>\n<div class=\"siteorigin-widget-tinymce textwidget\">\n\t<h1>Traumatic brain injury<\/h1>\n<p>A blow to the head in an accident or fall can also damage the brain. The areas of the brain that govern the volitional control of the bladder and the urethral sphincter are located in the front part of the brain, known as the frontal lobe. If these nerve cells are damaged, the bladder acts in a similar way to an infant who has not yet learnt bladder control: it fills up to a certain volume and then empties itself reflexively, without the person affected being able to control it. The consequences are a more frequent, strong urge to urinate, frequent urination, and in many cases distinct urge incontinence. Young sufferers in particular, with only slight damage, frequent recover bladder control after a few weeks or months. If the condition continues to exist three months after the accident, an assessment and treatment is recommended.<\/p>\n<\/div>\n<\/div><\/div><\/div><\/div><\/div>","protected":false},"excerpt":{"rendered":"<p>Traumatic brain injury A blow to the head in an accident or fall can also damage the brain. The areas of the brain that govern the volitional control of the bladder and the urethral sphincter are located in the front part of the brain, known as the frontal lobe. If these nerve cells are damaged, [&hellip;]<\/p>\n","protected":false},"author":1,"featured_media":1206,"parent":2336,"menu_order":0,"comment_status":"closed","ping_status":"closed","template":"","meta":{"_acf_changed":false,"footnotes":""},"class_list":["post-2340","page","type-page","status-publish","has-post-thumbnail","hentry"],"acf":[],"yoast_head":"<!-- This site is optimized with the Yoast SEO plugin v26.9 - https:\/\/yoast.com\/product\/yoast-seo-wordpress\/ -->\n<title>Brain injury<\/title>\n<meta name=\"robots\" content=\"index, follow, max-snippet:-1, max-image-preview:large, max-video-preview:-1\" \/>\n<link rel=\"canonical\" href=\"https:\/\/www.kontinenzzentrum.ch\/en\/diseases\/neurogenic-bladder-disorders\/brain-injury.html\" \/>\n<meta property=\"og:locale\" content=\"en_GB\" \/>\n<meta property=\"og:type\" content=\"article\" \/>\n<meta property=\"og:title\" content=\"Brain injury\" \/>\n<meta property=\"og:description\" content=\"Traumatic brain injury A blow to the head in an accident or fall can also damage the brain. The areas of the brain that govern the volitional control of the bladder and the urethral sphincter are located in the front part of the brain, known as the frontal lobe. If these nerve cells are damaged, [&hellip;]\" \/>\n<meta property=\"og:url\" content=\"https:\/\/www.kontinenzzentrum.ch\/en\/diseases\/neurogenic-bladder-disorders\/brain-injury.html\" \/>\n<meta property=\"og:site_name\" content=\"KontinenzZentrum\" \/>\n<meta property=\"article:modified_time\" content=\"2023-03-15T14:56:01+00:00\" \/>\n<meta property=\"og:image\" content=\"https:\/\/www.kontinenzzentrum.ch\/wp-content\/uploads\/kompetenz-neurourologie-212996.jpeg\" \/>\n\t<meta property=\"og:image:width\" content=\"1920\" \/>\n\t<meta property=\"og:image:height\" content=\"450\" \/>\n\t<meta property=\"og:image:type\" content=\"image\/jpeg\" \/>\n<meta name=\"twitter:card\" content=\"summary_large_image\" \/>\n<meta name=\"twitter:label1\" content=\"Estimated reading time\" \/>\n\t<meta name=\"twitter:data1\" content=\"4 minutes\" \/>\n<script type=\"application\/ld+json\" class=\"yoast-schema-graph\">{\"@context\":\"https:\/\/schema.org\",\"@graph\":[{\"@type\":\"WebPage\",\"@id\":\"https:\/\/www.kontinenzzentrum.ch\/en\/diseases\/neurogenic-bladder-disorders\/brain-injury.html\",\"url\":\"https:\/\/www.kontinenzzentrum.ch\/en\/diseases\/neurogenic-bladder-disorders\/brain-injury.html\",\"name\":\"Brain injury\",\"isPartOf\":{\"@id\":\"https:\/\/www.kontinenzzentrum.ch\/de\/#website\"},\"primaryImageOfPage\":{\"@id\":\"https:\/\/www.kontinenzzentrum.ch\/en\/diseases\/neurogenic-bladder-disorders\/brain-injury.html#primaryimage\"},\"image\":{\"@id\":\"https:\/\/www.kontinenzzentrum.ch\/en\/diseases\/neurogenic-bladder-disorders\/brain-injury.html#primaryimage\"},\"thumbnailUrl\":\"https:\/\/www.kontinenzzentrum.ch\/wp-content\/uploads\/kompetenz-neurourologie-212996.jpeg\",\"datePublished\":\"2023-02-10T12:38:45+00:00\",\"dateModified\":\"2023-03-15T14:56:01+00:00\",\"breadcrumb\":{\"@id\":\"https:\/\/www.kontinenzzentrum.ch\/en\/diseases\/neurogenic-bladder-disorders\/brain-injury.html#breadcrumb\"},\"inLanguage\":\"en-GB\",\"potentialAction\":[{\"@type\":\"ReadAction\",\"target\":[\"https:\/\/www.kontinenzzentrum.ch\/en\/diseases\/neurogenic-bladder-disorders\/brain-injury.html\"]}]},{\"@type\":\"ImageObject\",\"inLanguage\":\"en-GB\",\"@id\":\"https:\/\/www.kontinenzzentrum.ch\/en\/diseases\/neurogenic-bladder-disorders\/brain-injury.html#primaryimage\",\"url\":\"https:\/\/www.kontinenzzentrum.ch\/wp-content\/uploads\/kompetenz-neurourologie-212996.jpeg\",\"contentUrl\":\"https:\/\/www.kontinenzzentrum.ch\/wp-content\/uploads\/kompetenz-neurourologie-212996.jpeg\",\"width\":1920,\"height\":450},{\"@type\":\"BreadcrumbList\",\"@id\":\"https:\/\/www.kontinenzzentrum.ch\/en\/diseases\/neurogenic-bladder-disorders\/brain-injury.html#breadcrumb\",\"itemListElement\":[{\"@type\":\"ListItem\",\"position\":1,\"name\":\"Startseite\",\"item\":\"https:\/\/www.kontinenzzentrum.ch\/en\"},{\"@type\":\"ListItem\",\"position\":2,\"name\":\"Diseases\",\"item\":\"https:\/\/www.kontinenzzentrum.ch\/en\/diseases.html\"},{\"@type\":\"ListItem\",\"position\":3,\"name\":\"Neurogenic bladder disorders\",\"item\":\"https:\/\/www.kontinenzzentrum.ch\/en\/diseases\/neurogenic-bladder-disorders.html\"},{\"@type\":\"ListItem\",\"position\":4,\"name\":\"Brain injury\"}]},{\"@type\":\"WebSite\",\"@id\":\"https:\/\/www.kontinenzzentrum.ch\/de\/#website\",\"url\":\"https:\/\/www.kontinenzzentrum.ch\/de\/\",\"name\":\"KontinenzZentrum Hirslanden Z\u00fcrich\",\"description\":\"KontinenzZentrum Hirslanden Z\u00fcrich: Blasenst\u00f6rungen & Inkontinenz\",\"publisher\":{\"@id\":\"https:\/\/www.kontinenzzentrum.ch\/de\/#organization\"},\"potentialAction\":[{\"@type\":\"SearchAction\",\"target\":{\"@type\":\"EntryPoint\",\"urlTemplate\":\"https:\/\/www.kontinenzzentrum.ch\/de\/?s={search_term_string}\"},\"query-input\":{\"@type\":\"PropertyValueSpecification\",\"valueRequired\":true,\"valueName\":\"search_term_string\"}}],\"inLanguage\":\"en-GB\"},{\"@type\":\"Organization\",\"@id\":\"https:\/\/www.kontinenzzentrum.ch\/de\/#organization\",\"name\":\"KontinenzZentrum Hirslanden Z\u00fcrich\",\"url\":\"https:\/\/www.kontinenzzentrum.ch\/de\/\",\"logo\":{\"@type\":\"ImageObject\",\"inLanguage\":\"en-GB\",\"@id\":\"https:\/\/www.kontinenzzentrum.ch\/de\/#\/schema\/logo\/image\/\",\"url\":\"https:\/\/www.kontinenzzentrum.ch\/wp-content\/uploads\/Logo_KontinenzZentrum.png\",\"contentUrl\":\"https:\/\/www.kontinenzzentrum.ch\/wp-content\/uploads\/Logo_KontinenzZentrum.png\",\"width\":800,\"height\":142,\"caption\":\"KontinenzZentrum Hirslanden Z\u00fcrich\"},\"image\":{\"@id\":\"https:\/\/www.kontinenzzentrum.ch\/de\/#\/schema\/logo\/image\/\"}}]}<\/script>\n<!-- \/ Yoast SEO plugin. -->","yoast_head_json":{"title":"Brain injury","robots":{"index":"index","follow":"follow","max-snippet":"max-snippet:-1","max-image-preview":"max-image-preview:large","max-video-preview":"max-video-preview:-1"},"canonical":"https:\/\/www.kontinenzzentrum.ch\/en\/diseases\/neurogenic-bladder-disorders\/brain-injury.html","og_locale":"en_GB","og_type":"article","og_title":"Brain injury","og_description":"Traumatic brain injury A blow to the head in an accident or fall can also damage the brain. The areas of the brain that govern the volitional control of the bladder and the urethral sphincter are located in the front part of the brain, known as the frontal lobe. If these nerve cells are damaged, [&hellip;]","og_url":"https:\/\/www.kontinenzzentrum.ch\/en\/diseases\/neurogenic-bladder-disorders\/brain-injury.html","og_site_name":"KontinenzZentrum","article_modified_time":"2023-03-15T14:56:01+00:00","og_image":[{"width":1920,"height":450,"url":"https:\/\/www.kontinenzzentrum.ch\/wp-content\/uploads\/kompetenz-neurourologie-212996.jpeg","type":"image\/jpeg"}],"twitter_card":"summary_large_image","twitter_misc":{"Estimated reading time":"4 minutes"},"schema":{"@context":"https:\/\/schema.org","@graph":[{"@type":"WebPage","@id":"https:\/\/www.kontinenzzentrum.ch\/en\/diseases\/neurogenic-bladder-disorders\/brain-injury.html","url":"https:\/\/www.kontinenzzentrum.ch\/en\/diseases\/neurogenic-bladder-disorders\/brain-injury.html","name":"Brain injury","isPartOf":{"@id":"https:\/\/www.kontinenzzentrum.ch\/de\/#website"},"primaryImageOfPage":{"@id":"https:\/\/www.kontinenzzentrum.ch\/en\/diseases\/neurogenic-bladder-disorders\/brain-injury.html#primaryimage"},"image":{"@id":"https:\/\/www.kontinenzzentrum.ch\/en\/diseases\/neurogenic-bladder-disorders\/brain-injury.html#primaryimage"},"thumbnailUrl":"https:\/\/www.kontinenzzentrum.ch\/wp-content\/uploads\/kompetenz-neurourologie-212996.jpeg","datePublished":"2023-02-10T12:38:45+00:00","dateModified":"2023-03-15T14:56:01+00:00","breadcrumb":{"@id":"https:\/\/www.kontinenzzentrum.ch\/en\/diseases\/neurogenic-bladder-disorders\/brain-injury.html#breadcrumb"},"inLanguage":"en-GB","potentialAction":[{"@type":"ReadAction","target":["https:\/\/www.kontinenzzentrum.ch\/en\/diseases\/neurogenic-bladder-disorders\/brain-injury.html"]}]},{"@type":"ImageObject","inLanguage":"en-GB","@id":"https:\/\/www.kontinenzzentrum.ch\/en\/diseases\/neurogenic-bladder-disorders\/brain-injury.html#primaryimage","url":"https:\/\/www.kontinenzzentrum.ch\/wp-content\/uploads\/kompetenz-neurourologie-212996.jpeg","contentUrl":"https:\/\/www.kontinenzzentrum.ch\/wp-content\/uploads\/kompetenz-neurourologie-212996.jpeg","width":1920,"height":450},{"@type":"BreadcrumbList","@id":"https:\/\/www.kontinenzzentrum.ch\/en\/diseases\/neurogenic-bladder-disorders\/brain-injury.html#breadcrumb","itemListElement":[{"@type":"ListItem","position":1,"name":"Startseite","item":"https:\/\/www.kontinenzzentrum.ch\/en"},{"@type":"ListItem","position":2,"name":"Diseases","item":"https:\/\/www.kontinenzzentrum.ch\/en\/diseases.html"},{"@type":"ListItem","position":3,"name":"Neurogenic bladder disorders","item":"https:\/\/www.kontinenzzentrum.ch\/en\/diseases\/neurogenic-bladder-disorders.html"},{"@type":"ListItem","position":4,"name":"Brain injury"}]},{"@type":"WebSite","@id":"https:\/\/www.kontinenzzentrum.ch\/de\/#website","url":"https:\/\/www.kontinenzzentrum.ch\/de\/","name":"KontinenzZentrum Hirslanden Z\u00fcrich","description":"KontinenzZentrum Hirslanden Z\u00fcrich: Blasenst\u00f6rungen & Inkontinenz","publisher":{"@id":"https:\/\/www.kontinenzzentrum.ch\/de\/#organization"},"potentialAction":[{"@type":"SearchAction","target":{"@type":"EntryPoint","urlTemplate":"https:\/\/www.kontinenzzentrum.ch\/de\/?s={search_term_string}"},"query-input":{"@type":"PropertyValueSpecification","valueRequired":true,"valueName":"search_term_string"}}],"inLanguage":"en-GB"},{"@type":"Organization","@id":"https:\/\/www.kontinenzzentrum.ch\/de\/#organization","name":"KontinenzZentrum Hirslanden Z\u00fcrich","url":"https:\/\/www.kontinenzzentrum.ch\/de\/","logo":{"@type":"ImageObject","inLanguage":"en-GB","@id":"https:\/\/www.kontinenzzentrum.ch\/de\/#\/schema\/logo\/image\/","url":"https:\/\/www.kontinenzzentrum.ch\/wp-content\/uploads\/Logo_KontinenzZentrum.png","contentUrl":"https:\/\/www.kontinenzzentrum.ch\/wp-content\/uploads\/Logo_KontinenzZentrum.png","width":800,"height":142,"caption":"KontinenzZentrum Hirslanden Z\u00fcrich"},"image":{"@id":"https:\/\/www.kontinenzzentrum.ch\/de\/#\/schema\/logo\/image\/"}}]}},"_links":{"self":[{"href":"https:\/\/www.kontinenzzentrum.ch\/en\/wp-json\/wp\/v2\/pages\/2340","targetHints":{"allow":["GET"]}}],"collection":[{"href":"https:\/\/www.kontinenzzentrum.ch\/en\/wp-json\/wp\/v2\/pages"}],"about":[{"href":"https:\/\/www.kontinenzzentrum.ch\/en\/wp-json\/wp\/v2\/types\/page"}],"author":[{"embeddable":true,"href":"https:\/\/www.kontinenzzentrum.ch\/en\/wp-json\/wp\/v2\/users\/1"}],"replies":[{"embeddable":true,"href":"https:\/\/www.kontinenzzentrum.ch\/en\/wp-json\/wp\/v2\/comments?post=2340"}],"version-history":[{"count":3,"href":"https:\/\/www.kontinenzzentrum.ch\/en\/wp-json\/wp\/v2\/pages\/2340\/revisions"}],"predecessor-version":[{"id":2343,"href":"https:\/\/www.kontinenzzentrum.ch\/en\/wp-json\/wp\/v2\/pages\/2340\/revisions\/2343"}],"up":[{"embeddable":true,"href":"https:\/\/www.kontinenzzentrum.ch\/en\/wp-json\/wp\/v2\/pages\/2336"}],"wp:featuredmedia":[{"embeddable":true,"href":"https:\/\/www.kontinenzzentrum.ch\/en\/wp-json\/wp\/v2\/media\/1206"}],"wp:attachment":[{"href":"https:\/\/www.kontinenzzentrum.ch\/en\/wp-json\/wp\/v2\/media?parent=2340"}],"curies":[{"name":"wp","href":"https:\/\/api.w.org\/{rel}","templated":true}]}}