{"id":2405,"date":"2023-03-16T14:54:48","date_gmt":"2023-03-16T13:54:48","guid":{"rendered":"https:\/\/www.kontinenzzentrum.ch\/?page_id=2405"},"modified":"2023-06-08T14:20:08","modified_gmt":"2023-06-08T12:20:08","slug":"pelvic-rehabilitation-program","status":"publish","type":"page","link":"https:\/\/www.kontinenzzentrum.ch\/en\/pelvic-rehabilitation-program.html","title":{"rendered":"Pelvic rehabilitation program"},"content":{"rendered":"<div id=\"pl-2405\"  class=\"panel-layout\" ><div id=\"pg-2405-0\"  class=\"panel-grid panel-no-style\" ><div id=\"pgc-2405-0-0\"  class=\"panel-grid-cell\" ><div id=\"panel-2405-0-0-0\" class=\"so-panel widget widget_sow-editor panel-first-child\" data-index=\"0\" ><div\n\t\t\t\n\t\t\tclass=\"so-widget-sow-editor so-widget-sow-editor-base\"\n\t\t\t\n\t\t>\n<div class=\"siteorigin-widget-tinymce textwidget\">\n\t<h1>Welcome at the ZURICH PELVIC REHABILITATION PROGRAM<\/h1>\n<h2>STATE OF THE ART technologies and broad interdisciplinary expertise.<\/h2>\n<p><img decoding=\"async\" class=\"alignright\" title=\"\" src=\"https:\/\/www.kontinenzzentrum.ch\/wp-content\/uploads\/reitz_gespraech_kopie_2.jpeg\" alt=\"\" width=\"462\" height=\"308\" \/><br \/>\nMany people affected by spinal cord or brain injuries, strokes, Parkinson\u2019s disease, multiple sclerosis or other neurological diseases suffer from pelvic organ dysfunction. Modern treatment concepts can effectively control these problems, thus avoiding medical complications and improving the quality of life of those affected. At the ZURICH PELVIC REHABILITATION PROGRAM, we offer careful and comprehensive evaluations and an extensive spectrum of individualized treatment options for pelvic organ dysfunctions.<\/p>\n<p>Pelvic organ dysfunction can affect anybody \u2013 young and old, women and men.Thanks to enormous progress, embracing discoveries and new technologies, today effective treatments of bladder, bowel and sexual dysfunctions are possible. Complications can be avoided and quality of life can be reestablished. At the KontinenzZentrum Hirslanden, experienced specialists treat women, men and children affected by pelvic organ dysfunction, different types of incontinence and voiding dysfunction. Our longstanding experience and specialized expertise make it possible for us to evaluate a broad spectrum of medical problems, as we approach every person individually and go on to achieve successful treatments with them.<\/p>\n<p>Don\u2019t hesitate to contact us \u2013 we\u2019ll help you to find your personal solution!<\/p>\n<\/div>\n<\/div><\/div><div id=\"panel-2405-0-0-1\" class=\"so-panel widget widget_sow-editor panel-last-child\" data-index=\"1\" ><div class=\"fn-lines panel-widget-style panel-widget-style-for-2405-0-0-1\" ><div\n\t\t\t\n\t\t\tclass=\"so-widget-sow-editor so-widget-sow-editor-base\"\n\t\t\t\n\t\t>\n<div class=\"siteorigin-widget-tinymce textwidget\">\n\t<ul>\n<li><a class=\"\" href=\"https:\/\/www.kontinenzzentrum.ch\/en\/pelvic-rehabilitation-program\/our-service-to-you.html\">Our service to you<\/a><\/li>\n<li><a class=\"\" href=\"https:\/\/www.kontinenzzentrum.ch\/en\/pelvic-rehabilitation-program\/who-benefits-from-this-program.html\">Who benefits from this program?<\/a><\/li>\n<li><a class=\"\" href=\"https:\/\/www.kontinenzzentrum.ch\/en\/pelvic-rehabilitation-program\/initial-evaluation.html\">Initial evaluation<\/a><\/li>\n<li><a class=\"\" href=\"https:\/\/www.kontinenzzentrum.ch\/en\/pelvic-rehabilitation-program\/follow-up-evaluation.html\">Follow-up evaluation<\/a><\/li>\n<li><a class=\"\" href=\"https:\/\/www.kontinenzzentrum.ch\/en\/pelvic-rehabilitation-program\/additional-medical-services.html\">Additional medical services<\/a><\/li>\n<li><a class=\"\" href=\"https:\/\/www.kontinenzzentrum.ch\/en\/pelvic-rehabilitation-program\/treatment-options.html\">Treatment options<\/a><\/li>\n<li><a class=\"\" href=\"https:\/\/www.kontinenzzentrum.ch\/en\/pelvic-rehabilitation-program\/download-program-brochure.html\">Download program brochure<\/a><\/li>\n<\/ul>\n<\/div>\n<\/div><\/div><\/div><\/div><\/div><\/div>","protected":false},"excerpt":{"rendered":"<p>Welcome at the ZURICH PELVIC REHABILITATION PROGRAM STATE OF THE ART technologies and broad interdisciplinary expertise. Many people affected by spinal cord or brain injuries, strokes, Parkinson\u2019s disease, multiple sclerosis or other neurological diseases suffer from pelvic organ dysfunction. Modern treatment concepts can effectively control these problems, thus avoiding medical complications and improving the quality [&hellip;]<\/p>\n","protected":false},"author":1,"featured_media":0,"parent":0,"menu_order":0,"comment_status":"closed","ping_status":"closed","template":"","meta":{"_acf_changed":false,"footnotes":""},"class_list":["post-2405","page","type-page","status-publish","hentry"],"acf":[],"yoast_head":"<!-- This site is optimized with the Yoast SEO plugin v26.9 - https:\/\/yoast.com\/product\/yoast-seo-wordpress\/ -->\n<title>Pelvic rehabilitation program<\/title>\n<meta name=\"robots\" content=\"index, follow, max-snippet:-1, max-image-preview:large, max-video-preview:-1\" \/>\n<link rel=\"canonical\" href=\"https:\/\/www.kontinenzzentrum.ch\/en\/pelvic-rehabilitation-program.html\" \/>\n<meta property=\"og:locale\" content=\"en_GB\" \/>\n<meta property=\"og:type\" content=\"article\" \/>\n<meta property=\"og:title\" content=\"Pelvic rehabilitation program\" \/>\n<meta property=\"og:description\" content=\"Welcome at the ZURICH PELVIC REHABILITATION PROGRAM STATE OF THE ART technologies and broad interdisciplinary expertise. Many people affected by spinal cord or brain injuries, strokes, Parkinson\u2019s disease, multiple sclerosis or other neurological diseases suffer from pelvic organ dysfunction. Modern treatment concepts can effectively control these problems, thus avoiding medical complications and improving the quality [&hellip;]\" \/>\n<meta property=\"og:url\" content=\"https:\/\/www.kontinenzzentrum.ch\/en\/pelvic-rehabilitation-program.html\" \/>\n<meta property=\"og:site_name\" content=\"KontinenzZentrum\" \/>\n<meta property=\"article:modified_time\" content=\"2023-06-08T12:20:08+00:00\" \/>\n<meta property=\"og:image\" content=\"https:\/\/www.kontinenzzentrum.ch\/wp-content\/uploads\/reitz_gespraech_kopie_2.jpeg\" \/>\n<meta name=\"twitter:card\" content=\"summary_large_image\" \/>\n<meta name=\"twitter:label1\" content=\"Estimated reading time\" \/>\n\t<meta name=\"twitter:data1\" content=\"2 minutes\" \/>\n<script type=\"application\/ld+json\" class=\"yoast-schema-graph\">{\"@context\":\"https:\/\/schema.org\",\"@graph\":[{\"@type\":\"WebPage\",\"@id\":\"https:\/\/www.kontinenzzentrum.ch\/en\/pelvic-rehabilitation-program.html\",\"url\":\"https:\/\/www.kontinenzzentrum.ch\/en\/pelvic-rehabilitation-program.html\",\"name\":\"Pelvic rehabilitation program\",\"isPartOf\":{\"@id\":\"https:\/\/www.kontinenzzentrum.ch\/de\/#website\"},\"primaryImageOfPage\":{\"@id\":\"https:\/\/www.kontinenzzentrum.ch\/en\/pelvic-rehabilitation-program.html#primaryimage\"},\"image\":{\"@id\":\"https:\/\/www.kontinenzzentrum.ch\/en\/pelvic-rehabilitation-program.html#primaryimage\"},\"thumbnailUrl\":\"https:\/\/www.kontinenzzentrum.ch\/wp-content\/uploads\/reitz_gespraech_kopie_2.jpeg\",\"datePublished\":\"2023-03-16T13:54:48+00:00\",\"dateModified\":\"2023-06-08T12:20:08+00:00\",\"breadcrumb\":{\"@id\":\"https:\/\/www.kontinenzzentrum.ch\/en\/pelvic-rehabilitation-program.html#breadcrumb\"},\"inLanguage\":\"en-GB\",\"potentialAction\":[{\"@type\":\"ReadAction\",\"target\":[\"https:\/\/www.kontinenzzentrum.ch\/en\/pelvic-rehabilitation-program.html\"]}]},{\"@type\":\"ImageObject\",\"inLanguage\":\"en-GB\",\"@id\":\"https:\/\/www.kontinenzzentrum.ch\/en\/pelvic-rehabilitation-program.html#primaryimage\",\"url\":\"https:\/\/www.kontinenzzentrum.ch\/wp-content\/uploads\/reitz_gespraech_kopie_2.jpeg\",\"contentUrl\":\"https:\/\/www.kontinenzzentrum.ch\/wp-content\/uploads\/reitz_gespraech_kopie_2.jpeg\"},{\"@type\":\"BreadcrumbList\",\"@id\":\"https:\/\/www.kontinenzzentrum.ch\/en\/pelvic-rehabilitation-program.html#breadcrumb\",\"itemListElement\":[{\"@type\":\"ListItem\",\"position\":1,\"name\":\"Startseite\",\"item\":\"https:\/\/www.kontinenzzentrum.ch\/en\"},{\"@type\":\"ListItem\",\"position\":2,\"name\":\"Pelvic rehabilitation program\"}]},{\"@type\":\"WebSite\",\"@id\":\"https:\/\/www.kontinenzzentrum.ch\/de\/#website\",\"url\":\"https:\/\/www.kontinenzzentrum.ch\/de\/\",\"name\":\"KontinenzZentrum Hirslanden Z\u00fcrich\",\"description\":\"KontinenzZentrum Hirslanden Z\u00fcrich: Blasenst\u00f6rungen & Inkontinenz\",\"publisher\":{\"@id\":\"https:\/\/www.kontinenzzentrum.ch\/de\/#organization\"},\"potentialAction\":[{\"@type\":\"SearchAction\",\"target\":{\"@type\":\"EntryPoint\",\"urlTemplate\":\"https:\/\/www.kontinenzzentrum.ch\/de\/?s={search_term_string}\"},\"query-input\":{\"@type\":\"PropertyValueSpecification\",\"valueRequired\":true,\"valueName\":\"search_term_string\"}}],\"inLanguage\":\"en-GB\"},{\"@type\":\"Organization\",\"@id\":\"https:\/\/www.kontinenzzentrum.ch\/de\/#organization\",\"name\":\"KontinenzZentrum Hirslanden Z\u00fcrich\",\"url\":\"https:\/\/www.kontinenzzentrum.ch\/de\/\",\"logo\":{\"@type\":\"ImageObject\",\"inLanguage\":\"en-GB\",\"@id\":\"https:\/\/www.kontinenzzentrum.ch\/de\/#\/schema\/logo\/image\/\",\"url\":\"https:\/\/www.kontinenzzentrum.ch\/wp-content\/uploads\/Logo_KontinenzZentrum.png\",\"contentUrl\":\"https:\/\/www.kontinenzzentrum.ch\/wp-content\/uploads\/Logo_KontinenzZentrum.png\",\"width\":800,\"height\":142,\"caption\":\"KontinenzZentrum Hirslanden Z\u00fcrich\"},\"image\":{\"@id\":\"https:\/\/www.kontinenzzentrum.ch\/de\/#\/schema\/logo\/image\/\"}}]}<\/script>\n<!-- \/ Yoast SEO plugin. -->","yoast_head_json":{"title":"Pelvic rehabilitation program","robots":{"index":"index","follow":"follow","max-snippet":"max-snippet:-1","max-image-preview":"max-image-preview:large","max-video-preview":"max-video-preview:-1"},"canonical":"https:\/\/www.kontinenzzentrum.ch\/en\/pelvic-rehabilitation-program.html","og_locale":"en_GB","og_type":"article","og_title":"Pelvic rehabilitation program","og_description":"Welcome at the ZURICH PELVIC REHABILITATION PROGRAM STATE OF THE ART technologies and broad interdisciplinary expertise. Many people affected by spinal cord or brain injuries, strokes, Parkinson\u2019s disease, multiple sclerosis or other neurological diseases suffer from pelvic organ dysfunction. Modern treatment concepts can effectively control these problems, thus avoiding medical complications and improving the quality [&hellip;]","og_url":"https:\/\/www.kontinenzzentrum.ch\/en\/pelvic-rehabilitation-program.html","og_site_name":"KontinenzZentrum","article_modified_time":"2023-06-08T12:20:08+00:00","og_image":[{"url":"https:\/\/www.kontinenzzentrum.ch\/wp-content\/uploads\/reitz_gespraech_kopie_2.jpeg","type":"","width":"","height":""}],"twitter_card":"summary_large_image","twitter_misc":{"Estimated reading time":"2 minutes"},"schema":{"@context":"https:\/\/schema.org","@graph":[{"@type":"WebPage","@id":"https:\/\/www.kontinenzzentrum.ch\/en\/pelvic-rehabilitation-program.html","url":"https:\/\/www.kontinenzzentrum.ch\/en\/pelvic-rehabilitation-program.html","name":"Pelvic rehabilitation program","isPartOf":{"@id":"https:\/\/www.kontinenzzentrum.ch\/de\/#website"},"primaryImageOfPage":{"@id":"https:\/\/www.kontinenzzentrum.ch\/en\/pelvic-rehabilitation-program.html#primaryimage"},"image":{"@id":"https:\/\/www.kontinenzzentrum.ch\/en\/pelvic-rehabilitation-program.html#primaryimage"},"thumbnailUrl":"https:\/\/www.kontinenzzentrum.ch\/wp-content\/uploads\/reitz_gespraech_kopie_2.jpeg","datePublished":"2023-03-16T13:54:48+00:00","dateModified":"2023-06-08T12:20:08+00:00","breadcrumb":{"@id":"https:\/\/www.kontinenzzentrum.ch\/en\/pelvic-rehabilitation-program.html#breadcrumb"},"inLanguage":"en-GB","potentialAction":[{"@type":"ReadAction","target":["https:\/\/www.kontinenzzentrum.ch\/en\/pelvic-rehabilitation-program.html"]}]},{"@type":"ImageObject","inLanguage":"en-GB","@id":"https:\/\/www.kontinenzzentrum.ch\/en\/pelvic-rehabilitation-program.html#primaryimage","url":"https:\/\/www.kontinenzzentrum.ch\/wp-content\/uploads\/reitz_gespraech_kopie_2.jpeg","contentUrl":"https:\/\/www.kontinenzzentrum.ch\/wp-content\/uploads\/reitz_gespraech_kopie_2.jpeg"},{"@type":"BreadcrumbList","@id":"https:\/\/www.kontinenzzentrum.ch\/en\/pelvic-rehabilitation-program.html#breadcrumb","itemListElement":[{"@type":"ListItem","position":1,"name":"Startseite","item":"https:\/\/www.kontinenzzentrum.ch\/en"},{"@type":"ListItem","position":2,"name":"Pelvic rehabilitation program"}]},{"@type":"WebSite","@id":"https:\/\/www.kontinenzzentrum.ch\/de\/#website","url":"https:\/\/www.kontinenzzentrum.ch\/de\/","name":"KontinenzZentrum Hirslanden Z\u00fcrich","description":"KontinenzZentrum Hirslanden Z\u00fcrich: Blasenst\u00f6rungen & Inkontinenz","publisher":{"@id":"https:\/\/www.kontinenzzentrum.ch\/de\/#organization"},"potentialAction":[{"@type":"SearchAction","target":{"@type":"EntryPoint","urlTemplate":"https:\/\/www.kontinenzzentrum.ch\/de\/?s={search_term_string}"},"query-input":{"@type":"PropertyValueSpecification","valueRequired":true,"valueName":"search_term_string"}}],"inLanguage":"en-GB"},{"@type":"Organization","@id":"https:\/\/www.kontinenzzentrum.ch\/de\/#organization","name":"KontinenzZentrum Hirslanden Z\u00fcrich","url":"https:\/\/www.kontinenzzentrum.ch\/de\/","logo":{"@type":"ImageObject","inLanguage":"en-GB","@id":"https:\/\/www.kontinenzzentrum.ch\/de\/#\/schema\/logo\/image\/","url":"https:\/\/www.kontinenzzentrum.ch\/wp-content\/uploads\/Logo_KontinenzZentrum.png","contentUrl":"https:\/\/www.kontinenzzentrum.ch\/wp-content\/uploads\/Logo_KontinenzZentrum.png","width":800,"height":142,"caption":"KontinenzZentrum Hirslanden Z\u00fcrich"},"image":{"@id":"https:\/\/www.kontinenzzentrum.ch\/de\/#\/schema\/logo\/image\/"}}]}},"_links":{"self":[{"href":"https:\/\/www.kontinenzzentrum.ch\/en\/wp-json\/wp\/v2\/pages\/2405","targetHints":{"allow":["GET"]}}],"collection":[{"href":"https:\/\/www.kontinenzzentrum.ch\/en\/wp-json\/wp\/v2\/pages"}],"about":[{"href":"https:\/\/www.kontinenzzentrum.ch\/en\/wp-json\/wp\/v2\/types\/page"}],"author":[{"embeddable":true,"href":"https:\/\/www.kontinenzzentrum.ch\/en\/wp-json\/wp\/v2\/users\/1"}],"replies":[{"embeddable":true,"href":"https:\/\/www.kontinenzzentrum.ch\/en\/wp-json\/wp\/v2\/comments?post=2405"}],"version-history":[{"count":3,"href":"https:\/\/www.kontinenzzentrum.ch\/en\/wp-json\/wp\/v2\/pages\/2405\/revisions"}],"predecessor-version":[{"id":3205,"href":"https:\/\/www.kontinenzzentrum.ch\/en\/wp-json\/wp\/v2\/pages\/2405\/revisions\/3205"}],"wp:attachment":[{"href":"https:\/\/www.kontinenzzentrum.ch\/en\/wp-json\/wp\/v2\/media?parent=2405"}],"curies":[{"name":"wp","href":"https:\/\/api.w.org\/{rel}","templated":true}]}}