{"id":2413,"date":"2023-03-16T15:04:07","date_gmt":"2023-03-16T14:04:07","guid":{"rendered":"https:\/\/www.kontinenzzentrum.ch\/?page_id=2413"},"modified":"2023-03-16T15:04:07","modified_gmt":"2023-03-16T14:04:07","slug":"download-program-brochure","status":"publish","type":"page","link":"https:\/\/www.kontinenzzentrum.ch\/en\/pelvic-rehabilitation-program\/download-program-brochure.html","title":{"rendered":"Download program brochure"},"content":{"rendered":"<div id=\"pl-2413\"  class=\"panel-layout\" ><div id=\"pg-2413-0\"  class=\"panel-grid panel-no-style\" ><div id=\"pgc-2413-0-0\"  class=\"panel-grid-cell\" ><div id=\"panel-2413-0-0-0\" class=\"so-panel widget widget_sow-editor panel-first-child panel-last-child\" data-index=\"0\" ><div\n\t\t\t\n\t\t\tclass=\"so-widget-sow-editor so-widget-sow-editor-base\"\n\t\t\t\n\t\t>\n<div class=\"siteorigin-widget-tinymce textwidget\">\n\t<p><a class=\"download\" href=\"https:\/\/www.kontinenzzentrum.ch\/wp-content\/uploads\/zurich_pelvic_rehabilitation_program.pdf\" target=\"_blank\" rel=\"noopener\">Download program brochure<\/a><\/p>\n<\/div>\n<\/div><\/div><\/div><\/div><div id=\"pg-2413-1\"  class=\"panel-grid panel-no-style\" ><div id=\"pgc-2413-1-0\"  class=\"panel-grid-cell\" ><div id=\"panel-2413-1-0-0\" class=\"so-panel widget widget_sow-image panel-first-child panel-last-child\" data-index=\"1\" ><div\n\t\t\t\n\t\t\tclass=\"so-widget-sow-image so-widget-sow-image-default-8b5b6f678277-2413\"\n\t\t\t\n\t\t>\n<div class=\"sow-image-container\">\n\t\t<img \n\tsrc=\"https:\/\/www.kontinenzzentrum.ch\/wp-content\/uploads\/titel_bro_rehab.jpg\" width=\"640\" height=\"850\" srcset=\"https:\/\/www.kontinenzzentrum.ch\/wp-content\/uploads\/titel_bro_rehab.jpg 640w, https:\/\/www.kontinenzzentrum.ch\/wp-content\/uploads\/titel_bro_rehab-226x300.jpg 226w\" sizes=\"(max-width: 640px) 100vw, 640px\" alt=\"\" \t\tclass=\"so-widget-image\"\/>\n\t<\/div>\n\n<\/div><\/div><\/div><div id=\"pgc-2413-1-1\"  class=\"panel-grid-cell\" ><div id=\"panel-2413-1-1-0\" class=\"so-panel widget widget_sow-editor panel-first-child panel-last-child\" data-index=\"2\" ><div\n\t\t\t\n\t\t\tclass=\"so-widget-sow-editor so-widget-sow-editor-base\"\n\t\t\t\n\t\t>\n<div class=\"siteorigin-widget-tinymce textwidget\">\n\t<h1>Pelvic Program Broschure<\/h1>\n<h2>KontinenzZentrum Hirslanden<\/h2>\n<p>We are specialists who treat women, men and children affected by voiding dysfunction, bladder and pelvic floor dysfunction and all forms of incontinence.<\/p>\n<p><strong>Talk with us about your problems \u2013 we\u2019d love to help you find your personal solution!<\/strong><\/p>\n<\/div>\n<\/div><\/div><\/div><\/div><\/div>","protected":false},"excerpt":{"rendered":"<p>Download program brochure Pelvic Program Broschure KontinenzZentrum Hirslanden We are specialists who treat women, men and children affected by voiding dysfunction, bladder and pelvic floor dysfunction and all forms of incontinence. Talk with us about your problems \u2013 we\u2019d love to help you find your personal solution!<\/p>\n","protected":false},"author":1,"featured_media":1267,"parent":2405,"menu_order":0,"comment_status":"closed","ping_status":"closed","template":"","meta":{"_acf_changed":false,"footnotes":""},"class_list":["post-2413","page","type-page","status-publish","has-post-thumbnail","hentry"],"acf":[],"yoast_head":"<!-- This site is optimized with the Yoast SEO plugin v26.9 - https:\/\/yoast.com\/product\/yoast-seo-wordpress\/ -->\n<title>Program brochure<\/title>\n<meta name=\"robots\" content=\"index, follow, max-snippet:-1, max-image-preview:large, max-video-preview:-1\" \/>\n<link rel=\"canonical\" href=\"https:\/\/www.kontinenzzentrum.ch\/en\/pelvic-rehabilitation-program\/download-program-brochure.html\" \/>\n<meta property=\"og:locale\" content=\"en_GB\" \/>\n<meta property=\"og:type\" content=\"article\" \/>\n<meta property=\"og:title\" content=\"Program brochure\" \/>\n<meta property=\"og:description\" content=\"Download program brochure Pelvic Program Broschure KontinenzZentrum Hirslanden We are specialists who treat women, men and children affected by voiding dysfunction, bladder and pelvic floor dysfunction and all forms of incontinence. Talk with us about your problems \u2013 we\u2019d love to help you find your personal solution!\" \/>\n<meta property=\"og:url\" content=\"https:\/\/www.kontinenzzentrum.ch\/en\/pelvic-rehabilitation-program\/download-program-brochure.html\" \/>\n<meta property=\"og:site_name\" content=\"KontinenzZentrum\" \/>\n<meta property=\"og:image\" content=\"https:\/\/www.kontinenzzentrum.ch\/wp-content\/uploads\/fachpersonen-uebersicht-9992.jpeg\" \/>\n\t<meta property=\"og:image:width\" content=\"1920\" \/>\n\t<meta property=\"og:image:height\" content=\"450\" \/>\n\t<meta property=\"og:image:type\" content=\"image\/jpeg\" \/>\n<meta name=\"twitter:card\" content=\"summary_large_image\" \/>\n<meta name=\"twitter:label1\" content=\"Estimated reading time\" \/>\n\t<meta name=\"twitter:data1\" content=\"1 minute\" \/>\n<script type=\"application\/ld+json\" class=\"yoast-schema-graph\">{\"@context\":\"https:\/\/schema.org\",\"@graph\":[{\"@type\":\"WebPage\",\"@id\":\"https:\/\/www.kontinenzzentrum.ch\/en\/pelvic-rehabilitation-program\/download-program-brochure.html\",\"url\":\"https:\/\/www.kontinenzzentrum.ch\/en\/pelvic-rehabilitation-program\/download-program-brochure.html\",\"name\":\"Program brochure\",\"isPartOf\":{\"@id\":\"https:\/\/www.kontinenzzentrum.ch\/de\/#website\"},\"primaryImageOfPage\":{\"@id\":\"https:\/\/www.kontinenzzentrum.ch\/en\/pelvic-rehabilitation-program\/download-program-brochure.html#primaryimage\"},\"image\":{\"@id\":\"https:\/\/www.kontinenzzentrum.ch\/en\/pelvic-rehabilitation-program\/download-program-brochure.html#primaryimage\"},\"thumbnailUrl\":\"https:\/\/www.kontinenzzentrum.ch\/wp-content\/uploads\/fachpersonen-uebersicht-9992.jpeg\",\"datePublished\":\"2023-03-16T14:04:07+00:00\",\"breadcrumb\":{\"@id\":\"https:\/\/www.kontinenzzentrum.ch\/en\/pelvic-rehabilitation-program\/download-program-brochure.html#breadcrumb\"},\"inLanguage\":\"en-GB\",\"potentialAction\":[{\"@type\":\"ReadAction\",\"target\":[\"https:\/\/www.kontinenzzentrum.ch\/en\/pelvic-rehabilitation-program\/download-program-brochure.html\"]}]},{\"@type\":\"ImageObject\",\"inLanguage\":\"en-GB\",\"@id\":\"https:\/\/www.kontinenzzentrum.ch\/en\/pelvic-rehabilitation-program\/download-program-brochure.html#primaryimage\",\"url\":\"https:\/\/www.kontinenzzentrum.ch\/wp-content\/uploads\/fachpersonen-uebersicht-9992.jpeg\",\"contentUrl\":\"https:\/\/www.kontinenzzentrum.ch\/wp-content\/uploads\/fachpersonen-uebersicht-9992.jpeg\",\"width\":1920,\"height\":450},{\"@type\":\"BreadcrumbList\",\"@id\":\"https:\/\/www.kontinenzzentrum.ch\/en\/pelvic-rehabilitation-program\/download-program-brochure.html#breadcrumb\",\"itemListElement\":[{\"@type\":\"ListItem\",\"position\":1,\"name\":\"Startseite\",\"item\":\"https:\/\/www.kontinenzzentrum.ch\/en\"},{\"@type\":\"ListItem\",\"position\":2,\"name\":\"Pelvic rehabilitation program\",\"item\":\"https:\/\/www.kontinenzzentrum.ch\/en\/pelvic-rehabilitation-program.html\"},{\"@type\":\"ListItem\",\"position\":3,\"name\":\"Download program brochure\"}]},{\"@type\":\"WebSite\",\"@id\":\"https:\/\/www.kontinenzzentrum.ch\/de\/#website\",\"url\":\"https:\/\/www.kontinenzzentrum.ch\/de\/\",\"name\":\"KontinenzZentrum Hirslanden Z\u00fcrich\",\"description\":\"KontinenzZentrum Hirslanden Z\u00fcrich: Blasenst\u00f6rungen & Inkontinenz\",\"publisher\":{\"@id\":\"https:\/\/www.kontinenzzentrum.ch\/de\/#organization\"},\"potentialAction\":[{\"@type\":\"SearchAction\",\"target\":{\"@type\":\"EntryPoint\",\"urlTemplate\":\"https:\/\/www.kontinenzzentrum.ch\/de\/?s={search_term_string}\"},\"query-input\":{\"@type\":\"PropertyValueSpecification\",\"valueRequired\":true,\"valueName\":\"search_term_string\"}}],\"inLanguage\":\"en-GB\"},{\"@type\":\"Organization\",\"@id\":\"https:\/\/www.kontinenzzentrum.ch\/de\/#organization\",\"name\":\"KontinenzZentrum Hirslanden Z\u00fcrich\",\"url\":\"https:\/\/www.kontinenzzentrum.ch\/de\/\",\"logo\":{\"@type\":\"ImageObject\",\"inLanguage\":\"en-GB\",\"@id\":\"https:\/\/www.kontinenzzentrum.ch\/de\/#\/schema\/logo\/image\/\",\"url\":\"https:\/\/www.kontinenzzentrum.ch\/wp-content\/uploads\/Logo_KontinenzZentrum.png\",\"contentUrl\":\"https:\/\/www.kontinenzzentrum.ch\/wp-content\/uploads\/Logo_KontinenzZentrum.png\",\"width\":800,\"height\":142,\"caption\":\"KontinenzZentrum Hirslanden Z\u00fcrich\"},\"image\":{\"@id\":\"https:\/\/www.kontinenzzentrum.ch\/de\/#\/schema\/logo\/image\/\"}}]}<\/script>\n<!-- \/ Yoast SEO plugin. -->","yoast_head_json":{"title":"Program brochure","robots":{"index":"index","follow":"follow","max-snippet":"max-snippet:-1","max-image-preview":"max-image-preview:large","max-video-preview":"max-video-preview:-1"},"canonical":"https:\/\/www.kontinenzzentrum.ch\/en\/pelvic-rehabilitation-program\/download-program-brochure.html","og_locale":"en_GB","og_type":"article","og_title":"Program brochure","og_description":"Download program brochure Pelvic Program Broschure KontinenzZentrum Hirslanden We are specialists who treat women, men and children affected by voiding dysfunction, bladder and pelvic floor dysfunction and all forms of incontinence. Talk with us about your problems \u2013 we\u2019d love to help you find your personal solution!","og_url":"https:\/\/www.kontinenzzentrum.ch\/en\/pelvic-rehabilitation-program\/download-program-brochure.html","og_site_name":"KontinenzZentrum","og_image":[{"width":1920,"height":450,"url":"https:\/\/www.kontinenzzentrum.ch\/wp-content\/uploads\/fachpersonen-uebersicht-9992.jpeg","type":"image\/jpeg"}],"twitter_card":"summary_large_image","twitter_misc":{"Estimated reading time":"1 minute"},"schema":{"@context":"https:\/\/schema.org","@graph":[{"@type":"WebPage","@id":"https:\/\/www.kontinenzzentrum.ch\/en\/pelvic-rehabilitation-program\/download-program-brochure.html","url":"https:\/\/www.kontinenzzentrum.ch\/en\/pelvic-rehabilitation-program\/download-program-brochure.html","name":"Program brochure","isPartOf":{"@id":"https:\/\/www.kontinenzzentrum.ch\/de\/#website"},"primaryImageOfPage":{"@id":"https:\/\/www.kontinenzzentrum.ch\/en\/pelvic-rehabilitation-program\/download-program-brochure.html#primaryimage"},"image":{"@id":"https:\/\/www.kontinenzzentrum.ch\/en\/pelvic-rehabilitation-program\/download-program-brochure.html#primaryimage"},"thumbnailUrl":"https:\/\/www.kontinenzzentrum.ch\/wp-content\/uploads\/fachpersonen-uebersicht-9992.jpeg","datePublished":"2023-03-16T14:04:07+00:00","breadcrumb":{"@id":"https:\/\/www.kontinenzzentrum.ch\/en\/pelvic-rehabilitation-program\/download-program-brochure.html#breadcrumb"},"inLanguage":"en-GB","potentialAction":[{"@type":"ReadAction","target":["https:\/\/www.kontinenzzentrum.ch\/en\/pelvic-rehabilitation-program\/download-program-brochure.html"]}]},{"@type":"ImageObject","inLanguage":"en-GB","@id":"https:\/\/www.kontinenzzentrum.ch\/en\/pelvic-rehabilitation-program\/download-program-brochure.html#primaryimage","url":"https:\/\/www.kontinenzzentrum.ch\/wp-content\/uploads\/fachpersonen-uebersicht-9992.jpeg","contentUrl":"https:\/\/www.kontinenzzentrum.ch\/wp-content\/uploads\/fachpersonen-uebersicht-9992.jpeg","width":1920,"height":450},{"@type":"BreadcrumbList","@id":"https:\/\/www.kontinenzzentrum.ch\/en\/pelvic-rehabilitation-program\/download-program-brochure.html#breadcrumb","itemListElement":[{"@type":"ListItem","position":1,"name":"Startseite","item":"https:\/\/www.kontinenzzentrum.ch\/en"},{"@type":"ListItem","position":2,"name":"Pelvic rehabilitation program","item":"https:\/\/www.kontinenzzentrum.ch\/en\/pelvic-rehabilitation-program.html"},{"@type":"ListItem","position":3,"name":"Download program brochure"}]},{"@type":"WebSite","@id":"https:\/\/www.kontinenzzentrum.ch\/de\/#website","url":"https:\/\/www.kontinenzzentrum.ch\/de\/","name":"KontinenzZentrum Hirslanden Z\u00fcrich","description":"KontinenzZentrum Hirslanden Z\u00fcrich: Blasenst\u00f6rungen & Inkontinenz","publisher":{"@id":"https:\/\/www.kontinenzzentrum.ch\/de\/#organization"},"potentialAction":[{"@type":"SearchAction","target":{"@type":"EntryPoint","urlTemplate":"https:\/\/www.kontinenzzentrum.ch\/de\/?s={search_term_string}"},"query-input":{"@type":"PropertyValueSpecification","valueRequired":true,"valueName":"search_term_string"}}],"inLanguage":"en-GB"},{"@type":"Organization","@id":"https:\/\/www.kontinenzzentrum.ch\/de\/#organization","name":"KontinenzZentrum Hirslanden Z\u00fcrich","url":"https:\/\/www.kontinenzzentrum.ch\/de\/","logo":{"@type":"ImageObject","inLanguage":"en-GB","@id":"https:\/\/www.kontinenzzentrum.ch\/de\/#\/schema\/logo\/image\/","url":"https:\/\/www.kontinenzzentrum.ch\/wp-content\/uploads\/Logo_KontinenzZentrum.png","contentUrl":"https:\/\/www.kontinenzzentrum.ch\/wp-content\/uploads\/Logo_KontinenzZentrum.png","width":800,"height":142,"caption":"KontinenzZentrum Hirslanden Z\u00fcrich"},"image":{"@id":"https:\/\/www.kontinenzzentrum.ch\/de\/#\/schema\/logo\/image\/"}}]}},"_links":{"self":[{"href":"https:\/\/www.kontinenzzentrum.ch\/en\/wp-json\/wp\/v2\/pages\/2413","targetHints":{"allow":["GET"]}}],"collection":[{"href":"https:\/\/www.kontinenzzentrum.ch\/en\/wp-json\/wp\/v2\/pages"}],"about":[{"href":"https:\/\/www.kontinenzzentrum.ch\/en\/wp-json\/wp\/v2\/types\/page"}],"author":[{"embeddable":true,"href":"https:\/\/www.kontinenzzentrum.ch\/en\/wp-json\/wp\/v2\/users\/1"}],"replies":[{"embeddable":true,"href":"https:\/\/www.kontinenzzentrum.ch\/en\/wp-json\/wp\/v2\/comments?post=2413"}],"version-history":[{"count":2,"href":"https:\/\/www.kontinenzzentrum.ch\/en\/wp-json\/wp\/v2\/pages\/2413\/revisions"}],"predecessor-version":[{"id":2419,"href":"https:\/\/www.kontinenzzentrum.ch\/en\/wp-json\/wp\/v2\/pages\/2413\/revisions\/2419"}],"up":[{"embeddable":true,"href":"https:\/\/www.kontinenzzentrum.ch\/en\/wp-json\/wp\/v2\/pages\/2405"}],"wp:featuredmedia":[{"embeddable":true,"href":"https:\/\/www.kontinenzzentrum.ch\/en\/wp-json\/wp\/v2\/media\/1267"}],"wp:attachment":[{"href":"https:\/\/www.kontinenzzentrum.ch\/en\/wp-json\/wp\/v2\/media?parent=2413"}],"curies":[{"name":"wp","href":"https:\/\/api.w.org\/{rel}","templated":true}]}}