{"id":2420,"date":"2023-03-16T15:11:05","date_gmt":"2023-03-16T14:11:05","guid":{"rendered":"https:\/\/www.kontinenzzentrum.ch\/?page_id=2420"},"modified":"2023-03-16T15:11:05","modified_gmt":"2023-03-16T14:11:05","slug":"follow-up-evaluation","status":"publish","type":"page","link":"https:\/\/www.kontinenzzentrum.ch\/en\/pelvic-rehabilitation-program\/follow-up-evaluation.html","title":{"rendered":"Follow-up evaluation"},"content":{"rendered":"<div id=\"pl-2420\"  class=\"panel-layout\" ><div id=\"pg-2420-0\"  class=\"panel-grid panel-no-style\" ><div id=\"pgc-2420-0-0\"  class=\"panel-grid-cell\" ><div id=\"panel-2420-0-0-0\" class=\"so-panel widget widget_sow-editor panel-first-child panel-last-child\" data-index=\"0\" ><div\n\t\t\t\n\t\t\tclass=\"so-widget-sow-editor so-widget-sow-editor-base\"\n\t\t\t\n\t\t>\n<div class=\"siteorigin-widget-tinymce textwidget\">\n\t<h1>Follow-up evaluation<\/h1>\n<h2>In best hands \u2013 our professional experience for your health<\/h2>\n<p><img decoding=\"async\" class=\"alignright\" title=\"\" src=\"https:\/\/www.kontinenzzentrum.ch\/wp-content\/uploads\/startseite_box_kompetenzen_1.png\" alt=\"\" \/><br \/>\nPelvic organ dysfunction in a chronic neurogenic disease can vary considerably, even within a relatively short period of time. Meticulous follow-up and regular checks are necessary to preserve health and quality of life. Early diagnosis and treatment are essential in both congenital and acquired pelvic-organ dysfunction. Irreversible changes (especially within the lower urinary tract) may occur if not treated. Regular follow-up, early intervention and adequate treatment can prevent irreversible deterioration of both the lower and upper urinary tracts. Follow-up intervals depend on the individual risk and complication profiles; in general, a follow-up is recommended every one or two years.<\/p>\n<p>The follow-up evaluation comprises a consultation with urine and blood tests and a urodynamic study that includes ultrasound, radiology and\/or endoscopy. According to the results, the treatment of lower-urinary tract dysfunction can be adapted to minimize risk factors and complications, such as urinary tract infections and urinary incontinence. If needed, a bowel and\/or sexual\/reproductive function reevaluation would be performed.<\/p>\n<\/div>\n<\/div><\/div><\/div><\/div><\/div>","protected":false},"excerpt":{"rendered":"<p>Follow-up evaluation In best hands \u2013 our professional experience for your health Pelvic organ dysfunction in a chronic neurogenic disease can vary considerably, even within a relatively short period of time. Meticulous follow-up and regular checks are necessary to preserve health and quality of life. Early diagnosis and treatment are essential in both congenital and [&hellip;]<\/p>\n","protected":false},"author":1,"featured_media":1241,"parent":2405,"menu_order":0,"comment_status":"closed","ping_status":"closed","template":"","meta":{"_acf_changed":false,"footnotes":""},"class_list":["post-2420","page","type-page","status-publish","has-post-thumbnail","hentry"],"acf":[],"yoast_head":"<!-- This site is optimized with the Yoast SEO plugin v26.9 - https:\/\/yoast.com\/product\/yoast-seo-wordpress\/ -->\n<title>Follow-up evaluation<\/title>\n<meta name=\"robots\" content=\"index, follow, max-snippet:-1, max-image-preview:large, max-video-preview:-1\" \/>\n<link rel=\"canonical\" href=\"https:\/\/www.kontinenzzentrum.ch\/en\/pelvic-rehabilitation-program\/follow-up-evaluation.html\" \/>\n<meta property=\"og:locale\" content=\"en_GB\" \/>\n<meta property=\"og:type\" content=\"article\" \/>\n<meta property=\"og:title\" content=\"Follow-up evaluation\" \/>\n<meta property=\"og:description\" content=\"Follow-up evaluation In best hands \u2013 our professional experience for your health Pelvic organ dysfunction in a chronic neurogenic disease can vary considerably, even within a relatively short period of time. Meticulous follow-up and regular checks are necessary to preserve health and quality of life. Early diagnosis and treatment are essential in both congenital and [&hellip;]\" \/>\n<meta property=\"og:url\" content=\"https:\/\/www.kontinenzzentrum.ch\/en\/pelvic-rehabilitation-program\/follow-up-evaluation.html\" \/>\n<meta property=\"og:site_name\" content=\"KontinenzZentrum\" \/>\n<meta property=\"og:image\" content=\"https:\/\/www.kontinenzzentrum.ch\/wp-content\/uploads\/fachpersonen-uebersicht-10001.jpeg\" \/>\n\t<meta property=\"og:image:width\" content=\"1920\" \/>\n\t<meta property=\"og:image:height\" content=\"450\" \/>\n\t<meta property=\"og:image:type\" content=\"image\/jpeg\" \/>\n<meta name=\"twitter:card\" content=\"summary_large_image\" \/>\n<script type=\"application\/ld+json\" class=\"yoast-schema-graph\">{\"@context\":\"https:\/\/schema.org\",\"@graph\":[{\"@type\":\"WebPage\",\"@id\":\"https:\/\/www.kontinenzzentrum.ch\/en\/pelvic-rehabilitation-program\/follow-up-evaluation.html\",\"url\":\"https:\/\/www.kontinenzzentrum.ch\/en\/pelvic-rehabilitation-program\/follow-up-evaluation.html\",\"name\":\"Follow-up evaluation\",\"isPartOf\":{\"@id\":\"https:\/\/www.kontinenzzentrum.ch\/de\/#website\"},\"primaryImageOfPage\":{\"@id\":\"https:\/\/www.kontinenzzentrum.ch\/en\/pelvic-rehabilitation-program\/follow-up-evaluation.html#primaryimage\"},\"image\":{\"@id\":\"https:\/\/www.kontinenzzentrum.ch\/en\/pelvic-rehabilitation-program\/follow-up-evaluation.html#primaryimage\"},\"thumbnailUrl\":\"https:\/\/www.kontinenzzentrum.ch\/wp-content\/uploads\/fachpersonen-uebersicht-10001.jpeg\",\"datePublished\":\"2023-03-16T14:11:05+00:00\",\"breadcrumb\":{\"@id\":\"https:\/\/www.kontinenzzentrum.ch\/en\/pelvic-rehabilitation-program\/follow-up-evaluation.html#breadcrumb\"},\"inLanguage\":\"en-GB\",\"potentialAction\":[{\"@type\":\"ReadAction\",\"target\":[\"https:\/\/www.kontinenzzentrum.ch\/en\/pelvic-rehabilitation-program\/follow-up-evaluation.html\"]}]},{\"@type\":\"ImageObject\",\"inLanguage\":\"en-GB\",\"@id\":\"https:\/\/www.kontinenzzentrum.ch\/en\/pelvic-rehabilitation-program\/follow-up-evaluation.html#primaryimage\",\"url\":\"https:\/\/www.kontinenzzentrum.ch\/wp-content\/uploads\/fachpersonen-uebersicht-10001.jpeg\",\"contentUrl\":\"https:\/\/www.kontinenzzentrum.ch\/wp-content\/uploads\/fachpersonen-uebersicht-10001.jpeg\",\"width\":1920,\"height\":450},{\"@type\":\"BreadcrumbList\",\"@id\":\"https:\/\/www.kontinenzzentrum.ch\/en\/pelvic-rehabilitation-program\/follow-up-evaluation.html#breadcrumb\",\"itemListElement\":[{\"@type\":\"ListItem\",\"position\":1,\"name\":\"Startseite\",\"item\":\"https:\/\/www.kontinenzzentrum.ch\/en\"},{\"@type\":\"ListItem\",\"position\":2,\"name\":\"Pelvic rehabilitation program\",\"item\":\"https:\/\/www.kontinenzzentrum.ch\/en\/pelvic-rehabilitation-program.html\"},{\"@type\":\"ListItem\",\"position\":3,\"name\":\"Follow-up evaluation\"}]},{\"@type\":\"WebSite\",\"@id\":\"https:\/\/www.kontinenzzentrum.ch\/de\/#website\",\"url\":\"https:\/\/www.kontinenzzentrum.ch\/de\/\",\"name\":\"KontinenzZentrum Hirslanden Z\u00fcrich\",\"description\":\"KontinenzZentrum Hirslanden Z\u00fcrich: Blasenst\u00f6rungen & Inkontinenz\",\"publisher\":{\"@id\":\"https:\/\/www.kontinenzzentrum.ch\/de\/#organization\"},\"potentialAction\":[{\"@type\":\"SearchAction\",\"target\":{\"@type\":\"EntryPoint\",\"urlTemplate\":\"https:\/\/www.kontinenzzentrum.ch\/de\/?s={search_term_string}\"},\"query-input\":{\"@type\":\"PropertyValueSpecification\",\"valueRequired\":true,\"valueName\":\"search_term_string\"}}],\"inLanguage\":\"en-GB\"},{\"@type\":\"Organization\",\"@id\":\"https:\/\/www.kontinenzzentrum.ch\/de\/#organization\",\"name\":\"KontinenzZentrum Hirslanden Z\u00fcrich\",\"url\":\"https:\/\/www.kontinenzzentrum.ch\/de\/\",\"logo\":{\"@type\":\"ImageObject\",\"inLanguage\":\"en-GB\",\"@id\":\"https:\/\/www.kontinenzzentrum.ch\/de\/#\/schema\/logo\/image\/\",\"url\":\"https:\/\/www.kontinenzzentrum.ch\/wp-content\/uploads\/Logo_KontinenzZentrum.png\",\"contentUrl\":\"https:\/\/www.kontinenzzentrum.ch\/wp-content\/uploads\/Logo_KontinenzZentrum.png\",\"width\":800,\"height\":142,\"caption\":\"KontinenzZentrum Hirslanden Z\u00fcrich\"},\"image\":{\"@id\":\"https:\/\/www.kontinenzzentrum.ch\/de\/#\/schema\/logo\/image\/\"}}]}<\/script>\n<!-- \/ Yoast SEO plugin. -->","yoast_head_json":{"title":"Follow-up evaluation","robots":{"index":"index","follow":"follow","max-snippet":"max-snippet:-1","max-image-preview":"max-image-preview:large","max-video-preview":"max-video-preview:-1"},"canonical":"https:\/\/www.kontinenzzentrum.ch\/en\/pelvic-rehabilitation-program\/follow-up-evaluation.html","og_locale":"en_GB","og_type":"article","og_title":"Follow-up evaluation","og_description":"Follow-up evaluation In best hands \u2013 our professional experience for your health Pelvic organ dysfunction in a chronic neurogenic disease can vary considerably, even within a relatively short period of time. Meticulous follow-up and regular checks are necessary to preserve health and quality of life. Early diagnosis and treatment are essential in both congenital and [&hellip;]","og_url":"https:\/\/www.kontinenzzentrum.ch\/en\/pelvic-rehabilitation-program\/follow-up-evaluation.html","og_site_name":"KontinenzZentrum","og_image":[{"width":1920,"height":450,"url":"https:\/\/www.kontinenzzentrum.ch\/wp-content\/uploads\/fachpersonen-uebersicht-10001.jpeg","type":"image\/jpeg"}],"twitter_card":"summary_large_image","schema":{"@context":"https:\/\/schema.org","@graph":[{"@type":"WebPage","@id":"https:\/\/www.kontinenzzentrum.ch\/en\/pelvic-rehabilitation-program\/follow-up-evaluation.html","url":"https:\/\/www.kontinenzzentrum.ch\/en\/pelvic-rehabilitation-program\/follow-up-evaluation.html","name":"Follow-up evaluation","isPartOf":{"@id":"https:\/\/www.kontinenzzentrum.ch\/de\/#website"},"primaryImageOfPage":{"@id":"https:\/\/www.kontinenzzentrum.ch\/en\/pelvic-rehabilitation-program\/follow-up-evaluation.html#primaryimage"},"image":{"@id":"https:\/\/www.kontinenzzentrum.ch\/en\/pelvic-rehabilitation-program\/follow-up-evaluation.html#primaryimage"},"thumbnailUrl":"https:\/\/www.kontinenzzentrum.ch\/wp-content\/uploads\/fachpersonen-uebersicht-10001.jpeg","datePublished":"2023-03-16T14:11:05+00:00","breadcrumb":{"@id":"https:\/\/www.kontinenzzentrum.ch\/en\/pelvic-rehabilitation-program\/follow-up-evaluation.html#breadcrumb"},"inLanguage":"en-GB","potentialAction":[{"@type":"ReadAction","target":["https:\/\/www.kontinenzzentrum.ch\/en\/pelvic-rehabilitation-program\/follow-up-evaluation.html"]}]},{"@type":"ImageObject","inLanguage":"en-GB","@id":"https:\/\/www.kontinenzzentrum.ch\/en\/pelvic-rehabilitation-program\/follow-up-evaluation.html#primaryimage","url":"https:\/\/www.kontinenzzentrum.ch\/wp-content\/uploads\/fachpersonen-uebersicht-10001.jpeg","contentUrl":"https:\/\/www.kontinenzzentrum.ch\/wp-content\/uploads\/fachpersonen-uebersicht-10001.jpeg","width":1920,"height":450},{"@type":"BreadcrumbList","@id":"https:\/\/www.kontinenzzentrum.ch\/en\/pelvic-rehabilitation-program\/follow-up-evaluation.html#breadcrumb","itemListElement":[{"@type":"ListItem","position":1,"name":"Startseite","item":"https:\/\/www.kontinenzzentrum.ch\/en"},{"@type":"ListItem","position":2,"name":"Pelvic rehabilitation program","item":"https:\/\/www.kontinenzzentrum.ch\/en\/pelvic-rehabilitation-program.html"},{"@type":"ListItem","position":3,"name":"Follow-up evaluation"}]},{"@type":"WebSite","@id":"https:\/\/www.kontinenzzentrum.ch\/de\/#website","url":"https:\/\/www.kontinenzzentrum.ch\/de\/","name":"KontinenzZentrum Hirslanden Z\u00fcrich","description":"KontinenzZentrum Hirslanden Z\u00fcrich: Blasenst\u00f6rungen & Inkontinenz","publisher":{"@id":"https:\/\/www.kontinenzzentrum.ch\/de\/#organization"},"potentialAction":[{"@type":"SearchAction","target":{"@type":"EntryPoint","urlTemplate":"https:\/\/www.kontinenzzentrum.ch\/de\/?s={search_term_string}"},"query-input":{"@type":"PropertyValueSpecification","valueRequired":true,"valueName":"search_term_string"}}],"inLanguage":"en-GB"},{"@type":"Organization","@id":"https:\/\/www.kontinenzzentrum.ch\/de\/#organization","name":"KontinenzZentrum Hirslanden Z\u00fcrich","url":"https:\/\/www.kontinenzzentrum.ch\/de\/","logo":{"@type":"ImageObject","inLanguage":"en-GB","@id":"https:\/\/www.kontinenzzentrum.ch\/de\/#\/schema\/logo\/image\/","url":"https:\/\/www.kontinenzzentrum.ch\/wp-content\/uploads\/Logo_KontinenzZentrum.png","contentUrl":"https:\/\/www.kontinenzzentrum.ch\/wp-content\/uploads\/Logo_KontinenzZentrum.png","width":800,"height":142,"caption":"KontinenzZentrum Hirslanden Z\u00fcrich"},"image":{"@id":"https:\/\/www.kontinenzzentrum.ch\/de\/#\/schema\/logo\/image\/"}}]}},"_links":{"self":[{"href":"https:\/\/www.kontinenzzentrum.ch\/en\/wp-json\/wp\/v2\/pages\/2420","targetHints":{"allow":["GET"]}}],"collection":[{"href":"https:\/\/www.kontinenzzentrum.ch\/en\/wp-json\/wp\/v2\/pages"}],"about":[{"href":"https:\/\/www.kontinenzzentrum.ch\/en\/wp-json\/wp\/v2\/types\/page"}],"author":[{"embeddable":true,"href":"https:\/\/www.kontinenzzentrum.ch\/en\/wp-json\/wp\/v2\/users\/1"}],"replies":[{"embeddable":true,"href":"https:\/\/www.kontinenzzentrum.ch\/en\/wp-json\/wp\/v2\/comments?post=2420"}],"version-history":[{"count":2,"href":"https:\/\/www.kontinenzzentrum.ch\/en\/wp-json\/wp\/v2\/pages\/2420\/revisions"}],"predecessor-version":[{"id":2424,"href":"https:\/\/www.kontinenzzentrum.ch\/en\/wp-json\/wp\/v2\/pages\/2420\/revisions\/2424"}],"up":[{"embeddable":true,"href":"https:\/\/www.kontinenzzentrum.ch\/en\/wp-json\/wp\/v2\/pages\/2405"}],"wp:featuredmedia":[{"embeddable":true,"href":"https:\/\/www.kontinenzzentrum.ch\/en\/wp-json\/wp\/v2\/media\/1241"}],"wp:attachment":[{"href":"https:\/\/www.kontinenzzentrum.ch\/en\/wp-json\/wp\/v2\/media?parent=2420"}],"curies":[{"name":"wp","href":"https:\/\/api.w.org\/{rel}","templated":true}]}}