{"id":2428,"date":"2023-03-16T15:15:50","date_gmt":"2023-03-16T14:15:50","guid":{"rendered":"https:\/\/www.kontinenzzentrum.ch\/?page_id=2428"},"modified":"2023-06-09T11:30:11","modified_gmt":"2023-06-09T09:30:11","slug":"our-service-to-you","status":"publish","type":"page","link":"https:\/\/www.kontinenzzentrum.ch\/en\/pelvic-rehabilitation-program\/our-service-to-you.html","title":{"rendered":"Our service to you"},"content":{"rendered":"<div id=\"pl-2428\"  class=\"panel-layout\" ><div id=\"pg-2428-0\"  class=\"panel-grid panel-no-style\" ><div id=\"pgc-2428-0-0\"  class=\"panel-grid-cell\" ><div id=\"panel-2428-0-0-0\" class=\"so-panel widget widget_sow-editor panel-first-child panel-last-child\" data-index=\"0\" ><div\n\t\t\t\n\t\t\tclass=\"so-widget-sow-editor so-widget-sow-editor-base\"\n\t\t\t\n\t\t>\n<div class=\"siteorigin-widget-tinymce textwidget\">\n\t<h1>Our service to you<\/h1>\n<h2>Diagnosis and treatments of pelvic organ dysfunction<\/h2>\n<h3>In best hands \u2013 our professional experience for your health<\/h3>\n<p><img decoding=\"async\" class=\"alignright\" title=\"\" src=\"https:\/\/www.kontinenzzentrum.ch\/wp-content\/uploads\/slideshow_rd_1200x600.jpg\" alt=\"\" width=\"512\" height=\"256\" \/><br \/>\nIn-depth evaluations are the cornerstone of the way in which you receive individual counsel and treatment from us. The results of these evaluations again bring into play our experience and knowledge, and we discuss with you your treatment options \u2013 ones that are compatible with your individual life situation. We offer several conservative approaches and, in the event that surgery would be needed, our medical expertise would lead to effective surgical treatment. This would hold true in both clear-cut and complicated situations. Whatever your set of circumstances, we will prepare for you an individual medical package that takes into consideration your medical situation and personal needs.<\/p>\n<\/div>\n<\/div><\/div><\/div><\/div><\/div>","protected":false},"excerpt":{"rendered":"<p>Our service to you Diagnosis and treatments of pelvic organ dysfunction In best hands \u2013 our professional experience for your health In-depth evaluations are the cornerstone of the way in which you receive individual counsel and treatment from us. The results of these evaluations again bring into play our experience and knowledge, and we discuss [&hellip;]<\/p>\n","protected":false},"author":1,"featured_media":1241,"parent":2405,"menu_order":0,"comment_status":"closed","ping_status":"closed","template":"","meta":{"_acf_changed":false,"footnotes":""},"class_list":["post-2428","page","type-page","status-publish","has-post-thumbnail","hentry"],"acf":[],"yoast_head":"<!-- This site is optimized with the Yoast SEO plugin v26.9 - https:\/\/yoast.com\/product\/yoast-seo-wordpress\/ -->\n<title>Our service to you<\/title>\n<meta name=\"robots\" content=\"index, follow, max-snippet:-1, max-image-preview:large, max-video-preview:-1\" \/>\n<link rel=\"canonical\" href=\"https:\/\/www.kontinenzzentrum.ch\/en\/pelvic-rehabilitation-program\/our-service-to-you.html\" \/>\n<meta property=\"og:locale\" content=\"en_GB\" \/>\n<meta property=\"og:type\" content=\"article\" \/>\n<meta property=\"og:title\" content=\"Our service to you\" \/>\n<meta property=\"og:description\" content=\"Our service to you Diagnosis and treatments of pelvic organ dysfunction In best hands \u2013 our professional experience for your health In-depth evaluations are the cornerstone of the way in which you receive individual counsel and treatment from us. The results of these evaluations again bring into play our experience and knowledge, and we discuss [&hellip;]\" \/>\n<meta property=\"og:url\" content=\"https:\/\/www.kontinenzzentrum.ch\/en\/pelvic-rehabilitation-program\/our-service-to-you.html\" \/>\n<meta property=\"og:site_name\" content=\"KontinenzZentrum\" \/>\n<meta property=\"article:modified_time\" content=\"2023-06-09T09:30:11+00:00\" \/>\n<meta property=\"og:image\" content=\"https:\/\/www.kontinenzzentrum.ch\/wp-content\/uploads\/fachpersonen-uebersicht-10001.jpeg\" \/>\n\t<meta property=\"og:image:width\" content=\"1920\" \/>\n\t<meta property=\"og:image:height\" content=\"450\" \/>\n\t<meta property=\"og:image:type\" content=\"image\/jpeg\" \/>\n<meta name=\"twitter:card\" content=\"summary_large_image\" \/>\n<meta name=\"twitter:label1\" content=\"Estimated reading time\" \/>\n\t<meta name=\"twitter:data1\" content=\"1 minute\" \/>\n<script type=\"application\/ld+json\" class=\"yoast-schema-graph\">{\"@context\":\"https:\/\/schema.org\",\"@graph\":[{\"@type\":\"WebPage\",\"@id\":\"https:\/\/www.kontinenzzentrum.ch\/en\/pelvic-rehabilitation-program\/our-service-to-you.html\",\"url\":\"https:\/\/www.kontinenzzentrum.ch\/en\/pelvic-rehabilitation-program\/our-service-to-you.html\",\"name\":\"Our service to you\",\"isPartOf\":{\"@id\":\"https:\/\/www.kontinenzzentrum.ch\/de\/#website\"},\"primaryImageOfPage\":{\"@id\":\"https:\/\/www.kontinenzzentrum.ch\/en\/pelvic-rehabilitation-program\/our-service-to-you.html#primaryimage\"},\"image\":{\"@id\":\"https:\/\/www.kontinenzzentrum.ch\/en\/pelvic-rehabilitation-program\/our-service-to-you.html#primaryimage\"},\"thumbnailUrl\":\"https:\/\/www.kontinenzzentrum.ch\/wp-content\/uploads\/fachpersonen-uebersicht-10001.jpeg\",\"datePublished\":\"2023-03-16T14:15:50+00:00\",\"dateModified\":\"2023-06-09T09:30:11+00:00\",\"breadcrumb\":{\"@id\":\"https:\/\/www.kontinenzzentrum.ch\/en\/pelvic-rehabilitation-program\/our-service-to-you.html#breadcrumb\"},\"inLanguage\":\"en-GB\",\"potentialAction\":[{\"@type\":\"ReadAction\",\"target\":[\"https:\/\/www.kontinenzzentrum.ch\/en\/pelvic-rehabilitation-program\/our-service-to-you.html\"]}]},{\"@type\":\"ImageObject\",\"inLanguage\":\"en-GB\",\"@id\":\"https:\/\/www.kontinenzzentrum.ch\/en\/pelvic-rehabilitation-program\/our-service-to-you.html#primaryimage\",\"url\":\"https:\/\/www.kontinenzzentrum.ch\/wp-content\/uploads\/fachpersonen-uebersicht-10001.jpeg\",\"contentUrl\":\"https:\/\/www.kontinenzzentrum.ch\/wp-content\/uploads\/fachpersonen-uebersicht-10001.jpeg\",\"width\":1920,\"height\":450},{\"@type\":\"BreadcrumbList\",\"@id\":\"https:\/\/www.kontinenzzentrum.ch\/en\/pelvic-rehabilitation-program\/our-service-to-you.html#breadcrumb\",\"itemListElement\":[{\"@type\":\"ListItem\",\"position\":1,\"name\":\"Startseite\",\"item\":\"https:\/\/www.kontinenzzentrum.ch\/en\"},{\"@type\":\"ListItem\",\"position\":2,\"name\":\"Pelvic rehabilitation program\",\"item\":\"https:\/\/www.kontinenzzentrum.ch\/en\/pelvic-rehabilitation-program.html\"},{\"@type\":\"ListItem\",\"position\":3,\"name\":\"Our service to you\"}]},{\"@type\":\"WebSite\",\"@id\":\"https:\/\/www.kontinenzzentrum.ch\/de\/#website\",\"url\":\"https:\/\/www.kontinenzzentrum.ch\/de\/\",\"name\":\"KontinenzZentrum Hirslanden Z\u00fcrich\",\"description\":\"KontinenzZentrum Hirslanden Z\u00fcrich: Blasenst\u00f6rungen & Inkontinenz\",\"publisher\":{\"@id\":\"https:\/\/www.kontinenzzentrum.ch\/de\/#organization\"},\"potentialAction\":[{\"@type\":\"SearchAction\",\"target\":{\"@type\":\"EntryPoint\",\"urlTemplate\":\"https:\/\/www.kontinenzzentrum.ch\/de\/?s={search_term_string}\"},\"query-input\":{\"@type\":\"PropertyValueSpecification\",\"valueRequired\":true,\"valueName\":\"search_term_string\"}}],\"inLanguage\":\"en-GB\"},{\"@type\":\"Organization\",\"@id\":\"https:\/\/www.kontinenzzentrum.ch\/de\/#organization\",\"name\":\"KontinenzZentrum Hirslanden Z\u00fcrich\",\"url\":\"https:\/\/www.kontinenzzentrum.ch\/de\/\",\"logo\":{\"@type\":\"ImageObject\",\"inLanguage\":\"en-GB\",\"@id\":\"https:\/\/www.kontinenzzentrum.ch\/de\/#\/schema\/logo\/image\/\",\"url\":\"https:\/\/www.kontinenzzentrum.ch\/wp-content\/uploads\/Logo_KontinenzZentrum.png\",\"contentUrl\":\"https:\/\/www.kontinenzzentrum.ch\/wp-content\/uploads\/Logo_KontinenzZentrum.png\",\"width\":800,\"height\":142,\"caption\":\"KontinenzZentrum Hirslanden Z\u00fcrich\"},\"image\":{\"@id\":\"https:\/\/www.kontinenzzentrum.ch\/de\/#\/schema\/logo\/image\/\"}}]}<\/script>\n<!-- \/ Yoast SEO plugin. -->","yoast_head_json":{"title":"Our service to you","robots":{"index":"index","follow":"follow","max-snippet":"max-snippet:-1","max-image-preview":"max-image-preview:large","max-video-preview":"max-video-preview:-1"},"canonical":"https:\/\/www.kontinenzzentrum.ch\/en\/pelvic-rehabilitation-program\/our-service-to-you.html","og_locale":"en_GB","og_type":"article","og_title":"Our service to you","og_description":"Our service to you Diagnosis and treatments of pelvic organ dysfunction In best hands \u2013 our professional experience for your health In-depth evaluations are the cornerstone of the way in which you receive individual counsel and treatment from us. The results of these evaluations again bring into play our experience and knowledge, and we discuss [&hellip;]","og_url":"https:\/\/www.kontinenzzentrum.ch\/en\/pelvic-rehabilitation-program\/our-service-to-you.html","og_site_name":"KontinenzZentrum","article_modified_time":"2023-06-09T09:30:11+00:00","og_image":[{"width":1920,"height":450,"url":"https:\/\/www.kontinenzzentrum.ch\/wp-content\/uploads\/fachpersonen-uebersicht-10001.jpeg","type":"image\/jpeg"}],"twitter_card":"summary_large_image","twitter_misc":{"Estimated reading time":"1 minute"},"schema":{"@context":"https:\/\/schema.org","@graph":[{"@type":"WebPage","@id":"https:\/\/www.kontinenzzentrum.ch\/en\/pelvic-rehabilitation-program\/our-service-to-you.html","url":"https:\/\/www.kontinenzzentrum.ch\/en\/pelvic-rehabilitation-program\/our-service-to-you.html","name":"Our service to you","isPartOf":{"@id":"https:\/\/www.kontinenzzentrum.ch\/de\/#website"},"primaryImageOfPage":{"@id":"https:\/\/www.kontinenzzentrum.ch\/en\/pelvic-rehabilitation-program\/our-service-to-you.html#primaryimage"},"image":{"@id":"https:\/\/www.kontinenzzentrum.ch\/en\/pelvic-rehabilitation-program\/our-service-to-you.html#primaryimage"},"thumbnailUrl":"https:\/\/www.kontinenzzentrum.ch\/wp-content\/uploads\/fachpersonen-uebersicht-10001.jpeg","datePublished":"2023-03-16T14:15:50+00:00","dateModified":"2023-06-09T09:30:11+00:00","breadcrumb":{"@id":"https:\/\/www.kontinenzzentrum.ch\/en\/pelvic-rehabilitation-program\/our-service-to-you.html#breadcrumb"},"inLanguage":"en-GB","potentialAction":[{"@type":"ReadAction","target":["https:\/\/www.kontinenzzentrum.ch\/en\/pelvic-rehabilitation-program\/our-service-to-you.html"]}]},{"@type":"ImageObject","inLanguage":"en-GB","@id":"https:\/\/www.kontinenzzentrum.ch\/en\/pelvic-rehabilitation-program\/our-service-to-you.html#primaryimage","url":"https:\/\/www.kontinenzzentrum.ch\/wp-content\/uploads\/fachpersonen-uebersicht-10001.jpeg","contentUrl":"https:\/\/www.kontinenzzentrum.ch\/wp-content\/uploads\/fachpersonen-uebersicht-10001.jpeg","width":1920,"height":450},{"@type":"BreadcrumbList","@id":"https:\/\/www.kontinenzzentrum.ch\/en\/pelvic-rehabilitation-program\/our-service-to-you.html#breadcrumb","itemListElement":[{"@type":"ListItem","position":1,"name":"Startseite","item":"https:\/\/www.kontinenzzentrum.ch\/en"},{"@type":"ListItem","position":2,"name":"Pelvic rehabilitation program","item":"https:\/\/www.kontinenzzentrum.ch\/en\/pelvic-rehabilitation-program.html"},{"@type":"ListItem","position":3,"name":"Our service to you"}]},{"@type":"WebSite","@id":"https:\/\/www.kontinenzzentrum.ch\/de\/#website","url":"https:\/\/www.kontinenzzentrum.ch\/de\/","name":"KontinenzZentrum Hirslanden Z\u00fcrich","description":"KontinenzZentrum Hirslanden Z\u00fcrich: Blasenst\u00f6rungen & Inkontinenz","publisher":{"@id":"https:\/\/www.kontinenzzentrum.ch\/de\/#organization"},"potentialAction":[{"@type":"SearchAction","target":{"@type":"EntryPoint","urlTemplate":"https:\/\/www.kontinenzzentrum.ch\/de\/?s={search_term_string}"},"query-input":{"@type":"PropertyValueSpecification","valueRequired":true,"valueName":"search_term_string"}}],"inLanguage":"en-GB"},{"@type":"Organization","@id":"https:\/\/www.kontinenzzentrum.ch\/de\/#organization","name":"KontinenzZentrum Hirslanden Z\u00fcrich","url":"https:\/\/www.kontinenzzentrum.ch\/de\/","logo":{"@type":"ImageObject","inLanguage":"en-GB","@id":"https:\/\/www.kontinenzzentrum.ch\/de\/#\/schema\/logo\/image\/","url":"https:\/\/www.kontinenzzentrum.ch\/wp-content\/uploads\/Logo_KontinenzZentrum.png","contentUrl":"https:\/\/www.kontinenzzentrum.ch\/wp-content\/uploads\/Logo_KontinenzZentrum.png","width":800,"height":142,"caption":"KontinenzZentrum Hirslanden Z\u00fcrich"},"image":{"@id":"https:\/\/www.kontinenzzentrum.ch\/de\/#\/schema\/logo\/image\/"}}]}},"_links":{"self":[{"href":"https:\/\/www.kontinenzzentrum.ch\/en\/wp-json\/wp\/v2\/pages\/2428","targetHints":{"allow":["GET"]}}],"collection":[{"href":"https:\/\/www.kontinenzzentrum.ch\/en\/wp-json\/wp\/v2\/pages"}],"about":[{"href":"https:\/\/www.kontinenzzentrum.ch\/en\/wp-json\/wp\/v2\/types\/page"}],"author":[{"embeddable":true,"href":"https:\/\/www.kontinenzzentrum.ch\/en\/wp-json\/wp\/v2\/users\/1"}],"replies":[{"embeddable":true,"href":"https:\/\/www.kontinenzzentrum.ch\/en\/wp-json\/wp\/v2\/comments?post=2428"}],"version-history":[{"count":3,"href":"https:\/\/www.kontinenzzentrum.ch\/en\/wp-json\/wp\/v2\/pages\/2428\/revisions"}],"predecessor-version":[{"id":3224,"href":"https:\/\/www.kontinenzzentrum.ch\/en\/wp-json\/wp\/v2\/pages\/2428\/revisions\/3224"}],"up":[{"embeddable":true,"href":"https:\/\/www.kontinenzzentrum.ch\/en\/wp-json\/wp\/v2\/pages\/2405"}],"wp:featuredmedia":[{"embeddable":true,"href":"https:\/\/www.kontinenzzentrum.ch\/en\/wp-json\/wp\/v2\/media\/1241"}],"wp:attachment":[{"href":"https:\/\/www.kontinenzzentrum.ch\/en\/wp-json\/wp\/v2\/media?parent=2428"}],"curies":[{"name":"wp","href":"https:\/\/api.w.org\/{rel}","templated":true}]}}