{"id":2436,"date":"2023-03-16T15:20:58","date_gmt":"2023-03-16T14:20:58","guid":{"rendered":"https:\/\/www.kontinenzzentrum.ch\/?page_id=2436"},"modified":"2023-03-16T15:20:58","modified_gmt":"2023-03-16T14:20:58","slug":"who-benefits-from-this-program","status":"publish","type":"page","link":"https:\/\/www.kontinenzzentrum.ch\/en\/pelvic-rehabilitation-program\/who-benefits-from-this-program.html","title":{"rendered":"Who benefits from this program?"},"content":{"rendered":"<div id=\"pl-2436\"  class=\"panel-layout\" ><div id=\"pg-2436-0\"  class=\"panel-grid panel-no-style\" ><div id=\"pgc-2436-0-0\"  class=\"panel-grid-cell\" ><div id=\"panel-2436-0-0-0\" class=\"so-panel widget widget_sow-editor panel-first-child panel-last-child\" data-index=\"0\" ><div\n\t\t\t\n\t\t\tclass=\"so-widget-sow-editor so-widget-sow-editor-base\"\n\t\t\t\n\t\t>\n<div class=\"siteorigin-widget-tinymce textwidget\">\n\t<h1>Who benefits from this pelvic rehabilitation program?<\/h1>\n<h2>Patients with these diseases or injuries can profit:<\/h2>\n<h3>Pelvic organ dysfunction includes one or more of these problems:<\/h3>\n<ul>\n<li>Urinary tract dysfunction, including urinary incontinence or retention<\/li>\n<li>Pelvic floor dysfunction<\/li>\n<li>Bowel dysfunction, including fecal incontinence<\/li>\n<li>Sexual dysfunction in women and men<\/li>\n<li>Infertility in women and men<\/li>\n<li>Chronic pelvic pain syndrome<\/li>\n<\/ul>\n<h3>Nervous system injuries and diseases that can cause pelvic organ dysfunction:<\/h3>\n<ul>\n<li>Traumatic spinal cord injury<\/li>\n<li>Congenital spinal cord lesion (spina bifida)<\/li>\n<li>Spinal cord compression and disc disease<\/li>\n<li>Spinal stenosis and spine surgery<\/li>\n<li>Traumatic brain injury<\/li>\n<li>Brain tumors and brain surgery<\/li>\n<li>Multiple sclerosis<\/li>\n<li>Parkinson\u2019s disease<\/li>\n<li>Stroke<\/li>\n<li>Dementia<\/li>\n<li>Peripheral polyneuropathy, with diabetes mellitus or Guillain Barr\u00e9 syndrome<\/li>\n<li>Pelvic surgery<\/li>\n<\/ul>\n<\/div>\n<\/div><\/div><\/div><\/div><\/div>","protected":false},"excerpt":{"rendered":"<p>Who benefits from this pelvic rehabilitation program? Patients with these diseases or injuries can profit: Pelvic organ dysfunction includes one or more of these problems: Urinary tract dysfunction, including urinary incontinence or retention Pelvic floor dysfunction Bowel dysfunction, including fecal incontinence Sexual dysfunction in women and men Infertility in women and men Chronic pelvic pain [&hellip;]<\/p>\n","protected":false},"author":1,"featured_media":1241,"parent":2405,"menu_order":0,"comment_status":"closed","ping_status":"closed","template":"","meta":{"_acf_changed":false,"footnotes":""},"class_list":["post-2436","page","type-page","status-publish","has-post-thumbnail","hentry"],"acf":[],"yoast_head":"<!-- This site is optimized with the Yoast SEO plugin v26.9 - https:\/\/yoast.com\/product\/yoast-seo-wordpress\/ -->\n<title>Who benefits from our program?<\/title>\n<meta name=\"robots\" content=\"index, follow, max-snippet:-1, max-image-preview:large, max-video-preview:-1\" \/>\n<link rel=\"canonical\" href=\"https:\/\/www.kontinenzzentrum.ch\/en\/pelvic-rehabilitation-program\/who-benefits-from-this-program.html\" \/>\n<meta property=\"og:locale\" content=\"en_GB\" \/>\n<meta property=\"og:type\" content=\"article\" \/>\n<meta property=\"og:title\" content=\"Who benefits from our program?\" \/>\n<meta property=\"og:description\" content=\"Who benefits from this pelvic rehabilitation program? Patients with these diseases or injuries can profit: Pelvic organ dysfunction includes one or more of these problems: Urinary tract dysfunction, including urinary incontinence or retention Pelvic floor dysfunction Bowel dysfunction, including fecal incontinence Sexual dysfunction in women and men Infertility in women and men Chronic pelvic pain [&hellip;]\" \/>\n<meta property=\"og:url\" content=\"https:\/\/www.kontinenzzentrum.ch\/en\/pelvic-rehabilitation-program\/who-benefits-from-this-program.html\" \/>\n<meta property=\"og:site_name\" content=\"KontinenzZentrum\" \/>\n<meta property=\"og:image\" content=\"https:\/\/www.kontinenzzentrum.ch\/wp-content\/uploads\/fachpersonen-uebersicht-10001.jpeg\" \/>\n\t<meta property=\"og:image:width\" content=\"1920\" \/>\n\t<meta property=\"og:image:height\" content=\"450\" \/>\n\t<meta property=\"og:image:type\" content=\"image\/jpeg\" \/>\n<meta name=\"twitter:card\" content=\"summary_large_image\" \/>\n<script type=\"application\/ld+json\" class=\"yoast-schema-graph\">{\"@context\":\"https:\/\/schema.org\",\"@graph\":[{\"@type\":\"WebPage\",\"@id\":\"https:\/\/www.kontinenzzentrum.ch\/en\/pelvic-rehabilitation-program\/who-benefits-from-this-program.html\",\"url\":\"https:\/\/www.kontinenzzentrum.ch\/en\/pelvic-rehabilitation-program\/who-benefits-from-this-program.html\",\"name\":\"Who benefits from our program?\",\"isPartOf\":{\"@id\":\"https:\/\/www.kontinenzzentrum.ch\/de\/#website\"},\"primaryImageOfPage\":{\"@id\":\"https:\/\/www.kontinenzzentrum.ch\/en\/pelvic-rehabilitation-program\/who-benefits-from-this-program.html#primaryimage\"},\"image\":{\"@id\":\"https:\/\/www.kontinenzzentrum.ch\/en\/pelvic-rehabilitation-program\/who-benefits-from-this-program.html#primaryimage\"},\"thumbnailUrl\":\"https:\/\/www.kontinenzzentrum.ch\/wp-content\/uploads\/fachpersonen-uebersicht-10001.jpeg\",\"datePublished\":\"2023-03-16T14:20:58+00:00\",\"breadcrumb\":{\"@id\":\"https:\/\/www.kontinenzzentrum.ch\/en\/pelvic-rehabilitation-program\/who-benefits-from-this-program.html#breadcrumb\"},\"inLanguage\":\"en-GB\",\"potentialAction\":[{\"@type\":\"ReadAction\",\"target\":[\"https:\/\/www.kontinenzzentrum.ch\/en\/pelvic-rehabilitation-program\/who-benefits-from-this-program.html\"]}]},{\"@type\":\"ImageObject\",\"inLanguage\":\"en-GB\",\"@id\":\"https:\/\/www.kontinenzzentrum.ch\/en\/pelvic-rehabilitation-program\/who-benefits-from-this-program.html#primaryimage\",\"url\":\"https:\/\/www.kontinenzzentrum.ch\/wp-content\/uploads\/fachpersonen-uebersicht-10001.jpeg\",\"contentUrl\":\"https:\/\/www.kontinenzzentrum.ch\/wp-content\/uploads\/fachpersonen-uebersicht-10001.jpeg\",\"width\":1920,\"height\":450},{\"@type\":\"BreadcrumbList\",\"@id\":\"https:\/\/www.kontinenzzentrum.ch\/en\/pelvic-rehabilitation-program\/who-benefits-from-this-program.html#breadcrumb\",\"itemListElement\":[{\"@type\":\"ListItem\",\"position\":1,\"name\":\"Startseite\",\"item\":\"https:\/\/www.kontinenzzentrum.ch\/en\"},{\"@type\":\"ListItem\",\"position\":2,\"name\":\"Pelvic rehabilitation program\",\"item\":\"https:\/\/www.kontinenzzentrum.ch\/en\/pelvic-rehabilitation-program.html\"},{\"@type\":\"ListItem\",\"position\":3,\"name\":\"Who benefits from this program?\"}]},{\"@type\":\"WebSite\",\"@id\":\"https:\/\/www.kontinenzzentrum.ch\/de\/#website\",\"url\":\"https:\/\/www.kontinenzzentrum.ch\/de\/\",\"name\":\"KontinenzZentrum Hirslanden Z\u00fcrich\",\"description\":\"KontinenzZentrum Hirslanden Z\u00fcrich: Blasenst\u00f6rungen & Inkontinenz\",\"publisher\":{\"@id\":\"https:\/\/www.kontinenzzentrum.ch\/de\/#organization\"},\"potentialAction\":[{\"@type\":\"SearchAction\",\"target\":{\"@type\":\"EntryPoint\",\"urlTemplate\":\"https:\/\/www.kontinenzzentrum.ch\/de\/?s={search_term_string}\"},\"query-input\":{\"@type\":\"PropertyValueSpecification\",\"valueRequired\":true,\"valueName\":\"search_term_string\"}}],\"inLanguage\":\"en-GB\"},{\"@type\":\"Organization\",\"@id\":\"https:\/\/www.kontinenzzentrum.ch\/de\/#organization\",\"name\":\"KontinenzZentrum Hirslanden Z\u00fcrich\",\"url\":\"https:\/\/www.kontinenzzentrum.ch\/de\/\",\"logo\":{\"@type\":\"ImageObject\",\"inLanguage\":\"en-GB\",\"@id\":\"https:\/\/www.kontinenzzentrum.ch\/de\/#\/schema\/logo\/image\/\",\"url\":\"https:\/\/www.kontinenzzentrum.ch\/wp-content\/uploads\/Logo_KontinenzZentrum.png\",\"contentUrl\":\"https:\/\/www.kontinenzzentrum.ch\/wp-content\/uploads\/Logo_KontinenzZentrum.png\",\"width\":800,\"height\":142,\"caption\":\"KontinenzZentrum Hirslanden Z\u00fcrich\"},\"image\":{\"@id\":\"https:\/\/www.kontinenzzentrum.ch\/de\/#\/schema\/logo\/image\/\"}}]}<\/script>\n<!-- \/ Yoast SEO plugin. -->","yoast_head_json":{"title":"Who benefits from our program?","robots":{"index":"index","follow":"follow","max-snippet":"max-snippet:-1","max-image-preview":"max-image-preview:large","max-video-preview":"max-video-preview:-1"},"canonical":"https:\/\/www.kontinenzzentrum.ch\/en\/pelvic-rehabilitation-program\/who-benefits-from-this-program.html","og_locale":"en_GB","og_type":"article","og_title":"Who benefits from our program?","og_description":"Who benefits from this pelvic rehabilitation program? Patients with these diseases or injuries can profit: Pelvic organ dysfunction includes one or more of these problems: Urinary tract dysfunction, including urinary incontinence or retention Pelvic floor dysfunction Bowel dysfunction, including fecal incontinence Sexual dysfunction in women and men Infertility in women and men Chronic pelvic pain [&hellip;]","og_url":"https:\/\/www.kontinenzzentrum.ch\/en\/pelvic-rehabilitation-program\/who-benefits-from-this-program.html","og_site_name":"KontinenzZentrum","og_image":[{"width":1920,"height":450,"url":"https:\/\/www.kontinenzzentrum.ch\/wp-content\/uploads\/fachpersonen-uebersicht-10001.jpeg","type":"image\/jpeg"}],"twitter_card":"summary_large_image","schema":{"@context":"https:\/\/schema.org","@graph":[{"@type":"WebPage","@id":"https:\/\/www.kontinenzzentrum.ch\/en\/pelvic-rehabilitation-program\/who-benefits-from-this-program.html","url":"https:\/\/www.kontinenzzentrum.ch\/en\/pelvic-rehabilitation-program\/who-benefits-from-this-program.html","name":"Who benefits from our program?","isPartOf":{"@id":"https:\/\/www.kontinenzzentrum.ch\/de\/#website"},"primaryImageOfPage":{"@id":"https:\/\/www.kontinenzzentrum.ch\/en\/pelvic-rehabilitation-program\/who-benefits-from-this-program.html#primaryimage"},"image":{"@id":"https:\/\/www.kontinenzzentrum.ch\/en\/pelvic-rehabilitation-program\/who-benefits-from-this-program.html#primaryimage"},"thumbnailUrl":"https:\/\/www.kontinenzzentrum.ch\/wp-content\/uploads\/fachpersonen-uebersicht-10001.jpeg","datePublished":"2023-03-16T14:20:58+00:00","breadcrumb":{"@id":"https:\/\/www.kontinenzzentrum.ch\/en\/pelvic-rehabilitation-program\/who-benefits-from-this-program.html#breadcrumb"},"inLanguage":"en-GB","potentialAction":[{"@type":"ReadAction","target":["https:\/\/www.kontinenzzentrum.ch\/en\/pelvic-rehabilitation-program\/who-benefits-from-this-program.html"]}]},{"@type":"ImageObject","inLanguage":"en-GB","@id":"https:\/\/www.kontinenzzentrum.ch\/en\/pelvic-rehabilitation-program\/who-benefits-from-this-program.html#primaryimage","url":"https:\/\/www.kontinenzzentrum.ch\/wp-content\/uploads\/fachpersonen-uebersicht-10001.jpeg","contentUrl":"https:\/\/www.kontinenzzentrum.ch\/wp-content\/uploads\/fachpersonen-uebersicht-10001.jpeg","width":1920,"height":450},{"@type":"BreadcrumbList","@id":"https:\/\/www.kontinenzzentrum.ch\/en\/pelvic-rehabilitation-program\/who-benefits-from-this-program.html#breadcrumb","itemListElement":[{"@type":"ListItem","position":1,"name":"Startseite","item":"https:\/\/www.kontinenzzentrum.ch\/en"},{"@type":"ListItem","position":2,"name":"Pelvic rehabilitation program","item":"https:\/\/www.kontinenzzentrum.ch\/en\/pelvic-rehabilitation-program.html"},{"@type":"ListItem","position":3,"name":"Who benefits from this program?"}]},{"@type":"WebSite","@id":"https:\/\/www.kontinenzzentrum.ch\/de\/#website","url":"https:\/\/www.kontinenzzentrum.ch\/de\/","name":"KontinenzZentrum Hirslanden Z\u00fcrich","description":"KontinenzZentrum Hirslanden Z\u00fcrich: Blasenst\u00f6rungen & Inkontinenz","publisher":{"@id":"https:\/\/www.kontinenzzentrum.ch\/de\/#organization"},"potentialAction":[{"@type":"SearchAction","target":{"@type":"EntryPoint","urlTemplate":"https:\/\/www.kontinenzzentrum.ch\/de\/?s={search_term_string}"},"query-input":{"@type":"PropertyValueSpecification","valueRequired":true,"valueName":"search_term_string"}}],"inLanguage":"en-GB"},{"@type":"Organization","@id":"https:\/\/www.kontinenzzentrum.ch\/de\/#organization","name":"KontinenzZentrum Hirslanden Z\u00fcrich","url":"https:\/\/www.kontinenzzentrum.ch\/de\/","logo":{"@type":"ImageObject","inLanguage":"en-GB","@id":"https:\/\/www.kontinenzzentrum.ch\/de\/#\/schema\/logo\/image\/","url":"https:\/\/www.kontinenzzentrum.ch\/wp-content\/uploads\/Logo_KontinenzZentrum.png","contentUrl":"https:\/\/www.kontinenzzentrum.ch\/wp-content\/uploads\/Logo_KontinenzZentrum.png","width":800,"height":142,"caption":"KontinenzZentrum Hirslanden Z\u00fcrich"},"image":{"@id":"https:\/\/www.kontinenzzentrum.ch\/de\/#\/schema\/logo\/image\/"}}]}},"_links":{"self":[{"href":"https:\/\/www.kontinenzzentrum.ch\/en\/wp-json\/wp\/v2\/pages\/2436","targetHints":{"allow":["GET"]}}],"collection":[{"href":"https:\/\/www.kontinenzzentrum.ch\/en\/wp-json\/wp\/v2\/pages"}],"about":[{"href":"https:\/\/www.kontinenzzentrum.ch\/en\/wp-json\/wp\/v2\/types\/page"}],"author":[{"embeddable":true,"href":"https:\/\/www.kontinenzzentrum.ch\/en\/wp-json\/wp\/v2\/users\/1"}],"replies":[{"embeddable":true,"href":"https:\/\/www.kontinenzzentrum.ch\/en\/wp-json\/wp\/v2\/comments?post=2436"}],"version-history":[{"count":2,"href":"https:\/\/www.kontinenzzentrum.ch\/en\/wp-json\/wp\/v2\/pages\/2436\/revisions"}],"predecessor-version":[{"id":2438,"href":"https:\/\/www.kontinenzzentrum.ch\/en\/wp-json\/wp\/v2\/pages\/2436\/revisions\/2438"}],"up":[{"embeddable":true,"href":"https:\/\/www.kontinenzzentrum.ch\/en\/wp-json\/wp\/v2\/pages\/2405"}],"wp:featuredmedia":[{"embeddable":true,"href":"https:\/\/www.kontinenzzentrum.ch\/en\/wp-json\/wp\/v2\/media\/1241"}],"wp:attachment":[{"href":"https:\/\/www.kontinenzzentrum.ch\/en\/wp-json\/wp\/v2\/media?parent=2436"}],"curies":[{"name":"wp","href":"https:\/\/api.w.org\/{rel}","templated":true}]}}