{"id":2464,"date":"2020-10-22T10:55:16","date_gmt":"2020-10-22T08:55:16","guid":{"rendered":"https:\/\/www.kontinenzzentrum.ch\/startseite\/"},"modified":"2023-06-14T08:24:43","modified_gmt":"2023-06-14T06:24:43","slug":"startseite","status":"publish","type":"page","link":"https:\/\/www.kontinenzzentrum.ch\/en","title":{"rendered":"Home"},"content":{"rendered":"<div id=\"pl-2464\"  class=\"panel-layout\" ><div id=\"pg-2464-0\"  class=\"panel-grid panel-no-style\" ><div id=\"pgc-2464-0-0\"  class=\"panel-grid-cell\" ><div id=\"panel-2464-0-0-0\" class=\"so-panel widget widget_fn-panels-widget panel-first-child panel-last-child\" data-index=\"0\" ><div class=\"fn-panels-home uk-text-center panel-widget-style panel-widget-style-for-2464-0-0-0\" ><div\n\t\t\t\n\t\t\tclass=\"so-widget-fn-panels-widget so-widget-fn-panels-widget-base\"\n\t\t\t\n\t\t><div class=\"uk-child-width-1-1 uk-child-width-1-2@s uk-child-width-1-3@m uk-child-width-1-6@l uk-flex-center uk-grid-small\" uk-grid uk-height-match=\"target: .fn-match-height\"><div>\n        <div class=\"fn-panel fn-panel-box-small uk-height-1-1 uk-background-default uk-padding-small uk-padding-remove-horizontal uk-box-shadow-small uk-position-relative\"><div class=\"fn-panel-image uk-height-small uk-margin-bottom uk-flex uk-flex-middle\">\n              <div class=\"uk-width-1-1\">\n                <img decoding=\"async\" class=\"uk-height-max-small\" src=\"https:\/\/www.kontinenzzentrum.ch\/wp-content\/uploads\/ICON_Inkontinenz.svg\" alt=\"\" \/>\n              <\/div>\n            <\/div><div class=\"fn-match-height\">\n            <div class=\"fn-panel-title\">\n              <p class=\"uk-h4 uk-margin-bottom\"><\/p>\n            <\/div>\n            <div class=\"fn-panel-content\"><p class=\"uk-h5\">Incontinence<\/p>\n<\/div>\n          <\/div><div class=\"fn-panel-link uk-margin-small-top\"><a href=\"https:\/\/www.kontinenzzentrum.ch\/en\/competence\/incontinence.html\" class=\"uk-button uk-button-primary\">mehr \u00bb<\/a><\/div><\/div>\n      <\/div><div>\n        <div class=\"fn-panel fn-panel-box-small uk-height-1-1 uk-background-default uk-padding-small uk-padding-remove-horizontal uk-box-shadow-small uk-position-relative\"><div class=\"fn-panel-image uk-height-small uk-margin-bottom uk-flex uk-flex-middle\">\n              <div class=\"uk-width-1-1\">\n                <img decoding=\"async\" class=\"uk-height-max-small\" src=\"https:\/\/www.kontinenzzentrum.ch\/wp-content\/uploads\/ICON_Neurologie.svg\" alt=\"\" \/>\n              <\/div>\n            <\/div><div class=\"fn-match-height\">\n            <div class=\"fn-panel-title\">\n              <p class=\"uk-h4 uk-margin-bottom\"><\/p>\n            <\/div>\n            <div class=\"fn-panel-content\"><p class=\"uk-h5\">Neurourology<\/p>\n<\/div>\n          <\/div><div class=\"fn-panel-link uk-margin-small-top\"><a href=\"https:\/\/www.kontinenzzentrum.ch\/en\/competence\/neurourology.html\" class=\"uk-button uk-button-primary\">mehr \u00bb<\/a><\/div><\/div>\n      <\/div><div>\n        <div class=\"fn-panel fn-panel-box-small uk-height-1-1 uk-background-default uk-padding-small uk-padding-remove-horizontal uk-box-shadow-small uk-position-relative\"><div class=\"fn-panel-image uk-height-small uk-margin-bottom uk-flex uk-flex-middle\">\n              <div class=\"uk-width-1-1\">\n                <img decoding=\"async\" class=\"uk-height-max-small\" src=\"https:\/\/www.kontinenzzentrum.ch\/wp-content\/uploads\/ICON_Uro_Frau.svg\" alt=\"\" \/>\n              <\/div>\n            <\/div><div class=\"fn-match-height\">\n            <div class=\"fn-panel-title\">\n              <p class=\"uk-h4 uk-margin-bottom\"><\/p>\n            <\/div>\n            <div class=\"fn-panel-content\"><p class=\"uk-h5\">Female<br \/>\nUrology<\/p>\n<\/div>\n          <\/div><div class=\"fn-panel-link uk-margin-small-top\"><a href=\"https:\/\/www.kontinenzzentrum.ch\/en\/competence\/female-urology.html\" class=\"uk-button uk-button-primary\">mehr \u00bb<\/a><\/div><\/div>\n      <\/div><div>\n        <div class=\"fn-panel fn-panel-box-small uk-height-1-1 uk-background-default uk-padding-small uk-padding-remove-horizontal uk-box-shadow-small uk-position-relative\"><div class=\"fn-panel-image uk-height-small uk-margin-bottom uk-flex uk-flex-middle\">\n              <div class=\"uk-width-1-1\">\n                <img decoding=\"async\" class=\"uk-height-max-small\" src=\"https:\/\/www.kontinenzzentrum.ch\/wp-content\/uploads\/ICON_Uro_Kinder.svg\" alt=\"\" \/>\n              <\/div>\n            <\/div><div class=\"fn-match-height\">\n            <div class=\"fn-panel-title\">\n              <p class=\"uk-h4 uk-margin-bottom\"><\/p>\n            <\/div>\n            <div class=\"fn-panel-content\"><p class=\"uk-h5\">Paediatric<br \/>\nurology<\/p>\n<\/div>\n          <\/div><div class=\"fn-panel-link uk-margin-small-top\"><a href=\"https:\/\/www.kontinenzzentrum.ch\/en\/competence\/paediatric-urology.html\" class=\"uk-button uk-button-primary\">mehr \u00bb<\/a><\/div><\/div>\n      <\/div><div>\n        <div class=\"fn-panel fn-panel-box-small uk-height-1-1 uk-background-default uk-padding-small uk-padding-remove-horizontal uk-box-shadow-small uk-position-relative\"><div class=\"fn-panel-image uk-height-small uk-margin-bottom uk-flex uk-flex-middle\">\n              <div class=\"uk-width-1-1\">\n                <img decoding=\"async\" class=\"uk-height-max-small\" src=\"https:\/\/www.kontinenzzentrum.ch\/wp-content\/uploads\/ICON_Beckenschmerz.svg\" alt=\"\" \/>\n              <\/div>\n            <\/div><div class=\"fn-match-height\">\n            <div class=\"fn-panel-title\">\n              <p class=\"uk-h4 uk-margin-bottom\"><\/p>\n            <\/div>\n            <div class=\"fn-panel-content\"><p class=\"uk-h5\">Pelvin Pain<\/p>\n<\/div>\n          <\/div><div class=\"fn-panel-link uk-margin-small-top\"><a href=\"https:\/\/www.kontinenzzentrum.ch\/en\/competence\/pelvic-pain.html\" class=\"uk-button uk-button-primary\">mehr \u00bb<\/a><\/div><\/div>\n      <\/div><div>\n        <div class=\"fn-panel fn-panel-box-small uk-height-1-1 uk-background-default uk-padding-small uk-padding-remove-horizontal uk-box-shadow-small uk-position-relative\"><div class=\"fn-panel-image uk-height-small uk-margin-bottom uk-flex uk-flex-middle\">\n              <div class=\"uk-width-1-1\">\n                <img decoding=\"async\" class=\"uk-height-max-small\" src=\"https:\/\/www.kontinenzzentrum.ch\/wp-content\/uploads\/ICON_Beckenboden.svg\" alt=\"\" \/>\n              <\/div>\n            <\/div><div class=\"fn-match-height\">\n            <div class=\"fn-panel-title\">\n              <p class=\"uk-h4 uk-margin-bottom\"><\/p>\n            <\/div>\n            <div class=\"fn-panel-content\"><p class=\"uk-h5\">Pelvic floor<\/p>\n<\/div>\n          <\/div><div class=\"fn-panel-link uk-margin-small-top\"><a href=\"https:\/\/www.kontinenzzentrum.ch\/en\/competence\/pelvic-floor.html\" class=\"uk-button uk-button-primary\">mehr \u00bb<\/a><\/div><\/div>\n      <\/div><\/div><\/div><\/div><\/div><\/div><\/div><div id=\"pg-2464-1\"  class=\"panel-grid panel-no-style\" ><div id=\"pgc-2464-1-0\"  class=\"panel-grid-cell\" ><div id=\"panel-2464-1-0-0\" class=\"so-panel widget widget_sow-editor panel-first-child panel-last-child\" data-index=\"1\" ><div\n\t\t\t\n\t\t\tclass=\"so-widget-sow-editor so-widget-sow-editor-base\"\n\t\t\t\n\t\t>\n<div class=\"siteorigin-widget-tinymce textwidget\">\n\t    <div class=\"uk-flex uk-flex-center uk-width-1-1 fn-row-socialmedia\">    <ul class=\"uk-subnav\"><li><a href=\"https:\/\/twitter.com\/ReitzAndre\" target=\"_blank\"><i class=\"fab fn-social-icon fa-twitter-square\"><\/i><\/a><\/li><li><a href=\"https:\/\/www.youtube.com\/channel\/UCso0qbyJTNf5olnmFHtQqRg\" target=\"_blank\"><i class=\"fab fn-social-icon fa-youtube-square\"><\/i><\/a><\/li><li><a href=\"https:\/\/www.researchgate.net\/profile\/Andre-Reitz\" target=\"_blank\"><i class=\"fab fn-social-icon fa-researchgate\"><\/i><\/a><\/li><\/ul>\n    <\/div>\n<\/div>\n<\/div><\/div><\/div><\/div><div id=\"pg-2464-2\"  class=\"panel-grid panel-has-style\" ><div class=\"uk-margin-large-top panel-row-style panel-row-style-for-2464-2\" ><div id=\"pgc-2464-2-0\"  class=\"panel-grid-cell\" ><div id=\"panel-2464-2-0-0\" class=\"so-panel widget widget_sow-editor panel-first-child\" data-index=\"2\" ><div class=\"panel-widget-style panel-widget-style-for-2464-2-0-0\" ><div\n\t\t\t\n\t\t\tclass=\"so-widget-sow-editor so-widget-sow-editor-base\"\n\t\t\t\n\t\t>\n<div class=\"siteorigin-widget-tinymce textwidget\">\n\t<h1 style=\"text-align: center;\">Your specialist in Zurich for bladder and pelvic floor conditions and all forms of incontinence in men, women and children. <\/h1>\n<\/div>\n<\/div><\/div><\/div><div id=\"panel-2464-2-0-1\" class=\"so-panel widget widget_fn-posts-widget panel-last-child\" data-index=\"3\" ><div class=\"uk-margin-large-top panel-widget-style panel-widget-style-for-2464-2-0-1\" ><div\n\t\t\t\n\t\t\tclass=\"so-widget-fn-posts-widget so-widget-fn-posts-widget-base\"\n\t\t\t\n\t\t><div class=\"fn-posts fn-posts-widget\" data-style=\"even-odd-dark\"><a class=\"fn-posts-panel fn-panel uk-display-block uk-link-reset\" href=\"https:\/\/www.kontinenzzentrum.ch\/en\/about-us\/who-we-are.html\" title=\"Who we are\">\n        <div class=\"uk-child-width-1-2@s uk-grid-collapse\" uk-grid>\n          <div class=\"uk-flex-last@s\"><div class=\"uk-cover-container fn-image\">\n                <img decoding=\"async\" alt=\"Who we are\" src=\"https:\/\/www.kontinenzzentrum.ch\/wp-content\/uploads\/ueber-uns-wer-wir-sind-11930-txt.jpeg\" uk-cover \/>\n              <\/div><\/div>\n          <div>\n            <div class=\"article-content uk-padding\">\n              <div class=\"article-text\"><h2 class=\"uk-h1\">Who we are<\/h2>\n<p>The interdisciplinary team of the Kontinenzzentrum Hirslanden<\/p>\n<p><strong>Read more \u00bb<\/strong><\/p>\n<\/div>\n            <\/div>\n          <\/div>\n        <\/div>\n      <\/a><a class=\"fn-posts-panel fn-panel uk-display-block uk-link-reset\" href=\"https:\/\/www.kontinenzzentrum.ch\/en\/what-makes-us-different.html\" title=\"What makes us different\">\n        <div class=\"uk-child-width-1-2@s uk-grid-collapse\" uk-grid>\n          <div class=\"\"><div class=\"uk-cover-container fn-image\">\n                <img decoding=\"async\" alt=\"What makes us different\" src=\"https:\/\/www.kontinenzzentrum.ch\/wp-content\/uploads\/ueber-uns-das-zeichnet-uns-aus-213006-txt.jpeg\" uk-cover \/>\n              <\/div><\/div>\n          <div>\n            <div class=\"article-content uk-padding\">\n              <div class=\"article-text\"><h2 class=\"uk-h1\">What makes us different<\/h2>\n<p>Experience - expertise - technology<\/p>\n<p><strong>Read more \u00bb<\/strong><\/p>\n<\/div>\n            <\/div>\n          <\/div>\n        <\/div>\n      <\/a><a class=\"fn-posts-panel fn-panel uk-display-block uk-link-reset\" href=\"https:\/\/www.kontinenzzentrum.ch\/en\/how-you-benefit.html\" title=\"How you benefit\">\n        <div class=\"uk-child-width-1-2@s uk-grid-collapse\" uk-grid>\n          <div class=\"uk-flex-last@s\"><div class=\"uk-cover-container fn-image\">\n                <img decoding=\"async\" alt=\"How you benefit\" src=\"https:\/\/www.kontinenzzentrum.ch\/wp-content\/uploads\/ueber-uns-das-haben-sie-213288-txt-2.jpeg\" uk-cover \/>\n              <\/div><\/div>\n          <div>\n            <div class=\"article-content uk-padding\">\n              <div class=\"article-text\"><h2 class=\"uk-h1\">HOW YOU BENEFIT<\/h2>\n<p>Individual, reliable care<\/p>\n<p><strong>Read more \u00bb<\/strong><\/p>\n<\/div>\n            <\/div>\n          <\/div>\n        <\/div>\n      <\/a><\/div><\/div><\/div><\/div><\/div><\/div><\/div><div id=\"pg-2464-3\"  class=\"panel-grid panel-no-style\" ><div id=\"pgc-2464-3-0\"  class=\"panel-grid-cell\" ><div id=\"panel-2464-3-0-0\" class=\"so-panel widget widget_sow-editor panel-first-child\" data-index=\"4\" ><div\n\t\t\t\n\t\t\tclass=\"so-widget-sow-editor so-widget-sow-editor-base\"\n\t\t\t\n\t\t>\n<div class=\"siteorigin-widget-tinymce textwidget\">\n\t<h3 class=\"uk-h1\">Syndromes<\/h3>\n<\/div>\n<\/div><\/div><div id=\"panel-2464-3-0-1\" class=\"so-panel widget widget_fn-panels-widget panel-last-child\" data-index=\"5\" ><div\n\t\t\t\n\t\t\tclass=\"so-widget-fn-panels-widget so-widget-fn-panels-widget-base\"\n\t\t\t\n\t\t><div class=\"uk-child-width-1-1 uk-child-width-1-2@m uk-child-width-1-2@m uk-flex-center uk-grid-small\" uk-grid><div><a class=\"uk-display-block fn-panel fn-panel-image fn-panel-big\" href=\"https:\/\/www.kontinenzzentrum.ch\/en\/diseases\/bladder-dysfunction\/benign-prostate-enlargement.html\"><div class=\"image fn-overlay uk-cover-container\">\n              <img decoding=\"async\" src=\"https:\/\/www.kontinenzzentrum.ch\/wp-content\/uploads\/adobestock_34279766.jpeg\" alt=\"\" uk-cover>\n            <\/div><div class=\"inner\"><div class=\"title\">\n                <p class=\"uk-h5\">Bladder problems in cases of enlarged prostate<\/p>\n              <\/div><\/div>\n        <\/a><\/div><div class=\"uk-width-expand\"><div class=\"uk-child-width-1-1 uk-child-width-1-2@s uk-child-width-1-2@m uk-flex-center uk-grid-small\" uk-grid>            <div><a class=\"uk-display-block fn-panel fn-panel-image fn-panel-small\" href=\"https:\/\/www.kontinenzzentrum.ch\/en\/diseases\/neurogenic-bladder-disorders\/spinal-paralysis.html\"><div class=\"image fn-overlay uk-cover-container\">\n              <img decoding=\"async\" src=\"https:\/\/www.kontinenzzentrum.ch\/wp-content\/uploads\/adobestock_121760515-e1738082892742.jpeg\" alt=\"\" uk-cover>\n            <\/div><div class=\"inner\"><div class=\"title\">\n                <p class=\"uk-h5\">Incontinence associated with paraplegia<\/p>\n              <\/div><\/div>\n        <\/a><\/div><div><a class=\"uk-display-block fn-panel fn-panel-image fn-panel-small\" href=\"https:\/\/www.kontinenzzentrum.ch\/en\/diseases\/pain-und-urethritis\/cystitis.html\"><div class=\"image fn-overlay uk-cover-container\">\n              <img decoding=\"async\" src=\"https:\/\/www.kontinenzzentrum.ch\/wp-content\/uploads\/adobestock_165258158.jpeg\" alt=\"\" uk-cover>\n            <\/div><div class=\"inner\"><div class=\"title\">\n                <p class=\"uk-h5\">Cystitis<\/p>\n              <\/div><\/div>\n        <\/a><\/div><div><a class=\"uk-display-block fn-panel fn-panel-image fn-panel-small\" href=\"https:\/\/www.kontinenzzentrum.ch\/en\/diseases\/bladder-dysfunction\/irritable-bladder.html\"><div class=\"image fn-overlay uk-cover-container\">\n              <img decoding=\"async\" src=\"https:\/\/www.kontinenzzentrum.ch\/wp-content\/uploads\/adobestock_92322197.jpeg\" alt=\"\" uk-cover>\n            <\/div><div class=\"inner\"><div class=\"title\">\n                <p class=\"uk-h5\">Irritable bladder<\/p>\n              <\/div><\/div>\n        <\/a><\/div><div><a class=\"uk-display-block fn-panel fn-panel-image fn-panel-small\" href=\"https:\/\/www.kontinenzzentrum.ch\/en\/diseases\/pelvic-prolapse\/bladder-prolapse.html\"><div class=\"image fn-overlay uk-cover-container\">\n              <img decoding=\"async\" src=\"https:\/\/www.kontinenzzentrum.ch\/wp-content\/uploads\/2380225.jpg\" alt=\"\" uk-cover>\n            <\/div><div class=\"inner\"><div class=\"title\">\n                <p class=\"uk-h5\">Prolapse disorders<\/p>\n              <\/div><\/div>\n        <\/a><\/div><\/div>\n      <\/div><\/div><\/div><\/div><\/div><\/div><div id=\"pg-2464-4\"  class=\"panel-grid panel-no-style\" ><div id=\"pgc-2464-4-0\"  class=\"panel-grid-cell\" ><div id=\"panel-2464-4-0-0\" class=\"so-panel widget widget_sow-editor panel-first-child\" data-index=\"6\" ><div\n\t\t\t\n\t\t\tclass=\"so-widget-sow-editor so-widget-sow-editor-base\"\n\t\t\t\n\t\t>\n<div class=\"siteorigin-widget-tinymce textwidget\">\n\t<h3 class=\"uk-h1\">How to find us<\/h3>\n<\/div>\n<\/div><\/div><div id=\"panel-2464-4-0-1\" class=\"so-panel widget widget_sow-google-map panel-last-child\" data-index=\"7\" ><div\n\t\t\t\n\t\t\tclass=\"so-widget-sow-google-map so-widget-sow-google-map-default-6cf0154baf9c-2217\"\n\t\t\t\n\t\t>\n<div class=\"sow-google-map-canvas\"\n\tstyle=\"\"\n\tid=\"map-canvas-3d961fc44c639d8f6d72b3ceda0c584f\"\n\tdata-options=\"{&quot;address&quot;:&quot;Witellikerstrasse 40, 8032 Z\\u00fcrich, Schweiz&quot;,&quot;zoom&quot;:12,&quot;mobileZoom&quot;:12,&quot;gestureHandling&quot;:&quot;auto&quot;,&quot;disableUi&quot;:false,&quot;markerIcon&quot;:&quot;https:\\\/\\\/www.kontinenzzentrum.ch\\\/wp-content\\\/uploads\\\/icons8-google-maps-48.png&quot;,&quot;markersDraggable&quot;:false,&quot;markerAtCenter&quot;:true,&quot;markerInfoDisplay&quot;:&quot;click&quot;,&quot;markerInfoMultiple&quot;:true,&quot;markerPositions&quot;:[{&quot;place&quot;:&quot;Witellikerstrasse 40, 8032 Z\\u00fcrich, Schweiz, &quot;,&quot;info&quot;:&quot;&lt;p&gt;&lt;strong&gt;KontinenzZentrum AG&lt;\\\/strong&gt;&lt;br \\\/&gt;Klinik Hirslanden&lt;br \\\/&gt;Witellikerstrasse 40&lt;br \\\/&gt; 8032 Z\\u00fcrich, Schweiz&lt;br \\\/&gt; F +41 44 387 29 11 &lt;br \\\/&gt; T &lt;a href=\\&quot;tel:+41443872910\\&quot; tabindex=\\&quot;0\\&quot;&gt;+41 44 387 29 10&lt;\\\/a&gt;&lt;br \\\/&gt;&lt;a href=\\&quot;mailto:kontinenzzentrum.hirslanden@hirslanden.ch\\&quot;&gt;kontinenzzentrum.hirslanden@hirslanden.ch&lt;\\\/a&gt;&lt;br \\\/&gt;&lt;a href=\\&quot;https:\\\/\\\/www.google.com\\\/maps\\\/place\\\/Witellikerstrasse+40,+8032+Z%C3%BCrich,+Schweiz\\\/@47.3510401,8.5735203,17z\\\/data=!3m1!4b1!4m5!3m4!1s0x479aa7245223ea5f:0xa149c78c2f82ffa1!8m2!3d47.3510401!4d8.575709\\&quot; target=\\&quot;_blank\\&quot;&gt;Routenplaner via Google Maps&lt;\\\/a&gt;&lt;\\\/p&gt;\\n&quot;,&quot;infoSelectedEditor&quot;:&quot;tmce&quot;,&quot;infoMaxWidth&quot;:&quot;&quot;,&quot;customMarkerIcon&quot;:0,&quot;customMarkerIconSize&quot;:&quot;full&quot;}],&quot;mapName&quot;:&quot;Grey&quot;,&quot;mapStyles&quot;:[{&quot;featureType&quot;:&quot;all&quot;,&quot;elementType&quot;:&quot;all&quot;,&quot;stylers&quot;:[{&quot;saturation&quot;:-100},{&quot;gamma&quot;:0.90000000000000002220446049250313080847263336181640625}]}],&quot;directions&quot;:&quot;&quot;,&quot;apiKey&quot;:&quot;AIzaSyC9UlefCzYnFbZOMjQhGETbTVzM1emRnj8&quot;,&quot;breakpoint&quot;:959}\"\n\tdata-fallback-image=\"{&quot;img&quot;:&quot;&quot;}\"><\/div>\n<\/div><\/div><\/div><\/div><\/div>","protected":false},"excerpt":{"rendered":"<p>How you benefit Individual, reliable, expert care Your needs are our priority Our top priority is to get to know and take account of the needs of every one of our patients so as to provide the best possible care. In order to do this, we involve partners, friends and family in our recommendations. You [&hellip;]<\/p>\n","protected":false},"author":1,"featured_media":0,"parent":0,"menu_order":0,"comment_status":"closed","ping_status":"closed","template":"template-legacy.php","meta":{"_acf_changed":false,"footnotes":""},"class_list":["post-2464","page","type-page","status-publish","hentry"],"acf":[],"yoast_head":"<!-- This site is optimized with the Yoast SEO plugin v26.9 - https:\/\/yoast.com\/product\/yoast-seo-wordpress\/ -->\n<title>KontinenzZentrum Hirslanden Z\u00fcrich: Blasenst\u00f6rungen &amp; Inkontinenz<\/title>\n<meta name=\"description\" content=\"Die Spezialisten im KontinenzZentrum Hirslanden behandeln Blasenst\u00f6rungen, Inkontinenz, Beckenbodenschw\u00e4che, Schmerzen, Entz\u00fcndungen &amp; Senkungen.\" \/>\n<meta name=\"robots\" content=\"index, follow, max-snippet:-1, max-image-preview:large, max-video-preview:-1\" \/>\n<link rel=\"canonical\" href=\"https:\/\/www.kontinenzzentrum.ch\/en\" \/>\n<meta property=\"og:locale\" content=\"en_GB\" \/>\n<meta property=\"og:type\" content=\"article\" \/>\n<meta property=\"og:title\" content=\"KontinenzZentrum Hirslanden Z\u00fcrich: Blasenst\u00f6rungen &amp; Inkontinenz\" \/>\n<meta property=\"og:description\" content=\"Die Spezialisten im KontinenzZentrum Hirslanden behandeln Blasenst\u00f6rungen, Inkontinenz, Beckenbodenschw\u00e4che, Schmerzen, Entz\u00fcndungen &amp; Senkungen.\" \/>\n<meta property=\"og:url\" content=\"https:\/\/www.kontinenzzentrum.ch\/en\" \/>\n<meta property=\"og:site_name\" content=\"KontinenzZentrum\" \/>\n<meta property=\"article:modified_time\" content=\"2023-06-14T06:24:43+00:00\" \/>\n<meta name=\"twitter:card\" content=\"summary_large_image\" \/>\n<meta name=\"twitter:label1\" content=\"Estimated reading time\" \/>\n\t<meta name=\"twitter:data1\" content=\"1 minute\" \/>\n<script type=\"application\/ld+json\" class=\"yoast-schema-graph\">{\"@context\":\"https:\/\/schema.org\",\"@graph\":[{\"@type\":\"WebPage\",\"@id\":\"https:\/\/www.kontinenzzentrum.ch\/en\",\"url\":\"https:\/\/www.kontinenzzentrum.ch\/en\",\"name\":\"KontinenzZentrum Hirslanden Z\u00fcrich: Blasenst\u00f6rungen & Inkontinenz\",\"isPartOf\":{\"@id\":\"https:\/\/www.kontinenzzentrum.ch\/de\/#website\"},\"datePublished\":\"2020-10-22T08:55:16+00:00\",\"dateModified\":\"2023-06-14T06:24:43+00:00\",\"description\":\"Die Spezialisten im KontinenzZentrum Hirslanden behandeln Blasenst\u00f6rungen, Inkontinenz, Beckenbodenschw\u00e4che, Schmerzen, Entz\u00fcndungen & Senkungen.\",\"breadcrumb\":{\"@id\":\"https:\/\/www.kontinenzzentrum.ch\/en#breadcrumb\"},\"inLanguage\":\"en-GB\",\"potentialAction\":[{\"@type\":\"ReadAction\",\"target\":[\"https:\/\/www.kontinenzzentrum.ch\/en\"]}]},{\"@type\":\"BreadcrumbList\",\"@id\":\"https:\/\/www.kontinenzzentrum.ch\/en#breadcrumb\",\"itemListElement\":[{\"@type\":\"ListItem\",\"position\":1,\"name\":\"Startseite\",\"item\":\"https:\/\/www.kontinenzzentrum.ch\/en\"},{\"@type\":\"ListItem\",\"position\":2,\"name\":\"Home\"}]},{\"@type\":\"WebSite\",\"@id\":\"https:\/\/www.kontinenzzentrum.ch\/de\/#website\",\"url\":\"https:\/\/www.kontinenzzentrum.ch\/de\/\",\"name\":\"KontinenzZentrum Hirslanden Z\u00fcrich\",\"description\":\"KontinenzZentrum Hirslanden Z\u00fcrich: Blasenst\u00f6rungen & Inkontinenz\",\"publisher\":{\"@id\":\"https:\/\/www.kontinenzzentrum.ch\/de\/#organization\"},\"potentialAction\":[{\"@type\":\"SearchAction\",\"target\":{\"@type\":\"EntryPoint\",\"urlTemplate\":\"https:\/\/www.kontinenzzentrum.ch\/de\/?s={search_term_string}\"},\"query-input\":{\"@type\":\"PropertyValueSpecification\",\"valueRequired\":true,\"valueName\":\"search_term_string\"}}],\"inLanguage\":\"en-GB\"},{\"@type\":\"Organization\",\"@id\":\"https:\/\/www.kontinenzzentrum.ch\/de\/#organization\",\"name\":\"KontinenzZentrum Hirslanden Z\u00fcrich\",\"url\":\"https:\/\/www.kontinenzzentrum.ch\/de\/\",\"logo\":{\"@type\":\"ImageObject\",\"inLanguage\":\"en-GB\",\"@id\":\"https:\/\/www.kontinenzzentrum.ch\/de\/#\/schema\/logo\/image\/\",\"url\":\"https:\/\/www.kontinenzzentrum.ch\/wp-content\/uploads\/Logo_KontinenzZentrum.png\",\"contentUrl\":\"https:\/\/www.kontinenzzentrum.ch\/wp-content\/uploads\/Logo_KontinenzZentrum.png\",\"width\":800,\"height\":142,\"caption\":\"KontinenzZentrum Hirslanden Z\u00fcrich\"},\"image\":{\"@id\":\"https:\/\/www.kontinenzzentrum.ch\/de\/#\/schema\/logo\/image\/\"}}]}<\/script>\n<!-- \/ Yoast SEO plugin. -->","yoast_head_json":{"title":"KontinenzZentrum Hirslanden Z\u00fcrich: Blasenst\u00f6rungen & Inkontinenz","description":"Die Spezialisten im KontinenzZentrum Hirslanden behandeln Blasenst\u00f6rungen, Inkontinenz, Beckenbodenschw\u00e4che, Schmerzen, Entz\u00fcndungen & Senkungen.","robots":{"index":"index","follow":"follow","max-snippet":"max-snippet:-1","max-image-preview":"max-image-preview:large","max-video-preview":"max-video-preview:-1"},"canonical":"https:\/\/www.kontinenzzentrum.ch\/en","og_locale":"en_GB","og_type":"article","og_title":"KontinenzZentrum Hirslanden Z\u00fcrich: Blasenst\u00f6rungen & Inkontinenz","og_description":"Die Spezialisten im KontinenzZentrum Hirslanden behandeln Blasenst\u00f6rungen, Inkontinenz, Beckenbodenschw\u00e4che, Schmerzen, Entz\u00fcndungen & Senkungen.","og_url":"https:\/\/www.kontinenzzentrum.ch\/en","og_site_name":"KontinenzZentrum","article_modified_time":"2023-06-14T06:24:43+00:00","twitter_card":"summary_large_image","twitter_misc":{"Estimated reading time":"1 minute"},"schema":{"@context":"https:\/\/schema.org","@graph":[{"@type":"WebPage","@id":"https:\/\/www.kontinenzzentrum.ch\/en","url":"https:\/\/www.kontinenzzentrum.ch\/en","name":"KontinenzZentrum Hirslanden Z\u00fcrich: Blasenst\u00f6rungen & Inkontinenz","isPartOf":{"@id":"https:\/\/www.kontinenzzentrum.ch\/de\/#website"},"datePublished":"2020-10-22T08:55:16+00:00","dateModified":"2023-06-14T06:24:43+00:00","description":"Die Spezialisten im KontinenzZentrum Hirslanden behandeln Blasenst\u00f6rungen, Inkontinenz, Beckenbodenschw\u00e4che, Schmerzen, Entz\u00fcndungen & Senkungen.","breadcrumb":{"@id":"https:\/\/www.kontinenzzentrum.ch\/en#breadcrumb"},"inLanguage":"en-GB","potentialAction":[{"@type":"ReadAction","target":["https:\/\/www.kontinenzzentrum.ch\/en"]}]},{"@type":"BreadcrumbList","@id":"https:\/\/www.kontinenzzentrum.ch\/en#breadcrumb","itemListElement":[{"@type":"ListItem","position":1,"name":"Startseite","item":"https:\/\/www.kontinenzzentrum.ch\/en"},{"@type":"ListItem","position":2,"name":"Home"}]},{"@type":"WebSite","@id":"https:\/\/www.kontinenzzentrum.ch\/de\/#website","url":"https:\/\/www.kontinenzzentrum.ch\/de\/","name":"KontinenzZentrum Hirslanden Z\u00fcrich","description":"KontinenzZentrum Hirslanden Z\u00fcrich: Blasenst\u00f6rungen & Inkontinenz","publisher":{"@id":"https:\/\/www.kontinenzzentrum.ch\/de\/#organization"},"potentialAction":[{"@type":"SearchAction","target":{"@type":"EntryPoint","urlTemplate":"https:\/\/www.kontinenzzentrum.ch\/de\/?s={search_term_string}"},"query-input":{"@type":"PropertyValueSpecification","valueRequired":true,"valueName":"search_term_string"}}],"inLanguage":"en-GB"},{"@type":"Organization","@id":"https:\/\/www.kontinenzzentrum.ch\/de\/#organization","name":"KontinenzZentrum Hirslanden Z\u00fcrich","url":"https:\/\/www.kontinenzzentrum.ch\/de\/","logo":{"@type":"ImageObject","inLanguage":"en-GB","@id":"https:\/\/www.kontinenzzentrum.ch\/de\/#\/schema\/logo\/image\/","url":"https:\/\/www.kontinenzzentrum.ch\/wp-content\/uploads\/Logo_KontinenzZentrum.png","contentUrl":"https:\/\/www.kontinenzzentrum.ch\/wp-content\/uploads\/Logo_KontinenzZentrum.png","width":800,"height":142,"caption":"KontinenzZentrum Hirslanden Z\u00fcrich"},"image":{"@id":"https:\/\/www.kontinenzzentrum.ch\/de\/#\/schema\/logo\/image\/"}}]}},"_links":{"self":[{"href":"https:\/\/www.kontinenzzentrum.ch\/en\/wp-json\/wp\/v2\/pages\/2464","targetHints":{"allow":["GET"]}}],"collection":[{"href":"https:\/\/www.kontinenzzentrum.ch\/en\/wp-json\/wp\/v2\/pages"}],"about":[{"href":"https:\/\/www.kontinenzzentrum.ch\/en\/wp-json\/wp\/v2\/types\/page"}],"author":[{"embeddable":true,"href":"https:\/\/www.kontinenzzentrum.ch\/en\/wp-json\/wp\/v2\/users\/1"}],"replies":[{"embeddable":true,"href":"https:\/\/www.kontinenzzentrum.ch\/en\/wp-json\/wp\/v2\/comments?post=2464"}],"version-history":[{"count":21,"href":"https:\/\/www.kontinenzzentrum.ch\/en\/wp-json\/wp\/v2\/pages\/2464\/revisions"}],"predecessor-version":[{"id":3243,"href":"https:\/\/www.kontinenzzentrum.ch\/en\/wp-json\/wp\/v2\/pages\/2464\/revisions\/3243"}],"wp:attachment":[{"href":"https:\/\/www.kontinenzzentrum.ch\/en\/wp-json\/wp\/v2\/media?parent=2464"}],"curies":[{"name":"wp","href":"https:\/\/api.w.org\/{rel}","templated":true}]}}