{"id":3820,"date":"2023-02-09T16:24:30","date_gmt":"2023-02-09T15:24:30","guid":{"rendered":"https:\/\/www.kontinenzzentrum.ch\/diseases\/bladder-dysfunction\/bladder-emptying-disorder.html"},"modified":"2024-07-26T09:57:44","modified_gmt":"2024-07-26T07:57:44","slug":"voiding-dysfunction","status":"publish","type":"page","link":"https:\/\/www.kontinenzzentrum.ch\/en\/diseases\/bladder-dysfunction\/voiding-dysfunction.html","title":{"rendered":"Voiding Dysfunction"},"content":{"rendered":"<div id=\"pl-3820\"  class=\"panel-layout\" ><div id=\"pg-3820-0\"  class=\"panel-grid panel-no-style\" ><div id=\"pgc-3820-0-0\"  class=\"panel-grid-cell\" ><div id=\"panel-3820-0-0-0\" class=\"so-panel widget widget_sow-editor panel-first-child\" data-index=\"0\" ><div\n\t\t\t\n\t\t\tclass=\"so-widget-sow-editor so-widget-sow-editor-base\"\n\t\t\t\n\t\t>\n<div class=\"siteorigin-widget-tinymce textwidget\">\n\t<h1>Voiding dysfunction<\/h1>\n<h2>Impaired, delayed or incomplete emptying of the bladder<\/h2>\n<p>If the time and place are suitable, the mechanism for emptying the bladder is normally set in motion voluntarily. The brain gives the start signal, the sphincter muscle relaxes and the bladder muscle pushes the urine out through the urethra. When the <a href=\"https:\/\/www.kontinenzzentrum.ch\/en\/diagnosis-und-treatment.html\">bladder<\/a> is empty, the sphincter muscle tenses again and emptying is complete. All in all, the process of emptying the bladder does not take much longer than 30 seconds. The first sign of difficult bladder emptying is often a prolonged urination time, meaning that those affected need much longer to go to the toilet than normal people. Occasionally, initiating bladder emptying can cause difficulties, either a false start signal is generated in the brain or the correct signal does not reach the bladder.<\/p>\n<h2>Causes of a micturition dysfunction<\/h2>\n<p>Such disorders are often observed after a <a href=\"https:\/\/www.kontinenzzentrum.ch\/en\/diseases\/neurogenic-bladder-disorders\/stroke.html\">stroke<\/a>, <a href=\"https:\/\/www.kontinenzzentrum.ch\/en\/diseases\/neurogenic-bladder-disorders\/spinal-paralysis.html\">paraplegia<\/a> or <a href=\"https:\/\/www.kontinenzzentrum.ch\/en\/diseases\/neurogenic-bladder-disorders\/multiple-sclerosis.html\">multiple sclerosis<\/a>. A frequent annoyance is the sphincter muscle not opening on command, which prevents the bladder from emptying. Those affected spend considerably more time on the toilet, usually waiting in vain for the bladder to empty. In order to get the bladder to empty after all, the abdominal muscles are activated reflexively, unfortunately usually without success. An enlarged prostate in men can also make it difficult to empty the bladder.<\/p>\n<p>Gradually over many years, the <strong>growing prostate gland<\/strong> constricts the urethra and thus obstructs the outflow of urine. On the toilet, the start of emptying is delayed, the urine stream is weak and it takes longer for the bladder to empty. Women who have undergone <a href=\"https:\/\/www.kontinenzzentrum.ch\/en\/diagnosis-und-treatment\/surgery.html\">incontinence surgery<\/a> also sometimes have difficulty emptying their bladder, especially if the bladder has been overcorrected and the bladder obstruction has been too tight.<\/p>\n<p>The technique of <a title=\"Self-catheterization \" href=\"https:\/\/www.kontinenzzentrum.ch\/de\/untersuchung-und-therapie\/konservative-therapieverfahren\/selbstkatheterismus.html\">self-catheterization<\/a> is often used for functional disorders of the urinary tract. Those affected learn to urinate themselves at certain intervals using a catheter.<\/p>\n<\/div>\n<\/div><\/div><div id=\"panel-3820-0-0-1\" class=\"so-panel widget widget_fn-info-box-widget panel-last-child\" data-index=\"1\" ><div\n\t\t\t\n\t\t\tclass=\"so-widget-fn-info-box-widget so-widget-fn-info-box-widget-base\"\n\t\t\t\n\t\t><div class=\"uk-child-width-1-1 uk-grid-match\" uk-grid><div>\n        <div class=\"fn-info-box-title\">\n          <div class=\"uk-grid-small\" uk-grid>            <div class=\"uk-width-auto\"><img decoding=\"async\" src=\"https:\/\/www.kontinenzzentrum.ch\/wp-content\/uploads\/ICON_kontakt.svg\" class=\"attachment-small size-small\" alt=\"\" \/>            <\/div>            <div class=\"uk-width-expand\">\n              <h4 class=\"uk-h3\">Find out more now<\/h4>\n            <\/div>\n          <\/div>\n        <\/div>\n        <div class=\"fn-info-box-content\">\n              <p><strong>Contact us<\/strong> for a consultation and we will be happy to inform you about your individual assessment and treatment options for <strong>bladder emptying disorders<\/strong> or <a title=\"Bladder weakness\" href=\"https:\/\/www.kontinenzzentrum.ch\/de\/erkrankungen\/blasenfunktionsstoerung\/blasenschwaeche.html\">bladder weakness<\/a>.<\/p>\n<p>Tel.  <a class=\"\" href=\"tel:+41443872910\">+41 44 387 29 10<\/a><\/p>\n<p><a href=\"https:\/\/www.kontinenzzentrum.ch\/en\/about-us\/appointment.html\"><strong>Online appointment booking  <\/strong><\/a><\/p>\n        <\/div>\n      <\/div><\/div><\/div><\/div><\/div><\/div><\/div>","protected":false},"excerpt":{"rendered":"<p>Voiding dysfunction Impaired, delayed or incomplete emptying of the bladder If the time and place are suitable, the mechanism for emptying the bladder is normally set in motion voluntarily. The brain gives the start signal, the sphincter muscle relaxes and the bladder muscle pushes the urine out through the urethra. When the bladder is empty, [&hellip;]<\/p>\n","protected":false},"author":1,"featured_media":1172,"parent":2156,"menu_order":0,"comment_status":"closed","ping_status":"closed","template":"","meta":{"_acf_changed":false,"footnotes":""},"class_list":["post-3820","page","type-page","status-publish","has-post-thumbnail","hentry"],"acf":[],"yoast_head":"<!-- This site is optimized with the Yoast SEO plugin v26.9 - https:\/\/yoast.com\/product\/yoast-seo-wordpress\/ -->\n<title>Kontinenzzentrum Hirslanden - Bladder voiding dysfunction - We can help<\/title>\n<meta name=\"description\" content=\"Our specialists specialize in helping patients with difficult, delayed or incomplete emptying of the bladder.\" \/>\n<meta name=\"robots\" content=\"index, follow, max-snippet:-1, max-image-preview:large, max-video-preview:-1\" \/>\n<link rel=\"canonical\" href=\"https:\/\/www.kontinenzzentrum.ch\/en\/diseases\/bladder-dysfunction\/voiding-dysfunction.html\" \/>\n<meta property=\"og:locale\" content=\"en_GB\" \/>\n<meta property=\"og:type\" content=\"article\" \/>\n<meta property=\"og:title\" content=\"Kontinenzzentrum Hirslanden - Bladder voiding dysfunction - We can help\" \/>\n<meta property=\"og:description\" content=\"Our specialists specialize in helping patients with difficult, delayed or incomplete emptying of the bladder.\" \/>\n<meta property=\"og:url\" content=\"https:\/\/www.kontinenzzentrum.ch\/en\/diseases\/bladder-dysfunction\/voiding-dysfunction.html\" \/>\n<meta property=\"og:site_name\" content=\"KontinenzZentrum\" \/>\n<meta property=\"article:modified_time\" content=\"2024-07-26T07:57:44+00:00\" \/>\n<meta property=\"og:image\" content=\"https:\/\/www.kontinenzzentrum.ch\/wp-content\/uploads\/untersuchung-blase.jpeg\" \/>\n\t<meta property=\"og:image:width\" content=\"1920\" \/>\n\t<meta property=\"og:image:height\" content=\"450\" \/>\n\t<meta property=\"og:image:type\" content=\"image\/jpeg\" \/>\n<meta name=\"twitter:card\" content=\"summary_large_image\" \/>\n<meta name=\"twitter:label1\" content=\"Estimated reading time\" \/>\n\t<meta name=\"twitter:data1\" content=\"3 minutes\" \/>\n<script type=\"application\/ld+json\" class=\"yoast-schema-graph\">{\"@context\":\"https:\/\/schema.org\",\"@graph\":[{\"@type\":\"WebPage\",\"@id\":\"https:\/\/www.kontinenzzentrum.ch\/en\/diseases\/bladder-dysfunction\/voiding-dysfunction.html\",\"url\":\"https:\/\/www.kontinenzzentrum.ch\/en\/diseases\/bladder-dysfunction\/voiding-dysfunction.html\",\"name\":\"Kontinenzzentrum Hirslanden - Bladder voiding dysfunction - We can help\",\"isPartOf\":{\"@id\":\"https:\/\/www.kontinenzzentrum.ch\/de\/#website\"},\"primaryImageOfPage\":{\"@id\":\"https:\/\/www.kontinenzzentrum.ch\/en\/diseases\/bladder-dysfunction\/voiding-dysfunction.html#primaryimage\"},\"image\":{\"@id\":\"https:\/\/www.kontinenzzentrum.ch\/en\/diseases\/bladder-dysfunction\/voiding-dysfunction.html#primaryimage\"},\"thumbnailUrl\":\"https:\/\/www.kontinenzzentrum.ch\/wp-content\/uploads\/untersuchung-blase.jpeg\",\"datePublished\":\"2023-02-09T15:24:30+00:00\",\"dateModified\":\"2024-07-26T07:57:44+00:00\",\"description\":\"Our specialists specialize in helping patients with difficult, delayed or incomplete emptying of the bladder.\",\"breadcrumb\":{\"@id\":\"https:\/\/www.kontinenzzentrum.ch\/en\/diseases\/bladder-dysfunction\/voiding-dysfunction.html#breadcrumb\"},\"inLanguage\":\"en-GB\",\"potentialAction\":[{\"@type\":\"ReadAction\",\"target\":[\"https:\/\/www.kontinenzzentrum.ch\/en\/diseases\/bladder-dysfunction\/voiding-dysfunction.html\"]}]},{\"@type\":\"ImageObject\",\"inLanguage\":\"en-GB\",\"@id\":\"https:\/\/www.kontinenzzentrum.ch\/en\/diseases\/bladder-dysfunction\/voiding-dysfunction.html#primaryimage\",\"url\":\"https:\/\/www.kontinenzzentrum.ch\/wp-content\/uploads\/untersuchung-blase.jpeg\",\"contentUrl\":\"https:\/\/www.kontinenzzentrum.ch\/wp-content\/uploads\/untersuchung-blase.jpeg\",\"width\":1920,\"height\":450},{\"@type\":\"BreadcrumbList\",\"@id\":\"https:\/\/www.kontinenzzentrum.ch\/en\/diseases\/bladder-dysfunction\/voiding-dysfunction.html#breadcrumb\",\"itemListElement\":[{\"@type\":\"ListItem\",\"position\":1,\"name\":\"Startseite\",\"item\":\"https:\/\/www.kontinenzzentrum.ch\/en\"},{\"@type\":\"ListItem\",\"position\":2,\"name\":\"Diseases\",\"item\":\"https:\/\/www.kontinenzzentrum.ch\/en\/diseases.html\"},{\"@type\":\"ListItem\",\"position\":3,\"name\":\"Bladder dysfunction\",\"item\":\"https:\/\/www.kontinenzzentrum.ch\/en\/diseases\/bladder-dysfunction.html\"},{\"@type\":\"ListItem\",\"position\":4,\"name\":\"Voiding Dysfunction\"}]},{\"@type\":\"WebSite\",\"@id\":\"https:\/\/www.kontinenzzentrum.ch\/de\/#website\",\"url\":\"https:\/\/www.kontinenzzentrum.ch\/de\/\",\"name\":\"KontinenzZentrum Hirslanden Z\u00fcrich\",\"description\":\"KontinenzZentrum Hirslanden Z\u00fcrich: Blasenst\u00f6rungen & Inkontinenz\",\"publisher\":{\"@id\":\"https:\/\/www.kontinenzzentrum.ch\/de\/#organization\"},\"potentialAction\":[{\"@type\":\"SearchAction\",\"target\":{\"@type\":\"EntryPoint\",\"urlTemplate\":\"https:\/\/www.kontinenzzentrum.ch\/de\/?s={search_term_string}\"},\"query-input\":{\"@type\":\"PropertyValueSpecification\",\"valueRequired\":true,\"valueName\":\"search_term_string\"}}],\"inLanguage\":\"en-GB\"},{\"@type\":\"Organization\",\"@id\":\"https:\/\/www.kontinenzzentrum.ch\/de\/#organization\",\"name\":\"KontinenzZentrum Hirslanden Z\u00fcrich\",\"url\":\"https:\/\/www.kontinenzzentrum.ch\/de\/\",\"logo\":{\"@type\":\"ImageObject\",\"inLanguage\":\"en-GB\",\"@id\":\"https:\/\/www.kontinenzzentrum.ch\/de\/#\/schema\/logo\/image\/\",\"url\":\"https:\/\/www.kontinenzzentrum.ch\/wp-content\/uploads\/Logo_KontinenzZentrum.png\",\"contentUrl\":\"https:\/\/www.kontinenzzentrum.ch\/wp-content\/uploads\/Logo_KontinenzZentrum.png\",\"width\":800,\"height\":142,\"caption\":\"KontinenzZentrum Hirslanden Z\u00fcrich\"},\"image\":{\"@id\":\"https:\/\/www.kontinenzzentrum.ch\/de\/#\/schema\/logo\/image\/\"}}]}<\/script>\n<!-- \/ Yoast SEO plugin. -->","yoast_head_json":{"title":"Kontinenzzentrum Hirslanden - Bladder voiding dysfunction - We can help","description":"Our specialists specialize in helping patients with difficult, delayed or incomplete emptying of the bladder.","robots":{"index":"index","follow":"follow","max-snippet":"max-snippet:-1","max-image-preview":"max-image-preview:large","max-video-preview":"max-video-preview:-1"},"canonical":"https:\/\/www.kontinenzzentrum.ch\/en\/diseases\/bladder-dysfunction\/voiding-dysfunction.html","og_locale":"en_GB","og_type":"article","og_title":"Kontinenzzentrum Hirslanden - Bladder voiding dysfunction - We can help","og_description":"Our specialists specialize in helping patients with difficult, delayed or incomplete emptying of the bladder.","og_url":"https:\/\/www.kontinenzzentrum.ch\/en\/diseases\/bladder-dysfunction\/voiding-dysfunction.html","og_site_name":"KontinenzZentrum","article_modified_time":"2024-07-26T07:57:44+00:00","og_image":[{"width":1920,"height":450,"url":"https:\/\/www.kontinenzzentrum.ch\/wp-content\/uploads\/untersuchung-blase.jpeg","type":"image\/jpeg"}],"twitter_card":"summary_large_image","twitter_misc":{"Estimated reading time":"3 minutes"},"schema":{"@context":"https:\/\/schema.org","@graph":[{"@type":"WebPage","@id":"https:\/\/www.kontinenzzentrum.ch\/en\/diseases\/bladder-dysfunction\/voiding-dysfunction.html","url":"https:\/\/www.kontinenzzentrum.ch\/en\/diseases\/bladder-dysfunction\/voiding-dysfunction.html","name":"Kontinenzzentrum Hirslanden - Bladder voiding dysfunction - We can help","isPartOf":{"@id":"https:\/\/www.kontinenzzentrum.ch\/de\/#website"},"primaryImageOfPage":{"@id":"https:\/\/www.kontinenzzentrum.ch\/en\/diseases\/bladder-dysfunction\/voiding-dysfunction.html#primaryimage"},"image":{"@id":"https:\/\/www.kontinenzzentrum.ch\/en\/diseases\/bladder-dysfunction\/voiding-dysfunction.html#primaryimage"},"thumbnailUrl":"https:\/\/www.kontinenzzentrum.ch\/wp-content\/uploads\/untersuchung-blase.jpeg","datePublished":"2023-02-09T15:24:30+00:00","dateModified":"2024-07-26T07:57:44+00:00","description":"Our specialists specialize in helping patients with difficult, delayed or incomplete emptying of the bladder.","breadcrumb":{"@id":"https:\/\/www.kontinenzzentrum.ch\/en\/diseases\/bladder-dysfunction\/voiding-dysfunction.html#breadcrumb"},"inLanguage":"en-GB","potentialAction":[{"@type":"ReadAction","target":["https:\/\/www.kontinenzzentrum.ch\/en\/diseases\/bladder-dysfunction\/voiding-dysfunction.html"]}]},{"@type":"ImageObject","inLanguage":"en-GB","@id":"https:\/\/www.kontinenzzentrum.ch\/en\/diseases\/bladder-dysfunction\/voiding-dysfunction.html#primaryimage","url":"https:\/\/www.kontinenzzentrum.ch\/wp-content\/uploads\/untersuchung-blase.jpeg","contentUrl":"https:\/\/www.kontinenzzentrum.ch\/wp-content\/uploads\/untersuchung-blase.jpeg","width":1920,"height":450},{"@type":"BreadcrumbList","@id":"https:\/\/www.kontinenzzentrum.ch\/en\/diseases\/bladder-dysfunction\/voiding-dysfunction.html#breadcrumb","itemListElement":[{"@type":"ListItem","position":1,"name":"Startseite","item":"https:\/\/www.kontinenzzentrum.ch\/en"},{"@type":"ListItem","position":2,"name":"Diseases","item":"https:\/\/www.kontinenzzentrum.ch\/en\/diseases.html"},{"@type":"ListItem","position":3,"name":"Bladder dysfunction","item":"https:\/\/www.kontinenzzentrum.ch\/en\/diseases\/bladder-dysfunction.html"},{"@type":"ListItem","position":4,"name":"Voiding Dysfunction"}]},{"@type":"WebSite","@id":"https:\/\/www.kontinenzzentrum.ch\/de\/#website","url":"https:\/\/www.kontinenzzentrum.ch\/de\/","name":"KontinenzZentrum Hirslanden Z\u00fcrich","description":"KontinenzZentrum Hirslanden Z\u00fcrich: Blasenst\u00f6rungen & Inkontinenz","publisher":{"@id":"https:\/\/www.kontinenzzentrum.ch\/de\/#organization"},"potentialAction":[{"@type":"SearchAction","target":{"@type":"EntryPoint","urlTemplate":"https:\/\/www.kontinenzzentrum.ch\/de\/?s={search_term_string}"},"query-input":{"@type":"PropertyValueSpecification","valueRequired":true,"valueName":"search_term_string"}}],"inLanguage":"en-GB"},{"@type":"Organization","@id":"https:\/\/www.kontinenzzentrum.ch\/de\/#organization","name":"KontinenzZentrum Hirslanden Z\u00fcrich","url":"https:\/\/www.kontinenzzentrum.ch\/de\/","logo":{"@type":"ImageObject","inLanguage":"en-GB","@id":"https:\/\/www.kontinenzzentrum.ch\/de\/#\/schema\/logo\/image\/","url":"https:\/\/www.kontinenzzentrum.ch\/wp-content\/uploads\/Logo_KontinenzZentrum.png","contentUrl":"https:\/\/www.kontinenzzentrum.ch\/wp-content\/uploads\/Logo_KontinenzZentrum.png","width":800,"height":142,"caption":"KontinenzZentrum Hirslanden Z\u00fcrich"},"image":{"@id":"https:\/\/www.kontinenzzentrum.ch\/de\/#\/schema\/logo\/image\/"}}]}},"_links":{"self":[{"href":"https:\/\/www.kontinenzzentrum.ch\/en\/wp-json\/wp\/v2\/pages\/3820","targetHints":{"allow":["GET"]}}],"collection":[{"href":"https:\/\/www.kontinenzzentrum.ch\/en\/wp-json\/wp\/v2\/pages"}],"about":[{"href":"https:\/\/www.kontinenzzentrum.ch\/en\/wp-json\/wp\/v2\/types\/page"}],"author":[{"embeddable":true,"href":"https:\/\/www.kontinenzzentrum.ch\/en\/wp-json\/wp\/v2\/users\/1"}],"replies":[{"embeddable":true,"href":"https:\/\/www.kontinenzzentrum.ch\/en\/wp-json\/wp\/v2\/comments?post=3820"}],"version-history":[{"count":6,"href":"https:\/\/www.kontinenzzentrum.ch\/en\/wp-json\/wp\/v2\/pages\/3820\/revisions"}],"predecessor-version":[{"id":3853,"href":"https:\/\/www.kontinenzzentrum.ch\/en\/wp-json\/wp\/v2\/pages\/3820\/revisions\/3853"}],"up":[{"embeddable":true,"href":"https:\/\/www.kontinenzzentrum.ch\/en\/wp-json\/wp\/v2\/pages\/2156"}],"wp:featuredmedia":[{"embeddable":true,"href":"https:\/\/www.kontinenzzentrum.ch\/en\/wp-json\/wp\/v2\/media\/1172"}],"wp:attachment":[{"href":"https:\/\/www.kontinenzzentrum.ch\/en\/wp-json\/wp\/v2\/media?parent=3820"}],"curies":[{"name":"wp","href":"https:\/\/api.w.org\/{rel}","templated":true}]}}