{"id":4448,"date":"2023-03-02T11:19:21","date_gmt":"2023-03-02T10:19:21","guid":{"rendered":"https:\/\/www.kontinenzzentrum.ch\/?page_id=4448"},"modified":"2025-09-03T17:26:46","modified_gmt":"2025-09-03T15:26:46","slug":"davinci-robotic-prolapse-surgery","status":"publish","type":"page","link":"https:\/\/www.kontinenzzentrum.ch\/en\/diagnosis-und-treatment\/pop-surgery\/davinci-robotic-prolapse-surgery.html","title":{"rendered":"DaVinci Operation: Robotic Prolapse Surgery"},"content":{"rendered":"<div id=\"pl-4448\"  class=\"panel-layout\" ><div id=\"pg-4448-0\"  class=\"panel-grid panel-no-style\" ><div id=\"pgc-4448-0-0\"  class=\"panel-grid-cell\" ><div id=\"panel-4448-0-0-0\" class=\"so-panel widget widget_sow-editor panel-first-child panel-last-child\" data-index=\"0\" ><div\n\t\t\t\n\t\t\tclass=\"so-widget-sow-editor so-widget-sow-editor-base\"\n\t\t\t\n\t\t>\n<div class=\"siteorigin-widget-tinymce textwidget\">\n\t<h1>DaVinci Operation: Robotic Prolapse Surgery<\/h1>\n<p>Pelvic prolapse symptoms cannot always be treated conservatively. In some cases, surgery is required to treat the symptoms of <a title=\"Bladder Prolapse\" href=\"https:\/\/www.kontinenzzentrum.ch\/en\/diseases\/pelvic-prolapse\/bladder-prolapse.html\">bladder prolapse<\/a> or <a title=\"Uterine Prolapse\" href=\"https:\/\/www.kontinenzzentrum.ch\/en\/diseases\/pelvic-prolapse\/uterine-prolapse.html\">uterine prolapse<\/a> in the best way possible. <\/p>\n<\/div>\n<\/div><\/div><\/div><\/div><div id=\"pg-4448-1\"  class=\"panel-grid panel-no-style\" ><div id=\"pgc-4448-1-0\"  class=\"panel-grid-cell\" ><div id=\"panel-4448-1-0-0\" class=\"so-panel widget widget_sow-editor panel-first-child panel-last-child\" data-index=\"1\" ><div\n\t\t\t\n\t\t\tclass=\"so-widget-sow-editor so-widget-sow-editor-base\"\n\t\t\t\n\t\t>\n<div class=\"siteorigin-widget-tinymce textwidget\">\n\t<p>The surgical treatment of prolapse of the bladder, uterus, vaginal end or parts of the bowel can be carried out in various ways:<\/p>\n<ul>\n<li>through the vagina<\/li>\n<li>via an incision in the lower abdomen<\/li>\n<li>with small abdominal incisions for laparoscopy<\/li>\n<\/ul>\n<p>In surgery, laparoscopy is also known as the keyhole method or laparoscopy due to the small access routes.<\/p>\n<p>Compared to open surgical methods, it has many advantages for prolapse of the bladder, <a title=\"Pelvic Floor Prolapse\" href=\"https:\/\/www.kontinenzzentrum.ch\/en\/diseases\/pelvic-prolapse\/pelvic-floor-weakness.html\">pelvic floor<\/a>, bowel or uterus.<\/p>\n<\/div>\n<\/div><\/div><\/div><div id=\"pgc-4448-1-1\"  class=\"panel-grid-cell\" ><div id=\"panel-4448-1-1-0\" class=\"so-panel widget widget_sow-image panel-first-child panel-last-child\" data-index=\"2\" ><div\n\t\t\t\n\t\t\tclass=\"so-widget-sow-image so-widget-sow-image-default-8b5b6f678277-4448\"\n\t\t\t\n\t\t>\n<div class=\"sow-image-container\">\n\t\t<img \n\tsrc=\"https:\/\/www.kontinenzzentrum.ch\/wp-content\/uploads\/da-vinci-operation.jpeg\" width=\"640\" height=\"427\" srcset=\"https:\/\/www.kontinenzzentrum.ch\/wp-content\/uploads\/da-vinci-operation.jpeg 640w, https:\/\/www.kontinenzzentrum.ch\/wp-content\/uploads\/da-vinci-operation-300x200.jpeg 300w\" sizes=\"(max-width: 640px) 100vw, 640px\" alt=\"da Vinci Operation\" \t\tclass=\"so-widget-image\"\/>\n\t<\/div>\n\n<\/div><\/div><\/div><\/div><div id=\"pg-4448-2\"  class=\"panel-grid panel-no-style\" ><div id=\"pgc-4448-2-0\"  class=\"panel-grid-cell\" ><div id=\"panel-4448-2-0-0\" class=\"so-panel widget widget_fn-info-box-widget panel-first-child panel-last-child\" data-index=\"3\" ><div\n\t\t\t\n\t\t\tclass=\"so-widget-fn-info-box-widget so-widget-fn-info-box-widget-base\"\n\t\t\t\n\t\t><div class=\"uk-child-width-1-1 uk-grid-match\" uk-grid><div>\n        <div class=\"fn-info-box-title\">\n          <div class=\"uk-grid-small\" uk-grid>            <div class=\"uk-width-auto\"><img decoding=\"async\" src=\"https:\/\/www.kontinenzzentrum.ch\/wp-content\/uploads\/ICON_info.svg\" class=\"attachment-small size-small\" alt=\"\" \/>            <\/div>            <div class=\"uk-width-expand\">\n              <h4 class=\"uk-h3\">Learn more <\/h4>\n            <\/div>\n          <\/div>\n        <\/div>\n        <div class=\"fn-info-box-content\">\n              <p>Organ prolapse can be treated very effectively. Contact our experienced specialists for a consultation; we will be happy to inform you about your individual treatment options.<\/p>\n<p><div class=\"uk-flex uk-child-width-auto uk-grid-small\" uk-grid><div><a class=\"uk-button uk-button-primary\" href=\"tel:+41443872910\"><i class=\"fas fa-phone-alt uk-margin-small-right\"><\/i>+41 44 387 29 10<\/a><\/div><div><a class=\"uk-button uk-button-primary\" href=\"https:\/\/www.kontinenzzentrum.ch\/en\/about-us\/appointment.html\"><i class=\"fas fa-comments uk-margin-small-right\"><\/i>Book an Appointment Online<\/a><\/div><\/div><\/p>\n        <\/div>\n      <\/div><\/div><\/div><\/div><\/div><\/div><div id=\"pg-4448-3\"  class=\"panel-grid panel-no-style\" ><div id=\"pgc-4448-3-0\"  class=\"panel-grid-cell\" ><div id=\"panel-4448-3-0-0\" class=\"so-panel widget widget_sow-editor panel-first-child panel-last-child\" data-index=\"4\" ><div\n\t\t\t\n\t\t\tclass=\"so-widget-sow-editor so-widget-sow-editor-base\"\n\t\t\t\n\t\t>\n<div class=\"siteorigin-widget-tinymce textwidget\">\n\t<div class=\"BildBoxRE\">\n<h2>DaVinci Robotic Surgery: Advantages for Patients with Organ Prolapse<\/h2>\n<p>Laparoscopic procedures are increasingly being performed using robot-assisted surgical systems, e.g. as <strong>DaVinci operation<\/strong> with the DaVinci\u00ae robot. Compared to surgical methods in which the surgical area is completely opened, this method offers significant advantages for the patient:<\/p>\n<ul>\n<li>Usually less blood loss<\/li>\n<li>Usually less pain medication needed after the operation<\/li>\n<li>Shorter stay in hospital<\/li>\n<li>Minor scars<\/li>\n<\/ul>\n<\/div>\n<h3>DaVinci Surgical System Enables Precise Procedures<\/h3>\n<p>The <strong>DaVinci operation robot<\/strong> can be used in surgical disciplines (e.g. urology, gynecology, etc.) for various clinical scenarios. In addition to treating pelvic <b>prolapse<\/b>, the doctor can use a surgical robot to perform a radical prostatectomy, e.g. for prostate cancer, in which the entire prostate is removed. At the Swiss KontinenzZentrum Hirslanden, our surgeons use this method primarily in uro-gynecology for <a href=\"https:\/\/www.kontinenzzentrum.ch\/en\/diagnosis-und-treatment\/pop-surgery.html\">pelvic organ prolapse surgery<\/a>.<\/p>\n<p>The robot-assisted systems transfer the surgeon's hand movements very precisely from a control console to the surgical instruments. The doctor can use the DaVinci operation robot to make much smaller and more precise incisions. This protects the patient's tissue and nerve tracts as much as possible. A robot-assisted surgical system allows the instruments to be rotated 360 degrees, enabling incision and suturing techniques that cannot be performed using conventional surgical techniques. During the procedure, the surgeon can see the surgical site at ten times magnification with a high-resolution 3D camera, giving them a three-dimensional view. This results in improved depth perception. The surgical robot only performs the movements specified by the surgeon.<\/p>\n<h2>How does a Urologist Perform a Prolapse Operation with the DaVinci\u00ae Robot?<\/h2>\n<p>During Da Vinci surgery for pelvic prolapse, the surgeon first inserts a small guide sleeve through an initial incision in the area of the navel. Carbon dioxide is introduced into the abdominal cavity through the opening. This creates a cavity in the abdomen, which improves the view of the organs.<\/p>\n<\/div>\n<\/div><\/div><\/div><\/div><div id=\"pg-4448-4\"  class=\"panel-grid panel-no-style\" ><div id=\"pgc-4448-4-0\"  class=\"panel-grid-cell\" ><div id=\"panel-4448-4-0-0\" class=\"so-panel widget widget_sow-editor panel-first-child panel-last-child\" data-index=\"5\" ><div\n\t\t\t\n\t\t\tclass=\"so-widget-sow-editor so-widget-sow-editor-base\"\n\t\t\t\n\t\t>\n<div class=\"siteorigin-widget-tinymce textwidget\">\n\t<p>The doctor inserts additional guide sleeves through further small incisions in the abdominal wall. The arms of the robotic system (with camera and special instruments) are placed on the guide sleeves.<\/p>\n<p>During the <strong>DaVinci robotic prolapse surgery<\/strong>, the surgeon opens the tissue gaps between the vagina on the one hand and the bladder and rectum on the other. A synthetic, mesh-like fabric is sutured in there and attached to the front edge of the sacrum.<\/p>\n<p>By supporting the pelvic floor in this way, the lowered organs are moved back to their original position in the pelvis.<\/p>\n<p>Laparoscopic robot-assisted sacrocolpopexy achieves equivalent surgical results compared to the open surgical method. At the same time, thanks to the high-precision instruments, it usually results in less blood loss, less pain, a shorter hospital stay and smaller scars.<\/p>\n<\/div>\n<\/div><\/div><\/div><div id=\"pgc-4448-4-1\"  class=\"panel-grid-cell\" ><div id=\"panel-4448-4-1-0\" class=\"so-panel widget widget_sow-image panel-first-child panel-last-child\" data-index=\"6\" ><div\n\t\t\t\n\t\t\tclass=\"so-widget-sow-image so-widget-sow-image-default-8b5b6f678277-4448\"\n\t\t\t\n\t\t>\n<div class=\"sow-image-container\">\n\t\t<img \n\tsrc=\"https:\/\/www.kontinenzzentrum.ch\/wp-content\/uploads\/da-vinci-roboter-op.jpeg\" width=\"640\" height=\"427\" srcset=\"https:\/\/www.kontinenzzentrum.ch\/wp-content\/uploads\/da-vinci-roboter-op.jpeg 640w, https:\/\/www.kontinenzzentrum.ch\/wp-content\/uploads\/da-vinci-roboter-op-300x200.jpeg 300w\" sizes=\"(max-width: 640px) 100vw, 640px\" alt=\"Da Vinci operation\" \t\tclass=\"so-widget-image\"\/>\n\t<\/div>\n\n<\/div><\/div><\/div><\/div><div id=\"pg-4448-5\"  class=\"panel-grid panel-no-style\" ><div id=\"pgc-4448-5-0\"  class=\"panel-grid-cell\" ><div id=\"panel-4448-5-0-0\" class=\"so-panel widget widget_sow-editor panel-first-child panel-last-child\" data-index=\"7\" ><div\n\t\t\t\n\t\t\tclass=\"so-widget-sow-editor so-widget-sow-editor-base\"\n\t\t\t\n\t\t>\n<div class=\"siteorigin-widget-tinymce textwidget\">\n\t<h2 class=\"BildBoxRE\">Important Information before the Da Vinci Operation<\/h2>\n<p>Please inform the surgeon about your medication. The attending physician will then decide whether and when these medications need to be discontinued or replaced by another medication. In particular, this includes anticoagulant medications (e.g. Marcumar\u00ae, Aspirin\u00ae, Plavix\u00ae, Pradaxa\u00ae, Xarelto\u00ae) and, in the case of diabetics, metformin-containing medications.<\/p>\n<h3>What Should you Bear in Mind After a Prolapse Operation?<\/h3>\n<p>After a Da Vinci operation in uro-gynecology, patients should follow a few rules of conduct to support complication-free wound healing.<\/p>\n<ul>\n<li>Take it easy for about 2-3 months after the operation!<\/li>\n<li>Avoid any strain during this time:\n<ul>\n<li>Do not lift anything heavy<\/li>\n<li>Exercise regularly<\/li>\n<li>Reduce your weight if necessary<\/li>\n<li>Drink plenty of fluids to flush the bladder well<\/li>\n<li>Ensure normal bowel movements by eating a diet rich in fiber.<\/li>\n<\/ul>\n<\/li>\n<li>If you experience any symptoms, such as fever, persistent nausea, vomiting, abdominal pain or heavy bleeding, please contact your doctor immediately, even if these symptoms only occur a few days after the procedure!<\/li>\n<li>Please refrain from sexual intercourse until the follow-up examination!<\/li>\n<li>Please go for a check-up and carry out any prescribed pelvic floor exercises very regularly.<\/li>\n<\/ul>\n<p>Pelvic prolapse can be precisely reconstructed using <strong>Da Vinci robotic prolapse surgery<\/strong>. Compared to open surgical methods, surgery with a Da Vinci robot offers many advantages - for both the surgeon and the patient.<\/p>\n<\/div>\n<\/div><\/div><\/div><\/div><div id=\"pg-4448-6\"  class=\"panel-grid panel-no-style\" ><div id=\"pgc-4448-6-0\"  class=\"panel-grid-cell\" ><div id=\"panel-4448-6-0-0\" class=\"so-panel widget widget_fn-info-box-widget panel-first-child panel-last-child\" data-index=\"8\" ><div\n\t\t\t\n\t\t\tclass=\"so-widget-fn-info-box-widget so-widget-fn-info-box-widget-base\"\n\t\t\t\n\t\t><div class=\"uk-child-width-1-1 uk-grid-match\" uk-grid><div>\n        <div class=\"fn-info-box-title\">\n          <div class=\"uk-grid-small\" uk-grid>            <div class=\"uk-width-auto\"><img decoding=\"async\" src=\"https:\/\/www.kontinenzzentrum.ch\/wp-content\/uploads\/ICON_kontakt.svg\" class=\"attachment-small size-small\" alt=\"\" \/>            <\/div>            <div class=\"uk-width-expand\">\n              <h4 class=\"uk-h3\">Get in touch with us<\/h4>\n            <\/div>\n          <\/div>\n        <\/div>\n        <div class=\"fn-info-box-content\">\n              <p>During a consultation with our experienced specialists, we will be happy to advise you on your individual treatment options, such as robot-assisted reconstruction with the DaVinci\u00ae robot.<\/p>\n<p>You can reach our KontinenzZentrum Hirslanden in Zurich from Monday to Friday, 8 am to 5 pm. You are welcome to contact us <strong>by phone<\/strong> or <a href=\"kontinenzzentrum.hirslanden@hirslanden.ch\">e-mail<\/a> or make an <strong>online appointment.<\/strong> <\/p>\n<p><div class=\"uk-flex uk-child-width-auto uk-grid-small\" uk-grid><div><a class=\"uk-button uk-button-primary\" href=\"tel:+41443872910\"><i class=\"fas fa-phone-alt uk-margin-small-right\"><\/i>+41 44 387 29 10<\/a><\/div><div><a class=\"uk-button uk-button-primary\" href=\"https:\/\/www.kontinenzzentrum.ch\/en\/about-us\/appointment.html\"><i class=\"fas fa-comments uk-margin-small-right\"><\/i>Book an Appointment Online<\/a><\/div><\/div><\/p>\n        <\/div>\n      <\/div><\/div><\/div><\/div><\/div><\/div><\/div>","protected":false},"excerpt":{"rendered":"<p>DaVinci Operation: Robotic Prolapse Surgery Pelvic prolapse symptoms cannot always be treated conservatively. In some cases, surgery is required to treat the symptoms of bladder prolapse or uterine prolapse in the best way possible. The surgical treatment of prolapse of the bladder, uterus, vaginal end or parts of the bowel can be carried out in [&hellip;]<\/p>\n","protected":false},"author":1,"featured_media":1126,"parent":4441,"menu_order":0,"comment_status":"closed","ping_status":"closed","template":"","meta":{"_acf_changed":false,"footnotes":""},"class_list":["post-4448","page","type-page","status-publish","has-post-thumbnail","hentry"],"acf":[],"yoast_head":"<!-- This site is optimized with the Yoast SEO plugin v26.9 - https:\/\/yoast.com\/product\/yoast-seo-wordpress\/ -->\n<title>DaVinci Robotic Prolapse Surgery | KontinenzZentrum Hirslanden<\/title>\n<meta name=\"description\" content=\"The modern DaVinci robotic prolapse surgery can be used to treat pelvic prolapse (e.g. bladder, uterus). Find out more here!\" \/>\n<meta name=\"robots\" content=\"index, follow, max-snippet:-1, max-image-preview:large, max-video-preview:-1\" \/>\n<link rel=\"canonical\" href=\"https:\/\/www.kontinenzzentrum.ch\/en\/diagnosis-und-treatment\/pop-surgery\/davinci-robotic-prolapse-surgery.html\" \/>\n<meta property=\"og:locale\" content=\"en_GB\" \/>\n<meta property=\"og:type\" content=\"article\" \/>\n<meta property=\"og:title\" content=\"DaVinci Robotic Prolapse Surgery | KontinenzZentrum Hirslanden\" \/>\n<meta property=\"og:description\" content=\"The modern DaVinci robotic prolapse surgery can be used to treat pelvic prolapse (e.g. bladder, uterus). Find out more here!\" \/>\n<meta property=\"og:url\" content=\"https:\/\/www.kontinenzzentrum.ch\/en\/diagnosis-und-treatment\/pop-surgery\/davinci-robotic-prolapse-surgery.html\" \/>\n<meta property=\"og:site_name\" content=\"KontinenzZentrum\" \/>\n<meta property=\"article:modified_time\" content=\"2025-09-03T15:26:46+00:00\" \/>\n<meta property=\"og:image\" content=\"https:\/\/www.kontinenzzentrum.ch\/wp-content\/uploads\/slider-1-9579.jpg\" \/>\n\t<meta property=\"og:image:width\" content=\"1920\" \/>\n\t<meta property=\"og:image:height\" content=\"573\" \/>\n\t<meta property=\"og:image:type\" content=\"image\/jpeg\" \/>\n<meta name=\"twitter:card\" content=\"summary_large_image\" \/>\n<meta name=\"twitter:label1\" content=\"Estimated reading time\" \/>\n\t<meta name=\"twitter:data1\" content=\"6 minutes\" \/>\n<script type=\"application\/ld+json\" class=\"yoast-schema-graph\">{\"@context\":\"https:\/\/schema.org\",\"@graph\":[{\"@type\":\"WebPage\",\"@id\":\"https:\/\/www.kontinenzzentrum.ch\/en\/diagnosis-und-treatment\/pop-surgery\/davinci-robotic-prolapse-surgery.html\",\"url\":\"https:\/\/www.kontinenzzentrum.ch\/en\/diagnosis-und-treatment\/pop-surgery\/davinci-robotic-prolapse-surgery.html\",\"name\":\"DaVinci Robotic Prolapse Surgery | KontinenzZentrum Hirslanden\",\"isPartOf\":{\"@id\":\"https:\/\/www.kontinenzzentrum.ch\/de\/#website\"},\"primaryImageOfPage\":{\"@id\":\"https:\/\/www.kontinenzzentrum.ch\/en\/diagnosis-und-treatment\/pop-surgery\/davinci-robotic-prolapse-surgery.html#primaryimage\"},\"image\":{\"@id\":\"https:\/\/www.kontinenzzentrum.ch\/en\/diagnosis-und-treatment\/pop-surgery\/davinci-robotic-prolapse-surgery.html#primaryimage\"},\"thumbnailUrl\":\"https:\/\/www.kontinenzzentrum.ch\/wp-content\/uploads\/slider-1-9579.jpg\",\"datePublished\":\"2023-03-02T10:19:21+00:00\",\"dateModified\":\"2025-09-03T15:26:46+00:00\",\"description\":\"The modern DaVinci robotic prolapse surgery can be used to treat pelvic prolapse (e.g. bladder, uterus). Find out more here!\",\"breadcrumb\":{\"@id\":\"https:\/\/www.kontinenzzentrum.ch\/en\/diagnosis-und-treatment\/pop-surgery\/davinci-robotic-prolapse-surgery.html#breadcrumb\"},\"inLanguage\":\"en-GB\",\"potentialAction\":[{\"@type\":\"ReadAction\",\"target\":[\"https:\/\/www.kontinenzzentrum.ch\/en\/diagnosis-und-treatment\/pop-surgery\/davinci-robotic-prolapse-surgery.html\"]}]},{\"@type\":\"ImageObject\",\"inLanguage\":\"en-GB\",\"@id\":\"https:\/\/www.kontinenzzentrum.ch\/en\/diagnosis-und-treatment\/pop-surgery\/davinci-robotic-prolapse-surgery.html#primaryimage\",\"url\":\"https:\/\/www.kontinenzzentrum.ch\/wp-content\/uploads\/slider-1-9579.jpg\",\"contentUrl\":\"https:\/\/www.kontinenzzentrum.ch\/wp-content\/uploads\/slider-1-9579.jpg\",\"width\":1920,\"height\":573,\"caption\":\"Arzt mit Maske und\"},{\"@type\":\"BreadcrumbList\",\"@id\":\"https:\/\/www.kontinenzzentrum.ch\/en\/diagnosis-und-treatment\/pop-surgery\/davinci-robotic-prolapse-surgery.html#breadcrumb\",\"itemListElement\":[{\"@type\":\"ListItem\",\"position\":1,\"name\":\"Startseite\",\"item\":\"https:\/\/www.kontinenzzentrum.ch\/en\"},{\"@type\":\"ListItem\",\"position\":2,\"name\":\"Diagnosis &#038; Treatment\",\"item\":\"https:\/\/www.kontinenzzentrum.ch\/en\/diagnosis-und-treatment.html\"},{\"@type\":\"ListItem\",\"position\":3,\"name\":\"POP Surgery\",\"item\":\"https:\/\/www.kontinenzzentrum.ch\/en\/diagnosis-und-treatment\/pop-surgery.html\"},{\"@type\":\"ListItem\",\"position\":4,\"name\":\"DaVinci Operation: Robotic Prolapse Surgery\"}]},{\"@type\":\"WebSite\",\"@id\":\"https:\/\/www.kontinenzzentrum.ch\/de\/#website\",\"url\":\"https:\/\/www.kontinenzzentrum.ch\/de\/\",\"name\":\"KontinenzZentrum Hirslanden Z\u00fcrich\",\"description\":\"KontinenzZentrum Hirslanden Z\u00fcrich: Blasenst\u00f6rungen & Inkontinenz\",\"publisher\":{\"@id\":\"https:\/\/www.kontinenzzentrum.ch\/de\/#organization\"},\"potentialAction\":[{\"@type\":\"SearchAction\",\"target\":{\"@type\":\"EntryPoint\",\"urlTemplate\":\"https:\/\/www.kontinenzzentrum.ch\/de\/?s={search_term_string}\"},\"query-input\":{\"@type\":\"PropertyValueSpecification\",\"valueRequired\":true,\"valueName\":\"search_term_string\"}}],\"inLanguage\":\"en-GB\"},{\"@type\":\"Organization\",\"@id\":\"https:\/\/www.kontinenzzentrum.ch\/de\/#organization\",\"name\":\"KontinenzZentrum Hirslanden Z\u00fcrich\",\"url\":\"https:\/\/www.kontinenzzentrum.ch\/de\/\",\"logo\":{\"@type\":\"ImageObject\",\"inLanguage\":\"en-GB\",\"@id\":\"https:\/\/www.kontinenzzentrum.ch\/de\/#\/schema\/logo\/image\/\",\"url\":\"https:\/\/www.kontinenzzentrum.ch\/wp-content\/uploads\/Logo_KontinenzZentrum.png\",\"contentUrl\":\"https:\/\/www.kontinenzzentrum.ch\/wp-content\/uploads\/Logo_KontinenzZentrum.png\",\"width\":800,\"height\":142,\"caption\":\"KontinenzZentrum Hirslanden Z\u00fcrich\"},\"image\":{\"@id\":\"https:\/\/www.kontinenzzentrum.ch\/de\/#\/schema\/logo\/image\/\"}}]}<\/script>\n<!-- \/ Yoast SEO plugin. -->","yoast_head_json":{"title":"DaVinci Robotic Prolapse Surgery | KontinenzZentrum Hirslanden","description":"The modern DaVinci robotic prolapse surgery can be used to treat pelvic prolapse (e.g. bladder, uterus). Find out more here!","robots":{"index":"index","follow":"follow","max-snippet":"max-snippet:-1","max-image-preview":"max-image-preview:large","max-video-preview":"max-video-preview:-1"},"canonical":"https:\/\/www.kontinenzzentrum.ch\/en\/diagnosis-und-treatment\/pop-surgery\/davinci-robotic-prolapse-surgery.html","og_locale":"en_GB","og_type":"article","og_title":"DaVinci Robotic Prolapse Surgery | KontinenzZentrum Hirslanden","og_description":"The modern DaVinci robotic prolapse surgery can be used to treat pelvic prolapse (e.g. bladder, uterus). Find out more here!","og_url":"https:\/\/www.kontinenzzentrum.ch\/en\/diagnosis-und-treatment\/pop-surgery\/davinci-robotic-prolapse-surgery.html","og_site_name":"KontinenzZentrum","article_modified_time":"2025-09-03T15:26:46+00:00","og_image":[{"width":1920,"height":573,"url":"https:\/\/www.kontinenzzentrum.ch\/wp-content\/uploads\/slider-1-9579.jpg","type":"image\/jpeg"}],"twitter_card":"summary_large_image","twitter_misc":{"Estimated reading time":"6 minutes"},"schema":{"@context":"https:\/\/schema.org","@graph":[{"@type":"WebPage","@id":"https:\/\/www.kontinenzzentrum.ch\/en\/diagnosis-und-treatment\/pop-surgery\/davinci-robotic-prolapse-surgery.html","url":"https:\/\/www.kontinenzzentrum.ch\/en\/diagnosis-und-treatment\/pop-surgery\/davinci-robotic-prolapse-surgery.html","name":"DaVinci Robotic Prolapse Surgery | KontinenzZentrum Hirslanden","isPartOf":{"@id":"https:\/\/www.kontinenzzentrum.ch\/de\/#website"},"primaryImageOfPage":{"@id":"https:\/\/www.kontinenzzentrum.ch\/en\/diagnosis-und-treatment\/pop-surgery\/davinci-robotic-prolapse-surgery.html#primaryimage"},"image":{"@id":"https:\/\/www.kontinenzzentrum.ch\/en\/diagnosis-und-treatment\/pop-surgery\/davinci-robotic-prolapse-surgery.html#primaryimage"},"thumbnailUrl":"https:\/\/www.kontinenzzentrum.ch\/wp-content\/uploads\/slider-1-9579.jpg","datePublished":"2023-03-02T10:19:21+00:00","dateModified":"2025-09-03T15:26:46+00:00","description":"The modern DaVinci robotic prolapse surgery can be used to treat pelvic prolapse (e.g. bladder, uterus). Find out more here!","breadcrumb":{"@id":"https:\/\/www.kontinenzzentrum.ch\/en\/diagnosis-und-treatment\/pop-surgery\/davinci-robotic-prolapse-surgery.html#breadcrumb"},"inLanguage":"en-GB","potentialAction":[{"@type":"ReadAction","target":["https:\/\/www.kontinenzzentrum.ch\/en\/diagnosis-und-treatment\/pop-surgery\/davinci-robotic-prolapse-surgery.html"]}]},{"@type":"ImageObject","inLanguage":"en-GB","@id":"https:\/\/www.kontinenzzentrum.ch\/en\/diagnosis-und-treatment\/pop-surgery\/davinci-robotic-prolapse-surgery.html#primaryimage","url":"https:\/\/www.kontinenzzentrum.ch\/wp-content\/uploads\/slider-1-9579.jpg","contentUrl":"https:\/\/www.kontinenzzentrum.ch\/wp-content\/uploads\/slider-1-9579.jpg","width":1920,"height":573,"caption":"Arzt mit Maske und"},{"@type":"BreadcrumbList","@id":"https:\/\/www.kontinenzzentrum.ch\/en\/diagnosis-und-treatment\/pop-surgery\/davinci-robotic-prolapse-surgery.html#breadcrumb","itemListElement":[{"@type":"ListItem","position":1,"name":"Startseite","item":"https:\/\/www.kontinenzzentrum.ch\/en"},{"@type":"ListItem","position":2,"name":"Diagnosis &#038; Treatment","item":"https:\/\/www.kontinenzzentrum.ch\/en\/diagnosis-und-treatment.html"},{"@type":"ListItem","position":3,"name":"POP Surgery","item":"https:\/\/www.kontinenzzentrum.ch\/en\/diagnosis-und-treatment\/pop-surgery.html"},{"@type":"ListItem","position":4,"name":"DaVinci Operation: Robotic Prolapse Surgery"}]},{"@type":"WebSite","@id":"https:\/\/www.kontinenzzentrum.ch\/de\/#website","url":"https:\/\/www.kontinenzzentrum.ch\/de\/","name":"KontinenzZentrum Hirslanden Z\u00fcrich","description":"KontinenzZentrum Hirslanden Z\u00fcrich: Blasenst\u00f6rungen & Inkontinenz","publisher":{"@id":"https:\/\/www.kontinenzzentrum.ch\/de\/#organization"},"potentialAction":[{"@type":"SearchAction","target":{"@type":"EntryPoint","urlTemplate":"https:\/\/www.kontinenzzentrum.ch\/de\/?s={search_term_string}"},"query-input":{"@type":"PropertyValueSpecification","valueRequired":true,"valueName":"search_term_string"}}],"inLanguage":"en-GB"},{"@type":"Organization","@id":"https:\/\/www.kontinenzzentrum.ch\/de\/#organization","name":"KontinenzZentrum Hirslanden Z\u00fcrich","url":"https:\/\/www.kontinenzzentrum.ch\/de\/","logo":{"@type":"ImageObject","inLanguage":"en-GB","@id":"https:\/\/www.kontinenzzentrum.ch\/de\/#\/schema\/logo\/image\/","url":"https:\/\/www.kontinenzzentrum.ch\/wp-content\/uploads\/Logo_KontinenzZentrum.png","contentUrl":"https:\/\/www.kontinenzzentrum.ch\/wp-content\/uploads\/Logo_KontinenzZentrum.png","width":800,"height":142,"caption":"KontinenzZentrum Hirslanden Z\u00fcrich"},"image":{"@id":"https:\/\/www.kontinenzzentrum.ch\/de\/#\/schema\/logo\/image\/"}}]}},"_links":{"self":[{"href":"https:\/\/www.kontinenzzentrum.ch\/en\/wp-json\/wp\/v2\/pages\/4448","targetHints":{"allow":["GET"]}}],"collection":[{"href":"https:\/\/www.kontinenzzentrum.ch\/en\/wp-json\/wp\/v2\/pages"}],"about":[{"href":"https:\/\/www.kontinenzzentrum.ch\/en\/wp-json\/wp\/v2\/types\/page"}],"author":[{"embeddable":true,"href":"https:\/\/www.kontinenzzentrum.ch\/en\/wp-json\/wp\/v2\/users\/1"}],"replies":[{"embeddable":true,"href":"https:\/\/www.kontinenzzentrum.ch\/en\/wp-json\/wp\/v2\/comments?post=4448"}],"version-history":[{"count":6,"href":"https:\/\/www.kontinenzzentrum.ch\/en\/wp-json\/wp\/v2\/pages\/4448\/revisions"}],"predecessor-version":[{"id":4454,"href":"https:\/\/www.kontinenzzentrum.ch\/en\/wp-json\/wp\/v2\/pages\/4448\/revisions\/4454"}],"up":[{"embeddable":true,"href":"https:\/\/www.kontinenzzentrum.ch\/en\/wp-json\/wp\/v2\/pages\/4441"}],"wp:featuredmedia":[{"embeddable":true,"href":"https:\/\/www.kontinenzzentrum.ch\/en\/wp-json\/wp\/v2\/media\/1126"}],"wp:attachment":[{"href":"https:\/\/www.kontinenzzentrum.ch\/en\/wp-json\/wp\/v2\/media?parent=4448"}],"curies":[{"name":"wp","href":"https:\/\/api.w.org\/{rel}","templated":true}]}}