{"id":4457,"date":"2023-03-03T16:47:09","date_gmt":"2023-03-03T15:47:09","guid":{"rendered":"https:\/\/www.kontinenzzentrum.ch\/?page_id=4457"},"modified":"2025-09-04T14:47:10","modified_gmt":"2025-09-04T12:47:10","slug":"turp","status":"publish","type":"page","link":"https:\/\/www.kontinenzzentrum.ch\/en\/diagnosis-und-treatment\/prostate-surgery\/turp.html","title":{"rendered":"Transurethral Resection of the Prostate (TURP)"},"content":{"rendered":"<div id=\"pl-4457\"  class=\"panel-layout\" ><div id=\"pg-4457-0\"  class=\"panel-grid panel-no-style\" ><div id=\"pgc-4457-0-0\"  class=\"panel-grid-cell\" ><div id=\"panel-4457-0-0-0\" class=\"so-panel widget widget_sow-editor panel-first-child\" data-index=\"0\" ><div\n\t\t\t\n\t\t\tclass=\"so-widget-sow-editor so-widget-sow-editor-base\"\n\t\t\t\n\t\t>\n<div class=\"siteorigin-widget-tinymce textwidget\">\n\t<h1>TURP: TRANSURETHRAL RESECTION OF THE PROSTATE<\/h1>\n<h2>Surgical Removal of Prostate Tissue Through the Urethra<\/h2>\n<p><img decoding=\"async\" class=\"alignright\" title=\"TURP - transurethral prostate resection method\" src=\"https:\/\/www.kontinenzzentrum.ch\/wp-content\/uploads\/vaporisation.png\" alt=\"TURP - transurethral prostate resection method\" width=\"498\" height=\"296\" \/><br \/>\nIn benign prostate enlargement (benign prostatic hyperplasia), the outflow from the bladder is constricted, making it difficult to empty the bladder. Affected men suffer from the <a href=\"\/en\/diseases\/bladder-dysfunction\/benign-prostate-enlargement.html\">typical symptoms of benign prostate enlargement<\/a>. If the medication available for benign prostate enlargement is not sufficiently effective or is not tolerated well by the body, prostate tissue can be surgically removed using the <strong>TURP procedure<\/strong>.<\/p>\n<p>TURP or TUR-P stands for <strong>\"transurethral prostate resection\"<\/strong> and is also known as <strong>bipolar resection of the prostate<\/strong>. The procedure is performed transurethrally, i.e. through the urethra. TUR-P is currently the standard surgical procedure for treating a benignly enlarged prostate.<\/p>\n<h2>TURP: Procedure of the Operation<\/h2>\n<p><strong>TURP<\/strong> <a title=\"Prostate Surgery\" href=\"\/en\/diagnosis-und-treatment\/prostate-surgery.html\">prostate surgery<\/a> can be performed under general anesthesia or spinal anesthesia. During the procedure, an optical instrument (resectoscope) and an electric snare are inserted via the urethra. <strong>The snare is used to remove the enlarged tissue inside the prostate<\/strong> and reopen the drainage pathway from the bladder. Bleeding from opened vessels is stopped with an electric current. After the procedure, a permanent catheter with an irrigation fluid is inserted to flush the bladder and left in place for a few days. Once the catheter has been removed, the bladder can once more be emptied without interruption and with a good flow of urine.<\/p>\n<\/div>\n<\/div><\/div><div id=\"panel-4457-0-0-1\" class=\"so-panel widget widget_fn-info-box-widget\" data-index=\"1\" ><div\n\t\t\t\n\t\t\tclass=\"so-widget-fn-info-box-widget so-widget-fn-info-box-widget-base\"\n\t\t\t\n\t\t><div class=\"uk-child-width-1-1 uk-grid-match\" uk-grid><div>\n        <div class=\"fn-info-box-title\">\n          <div class=\"uk-grid-small\" uk-grid>            <div class=\"uk-width-auto\"><img decoding=\"async\" src=\"https:\/\/www.kontinenzzentrum.ch\/wp-content\/uploads\/ICON_achtung.svg\" class=\"attachment-small size-small\" alt=\"\" \/>            <\/div>            <div class=\"uk-width-expand\">\n              <h4 class=\"uk-h3\">Prostate Enlargement? Learn More About the TURP Method<\/h4>\n            <\/div>\n          <\/div>\n        <\/div>\n        <div class=\"fn-info-box-content\">\n              <p>Transurethral resection of the prostate (TURP) is the standard surgical treatment for benign prostate enlargement. Consult our experts now and find out how this procedure can help you.<\/p>\n<p><div class=\"uk-flex uk-child-width-auto uk-grid-small\" uk-grid><div><a class=\"uk-button uk-button-primary\" href=\"tel:+41443872910\"><i class=\"fas fa-phone-alt uk-margin-small-right\"><\/i>+41 44 387 29 10<\/a><\/div><div><a class=\"uk-button uk-button-primary\" href=\"https:\/\/www.kontinenzzentrum.ch\/en\/about-us\/appointment.html\"><i class=\"fas fa-comments uk-margin-small-right\"><\/i>Book an Appointment Online<\/a><\/div><\/div><\/p>\n        <\/div>\n      <\/div><\/div><\/div><\/div><div id=\"panel-4457-0-0-2\" class=\"so-panel widget widget_sow-editor\" data-index=\"2\" ><div\n\t\t\t\n\t\t\tclass=\"so-widget-sow-editor so-widget-sow-editor-base\"\n\t\t\t\n\t\t>\n<div class=\"siteorigin-widget-tinymce textwidget\">\n\t<h2>Advantages of the TURP Method<\/h2>\n<ul>\n<li>Has been the proven standard method for the treatment of benign prostatic hyperplasia for many years<\/li>\n<li>Gentle access to the prostate and bladder via the urethra<\/li>\n<li>No skin incisions necessary, therefore no visible scars after the operation<\/li>\n<li>Ability to empty the bladder is restored without restrictions a few days after the procedure<\/li>\n<li>Under certain circumstances, the operation can be performed to preserve ejaculation (ejaculation-protective transurethral resection of the prostate), so that the ability to ejaculate is also preserved<\/li>\n<\/ul>\n<h3>Possible Risks and Complications of Bipolar Prostate Resection<\/h3>\n<p>As with any surgical procedure, <strong>TUR-P<\/strong> also carries a low risk of rare complications. However, the potential risks are highly individual. The TUR-P procedure has been tried and tested for decades and is performed as a standard procedure. If and what risks are to be expected in your individual case will be explained by the attending physician in a detailed consultation if the TUR-P procedure is being considered for treatment.<\/p>\n<h2>Aftercare Following Prostate Surgery using TURP<\/h2>\n<p><img decoding=\"async\" class=\"alignright\" title=\"Man and doctor after successful prostate surgery using the TURP method\" src=\"https:\/\/www.kontinenzzentrum.ch\/wp-content\/uploads\/untersuchung-operation-harnroehre-10221-txt.jpeg\" alt=\"Man and doctor after successful prostate surgery using the TURP method\" width=\"484\" height=\"376\" \/> Patients usually stay in hospital for three to four days after the procedure. During this time, the bladder is emptied using a catheter. This is removed before the patient is discharged from hospital. In the first few days after removal of the catheter, it is important to drink plenty of fluids to flush the bladder and speed up the healing of the wound. Patients should avoid strenuous physical activity such as cycling, motorcycling or lifting heavy loads for the first few weeks. Sexual intercourse, hot baths, saunas and heat applications should also be avoided in the first few weeks after the operation. Showering is permitted. Please make sure you have soft bowel movements to avoid postoperative bleeding. Our specialists will be happy to explain to you how you can contribute to this with your diet.<\/p>\n<p>In order to regain control over urination quickly and permanently, targeted <a title=\"Pelvic floor training and pelvic floor therapy\" href=\"https:\/\/www.kontinenzzentrum.ch\/en\/competence\/pelvic-floor.html\">pelvic floor training<\/a> or training of the urethral sphincter can be useful. Patients receive appropriate recommendations from their attending physician at the KontinenzZentrum Hirslanden in Zurich.<\/p>\n<p>For a speedy recovery, it is essential that patients are conscientious about their aftercare and attend the follow-up appointments scheduled by their doctor. If you experience any health complaints or a fever of over 38 degrees immediately or a few days <strong>after the TUR-P operation<\/strong>, inform your doctor immediately.<\/p>\n<\/div>\n<\/div><\/div><div id=\"panel-4457-0-0-3\" class=\"so-panel widget widget_fn-info-box-widget\" data-index=\"3\" ><div\n\t\t\t\n\t\t\tclass=\"so-widget-fn-info-box-widget so-widget-fn-info-box-widget-base\"\n\t\t\t\n\t\t><div class=\"uk-child-width-1-1 uk-grid-match\" uk-grid><div>\n        <div class=\"fn-info-box-title\">\n          <div class=\"uk-grid-small\" uk-grid>            <div class=\"uk-width-auto\"><img decoding=\"async\" src=\"https:\/\/www.kontinenzzentrum.ch\/wp-content\/uploads\/ICON_achtung.svg\" class=\"attachment-small size-small\" alt=\"\" \/>            <\/div>            <div class=\"uk-width-expand\">\n              <h4 class=\"uk-h3\">Important Information Regarding Cancer Prevention<\/h4>\n            <\/div>\n          <\/div>\n        <\/div>\n        <div class=\"fn-info-box-content\">\n              <p>When treating a benign enlarged prostate using the TURP method, only the inner glandular tissue is removed. The outer layer of tissue is preserved. This means that the risk of cancer remains. Patients should therefore continue to undergo regular cancer screening by a urologist.<\/p>\n        <\/div>\n      <\/div><\/div><\/div><\/div><div id=\"panel-4457-0-0-4\" class=\"so-panel widget widget_sow-editor\" data-index=\"4\" ><div\n\t\t\t\n\t\t\tclass=\"so-widget-sow-editor so-widget-sow-editor-base\"\n\t\t\t\n\t\t>\n<div class=\"siteorigin-widget-tinymce textwidget\">\n\t<h3>Alternative Surgical Procedures in Addition to Transurethral Resection of the Prostate<\/h3>\n<p>The surgical treatment of benign prostatic hyperplasia depends primarily on the degree of enlargement. The TURP procedure is well suited for a slightly to moderately enlarged prostate. If the prostate is already severely enlarged, transurethral resection reaches its technical limits. In this case, other surgical procedures such as bipolar enucleation (vaporization) and the modern Da Vinci method can be used to treat prostate enlargement.<\/p>\n<p>The robot-assisted Da Vinci method is a safe and sustainable prostate operation for very large prostates. The procedure is performed using laparoscopy and therefore requires very few, small incisions. This gentle approach to the bladder and prostate has several advantages for the patient, such as less blood loss, less pain after the operation, smaller scars and a shorter stay in hospital.<\/p>\n<p>Which surgical procedure is used to remove the enlarged tissue depends not only on the degree of prostate enlargement but also on other individual factors. In a detailed consultation, the doctor informs the patient in advance about applicable procedures, the prospects of success and advantages as well as possible risks.<\/p>\n<\/div>\n<\/div><\/div><div id=\"panel-4457-0-0-5\" class=\"so-panel widget widget_fn-info-box-widget panel-last-child\" data-index=\"5\" ><div\n\t\t\t\n\t\t\tclass=\"so-widget-fn-info-box-widget so-widget-fn-info-box-widget-base\"\n\t\t\t\n\t\t><div class=\"uk-child-width-1-1 uk-grid-match\" uk-grid><div>\n        <div class=\"fn-info-box-title\">\n          <div class=\"uk-grid-small\" uk-grid>            <div class=\"uk-width-auto\"><img decoding=\"async\" src=\"https:\/\/www.kontinenzzentrum.ch\/wp-content\/uploads\/ICON_info.svg\" class=\"attachment-small size-small\" alt=\"\" \/>            <\/div>            <div class=\"uk-width-expand\">\n              <h4 class=\"uk-h3\">Find out more about the TURP Method (Transurethral Resection of the Prostate)<\/h4>\n            <\/div>\n          <\/div>\n        <\/div>\n        <div class=\"fn-info-box-content\">\n              <p><strong>Contact us<\/strong> for a consultation! We will be happy to inform you about your individual assessment and treatment options as well as about <strong>TURP (transurethral prostate resection)<\/strong> and other prostate surgery procedures. You can reach our center (KontinenzZentrum Hirslanden) in Zurich by telephone. Our clinic is open from Monday to Friday between 8 am and 5 pm. You can also make <strong>an appointment online<\/strong>!    <\/p>\n<p><div class=\"uk-flex uk-child-width-auto uk-grid-small\" uk-grid><div><a class=\"uk-button uk-button-primary\" href=\"tel:+41443872910\"><i class=\"fas fa-phone-alt uk-margin-small-right\"><\/i>+41 44 387 29 10<\/a><\/div><div><a class=\"uk-button uk-button-primary\" href=\"https:\/\/www.kontinenzzentrum.ch\/en\/about-us\/appointment.html\"><i class=\"fas fa-comments uk-margin-small-right\"><\/i>Book an Appointment Online<\/a><\/div><\/div><\/p>\n        <\/div>\n      <\/div><\/div><\/div><\/div><\/div><\/div><\/div>","protected":false},"excerpt":{"rendered":"<p>TURP: TRANSURETHRAL RESECTION OF THE PROSTATE Surgical Removal of Prostate Tissue Through the Urethra In benign prostate enlargement (benign prostatic hyperplasia), the outflow from the bladder is constricted, making it difficult to empty the bladder. Affected men suffer from the typical symptoms of benign prostate enlargement. If the medication available for benign prostate enlargement is [&hellip;]<\/p>\n","protected":false},"author":1,"featured_media":1208,"parent":4311,"menu_order":0,"comment_status":"closed","ping_status":"closed","template":"","meta":{"_acf_changed":false,"footnotes":""},"class_list":["post-4457","page","type-page","status-publish","has-post-thumbnail","hentry"],"acf":[],"yoast_head":"<!-- This site is optimized with the Yoast SEO plugin v26.9 - https:\/\/yoast.com\/product\/yoast-seo-wordpress\/ -->\n<title>TURP: Transurethral Resection of the Prostate | KontinenzZentrum Hirslanden<\/title>\n<meta name=\"description\" content=\"The TURP procedure is used to treat a benignly enlarged prostate. Our specialists provide information: Advantages \u2713 Procedure \u2713 Aftercare\" \/>\n<meta name=\"robots\" content=\"index, follow, max-snippet:-1, max-image-preview:large, max-video-preview:-1\" \/>\n<link rel=\"canonical\" href=\"https:\/\/www.kontinenzzentrum.ch\/en\/diagnosis-und-treatment\/prostate-surgery\/turp.html\" \/>\n<meta property=\"og:locale\" content=\"en_GB\" \/>\n<meta property=\"og:type\" content=\"article\" \/>\n<meta property=\"og:title\" content=\"TURP: Transurethral Resection of the Prostate | KontinenzZentrum Hirslanden\" \/>\n<meta property=\"og:description\" content=\"The TURP procedure is used to treat a benignly enlarged prostate. Our specialists provide information: Advantages \u2713 Procedure \u2713 Aftercare\" \/>\n<meta property=\"og:url\" content=\"https:\/\/www.kontinenzzentrum.ch\/en\/diagnosis-und-treatment\/prostate-surgery\/turp.html\" \/>\n<meta property=\"og:site_name\" content=\"KontinenzZentrum\" \/>\n<meta property=\"article:modified_time\" content=\"2025-09-04T12:47:10+00:00\" \/>\n<meta property=\"og:image\" content=\"https:\/\/www.kontinenzzentrum.ch\/wp-content\/uploads\/untersuchung-op-prostata-9652.jpeg\" \/>\n\t<meta property=\"og:image:width\" content=\"1920\" \/>\n\t<meta property=\"og:image:height\" content=\"450\" \/>\n\t<meta property=\"og:image:type\" content=\"image\/jpeg\" \/>\n<meta name=\"twitter:card\" content=\"summary_large_image\" \/>\n<meta name=\"twitter:label1\" content=\"Estimated reading time\" \/>\n\t<meta name=\"twitter:data1\" content=\"7 minutes\" \/>\n<script type=\"application\/ld+json\" class=\"yoast-schema-graph\">{\"@context\":\"https:\/\/schema.org\",\"@graph\":[{\"@type\":\"WebPage\",\"@id\":\"https:\/\/www.kontinenzzentrum.ch\/en\/diagnosis-und-treatment\/prostate-surgery\/turp.html\",\"url\":\"https:\/\/www.kontinenzzentrum.ch\/en\/diagnosis-und-treatment\/prostate-surgery\/turp.html\",\"name\":\"TURP: Transurethral Resection of the Prostate | KontinenzZentrum Hirslanden\",\"isPartOf\":{\"@id\":\"https:\/\/www.kontinenzzentrum.ch\/de\/#website\"},\"primaryImageOfPage\":{\"@id\":\"https:\/\/www.kontinenzzentrum.ch\/en\/diagnosis-und-treatment\/prostate-surgery\/turp.html#primaryimage\"},\"image\":{\"@id\":\"https:\/\/www.kontinenzzentrum.ch\/en\/diagnosis-und-treatment\/prostate-surgery\/turp.html#primaryimage\"},\"thumbnailUrl\":\"https:\/\/www.kontinenzzentrum.ch\/wp-content\/uploads\/untersuchung-op-prostata-9652.jpeg\",\"datePublished\":\"2023-03-03T15:47:09+00:00\",\"dateModified\":\"2025-09-04T12:47:10+00:00\",\"description\":\"The TURP procedure is used to treat a benignly enlarged prostate. Our specialists provide information: Advantages \u2713 Procedure \u2713 Aftercare\",\"breadcrumb\":{\"@id\":\"https:\/\/www.kontinenzzentrum.ch\/en\/diagnosis-und-treatment\/prostate-surgery\/turp.html#breadcrumb\"},\"inLanguage\":\"en-GB\",\"potentialAction\":[{\"@type\":\"ReadAction\",\"target\":[\"https:\/\/www.kontinenzzentrum.ch\/en\/diagnosis-und-treatment\/prostate-surgery\/turp.html\"]}]},{\"@type\":\"ImageObject\",\"inLanguage\":\"en-GB\",\"@id\":\"https:\/\/www.kontinenzzentrum.ch\/en\/diagnosis-und-treatment\/prostate-surgery\/turp.html#primaryimage\",\"url\":\"https:\/\/www.kontinenzzentrum.ch\/wp-content\/uploads\/untersuchung-op-prostata-9652.jpeg\",\"contentUrl\":\"https:\/\/www.kontinenzzentrum.ch\/wp-content\/uploads\/untersuchung-op-prostata-9652.jpeg\",\"width\":1920,\"height\":450},{\"@type\":\"BreadcrumbList\",\"@id\":\"https:\/\/www.kontinenzzentrum.ch\/en\/diagnosis-und-treatment\/prostate-surgery\/turp.html#breadcrumb\",\"itemListElement\":[{\"@type\":\"ListItem\",\"position\":1,\"name\":\"Startseite\",\"item\":\"https:\/\/www.kontinenzzentrum.ch\/en\"},{\"@type\":\"ListItem\",\"position\":2,\"name\":\"Diagnosis &#038; Treatment\",\"item\":\"https:\/\/www.kontinenzzentrum.ch\/en\/diagnosis-und-treatment.html\"},{\"@type\":\"ListItem\",\"position\":3,\"name\":\"Prostate Surgery\",\"item\":\"https:\/\/www.kontinenzzentrum.ch\/en\/diagnosis-und-treatment\/prostate-surgery.html\"},{\"@type\":\"ListItem\",\"position\":4,\"name\":\"Transurethral Resection of the Prostate (TURP)\"}]},{\"@type\":\"WebSite\",\"@id\":\"https:\/\/www.kontinenzzentrum.ch\/de\/#website\",\"url\":\"https:\/\/www.kontinenzzentrum.ch\/de\/\",\"name\":\"KontinenzZentrum Hirslanden Z\u00fcrich\",\"description\":\"KontinenzZentrum Hirslanden Z\u00fcrich: Blasenst\u00f6rungen & Inkontinenz\",\"publisher\":{\"@id\":\"https:\/\/www.kontinenzzentrum.ch\/de\/#organization\"},\"potentialAction\":[{\"@type\":\"SearchAction\",\"target\":{\"@type\":\"EntryPoint\",\"urlTemplate\":\"https:\/\/www.kontinenzzentrum.ch\/de\/?s={search_term_string}\"},\"query-input\":{\"@type\":\"PropertyValueSpecification\",\"valueRequired\":true,\"valueName\":\"search_term_string\"}}],\"inLanguage\":\"en-GB\"},{\"@type\":\"Organization\",\"@id\":\"https:\/\/www.kontinenzzentrum.ch\/de\/#organization\",\"name\":\"KontinenzZentrum Hirslanden Z\u00fcrich\",\"url\":\"https:\/\/www.kontinenzzentrum.ch\/de\/\",\"logo\":{\"@type\":\"ImageObject\",\"inLanguage\":\"en-GB\",\"@id\":\"https:\/\/www.kontinenzzentrum.ch\/de\/#\/schema\/logo\/image\/\",\"url\":\"https:\/\/www.kontinenzzentrum.ch\/wp-content\/uploads\/Logo_KontinenzZentrum.png\",\"contentUrl\":\"https:\/\/www.kontinenzzentrum.ch\/wp-content\/uploads\/Logo_KontinenzZentrum.png\",\"width\":800,\"height\":142,\"caption\":\"KontinenzZentrum Hirslanden Z\u00fcrich\"},\"image\":{\"@id\":\"https:\/\/www.kontinenzzentrum.ch\/de\/#\/schema\/logo\/image\/\"}}]}<\/script>\n<!-- \/ Yoast SEO plugin. -->","yoast_head_json":{"title":"TURP: Transurethral Resection of the Prostate | KontinenzZentrum Hirslanden","description":"The TURP procedure is used to treat a benignly enlarged prostate. Our specialists provide information: Advantages \u2713 Procedure \u2713 Aftercare","robots":{"index":"index","follow":"follow","max-snippet":"max-snippet:-1","max-image-preview":"max-image-preview:large","max-video-preview":"max-video-preview:-1"},"canonical":"https:\/\/www.kontinenzzentrum.ch\/en\/diagnosis-und-treatment\/prostate-surgery\/turp.html","og_locale":"en_GB","og_type":"article","og_title":"TURP: Transurethral Resection of the Prostate | KontinenzZentrum Hirslanden","og_description":"The TURP procedure is used to treat a benignly enlarged prostate. Our specialists provide information: Advantages \u2713 Procedure \u2713 Aftercare","og_url":"https:\/\/www.kontinenzzentrum.ch\/en\/diagnosis-und-treatment\/prostate-surgery\/turp.html","og_site_name":"KontinenzZentrum","article_modified_time":"2025-09-04T12:47:10+00:00","og_image":[{"width":1920,"height":450,"url":"https:\/\/www.kontinenzzentrum.ch\/wp-content\/uploads\/untersuchung-op-prostata-9652.jpeg","type":"image\/jpeg"}],"twitter_card":"summary_large_image","twitter_misc":{"Estimated reading time":"7 minutes"},"schema":{"@context":"https:\/\/schema.org","@graph":[{"@type":"WebPage","@id":"https:\/\/www.kontinenzzentrum.ch\/en\/diagnosis-und-treatment\/prostate-surgery\/turp.html","url":"https:\/\/www.kontinenzzentrum.ch\/en\/diagnosis-und-treatment\/prostate-surgery\/turp.html","name":"TURP: Transurethral Resection of the Prostate | KontinenzZentrum Hirslanden","isPartOf":{"@id":"https:\/\/www.kontinenzzentrum.ch\/de\/#website"},"primaryImageOfPage":{"@id":"https:\/\/www.kontinenzzentrum.ch\/en\/diagnosis-und-treatment\/prostate-surgery\/turp.html#primaryimage"},"image":{"@id":"https:\/\/www.kontinenzzentrum.ch\/en\/diagnosis-und-treatment\/prostate-surgery\/turp.html#primaryimage"},"thumbnailUrl":"https:\/\/www.kontinenzzentrum.ch\/wp-content\/uploads\/untersuchung-op-prostata-9652.jpeg","datePublished":"2023-03-03T15:47:09+00:00","dateModified":"2025-09-04T12:47:10+00:00","description":"The TURP procedure is used to treat a benignly enlarged prostate. Our specialists provide information: Advantages \u2713 Procedure \u2713 Aftercare","breadcrumb":{"@id":"https:\/\/www.kontinenzzentrum.ch\/en\/diagnosis-und-treatment\/prostate-surgery\/turp.html#breadcrumb"},"inLanguage":"en-GB","potentialAction":[{"@type":"ReadAction","target":["https:\/\/www.kontinenzzentrum.ch\/en\/diagnosis-und-treatment\/prostate-surgery\/turp.html"]}]},{"@type":"ImageObject","inLanguage":"en-GB","@id":"https:\/\/www.kontinenzzentrum.ch\/en\/diagnosis-und-treatment\/prostate-surgery\/turp.html#primaryimage","url":"https:\/\/www.kontinenzzentrum.ch\/wp-content\/uploads\/untersuchung-op-prostata-9652.jpeg","contentUrl":"https:\/\/www.kontinenzzentrum.ch\/wp-content\/uploads\/untersuchung-op-prostata-9652.jpeg","width":1920,"height":450},{"@type":"BreadcrumbList","@id":"https:\/\/www.kontinenzzentrum.ch\/en\/diagnosis-und-treatment\/prostate-surgery\/turp.html#breadcrumb","itemListElement":[{"@type":"ListItem","position":1,"name":"Startseite","item":"https:\/\/www.kontinenzzentrum.ch\/en"},{"@type":"ListItem","position":2,"name":"Diagnosis &#038; Treatment","item":"https:\/\/www.kontinenzzentrum.ch\/en\/diagnosis-und-treatment.html"},{"@type":"ListItem","position":3,"name":"Prostate Surgery","item":"https:\/\/www.kontinenzzentrum.ch\/en\/diagnosis-und-treatment\/prostate-surgery.html"},{"@type":"ListItem","position":4,"name":"Transurethral Resection of the Prostate (TURP)"}]},{"@type":"WebSite","@id":"https:\/\/www.kontinenzzentrum.ch\/de\/#website","url":"https:\/\/www.kontinenzzentrum.ch\/de\/","name":"KontinenzZentrum Hirslanden Z\u00fcrich","description":"KontinenzZentrum Hirslanden Z\u00fcrich: Blasenst\u00f6rungen & Inkontinenz","publisher":{"@id":"https:\/\/www.kontinenzzentrum.ch\/de\/#organization"},"potentialAction":[{"@type":"SearchAction","target":{"@type":"EntryPoint","urlTemplate":"https:\/\/www.kontinenzzentrum.ch\/de\/?s={search_term_string}"},"query-input":{"@type":"PropertyValueSpecification","valueRequired":true,"valueName":"search_term_string"}}],"inLanguage":"en-GB"},{"@type":"Organization","@id":"https:\/\/www.kontinenzzentrum.ch\/de\/#organization","name":"KontinenzZentrum Hirslanden Z\u00fcrich","url":"https:\/\/www.kontinenzzentrum.ch\/de\/","logo":{"@type":"ImageObject","inLanguage":"en-GB","@id":"https:\/\/www.kontinenzzentrum.ch\/de\/#\/schema\/logo\/image\/","url":"https:\/\/www.kontinenzzentrum.ch\/wp-content\/uploads\/Logo_KontinenzZentrum.png","contentUrl":"https:\/\/www.kontinenzzentrum.ch\/wp-content\/uploads\/Logo_KontinenzZentrum.png","width":800,"height":142,"caption":"KontinenzZentrum Hirslanden Z\u00fcrich"},"image":{"@id":"https:\/\/www.kontinenzzentrum.ch\/de\/#\/schema\/logo\/image\/"}}]}},"_links":{"self":[{"href":"https:\/\/www.kontinenzzentrum.ch\/en\/wp-json\/wp\/v2\/pages\/4457","targetHints":{"allow":["GET"]}}],"collection":[{"href":"https:\/\/www.kontinenzzentrum.ch\/en\/wp-json\/wp\/v2\/pages"}],"about":[{"href":"https:\/\/www.kontinenzzentrum.ch\/en\/wp-json\/wp\/v2\/types\/page"}],"author":[{"embeddable":true,"href":"https:\/\/www.kontinenzzentrum.ch\/en\/wp-json\/wp\/v2\/users\/1"}],"replies":[{"embeddable":true,"href":"https:\/\/www.kontinenzzentrum.ch\/en\/wp-json\/wp\/v2\/comments?post=4457"}],"version-history":[{"count":5,"href":"https:\/\/www.kontinenzzentrum.ch\/en\/wp-json\/wp\/v2\/pages\/4457\/revisions"}],"predecessor-version":[{"id":4462,"href":"https:\/\/www.kontinenzzentrum.ch\/en\/wp-json\/wp\/v2\/pages\/4457\/revisions\/4462"}],"up":[{"embeddable":true,"href":"https:\/\/www.kontinenzzentrum.ch\/en\/wp-json\/wp\/v2\/pages\/4311"}],"wp:featuredmedia":[{"embeddable":true,"href":"https:\/\/www.kontinenzzentrum.ch\/en\/wp-json\/wp\/v2\/media\/1208"}],"wp:attachment":[{"href":"https:\/\/www.kontinenzzentrum.ch\/en\/wp-json\/wp\/v2\/media?parent=4457"}],"curies":[{"name":"wp","href":"https:\/\/api.w.org\/{rel}","templated":true}]}}