{"id":4466,"date":"2023-03-03T16:37:46","date_gmt":"2023-03-03T15:37:46","guid":{"rendered":"https:\/\/www.kontinenzzentrum.ch\/?page_id=4466"},"modified":"2025-09-04T16:36:08","modified_gmt":"2025-09-04T14:36:08","slug":"tuip","status":"publish","type":"page","link":"https:\/\/www.kontinenzzentrum.ch\/en\/diagnosis-und-treatment\/prostate-surgery\/tuip.html","title":{"rendered":"Transurethral Incision of the Prostate (TUIP)"},"content":{"rendered":"<div id=\"pl-4466\"  class=\"panel-layout\" ><div id=\"pg-4466-0\"  class=\"panel-grid panel-no-style\" ><div id=\"pgc-4466-0-0\"  class=\"panel-grid-cell\" ><div id=\"panel-4466-0-0-0\" class=\"so-panel widget widget_sow-editor panel-first-child panel-last-child\" data-index=\"0\" ><div\n\t\t\t\n\t\t\tclass=\"so-widget-sow-editor so-widget-sow-editor-base\"\n\t\t\t\n\t\t>\n<div class=\"siteorigin-widget-tinymce textwidget\">\n\t<h1>Transurethral Incision of the Prostate (TUIP)<\/h1>\n<h2>Surgical Incision of a Slightly Enlarged Prostate<\/h2>\n<\/div>\n<\/div><\/div><\/div><\/div><div id=\"pg-4466-1\"  class=\"panel-grid panel-no-style\" ><div id=\"pgc-4466-1-0\"  class=\"panel-grid-cell\" ><div id=\"panel-4466-1-0-0\" class=\"so-panel widget widget_sow-editor panel-first-child panel-last-child\" data-index=\"1\" ><div\n\t\t\t\n\t\t\tclass=\"so-widget-sow-editor so-widget-sow-editor-base\"\n\t\t\t\n\t\t>\n<div class=\"siteorigin-widget-tinymce textwidget\">\n\t<p>Even a slightly enlarged prostate can restrict the outflow from the bladder and cause the <a title=\"benign prostate enlargement\" href=\"\/en\/diseases\/bladder-dysfunction\/benign-prostate-enlargement.html\">typical symptoms of benign prostatic<\/a> hyperplasia (BPH).<\/p>\n<p>Treatment is usually initially conservative with medication, for example alpha blockers. If these medications are not sufficiently effective for <strong>benign prostate enlargement<\/strong> or are not tolerated by the patient, a <strong>surgical incision of the prostate (transurethral incision of the prostate, TUIP)<\/strong> can be performed. The procedure is also known as a <strong>bipolar prostate incision<\/strong> and is intended to allow the bladder to empty again without interruption.<\/p>\n<\/div>\n<\/div><\/div><\/div><div id=\"pgc-4466-1-1\"  class=\"panel-grid-cell\" ><div id=\"panel-4466-1-1-0\" class=\"so-panel widget widget_sow-image panel-first-child panel-last-child\" data-index=\"2\" ><div\n\t\t\t\n\t\t\tclass=\"so-widget-sow-image so-widget-sow-image-default-8b5b6f678277-4466\"\n\t\t\t\n\t\t>\n<div class=\"sow-image-container\">\n\t\t<img \n\tsrc=\"https:\/\/www.kontinenzzentrum.ch\/wp-content\/uploads\/vaporisation.png\" width=\"602\" height=\"358\" srcset=\"https:\/\/www.kontinenzzentrum.ch\/wp-content\/uploads\/vaporisation.png 602w, https:\/\/www.kontinenzzentrum.ch\/wp-content\/uploads\/vaporisation-300x178.png 300w\" sizes=\"(max-width: 602px) 100vw, 602px\" alt=\"Vaporization\" \t\tclass=\"so-widget-image\"\/>\n\t<\/div>\n\n<\/div><\/div><\/div><\/div><div id=\"pg-4466-2\"  class=\"panel-grid panel-no-style\" ><div id=\"pgc-4466-2-0\"  class=\"panel-grid-cell\" ><div id=\"panel-4466-2-0-0\" class=\"so-panel widget widget_fn-info-box-widget panel-first-child panel-last-child\" data-index=\"3\" ><div\n\t\t\t\n\t\t\tclass=\"so-widget-fn-info-box-widget so-widget-fn-info-box-widget-base\"\n\t\t\t\n\t\t><div class=\"uk-child-width-1-1 uk-grid-match\" uk-grid><div>\n        <div class=\"fn-info-box-title\">\n          <div class=\"uk-grid-small\" uk-grid>            <div class=\"uk-width-auto\"><img decoding=\"async\" src=\"https:\/\/www.kontinenzzentrum.ch\/wp-content\/uploads\/ICON_info.svg\" class=\"attachment-small size-small\" alt=\"\" \/>            <\/div>            <div class=\"uk-width-expand\">\n              <h4 class=\"uk-h3\">Find out more about Transurethral Incision of the Prostate (TUIP)<\/h4>\n            <\/div>\n          <\/div>\n        <\/div>\n        <div class=\"fn-info-box-content\">\n              <p><strong>Are you affected by benign prostate enlargement?<\/strong> We would be happy to provide you with information about transurethral incision of the prostate (TUIP) and other possible treatment methods.<\/p>\n<p>You can reach KontinenzZentrum Hirslanden in Zurich by phone from Monday to Friday between 8 a.m. and 5 p.m. You can also use our online appointment booking service!<\/p>\n<p><div class=\"uk-flex uk-child-width-auto uk-grid-small\" uk-grid><div><a class=\"uk-button uk-button-primary\" href=\"tel:+41443872910\"><i class=\"fas fa-phone-alt uk-margin-small-right\"><\/i>+41 44 387 29 10<\/a><\/div><div><a class=\"uk-button uk-button-primary\" href=\"https:\/\/www.kontinenzzentrum.ch\/en\/about-us\/appointment.html\"><i class=\"fas fa-comments uk-margin-small-right\"><\/i>Book an Appointment Online<\/a><\/div><\/div><\/p>\n        <\/div>\n      <\/div><\/div><\/div><\/div><\/div><\/div><div id=\"pg-4466-3\"  class=\"panel-grid panel-no-style\" ><div id=\"pgc-4466-3-0\"  class=\"panel-grid-cell\" ><div id=\"panel-4466-3-0-0\" class=\"so-panel widget widget_sow-editor panel-first-child\" data-index=\"4\" ><div\n\t\t\t\n\t\t\tclass=\"so-widget-sow-editor so-widget-sow-editor-base\"\n\t\t\t\n\t\t>\n<div class=\"siteorigin-widget-tinymce textwidget\">\n\t<h2>What is TUIP Surgery? - Procedure and Outcome<\/h2>\n<p>The short <strong>TUIP procedure<\/strong> can be performed under general anesthesia or spinal anesthesia. During this <a title=\"Prostate Surgery\" href=\"\/en\/diagnosis-und-treatment\/prostate-surgery.html\">prostate operation<\/a>, the prostate is incised in three positions using an optical instrument inserted via the urethra (transurethral) and <strong>a vaporization probe<\/strong>. The small cuts made through the urethra on the prostate and bladder neck are called incisions. These incisions are used to reopen the outflow tract from the bladder. Bleeding from opened vessels is stopped with an electric current. After the procedure, a permanent catheter is inserted and left in place for three to five days. The catheter is removed before the patient is discharged from hospital. Afterwards, the bladder can be emptied again without interruption and with a good urine flow.<\/p>\n<h2>Advantages of the TUIP Procedure<\/h2>\n<ul>\n<li>Gentle access to the prostate and bladder via the urethra<\/li>\n<li>No skin incisions necessary, therefore no visible scars after the operation<\/li>\n<li>Ability to empty the bladder is restored without restrictions a few days after the procedure<\/li>\n<li>Many men retain the ability to ejaculate semen after the operation<\/li>\n<\/ul>\n<h3>Aftercare and Information on Medical Checkups<\/h3>\n<p>After <strong>TUIP surgery on the prostate<\/strong>, patients usually stay in hospital for three to four days. During this time, the bladder is emptied using a catheter. After the catheter has been removed, patients should drink plenty of fluids to flush the bladder well and speed up the healing process. Heavy physical exertion such as cycling or lifting heavy loads should be avoided in the first few weeks. The same applies to sexual intercourse, hot baths or saunas. Patients can of course take a shower.<\/p>\n<p>Targeted <a title=\"Targeted pelvic floor training\" href=\"\/en\/competence\/pelvic-floor.html\">pelvic floor training<\/a> can help to regain control over bladder emptying quickly and permanently. Patients receive appropriate recommendations from their attending physician at the KontinenzZentrum Hirslanden. It is important to be conscientious about aftercare and to attend follow-up appointments with the doctor. Patients should inform their doctor immediately if they develop a fever of over 38 degrees after the TUIP operation.<\/p>\n<\/div>\n<\/div><\/div><div id=\"panel-4466-3-0-1\" class=\"so-panel widget widget_fn-info-box-widget\" data-index=\"5\" ><div\n\t\t\t\n\t\t\tclass=\"so-widget-fn-info-box-widget so-widget-fn-info-box-widget-base\"\n\t\t\t\n\t\t><div class=\"uk-child-width-1-1 uk-grid-match\" uk-grid><div>\n        <div class=\"fn-info-box-title\">\n          <div class=\"uk-grid-small\" uk-grid>            <div class=\"uk-width-auto\"><img decoding=\"async\" src=\"https:\/\/www.kontinenzzentrum.ch\/wp-content\/uploads\/ICON_info.svg\" class=\"attachment-small size-small\" alt=\"\" \/>            <\/div>            <div class=\"uk-width-expand\">\n              <h4 class=\"uk-h3\">Important Information about Cancer Checkups<\/h4>\n            <\/div>\n          <\/div>\n        <\/div>\n        <div class=\"fn-info-box-content\">\n              <p>Since no tissue is removed during TUIP surgery, the prostate may grow back. The risk of prostate cancer also remains. Patients should therefore be sure to undergo regular cancer screenings by a urologist.<\/p>\n        <\/div>\n      <\/div><\/div><\/div><\/div><div id=\"panel-4466-3-0-2\" class=\"so-panel widget widget_sow-editor\" data-index=\"6\" ><div\n\t\t\t\n\t\t\tclass=\"so-widget-sow-editor so-widget-sow-editor-base\"\n\t\t\t\n\t\t>\n<div class=\"siteorigin-widget-tinymce textwidget\">\n\t<h3>Alternative Treatments to Bipolar Prostate Incision<\/h3>\n<p>If a narrowing of the bladder neck occurs as a result of a minor benign enlargement of the prostate, a bladder neck incision can be performed. This procedure can also be performed if there is increased scarring in the area of the bladder neck following prostate surgery.<\/p>\n<p>If the prostate is slightly or moderately enlarged, prostate surgery can be performed using the <a title=\"More about the TURP procedure\" href=\"\/en\/diagnosis-und-treatment\/prostate-surgery\/turp.html\">TURP procedure<\/a>. This is currently the standard procedure for the treatment of benign prostate enlargement and is also performed transurethrally. Under certain conditions, transurethral prostate resection can preserve the ability to ejaculate after prostate surgery.<\/p>\n<p>If the prostate is already severely enlarged, it is possible to use the modern Da Vinci method to treat prostate enlargement. With this method, the surgeon is supported by the Da Vinci\u00ae surgical robot, which enables significantly smaller and more precise incisions and gentle access to the bladder and prostate.<\/p>\n<p>Which procedure can be carried out in your individual case will be clarified by the attending physician in a detailed patient consultation after a thorough examinations.<\/p>\n<\/div>\n<\/div><\/div><div id=\"panel-4466-3-0-3\" class=\"so-panel widget widget_fn-info-box-widget panel-last-child\" data-index=\"7\" ><div\n\t\t\t\n\t\t\tclass=\"so-widget-fn-info-box-widget so-widget-fn-info-box-widget-base\"\n\t\t\t\n\t\t><div class=\"uk-child-width-1-1 uk-grid-match\" uk-grid><div>\n        <div class=\"fn-info-box-title\">\n          <div class=\"uk-grid-small\" uk-grid>            <div class=\"uk-width-auto\"><img decoding=\"async\" src=\"https:\/\/www.kontinenzzentrum.ch\/wp-content\/uploads\/ICON_kontakt.svg\" class=\"attachment-small size-small\" alt=\"\" \/>            <\/div>            <div class=\"uk-width-expand\">\n              <h4 class=\"uk-h3\">Find out more about the Transurethral Incision of the Prostate (TUIP)<\/h4>\n            <\/div>\n          <\/div>\n        <\/div>\n        <div class=\"fn-info-box-content\">\n              <p><strong>Contact us<\/strong> for a consultation! We will be happy to advise you about the transurethral incision of the prostate (TUIP) and possible diagnostic and treatment methods for benign prostate enlargement.<\/p>\n<p>You can reach KontinenzZentrum Hirslanden in Zurich by telephone, <a href=\"mailto:kontinenzzentrum.hirslanden@hirslanden.ch\">e-mail<\/a> or via our contact form.<\/p>\n<p>You can also make an appointment online!<\/p>\n<p><div class=\"uk-flex uk-child-width-auto uk-grid-small\" uk-grid><div><a class=\"uk-button uk-button-primary\" href=\"tel:+41443872910\"><i class=\"fas fa-phone-alt uk-margin-small-right\"><\/i>+41 44 387 29 10<\/a><\/div><div><a class=\"uk-button uk-button-primary\" href=\"https:\/\/www.kontinenzzentrum.ch\/en\/about-us\/appointment.html\"><i class=\"fas fa-comments uk-margin-small-right\"><\/i>Book an Appointment Online<\/a><\/div><\/div><\/p>\n        <\/div>\n      <\/div><\/div><\/div><\/div><\/div><\/div><\/div>","protected":false},"excerpt":{"rendered":"<p>Transurethral Incision of the Prostate (TUIP) Surgical Incision of a Slightly Enlarged Prostate Even a slightly enlarged prostate can restrict the outflow from the bladder and cause the typical symptoms of benign prostatic hyperplasia (BPH). Treatment is usually initially conservative with medication, for example alpha blockers. If these medications are not sufficiently effective for benign [&hellip;]<\/p>\n","protected":false},"author":1,"featured_media":1208,"parent":4311,"menu_order":0,"comment_status":"closed","ping_status":"closed","template":"","meta":{"_acf_changed":false,"footnotes":""},"class_list":["post-4466","page","type-page","status-publish","has-post-thumbnail","hentry"],"acf":[],"yoast_head":"<!-- This site is optimized with the Yoast SEO plugin v26.9 - https:\/\/yoast.com\/product\/yoast-seo-wordpress\/ -->\n<title>TUIP: Transurethral Incision of the Prostate | KontinenzZentrum Hirslanden<\/title>\n<meta name=\"description\" content=\"TUIP is a surgical procedure for the treatment of a benignly enlarged prostate. Our specialists provide information on the procedure, benefits and aftercare.\" \/>\n<meta name=\"robots\" content=\"index, follow, max-snippet:-1, max-image-preview:large, max-video-preview:-1\" \/>\n<link rel=\"canonical\" href=\"https:\/\/www.kontinenzzentrum.ch\/en\/diagnosis-und-treatment\/prostate-surgery\/tuip.html\" \/>\n<meta property=\"og:locale\" content=\"en_GB\" \/>\n<meta property=\"og:type\" content=\"article\" \/>\n<meta property=\"og:title\" content=\"TUIP: Transurethral Incision of the Prostate | KontinenzZentrum Hirslanden\" \/>\n<meta property=\"og:description\" content=\"TUIP is a surgical procedure for the treatment of a benignly enlarged prostate. Our specialists provide information on the procedure, benefits and aftercare.\" \/>\n<meta property=\"og:url\" content=\"https:\/\/www.kontinenzzentrum.ch\/en\/diagnosis-und-treatment\/prostate-surgery\/tuip.html\" \/>\n<meta property=\"og:site_name\" content=\"KontinenzZentrum\" \/>\n<meta property=\"article:modified_time\" content=\"2025-09-04T14:36:08+00:00\" \/>\n<meta property=\"og:image\" content=\"https:\/\/www.kontinenzzentrum.ch\/wp-content\/uploads\/untersuchung-op-prostata-9652.jpeg\" \/>\n\t<meta property=\"og:image:width\" content=\"1920\" \/>\n\t<meta property=\"og:image:height\" content=\"450\" \/>\n\t<meta property=\"og:image:type\" content=\"image\/jpeg\" \/>\n<meta name=\"twitter:card\" content=\"summary_large_image\" \/>\n<meta name=\"twitter:label1\" content=\"Estimated reading time\" \/>\n\t<meta name=\"twitter:data1\" content=\"6 minutes\" \/>\n<script type=\"application\/ld+json\" class=\"yoast-schema-graph\">{\"@context\":\"https:\/\/schema.org\",\"@graph\":[{\"@type\":\"WebPage\",\"@id\":\"https:\/\/www.kontinenzzentrum.ch\/en\/diagnosis-und-treatment\/prostate-surgery\/tuip.html\",\"url\":\"https:\/\/www.kontinenzzentrum.ch\/en\/diagnosis-und-treatment\/prostate-surgery\/tuip.html\",\"name\":\"TUIP: Transurethral Incision of the Prostate | KontinenzZentrum Hirslanden\",\"isPartOf\":{\"@id\":\"https:\/\/www.kontinenzzentrum.ch\/de\/#website\"},\"primaryImageOfPage\":{\"@id\":\"https:\/\/www.kontinenzzentrum.ch\/en\/diagnosis-und-treatment\/prostate-surgery\/tuip.html#primaryimage\"},\"image\":{\"@id\":\"https:\/\/www.kontinenzzentrum.ch\/en\/diagnosis-und-treatment\/prostate-surgery\/tuip.html#primaryimage\"},\"thumbnailUrl\":\"https:\/\/www.kontinenzzentrum.ch\/wp-content\/uploads\/untersuchung-op-prostata-9652.jpeg\",\"datePublished\":\"2023-03-03T15:37:46+00:00\",\"dateModified\":\"2025-09-04T14:36:08+00:00\",\"description\":\"TUIP is a surgical procedure for the treatment of a benignly enlarged prostate. Our specialists provide information on the procedure, benefits and aftercare.\",\"breadcrumb\":{\"@id\":\"https:\/\/www.kontinenzzentrum.ch\/en\/diagnosis-und-treatment\/prostate-surgery\/tuip.html#breadcrumb\"},\"inLanguage\":\"en-GB\",\"potentialAction\":[{\"@type\":\"ReadAction\",\"target\":[\"https:\/\/www.kontinenzzentrum.ch\/en\/diagnosis-und-treatment\/prostate-surgery\/tuip.html\"]}]},{\"@type\":\"ImageObject\",\"inLanguage\":\"en-GB\",\"@id\":\"https:\/\/www.kontinenzzentrum.ch\/en\/diagnosis-und-treatment\/prostate-surgery\/tuip.html#primaryimage\",\"url\":\"https:\/\/www.kontinenzzentrum.ch\/wp-content\/uploads\/untersuchung-op-prostata-9652.jpeg\",\"contentUrl\":\"https:\/\/www.kontinenzzentrum.ch\/wp-content\/uploads\/untersuchung-op-prostata-9652.jpeg\",\"width\":1920,\"height\":450},{\"@type\":\"BreadcrumbList\",\"@id\":\"https:\/\/www.kontinenzzentrum.ch\/en\/diagnosis-und-treatment\/prostate-surgery\/tuip.html#breadcrumb\",\"itemListElement\":[{\"@type\":\"ListItem\",\"position\":1,\"name\":\"Startseite\",\"item\":\"https:\/\/www.kontinenzzentrum.ch\/en\"},{\"@type\":\"ListItem\",\"position\":2,\"name\":\"Diagnosis &#038; Treatment\",\"item\":\"https:\/\/www.kontinenzzentrum.ch\/en\/diagnosis-und-treatment.html\"},{\"@type\":\"ListItem\",\"position\":3,\"name\":\"Prostate Surgery\",\"item\":\"https:\/\/www.kontinenzzentrum.ch\/en\/diagnosis-und-treatment\/prostate-surgery.html\"},{\"@type\":\"ListItem\",\"position\":4,\"name\":\"Transurethral Incision of the Prostate (TUIP)\"}]},{\"@type\":\"WebSite\",\"@id\":\"https:\/\/www.kontinenzzentrum.ch\/de\/#website\",\"url\":\"https:\/\/www.kontinenzzentrum.ch\/de\/\",\"name\":\"KontinenzZentrum Hirslanden Z\u00fcrich\",\"description\":\"KontinenzZentrum Hirslanden Z\u00fcrich: Blasenst\u00f6rungen & Inkontinenz\",\"publisher\":{\"@id\":\"https:\/\/www.kontinenzzentrum.ch\/de\/#organization\"},\"potentialAction\":[{\"@type\":\"SearchAction\",\"target\":{\"@type\":\"EntryPoint\",\"urlTemplate\":\"https:\/\/www.kontinenzzentrum.ch\/de\/?s={search_term_string}\"},\"query-input\":{\"@type\":\"PropertyValueSpecification\",\"valueRequired\":true,\"valueName\":\"search_term_string\"}}],\"inLanguage\":\"en-GB\"},{\"@type\":\"Organization\",\"@id\":\"https:\/\/www.kontinenzzentrum.ch\/de\/#organization\",\"name\":\"KontinenzZentrum Hirslanden Z\u00fcrich\",\"url\":\"https:\/\/www.kontinenzzentrum.ch\/de\/\",\"logo\":{\"@type\":\"ImageObject\",\"inLanguage\":\"en-GB\",\"@id\":\"https:\/\/www.kontinenzzentrum.ch\/de\/#\/schema\/logo\/image\/\",\"url\":\"https:\/\/www.kontinenzzentrum.ch\/wp-content\/uploads\/Logo_KontinenzZentrum.png\",\"contentUrl\":\"https:\/\/www.kontinenzzentrum.ch\/wp-content\/uploads\/Logo_KontinenzZentrum.png\",\"width\":800,\"height\":142,\"caption\":\"KontinenzZentrum Hirslanden Z\u00fcrich\"},\"image\":{\"@id\":\"https:\/\/www.kontinenzzentrum.ch\/de\/#\/schema\/logo\/image\/\"}}]}<\/script>\n<!-- \/ Yoast SEO plugin. -->","yoast_head_json":{"title":"TUIP: Transurethral Incision of the Prostate | KontinenzZentrum Hirslanden","description":"TUIP is a surgical procedure for the treatment of a benignly enlarged prostate. Our specialists provide information on the procedure, benefits and aftercare.","robots":{"index":"index","follow":"follow","max-snippet":"max-snippet:-1","max-image-preview":"max-image-preview:large","max-video-preview":"max-video-preview:-1"},"canonical":"https:\/\/www.kontinenzzentrum.ch\/en\/diagnosis-und-treatment\/prostate-surgery\/tuip.html","og_locale":"en_GB","og_type":"article","og_title":"TUIP: Transurethral Incision of the Prostate | KontinenzZentrum Hirslanden","og_description":"TUIP is a surgical procedure for the treatment of a benignly enlarged prostate. Our specialists provide information on the procedure, benefits and aftercare.","og_url":"https:\/\/www.kontinenzzentrum.ch\/en\/diagnosis-und-treatment\/prostate-surgery\/tuip.html","og_site_name":"KontinenzZentrum","article_modified_time":"2025-09-04T14:36:08+00:00","og_image":[{"width":1920,"height":450,"url":"https:\/\/www.kontinenzzentrum.ch\/wp-content\/uploads\/untersuchung-op-prostata-9652.jpeg","type":"image\/jpeg"}],"twitter_card":"summary_large_image","twitter_misc":{"Estimated reading time":"6 minutes"},"schema":{"@context":"https:\/\/schema.org","@graph":[{"@type":"WebPage","@id":"https:\/\/www.kontinenzzentrum.ch\/en\/diagnosis-und-treatment\/prostate-surgery\/tuip.html","url":"https:\/\/www.kontinenzzentrum.ch\/en\/diagnosis-und-treatment\/prostate-surgery\/tuip.html","name":"TUIP: Transurethral Incision of the Prostate | KontinenzZentrum Hirslanden","isPartOf":{"@id":"https:\/\/www.kontinenzzentrum.ch\/de\/#website"},"primaryImageOfPage":{"@id":"https:\/\/www.kontinenzzentrum.ch\/en\/diagnosis-und-treatment\/prostate-surgery\/tuip.html#primaryimage"},"image":{"@id":"https:\/\/www.kontinenzzentrum.ch\/en\/diagnosis-und-treatment\/prostate-surgery\/tuip.html#primaryimage"},"thumbnailUrl":"https:\/\/www.kontinenzzentrum.ch\/wp-content\/uploads\/untersuchung-op-prostata-9652.jpeg","datePublished":"2023-03-03T15:37:46+00:00","dateModified":"2025-09-04T14:36:08+00:00","description":"TUIP is a surgical procedure for the treatment of a benignly enlarged prostate. Our specialists provide information on the procedure, benefits and aftercare.","breadcrumb":{"@id":"https:\/\/www.kontinenzzentrum.ch\/en\/diagnosis-und-treatment\/prostate-surgery\/tuip.html#breadcrumb"},"inLanguage":"en-GB","potentialAction":[{"@type":"ReadAction","target":["https:\/\/www.kontinenzzentrum.ch\/en\/diagnosis-und-treatment\/prostate-surgery\/tuip.html"]}]},{"@type":"ImageObject","inLanguage":"en-GB","@id":"https:\/\/www.kontinenzzentrum.ch\/en\/diagnosis-und-treatment\/prostate-surgery\/tuip.html#primaryimage","url":"https:\/\/www.kontinenzzentrum.ch\/wp-content\/uploads\/untersuchung-op-prostata-9652.jpeg","contentUrl":"https:\/\/www.kontinenzzentrum.ch\/wp-content\/uploads\/untersuchung-op-prostata-9652.jpeg","width":1920,"height":450},{"@type":"BreadcrumbList","@id":"https:\/\/www.kontinenzzentrum.ch\/en\/diagnosis-und-treatment\/prostate-surgery\/tuip.html#breadcrumb","itemListElement":[{"@type":"ListItem","position":1,"name":"Startseite","item":"https:\/\/www.kontinenzzentrum.ch\/en"},{"@type":"ListItem","position":2,"name":"Diagnosis &#038; Treatment","item":"https:\/\/www.kontinenzzentrum.ch\/en\/diagnosis-und-treatment.html"},{"@type":"ListItem","position":3,"name":"Prostate Surgery","item":"https:\/\/www.kontinenzzentrum.ch\/en\/diagnosis-und-treatment\/prostate-surgery.html"},{"@type":"ListItem","position":4,"name":"Transurethral Incision of the Prostate (TUIP)"}]},{"@type":"WebSite","@id":"https:\/\/www.kontinenzzentrum.ch\/de\/#website","url":"https:\/\/www.kontinenzzentrum.ch\/de\/","name":"KontinenzZentrum Hirslanden Z\u00fcrich","description":"KontinenzZentrum Hirslanden Z\u00fcrich: Blasenst\u00f6rungen & Inkontinenz","publisher":{"@id":"https:\/\/www.kontinenzzentrum.ch\/de\/#organization"},"potentialAction":[{"@type":"SearchAction","target":{"@type":"EntryPoint","urlTemplate":"https:\/\/www.kontinenzzentrum.ch\/de\/?s={search_term_string}"},"query-input":{"@type":"PropertyValueSpecification","valueRequired":true,"valueName":"search_term_string"}}],"inLanguage":"en-GB"},{"@type":"Organization","@id":"https:\/\/www.kontinenzzentrum.ch\/de\/#organization","name":"KontinenzZentrum Hirslanden Z\u00fcrich","url":"https:\/\/www.kontinenzzentrum.ch\/de\/","logo":{"@type":"ImageObject","inLanguage":"en-GB","@id":"https:\/\/www.kontinenzzentrum.ch\/de\/#\/schema\/logo\/image\/","url":"https:\/\/www.kontinenzzentrum.ch\/wp-content\/uploads\/Logo_KontinenzZentrum.png","contentUrl":"https:\/\/www.kontinenzzentrum.ch\/wp-content\/uploads\/Logo_KontinenzZentrum.png","width":800,"height":142,"caption":"KontinenzZentrum Hirslanden Z\u00fcrich"},"image":{"@id":"https:\/\/www.kontinenzzentrum.ch\/de\/#\/schema\/logo\/image\/"}}]}},"_links":{"self":[{"href":"https:\/\/www.kontinenzzentrum.ch\/en\/wp-json\/wp\/v2\/pages\/4466","targetHints":{"allow":["GET"]}}],"collection":[{"href":"https:\/\/www.kontinenzzentrum.ch\/en\/wp-json\/wp\/v2\/pages"}],"about":[{"href":"https:\/\/www.kontinenzzentrum.ch\/en\/wp-json\/wp\/v2\/types\/page"}],"author":[{"embeddable":true,"href":"https:\/\/www.kontinenzzentrum.ch\/en\/wp-json\/wp\/v2\/users\/1"}],"replies":[{"embeddable":true,"href":"https:\/\/www.kontinenzzentrum.ch\/en\/wp-json\/wp\/v2\/comments?post=4466"}],"version-history":[{"count":4,"href":"https:\/\/www.kontinenzzentrum.ch\/en\/wp-json\/wp\/v2\/pages\/4466\/revisions"}],"predecessor-version":[{"id":4470,"href":"https:\/\/www.kontinenzzentrum.ch\/en\/wp-json\/wp\/v2\/pages\/4466\/revisions\/4470"}],"up":[{"embeddable":true,"href":"https:\/\/www.kontinenzzentrum.ch\/en\/wp-json\/wp\/v2\/pages\/4311"}],"wp:featuredmedia":[{"embeddable":true,"href":"https:\/\/www.kontinenzzentrum.ch\/en\/wp-json\/wp\/v2\/media\/1208"}],"wp:attachment":[{"href":"https:\/\/www.kontinenzzentrum.ch\/en\/wp-json\/wp\/v2\/media?parent=4466"}],"curies":[{"name":"wp","href":"https:\/\/api.w.org\/{rel}","templated":true}]}}