{"id":4566,"date":"2023-02-14T13:17:01","date_gmt":"2023-02-14T12:17:01","guid":{"rendered":"https:\/\/www.kontinenzzentrum.ch\/allocation.html"},"modified":"2025-09-17T09:18:41","modified_gmt":"2025-09-17T07:18:41","slug":"referral-of-patients","status":"publish","type":"page","link":"https:\/\/www.kontinenzzentrum.ch\/en\/referral-of-patients.html","title":{"rendered":"Referral of Patients"},"content":{"rendered":"<div id=\"pl-4566\"  class=\"panel-layout\" ><div id=\"pg-4566-0\"  class=\"panel-grid panel-no-style\" ><div id=\"pgc-4566-0-0\"  class=\"panel-grid-cell\" ><div id=\"panel-4566-0-0-0\" class=\"so-panel widget widget_sow-editor panel-first-child panel-last-child\" data-index=\"0\" ><div\n\t\t\t\n\t\t\tclass=\"so-widget-sow-editor so-widget-sow-editor-base\"\n\t\t\t\n\t\t>\n<div class=\"siteorigin-widget-tinymce textwidget\">\n\t<h1>Referral of Patients<\/h1>\n<h2>Information and Contact for Referring Physicians<\/h2>\n<p><strong>Trusting cooperation<\/strong> with general practitioners and specialists is a matter of course for us. We treat patients <strong>of all insurance classes<\/strong> at our center. At the Hirslanden Clinic, we offer surgical procedures for patients with general, semi-private and private insurance.  <\/p>\n<p>We provide our referring physicians with <strong>prompt and efficient care for<\/strong> their patients. We work to continuously improve efficient processes that are geared towards the needs of our patients and partners. <\/p>\n<p>For telephone referrals, you can reach us from Monday to Friday from 8:00 to 17:00 at <strong>: <a class=\"\" href=\"tel:+41443872910\">+41 44 387 29 10<\/a><\/strong>. <\/p>\n<p>We are happy to receive written inquiries by <strong>e-mail:<\/strong> <a class=\"\" href=\"mailto:&#107;&#111;nti&#110;&#101;&#110;z&#122;&#101;nt&#114;um.&#104;ir&#115;&#108;a&#110;&#100;&#101;n&#64;hir&#115;&#108;&#97;nd&#101;n.c&#104;\">k&#111;&#110;tine&#110;&#122;&#122;e&#110;&#116;&#114;u&#109;.&#104;&#105;r&#115;&#108;&#97;n&#100;en&#64;&#104;&#105;r&#115;&#108;&#97;n&#100;en&#46;c&#104;<\/a><strong> <\/strong> or by <strong>fax<\/strong> <strong><span class=\"\">+41 44 387 29 11<\/span><\/strong> or by fax.<\/p>\n<\/div>\n<\/div><\/div><\/div><\/div><div id=\"pg-4566-1\"  class=\"panel-grid panel-has-style\" ><div class=\"fn-lines panel-row-style panel-row-style-for-4566-1\" ><div id=\"pgc-4566-1-0\"  class=\"panel-grid-cell\" ><div id=\"panel-4566-1-0-0\" class=\"so-panel widget widget_sow-editor panel-first-child panel-last-child\" data-index=\"1\" ><div\n\t\t\t\n\t\t\tclass=\"so-widget-sow-editor so-widget-sow-editor-base\"\n\t\t\t\n\t\t>\n<div class=\"siteorigin-widget-tinymce textwidget\">\n\t<h3>Registration for the Examination<\/h3>\n<p><a href=\"https:\/\/www.kontinenzzentrum.ch\/wp-content\/uploads\/Konsil_KontinenzZentrum_Anmeldung_intern_2025-1.pdf\">Download Assignment Form (German)<\/a><\/p>\n<\/div>\n<\/div><\/div><\/div><\/div><\/div><\/div>","protected":false},"excerpt":{"rendered":"<p>Referral of Patients Information and Contact for Referring Physicians Trusting cooperation with general practitioners and specialists is a matter of course for us. We treat patients of all insurance classes at our center. At the Hirslanden Clinic, we offer surgical procedures for patients with general, semi-private and private insurance. We provide our referring physicians with [&hellip;]<\/p>\n","protected":false},"author":1,"featured_media":1269,"parent":0,"menu_order":0,"comment_status":"closed","ping_status":"closed","template":"","meta":{"_acf_changed":false,"footnotes":""},"class_list":["post-4566","page","type-page","status-publish","has-post-thumbnail","hentry"],"acf":[],"yoast_head":"<!-- This site is optimized with the Yoast SEO plugin v26.9 - https:\/\/yoast.com\/product\/yoast-seo-wordpress\/ -->\n<title>Referral of Patients<\/title>\n<meta name=\"robots\" content=\"index, follow, max-snippet:-1, max-image-preview:large, max-video-preview:-1\" \/>\n<link rel=\"canonical\" href=\"https:\/\/www.kontinenzzentrum.ch\/en\/referral-of-patients.html\" \/>\n<meta property=\"og:locale\" content=\"en_GB\" \/>\n<meta property=\"og:type\" content=\"article\" \/>\n<meta property=\"og:title\" content=\"Referral of Patients\" \/>\n<meta property=\"og:description\" content=\"Referral of Patients Information and Contact for Referring Physicians Trusting cooperation with general practitioners and specialists is a matter of course for us. We treat patients of all insurance classes at our center. At the Hirslanden Clinic, we offer surgical procedures for patients with general, semi-private and private insurance. We provide our referring physicians with [&hellip;]\" \/>\n<meta property=\"og:url\" content=\"https:\/\/www.kontinenzzentrum.ch\/en\/referral-of-patients.html\" \/>\n<meta property=\"og:site_name\" content=\"KontinenzZentrum\" \/>\n<meta property=\"article:modified_time\" content=\"2025-09-17T07:18:41+00:00\" \/>\n<meta property=\"og:image\" content=\"https:\/\/www.kontinenzzentrum.ch\/wp-content\/uploads\/fachpersonen-forschung-11926.jpeg\" \/>\n\t<meta property=\"og:image:width\" content=\"1920\" \/>\n\t<meta property=\"og:image:height\" content=\"400\" \/>\n\t<meta property=\"og:image:type\" content=\"image\/jpeg\" \/>\n<meta name=\"twitter:card\" content=\"summary_large_image\" \/>\n<meta name=\"twitter:label1\" content=\"Estimated reading time\" \/>\n\t<meta name=\"twitter:data1\" content=\"1 minute\" \/>\n<script type=\"application\/ld+json\" class=\"yoast-schema-graph\">{\"@context\":\"https:\/\/schema.org\",\"@graph\":[{\"@type\":\"WebPage\",\"@id\":\"https:\/\/www.kontinenzzentrum.ch\/en\/referral-of-patients.html\",\"url\":\"https:\/\/www.kontinenzzentrum.ch\/en\/referral-of-patients.html\",\"name\":\"Referral of Patients\",\"isPartOf\":{\"@id\":\"https:\/\/www.kontinenzzentrum.ch\/de\/#website\"},\"primaryImageOfPage\":{\"@id\":\"https:\/\/www.kontinenzzentrum.ch\/en\/referral-of-patients.html#primaryimage\"},\"image\":{\"@id\":\"https:\/\/www.kontinenzzentrum.ch\/en\/referral-of-patients.html#primaryimage\"},\"thumbnailUrl\":\"https:\/\/www.kontinenzzentrum.ch\/wp-content\/uploads\/fachpersonen-forschung-11926.jpeg\",\"datePublished\":\"2023-02-14T12:17:01+00:00\",\"dateModified\":\"2025-09-17T07:18:41+00:00\",\"breadcrumb\":{\"@id\":\"https:\/\/www.kontinenzzentrum.ch\/en\/referral-of-patients.html#breadcrumb\"},\"inLanguage\":\"en-GB\",\"potentialAction\":[{\"@type\":\"ReadAction\",\"target\":[\"https:\/\/www.kontinenzzentrum.ch\/en\/referral-of-patients.html\"]}]},{\"@type\":\"ImageObject\",\"inLanguage\":\"en-GB\",\"@id\":\"https:\/\/www.kontinenzzentrum.ch\/en\/referral-of-patients.html#primaryimage\",\"url\":\"https:\/\/www.kontinenzzentrum.ch\/wp-content\/uploads\/fachpersonen-forschung-11926.jpeg\",\"contentUrl\":\"https:\/\/www.kontinenzzentrum.ch\/wp-content\/uploads\/fachpersonen-forschung-11926.jpeg\",\"width\":1920,\"height\":400},{\"@type\":\"BreadcrumbList\",\"@id\":\"https:\/\/www.kontinenzzentrum.ch\/en\/referral-of-patients.html#breadcrumb\",\"itemListElement\":[{\"@type\":\"ListItem\",\"position\":1,\"name\":\"Startseite\",\"item\":\"https:\/\/www.kontinenzzentrum.ch\/en\"},{\"@type\":\"ListItem\",\"position\":2,\"name\":\"Referral of Patients\"}]},{\"@type\":\"WebSite\",\"@id\":\"https:\/\/www.kontinenzzentrum.ch\/de\/#website\",\"url\":\"https:\/\/www.kontinenzzentrum.ch\/de\/\",\"name\":\"KontinenzZentrum Hirslanden Z\u00fcrich\",\"description\":\"KontinenzZentrum Hirslanden Z\u00fcrich: Blasenst\u00f6rungen & Inkontinenz\",\"publisher\":{\"@id\":\"https:\/\/www.kontinenzzentrum.ch\/de\/#organization\"},\"potentialAction\":[{\"@type\":\"SearchAction\",\"target\":{\"@type\":\"EntryPoint\",\"urlTemplate\":\"https:\/\/www.kontinenzzentrum.ch\/de\/?s={search_term_string}\"},\"query-input\":{\"@type\":\"PropertyValueSpecification\",\"valueRequired\":true,\"valueName\":\"search_term_string\"}}],\"inLanguage\":\"en-GB\"},{\"@type\":\"Organization\",\"@id\":\"https:\/\/www.kontinenzzentrum.ch\/de\/#organization\",\"name\":\"KontinenzZentrum Hirslanden Z\u00fcrich\",\"url\":\"https:\/\/www.kontinenzzentrum.ch\/de\/\",\"logo\":{\"@type\":\"ImageObject\",\"inLanguage\":\"en-GB\",\"@id\":\"https:\/\/www.kontinenzzentrum.ch\/de\/#\/schema\/logo\/image\/\",\"url\":\"https:\/\/www.kontinenzzentrum.ch\/wp-content\/uploads\/Logo_KontinenzZentrum.png\",\"contentUrl\":\"https:\/\/www.kontinenzzentrum.ch\/wp-content\/uploads\/Logo_KontinenzZentrum.png\",\"width\":800,\"height\":142,\"caption\":\"KontinenzZentrum Hirslanden Z\u00fcrich\"},\"image\":{\"@id\":\"https:\/\/www.kontinenzzentrum.ch\/de\/#\/schema\/logo\/image\/\"}}]}<\/script>\n<!-- \/ Yoast SEO plugin. -->","yoast_head_json":{"title":"Referral of Patients","robots":{"index":"index","follow":"follow","max-snippet":"max-snippet:-1","max-image-preview":"max-image-preview:large","max-video-preview":"max-video-preview:-1"},"canonical":"https:\/\/www.kontinenzzentrum.ch\/en\/referral-of-patients.html","og_locale":"en_GB","og_type":"article","og_title":"Referral of Patients","og_description":"Referral of Patients Information and Contact for Referring Physicians Trusting cooperation with general practitioners and specialists is a matter of course for us. We treat patients of all insurance classes at our center. At the Hirslanden Clinic, we offer surgical procedures for patients with general, semi-private and private insurance. We provide our referring physicians with [&hellip;]","og_url":"https:\/\/www.kontinenzzentrum.ch\/en\/referral-of-patients.html","og_site_name":"KontinenzZentrum","article_modified_time":"2025-09-17T07:18:41+00:00","og_image":[{"width":1920,"height":400,"url":"https:\/\/www.kontinenzzentrum.ch\/wp-content\/uploads\/fachpersonen-forschung-11926.jpeg","type":"image\/jpeg"}],"twitter_card":"summary_large_image","twitter_misc":{"Estimated reading time":"1 minute"},"schema":{"@context":"https:\/\/schema.org","@graph":[{"@type":"WebPage","@id":"https:\/\/www.kontinenzzentrum.ch\/en\/referral-of-patients.html","url":"https:\/\/www.kontinenzzentrum.ch\/en\/referral-of-patients.html","name":"Referral of Patients","isPartOf":{"@id":"https:\/\/www.kontinenzzentrum.ch\/de\/#website"},"primaryImageOfPage":{"@id":"https:\/\/www.kontinenzzentrum.ch\/en\/referral-of-patients.html#primaryimage"},"image":{"@id":"https:\/\/www.kontinenzzentrum.ch\/en\/referral-of-patients.html#primaryimage"},"thumbnailUrl":"https:\/\/www.kontinenzzentrum.ch\/wp-content\/uploads\/fachpersonen-forschung-11926.jpeg","datePublished":"2023-02-14T12:17:01+00:00","dateModified":"2025-09-17T07:18:41+00:00","breadcrumb":{"@id":"https:\/\/www.kontinenzzentrum.ch\/en\/referral-of-patients.html#breadcrumb"},"inLanguage":"en-GB","potentialAction":[{"@type":"ReadAction","target":["https:\/\/www.kontinenzzentrum.ch\/en\/referral-of-patients.html"]}]},{"@type":"ImageObject","inLanguage":"en-GB","@id":"https:\/\/www.kontinenzzentrum.ch\/en\/referral-of-patients.html#primaryimage","url":"https:\/\/www.kontinenzzentrum.ch\/wp-content\/uploads\/fachpersonen-forschung-11926.jpeg","contentUrl":"https:\/\/www.kontinenzzentrum.ch\/wp-content\/uploads\/fachpersonen-forschung-11926.jpeg","width":1920,"height":400},{"@type":"BreadcrumbList","@id":"https:\/\/www.kontinenzzentrum.ch\/en\/referral-of-patients.html#breadcrumb","itemListElement":[{"@type":"ListItem","position":1,"name":"Startseite","item":"https:\/\/www.kontinenzzentrum.ch\/en"},{"@type":"ListItem","position":2,"name":"Referral of Patients"}]},{"@type":"WebSite","@id":"https:\/\/www.kontinenzzentrum.ch\/de\/#website","url":"https:\/\/www.kontinenzzentrum.ch\/de\/","name":"KontinenzZentrum Hirslanden Z\u00fcrich","description":"KontinenzZentrum Hirslanden Z\u00fcrich: Blasenst\u00f6rungen & Inkontinenz","publisher":{"@id":"https:\/\/www.kontinenzzentrum.ch\/de\/#organization"},"potentialAction":[{"@type":"SearchAction","target":{"@type":"EntryPoint","urlTemplate":"https:\/\/www.kontinenzzentrum.ch\/de\/?s={search_term_string}"},"query-input":{"@type":"PropertyValueSpecification","valueRequired":true,"valueName":"search_term_string"}}],"inLanguage":"en-GB"},{"@type":"Organization","@id":"https:\/\/www.kontinenzzentrum.ch\/de\/#organization","name":"KontinenzZentrum Hirslanden Z\u00fcrich","url":"https:\/\/www.kontinenzzentrum.ch\/de\/","logo":{"@type":"ImageObject","inLanguage":"en-GB","@id":"https:\/\/www.kontinenzzentrum.ch\/de\/#\/schema\/logo\/image\/","url":"https:\/\/www.kontinenzzentrum.ch\/wp-content\/uploads\/Logo_KontinenzZentrum.png","contentUrl":"https:\/\/www.kontinenzzentrum.ch\/wp-content\/uploads\/Logo_KontinenzZentrum.png","width":800,"height":142,"caption":"KontinenzZentrum Hirslanden Z\u00fcrich"},"image":{"@id":"https:\/\/www.kontinenzzentrum.ch\/de\/#\/schema\/logo\/image\/"}}]}},"_links":{"self":[{"href":"https:\/\/www.kontinenzzentrum.ch\/en\/wp-json\/wp\/v2\/pages\/4566","targetHints":{"allow":["GET"]}}],"collection":[{"href":"https:\/\/www.kontinenzzentrum.ch\/en\/wp-json\/wp\/v2\/pages"}],"about":[{"href":"https:\/\/www.kontinenzzentrum.ch\/en\/wp-json\/wp\/v2\/types\/page"}],"author":[{"embeddable":true,"href":"https:\/\/www.kontinenzzentrum.ch\/en\/wp-json\/wp\/v2\/users\/1"}],"replies":[{"embeddable":true,"href":"https:\/\/www.kontinenzzentrum.ch\/en\/wp-json\/wp\/v2\/comments?post=4566"}],"version-history":[{"count":5,"href":"https:\/\/www.kontinenzzentrum.ch\/en\/wp-json\/wp\/v2\/pages\/4566\/revisions"}],"predecessor-version":[{"id":4571,"href":"https:\/\/www.kontinenzzentrum.ch\/en\/wp-json\/wp\/v2\/pages\/4566\/revisions\/4571"}],"wp:featuredmedia":[{"embeddable":true,"href":"https:\/\/www.kontinenzzentrum.ch\/en\/wp-json\/wp\/v2\/media\/1269"}],"wp:attachment":[{"href":"https:\/\/www.kontinenzzentrum.ch\/en\/wp-json\/wp\/v2\/media?parent=4566"}],"curies":[{"name":"wp","href":"https:\/\/api.w.org\/{rel}","templated":true}]}}