{"id":4634,"date":"2025-10-07T08:46:38","date_gmt":"2025-10-07T06:46:38","guid":{"rendered":"https:\/\/www.kontinenzzentrum.ch\/?page_id=4634"},"modified":"2025-11-05T18:21:02","modified_gmt":"2025-11-05T17:21:02","slug":"pd-dr-med-stephan-buse","status":"publish","type":"page","link":"https:\/\/www.kontinenzzentrum.ch\/en\/about-us\/who-we-are\/pd-dr-med-stephan-buse.html","title":{"rendered":"PD Dr. med. Stephan Buse"},"content":{"rendered":"<div id=\"pl-4634\"  class=\"panel-layout\" ><div id=\"pg-4634-0\"  class=\"panel-grid panel-no-style\" ><div id=\"pgc-4634-0-0\"  class=\"panel-grid-cell\" ><div id=\"panel-4634-0-0-0\" class=\"so-panel widget widget_fn-team-widget panel-first-child\" data-index=\"0\" ><div\n\t\t\t\n\t\t\tclass=\"so-widget-fn-team-widget so-widget-fn-team-widget-base\"\n\t\t\t\n\t\t>      <div class=\"fn-team uk-margin-medium-bottom\">        <div class=\"uk-grid-medium\" uk-grid><div class=\"uk-width-1-5@m uk-width-1-1\">\n            <div class='fn-team-image uk-background-cover uk-position-relative' data-src=\"https:\/\/www.kontinenzzentrum.ch\/wp-content\/uploads\/pd-dr-med-stephan-buse.jpg\" data-srcset=\"https:\/\/www.kontinenzzentrum.ch\/wp-content\/uploads\/pd-dr-med-stephan-buse.jpg\" uk-img>\n            <\/div>\n          <\/div>          <div class=\"uk-width-expand@m uk-width-1-1 fn-team-container uk-margin-top\">\n            <h1>PD Dr. med. Stephan Buse<\/h1>\n<h2>Specialist in Urology<br \/>\nSpecialization: Surgical Urology<\/h2>\n          <\/div>\n        <\/div>\n    <\/div><\/div><\/div><div id=\"panel-4634-0-0-1\" class=\"so-panel widget widget_fn-accordion-widget panel-last-child\" data-index=\"1\" ><div\n\t\t\t\n\t\t\tclass=\"so-widget-fn-accordion-widget so-widget-fn-accordion-widget-base\"\n\t\t\t\n\t\t><ul class=\"uk-list\" uk-accordion><li>\n        <a class=\"uk-accordion-title\" href=\"#\">Areas of Exptertise<\/a>\n        <div class=\"uk-accordion-content\"><ul>\n<li>Robot-assisted reconstructive urology for pelvic organ prolapse<\/li>\n<li>Urological continence surgery and prosthetics<\/li>\n<li>Robot-assisted urinary diversion\/neobladder for neurogenic bladder dysfunction<\/li>\n<\/ul>\n<\/div>\n      <\/li><li>\n        <a class=\"uk-accordion-title\" href=\"#\">Professional Experience<\/a>\n        <div class=\"uk-accordion-content\"><dl class=\"key-value-list horizontal\">\n<dt>2024 - today\u00a0 \u00a0 Self-employed work in KontinenzZentrum Z\u00fcrich<\/dt>\n<dt>2009 - today\u00a0 \u00a0 Chief Physician, Department of Urology and Urological Oncology, Alfried Krupp Hospital, Essen<\/dt>\n<dt>2006 - 2009\u00a0 \u00a0 Senior Physician, University Hospital Heidelberg<\/dt>\n<dt>2001 - 2006\u00a0 \u00a0 \u00a0Medical specialist training in St. Gallen, Zurich, Heidelberg<\/dt>\n<\/dl>\n<\/div>\n      <\/li><li>\n        <a class=\"uk-accordion-title\" href=\"#\">Memberships<\/a>\n        <div class=\"uk-accordion-content\"><ul>\n<li>German Society of Urology<\/li>\n<li>German Society for Robot-Assisted Urology<\/li>\n<li>European Association of Urololgy<\/li>\n<li>Society of Robotic Surgery (Board Member)<\/li>\n<\/ul>\n<\/div>\n      <\/li><li>\n        <a class=\"uk-accordion-title\" href=\"#\">Languages<\/a>\n        <div class=\"uk-accordion-content\"><ul>\n<li>German<\/li>\n<li>English<\/li>\n<li>Italian<\/li>\n<\/ul>\n<\/div>\n      <\/li><\/ul><\/div><\/div><\/div><\/div><\/div>","protected":false},"excerpt":{"rendered":"<p>PD Dr. med. Stephan Buse Specialist in Urology Specialization: Surgical Urology Areas of Exptertise Robot-assisted reconstructive urology for pelvic organ prolapse Urological continence surgery and prosthetics Robot-assisted urinary diversion\/neobladder for neurogenic bladder dysfunction Professional Experience 2024 - today\u00a0 \u00a0 Self-employed work in KontinenzZentrum Z\u00fcrich 2009 - today\u00a0 \u00a0 Chief Physician, Department of Urology and Urological [&hellip;]<\/p>\n","protected":false},"author":1,"featured_media":1274,"parent":2235,"menu_order":0,"comment_status":"closed","ping_status":"closed","template":"","meta":{"_acf_changed":false,"footnotes":""},"class_list":["post-4634","page","type-page","status-publish","has-post-thumbnail","hentry"],"acf":[],"yoast_head":"<!-- This site is optimized with the Yoast SEO plugin v26.9 - https:\/\/yoast.com\/product\/yoast-seo-wordpress\/ -->\n<title>PD Dr. med. Stephan Buse<\/title>\n<meta name=\"description\" content=\"Specialist for robot-assisted Urology: PD Dr. med. Stephan Buse\" \/>\n<meta name=\"robots\" content=\"index, follow, max-snippet:-1, max-image-preview:large, max-video-preview:-1\" \/>\n<link rel=\"canonical\" href=\"https:\/\/www.kontinenzzentrum.ch\/en\/about-us\/who-we-are\/pd-dr-med-stephan-buse.html\" \/>\n<meta property=\"og:locale\" content=\"en_GB\" \/>\n<meta property=\"og:type\" content=\"article\" \/>\n<meta property=\"og:title\" content=\"PD Dr. med. Stephan Buse\" \/>\n<meta property=\"og:description\" content=\"Specialist for robot-assisted Urology: PD Dr. med. Stephan Buse\" \/>\n<meta property=\"og:url\" content=\"https:\/\/www.kontinenzzentrum.ch\/en\/about-us\/who-we-are\/pd-dr-med-stephan-buse.html\" \/>\n<meta property=\"og:site_name\" content=\"KontinenzZentrum\" \/>\n<meta property=\"article:modified_time\" content=\"2025-11-05T17:21:02+00:00\" \/>\n<meta property=\"og:image\" content=\"https:\/\/www.kontinenzzentrum.ch\/wp-content\/uploads\/ueber-uns-wer-wir-sind-10502-2.jpeg\" \/>\n\t<meta property=\"og:image:width\" content=\"1920\" \/>\n\t<meta property=\"og:image:height\" content=\"450\" \/>\n\t<meta property=\"og:image:type\" content=\"image\/jpeg\" \/>\n<meta name=\"twitter:card\" content=\"summary_large_image\" \/>\n<meta name=\"twitter:label1\" content=\"Estimated reading time\" \/>\n\t<meta name=\"twitter:data1\" content=\"1 minute\" \/>\n<script type=\"application\/ld+json\" class=\"yoast-schema-graph\">{\"@context\":\"https:\/\/schema.org\",\"@graph\":[{\"@type\":\"WebPage\",\"@id\":\"https:\/\/www.kontinenzzentrum.ch\/en\/about-us\/who-we-are\/pd-dr-med-stephan-buse.html\",\"url\":\"https:\/\/www.kontinenzzentrum.ch\/en\/about-us\/who-we-are\/pd-dr-med-stephan-buse.html\",\"name\":\"PD Dr. med. Stephan Buse\",\"isPartOf\":{\"@id\":\"https:\/\/www.kontinenzzentrum.ch\/de\/#website\"},\"primaryImageOfPage\":{\"@id\":\"https:\/\/www.kontinenzzentrum.ch\/en\/about-us\/who-we-are\/pd-dr-med-stephan-buse.html#primaryimage\"},\"image\":{\"@id\":\"https:\/\/www.kontinenzzentrum.ch\/en\/about-us\/who-we-are\/pd-dr-med-stephan-buse.html#primaryimage\"},\"thumbnailUrl\":\"https:\/\/www.kontinenzzentrum.ch\/wp-content\/uploads\/ueber-uns-wer-wir-sind-10502-2.jpeg\",\"datePublished\":\"2025-10-07T06:46:38+00:00\",\"dateModified\":\"2025-11-05T17:21:02+00:00\",\"description\":\"Specialist for robot-assisted Urology: PD Dr. med. Stephan Buse\",\"breadcrumb\":{\"@id\":\"https:\/\/www.kontinenzzentrum.ch\/en\/about-us\/who-we-are\/pd-dr-med-stephan-buse.html#breadcrumb\"},\"inLanguage\":\"en-GB\",\"potentialAction\":[{\"@type\":\"ReadAction\",\"target\":[\"https:\/\/www.kontinenzzentrum.ch\/en\/about-us\/who-we-are\/pd-dr-med-stephan-buse.html\"]}]},{\"@type\":\"ImageObject\",\"inLanguage\":\"en-GB\",\"@id\":\"https:\/\/www.kontinenzzentrum.ch\/en\/about-us\/who-we-are\/pd-dr-med-stephan-buse.html#primaryimage\",\"url\":\"https:\/\/www.kontinenzzentrum.ch\/wp-content\/uploads\/ueber-uns-wer-wir-sind-10502-2.jpeg\",\"contentUrl\":\"https:\/\/www.kontinenzzentrum.ch\/wp-content\/uploads\/ueber-uns-wer-wir-sind-10502-2.jpeg\",\"width\":1920,\"height\":450},{\"@type\":\"BreadcrumbList\",\"@id\":\"https:\/\/www.kontinenzzentrum.ch\/en\/about-us\/who-we-are\/pd-dr-med-stephan-buse.html#breadcrumb\",\"itemListElement\":[{\"@type\":\"ListItem\",\"position\":1,\"name\":\"Startseite\",\"item\":\"https:\/\/www.kontinenzzentrum.ch\/en\"},{\"@type\":\"ListItem\",\"position\":2,\"name\":\"About us\",\"item\":\"https:\/\/www.kontinenzzentrum.ch\/en\/about-us.html\"},{\"@type\":\"ListItem\",\"position\":3,\"name\":\"Who we are\",\"item\":\"https:\/\/www.kontinenzzentrum.ch\/en\/about-us\/who-we-are.html\"},{\"@type\":\"ListItem\",\"position\":4,\"name\":\"PD Dr. med. Stephan Buse\"}]},{\"@type\":\"WebSite\",\"@id\":\"https:\/\/www.kontinenzzentrum.ch\/de\/#website\",\"url\":\"https:\/\/www.kontinenzzentrum.ch\/de\/\",\"name\":\"KontinenzZentrum Hirslanden Z\u00fcrich\",\"description\":\"KontinenzZentrum Hirslanden Z\u00fcrich: Blasenst\u00f6rungen & Inkontinenz\",\"publisher\":{\"@id\":\"https:\/\/www.kontinenzzentrum.ch\/de\/#organization\"},\"potentialAction\":[{\"@type\":\"SearchAction\",\"target\":{\"@type\":\"EntryPoint\",\"urlTemplate\":\"https:\/\/www.kontinenzzentrum.ch\/de\/?s={search_term_string}\"},\"query-input\":{\"@type\":\"PropertyValueSpecification\",\"valueRequired\":true,\"valueName\":\"search_term_string\"}}],\"inLanguage\":\"en-GB\"},{\"@type\":\"Organization\",\"@id\":\"https:\/\/www.kontinenzzentrum.ch\/de\/#organization\",\"name\":\"KontinenzZentrum Hirslanden Z\u00fcrich\",\"url\":\"https:\/\/www.kontinenzzentrum.ch\/de\/\",\"logo\":{\"@type\":\"ImageObject\",\"inLanguage\":\"en-GB\",\"@id\":\"https:\/\/www.kontinenzzentrum.ch\/de\/#\/schema\/logo\/image\/\",\"url\":\"https:\/\/www.kontinenzzentrum.ch\/wp-content\/uploads\/Logo_KontinenzZentrum.png\",\"contentUrl\":\"https:\/\/www.kontinenzzentrum.ch\/wp-content\/uploads\/Logo_KontinenzZentrum.png\",\"width\":800,\"height\":142,\"caption\":\"KontinenzZentrum Hirslanden Z\u00fcrich\"},\"image\":{\"@id\":\"https:\/\/www.kontinenzzentrum.ch\/de\/#\/schema\/logo\/image\/\"}}]}<\/script>\n<!-- \/ Yoast SEO plugin. -->","yoast_head_json":{"title":"PD Dr. med. Stephan Buse","description":"Specialist for robot-assisted Urology: PD Dr. med. Stephan Buse","robots":{"index":"index","follow":"follow","max-snippet":"max-snippet:-1","max-image-preview":"max-image-preview:large","max-video-preview":"max-video-preview:-1"},"canonical":"https:\/\/www.kontinenzzentrum.ch\/en\/about-us\/who-we-are\/pd-dr-med-stephan-buse.html","og_locale":"en_GB","og_type":"article","og_title":"PD Dr. med. Stephan Buse","og_description":"Specialist for robot-assisted Urology: PD Dr. med. Stephan Buse","og_url":"https:\/\/www.kontinenzzentrum.ch\/en\/about-us\/who-we-are\/pd-dr-med-stephan-buse.html","og_site_name":"KontinenzZentrum","article_modified_time":"2025-11-05T17:21:02+00:00","og_image":[{"width":1920,"height":450,"url":"https:\/\/www.kontinenzzentrum.ch\/wp-content\/uploads\/ueber-uns-wer-wir-sind-10502-2.jpeg","type":"image\/jpeg"}],"twitter_card":"summary_large_image","twitter_misc":{"Estimated reading time":"1 minute"},"schema":{"@context":"https:\/\/schema.org","@graph":[{"@type":"WebPage","@id":"https:\/\/www.kontinenzzentrum.ch\/en\/about-us\/who-we-are\/pd-dr-med-stephan-buse.html","url":"https:\/\/www.kontinenzzentrum.ch\/en\/about-us\/who-we-are\/pd-dr-med-stephan-buse.html","name":"PD Dr. med. Stephan Buse","isPartOf":{"@id":"https:\/\/www.kontinenzzentrum.ch\/de\/#website"},"primaryImageOfPage":{"@id":"https:\/\/www.kontinenzzentrum.ch\/en\/about-us\/who-we-are\/pd-dr-med-stephan-buse.html#primaryimage"},"image":{"@id":"https:\/\/www.kontinenzzentrum.ch\/en\/about-us\/who-we-are\/pd-dr-med-stephan-buse.html#primaryimage"},"thumbnailUrl":"https:\/\/www.kontinenzzentrum.ch\/wp-content\/uploads\/ueber-uns-wer-wir-sind-10502-2.jpeg","datePublished":"2025-10-07T06:46:38+00:00","dateModified":"2025-11-05T17:21:02+00:00","description":"Specialist for robot-assisted Urology: PD Dr. med. Stephan Buse","breadcrumb":{"@id":"https:\/\/www.kontinenzzentrum.ch\/en\/about-us\/who-we-are\/pd-dr-med-stephan-buse.html#breadcrumb"},"inLanguage":"en-GB","potentialAction":[{"@type":"ReadAction","target":["https:\/\/www.kontinenzzentrum.ch\/en\/about-us\/who-we-are\/pd-dr-med-stephan-buse.html"]}]},{"@type":"ImageObject","inLanguage":"en-GB","@id":"https:\/\/www.kontinenzzentrum.ch\/en\/about-us\/who-we-are\/pd-dr-med-stephan-buse.html#primaryimage","url":"https:\/\/www.kontinenzzentrum.ch\/wp-content\/uploads\/ueber-uns-wer-wir-sind-10502-2.jpeg","contentUrl":"https:\/\/www.kontinenzzentrum.ch\/wp-content\/uploads\/ueber-uns-wer-wir-sind-10502-2.jpeg","width":1920,"height":450},{"@type":"BreadcrumbList","@id":"https:\/\/www.kontinenzzentrum.ch\/en\/about-us\/who-we-are\/pd-dr-med-stephan-buse.html#breadcrumb","itemListElement":[{"@type":"ListItem","position":1,"name":"Startseite","item":"https:\/\/www.kontinenzzentrum.ch\/en"},{"@type":"ListItem","position":2,"name":"About us","item":"https:\/\/www.kontinenzzentrum.ch\/en\/about-us.html"},{"@type":"ListItem","position":3,"name":"Who we are","item":"https:\/\/www.kontinenzzentrum.ch\/en\/about-us\/who-we-are.html"},{"@type":"ListItem","position":4,"name":"PD Dr. med. Stephan Buse"}]},{"@type":"WebSite","@id":"https:\/\/www.kontinenzzentrum.ch\/de\/#website","url":"https:\/\/www.kontinenzzentrum.ch\/de\/","name":"KontinenzZentrum Hirslanden Z\u00fcrich","description":"KontinenzZentrum Hirslanden Z\u00fcrich: Blasenst\u00f6rungen & Inkontinenz","publisher":{"@id":"https:\/\/www.kontinenzzentrum.ch\/de\/#organization"},"potentialAction":[{"@type":"SearchAction","target":{"@type":"EntryPoint","urlTemplate":"https:\/\/www.kontinenzzentrum.ch\/de\/?s={search_term_string}"},"query-input":{"@type":"PropertyValueSpecification","valueRequired":true,"valueName":"search_term_string"}}],"inLanguage":"en-GB"},{"@type":"Organization","@id":"https:\/\/www.kontinenzzentrum.ch\/de\/#organization","name":"KontinenzZentrum Hirslanden Z\u00fcrich","url":"https:\/\/www.kontinenzzentrum.ch\/de\/","logo":{"@type":"ImageObject","inLanguage":"en-GB","@id":"https:\/\/www.kontinenzzentrum.ch\/de\/#\/schema\/logo\/image\/","url":"https:\/\/www.kontinenzzentrum.ch\/wp-content\/uploads\/Logo_KontinenzZentrum.png","contentUrl":"https:\/\/www.kontinenzzentrum.ch\/wp-content\/uploads\/Logo_KontinenzZentrum.png","width":800,"height":142,"caption":"KontinenzZentrum Hirslanden Z\u00fcrich"},"image":{"@id":"https:\/\/www.kontinenzzentrum.ch\/de\/#\/schema\/logo\/image\/"}}]}},"_links":{"self":[{"href":"https:\/\/www.kontinenzzentrum.ch\/en\/wp-json\/wp\/v2\/pages\/4634","targetHints":{"allow":["GET"]}}],"collection":[{"href":"https:\/\/www.kontinenzzentrum.ch\/en\/wp-json\/wp\/v2\/pages"}],"about":[{"href":"https:\/\/www.kontinenzzentrum.ch\/en\/wp-json\/wp\/v2\/types\/page"}],"author":[{"embeddable":true,"href":"https:\/\/www.kontinenzzentrum.ch\/en\/wp-json\/wp\/v2\/users\/1"}],"replies":[{"embeddable":true,"href":"https:\/\/www.kontinenzzentrum.ch\/en\/wp-json\/wp\/v2\/comments?post=4634"}],"version-history":[{"count":2,"href":"https:\/\/www.kontinenzzentrum.ch\/en\/wp-json\/wp\/v2\/pages\/4634\/revisions"}],"predecessor-version":[{"id":4706,"href":"https:\/\/www.kontinenzzentrum.ch\/en\/wp-json\/wp\/v2\/pages\/4634\/revisions\/4706"}],"up":[{"embeddable":true,"href":"https:\/\/www.kontinenzzentrum.ch\/en\/wp-json\/wp\/v2\/pages\/2235"}],"wp:featuredmedia":[{"embeddable":true,"href":"https:\/\/www.kontinenzzentrum.ch\/en\/wp-json\/wp\/v2\/media\/1274"}],"wp:attachment":[{"href":"https:\/\/www.kontinenzzentrum.ch\/en\/wp-json\/wp\/v2\/media?parent=4634"}],"curies":[{"name":"wp","href":"https:\/\/api.w.org\/{rel}","templated":true}]}}