{"id":4747,"date":"2023-03-03T16:52:50","date_gmt":"2023-03-03T15:52:50","guid":{"rendered":"https:\/\/www.kontinenzzentrum.ch\/diagnosis-und-treatment\/prostate-surgery\/bladder-neck-incision.html"},"modified":"2025-11-25T17:51:55","modified_gmt":"2025-11-25T16:51:55","slug":"bladder-neck-incision","status":"publish","type":"page","link":"https:\/\/www.kontinenzzentrum.ch\/en\/diagnosis-und-treatment\/prostate-surgery\/bladder-neck-incision.html","title":{"rendered":"Bladder Neck Incision"},"content":{"rendered":"<div id=\"pl-4747\"  class=\"panel-layout\" ><div id=\"pg-4747-0\"  class=\"panel-grid panel-no-style\" ><div id=\"pgc-4747-0-0\"  class=\"panel-grid-cell\" ><div id=\"panel-4747-0-0-0\" class=\"so-panel widget widget_sow-editor panel-first-child panel-last-child\" data-index=\"0\" ><div\n\t\t\t\n\t\t\tclass=\"so-widget-sow-editor so-widget-sow-editor-base\"\n\t\t\t\n\t\t>\n<div class=\"siteorigin-widget-tinymce textwidget\">\n\t<h1>Bladder Neck Incision for Bladder Neck Stenosis<\/h1>\n<\/div>\n<\/div><\/div><\/div><\/div><div id=\"pg-4747-1\"  class=\"panel-grid panel-no-style\" ><div id=\"pgc-4747-1-0\"  class=\"panel-grid-cell\" ><div id=\"panel-4747-1-0-0\" class=\"so-panel widget widget_sow-editor panel-first-child panel-last-child\" data-index=\"1\" ><div\n\t\t\t\n\t\t\tclass=\"so-widget-sow-editor so-widget-sow-editor-base\"\n\t\t\t\n\t\t>\n<div class=\"siteorigin-widget-tinymce textwidget\">\n\t<h2>Surgical Opening of a Scarred Bladder Neck Constriction<\/h2>\n<p>A <strong>bladder neck constriction<\/strong>, bladder neck stenosis or bladder neck contracture is a <strong>narrowing at the transition from the bladder to the prostate<\/strong>. This makes it difficult for urine to flow out of the bladder.<\/p>\n<p>With a <strong>bladder neck stenosis<\/strong>, the urinary stream is weakened and other symptoms such as recurrent <a title=\"Bladder Infections \/ Cystitis\" href=\"https:\/\/www.kontinenzzentrum.ch\/en\/diseases\/pain-und-urethritis\/cystitis.html\">bladder infections<\/a>, residual urine in the bladder as well as burning and pain when urinating can occur.<\/p>\n<p>If the early stage <strong>bladder neck constriction<\/strong> is mainly due to muscle spasms, medication such as alpha-blockers can be attempted as a cure.<\/p>\n<p>If the constriction is advanced and mainly due to scarring, a surgical opening is performed: The <strong>bladder neck incision<\/strong>.<\/p>\n<p>&nbsp;<\/p>\n<\/div>\n<\/div><\/div><\/div><div id=\"pgc-4747-1-1\"  class=\"panel-grid-cell\" ><div id=\"panel-4747-1-1-0\" class=\"so-panel widget widget_sow-image panel-first-child panel-last-child\" data-index=\"2\" ><div\n\t\t\t\n\t\t\tclass=\"so-widget-sow-image so-widget-sow-image-default-8b5b6f678277-4747\"\n\t\t\t\n\t\t>\n<div class=\"sow-image-container\">\n\t\t<img \n\tsrc=\"https:\/\/www.kontinenzzentrum.ch\/wp-content\/uploads\/untersuchung-operation-harnroehre-10221-txt.jpeg\" width=\"640\" height=\"497\" srcset=\"https:\/\/www.kontinenzzentrum.ch\/wp-content\/uploads\/untersuchung-operation-harnroehre-10221-txt.jpeg 640w, https:\/\/www.kontinenzzentrum.ch\/wp-content\/uploads\/untersuchung-operation-harnroehre-10221-txt-300x233.jpeg 300w\" sizes=\"(max-width: 640px) 100vw, 640px\" alt=\"Consultation for a Bladder Neck Incision\" \t\tclass=\"so-widget-image\"\/>\n\t<\/div>\n\n<\/div><\/div><\/div><\/div><div id=\"pg-4747-2\"  class=\"panel-grid panel-no-style\" ><div id=\"pgc-4747-2-0\"  class=\"panel-grid-cell\" ><div id=\"panel-4747-2-0-0\" class=\"so-panel widget widget_fn-info-box-widget panel-first-child\" data-index=\"3\" ><div\n\t\t\t\n\t\t\tclass=\"so-widget-fn-info-box-widget so-widget-fn-info-box-widget-base\"\n\t\t\t\n\t\t><div class=\"uk-child-width-1-1 uk-grid-match\" uk-grid><div>\n        <div class=\"fn-info-box-title\">\n          <div class=\"uk-grid-small\" uk-grid>            <div class=\"uk-width-auto\"><img decoding=\"async\" src=\"https:\/\/www.kontinenzzentrum.ch\/wp-content\/uploads\/ICON_kontakt.svg\" class=\"attachment-small size-small\" alt=\"\" \/>            <\/div>            <div class=\"uk-width-expand\">\n              <h4 class=\"uk-h3\">Find out more about Bladder Neck Incision and other Treatment Options for Bladder Neck Contracture<\/h4>\n            <\/div>\n          <\/div>\n        <\/div>\n        <div class=\"fn-info-box-content\">\n              <p><strong>Contact us<\/strong> for a consultation! We will be happy to inform you about possible diagnostic and treatment methods for bladder neck stenosis like <g id=\"gid_1\">bladder neck incision<\/g> and <g id=\"gid_2\">bladder neck reconstruction.<\/g> You can reach our centre (KontinenzZentrum Hirslanden) in Zurich by telephone and <g id=\"gid_3\">e-mail<\/g>. Our clinic is open from Monday to Friday between 8 am and 5 pm.  <\/p>\n<p>You can also make an appointment online!<\/p>\n<p><div class=\"uk-flex uk-child-width-auto uk-grid-small\" uk-grid><div><a class=\"uk-button uk-button-primary\" href=\"tel:+41443872910\"><i class=\"fas fa-phone-alt uk-margin-small-right\"><\/i>+41 44 387 29 10<\/a><\/div><div><a class=\"uk-button uk-button-primary\" href=\"https:\/\/www.kontinenzzentrum.ch\/en\/about-us\/appointment.html\"><i class=\"fas fa-comments uk-margin-small-right\"><\/i>Book an Appointment Online<\/a><\/div><\/div><\/p>\n        <\/div>\n      <\/div><\/div><\/div><\/div><div id=\"panel-4747-2-0-1\" class=\"so-panel widget widget_sow-editor\" data-index=\"4\" ><div\n\t\t\t\n\t\t\tclass=\"so-widget-sow-editor so-widget-sow-editor-base\"\n\t\t\t\n\t\t>\n<div class=\"siteorigin-widget-tinymce textwidget\">\n\t<h2>Causes of Bladder Neck Contracture<\/h2>\n<p><strong>A narrowing of the bladder neck is a common pathology in urology and can have several causes:<\/strong><\/p>\n<ul>\n<li>Cramping of the muscles around the bladder neck<\/li>\n<li><a title=\"Benign prostate enlargement (benign prostatic hyperplasia, BPH)\" href=\"https:\/\/www.kontinenzzentrum.ch\/en\/diseases\/bladder-dysfunction\/benign-prostate-enlargement.html\">Benign enlargement of the prostate<\/a>, whereby the prostate tissue presses on the neck of the bladder and narrows the urethra at this point<\/li>\n<li>Scarring due to chronic inflammation of the prostate<\/li>\n<li>Scarring as a result of surgical procedures on the prostate for the treatment of benign prostate syndrome (BPS) or prostate cancer<\/li>\n<li>Less common: congenital malformation of the bladder neck or mechanical injury<\/li>\n<\/ul>\n<p>Surgery on the prostate can lead to increased scarring at the junction of the bladder and prostate. Bladder neck stenosis usually occurs in patients after a radical prostatectomy, in which the prostate is completely removed to treat prostate cancer. Transurethral prostate operations - i.e. operations in which the instruments are passed through the urethra to remove the inner prostate tissue - can also result in a narrowing of the bladder neck. If patients experience the above-mentioned symptoms after prostate surgery, detailed urological examinations and, if necessary, an operation to treat the narrowing of the bladder neck are necessary.   <\/p>\n<h2>Bladder Neck Incision: Surgery, Recovery Time &amp; Long Term Effects<\/h2>\n<p>The short procedure can be performed under general anesthesia or spinal anesthesia. During this <a title=\"Prostate Surgery\" href=\"https:\/\/www.kontinenzzentrum.ch\/en\/diagnosis-und-treatment\/prostate-surgery.html\">prostate operation<\/a>, the constriction is incised using an optical instrument inserted via the urethra and an electric hook<strong>(bladder neck incision<\/strong>) or the entire scarred tissue is removed with an electric snare as a <strong>bladder neck reconstruction<\/strong>. Bleeding from opened vessels is stopped with an electric current. After the procedure, a permanent catheter is inserted and left in place for three to five days. Once the catheter has been removed, the bladder can be emptied again undisturbed and with a good urinary stream.    <\/p>\n<h3>BNI Urology: Performing Bladder Neck Reconstruction with the Da Vinci Method<\/h3>\n<p><strong>Bladder neck reconstruction<\/strong> is usually performed as open urethral surgery. The modern, <a title=\"Da Vinci Method for Prostate Surgery\" href=\"https:\/\/www.kontinenzzentrum.ch\/en?page_id=4745\">minimally invasive Da Vinci method<\/a> can also be used here. In so-called \"laparoscopic robot-assisted surgery\", the procedure is performed via laparoscopy with the support of the Da Vinci surgical robot. The surgical instruments are inserted through a few small incisions in the skin at the level of the navel. The Da Vinci surgical robot transfers the surgeon's movements to the instruments with extreme precision. A high-resolution camera also provides the surgeon with a detailed 3D view of the surgical field. This allows them to make much smaller and more precise incisions. The advantages of this method include less blood loss, the best possible protection of the patient's nerves and tissue, and a shorter healing process thanks to the gentle access to the urethra, bladder and prostate.       <\/p>\n<p>The criteria for choosing a surgical method are the patient's individual circumstances, as well as the causes and progression of the bladder neck stenosis. The attending physician will clarify all treatment options, their prospects of success and possible risks in a comprehensive consultation with the patient before deciding on a procedure.  <strong>Do you suspect an existing bladder neck constriction?<\/strong> The urology specialists at KontinenzZentrum Hirslanden in Zurich will be happy to provide you with information about your individual assessment and treatment options.<\/p>\n<\/div>\n<\/div><\/div><div id=\"panel-4747-2-0-2\" class=\"so-panel widget widget_fn-info-box-widget panel-last-child\" data-index=\"5\" ><div\n\t\t\t\n\t\t\tclass=\"so-widget-fn-info-box-widget so-widget-fn-info-box-widget-base\"\n\t\t\t\n\t\t><div class=\"uk-child-width-1-1 uk-grid-match\" uk-grid><div>\n        <div class=\"fn-info-box-title\">\n          <div class=\"uk-grid-small\" uk-grid>            <div class=\"uk-width-auto\"><img decoding=\"async\" src=\"https:\/\/www.kontinenzzentrum.ch\/wp-content\/uploads\/ICON_kontakt.svg\" class=\"attachment-small size-small\" alt=\"\" \/>            <\/div>            <div class=\"uk-width-expand\">\n              <h4 class=\"uk-h3\">Find out more about Bladder Neck Incision and other Treatment Options for Bladder Neck Contracture<\/h4>\n            <\/div>\n          <\/div>\n        <\/div>\n        <div class=\"fn-info-box-content\">\n              <p><strong>Contact us<\/strong> for a consultation! We will be happy to inform you about possible diagnostic and treatment methods for bladder neck stenosis like <g id=\"gid_1\">bladder neck incision<\/g> and <g id=\"gid_2\">bladder neck reconstruction.<\/g> You can reach our centre (KontinenzZentrum Hirslanden) in Zurich by telephone and <g id=\"gid_3\">e-mail<\/g>. Our clinic is open from Monday to Friday between 8 am and 5 pm.  <\/p>\n<p>You can also make an appointment online!<\/p>\n<p><div class=\"uk-flex uk-child-width-auto uk-grid-small\" uk-grid><div><a class=\"uk-button uk-button-primary\" href=\"tel:+41443872910\"><i class=\"fas fa-phone-alt uk-margin-small-right\"><\/i>+41 44 387 29 10<\/a><\/div><div><a class=\"uk-button uk-button-primary\" href=\"https:\/\/www.kontinenzzentrum.ch\/en\/about-us\/appointment.html\"><i class=\"fas fa-comments uk-margin-small-right\"><\/i>Book an Appointment Online<\/a><\/div><\/div><\/p>\n        <\/div>\n      <\/div><\/div><\/div><\/div><\/div><\/div><\/div>","protected":false},"excerpt":{"rendered":"<p>Bladder Neck Incision for Bladder Neck Stenosis Surgical Opening of a Scarred Bladder Neck Constriction A bladder neck constriction, bladder neck stenosis or bladder neck contracture is a narrowing at the transition from the bladder to the prostate. This makes it difficult for urine to flow out of the bladder. With a bladder neck stenosis, [&hellip;]<\/p>\n","protected":false},"author":1,"featured_media":1208,"parent":4311,"menu_order":0,"comment_status":"closed","ping_status":"closed","template":"","meta":{"_acf_changed":false,"footnotes":""},"class_list":["post-4747","page","type-page","status-publish","has-post-thumbnail","hentry"],"acf":[],"yoast_head":"<!-- This site is optimized with the Yoast SEO plugin v26.9 - https:\/\/yoast.com\/product\/yoast-seo-wordpress\/ -->\n<title>Bladder Neck Incision | KontinenzZentrum Hirslanden<\/title>\n<meta name=\"description\" content=\"If you suffer from a constriction of the bladder neck (stenosis), a bladder neck incision can be performed. Our urologists will advise you about the operation.\" \/>\n<meta name=\"robots\" content=\"index, follow, max-snippet:-1, max-image-preview:large, max-video-preview:-1\" \/>\n<link rel=\"canonical\" href=\"https:\/\/www.kontinenzzentrum.ch\/en\/diagnosis-und-treatment\/prostate-surgery\/bladder-neck-incision.html\" \/>\n<meta property=\"og:locale\" content=\"en_GB\" \/>\n<meta property=\"og:type\" content=\"article\" \/>\n<meta property=\"og:title\" content=\"Bladder Neck Incision | KontinenzZentrum Hirslanden\" \/>\n<meta property=\"og:description\" content=\"If you suffer from a constriction of the bladder neck (stenosis), a bladder neck incision can be performed. Our urologists will advise you about the operation.\" \/>\n<meta property=\"og:url\" content=\"https:\/\/www.kontinenzzentrum.ch\/en\/diagnosis-und-treatment\/prostate-surgery\/bladder-neck-incision.html\" \/>\n<meta property=\"og:site_name\" content=\"KontinenzZentrum\" \/>\n<meta property=\"article:modified_time\" content=\"2025-11-25T16:51:55+00:00\" \/>\n<meta property=\"og:image\" content=\"https:\/\/www.kontinenzzentrum.ch\/wp-content\/uploads\/untersuchung-op-prostata-9652.jpeg\" \/>\n\t<meta property=\"og:image:width\" content=\"1920\" \/>\n\t<meta property=\"og:image:height\" content=\"450\" \/>\n\t<meta property=\"og:image:type\" content=\"image\/jpeg\" \/>\n<meta name=\"twitter:card\" content=\"summary_large_image\" \/>\n<meta name=\"twitter:label1\" content=\"Estimated reading time\" \/>\n\t<meta name=\"twitter:data1\" content=\"6 minutes\" \/>\n<script type=\"application\/ld+json\" class=\"yoast-schema-graph\">{\"@context\":\"https:\/\/schema.org\",\"@graph\":[{\"@type\":\"WebPage\",\"@id\":\"https:\/\/www.kontinenzzentrum.ch\/en\/diagnosis-und-treatment\/prostate-surgery\/bladder-neck-incision.html\",\"url\":\"https:\/\/www.kontinenzzentrum.ch\/en\/diagnosis-und-treatment\/prostate-surgery\/bladder-neck-incision.html\",\"name\":\"Bladder Neck Incision | KontinenzZentrum Hirslanden\",\"isPartOf\":{\"@id\":\"https:\/\/www.kontinenzzentrum.ch\/de\/#website\"},\"primaryImageOfPage\":{\"@id\":\"https:\/\/www.kontinenzzentrum.ch\/en\/diagnosis-und-treatment\/prostate-surgery\/bladder-neck-incision.html#primaryimage\"},\"image\":{\"@id\":\"https:\/\/www.kontinenzzentrum.ch\/en\/diagnosis-und-treatment\/prostate-surgery\/bladder-neck-incision.html#primaryimage\"},\"thumbnailUrl\":\"https:\/\/www.kontinenzzentrum.ch\/wp-content\/uploads\/untersuchung-op-prostata-9652.jpeg\",\"datePublished\":\"2023-03-03T15:52:50+00:00\",\"dateModified\":\"2025-11-25T16:51:55+00:00\",\"description\":\"If you suffer from a constriction of the bladder neck (stenosis), a bladder neck incision can be performed. Our urologists will advise you about the operation.\",\"breadcrumb\":{\"@id\":\"https:\/\/www.kontinenzzentrum.ch\/en\/diagnosis-und-treatment\/prostate-surgery\/bladder-neck-incision.html#breadcrumb\"},\"inLanguage\":\"en-GB\",\"potentialAction\":[{\"@type\":\"ReadAction\",\"target\":[\"https:\/\/www.kontinenzzentrum.ch\/en\/diagnosis-und-treatment\/prostate-surgery\/bladder-neck-incision.html\"]}]},{\"@type\":\"ImageObject\",\"inLanguage\":\"en-GB\",\"@id\":\"https:\/\/www.kontinenzzentrum.ch\/en\/diagnosis-und-treatment\/prostate-surgery\/bladder-neck-incision.html#primaryimage\",\"url\":\"https:\/\/www.kontinenzzentrum.ch\/wp-content\/uploads\/untersuchung-op-prostata-9652.jpeg\",\"contentUrl\":\"https:\/\/www.kontinenzzentrum.ch\/wp-content\/uploads\/untersuchung-op-prostata-9652.jpeg\",\"width\":1920,\"height\":450},{\"@type\":\"BreadcrumbList\",\"@id\":\"https:\/\/www.kontinenzzentrum.ch\/en\/diagnosis-und-treatment\/prostate-surgery\/bladder-neck-incision.html#breadcrumb\",\"itemListElement\":[{\"@type\":\"ListItem\",\"position\":1,\"name\":\"Startseite\",\"item\":\"https:\/\/www.kontinenzzentrum.ch\/en\"},{\"@type\":\"ListItem\",\"position\":2,\"name\":\"Diagnosis &#038; Treatment\",\"item\":\"https:\/\/www.kontinenzzentrum.ch\/en\/diagnosis-und-treatment.html\"},{\"@type\":\"ListItem\",\"position\":3,\"name\":\"Prostate Surgery\",\"item\":\"https:\/\/www.kontinenzzentrum.ch\/en\/diagnosis-und-treatment\/prostate-surgery.html\"},{\"@type\":\"ListItem\",\"position\":4,\"name\":\"Bladder Neck Incision\"}]},{\"@type\":\"WebSite\",\"@id\":\"https:\/\/www.kontinenzzentrum.ch\/de\/#website\",\"url\":\"https:\/\/www.kontinenzzentrum.ch\/de\/\",\"name\":\"KontinenzZentrum Hirslanden Z\u00fcrich\",\"description\":\"KontinenzZentrum Hirslanden Z\u00fcrich: Blasenst\u00f6rungen & Inkontinenz\",\"publisher\":{\"@id\":\"https:\/\/www.kontinenzzentrum.ch\/de\/#organization\"},\"potentialAction\":[{\"@type\":\"SearchAction\",\"target\":{\"@type\":\"EntryPoint\",\"urlTemplate\":\"https:\/\/www.kontinenzzentrum.ch\/de\/?s={search_term_string}\"},\"query-input\":{\"@type\":\"PropertyValueSpecification\",\"valueRequired\":true,\"valueName\":\"search_term_string\"}}],\"inLanguage\":\"en-GB\"},{\"@type\":\"Organization\",\"@id\":\"https:\/\/www.kontinenzzentrum.ch\/de\/#organization\",\"name\":\"KontinenzZentrum Hirslanden Z\u00fcrich\",\"url\":\"https:\/\/www.kontinenzzentrum.ch\/de\/\",\"logo\":{\"@type\":\"ImageObject\",\"inLanguage\":\"en-GB\",\"@id\":\"https:\/\/www.kontinenzzentrum.ch\/de\/#\/schema\/logo\/image\/\",\"url\":\"https:\/\/www.kontinenzzentrum.ch\/wp-content\/uploads\/Logo_KontinenzZentrum.png\",\"contentUrl\":\"https:\/\/www.kontinenzzentrum.ch\/wp-content\/uploads\/Logo_KontinenzZentrum.png\",\"width\":800,\"height\":142,\"caption\":\"KontinenzZentrum Hirslanden Z\u00fcrich\"},\"image\":{\"@id\":\"https:\/\/www.kontinenzzentrum.ch\/de\/#\/schema\/logo\/image\/\"}}]}<\/script>\n<!-- \/ Yoast SEO plugin. -->","yoast_head_json":{"title":"Bladder Neck Incision | KontinenzZentrum Hirslanden","description":"If you suffer from a constriction of the bladder neck (stenosis), a bladder neck incision can be performed. Our urologists will advise you about the operation.","robots":{"index":"index","follow":"follow","max-snippet":"max-snippet:-1","max-image-preview":"max-image-preview:large","max-video-preview":"max-video-preview:-1"},"canonical":"https:\/\/www.kontinenzzentrum.ch\/en\/diagnosis-und-treatment\/prostate-surgery\/bladder-neck-incision.html","og_locale":"en_GB","og_type":"article","og_title":"Bladder Neck Incision | KontinenzZentrum Hirslanden","og_description":"If you suffer from a constriction of the bladder neck (stenosis), a bladder neck incision can be performed. Our urologists will advise you about the operation.","og_url":"https:\/\/www.kontinenzzentrum.ch\/en\/diagnosis-und-treatment\/prostate-surgery\/bladder-neck-incision.html","og_site_name":"KontinenzZentrum","article_modified_time":"2025-11-25T16:51:55+00:00","og_image":[{"width":1920,"height":450,"url":"https:\/\/www.kontinenzzentrum.ch\/wp-content\/uploads\/untersuchung-op-prostata-9652.jpeg","type":"image\/jpeg"}],"twitter_card":"summary_large_image","twitter_misc":{"Estimated reading time":"6 minutes"},"schema":{"@context":"https:\/\/schema.org","@graph":[{"@type":"WebPage","@id":"https:\/\/www.kontinenzzentrum.ch\/en\/diagnosis-und-treatment\/prostate-surgery\/bladder-neck-incision.html","url":"https:\/\/www.kontinenzzentrum.ch\/en\/diagnosis-und-treatment\/prostate-surgery\/bladder-neck-incision.html","name":"Bladder Neck Incision | KontinenzZentrum Hirslanden","isPartOf":{"@id":"https:\/\/www.kontinenzzentrum.ch\/de\/#website"},"primaryImageOfPage":{"@id":"https:\/\/www.kontinenzzentrum.ch\/en\/diagnosis-und-treatment\/prostate-surgery\/bladder-neck-incision.html#primaryimage"},"image":{"@id":"https:\/\/www.kontinenzzentrum.ch\/en\/diagnosis-und-treatment\/prostate-surgery\/bladder-neck-incision.html#primaryimage"},"thumbnailUrl":"https:\/\/www.kontinenzzentrum.ch\/wp-content\/uploads\/untersuchung-op-prostata-9652.jpeg","datePublished":"2023-03-03T15:52:50+00:00","dateModified":"2025-11-25T16:51:55+00:00","description":"If you suffer from a constriction of the bladder neck (stenosis), a bladder neck incision can be performed. Our urologists will advise you about the operation.","breadcrumb":{"@id":"https:\/\/www.kontinenzzentrum.ch\/en\/diagnosis-und-treatment\/prostate-surgery\/bladder-neck-incision.html#breadcrumb"},"inLanguage":"en-GB","potentialAction":[{"@type":"ReadAction","target":["https:\/\/www.kontinenzzentrum.ch\/en\/diagnosis-und-treatment\/prostate-surgery\/bladder-neck-incision.html"]}]},{"@type":"ImageObject","inLanguage":"en-GB","@id":"https:\/\/www.kontinenzzentrum.ch\/en\/diagnosis-und-treatment\/prostate-surgery\/bladder-neck-incision.html#primaryimage","url":"https:\/\/www.kontinenzzentrum.ch\/wp-content\/uploads\/untersuchung-op-prostata-9652.jpeg","contentUrl":"https:\/\/www.kontinenzzentrum.ch\/wp-content\/uploads\/untersuchung-op-prostata-9652.jpeg","width":1920,"height":450},{"@type":"BreadcrumbList","@id":"https:\/\/www.kontinenzzentrum.ch\/en\/diagnosis-und-treatment\/prostate-surgery\/bladder-neck-incision.html#breadcrumb","itemListElement":[{"@type":"ListItem","position":1,"name":"Startseite","item":"https:\/\/www.kontinenzzentrum.ch\/en"},{"@type":"ListItem","position":2,"name":"Diagnosis &#038; Treatment","item":"https:\/\/www.kontinenzzentrum.ch\/en\/diagnosis-und-treatment.html"},{"@type":"ListItem","position":3,"name":"Prostate Surgery","item":"https:\/\/www.kontinenzzentrum.ch\/en\/diagnosis-und-treatment\/prostate-surgery.html"},{"@type":"ListItem","position":4,"name":"Bladder Neck Incision"}]},{"@type":"WebSite","@id":"https:\/\/www.kontinenzzentrum.ch\/de\/#website","url":"https:\/\/www.kontinenzzentrum.ch\/de\/","name":"KontinenzZentrum Hirslanden Z\u00fcrich","description":"KontinenzZentrum Hirslanden Z\u00fcrich: Blasenst\u00f6rungen & Inkontinenz","publisher":{"@id":"https:\/\/www.kontinenzzentrum.ch\/de\/#organization"},"potentialAction":[{"@type":"SearchAction","target":{"@type":"EntryPoint","urlTemplate":"https:\/\/www.kontinenzzentrum.ch\/de\/?s={search_term_string}"},"query-input":{"@type":"PropertyValueSpecification","valueRequired":true,"valueName":"search_term_string"}}],"inLanguage":"en-GB"},{"@type":"Organization","@id":"https:\/\/www.kontinenzzentrum.ch\/de\/#organization","name":"KontinenzZentrum Hirslanden Z\u00fcrich","url":"https:\/\/www.kontinenzzentrum.ch\/de\/","logo":{"@type":"ImageObject","inLanguage":"en-GB","@id":"https:\/\/www.kontinenzzentrum.ch\/de\/#\/schema\/logo\/image\/","url":"https:\/\/www.kontinenzzentrum.ch\/wp-content\/uploads\/Logo_KontinenzZentrum.png","contentUrl":"https:\/\/www.kontinenzzentrum.ch\/wp-content\/uploads\/Logo_KontinenzZentrum.png","width":800,"height":142,"caption":"KontinenzZentrum Hirslanden Z\u00fcrich"},"image":{"@id":"https:\/\/www.kontinenzzentrum.ch\/de\/#\/schema\/logo\/image\/"}}]}},"_links":{"self":[{"href":"https:\/\/www.kontinenzzentrum.ch\/en\/wp-json\/wp\/v2\/pages\/4747","targetHints":{"allow":["GET"]}}],"collection":[{"href":"https:\/\/www.kontinenzzentrum.ch\/en\/wp-json\/wp\/v2\/pages"}],"about":[{"href":"https:\/\/www.kontinenzzentrum.ch\/en\/wp-json\/wp\/v2\/types\/page"}],"author":[{"embeddable":true,"href":"https:\/\/www.kontinenzzentrum.ch\/en\/wp-json\/wp\/v2\/users\/1"}],"replies":[{"embeddable":true,"href":"https:\/\/www.kontinenzzentrum.ch\/en\/wp-json\/wp\/v2\/comments?post=4747"}],"version-history":[{"count":4,"href":"https:\/\/www.kontinenzzentrum.ch\/en\/wp-json\/wp\/v2\/pages\/4747\/revisions"}],"predecessor-version":[{"id":4752,"href":"https:\/\/www.kontinenzzentrum.ch\/en\/wp-json\/wp\/v2\/pages\/4747\/revisions\/4752"}],"up":[{"embeddable":true,"href":"https:\/\/www.kontinenzzentrum.ch\/en\/wp-json\/wp\/v2\/pages\/4311"}],"wp:featuredmedia":[{"embeddable":true,"href":"https:\/\/www.kontinenzzentrum.ch\/en\/wp-json\/wp\/v2\/media\/1208"}],"wp:attachment":[{"href":"https:\/\/www.kontinenzzentrum.ch\/en\/wp-json\/wp\/v2\/media?parent=4747"}],"curies":[{"name":"wp","href":"https:\/\/api.w.org\/{rel}","templated":true}]}}