{"id":4858,"date":"2023-03-03T16:33:39","date_gmt":"2023-03-03T15:33:39","guid":{"rendered":"https:\/\/www.kontinenzzentrum.ch\/diagnosis-und-treatment\/prostate-surgery\/bipolar-prostate-enucleation.html"},"modified":"2026-03-19T15:27:16","modified_gmt":"2026-03-19T14:27:16","slug":"bipolar-prostate-enucleation","status":"publish","type":"page","link":"https:\/\/www.kontinenzzentrum.ch\/en\/diagnosis-und-treatment\/prostate-surgery\/bipolar-prostate-enucleation.html","title":{"rendered":"Bipolar prostate enucleation"},"content":{"rendered":"<div id=\"pl-4858\"  class=\"panel-layout\" ><div id=\"pg-4858-0\"  class=\"panel-grid panel-no-style\" ><div id=\"pgc-4858-0-0\"  class=\"panel-grid-cell\" ><div id=\"panel-4858-0-0-0\" class=\"so-panel widget widget_sow-editor panel-first-child\" data-index=\"0\" ><div\n\t\t\t\n\t\t\tclass=\"so-widget-sow-editor so-widget-sow-editor-base\"\n\t\t\t\n\t\t>\n<div class=\"siteorigin-widget-tinymce textwidget\">\n\t<h1>Bipolar Enucleation of the Prostate<\/h1>\n<h2>Prostate Peeling for Severe Prostate Enlargement<\/h2>\n<p><img decoding=\"async\" class=\"alignright\" title=\"Electric vaporization probe \" src=\"https:\/\/www.kontinenzzentrum.ch\/wp-content\/uploads\/enukleation.png\" alt=\"Electric vaporization probe \" width=\"515\" height=\"306\" \/><br \/>\nIn the case of very pronounced prostate enlargement, the outflow from the bladder is so severely restricted that bladder emptying is only partially possible. Affected men suffer from considerable <a title=\"Symptoms of benign prostate enlargement\" href=\"https:\/\/www.kontinenzzentrum.ch\/en\/diseases\/bladder-dysfunction\/benign-prostate-enlargement.html\">discomfort due to benign prostate enlargement<\/a>. Often, the medication available is no longer effective enough to alleviate the symptoms caused by the enlarged prostate.<\/p>\n<p>For treatment, extensive surgical removal of prostate tissue, known as <strong>\"bipolar enucleation of the prostate\",<\/strong> can then be performed. This is a prostate exfoliation - a procedure in which the inner tissue of the prostate is removed. After the operation, the bladder can be emptied again without disturbance and with a good urinary stream.<\/p>\n<\/div>\n<\/div><\/div><div id=\"panel-4858-0-0-1\" class=\"so-panel widget widget_fn-info-box-widget\" data-index=\"1\" ><div\n\t\t\t\n\t\t\tclass=\"so-widget-fn-info-box-widget so-widget-fn-info-box-widget-base\"\n\t\t\t\n\t\t><div class=\"uk-child-width-1-1 uk-grid-match\" uk-grid><div>\n        <div class=\"fn-info-box-title\">\n          <div class=\"uk-grid-small\" uk-grid>            <div class=\"uk-width-auto\"><img decoding=\"async\" src=\"https:\/\/www.kontinenzzentrum.ch\/wp-content\/uploads\/ICON_kontakt.svg\" class=\"attachment-small size-small\" alt=\"\" \/>            <\/div>            <div class=\"uk-width-expand\">\n              <h4 class=\"uk-h3\">We Offer Personalised Advice on an Enlarged Prostate<\/h4>\n            <\/div>\n          <\/div>\n        <\/div>\n        <div class=\"fn-info-box-content\">\n              <p>The specialists at the Hirslanden Continence Centre in Zurich will be happy to advise you on bipolar enucleation of the prostate and other possible <a href=\"https:\/\/www.kontinenzzentrum.ch\/en\/diagnosis-und-treatment\/prostate-surgery.html\">prostate surgery procedures<\/a>.<\/p>\n<p>You can contact our centre by telephone from Monday to Friday between 8 am and 5 pm. You can also use our <strong>online booking service<\/strong>!<\/p>\n<p><div class=\"uk-flex uk-child-width-auto uk-grid-small\" uk-grid><div><a class=\"uk-button uk-button-primary\" href=\"tel:+41443872910\"><i class=\"fas fa-phone-alt uk-margin-small-right\"><\/i>+41 44 387 29 10<\/a><\/div><div><a class=\"uk-button uk-button-primary\" href=\"https:\/\/www.kontinenzzentrum.ch\/en\/about-us\/appointment.html\"><i class=\"fas fa-comments uk-margin-small-right\"><\/i>Book an Appointment Online<\/a><\/div><\/div><\/p>\n        <\/div>\n      <\/div><\/div><\/div><\/div><div id=\"panel-4858-0-0-2\" class=\"so-panel widget widget_sow-editor\" data-index=\"2\" ><div\n\t\t\t\n\t\t\tclass=\"so-widget-sow-editor so-widget-sow-editor-base\"\n\t\t\t\n\t\t>\n<div class=\"siteorigin-widget-tinymce textwidget\">\n\t<h2>Procedure for Bipolar Enucleation of the Prostate with a laser<\/h2>\n<p><strong>Bipolar enucleation of the prostate<\/strong> can be performed under general anesthesia or spinal anesthesia. During the procedure, an optical instrument and an electrical vaporization probe are inserted via the urethra (transurethrally). This is why this prostate operation is also known as \"transurethral prostate enucleation\". With the help of the laser probe, <strong>the enlarged parts of the prostate are vaporized and removed in one piece<\/strong>.<\/p>\n<p>The laser energy during vaporization and the low penetration depth (less than 0.5 mm) into the tissue effectively seals blood vessels, so that there is hardly any bleeding. In addition, the doctor can work very precisely by visual inspection. By removing the excess prostate tissue, the drainage pathway from the bladder is reopened. Any bleeding from opened vessels is stopped with an electric current. The removal of the prostate via the urethra takes between 1 and 2 hours, depending on its size.<\/p>\n<p>After the procedure, a permanent catheter with bladder irrigation is inserted and left in place for three to five days. The catheter is removed before discharge from hospital.<\/p>\n<\/div>\n<\/div><\/div><div id=\"panel-4858-0-0-3\" class=\"so-panel widget widget_fn-info-box-widget\" data-index=\"3\" ><div\n\t\t\t\n\t\t\tclass=\"so-widget-fn-info-box-widget so-widget-fn-info-box-widget-base\"\n\t\t\t\n\t\t><div class=\"uk-child-width-1-1 uk-grid-match\" uk-grid><div>\n        <div class=\"fn-info-box-title\">\n          <div class=\"uk-grid-small\" uk-grid>            <div class=\"uk-width-auto\"><img decoding=\"async\" src=\"https:\/\/www.kontinenzzentrum.ch\/wp-content\/uploads\/ICON_achtung.svg\" class=\"attachment-small size-small\" alt=\"\" \/>            <\/div>            <div class=\"uk-width-expand\">\n              <h4 class=\"uk-h3\">Important Information about Prostate Cancer Screening<\/h4>\n            <\/div>\n          <\/div>\n        <\/div>\n        <div class=\"fn-info-box-content\">\n              <p>In <strong>prostate enucleation<\/strong>, only the inner prostate tissue is removed. As prostate cancer tends to affect the outer layer of the prostate, the risk of developing cancer remains. Patients should therefore continue to attend regular cancer screening appointments with their urologist.<\/p>\n        <\/div>\n      <\/div><\/div><\/div><\/div><div id=\"panel-4858-0-0-4\" class=\"so-panel widget widget_sow-editor\" data-index=\"4\" ><div\n\t\t\t\n\t\t\tclass=\"so-widget-sow-editor so-widget-sow-editor-base\"\n\t\t\t\n\t\t>\n<div class=\"siteorigin-widget-tinymce textwidget\">\n\t<h2>Behavior After Prostate Resection and Aftercare<\/h2>\n<p><b>Immediately after prostate exfoliation<\/b>, patients remain in the clinic for around three to four days. During this time, the bladder is initially emptied using a catheter. In the first few days after removal of the catheter, it is important to drink plenty of fluids to flush the bladder and speed up the healing of the wound. Please avoid strenuous physical activity (e.g. cycling, heavy lifting) for the first few weeks. You should also avoid hot baths, saunas and heat applications for the first few weeks. Showering is of course permitted. To avoid post-operative bleeding after prostate resection, please ensure that you have soft bowel movements.<\/p>\n<p>As the erectile nerves are protected in the best possible way during this procedure, sex is possible for the vast majority of men after prostate resection without any problems. Only the ability to ejaculate is lost in some cases, as the glandular tissue inside the prostate, which is responsible for the production of seminal fluid, is completely removed during bipolar prostate enucleation. In any case, patients should refrain from sexual intercourse for the first few weeks after the procedure in order to speed up the healing process.<\/p>\n<p>It is important to follow up carefully and attend follow-up appointments with the urologist. Patients should inform their doctor immediately if they experience postoperative bleeding or a fever of over 38 degrees following the removal of the prostate.<\/p>\n<h2>Alternative Surgical Procedures for Severely Enlarged Prostates<\/h2>\n<h3>The Ejaculation-Preserving Method<\/h3>\n<p>In some cases, the <a title=\"Ejaculation-preserving prostate resection\" href=\"https:\/\/www.kontinenzzentrum.ch\/de\/untersuchung-und-therapie\/operationen-der-prostata\/ejakulationserhaltende-prostataresektion.html\">ability to ejaculate can be preserved after prostate surgery by means of prostate resection<\/a> (ejaculation-preserving TUR-P). However, this technique is not recommended in the case of very advanced prostate enlargement or if complications have already occurred. Whether a man is suitable for this procedure must be clarified in detail in advance by his urologist and discussed with the patient.<\/p>\n<h3>The Da Vinci Method<\/h3>\n<p>If the prostate is already very enlarged, transurethral treatment methods (i.e. procedures performed through the urethra) such as <strong>bipolar enucleation of the prostate<\/strong>, <a title=\"TURP\" href=\"https:\/\/www.kontinenzzentrum.ch\/en\/diagnosis-und-treatment\/prostate-surgery\/turp.html\">TURP<\/a> and <a title=\"TUIP\" href=\"https:\/\/www.kontinenzzentrum.ch\/en\/diagnosis-und-treatment\/prostate-surgery\/tuip.html\">TUIP<\/a> reach their technical limits. As an alternative to a scraping surgery or excision of the prostate, the modern <a title=\"Da Vinci method for prostate enlargement\" href=\"https:\/\/www.kontinenzzentrum.ch\/en\/diagnosis-und-treatment\/prostate-surgery\/da-vinci-surgery-for-benign-enlarged-prostate.html\">Da Vinci method can then be used to treat prostate enlargement<\/a>.<\/p>\n<p>The robot-assisted Da Vinci method is a safe and sustainable treatment option for very large prostates. The procedure is performed using laparoscopy and therefore requires very few, small incisions. This gentle approach to the bladder and prostate has several advantages for the patient, such as<\/p>\n<ul>\n<li>Less blood loss<\/li>\n<li>Less pain after the operation<\/li>\n<li>Minor scars<\/li>\n<li>a shorter stay in hospital<\/li>\n<\/ul>\n<p>The doctor will clarify with you in a detailed patient consultation at our Hirslanden Continence Center in Zurich which procedures can be carried out to treat a benignly enlarged prostate in your individual case.<\/p>\n<\/div>\n<\/div><\/div><div id=\"panel-4858-0-0-5\" class=\"so-panel widget widget_fn-info-box-widget panel-last-child\" data-index=\"5\" ><div\n\t\t\t\n\t\t\tclass=\"so-widget-fn-info-box-widget so-widget-fn-info-box-widget-base\"\n\t\t\t\n\t\t><div class=\"uk-child-width-1-1 uk-grid-match\" uk-grid><div>\n        <div class=\"fn-info-box-title\">\n          <div class=\"uk-grid-small\" uk-grid>            <div class=\"uk-width-auto\"><img decoding=\"async\" src=\"https:\/\/www.kontinenzzentrum.ch\/wp-content\/uploads\/ICON_kontakt.svg\" class=\"attachment-small size-small\" alt=\"\" \/>            <\/div>            <div class=\"uk-width-expand\">\n              <h4 class=\"uk-h3\">Find out More About Enucleation (Peeling) of the Prostate!<\/h4>\n            <\/div>\n          <\/div>\n        <\/div>\n        <div class=\"fn-info-box-content\">\n              <p><strong> Feel free <\/strong><strong>to contact us<\/strong> for an individual consultation! Our specialists will be happy to inform you about bipolar prostate enucleation and possible diagnostic and treatment methods for benign prostate enlargement<strong>.<\/strong> <\/p>\n<p>You can reach our continence center in Hirslanden, Zurich by phone, <a href=\"mailto:kontinenzzentrum.hirslanden@hirslanden.ch\">e-mail<\/a> or via our contact form.<br \/>Our clinic is open from Monday to Friday between 8 am and 5 pm. You can also make an appointment online!<\/p>\n<p><div class=\"uk-flex uk-child-width-auto uk-grid-small\" uk-grid><div><a class=\"uk-button uk-button-primary\" href=\"tel:+41443872910\"><i class=\"fas fa-phone-alt uk-margin-small-right\"><\/i>+41 44 387 29 10<\/a><\/div><div><a class=\"uk-button uk-button-primary\" href=\"https:\/\/www.kontinenzzentrum.ch\/en\/about-us\/appointment.html\"><i class=\"fas fa-comments uk-margin-small-right\"><\/i>Book an Appointment Online<\/a><\/div><\/div><\/p>\n        <\/div>\n      <\/div><\/div><\/div><\/div><\/div><\/div><\/div>","protected":false},"excerpt":{"rendered":"<p>Bipolar Enucleation of the Prostate Prostate Peeling for Severe Prostate Enlargement In the case of very pronounced prostate enlargement, the outflow from the bladder is so severely restricted that bladder emptying is only partially possible. Affected men suffer from considerable discomfort due to benign prostate enlargement. Often, the medication available is no longer effective enough [&hellip;]<\/p>\n","protected":false},"author":1,"featured_media":1208,"parent":4311,"menu_order":0,"comment_status":"closed","ping_status":"closed","template":"","meta":{"_acf_changed":false,"footnotes":""},"class_list":["post-4858","page","type-page","status-publish","has-post-thumbnail","hentry"],"acf":[],"yoast_head":"<!-- This site is optimized with the Yoast SEO plugin v26.9 - https:\/\/yoast.com\/product\/yoast-seo-wordpress\/ -->\n<title>Bipolar Prostate Enucleation | Continence Center Hirslanden Zurich<\/title>\n<meta name=\"description\" content=\"Bipolar prostate enucleation (prostate excision) is a surgical procedure for benign prostate enlargement. Our specialists will inform you!\" \/>\n<meta name=\"robots\" content=\"index, follow, max-snippet:-1, max-image-preview:large, max-video-preview:-1\" \/>\n<link rel=\"canonical\" href=\"https:\/\/www.kontinenzzentrum.ch\/en\/diagnosis-und-treatment\/prostate-surgery\/bipolar-prostate-enucleation.html\" \/>\n<meta property=\"og:locale\" content=\"en_GB\" \/>\n<meta property=\"og:type\" content=\"article\" \/>\n<meta property=\"og:title\" content=\"Bipolar Prostate Enucleation | Continence Center Hirslanden Zurich\" \/>\n<meta property=\"og:description\" content=\"Bipolar prostate enucleation (prostate excision) is a surgical procedure for benign prostate enlargement. Our specialists will inform you!\" \/>\n<meta property=\"og:url\" content=\"https:\/\/www.kontinenzzentrum.ch\/en\/diagnosis-und-treatment\/prostate-surgery\/bipolar-prostate-enucleation.html\" \/>\n<meta property=\"og:site_name\" content=\"KontinenzZentrum\" \/>\n<meta property=\"article:modified_time\" content=\"2026-03-19T14:27:16+00:00\" \/>\n<meta property=\"og:image\" content=\"https:\/\/www.kontinenzzentrum.ch\/wp-content\/uploads\/untersuchung-op-prostata-9652.jpeg\" \/>\n\t<meta property=\"og:image:width\" content=\"1920\" \/>\n\t<meta property=\"og:image:height\" content=\"450\" \/>\n\t<meta property=\"og:image:type\" content=\"image\/jpeg\" \/>\n<meta name=\"twitter:card\" content=\"summary_large_image\" \/>\n<meta name=\"twitter:label1\" content=\"Estimated reading time\" \/>\n\t<meta name=\"twitter:data1\" content=\"7 minutes\" \/>\n<script type=\"application\/ld+json\" class=\"yoast-schema-graph\">{\"@context\":\"https:\/\/schema.org\",\"@graph\":[{\"@type\":\"WebPage\",\"@id\":\"https:\/\/www.kontinenzzentrum.ch\/en\/diagnosis-und-treatment\/prostate-surgery\/bipolar-prostate-enucleation.html\",\"url\":\"https:\/\/www.kontinenzzentrum.ch\/en\/diagnosis-und-treatment\/prostate-surgery\/bipolar-prostate-enucleation.html\",\"name\":\"Bipolar Prostate Enucleation | Continence Center Hirslanden Zurich\",\"isPartOf\":{\"@id\":\"https:\/\/www.kontinenzzentrum.ch\/de\/#website\"},\"primaryImageOfPage\":{\"@id\":\"https:\/\/www.kontinenzzentrum.ch\/en\/diagnosis-und-treatment\/prostate-surgery\/bipolar-prostate-enucleation.html#primaryimage\"},\"image\":{\"@id\":\"https:\/\/www.kontinenzzentrum.ch\/en\/diagnosis-und-treatment\/prostate-surgery\/bipolar-prostate-enucleation.html#primaryimage\"},\"thumbnailUrl\":\"https:\/\/www.kontinenzzentrum.ch\/wp-content\/uploads\/untersuchung-op-prostata-9652.jpeg\",\"datePublished\":\"2023-03-03T15:33:39+00:00\",\"dateModified\":\"2026-03-19T14:27:16+00:00\",\"description\":\"Bipolar prostate enucleation (prostate excision) is a surgical procedure for benign prostate enlargement. Our specialists will inform you!\",\"breadcrumb\":{\"@id\":\"https:\/\/www.kontinenzzentrum.ch\/en\/diagnosis-und-treatment\/prostate-surgery\/bipolar-prostate-enucleation.html#breadcrumb\"},\"inLanguage\":\"en-GB\",\"potentialAction\":[{\"@type\":\"ReadAction\",\"target\":[\"https:\/\/www.kontinenzzentrum.ch\/en\/diagnosis-und-treatment\/prostate-surgery\/bipolar-prostate-enucleation.html\"]}]},{\"@type\":\"ImageObject\",\"inLanguage\":\"en-GB\",\"@id\":\"https:\/\/www.kontinenzzentrum.ch\/en\/diagnosis-und-treatment\/prostate-surgery\/bipolar-prostate-enucleation.html#primaryimage\",\"url\":\"https:\/\/www.kontinenzzentrum.ch\/wp-content\/uploads\/untersuchung-op-prostata-9652.jpeg\",\"contentUrl\":\"https:\/\/www.kontinenzzentrum.ch\/wp-content\/uploads\/untersuchung-op-prostata-9652.jpeg\",\"width\":1920,\"height\":450},{\"@type\":\"BreadcrumbList\",\"@id\":\"https:\/\/www.kontinenzzentrum.ch\/en\/diagnosis-und-treatment\/prostate-surgery\/bipolar-prostate-enucleation.html#breadcrumb\",\"itemListElement\":[{\"@type\":\"ListItem\",\"position\":1,\"name\":\"Startseite\",\"item\":\"https:\/\/www.kontinenzzentrum.ch\/en\"},{\"@type\":\"ListItem\",\"position\":2,\"name\":\"Diagnosis &#038; Treatment\",\"item\":\"https:\/\/www.kontinenzzentrum.ch\/en\/diagnosis-und-treatment.html\"},{\"@type\":\"ListItem\",\"position\":3,\"name\":\"Prostate Surgery\",\"item\":\"https:\/\/www.kontinenzzentrum.ch\/en\/diagnosis-und-treatment\/prostate-surgery.html\"},{\"@type\":\"ListItem\",\"position\":4,\"name\":\"Bipolar prostate enucleation\"}]},{\"@type\":\"WebSite\",\"@id\":\"https:\/\/www.kontinenzzentrum.ch\/de\/#website\",\"url\":\"https:\/\/www.kontinenzzentrum.ch\/de\/\",\"name\":\"KontinenzZentrum Hirslanden Z\u00fcrich\",\"description\":\"KontinenzZentrum Hirslanden Z\u00fcrich: Blasenst\u00f6rungen & Inkontinenz\",\"publisher\":{\"@id\":\"https:\/\/www.kontinenzzentrum.ch\/de\/#organization\"},\"potentialAction\":[{\"@type\":\"SearchAction\",\"target\":{\"@type\":\"EntryPoint\",\"urlTemplate\":\"https:\/\/www.kontinenzzentrum.ch\/de\/?s={search_term_string}\"},\"query-input\":{\"@type\":\"PropertyValueSpecification\",\"valueRequired\":true,\"valueName\":\"search_term_string\"}}],\"inLanguage\":\"en-GB\"},{\"@type\":\"Organization\",\"@id\":\"https:\/\/www.kontinenzzentrum.ch\/de\/#organization\",\"name\":\"KontinenzZentrum Hirslanden Z\u00fcrich\",\"url\":\"https:\/\/www.kontinenzzentrum.ch\/de\/\",\"logo\":{\"@type\":\"ImageObject\",\"inLanguage\":\"en-GB\",\"@id\":\"https:\/\/www.kontinenzzentrum.ch\/de\/#\/schema\/logo\/image\/\",\"url\":\"https:\/\/www.kontinenzzentrum.ch\/wp-content\/uploads\/Logo_KontinenzZentrum.png\",\"contentUrl\":\"https:\/\/www.kontinenzzentrum.ch\/wp-content\/uploads\/Logo_KontinenzZentrum.png\",\"width\":800,\"height\":142,\"caption\":\"KontinenzZentrum Hirslanden Z\u00fcrich\"},\"image\":{\"@id\":\"https:\/\/www.kontinenzzentrum.ch\/de\/#\/schema\/logo\/image\/\"}}]}<\/script>\n<!-- \/ Yoast SEO plugin. -->","yoast_head_json":{"title":"Bipolar Prostate Enucleation | Continence Center Hirslanden Zurich","description":"Bipolar prostate enucleation (prostate excision) is a surgical procedure for benign prostate enlargement. Our specialists will inform you!","robots":{"index":"index","follow":"follow","max-snippet":"max-snippet:-1","max-image-preview":"max-image-preview:large","max-video-preview":"max-video-preview:-1"},"canonical":"https:\/\/www.kontinenzzentrum.ch\/en\/diagnosis-und-treatment\/prostate-surgery\/bipolar-prostate-enucleation.html","og_locale":"en_GB","og_type":"article","og_title":"Bipolar Prostate Enucleation | Continence Center Hirslanden Zurich","og_description":"Bipolar prostate enucleation (prostate excision) is a surgical procedure for benign prostate enlargement. Our specialists will inform you!","og_url":"https:\/\/www.kontinenzzentrum.ch\/en\/diagnosis-und-treatment\/prostate-surgery\/bipolar-prostate-enucleation.html","og_site_name":"KontinenzZentrum","article_modified_time":"2026-03-19T14:27:16+00:00","og_image":[{"width":1920,"height":450,"url":"https:\/\/www.kontinenzzentrum.ch\/wp-content\/uploads\/untersuchung-op-prostata-9652.jpeg","type":"image\/jpeg"}],"twitter_card":"summary_large_image","twitter_misc":{"Estimated reading time":"7 minutes"},"schema":{"@context":"https:\/\/schema.org","@graph":[{"@type":"WebPage","@id":"https:\/\/www.kontinenzzentrum.ch\/en\/diagnosis-und-treatment\/prostate-surgery\/bipolar-prostate-enucleation.html","url":"https:\/\/www.kontinenzzentrum.ch\/en\/diagnosis-und-treatment\/prostate-surgery\/bipolar-prostate-enucleation.html","name":"Bipolar Prostate Enucleation | Continence Center Hirslanden Zurich","isPartOf":{"@id":"https:\/\/www.kontinenzzentrum.ch\/de\/#website"},"primaryImageOfPage":{"@id":"https:\/\/www.kontinenzzentrum.ch\/en\/diagnosis-und-treatment\/prostate-surgery\/bipolar-prostate-enucleation.html#primaryimage"},"image":{"@id":"https:\/\/www.kontinenzzentrum.ch\/en\/diagnosis-und-treatment\/prostate-surgery\/bipolar-prostate-enucleation.html#primaryimage"},"thumbnailUrl":"https:\/\/www.kontinenzzentrum.ch\/wp-content\/uploads\/untersuchung-op-prostata-9652.jpeg","datePublished":"2023-03-03T15:33:39+00:00","dateModified":"2026-03-19T14:27:16+00:00","description":"Bipolar prostate enucleation (prostate excision) is a surgical procedure for benign prostate enlargement. Our specialists will inform you!","breadcrumb":{"@id":"https:\/\/www.kontinenzzentrum.ch\/en\/diagnosis-und-treatment\/prostate-surgery\/bipolar-prostate-enucleation.html#breadcrumb"},"inLanguage":"en-GB","potentialAction":[{"@type":"ReadAction","target":["https:\/\/www.kontinenzzentrum.ch\/en\/diagnosis-und-treatment\/prostate-surgery\/bipolar-prostate-enucleation.html"]}]},{"@type":"ImageObject","inLanguage":"en-GB","@id":"https:\/\/www.kontinenzzentrum.ch\/en\/diagnosis-und-treatment\/prostate-surgery\/bipolar-prostate-enucleation.html#primaryimage","url":"https:\/\/www.kontinenzzentrum.ch\/wp-content\/uploads\/untersuchung-op-prostata-9652.jpeg","contentUrl":"https:\/\/www.kontinenzzentrum.ch\/wp-content\/uploads\/untersuchung-op-prostata-9652.jpeg","width":1920,"height":450},{"@type":"BreadcrumbList","@id":"https:\/\/www.kontinenzzentrum.ch\/en\/diagnosis-und-treatment\/prostate-surgery\/bipolar-prostate-enucleation.html#breadcrumb","itemListElement":[{"@type":"ListItem","position":1,"name":"Startseite","item":"https:\/\/www.kontinenzzentrum.ch\/en"},{"@type":"ListItem","position":2,"name":"Diagnosis &#038; Treatment","item":"https:\/\/www.kontinenzzentrum.ch\/en\/diagnosis-und-treatment.html"},{"@type":"ListItem","position":3,"name":"Prostate Surgery","item":"https:\/\/www.kontinenzzentrum.ch\/en\/diagnosis-und-treatment\/prostate-surgery.html"},{"@type":"ListItem","position":4,"name":"Bipolar prostate enucleation"}]},{"@type":"WebSite","@id":"https:\/\/www.kontinenzzentrum.ch\/de\/#website","url":"https:\/\/www.kontinenzzentrum.ch\/de\/","name":"KontinenzZentrum Hirslanden Z\u00fcrich","description":"KontinenzZentrum Hirslanden Z\u00fcrich: Blasenst\u00f6rungen & Inkontinenz","publisher":{"@id":"https:\/\/www.kontinenzzentrum.ch\/de\/#organization"},"potentialAction":[{"@type":"SearchAction","target":{"@type":"EntryPoint","urlTemplate":"https:\/\/www.kontinenzzentrum.ch\/de\/?s={search_term_string}"},"query-input":{"@type":"PropertyValueSpecification","valueRequired":true,"valueName":"search_term_string"}}],"inLanguage":"en-GB"},{"@type":"Organization","@id":"https:\/\/www.kontinenzzentrum.ch\/de\/#organization","name":"KontinenzZentrum Hirslanden Z\u00fcrich","url":"https:\/\/www.kontinenzzentrum.ch\/de\/","logo":{"@type":"ImageObject","inLanguage":"en-GB","@id":"https:\/\/www.kontinenzzentrum.ch\/de\/#\/schema\/logo\/image\/","url":"https:\/\/www.kontinenzzentrum.ch\/wp-content\/uploads\/Logo_KontinenzZentrum.png","contentUrl":"https:\/\/www.kontinenzzentrum.ch\/wp-content\/uploads\/Logo_KontinenzZentrum.png","width":800,"height":142,"caption":"KontinenzZentrum Hirslanden Z\u00fcrich"},"image":{"@id":"https:\/\/www.kontinenzzentrum.ch\/de\/#\/schema\/logo\/image\/"}}]}},"_links":{"self":[{"href":"https:\/\/www.kontinenzzentrum.ch\/en\/wp-json\/wp\/v2\/pages\/4858","targetHints":{"allow":["GET"]}}],"collection":[{"href":"https:\/\/www.kontinenzzentrum.ch\/en\/wp-json\/wp\/v2\/pages"}],"about":[{"href":"https:\/\/www.kontinenzzentrum.ch\/en\/wp-json\/wp\/v2\/types\/page"}],"author":[{"embeddable":true,"href":"https:\/\/www.kontinenzzentrum.ch\/en\/wp-json\/wp\/v2\/users\/1"}],"replies":[{"embeddable":true,"href":"https:\/\/www.kontinenzzentrum.ch\/en\/wp-json\/wp\/v2\/comments?post=4858"}],"version-history":[{"count":11,"href":"https:\/\/www.kontinenzzentrum.ch\/en\/wp-json\/wp\/v2\/pages\/4858\/revisions"}],"predecessor-version":[{"id":4869,"href":"https:\/\/www.kontinenzzentrum.ch\/en\/wp-json\/wp\/v2\/pages\/4858\/revisions\/4869"}],"up":[{"embeddable":true,"href":"https:\/\/www.kontinenzzentrum.ch\/en\/wp-json\/wp\/v2\/pages\/4311"}],"wp:featuredmedia":[{"embeddable":true,"href":"https:\/\/www.kontinenzzentrum.ch\/en\/wp-json\/wp\/v2\/media\/1208"}],"wp:attachment":[{"href":"https:\/\/www.kontinenzzentrum.ch\/en\/wp-json\/wp\/v2\/media?parent=4858"}],"curies":[{"name":"wp","href":"https:\/\/api.w.org\/{rel}","templated":true}]}}