{"id":4889,"date":"2023-03-06T10:44:55","date_gmt":"2023-03-06T09:44:55","guid":{"rendered":"https:\/\/www.kontinenzzentrum.ch\/diagnosis-und-treatment\/prostate-surgery\/ejaculation-preserving-prostate-resection.html"},"modified":"2026-04-24T11:41:14","modified_gmt":"2026-04-24T09:41:14","slug":"ejaculation-preserving-prostate-resection","status":"publish","type":"page","link":"https:\/\/www.kontinenzzentrum.ch\/en\/diagnosis-und-treatment\/prostate-surgery\/ejaculation-preserving-prostate-resection.html","title":{"rendered":"Ejaculation-preserving prostate resection"},"content":{"rendered":"<div id=\"pl-4889\"  class=\"panel-layout\" ><div id=\"pg-4889-0\"  class=\"panel-grid panel-no-style\" ><div id=\"pgc-4889-0-0\"  class=\"panel-grid-cell\" ><div id=\"panel-4889-0-0-0\" class=\"so-panel widget widget_sow-editor panel-first-child\" data-index=\"0\" ><div\n\t\t\t\n\t\t\tclass=\"so-widget-sow-editor so-widget-sow-editor-base\"\n\t\t\t\n\t\t>\n<div class=\"siteorigin-widget-tinymce textwidget\">\n\t<h1>Ejaculation-preserving prostate resection<\/h1>\n<h2>Surgical technique to preserve ejaculation<\/h2>\n<p><img decoding=\"async\" class=\"alignright\" title=\"\" src=\"https:\/\/www.kontinenzzentrum.ch\/wp-content\/uploads\/vaporisation.png\" alt=\"\" width=\"404\" height=\"240\" \/>After <a href=\"https:\/\/www.kontinenzzentrum.ch\/en\/diagnosis-und-treatment\/prostate-surgery.html\">prostate surgery<\/a> for <a title=\"Benign enlargement of the prostate (benign prostatic hyperplasia)\" href=\"https:\/\/www.kontinenzzentrum.ch\/en\/diseases\/bladder-dysfunction\/benign-prostate-enlargement.html\">benign prostate enlargement<\/a>, erections and orgasms are usually maintained, but the ability to <strong>ejaculate<\/strong> is almost always lost.<\/p>\n<p>In patients with an enlarged prostate requiring surgery, a special surgical technique can be used if there is a desire to preserve the ability to ejaculate. This is the so-called <strong>ejaculation-protective transurethral resection of the prostate (also known as \"ejaculation-preserving prostate resection\" or \"ejaculation-preserving TUR-P\")<\/strong> and the bladder neck. This surgical technique preserves the ability to ejaculate normally in almost all men who have undergone surgery.<\/p>\n<p>The specialists at our <a title=\"Hirslanden Continence Center\" href=\"\/en\">Continence Center in Hirslanden<\/a> (Zurich) will be happy to inform you about this special <strong>prostate operation to preserve the ability to ejaculate<\/strong> as well as other treatment and clarification options for benign prostate enlargement.<\/p>\n<\/div>\n<\/div><\/div><div id=\"panel-4889-0-0-1\" class=\"so-panel widget widget_fn-info-box-widget\" data-index=\"1\" ><div\n\t\t\t\n\t\t\tclass=\"so-widget-fn-info-box-widget so-widget-fn-info-box-widget-base\"\n\t\t\t\n\t\t><div class=\"uk-child-width-1-1 uk-grid-match\" uk-grid><div>\n        <div class=\"fn-info-box-title\">\n          <div class=\"uk-grid-small\" uk-grid>            <div class=\"uk-width-auto\"><img decoding=\"async\" src=\"https:\/\/www.kontinenzzentrum.ch\/wp-content\/uploads\/ICON_kontakt.svg\" class=\"attachment-small size-small\" alt=\"\" \/>            <\/div>            <div class=\"uk-width-expand\">\n              <h4 class=\"uk-h3\">Find out more about prostate resection and maintaining the ability to ejaculate after prostate surgery<\/h4>\n            <\/div>\n          <\/div>\n        <\/div>\n        <div class=\"fn-info-box-content\">\n              <p><strong>Contact us<\/strong> for a consultation! We will be happy to inform you about your individual assessment and treatment options, about <strong>ejaculation-preserving prostate resection<\/strong> and about <strong>ejaculation after prostate surgery<\/strong>. You can reach our center (KontinenzZentrum Hirslanden) in Zurich by telephone. Our clinic is open from Monday to Friday between 8 am and 5 pm.   <\/p>\n<p><div class=\"uk-flex uk-child-width-auto uk-grid-small\" uk-grid><div><a class=\"uk-button uk-button-primary\" href=\"tel:+41443872910\"><i class=\"fas fa-phone-alt uk-margin-small-right\"><\/i>+41 44 387 29 10<\/a><\/div><div><a class=\"uk-button uk-button-primary\" href=\"https:\/\/www.kontinenzzentrum.ch\/en\/about-us\/appointment.html\"><i class=\"fas fa-comments uk-margin-small-right\"><\/i>Book an Appointment Online<\/a><\/div><\/div><\/p>\n        <\/div>\n      <\/div><\/div><\/div><\/div><div id=\"panel-4889-0-0-2\" class=\"so-panel widget widget_sow-editor\" data-index=\"2\" ><div\n\t\t\t\n\t\t\tclass=\"so-widget-sow-editor so-widget-sow-editor-base\"\n\t\t\t\n\t\t>\n<div class=\"siteorigin-widget-tinymce textwidget\">\n\t<h3>Reasons why ejaculation is no longer possible after certain prostate operations (TURP)<\/h3>\n<p>The prostate, also known as the prostate gland, is a chestnut-sized organ in the center of the male urinary and sexual tract. It lies below the bladder and surrounds the urethra. The prostate consists mainly of glandular tissue, which produces prostate secretions. This makes up the majority of seminal fluid.<\/p>\n<p>In the case of benign prostate enlargement, the inner tissue of the prostate grows and then presses on the urethra and bladder. As a result, the patient may have difficulty emptying the bladder and even suffer from <a title=\"Incontinence - types, causes and treatment\" href=\"https:\/\/www.kontinenzzentrum.ch\/en\/competence\/incontinence.html\">incontinence<\/a> (involuntary loss of urine).<\/p>\n<p>During prostate surgery - such as the <a title=\"TURP prostate surgery\" href=\"https:\/\/www.kontinenzzentrum.ch\/en\/diagnosis-und-treatment\/prostate-surgery\/turp.html\">TURP procedure<\/a> or using the <a title=\"Da Vinci method for the treatment of prostate enlargement\" href=\"https:\/\/www.kontinenzzentrum.ch\/en\/diagnosis-und-treatment\/prostate-surgery\/da-vinci-surgery-for-benign-enlarged-prostate.html\">Da Vinci method to treat a benignly enlarged prostate<\/a> - the inner glandular tissue is usually removed completely. The prostate can then no longer produce secretions - <strong>the ability to ejaculate is lost after prostate surgery<\/strong>. This is known as <strong><span class=\"notion-enable-hover\" data-token-index=\"1\">retrograde ejaculation after TURP<\/span> <\/strong>(also called <span class=\"notion-enable-hover\" data-token-index=\"3\">dry ejaculation after TURP<\/span>), where semen flows backwards into the bladder instead of being expelled normally.<\/p>\n<p>Even with a radical prostatectomy, i.e. the complete removal of the prostate to treat prostate cancer, the ability to ejaculate is lost after prostate surgery.<\/p>\n<h3>Requirements to be able to maintain ejaculation after prostate surgery<\/h3>\n<p>Whether a man is suitable for a sperm-retention prostate operation must be clarified in detail by his doctor before the procedure and discussed in detail. In a very advanced stage of prostate enlargement or if complications have already occurred, this technique is not recommended.<\/p>\n<h3>Ejaculation-preserving prostate resection \u2013 procedure and special features<\/h3>\n<p><img decoding=\"async\" class=\"alignright\" title=\"Man in hospital with doctor after successful prostate resection\" src=\"https:\/\/www.kontinenzzentrum.ch\/wp-content\/uploads\/untersuchung-operation-harnroehre-10221-txt.jpeg\" alt=\"Man in hospital with doctor after successful prostate resection\" width=\"462\" height=\"359\" \/><strong>Ejaculation-preserving prostate resection<\/strong> can be performed under general anesthesia or spinal anesthesia. During the procedure, an optical instrument (resectoscope) and an electric snare are inserted via the urethra (transurethrally). The snare is used to remove the enlarged tissue inside the prostate. During the scraping procedure, not all of the inner tissue is removed, but a part near the seminal mound is retained. Following the operation, a permanent catheter with an irrigation fluid is inserted. This is used to flush the bladder and is removed three to five days later before the patient is discharged from hospital. Bladder emptying is then possible again without interruption. <strong><span class=\"notion-enable-hover\" data-token-index=\"0\">Ejaculation after TURP<\/span><\/strong> is possible again a few weeks after the operation \u2013 a key advantage of this technique compared to conventional methods, where <span class=\"notion-enable-hover\" data-token-index=\"2\">TURP and ejaculation<\/span> are generally incompatible. <span class=\"notion-enable-hover\" data-token-index=\"1\">Beyond ejaculation, many patients also wonder: how soon after TURP surgery can you have sex?<\/span> In most cases, sexual activity can be resumed approximately four to six weeks after the procedure, once healing is complete.<\/p>\n<p>The <strong>sperm ejaculation-preserving surgical technique of ejaculation-protective transurethral prostate resection<\/strong> requires detailed knowledge of the mechanisms underlying ejaculation. The method is based on the preservation of certain parts of the prostate tissue above and next to the seminal mound. This allows the prostate to continue to produce the secretion that is important for ejaculation. Studies show that this technique preserves the ability to ejaculate in nine out of ten men who have undergone surgery.<\/p>\n<\/div>\n<\/div><\/div><div id=\"panel-4889-0-0-3\" class=\"so-panel widget widget_fn-info-box-widget panel-last-child\" data-index=\"3\" ><div\n\t\t\t\n\t\t\tclass=\"so-widget-fn-info-box-widget so-widget-fn-info-box-widget-base\"\n\t\t\t\n\t\t><div class=\"uk-child-width-1-1 uk-grid-match\" uk-grid><div>\n        <div class=\"fn-info-box-title\">\n          <div class=\"uk-grid-small\" uk-grid>            <div class=\"uk-width-auto\"><img decoding=\"async\" src=\"https:\/\/www.kontinenzzentrum.ch\/wp-content\/uploads\/ICON_info.svg\" class=\"attachment-small size-small\" alt=\"\" \/>            <\/div>            <div class=\"uk-width-expand\">\n              <h4 class=\"uk-h3\">Important information on long-term progression and cancer prevention<\/h4>\n            <\/div>\n          <\/div>\n        <\/div>\n        <div class=\"fn-info-box-content\">\n              <p>As <strong>ejaculation-preserving prostate resection<\/strong> leaves more prostate tissue in the body, which can grow again and lead to discomfort, some men will need a repeat procedure after several years in the long term. The relief of prostate-related bladder problems after the operation is comparable to the conventional TUR-P surgical method.<\/p>\n<p>During prostate resection, only the inner tissue of the prostate is removed. As prostate cancer prefers to affect the outer prostate envelope, the risk of cancer remains. For this reason, men should continue to attend regular cancer screening appointments with their urologist after prostate surgery.<\/p>\n        <\/div>\n      <\/div><div>\n        <div class=\"fn-info-box-title\">\n          <div class=\"uk-grid-small\" uk-grid>            <div class=\"uk-width-auto\"><img decoding=\"async\" src=\"https:\/\/www.kontinenzzentrum.ch\/wp-content\/uploads\/ICON_kontakt.svg\" class=\"attachment-small size-small\" alt=\"\" \/>            <\/div>            <div class=\"uk-width-expand\">\n              <h4 class=\"uk-h3\">Find out more about prostate resection and preserving the ability to ejaculate following prostate surgery<\/h4>\n            <\/div>\n          <\/div>\n        <\/div>\n        <div class=\"fn-info-box-content\">\n              <p><strong>Contact us for a consultation<\/strong>! We would be happy to discuss your individual diagnostic and treatment options, <strong>prostate resection with preservation of ejaculation<\/strong>, and the topic of <strong>ejaculation following prostate surgery<\/strong>. You can contact our centre (Hirslanden Continence Centre) in Zurich by telephone. Our clinic is open Monday to Friday from 8 am to 5 pm.<\/p>\n<p><div class=\"uk-flex uk-child-width-auto uk-grid-small\" uk-grid><div><a class=\"uk-button uk-button-primary\" href=\"tel:+41443872910\"><i class=\"fas fa-phone-alt uk-margin-small-right\"><\/i>+41 44 387 29 10<\/a><\/div><div><a class=\"uk-button uk-button-primary\" href=\"https:\/\/www.kontinenzzentrum.ch\/en\/about-us\/appointment.html\"><i class=\"fas fa-comments uk-margin-small-right\"><\/i>Book an Appointment Online<\/a><\/div><\/div><\/p>\n        <\/div>\n      <\/div><\/div><\/div><\/div><\/div><\/div><\/div>","protected":false},"excerpt":{"rendered":"<p>Ejaculation-preserving prostate resection Surgical technique to preserve ejaculation After prostate surgery for benign prostate enlargement, erections and orgasms are usually maintained, but the ability to ejaculate is almost always lost. In patients with an enlarged prostate requiring surgery, a special surgical technique can be used if there is a desire to preserve the ability to [&hellip;]<\/p>\n","protected":false},"author":1,"featured_media":1208,"parent":4311,"menu_order":0,"comment_status":"closed","ping_status":"closed","template":"","meta":{"_acf_changed":false,"footnotes":""},"class_list":["post-4889","page","type-page","status-publish","has-post-thumbnail","hentry"],"acf":[],"yoast_head":"<!-- This site is optimized with the Yoast SEO plugin v26.9 - https:\/\/yoast.com\/product\/yoast-seo-wordpress\/ -->\n<title>Ejaculation-preserving prostate resection | KontinenzZentrum<\/title>\n<meta name=\"description\" content=\"The ability to ejaculate often disappears after prostate surgery. Ejaculation-preserving prostate resection can preserve this. We will be happy to advise you.\" \/>\n<meta name=\"robots\" content=\"index, follow, max-snippet:-1, max-image-preview:large, max-video-preview:-1\" \/>\n<link rel=\"canonical\" href=\"https:\/\/www.kontinenzzentrum.ch\/en\/diagnosis-und-treatment\/prostate-surgery\/ejaculation-preserving-prostate-resection.html\" \/>\n<meta property=\"og:locale\" content=\"en_GB\" \/>\n<meta property=\"og:type\" content=\"article\" \/>\n<meta property=\"og:title\" content=\"Ejaculation-preserving prostate resection | KontinenzZentrum\" \/>\n<meta property=\"og:description\" content=\"The ability to ejaculate often disappears after prostate surgery. Ejaculation-preserving prostate resection can preserve this. We will be happy to advise you.\" \/>\n<meta property=\"og:url\" content=\"https:\/\/www.kontinenzzentrum.ch\/en\/diagnosis-und-treatment\/prostate-surgery\/ejaculation-preserving-prostate-resection.html\" \/>\n<meta property=\"og:site_name\" content=\"KontinenzZentrum\" \/>\n<meta property=\"article:modified_time\" content=\"2026-04-24T09:41:14+00:00\" \/>\n<meta property=\"og:image\" content=\"https:\/\/www.kontinenzzentrum.ch\/wp-content\/uploads\/untersuchung-op-prostata-9652.jpeg\" \/>\n\t<meta property=\"og:image:width\" content=\"1920\" \/>\n\t<meta property=\"og:image:height\" content=\"450\" \/>\n\t<meta property=\"og:image:type\" content=\"image\/jpeg\" \/>\n<meta name=\"twitter:card\" content=\"summary_large_image\" \/>\n<meta name=\"twitter:label1\" content=\"Estimated reading time\" \/>\n\t<meta name=\"twitter:data1\" content=\"7 minutes\" \/>\n<script type=\"application\/ld+json\" class=\"yoast-schema-graph\">{\"@context\":\"https:\/\/schema.org\",\"@graph\":[{\"@type\":\"WebPage\",\"@id\":\"https:\/\/www.kontinenzzentrum.ch\/en\/diagnosis-und-treatment\/prostate-surgery\/ejaculation-preserving-prostate-resection.html\",\"url\":\"https:\/\/www.kontinenzzentrum.ch\/en\/diagnosis-und-treatment\/prostate-surgery\/ejaculation-preserving-prostate-resection.html\",\"name\":\"Ejaculation-preserving prostate resection | KontinenzZentrum\",\"isPartOf\":{\"@id\":\"https:\/\/www.kontinenzzentrum.ch\/de\/#website\"},\"primaryImageOfPage\":{\"@id\":\"https:\/\/www.kontinenzzentrum.ch\/en\/diagnosis-und-treatment\/prostate-surgery\/ejaculation-preserving-prostate-resection.html#primaryimage\"},\"image\":{\"@id\":\"https:\/\/www.kontinenzzentrum.ch\/en\/diagnosis-und-treatment\/prostate-surgery\/ejaculation-preserving-prostate-resection.html#primaryimage\"},\"thumbnailUrl\":\"https:\/\/www.kontinenzzentrum.ch\/wp-content\/uploads\/untersuchung-op-prostata-9652.jpeg\",\"datePublished\":\"2023-03-06T09:44:55+00:00\",\"dateModified\":\"2026-04-24T09:41:14+00:00\",\"description\":\"The ability to ejaculate often disappears after prostate surgery. Ejaculation-preserving prostate resection can preserve this. We will be happy to advise you.\",\"breadcrumb\":{\"@id\":\"https:\/\/www.kontinenzzentrum.ch\/en\/diagnosis-und-treatment\/prostate-surgery\/ejaculation-preserving-prostate-resection.html#breadcrumb\"},\"inLanguage\":\"en-GB\",\"potentialAction\":[{\"@type\":\"ReadAction\",\"target\":[\"https:\/\/www.kontinenzzentrum.ch\/en\/diagnosis-und-treatment\/prostate-surgery\/ejaculation-preserving-prostate-resection.html\"]}]},{\"@type\":\"ImageObject\",\"inLanguage\":\"en-GB\",\"@id\":\"https:\/\/www.kontinenzzentrum.ch\/en\/diagnosis-und-treatment\/prostate-surgery\/ejaculation-preserving-prostate-resection.html#primaryimage\",\"url\":\"https:\/\/www.kontinenzzentrum.ch\/wp-content\/uploads\/untersuchung-op-prostata-9652.jpeg\",\"contentUrl\":\"https:\/\/www.kontinenzzentrum.ch\/wp-content\/uploads\/untersuchung-op-prostata-9652.jpeg\",\"width\":1920,\"height\":450},{\"@type\":\"BreadcrumbList\",\"@id\":\"https:\/\/www.kontinenzzentrum.ch\/en\/diagnosis-und-treatment\/prostate-surgery\/ejaculation-preserving-prostate-resection.html#breadcrumb\",\"itemListElement\":[{\"@type\":\"ListItem\",\"position\":1,\"name\":\"Startseite\",\"item\":\"https:\/\/www.kontinenzzentrum.ch\/en\"},{\"@type\":\"ListItem\",\"position\":2,\"name\":\"Diagnosis &#038; Treatment\",\"item\":\"https:\/\/www.kontinenzzentrum.ch\/en\/diagnosis-und-treatment.html\"},{\"@type\":\"ListItem\",\"position\":3,\"name\":\"Prostate Surgery\",\"item\":\"https:\/\/www.kontinenzzentrum.ch\/en\/diagnosis-und-treatment\/prostate-surgery.html\"},{\"@type\":\"ListItem\",\"position\":4,\"name\":\"Ejaculation-preserving prostate resection\"}]},{\"@type\":\"WebSite\",\"@id\":\"https:\/\/www.kontinenzzentrum.ch\/de\/#website\",\"url\":\"https:\/\/www.kontinenzzentrum.ch\/de\/\",\"name\":\"KontinenzZentrum Hirslanden Z\u00fcrich\",\"description\":\"KontinenzZentrum Hirslanden Z\u00fcrich: Blasenst\u00f6rungen & Inkontinenz\",\"publisher\":{\"@id\":\"https:\/\/www.kontinenzzentrum.ch\/de\/#organization\"},\"potentialAction\":[{\"@type\":\"SearchAction\",\"target\":{\"@type\":\"EntryPoint\",\"urlTemplate\":\"https:\/\/www.kontinenzzentrum.ch\/de\/?s={search_term_string}\"},\"query-input\":{\"@type\":\"PropertyValueSpecification\",\"valueRequired\":true,\"valueName\":\"search_term_string\"}}],\"inLanguage\":\"en-GB\"},{\"@type\":\"Organization\",\"@id\":\"https:\/\/www.kontinenzzentrum.ch\/de\/#organization\",\"name\":\"KontinenzZentrum Hirslanden Z\u00fcrich\",\"url\":\"https:\/\/www.kontinenzzentrum.ch\/de\/\",\"logo\":{\"@type\":\"ImageObject\",\"inLanguage\":\"en-GB\",\"@id\":\"https:\/\/www.kontinenzzentrum.ch\/de\/#\/schema\/logo\/image\/\",\"url\":\"https:\/\/www.kontinenzzentrum.ch\/wp-content\/uploads\/Logo_KontinenzZentrum.png\",\"contentUrl\":\"https:\/\/www.kontinenzzentrum.ch\/wp-content\/uploads\/Logo_KontinenzZentrum.png\",\"width\":800,\"height\":142,\"caption\":\"KontinenzZentrum Hirslanden Z\u00fcrich\"},\"image\":{\"@id\":\"https:\/\/www.kontinenzzentrum.ch\/de\/#\/schema\/logo\/image\/\"}}]}<\/script>\n<!-- \/ Yoast SEO plugin. -->","yoast_head_json":{"title":"Ejaculation-preserving prostate resection | KontinenzZentrum","description":"The ability to ejaculate often disappears after prostate surgery. Ejaculation-preserving prostate resection can preserve this. We will be happy to advise you.","robots":{"index":"index","follow":"follow","max-snippet":"max-snippet:-1","max-image-preview":"max-image-preview:large","max-video-preview":"max-video-preview:-1"},"canonical":"https:\/\/www.kontinenzzentrum.ch\/en\/diagnosis-und-treatment\/prostate-surgery\/ejaculation-preserving-prostate-resection.html","og_locale":"en_GB","og_type":"article","og_title":"Ejaculation-preserving prostate resection | KontinenzZentrum","og_description":"The ability to ejaculate often disappears after prostate surgery. Ejaculation-preserving prostate resection can preserve this. We will be happy to advise you.","og_url":"https:\/\/www.kontinenzzentrum.ch\/en\/diagnosis-und-treatment\/prostate-surgery\/ejaculation-preserving-prostate-resection.html","og_site_name":"KontinenzZentrum","article_modified_time":"2026-04-24T09:41:14+00:00","og_image":[{"width":1920,"height":450,"url":"https:\/\/www.kontinenzzentrum.ch\/wp-content\/uploads\/untersuchung-op-prostata-9652.jpeg","type":"image\/jpeg"}],"twitter_card":"summary_large_image","twitter_misc":{"Estimated reading time":"7 minutes"},"schema":{"@context":"https:\/\/schema.org","@graph":[{"@type":"WebPage","@id":"https:\/\/www.kontinenzzentrum.ch\/en\/diagnosis-und-treatment\/prostate-surgery\/ejaculation-preserving-prostate-resection.html","url":"https:\/\/www.kontinenzzentrum.ch\/en\/diagnosis-und-treatment\/prostate-surgery\/ejaculation-preserving-prostate-resection.html","name":"Ejaculation-preserving prostate resection | KontinenzZentrum","isPartOf":{"@id":"https:\/\/www.kontinenzzentrum.ch\/de\/#website"},"primaryImageOfPage":{"@id":"https:\/\/www.kontinenzzentrum.ch\/en\/diagnosis-und-treatment\/prostate-surgery\/ejaculation-preserving-prostate-resection.html#primaryimage"},"image":{"@id":"https:\/\/www.kontinenzzentrum.ch\/en\/diagnosis-und-treatment\/prostate-surgery\/ejaculation-preserving-prostate-resection.html#primaryimage"},"thumbnailUrl":"https:\/\/www.kontinenzzentrum.ch\/wp-content\/uploads\/untersuchung-op-prostata-9652.jpeg","datePublished":"2023-03-06T09:44:55+00:00","dateModified":"2026-04-24T09:41:14+00:00","description":"The ability to ejaculate often disappears after prostate surgery. Ejaculation-preserving prostate resection can preserve this. We will be happy to advise you.","breadcrumb":{"@id":"https:\/\/www.kontinenzzentrum.ch\/en\/diagnosis-und-treatment\/prostate-surgery\/ejaculation-preserving-prostate-resection.html#breadcrumb"},"inLanguage":"en-GB","potentialAction":[{"@type":"ReadAction","target":["https:\/\/www.kontinenzzentrum.ch\/en\/diagnosis-und-treatment\/prostate-surgery\/ejaculation-preserving-prostate-resection.html"]}]},{"@type":"ImageObject","inLanguage":"en-GB","@id":"https:\/\/www.kontinenzzentrum.ch\/en\/diagnosis-und-treatment\/prostate-surgery\/ejaculation-preserving-prostate-resection.html#primaryimage","url":"https:\/\/www.kontinenzzentrum.ch\/wp-content\/uploads\/untersuchung-op-prostata-9652.jpeg","contentUrl":"https:\/\/www.kontinenzzentrum.ch\/wp-content\/uploads\/untersuchung-op-prostata-9652.jpeg","width":1920,"height":450},{"@type":"BreadcrumbList","@id":"https:\/\/www.kontinenzzentrum.ch\/en\/diagnosis-und-treatment\/prostate-surgery\/ejaculation-preserving-prostate-resection.html#breadcrumb","itemListElement":[{"@type":"ListItem","position":1,"name":"Startseite","item":"https:\/\/www.kontinenzzentrum.ch\/en"},{"@type":"ListItem","position":2,"name":"Diagnosis &#038; Treatment","item":"https:\/\/www.kontinenzzentrum.ch\/en\/diagnosis-und-treatment.html"},{"@type":"ListItem","position":3,"name":"Prostate Surgery","item":"https:\/\/www.kontinenzzentrum.ch\/en\/diagnosis-und-treatment\/prostate-surgery.html"},{"@type":"ListItem","position":4,"name":"Ejaculation-preserving prostate resection"}]},{"@type":"WebSite","@id":"https:\/\/www.kontinenzzentrum.ch\/de\/#website","url":"https:\/\/www.kontinenzzentrum.ch\/de\/","name":"KontinenzZentrum Hirslanden Z\u00fcrich","description":"KontinenzZentrum Hirslanden Z\u00fcrich: Blasenst\u00f6rungen & Inkontinenz","publisher":{"@id":"https:\/\/www.kontinenzzentrum.ch\/de\/#organization"},"potentialAction":[{"@type":"SearchAction","target":{"@type":"EntryPoint","urlTemplate":"https:\/\/www.kontinenzzentrum.ch\/de\/?s={search_term_string}"},"query-input":{"@type":"PropertyValueSpecification","valueRequired":true,"valueName":"search_term_string"}}],"inLanguage":"en-GB"},{"@type":"Organization","@id":"https:\/\/www.kontinenzzentrum.ch\/de\/#organization","name":"KontinenzZentrum Hirslanden Z\u00fcrich","url":"https:\/\/www.kontinenzzentrum.ch\/de\/","logo":{"@type":"ImageObject","inLanguage":"en-GB","@id":"https:\/\/www.kontinenzzentrum.ch\/de\/#\/schema\/logo\/image\/","url":"https:\/\/www.kontinenzzentrum.ch\/wp-content\/uploads\/Logo_KontinenzZentrum.png","contentUrl":"https:\/\/www.kontinenzzentrum.ch\/wp-content\/uploads\/Logo_KontinenzZentrum.png","width":800,"height":142,"caption":"KontinenzZentrum Hirslanden Z\u00fcrich"},"image":{"@id":"https:\/\/www.kontinenzzentrum.ch\/de\/#\/schema\/logo\/image\/"}}]}},"_links":{"self":[{"href":"https:\/\/www.kontinenzzentrum.ch\/en\/wp-json\/wp\/v2\/pages\/4889","targetHints":{"allow":["GET"]}}],"collection":[{"href":"https:\/\/www.kontinenzzentrum.ch\/en\/wp-json\/wp\/v2\/pages"}],"about":[{"href":"https:\/\/www.kontinenzzentrum.ch\/en\/wp-json\/wp\/v2\/types\/page"}],"author":[{"embeddable":true,"href":"https:\/\/www.kontinenzzentrum.ch\/en\/wp-json\/wp\/v2\/users\/1"}],"replies":[{"embeddable":true,"href":"https:\/\/www.kontinenzzentrum.ch\/en\/wp-json\/wp\/v2\/comments?post=4889"}],"version-history":[{"count":11,"href":"https:\/\/www.kontinenzzentrum.ch\/en\/wp-json\/wp\/v2\/pages\/4889\/revisions"}],"predecessor-version":[{"id":4900,"href":"https:\/\/www.kontinenzzentrum.ch\/en\/wp-json\/wp\/v2\/pages\/4889\/revisions\/4900"}],"up":[{"embeddable":true,"href":"https:\/\/www.kontinenzzentrum.ch\/en\/wp-json\/wp\/v2\/pages\/4311"}],"wp:featuredmedia":[{"embeddable":true,"href":"https:\/\/www.kontinenzzentrum.ch\/en\/wp-json\/wp\/v2\/media\/1208"}],"wp:attachment":[{"href":"https:\/\/www.kontinenzzentrum.ch\/en\/wp-json\/wp\/v2\/media?parent=4889"}],"curies":[{"name":"wp","href":"https:\/\/api.w.org\/{rel}","templated":true}]}}